{"id":25927,"date":"2022-08-23T16:02:33","date_gmt":"2022-08-23T14:02:33","guid":{"rendered":"https:\/\/hundtgroup.com\/produkt\/plochy-uholnik-500x280-mm\/"},"modified":"2025-07-29T12:00:22","modified_gmt":"2025-07-29T10:00:22","slug":"plochy-uholnik-500x280-mm","status":"publish","type":"product","link":"https:\/\/hundtgroup.com\/sk\/produkt\/plochy-uholnik-500x280-mm\/","title":{"rendered":"Ploch\u00fd uholn\u00edk 500&#215;280 mm"},"content":{"rendered":"<p>Na ryhovanie a zarovn\u00e1vanie prav\u00fdch uhlov, leskl\u00fd pozinkovan\u00fd povrch = optim\u00e1lna ochrana proti kor\u00f3zii, leskl\u00fd pozinkovan\u00fd povrch<\/p>\n","protected":false},"excerpt":{"rendered":"<p>Na ryhovanie a zarovn\u00e1vanie prav\u00fdch uhlov, leskl\u00fd pozinkovan\u00fd povrch = optim\u00e1lna ochrana proti kor\u00f3zii, leskl\u00fd pozinkovan\u00fd povrch<\/p>\n","protected":false},"featured_media":25903,"template":"","meta":{"_acf_changed":false,"inline_featured_image":false},"product_cat":[930,2791,2179],"product_tag":[],"class_list":{"0":"post-25927","1":"product","2":"type-product","3":"status-publish","4":"has-post-thumbnail","6":"brand-hundt","7":"product_cat-rucne-naradie","8":"product_cat-uhol","9":"product_cat-meracie-nastroje","11":"first","12":"instock","13":"taxable","14":"shipping-taxable","15":"purchasable","16":"product-type-simple","17":"add-to-wishlist-before_image"},"acf":[],"yoast_head":"<!-- This site is optimized with the Yoast SEO plugin v27.3 - https:\/\/yoast.com\/product\/yoast-seo-wordpress\/ -->\n<title>Ploch\u00fd uholn\u00edk 500x280 mm - Wilhelm Hundt GmbH<\/title>\n<meta name=\"robots\" content=\"index, follow, max-snippet:-1, max-image-preview:large, max-video-preview:-1\" \/>\n<link rel=\"canonical\" href=\"https:\/\/hundtgroup.com\/sk\/produkt\/plochy-uholnik-500x280-mm\/\" \/>\n<meta property=\"og:locale\" content=\"sk_SK\" \/>\n<meta property=\"og:type\" content=\"article\" \/>\n<meta property=\"og:title\" content=\"Ploch\u00fd uholn\u00edk 500x280 mm - Wilhelm Hundt GmbH\" \/>\n<meta property=\"og:description\" content=\"Na ryhovanie a zarovn\u00e1vanie prav\u00fdch uhlov, leskl\u00fd pozinkovan\u00fd povrch = optim\u00e1lna ochrana proti kor\u00f3zii, leskl\u00fd pozinkovan\u00fd povrch\" \/>\n<meta property=\"og:url\" content=\"https:\/\/hundtgroup.com\/sk\/produkt\/plochy-uholnik-500x280-mm\/\" \/>\n<meta property=\"og:site_name\" content=\"Wilhelm Hundt GmbH\" \/>\n<meta property=\"article:modified_time\" content=\"2025-07-29T10:00:22+00:00\" \/>\n<meta property=\"og:image\" content=\"https:\/\/hundtgroup.com\/wp-content\/uploads\/420123.png\" \/>\n\t<meta property=\"og:image:width\" content=\"415\" \/>\n\t<meta property=\"og:image:height\" content=\"260\" \/>\n\t<meta property=\"og:image:type\" content=\"image\/png\" \/>\n<meta name=\"twitter:card\" content=\"summary_large_image\" \/>\n<script type=\"application\/ld+json\" class=\"yoast-schema-graph\">{\"@context\":\"https:\\\/\\\/schema.org\",\"@graph\":[{\"@type\":\"WebPage\",\"@id\":\"https:\\\/\\\/hundtgroup.com\\\/sk\\\/produkt\\\/plochy-uholnik-500x280-mm\\\/\",\"url\":\"https:\\\/\\\/hundtgroup.com\\\/sk\\\/produkt\\\/plochy-uholnik-500x280-mm\\\/\",\"name\":\"Ploch\u00fd uholn\u00edk 500x280 mm - Wilhelm Hundt GmbH\",\"isPartOf\":{\"@id\":\"https:\\\/\\\/hundtgroup.com\\\/sk\\\/#website\"},\"primaryImageOfPage\":{\"@id\":\"https:\\\/\\\/hundtgroup.com\\\/sk\\\/produkt\\\/plochy-uholnik-500x280-mm\\\/#primaryimage\"},\"image\":{\"@id\":\"https:\\\/\\\/hundtgroup.com\\\/sk\\\/produkt\\\/plochy-uholnik-500x280-mm\\\/#primaryimage\"},\"thumbnailUrl\":\"https:\\\/\\\/hundtgroup.com\\\/wp-content\\\/uploads\\\/420123.png\",\"datePublished\":\"2022-08-23T14:02:33+00:00\",\"dateModified\":\"2025-07-29T10:00:22+00:00\",\"breadcrumb\":{\"@id\":\"https:\\\/\\\/hundtgroup.com\\\/sk\\\/produkt\\\/plochy-uholnik-500x280-mm\\\/#breadcrumb\"},\"inLanguage\":\"sk-SK\",\"potentialAction\":[{\"@type\":\"ReadAction\",\"target\":[\"https:\\\/\\\/hundtgroup.com\\\/sk\\\/produkt\\\/plochy-uholnik-500x280-mm\\\/\"]}]},{\"@type\":\"ImageObject\",\"inLanguage\":\"sk-SK\",\"@id\":\"https:\\\/\\\/hundtgroup.com\\\/sk\\\/produkt\\\/plochy-uholnik-500x280-mm\\\/#primaryimage\",\"url\":\"https:\\\/\\\/hundtgroup.com\\\/wp-content\\\/uploads\\\/420123.png\",\"contentUrl\":\"https:\\\/\\\/hundtgroup.com\\\/wp-content\\\/uploads\\\/420123.png\",\"width\":415,\"height\":260},{\"@type\":\"BreadcrumbList\",\"@id\":\"https:\\\/\\\/hundtgroup.com\\\/sk\\\/produkt\\\/plochy-uholnik-500x280-mm\\\/#breadcrumb\",\"itemListElement\":[{\"@type\":\"ListItem\",\"position\":1,\"name\":\"Startseite\",\"item\":\"https:\\\/\\\/hundtgroup.com\\\/sk\\\/domov-nove\\\/\"},{\"@type\":\"ListItem\",\"position\":2,\"name\":\"Obchod\",\"item\":\"https:\\\/\\\/hundtgroup.com\\\/obchod\\\/\"},{\"@type\":\"ListItem\",\"position\":3,\"name\":\"Ploch\u00fd uholn\u00edk 500&#215;280 mm\"}]},{\"@type\":\"WebSite\",\"@id\":\"https:\\\/\\\/hundtgroup.com\\\/sk\\\/#website\",\"url\":\"https:\\\/\\\/hundtgroup.com\\\/sk\\\/\",\"name\":\"Wilhelm Hundt GmbH\",\"description\":\"V\u00e1\u0161 \u0161pecialista na stroje a n\u00e1stroje na spracovanie plechu\",\"potentialAction\":[{\"@type\":\"SearchAction\",\"target\":{\"@type\":\"EntryPoint\",\"urlTemplate\":\"https:\\\/\\\/hundtgroup.com\\\/sk\\\/?s={search_term_string}\"},\"query-input\":{\"@type\":\"PropertyValueSpecification\",\"valueRequired\":true,\"valueName\":\"search_term_string\"}}],\"inLanguage\":\"sk-SK\"}]}<\/script>\n<!-- \/ Yoast SEO plugin. -->","yoast_head_json":{"title":"Ploch\u00fd uholn\u00edk 500x280 mm - Wilhelm Hundt GmbH","robots":{"index":"index","follow":"follow","max-snippet":"max-snippet:-1","max-image-preview":"max-image-preview:large","max-video-preview":"max-video-preview:-1"},"canonical":"https:\/\/hundtgroup.com\/sk\/produkt\/plochy-uholnik-500x280-mm\/","og_locale":"sk_SK","og_type":"article","og_title":"Ploch\u00fd uholn\u00edk 500x280 mm - Wilhelm Hundt GmbH","og_description":"Na ryhovanie a zarovn\u00e1vanie prav\u00fdch uhlov, leskl\u00fd pozinkovan\u00fd povrch = optim\u00e1lna ochrana proti kor\u00f3zii, leskl\u00fd pozinkovan\u00fd povrch","og_url":"https:\/\/hundtgroup.com\/sk\/produkt\/plochy-uholnik-500x280-mm\/","og_site_name":"Wilhelm Hundt GmbH","article_modified_time":"2025-07-29T10:00:22+00:00","og_image":[{"width":415,"height":260,"url":"https:\/\/hundtgroup.com\/wp-content\/uploads\/420123.png","type":"image\/png"}],"twitter_card":"summary_large_image","schema":{"@context":"https:\/\/schema.org","@graph":[{"@type":"WebPage","@id":"https:\/\/hundtgroup.com\/sk\/produkt\/plochy-uholnik-500x280-mm\/","url":"https:\/\/hundtgroup.com\/sk\/produkt\/plochy-uholnik-500x280-mm\/","name":"Ploch\u00fd uholn\u00edk 500x280 mm - Wilhelm Hundt GmbH","isPartOf":{"@id":"https:\/\/hundtgroup.com\/sk\/#website"},"primaryImageOfPage":{"@id":"https:\/\/hundtgroup.com\/sk\/produkt\/plochy-uholnik-500x280-mm\/#primaryimage"},"image":{"@id":"https:\/\/hundtgroup.com\/sk\/produkt\/plochy-uholnik-500x280-mm\/#primaryimage"},"thumbnailUrl":"https:\/\/hundtgroup.com\/wp-content\/uploads\/420123.png","datePublished":"2022-08-23T14:02:33+00:00","dateModified":"2025-07-29T10:00:22+00:00","breadcrumb":{"@id":"https:\/\/hundtgroup.com\/sk\/produkt\/plochy-uholnik-500x280-mm\/#breadcrumb"},"inLanguage":"sk-SK","potentialAction":[{"@type":"ReadAction","target":["https:\/\/hundtgroup.com\/sk\/produkt\/plochy-uholnik-500x280-mm\/"]}]},{"@type":"ImageObject","inLanguage":"sk-SK","@id":"https:\/\/hundtgroup.com\/sk\/produkt\/plochy-uholnik-500x280-mm\/#primaryimage","url":"https:\/\/hundtgroup.com\/wp-content\/uploads\/420123.png","contentUrl":"https:\/\/hundtgroup.com\/wp-content\/uploads\/420123.png","width":415,"height":260},{"@type":"BreadcrumbList","@id":"https:\/\/hundtgroup.com\/sk\/produkt\/plochy-uholnik-500x280-mm\/#breadcrumb","itemListElement":[{"@type":"ListItem","position":1,"name":"Startseite","item":"https:\/\/hundtgroup.com\/sk\/domov-nove\/"},{"@type":"ListItem","position":2,"name":"Obchod","item":"https:\/\/hundtgroup.com\/obchod\/"},{"@type":"ListItem","position":3,"name":"Ploch\u00fd uholn\u00edk 500&#215;280 mm"}]},{"@type":"WebSite","@id":"https:\/\/hundtgroup.com\/sk\/#website","url":"https:\/\/hundtgroup.com\/sk\/","name":"Wilhelm Hundt GmbH","description":"V\u00e1\u0161 \u0161pecialista na stroje a n\u00e1stroje na spracovanie plechu","potentialAction":[{"@type":"SearchAction","target":{"@type":"EntryPoint","urlTemplate":"https:\/\/hundtgroup.com\/sk\/?s={search_term_string}"},"query-input":{"@type":"PropertyValueSpecification","valueRequired":true,"valueName":"search_term_string"}}],"inLanguage":"sk-SK"}]}},"_links":{"self":[{"href":"https:\/\/hundtgroup.com\/sk\/wp-json\/wp\/v2\/product\/25927","targetHints":{"allow":["GET"]}}],"collection":[{"href":"https:\/\/hundtgroup.com\/sk\/wp-json\/wp\/v2\/product"}],"about":[{"href":"https:\/\/hundtgroup.com\/sk\/wp-json\/wp\/v2\/types\/product"}],"wp:featuredmedia":[{"embeddable":true,"href":"https:\/\/hundtgroup.com\/sk\/wp-json\/wp\/v2\/media\/25903"}],"wp:attachment":[{"href":"https:\/\/hundtgroup.com\/sk\/wp-json\/wp\/v2\/media?parent=25927"}],"wp:term":[{"taxonomy":"product_cat","embeddable":true,"href":"https:\/\/hundtgroup.com\/sk\/wp-json\/wp\/v2\/product_cat?post=25927"},{"taxonomy":"product_tag","embeddable":true,"href":"https:\/\/hundtgroup.com\/sk\/wp-json\/wp\/v2\/product_tag?post=25927"}],"curies":[{"name":"wp","href":"https:\/\/api.w.org\/{rel}","templated":true}]}}