{"id":26547,"date":"2022-08-23T15:58:44","date_gmt":"2022-08-23T13:58:44","guid":{"rendered":"https:\/\/hundtgroup.com\/produkt\/tvarovaci-valcek-trumpf-cpl-1-14-mm-pre-trutool-f-140\/"},"modified":"2025-07-29T10:44:03","modified_gmt":"2025-07-29T08:44:03","slug":"tvarovaci-valcek-trumpf-cpl-1-14-mm-pre-trutool-f-140","status":"publish","type":"product","link":"https:\/\/hundtgroup.com\/sk\/produkt\/tvarovaci-valcek-trumpf-cpl-1-14-mm-pre-trutool-f-140\/","title":{"rendered":"Tvarovac\u00ed val\u010dek TRUMPF cpl. 1-1,4 mm pre TruTool F 140"},"content":{"rendered":"<p>Tvarovac\u00ed valec cpl. vhodn\u00fd pre TruTool F140, nov\u0161ie a star\u0161ie verzie.<br \/>\nRozdielne ilustr\u00e1cie <\/p>\n","protected":false},"excerpt":{"rendered":"<p>Tvarovac\u00ed valec cpl. vhodn\u00fd pre TruTool F140, nov\u0161ie a star\u0161ie verzie. Rozdielne ilustr\u00e1cie<\/p>\n","protected":false},"featured_media":26549,"template":"","meta":{"_acf_changed":false,"inline_featured_image":false},"product_cat":[2198,2167,2171],"product_tag":[],"class_list":{"0":"post-26547","1":"product","2":"type-product","3":"status-publish","4":"has-post-thumbnail","6":"brand-trumpf","7":"product_cat-trutool-f-125-140-sk","8":"product_cat-baterie-elektricke-prislusenstvo","9":"product_cat-posuvne-spojovacie-lisy-na-lemovanie","11":"first","12":"instock","13":"taxable","14":"shipping-taxable","15":"purchasable","16":"product-type-simple","17":"add-to-wishlist-before_image"},"acf":[],"yoast_head":"<!-- This site is optimized with the Yoast SEO plugin v27.3 - https:\/\/yoast.com\/product\/yoast-seo-wordpress\/ -->\n<title>Tvarovac\u00ed val\u010dek TRUMPF cpl. 1-1,4 mm pre TruTool F 140 - Wilhelm Hundt GmbH<\/title>\n<meta name=\"robots\" content=\"index, follow, max-snippet:-1, max-image-preview:large, max-video-preview:-1\" \/>\n<link rel=\"canonical\" href=\"https:\/\/hundtgroup.com\/sk\/produkt\/tvarovaci-valcek-trumpf-cpl-1-14-mm-pre-trutool-f-140\/\" \/>\n<meta property=\"og:locale\" content=\"sk_SK\" \/>\n<meta property=\"og:type\" content=\"article\" \/>\n<meta property=\"og:title\" content=\"Tvarovac\u00ed val\u010dek TRUMPF cpl. 1-1,4 mm pre TruTool F 140 - Wilhelm Hundt GmbH\" \/>\n<meta property=\"og:description\" content=\"Tvarovac\u00ed valec cpl. vhodn\u00fd pre TruTool F140, nov\u0161ie a star\u0161ie verzie. Rozdielne ilustr\u00e1cie\" \/>\n<meta property=\"og:url\" content=\"https:\/\/hundtgroup.com\/sk\/produkt\/tvarovaci-valcek-trumpf-cpl-1-14-mm-pre-trutool-f-140\/\" \/>\n<meta property=\"og:site_name\" content=\"Wilhelm Hundt GmbH\" \/>\n<meta property=\"article:modified_time\" content=\"2025-07-29T08:44:03+00:00\" \/>\n<meta property=\"og:image\" content=\"https:\/\/hundtgroup.com\/wp-content\/uploads\/346041.png\" \/>\n\t<meta property=\"og:image:width\" content=\"505\" \/>\n\t<meta property=\"og:image:height\" content=\"326\" \/>\n\t<meta property=\"og:image:type\" content=\"image\/png\" \/>\n<meta name=\"twitter:card\" content=\"summary_large_image\" \/>\n<script type=\"application\/ld+json\" class=\"yoast-schema-graph\">{\"@context\":\"https:\\\/\\\/schema.org\",\"@graph\":[{\"@type\":\"WebPage\",\"@id\":\"https:\\\/\\\/hundtgroup.com\\\/sk\\\/produkt\\\/tvarovaci-valcek-trumpf-cpl-1-14-mm-pre-trutool-f-140\\\/\",\"url\":\"https:\\\/\\\/hundtgroup.com\\\/sk\\\/produkt\\\/tvarovaci-valcek-trumpf-cpl-1-14-mm-pre-trutool-f-140\\\/\",\"name\":\"Tvarovac\u00ed val\u010dek TRUMPF cpl. 1-1,4 mm pre TruTool F 140 - Wilhelm Hundt GmbH\",\"isPartOf\":{\"@id\":\"https:\\\/\\\/hundtgroup.com\\\/sk\\\/#website\"},\"primaryImageOfPage\":{\"@id\":\"https:\\\/\\\/hundtgroup.com\\\/sk\\\/produkt\\\/tvarovaci-valcek-trumpf-cpl-1-14-mm-pre-trutool-f-140\\\/#primaryimage\"},\"image\":{\"@id\":\"https:\\\/\\\/hundtgroup.com\\\/sk\\\/produkt\\\/tvarovaci-valcek-trumpf-cpl-1-14-mm-pre-trutool-f-140\\\/#primaryimage\"},\"thumbnailUrl\":\"https:\\\/\\\/hundtgroup.com\\\/wp-content\\\/uploads\\\/346041.png\",\"datePublished\":\"2022-08-23T13:58:44+00:00\",\"dateModified\":\"2025-07-29T08:44:03+00:00\",\"breadcrumb\":{\"@id\":\"https:\\\/\\\/hundtgroup.com\\\/sk\\\/produkt\\\/tvarovaci-valcek-trumpf-cpl-1-14-mm-pre-trutool-f-140\\\/#breadcrumb\"},\"inLanguage\":\"sk-SK\",\"potentialAction\":[{\"@type\":\"ReadAction\",\"target\":[\"https:\\\/\\\/hundtgroup.com\\\/sk\\\/produkt\\\/tvarovaci-valcek-trumpf-cpl-1-14-mm-pre-trutool-f-140\\\/\"]}]},{\"@type\":\"ImageObject\",\"inLanguage\":\"sk-SK\",\"@id\":\"https:\\\/\\\/hundtgroup.com\\\/sk\\\/produkt\\\/tvarovaci-valcek-trumpf-cpl-1-14-mm-pre-trutool-f-140\\\/#primaryimage\",\"url\":\"https:\\\/\\\/hundtgroup.com\\\/wp-content\\\/uploads\\\/346041.png\",\"contentUrl\":\"https:\\\/\\\/hundtgroup.com\\\/wp-content\\\/uploads\\\/346041.png\",\"width\":505,\"height\":326},{\"@type\":\"BreadcrumbList\",\"@id\":\"https:\\\/\\\/hundtgroup.com\\\/sk\\\/produkt\\\/tvarovaci-valcek-trumpf-cpl-1-14-mm-pre-trutool-f-140\\\/#breadcrumb\",\"itemListElement\":[{\"@type\":\"ListItem\",\"position\":1,\"name\":\"Startseite\",\"item\":\"https:\\\/\\\/hundtgroup.com\\\/sk\\\/domov-nove\\\/\"},{\"@type\":\"ListItem\",\"position\":2,\"name\":\"Obchod\",\"item\":\"https:\\\/\\\/hundtgroup.com\\\/obchod\\\/\"},{\"@type\":\"ListItem\",\"position\":3,\"name\":\"Tvarovac\u00ed val\u010dek TRUMPF cpl. 1-1,4 mm pre TruTool F 140\"}]},{\"@type\":\"WebSite\",\"@id\":\"https:\\\/\\\/hundtgroup.com\\\/sk\\\/#website\",\"url\":\"https:\\\/\\\/hundtgroup.com\\\/sk\\\/\",\"name\":\"Wilhelm Hundt GmbH\",\"description\":\"V\u00e1\u0161 \u0161pecialista na stroje a n\u00e1stroje na spracovanie plechu\",\"potentialAction\":[{\"@type\":\"SearchAction\",\"target\":{\"@type\":\"EntryPoint\",\"urlTemplate\":\"https:\\\/\\\/hundtgroup.com\\\/sk\\\/?s={search_term_string}\"},\"query-input\":{\"@type\":\"PropertyValueSpecification\",\"valueRequired\":true,\"valueName\":\"search_term_string\"}}],\"inLanguage\":\"sk-SK\"}]}<\/script>\n<!-- \/ Yoast SEO plugin. -->","yoast_head_json":{"title":"Tvarovac\u00ed val\u010dek TRUMPF cpl. 1-1,4 mm pre TruTool F 140 - Wilhelm Hundt GmbH","robots":{"index":"index","follow":"follow","max-snippet":"max-snippet:-1","max-image-preview":"max-image-preview:large","max-video-preview":"max-video-preview:-1"},"canonical":"https:\/\/hundtgroup.com\/sk\/produkt\/tvarovaci-valcek-trumpf-cpl-1-14-mm-pre-trutool-f-140\/","og_locale":"sk_SK","og_type":"article","og_title":"Tvarovac\u00ed val\u010dek TRUMPF cpl. 1-1,4 mm pre TruTool F 140 - Wilhelm Hundt GmbH","og_description":"Tvarovac\u00ed valec cpl. vhodn\u00fd pre TruTool F140, nov\u0161ie a star\u0161ie verzie. Rozdielne ilustr\u00e1cie","og_url":"https:\/\/hundtgroup.com\/sk\/produkt\/tvarovaci-valcek-trumpf-cpl-1-14-mm-pre-trutool-f-140\/","og_site_name":"Wilhelm Hundt GmbH","article_modified_time":"2025-07-29T08:44:03+00:00","og_image":[{"width":505,"height":326,"url":"https:\/\/hundtgroup.com\/wp-content\/uploads\/346041.png","type":"image\/png"}],"twitter_card":"summary_large_image","schema":{"@context":"https:\/\/schema.org","@graph":[{"@type":"WebPage","@id":"https:\/\/hundtgroup.com\/sk\/produkt\/tvarovaci-valcek-trumpf-cpl-1-14-mm-pre-trutool-f-140\/","url":"https:\/\/hundtgroup.com\/sk\/produkt\/tvarovaci-valcek-trumpf-cpl-1-14-mm-pre-trutool-f-140\/","name":"Tvarovac\u00ed val\u010dek TRUMPF cpl. 1-1,4 mm pre TruTool F 140 - Wilhelm Hundt GmbH","isPartOf":{"@id":"https:\/\/hundtgroup.com\/sk\/#website"},"primaryImageOfPage":{"@id":"https:\/\/hundtgroup.com\/sk\/produkt\/tvarovaci-valcek-trumpf-cpl-1-14-mm-pre-trutool-f-140\/#primaryimage"},"image":{"@id":"https:\/\/hundtgroup.com\/sk\/produkt\/tvarovaci-valcek-trumpf-cpl-1-14-mm-pre-trutool-f-140\/#primaryimage"},"thumbnailUrl":"https:\/\/hundtgroup.com\/wp-content\/uploads\/346041.png","datePublished":"2022-08-23T13:58:44+00:00","dateModified":"2025-07-29T08:44:03+00:00","breadcrumb":{"@id":"https:\/\/hundtgroup.com\/sk\/produkt\/tvarovaci-valcek-trumpf-cpl-1-14-mm-pre-trutool-f-140\/#breadcrumb"},"inLanguage":"sk-SK","potentialAction":[{"@type":"ReadAction","target":["https:\/\/hundtgroup.com\/sk\/produkt\/tvarovaci-valcek-trumpf-cpl-1-14-mm-pre-trutool-f-140\/"]}]},{"@type":"ImageObject","inLanguage":"sk-SK","@id":"https:\/\/hundtgroup.com\/sk\/produkt\/tvarovaci-valcek-trumpf-cpl-1-14-mm-pre-trutool-f-140\/#primaryimage","url":"https:\/\/hundtgroup.com\/wp-content\/uploads\/346041.png","contentUrl":"https:\/\/hundtgroup.com\/wp-content\/uploads\/346041.png","width":505,"height":326},{"@type":"BreadcrumbList","@id":"https:\/\/hundtgroup.com\/sk\/produkt\/tvarovaci-valcek-trumpf-cpl-1-14-mm-pre-trutool-f-140\/#breadcrumb","itemListElement":[{"@type":"ListItem","position":1,"name":"Startseite","item":"https:\/\/hundtgroup.com\/sk\/domov-nove\/"},{"@type":"ListItem","position":2,"name":"Obchod","item":"https:\/\/hundtgroup.com\/obchod\/"},{"@type":"ListItem","position":3,"name":"Tvarovac\u00ed val\u010dek TRUMPF cpl. 1-1,4 mm pre TruTool F 140"}]},{"@type":"WebSite","@id":"https:\/\/hundtgroup.com\/sk\/#website","url":"https:\/\/hundtgroup.com\/sk\/","name":"Wilhelm Hundt GmbH","description":"V\u00e1\u0161 \u0161pecialista na stroje a n\u00e1stroje na spracovanie plechu","potentialAction":[{"@type":"SearchAction","target":{"@type":"EntryPoint","urlTemplate":"https:\/\/hundtgroup.com\/sk\/?s={search_term_string}"},"query-input":{"@type":"PropertyValueSpecification","valueRequired":true,"valueName":"search_term_string"}}],"inLanguage":"sk-SK"}]}},"_links":{"self":[{"href":"https:\/\/hundtgroup.com\/sk\/wp-json\/wp\/v2\/product\/26547","targetHints":{"allow":["GET"]}}],"collection":[{"href":"https:\/\/hundtgroup.com\/sk\/wp-json\/wp\/v2\/product"}],"about":[{"href":"https:\/\/hundtgroup.com\/sk\/wp-json\/wp\/v2\/types\/product"}],"wp:featuredmedia":[{"embeddable":true,"href":"https:\/\/hundtgroup.com\/sk\/wp-json\/wp\/v2\/media\/26549"}],"wp:attachment":[{"href":"https:\/\/hundtgroup.com\/sk\/wp-json\/wp\/v2\/media?parent=26547"}],"wp:term":[{"taxonomy":"product_cat","embeddable":true,"href":"https:\/\/hundtgroup.com\/sk\/wp-json\/wp\/v2\/product_cat?post=26547"},{"taxonomy":"product_tag","embeddable":true,"href":"https:\/\/hundtgroup.com\/sk\/wp-json\/wp\/v2\/product_tag?post=26547"}],"curies":[{"name":"wp","href":"https:\/\/api.w.org\/{rel}","templated":true}]}}