{"id":27715,"date":"2022-08-23T15:56:03","date_gmt":"2022-08-23T13:56:03","guid":{"rendered":"https:\/\/hundtgroup.com\/produkt\/trumpf-trutool-pn-201-18v-40ah-akumulatorove-noznice-na-profily\/"},"modified":"2025-07-29T10:20:54","modified_gmt":"2025-07-29T08:20:54","slug":"trumpf-trutool-pn-201-18v-40ah-akumulatorove-noznice-na-profily","status":"publish","type":"product","link":"https:\/\/hundtgroup.com\/sk\/produkt\/trumpf-trutool-pn-201-18v-40ah-akumulatorove-noznice-na-profily\/","title":{"rendered":"TRUMPF TruTool PN 201 18V 4,0Ah akumul\u00e1torov\u00e9 no\u017enice na profily"},"content":{"rendered":"<p>Rezanie plechu do 2 mm<br \/>\nStroj s dlh\u00fdm n\u00e1strojom na spracovanie profilov s h\u013abkou do 162 mm a C, L a U profilov. Vhodn\u00fd aj na vlnit\u00fd plech.<br \/>\nIde\u00e1lny na \u0165a\u017eko pr\u00edstupn\u00e9 miesta.<br \/>\nZmena smeru rezania v priebehu nieko\u013ek\u00fdch sek\u00fand &#8211; ot\u00e1\u010da sa o 360\u00b0.<br \/>\nNeobmedzen\u00e9 zat\u00e1\u010danie v\u010faka dut\u00e9mu okr\u00fahlemu razn\u00edku.<br \/>\nN\u00edzka posuvn\u00e1 sila, bez deform\u00e1ci\u00ed, emisi\u00ed a iskier.<br \/>\nRazn\u00edk a matrica sa daj\u00fa vymeni\u0165 bez pou\u017eitia n\u00e1radia.<br \/>\nA\u017e o 60 % viac energie z bat\u00e9rie v\u010faka technol\u00f3gii PowerHead a bezkefov\u00e9mu motoru.<br \/>\nM\u00e4kk\u00e1 rukov\u00e4\u0165 na pr\u00e1cu s n\u00edzkymi vibr\u00e1ciami. <\/p>\n<p>Be\u017eeck\u00fd v\u00fdkon v metroch na jedno nabitie bat\u00e9rie (kon\u0161truk\u010dn\u00e1 oce\u013e 400 N\/mm\u00b2):<br \/>\n2 mm: so 4 Ah: 26 metrov<br \/>\n1 mm: so 4 Ah: 54 metrov<\/p>\n","protected":false},"excerpt":{"rendered":"<p>Rezanie plechu do 2 mm Stroj s dlh\u00fdm n\u00e1strojom na spracovanie profilov s h\u013abkou do 162 mm a C, L a U profilov. Vhodn\u00fd aj na vlnit\u00fd plech. Ide\u00e1lny na \u0165a\u017eko pr\u00edstupn\u00e9 miesta. Zmena smeru rezania v priebehu nieko\u013ek\u00fdch sek\u00fand &#8211; ot\u00e1\u010da sa o 360\u00b0. Neobmedzen\u00e9 zat\u00e1\u010danie v\u010faka dut\u00e9mu okr\u00fahlemu razn\u00edku. N\u00edzka posuvn\u00e1 sila, bez [&hellip;]<\/p>\n","protected":false},"featured_media":27717,"template":"","meta":{"_acf_changed":false,"inline_featured_image":false},"product_cat":[647,644],"product_tag":[],"class_list":{"0":"post-27715","1":"product","2":"type-product","3":"status-publish","4":"has-post-thumbnail","6":"brand-trumpf","7":"product_cat-profil-nibbler","8":"product_cat-nastroje-na-baterie","10":"first","11":"instock","12":"sale","13":"taxable","14":"shipping-taxable","15":"purchasable","16":"product-type-simple","17":"add-to-wishlist-before_image"},"acf":[],"yoast_head":"<!-- This site is optimized with the Yoast SEO plugin v27.3 - https:\/\/yoast.com\/product\/yoast-seo-wordpress\/ -->\n<title>TRUMPF TruTool PN 201 18V 4,0Ah akumul\u00e1torov\u00e9 no\u017enice na profily - Wilhelm Hundt GmbH<\/title>\n<meta name=\"robots\" content=\"index, follow, max-snippet:-1, max-image-preview:large, max-video-preview:-1\" \/>\n<link rel=\"canonical\" href=\"https:\/\/hundtgroup.com\/sk\/produkt\/trumpf-trutool-pn-201-18v-40ah-akumulatorove-noznice-na-profily\/\" \/>\n<meta property=\"og:locale\" content=\"sk_SK\" \/>\n<meta property=\"og:type\" content=\"article\" \/>\n<meta property=\"og:title\" content=\"TRUMPF TruTool PN 201 18V 4,0Ah akumul\u00e1torov\u00e9 no\u017enice na profily - Wilhelm Hundt GmbH\" \/>\n<meta property=\"og:description\" content=\"Rezanie plechu do 2 mm Stroj s dlh\u00fdm n\u00e1strojom na spracovanie profilov s h\u013abkou do 162 mm a C, L a U profilov. Vhodn\u00fd aj na vlnit\u00fd plech. Ide\u00e1lny na \u0165a\u017eko pr\u00edstupn\u00e9 miesta. Zmena smeru rezania v priebehu nieko\u013ek\u00fdch sek\u00fand &#8211; ot\u00e1\u010da sa o 360\u00b0. Neobmedzen\u00e9 zat\u00e1\u010danie v\u010faka dut\u00e9mu okr\u00fahlemu razn\u00edku. N\u00edzka posuvn\u00e1 sila, bez [&hellip;]\" \/>\n<meta property=\"og:url\" content=\"https:\/\/hundtgroup.com\/sk\/produkt\/trumpf-trutool-pn-201-18v-40ah-akumulatorove-noznice-na-profily\/\" \/>\n<meta property=\"og:site_name\" content=\"Wilhelm Hundt GmbH\" \/>\n<meta property=\"article:modified_time\" content=\"2025-07-29T08:20:54+00:00\" \/>\n<meta property=\"og:image\" content=\"https:\/\/hundtgroup.com\/wp-content\/uploads\/352012.png\" \/>\n\t<meta property=\"og:image:width\" content=\"467\" \/>\n\t<meta property=\"og:image:height\" content=\"600\" \/>\n\t<meta property=\"og:image:type\" content=\"image\/png\" \/>\n<meta name=\"twitter:card\" content=\"summary_large_image\" \/>\n<meta name=\"twitter:label1\" content=\"Predpokladan\u00fd \u010das \u010d\u00edtania\" \/>\n\t<meta name=\"twitter:data1\" content=\"1 min\u00fata\" \/>\n<script type=\"application\/ld+json\" class=\"yoast-schema-graph\">{\"@context\":\"https:\\\/\\\/schema.org\",\"@graph\":[{\"@type\":\"WebPage\",\"@id\":\"https:\\\/\\\/hundtgroup.com\\\/sk\\\/produkt\\\/trumpf-trutool-pn-201-18v-40ah-akumulatorove-noznice-na-profily\\\/\",\"url\":\"https:\\\/\\\/hundtgroup.com\\\/sk\\\/produkt\\\/trumpf-trutool-pn-201-18v-40ah-akumulatorove-noznice-na-profily\\\/\",\"name\":\"TRUMPF TruTool PN 201 18V 4,0Ah akumul\u00e1torov\u00e9 no\u017enice na profily - Wilhelm Hundt GmbH\",\"isPartOf\":{\"@id\":\"https:\\\/\\\/hundtgroup.com\\\/sk\\\/#website\"},\"primaryImageOfPage\":{\"@id\":\"https:\\\/\\\/hundtgroup.com\\\/sk\\\/produkt\\\/trumpf-trutool-pn-201-18v-40ah-akumulatorove-noznice-na-profily\\\/#primaryimage\"},\"image\":{\"@id\":\"https:\\\/\\\/hundtgroup.com\\\/sk\\\/produkt\\\/trumpf-trutool-pn-201-18v-40ah-akumulatorove-noznice-na-profily\\\/#primaryimage\"},\"thumbnailUrl\":\"https:\\\/\\\/hundtgroup.com\\\/wp-content\\\/uploads\\\/352012.png\",\"datePublished\":\"2022-08-23T13:56:03+00:00\",\"dateModified\":\"2025-07-29T08:20:54+00:00\",\"breadcrumb\":{\"@id\":\"https:\\\/\\\/hundtgroup.com\\\/sk\\\/produkt\\\/trumpf-trutool-pn-201-18v-40ah-akumulatorove-noznice-na-profily\\\/#breadcrumb\"},\"inLanguage\":\"sk-SK\",\"potentialAction\":[{\"@type\":\"ReadAction\",\"target\":[\"https:\\\/\\\/hundtgroup.com\\\/sk\\\/produkt\\\/trumpf-trutool-pn-201-18v-40ah-akumulatorove-noznice-na-profily\\\/\"]}]},{\"@type\":\"ImageObject\",\"inLanguage\":\"sk-SK\",\"@id\":\"https:\\\/\\\/hundtgroup.com\\\/sk\\\/produkt\\\/trumpf-trutool-pn-201-18v-40ah-akumulatorove-noznice-na-profily\\\/#primaryimage\",\"url\":\"https:\\\/\\\/hundtgroup.com\\\/wp-content\\\/uploads\\\/352012.png\",\"contentUrl\":\"https:\\\/\\\/hundtgroup.com\\\/wp-content\\\/uploads\\\/352012.png\",\"width\":467,\"height\":600},{\"@type\":\"BreadcrumbList\",\"@id\":\"https:\\\/\\\/hundtgroup.com\\\/sk\\\/produkt\\\/trumpf-trutool-pn-201-18v-40ah-akumulatorove-noznice-na-profily\\\/#breadcrumb\",\"itemListElement\":[{\"@type\":\"ListItem\",\"position\":1,\"name\":\"Startseite\",\"item\":\"https:\\\/\\\/hundtgroup.com\\\/sk\\\/domov-nove\\\/\"},{\"@type\":\"ListItem\",\"position\":2,\"name\":\"Obchod\",\"item\":\"https:\\\/\\\/hundtgroup.com\\\/obchod\\\/\"},{\"@type\":\"ListItem\",\"position\":3,\"name\":\"TRUMPF TruTool PN 201 18V 4,0Ah akumul\u00e1torov\u00e9 no\u017enice na profily\"}]},{\"@type\":\"WebSite\",\"@id\":\"https:\\\/\\\/hundtgroup.com\\\/sk\\\/#website\",\"url\":\"https:\\\/\\\/hundtgroup.com\\\/sk\\\/\",\"name\":\"Wilhelm Hundt GmbH\",\"description\":\"V\u00e1\u0161 \u0161pecialista na stroje a n\u00e1stroje na spracovanie plechu\",\"potentialAction\":[{\"@type\":\"SearchAction\",\"target\":{\"@type\":\"EntryPoint\",\"urlTemplate\":\"https:\\\/\\\/hundtgroup.com\\\/sk\\\/?s={search_term_string}\"},\"query-input\":{\"@type\":\"PropertyValueSpecification\",\"valueRequired\":true,\"valueName\":\"search_term_string\"}}],\"inLanguage\":\"sk-SK\"}]}<\/script>\n<!-- \/ Yoast SEO plugin. -->","yoast_head_json":{"title":"TRUMPF TruTool PN 201 18V 4,0Ah akumul\u00e1torov\u00e9 no\u017enice na profily - Wilhelm Hundt GmbH","robots":{"index":"index","follow":"follow","max-snippet":"max-snippet:-1","max-image-preview":"max-image-preview:large","max-video-preview":"max-video-preview:-1"},"canonical":"https:\/\/hundtgroup.com\/sk\/produkt\/trumpf-trutool-pn-201-18v-40ah-akumulatorove-noznice-na-profily\/","og_locale":"sk_SK","og_type":"article","og_title":"TRUMPF TruTool PN 201 18V 4,0Ah akumul\u00e1torov\u00e9 no\u017enice na profily - Wilhelm Hundt GmbH","og_description":"Rezanie plechu do 2 mm Stroj s dlh\u00fdm n\u00e1strojom na spracovanie profilov s h\u013abkou do 162 mm a C, L a U profilov. Vhodn\u00fd aj na vlnit\u00fd plech. Ide\u00e1lny na \u0165a\u017eko pr\u00edstupn\u00e9 miesta. Zmena smeru rezania v priebehu nieko\u013ek\u00fdch sek\u00fand &#8211; ot\u00e1\u010da sa o 360\u00b0. Neobmedzen\u00e9 zat\u00e1\u010danie v\u010faka dut\u00e9mu okr\u00fahlemu razn\u00edku. N\u00edzka posuvn\u00e1 sila, bez [&hellip;]","og_url":"https:\/\/hundtgroup.com\/sk\/produkt\/trumpf-trutool-pn-201-18v-40ah-akumulatorove-noznice-na-profily\/","og_site_name":"Wilhelm Hundt GmbH","article_modified_time":"2025-07-29T08:20:54+00:00","og_image":[{"width":467,"height":600,"url":"https:\/\/hundtgroup.com\/wp-content\/uploads\/352012.png","type":"image\/png"}],"twitter_card":"summary_large_image","twitter_misc":{"Predpokladan\u00fd \u010das \u010d\u00edtania":"1 min\u00fata"},"schema":{"@context":"https:\/\/schema.org","@graph":[{"@type":"WebPage","@id":"https:\/\/hundtgroup.com\/sk\/produkt\/trumpf-trutool-pn-201-18v-40ah-akumulatorove-noznice-na-profily\/","url":"https:\/\/hundtgroup.com\/sk\/produkt\/trumpf-trutool-pn-201-18v-40ah-akumulatorove-noznice-na-profily\/","name":"TRUMPF TruTool PN 201 18V 4,0Ah akumul\u00e1torov\u00e9 no\u017enice na profily - Wilhelm Hundt GmbH","isPartOf":{"@id":"https:\/\/hundtgroup.com\/sk\/#website"},"primaryImageOfPage":{"@id":"https:\/\/hundtgroup.com\/sk\/produkt\/trumpf-trutool-pn-201-18v-40ah-akumulatorove-noznice-na-profily\/#primaryimage"},"image":{"@id":"https:\/\/hundtgroup.com\/sk\/produkt\/trumpf-trutool-pn-201-18v-40ah-akumulatorove-noznice-na-profily\/#primaryimage"},"thumbnailUrl":"https:\/\/hundtgroup.com\/wp-content\/uploads\/352012.png","datePublished":"2022-08-23T13:56:03+00:00","dateModified":"2025-07-29T08:20:54+00:00","breadcrumb":{"@id":"https:\/\/hundtgroup.com\/sk\/produkt\/trumpf-trutool-pn-201-18v-40ah-akumulatorove-noznice-na-profily\/#breadcrumb"},"inLanguage":"sk-SK","potentialAction":[{"@type":"ReadAction","target":["https:\/\/hundtgroup.com\/sk\/produkt\/trumpf-trutool-pn-201-18v-40ah-akumulatorove-noznice-na-profily\/"]}]},{"@type":"ImageObject","inLanguage":"sk-SK","@id":"https:\/\/hundtgroup.com\/sk\/produkt\/trumpf-trutool-pn-201-18v-40ah-akumulatorove-noznice-na-profily\/#primaryimage","url":"https:\/\/hundtgroup.com\/wp-content\/uploads\/352012.png","contentUrl":"https:\/\/hundtgroup.com\/wp-content\/uploads\/352012.png","width":467,"height":600},{"@type":"BreadcrumbList","@id":"https:\/\/hundtgroup.com\/sk\/produkt\/trumpf-trutool-pn-201-18v-40ah-akumulatorove-noznice-na-profily\/#breadcrumb","itemListElement":[{"@type":"ListItem","position":1,"name":"Startseite","item":"https:\/\/hundtgroup.com\/sk\/domov-nove\/"},{"@type":"ListItem","position":2,"name":"Obchod","item":"https:\/\/hundtgroup.com\/obchod\/"},{"@type":"ListItem","position":3,"name":"TRUMPF TruTool PN 201 18V 4,0Ah akumul\u00e1torov\u00e9 no\u017enice na profily"}]},{"@type":"WebSite","@id":"https:\/\/hundtgroup.com\/sk\/#website","url":"https:\/\/hundtgroup.com\/sk\/","name":"Wilhelm Hundt GmbH","description":"V\u00e1\u0161 \u0161pecialista na stroje a n\u00e1stroje na spracovanie plechu","potentialAction":[{"@type":"SearchAction","target":{"@type":"EntryPoint","urlTemplate":"https:\/\/hundtgroup.com\/sk\/?s={search_term_string}"},"query-input":{"@type":"PropertyValueSpecification","valueRequired":true,"valueName":"search_term_string"}}],"inLanguage":"sk-SK"}]}},"_links":{"self":[{"href":"https:\/\/hundtgroup.com\/sk\/wp-json\/wp\/v2\/product\/27715","targetHints":{"allow":["GET"]}}],"collection":[{"href":"https:\/\/hundtgroup.com\/sk\/wp-json\/wp\/v2\/product"}],"about":[{"href":"https:\/\/hundtgroup.com\/sk\/wp-json\/wp\/v2\/types\/product"}],"wp:featuredmedia":[{"embeddable":true,"href":"https:\/\/hundtgroup.com\/sk\/wp-json\/wp\/v2\/media\/27717"}],"wp:attachment":[{"href":"https:\/\/hundtgroup.com\/sk\/wp-json\/wp\/v2\/media?parent=27715"}],"wp:term":[{"taxonomy":"product_cat","embeddable":true,"href":"https:\/\/hundtgroup.com\/sk\/wp-json\/wp\/v2\/product_cat?post=27715"},{"taxonomy":"product_tag","embeddable":true,"href":"https:\/\/hundtgroup.com\/sk\/wp-json\/wp\/v2\/product_tag?post=27715"}],"curies":[{"name":"wp","href":"https:\/\/api.w.org\/{rel}","templated":true}]}}