{"id":28100,"date":"2022-08-23T15:56:48","date_gmt":"2022-08-23T13:56:48","guid":{"rendered":"https:\/\/hundtgroup.com\/produkt\/suprava-ozubenych-reznych-hran-trumpf-pre-trutool-c-200\/"},"modified":"2025-07-29T10:24:10","modified_gmt":"2025-07-29T08:24:10","slug":"suprava-ozubenych-reznych-hran-trumpf-pre-trutool-c-200","status":"publish","type":"product","link":"https:\/\/hundtgroup.com\/sk\/produkt\/suprava-ozubenych-reznych-hran-trumpf-pre-trutool-c-200\/","title":{"rendered":"S\u00faprava ozuben\u00fdch rezn\u00fdch hr\u00e1n TRUMPF pre TruTool C 200"},"content":{"rendered":"<p>Rezn\u00e9 li\u0161ty vhodn\u00e9 pre akumul\u00e1torov\u00e9 no\u017enice na rezanie TRUMPF TruTool C 200<br \/>\nZ\u00fabkovanie rezn\u00fdch l\u00ed\u0161t sp\u00f4sobuje samoposuv a zni\u017euje posuvn\u00fa silu. T\u00fdm sa zabezpe\u010duje maxim\u00e1lna pracovn\u00e1 r\u00fdchlos\u0165. <\/p>\n","protected":false},"excerpt":{"rendered":"<p>Rezn\u00e9 li\u0161ty vhodn\u00e9 pre akumul\u00e1torov\u00e9 no\u017enice na rezanie TRUMPF TruTool C 200 Z\u00fabkovanie rezn\u00fdch l\u00ed\u0161t sp\u00f4sobuje samoposuv a zni\u017euje posuvn\u00fa silu. T\u00fdm sa zabezpe\u010duje maxim\u00e1lna pracovn\u00e1 r\u00fdchlos\u0165.<\/p>\n","protected":false},"featured_media":28103,"template":"","meta":{"_acf_changed":false,"inline_featured_image":false},"product_cat":[2183,2167,2168],"product_tag":[],"class_list":{"0":"post-28100","1":"product","2":"type-product","3":"status-publish","4":"has-post-thumbnail","6":"brand-trumpf","7":"product_cat-trutool-c-200-sk","8":"product_cat-baterie-elektricke-prislusenstvo","9":"product_cat-noznice-na-plech-sk-2","11":"first","12":"instock","13":"taxable","14":"shipping-taxable","15":"purchasable","16":"product-type-simple","17":"add-to-wishlist-before_image"},"acf":[],"yoast_head":"<!-- This site is optimized with the Yoast SEO plugin v27.3 - https:\/\/yoast.com\/product\/yoast-seo-wordpress\/ -->\n<title>S\u00faprava ozuben\u00fdch rezn\u00fdch hr\u00e1n TRUMPF pre TruTool C 200 - Wilhelm Hundt GmbH<\/title>\n<meta name=\"robots\" content=\"index, follow, max-snippet:-1, max-image-preview:large, max-video-preview:-1\" \/>\n<link rel=\"canonical\" href=\"https:\/\/hundtgroup.com\/sk\/produkt\/suprava-ozubenych-reznych-hran-trumpf-pre-trutool-c-200\/\" \/>\n<meta property=\"og:locale\" content=\"sk_SK\" \/>\n<meta property=\"og:type\" content=\"article\" \/>\n<meta property=\"og:title\" content=\"S\u00faprava ozuben\u00fdch rezn\u00fdch hr\u00e1n TRUMPF pre TruTool C 200 - Wilhelm Hundt GmbH\" \/>\n<meta property=\"og:description\" content=\"Rezn\u00e9 li\u0161ty vhodn\u00e9 pre akumul\u00e1torov\u00e9 no\u017enice na rezanie TRUMPF TruTool C 200 Z\u00fabkovanie rezn\u00fdch l\u00ed\u0161t sp\u00f4sobuje samoposuv a zni\u017euje posuvn\u00fa silu. T\u00fdm sa zabezpe\u010duje maxim\u00e1lna pracovn\u00e1 r\u00fdchlos\u0165.\" \/>\n<meta property=\"og:url\" content=\"https:\/\/hundtgroup.com\/sk\/produkt\/suprava-ozubenych-reznych-hran-trumpf-pre-trutool-c-200\/\" \/>\n<meta property=\"og:site_name\" content=\"Wilhelm Hundt GmbH\" \/>\n<meta property=\"article:modified_time\" content=\"2025-07-29T08:24:10+00:00\" \/>\n<meta property=\"og:image\" content=\"https:\/\/hundtgroup.com\/wp-content\/uploads\/346208.jpg\" \/>\n\t<meta property=\"og:image:width\" content=\"400\" \/>\n\t<meta property=\"og:image:height\" content=\"400\" \/>\n\t<meta property=\"og:image:type\" content=\"image\/jpeg\" \/>\n<meta name=\"twitter:card\" content=\"summary_large_image\" \/>\n<script type=\"application\/ld+json\" class=\"yoast-schema-graph\">{\"@context\":\"https:\\\/\\\/schema.org\",\"@graph\":[{\"@type\":\"WebPage\",\"@id\":\"https:\\\/\\\/hundtgroup.com\\\/sk\\\/produkt\\\/suprava-ozubenych-reznych-hran-trumpf-pre-trutool-c-200\\\/\",\"url\":\"https:\\\/\\\/hundtgroup.com\\\/sk\\\/produkt\\\/suprava-ozubenych-reznych-hran-trumpf-pre-trutool-c-200\\\/\",\"name\":\"S\u00faprava ozuben\u00fdch rezn\u00fdch hr\u00e1n TRUMPF pre TruTool C 200 - Wilhelm Hundt GmbH\",\"isPartOf\":{\"@id\":\"https:\\\/\\\/hundtgroup.com\\\/sk\\\/#website\"},\"primaryImageOfPage\":{\"@id\":\"https:\\\/\\\/hundtgroup.com\\\/sk\\\/produkt\\\/suprava-ozubenych-reznych-hran-trumpf-pre-trutool-c-200\\\/#primaryimage\"},\"image\":{\"@id\":\"https:\\\/\\\/hundtgroup.com\\\/sk\\\/produkt\\\/suprava-ozubenych-reznych-hran-trumpf-pre-trutool-c-200\\\/#primaryimage\"},\"thumbnailUrl\":\"https:\\\/\\\/hundtgroup.com\\\/wp-content\\\/uploads\\\/346208.jpg\",\"datePublished\":\"2022-08-23T13:56:48+00:00\",\"dateModified\":\"2025-07-29T08:24:10+00:00\",\"breadcrumb\":{\"@id\":\"https:\\\/\\\/hundtgroup.com\\\/sk\\\/produkt\\\/suprava-ozubenych-reznych-hran-trumpf-pre-trutool-c-200\\\/#breadcrumb\"},\"inLanguage\":\"sk-SK\",\"potentialAction\":[{\"@type\":\"ReadAction\",\"target\":[\"https:\\\/\\\/hundtgroup.com\\\/sk\\\/produkt\\\/suprava-ozubenych-reznych-hran-trumpf-pre-trutool-c-200\\\/\"]}]},{\"@type\":\"ImageObject\",\"inLanguage\":\"sk-SK\",\"@id\":\"https:\\\/\\\/hundtgroup.com\\\/sk\\\/produkt\\\/suprava-ozubenych-reznych-hran-trumpf-pre-trutool-c-200\\\/#primaryimage\",\"url\":\"https:\\\/\\\/hundtgroup.com\\\/wp-content\\\/uploads\\\/346208.jpg\",\"contentUrl\":\"https:\\\/\\\/hundtgroup.com\\\/wp-content\\\/uploads\\\/346208.jpg\",\"width\":400,\"height\":400},{\"@type\":\"BreadcrumbList\",\"@id\":\"https:\\\/\\\/hundtgroup.com\\\/sk\\\/produkt\\\/suprava-ozubenych-reznych-hran-trumpf-pre-trutool-c-200\\\/#breadcrumb\",\"itemListElement\":[{\"@type\":\"ListItem\",\"position\":1,\"name\":\"Startseite\",\"item\":\"https:\\\/\\\/hundtgroup.com\\\/sk\\\/domov-nove\\\/\"},{\"@type\":\"ListItem\",\"position\":2,\"name\":\"Obchod\",\"item\":\"https:\\\/\\\/hundtgroup.com\\\/obchod\\\/\"},{\"@type\":\"ListItem\",\"position\":3,\"name\":\"S\u00faprava ozuben\u00fdch rezn\u00fdch hr\u00e1n TRUMPF pre TruTool C 200\"}]},{\"@type\":\"WebSite\",\"@id\":\"https:\\\/\\\/hundtgroup.com\\\/sk\\\/#website\",\"url\":\"https:\\\/\\\/hundtgroup.com\\\/sk\\\/\",\"name\":\"Wilhelm Hundt GmbH\",\"description\":\"V\u00e1\u0161 \u0161pecialista na stroje a n\u00e1stroje na spracovanie plechu\",\"potentialAction\":[{\"@type\":\"SearchAction\",\"target\":{\"@type\":\"EntryPoint\",\"urlTemplate\":\"https:\\\/\\\/hundtgroup.com\\\/sk\\\/?s={search_term_string}\"},\"query-input\":{\"@type\":\"PropertyValueSpecification\",\"valueRequired\":true,\"valueName\":\"search_term_string\"}}],\"inLanguage\":\"sk-SK\"}]}<\/script>\n<!-- \/ Yoast SEO plugin. -->","yoast_head_json":{"title":"S\u00faprava ozuben\u00fdch rezn\u00fdch hr\u00e1n TRUMPF pre TruTool C 200 - Wilhelm Hundt GmbH","robots":{"index":"index","follow":"follow","max-snippet":"max-snippet:-1","max-image-preview":"max-image-preview:large","max-video-preview":"max-video-preview:-1"},"canonical":"https:\/\/hundtgroup.com\/sk\/produkt\/suprava-ozubenych-reznych-hran-trumpf-pre-trutool-c-200\/","og_locale":"sk_SK","og_type":"article","og_title":"S\u00faprava ozuben\u00fdch rezn\u00fdch hr\u00e1n TRUMPF pre TruTool C 200 - Wilhelm Hundt GmbH","og_description":"Rezn\u00e9 li\u0161ty vhodn\u00e9 pre akumul\u00e1torov\u00e9 no\u017enice na rezanie TRUMPF TruTool C 200 Z\u00fabkovanie rezn\u00fdch l\u00ed\u0161t sp\u00f4sobuje samoposuv a zni\u017euje posuvn\u00fa silu. T\u00fdm sa zabezpe\u010duje maxim\u00e1lna pracovn\u00e1 r\u00fdchlos\u0165.","og_url":"https:\/\/hundtgroup.com\/sk\/produkt\/suprava-ozubenych-reznych-hran-trumpf-pre-trutool-c-200\/","og_site_name":"Wilhelm Hundt GmbH","article_modified_time":"2025-07-29T08:24:10+00:00","og_image":[{"width":400,"height":400,"url":"https:\/\/hundtgroup.com\/wp-content\/uploads\/346208.jpg","type":"image\/jpeg"}],"twitter_card":"summary_large_image","schema":{"@context":"https:\/\/schema.org","@graph":[{"@type":"WebPage","@id":"https:\/\/hundtgroup.com\/sk\/produkt\/suprava-ozubenych-reznych-hran-trumpf-pre-trutool-c-200\/","url":"https:\/\/hundtgroup.com\/sk\/produkt\/suprava-ozubenych-reznych-hran-trumpf-pre-trutool-c-200\/","name":"S\u00faprava ozuben\u00fdch rezn\u00fdch hr\u00e1n TRUMPF pre TruTool C 200 - Wilhelm Hundt GmbH","isPartOf":{"@id":"https:\/\/hundtgroup.com\/sk\/#website"},"primaryImageOfPage":{"@id":"https:\/\/hundtgroup.com\/sk\/produkt\/suprava-ozubenych-reznych-hran-trumpf-pre-trutool-c-200\/#primaryimage"},"image":{"@id":"https:\/\/hundtgroup.com\/sk\/produkt\/suprava-ozubenych-reznych-hran-trumpf-pre-trutool-c-200\/#primaryimage"},"thumbnailUrl":"https:\/\/hundtgroup.com\/wp-content\/uploads\/346208.jpg","datePublished":"2022-08-23T13:56:48+00:00","dateModified":"2025-07-29T08:24:10+00:00","breadcrumb":{"@id":"https:\/\/hundtgroup.com\/sk\/produkt\/suprava-ozubenych-reznych-hran-trumpf-pre-trutool-c-200\/#breadcrumb"},"inLanguage":"sk-SK","potentialAction":[{"@type":"ReadAction","target":["https:\/\/hundtgroup.com\/sk\/produkt\/suprava-ozubenych-reznych-hran-trumpf-pre-trutool-c-200\/"]}]},{"@type":"ImageObject","inLanguage":"sk-SK","@id":"https:\/\/hundtgroup.com\/sk\/produkt\/suprava-ozubenych-reznych-hran-trumpf-pre-trutool-c-200\/#primaryimage","url":"https:\/\/hundtgroup.com\/wp-content\/uploads\/346208.jpg","contentUrl":"https:\/\/hundtgroup.com\/wp-content\/uploads\/346208.jpg","width":400,"height":400},{"@type":"BreadcrumbList","@id":"https:\/\/hundtgroup.com\/sk\/produkt\/suprava-ozubenych-reznych-hran-trumpf-pre-trutool-c-200\/#breadcrumb","itemListElement":[{"@type":"ListItem","position":1,"name":"Startseite","item":"https:\/\/hundtgroup.com\/sk\/domov-nove\/"},{"@type":"ListItem","position":2,"name":"Obchod","item":"https:\/\/hundtgroup.com\/obchod\/"},{"@type":"ListItem","position":3,"name":"S\u00faprava ozuben\u00fdch rezn\u00fdch hr\u00e1n TRUMPF pre TruTool C 200"}]},{"@type":"WebSite","@id":"https:\/\/hundtgroup.com\/sk\/#website","url":"https:\/\/hundtgroup.com\/sk\/","name":"Wilhelm Hundt GmbH","description":"V\u00e1\u0161 \u0161pecialista na stroje a n\u00e1stroje na spracovanie plechu","potentialAction":[{"@type":"SearchAction","target":{"@type":"EntryPoint","urlTemplate":"https:\/\/hundtgroup.com\/sk\/?s={search_term_string}"},"query-input":{"@type":"PropertyValueSpecification","valueRequired":true,"valueName":"search_term_string"}}],"inLanguage":"sk-SK"}]}},"_links":{"self":[{"href":"https:\/\/hundtgroup.com\/sk\/wp-json\/wp\/v2\/product\/28100","targetHints":{"allow":["GET"]}}],"collection":[{"href":"https:\/\/hundtgroup.com\/sk\/wp-json\/wp\/v2\/product"}],"about":[{"href":"https:\/\/hundtgroup.com\/sk\/wp-json\/wp\/v2\/types\/product"}],"wp:featuredmedia":[{"embeddable":true,"href":"https:\/\/hundtgroup.com\/sk\/wp-json\/wp\/v2\/media\/28103"}],"wp:attachment":[{"href":"https:\/\/hundtgroup.com\/sk\/wp-json\/wp\/v2\/media?parent=28100"}],"wp:term":[{"taxonomy":"product_cat","embeddable":true,"href":"https:\/\/hundtgroup.com\/sk\/wp-json\/wp\/v2\/product_cat?post=28100"},{"taxonomy":"product_tag","embeddable":true,"href":"https:\/\/hundtgroup.com\/sk\/wp-json\/wp\/v2\/product_tag?post=28100"}],"curies":[{"name":"wp","href":"https:\/\/api.w.org\/{rel}","templated":true}]}}