{"id":28362,"date":"2022-08-23T15:56:03","date_gmt":"2022-08-23T13:56:03","guid":{"rendered":"https:\/\/hundtgroup.com\/produkt\/zatvarac-svov-trutool-f-300\/"},"modified":"2025-07-29T10:19:08","modified_gmt":"2025-07-29T08:19:08","slug":"zatvarac-svov-trutool-f-300","status":"publish","type":"product","link":"https:\/\/hundtgroup.com\/sk\/produkt\/zatvarac-svov-trutool-f-300\/","title":{"rendered":"Zatv\u00e1ra\u010d \u0161vov TruTool F 300"},"content":{"rendered":"<p>Uzatv\u00e1ranie j\u00e1mov\u00fdch \u0161vov<br \/>\n\u00dasporn\u00e9 falo\u0161n\u00e9 uzatv\u00e1ranie priamo na mont\u00e1\u017enej stanici<br \/>\nKonzistentn\u00fd v\u00fdsledok \u0161itia na kan\u00e1loch v\u010faka samo\u010dinn\u00e9mu pod\u00e1vaniu<br \/>\nR\u00fdchle a tesn\u00e9 spojenie \u0161vov<br \/>\nMo\u017eno pou\u017ei\u0165 na rovn\u00e9 a zakriven\u00e9 kan\u00e1ly s hr\u00fabkou plechu od 0,75 mm do 1,25 mm<br \/>\n\u017diadne prestavovanie pri spracovan\u00ed tvarovan\u00fdch a zakriven\u00fdch kusov<\/p>\n","protected":false},"excerpt":{"rendered":"<p>Uzatv\u00e1ranie j\u00e1mov\u00fdch \u0161vov \u00dasporn\u00e9 falo\u0161n\u00e9 uzatv\u00e1ranie priamo na mont\u00e1\u017enej stanici Konzistentn\u00fd v\u00fdsledok \u0161itia na kan\u00e1loch v\u010faka samo\u010dinn\u00e9mu pod\u00e1vaniu R\u00fdchle a tesn\u00e9 spojenie \u0161vov Mo\u017eno pou\u017ei\u0165 na rovn\u00e9 a zakriven\u00e9 kan\u00e1ly s hr\u00fabkou plechu od 0,75 mm do 1,25 mm \u017diadne prestavovanie pri spracovan\u00ed tvarovan\u00fdch a zakriven\u00fdch kusov<\/p>\n","protected":false},"featured_media":28364,"template":"","meta":{"_acf_changed":false,"inline_featured_image":false},"product_cat":[656,2275],"product_tag":[],"class_list":{"0":"post-28362","1":"product","2":"type-product","3":"status-publish","4":"has-post-thumbnail","6":"brand-trumpf","7":"product_cat-elektricke-naradie","8":"product_cat-uzavretie-svu","10":"first","11":"instock","12":"sale","13":"taxable","14":"shipping-taxable","15":"purchasable","16":"product-type-simple","17":"add-to-wishlist-before_image"},"acf":[],"yoast_head":"<!-- This site is optimized with the Yoast SEO plugin v27.3 - https:\/\/yoast.com\/product\/yoast-seo-wordpress\/ -->\n<title>Zatv\u00e1ra\u010d \u0161vov TruTool F 300 - Wilhelm Hundt GmbH<\/title>\n<meta name=\"robots\" content=\"index, follow, max-snippet:-1, max-image-preview:large, max-video-preview:-1\" \/>\n<link rel=\"canonical\" href=\"https:\/\/hundtgroup.com\/sk\/produkt\/zatvarac-svov-trutool-f-300\/\" \/>\n<meta property=\"og:locale\" content=\"sk_SK\" \/>\n<meta property=\"og:type\" content=\"article\" \/>\n<meta property=\"og:title\" content=\"Zatv\u00e1ra\u010d \u0161vov TruTool F 300 - Wilhelm Hundt GmbH\" \/>\n<meta property=\"og:description\" content=\"Uzatv\u00e1ranie j\u00e1mov\u00fdch \u0161vov \u00dasporn\u00e9 falo\u0161n\u00e9 uzatv\u00e1ranie priamo na mont\u00e1\u017enej stanici Konzistentn\u00fd v\u00fdsledok \u0161itia na kan\u00e1loch v\u010faka samo\u010dinn\u00e9mu pod\u00e1vaniu R\u00fdchle a tesn\u00e9 spojenie \u0161vov Mo\u017eno pou\u017ei\u0165 na rovn\u00e9 a zakriven\u00e9 kan\u00e1ly s hr\u00fabkou plechu od 0,75 mm do 1,25 mm \u017diadne prestavovanie pri spracovan\u00ed tvarovan\u00fdch a zakriven\u00fdch kusov\" \/>\n<meta property=\"og:url\" content=\"https:\/\/hundtgroup.com\/sk\/produkt\/zatvarac-svov-trutool-f-300\/\" \/>\n<meta property=\"og:site_name\" content=\"Wilhelm Hundt GmbH\" \/>\n<meta property=\"article:modified_time\" content=\"2025-07-29T08:19:08+00:00\" \/>\n<meta property=\"og:image\" content=\"https:\/\/hundtgroup.com\/wp-content\/uploads\/353000.png\" \/>\n\t<meta property=\"og:image:width\" content=\"459\" \/>\n\t<meta property=\"og:image:height\" content=\"592\" \/>\n\t<meta property=\"og:image:type\" content=\"image\/png\" \/>\n<meta name=\"twitter:card\" content=\"summary_large_image\" \/>\n<script type=\"application\/ld+json\" class=\"yoast-schema-graph\">{\"@context\":\"https:\\\/\\\/schema.org\",\"@graph\":[{\"@type\":\"WebPage\",\"@id\":\"https:\\\/\\\/hundtgroup.com\\\/sk\\\/produkt\\\/zatvarac-svov-trutool-f-300\\\/\",\"url\":\"https:\\\/\\\/hundtgroup.com\\\/sk\\\/produkt\\\/zatvarac-svov-trutool-f-300\\\/\",\"name\":\"Zatv\u00e1ra\u010d \u0161vov TruTool F 300 - Wilhelm Hundt GmbH\",\"isPartOf\":{\"@id\":\"https:\\\/\\\/hundtgroup.com\\\/sk\\\/#website\"},\"primaryImageOfPage\":{\"@id\":\"https:\\\/\\\/hundtgroup.com\\\/sk\\\/produkt\\\/zatvarac-svov-trutool-f-300\\\/#primaryimage\"},\"image\":{\"@id\":\"https:\\\/\\\/hundtgroup.com\\\/sk\\\/produkt\\\/zatvarac-svov-trutool-f-300\\\/#primaryimage\"},\"thumbnailUrl\":\"https:\\\/\\\/hundtgroup.com\\\/wp-content\\\/uploads\\\/353000.png\",\"datePublished\":\"2022-08-23T13:56:03+00:00\",\"dateModified\":\"2025-07-29T08:19:08+00:00\",\"breadcrumb\":{\"@id\":\"https:\\\/\\\/hundtgroup.com\\\/sk\\\/produkt\\\/zatvarac-svov-trutool-f-300\\\/#breadcrumb\"},\"inLanguage\":\"sk-SK\",\"potentialAction\":[{\"@type\":\"ReadAction\",\"target\":[\"https:\\\/\\\/hundtgroup.com\\\/sk\\\/produkt\\\/zatvarac-svov-trutool-f-300\\\/\"]}]},{\"@type\":\"ImageObject\",\"inLanguage\":\"sk-SK\",\"@id\":\"https:\\\/\\\/hundtgroup.com\\\/sk\\\/produkt\\\/zatvarac-svov-trutool-f-300\\\/#primaryimage\",\"url\":\"https:\\\/\\\/hundtgroup.com\\\/wp-content\\\/uploads\\\/353000.png\",\"contentUrl\":\"https:\\\/\\\/hundtgroup.com\\\/wp-content\\\/uploads\\\/353000.png\",\"width\":459,\"height\":592},{\"@type\":\"BreadcrumbList\",\"@id\":\"https:\\\/\\\/hundtgroup.com\\\/sk\\\/produkt\\\/zatvarac-svov-trutool-f-300\\\/#breadcrumb\",\"itemListElement\":[{\"@type\":\"ListItem\",\"position\":1,\"name\":\"Startseite\",\"item\":\"https:\\\/\\\/hundtgroup.com\\\/sk\\\/domov-nove\\\/\"},{\"@type\":\"ListItem\",\"position\":2,\"name\":\"Obchod\",\"item\":\"https:\\\/\\\/hundtgroup.com\\\/obchod\\\/\"},{\"@type\":\"ListItem\",\"position\":3,\"name\":\"Zatv\u00e1ra\u010d \u0161vov TruTool F 300\"}]},{\"@type\":\"WebSite\",\"@id\":\"https:\\\/\\\/hundtgroup.com\\\/sk\\\/#website\",\"url\":\"https:\\\/\\\/hundtgroup.com\\\/sk\\\/\",\"name\":\"Wilhelm Hundt GmbH\",\"description\":\"V\u00e1\u0161 \u0161pecialista na stroje a n\u00e1stroje na spracovanie plechu\",\"potentialAction\":[{\"@type\":\"SearchAction\",\"target\":{\"@type\":\"EntryPoint\",\"urlTemplate\":\"https:\\\/\\\/hundtgroup.com\\\/sk\\\/?s={search_term_string}\"},\"query-input\":{\"@type\":\"PropertyValueSpecification\",\"valueRequired\":true,\"valueName\":\"search_term_string\"}}],\"inLanguage\":\"sk-SK\"}]}<\/script>\n<!-- \/ Yoast SEO plugin. -->","yoast_head_json":{"title":"Zatv\u00e1ra\u010d \u0161vov TruTool F 300 - Wilhelm Hundt GmbH","robots":{"index":"index","follow":"follow","max-snippet":"max-snippet:-1","max-image-preview":"max-image-preview:large","max-video-preview":"max-video-preview:-1"},"canonical":"https:\/\/hundtgroup.com\/sk\/produkt\/zatvarac-svov-trutool-f-300\/","og_locale":"sk_SK","og_type":"article","og_title":"Zatv\u00e1ra\u010d \u0161vov TruTool F 300 - Wilhelm Hundt GmbH","og_description":"Uzatv\u00e1ranie j\u00e1mov\u00fdch \u0161vov \u00dasporn\u00e9 falo\u0161n\u00e9 uzatv\u00e1ranie priamo na mont\u00e1\u017enej stanici Konzistentn\u00fd v\u00fdsledok \u0161itia na kan\u00e1loch v\u010faka samo\u010dinn\u00e9mu pod\u00e1vaniu R\u00fdchle a tesn\u00e9 spojenie \u0161vov Mo\u017eno pou\u017ei\u0165 na rovn\u00e9 a zakriven\u00e9 kan\u00e1ly s hr\u00fabkou plechu od 0,75 mm do 1,25 mm \u017diadne prestavovanie pri spracovan\u00ed tvarovan\u00fdch a zakriven\u00fdch kusov","og_url":"https:\/\/hundtgroup.com\/sk\/produkt\/zatvarac-svov-trutool-f-300\/","og_site_name":"Wilhelm Hundt GmbH","article_modified_time":"2025-07-29T08:19:08+00:00","og_image":[{"width":459,"height":592,"url":"https:\/\/hundtgroup.com\/wp-content\/uploads\/353000.png","type":"image\/png"}],"twitter_card":"summary_large_image","schema":{"@context":"https:\/\/schema.org","@graph":[{"@type":"WebPage","@id":"https:\/\/hundtgroup.com\/sk\/produkt\/zatvarac-svov-trutool-f-300\/","url":"https:\/\/hundtgroup.com\/sk\/produkt\/zatvarac-svov-trutool-f-300\/","name":"Zatv\u00e1ra\u010d \u0161vov TruTool F 300 - Wilhelm Hundt GmbH","isPartOf":{"@id":"https:\/\/hundtgroup.com\/sk\/#website"},"primaryImageOfPage":{"@id":"https:\/\/hundtgroup.com\/sk\/produkt\/zatvarac-svov-trutool-f-300\/#primaryimage"},"image":{"@id":"https:\/\/hundtgroup.com\/sk\/produkt\/zatvarac-svov-trutool-f-300\/#primaryimage"},"thumbnailUrl":"https:\/\/hundtgroup.com\/wp-content\/uploads\/353000.png","datePublished":"2022-08-23T13:56:03+00:00","dateModified":"2025-07-29T08:19:08+00:00","breadcrumb":{"@id":"https:\/\/hundtgroup.com\/sk\/produkt\/zatvarac-svov-trutool-f-300\/#breadcrumb"},"inLanguage":"sk-SK","potentialAction":[{"@type":"ReadAction","target":["https:\/\/hundtgroup.com\/sk\/produkt\/zatvarac-svov-trutool-f-300\/"]}]},{"@type":"ImageObject","inLanguage":"sk-SK","@id":"https:\/\/hundtgroup.com\/sk\/produkt\/zatvarac-svov-trutool-f-300\/#primaryimage","url":"https:\/\/hundtgroup.com\/wp-content\/uploads\/353000.png","contentUrl":"https:\/\/hundtgroup.com\/wp-content\/uploads\/353000.png","width":459,"height":592},{"@type":"BreadcrumbList","@id":"https:\/\/hundtgroup.com\/sk\/produkt\/zatvarac-svov-trutool-f-300\/#breadcrumb","itemListElement":[{"@type":"ListItem","position":1,"name":"Startseite","item":"https:\/\/hundtgroup.com\/sk\/domov-nove\/"},{"@type":"ListItem","position":2,"name":"Obchod","item":"https:\/\/hundtgroup.com\/obchod\/"},{"@type":"ListItem","position":3,"name":"Zatv\u00e1ra\u010d \u0161vov TruTool F 300"}]},{"@type":"WebSite","@id":"https:\/\/hundtgroup.com\/sk\/#website","url":"https:\/\/hundtgroup.com\/sk\/","name":"Wilhelm Hundt GmbH","description":"V\u00e1\u0161 \u0161pecialista na stroje a n\u00e1stroje na spracovanie plechu","potentialAction":[{"@type":"SearchAction","target":{"@type":"EntryPoint","urlTemplate":"https:\/\/hundtgroup.com\/sk\/?s={search_term_string}"},"query-input":{"@type":"PropertyValueSpecification","valueRequired":true,"valueName":"search_term_string"}}],"inLanguage":"sk-SK"}]}},"_links":{"self":[{"href":"https:\/\/hundtgroup.com\/sk\/wp-json\/wp\/v2\/product\/28362","targetHints":{"allow":["GET"]}}],"collection":[{"href":"https:\/\/hundtgroup.com\/sk\/wp-json\/wp\/v2\/product"}],"about":[{"href":"https:\/\/hundtgroup.com\/sk\/wp-json\/wp\/v2\/types\/product"}],"wp:featuredmedia":[{"embeddable":true,"href":"https:\/\/hundtgroup.com\/sk\/wp-json\/wp\/v2\/media\/28364"}],"wp:attachment":[{"href":"https:\/\/hundtgroup.com\/sk\/wp-json\/wp\/v2\/media?parent=28362"}],"wp:term":[{"taxonomy":"product_cat","embeddable":true,"href":"https:\/\/hundtgroup.com\/sk\/wp-json\/wp\/v2\/product_cat?post=28362"},{"taxonomy":"product_tag","embeddable":true,"href":"https:\/\/hundtgroup.com\/sk\/wp-json\/wp\/v2\/product_tag?post=28362"}],"curies":[{"name":"wp","href":"https:\/\/api.w.org\/{rel}","templated":true}]}}