{"id":28472,"date":"2022-08-23T16:02:13","date_gmt":"2022-08-23T14:02:13","guid":{"rendered":"https:\/\/hundtgroup.com\/produkt\/edding-plstene-pero-3000-s-okruhlym-hrotom-modre\/"},"modified":"2025-07-29T12:02:23","modified_gmt":"2025-07-29T10:02:23","slug":"edding-plstene-pero-3000-s-okruhlym-hrotom-modre","status":"publish","type":"product","link":"https:\/\/hundtgroup.com\/sk\/produkt\/edding-plstene-pero-3000-s-okruhlym-hrotom-modre\/","title":{"rendered":"Edding plsten\u00e9 pero 3000 s okr\u00fahlym hrotom modr\u00e9"},"content":{"rendered":"<p>Permanentn\u00fd popisova\u010d Odoln\u00fd vo\u010di svetlu, r\u00fdchloschn\u00faci atrament s n\u00edzkym z\u00e1pachom, odoln\u00fd vo\u010di rozmazaniu a vode, hlin\u00edkov\u00e9 puzdro, ide\u00e1lny na ozna\u010dovanie takmer v\u0161etk\u00fdch materi\u00e1lov vr\u00e1tane skla, kovu a plastu, hr\u00fabka p\u00edsma 1,5 &#8211; 3,0 mm<\/p>\n","protected":false},"excerpt":{"rendered":"<p>Permanentn\u00fd popisova\u010d Odoln\u00fd vo\u010di svetlu, r\u00fdchloschn\u00faci atrament s n\u00edzkym z\u00e1pachom, odoln\u00fd vo\u010di rozmazaniu a vode, hlin\u00edkov\u00e9 puzdro, ide\u00e1lny na ozna\u010dovanie takmer v\u0161etk\u00fdch materi\u00e1lov vr\u00e1tane skla, kovu a plastu, hr\u00fabka p\u00edsma 1,5 &#8211; 3,0 mm<\/p>\n","protected":false},"featured_media":0,"template":"","meta":{"_acf_changed":false,"inline_featured_image":false},"product_cat":[2181,2180],"product_tag":[],"class_list":{"0":"post-28472","1":"product","2":"type-product","3":"status-publish","5":"brand-edding","6":"product_cat-oznacovanie","7":"product_cat-zariadenie-staveniska","9":"first","10":"instock","11":"taxable","12":"shipping-taxable","13":"purchasable","14":"product-type-simple","15":"add-to-wishlist-before_image"},"acf":[],"yoast_head":"<!-- This site is optimized with the Yoast SEO plugin v27.3 - https:\/\/yoast.com\/product\/yoast-seo-wordpress\/ -->\n<title>Edding plsten\u00e9 pero 3000 s okr\u00fahlym hrotom modr\u00e9 - Wilhelm Hundt GmbH<\/title>\n<meta name=\"robots\" content=\"index, follow, max-snippet:-1, max-image-preview:large, max-video-preview:-1\" \/>\n<link rel=\"canonical\" href=\"https:\/\/hundtgroup.com\/sk\/produkt\/edding-plstene-pero-3000-s-okruhlym-hrotom-modre\/\" \/>\n<meta property=\"og:locale\" content=\"sk_SK\" \/>\n<meta property=\"og:type\" content=\"article\" \/>\n<meta property=\"og:title\" content=\"Edding plsten\u00e9 pero 3000 s okr\u00fahlym hrotom modr\u00e9 - Wilhelm Hundt GmbH\" \/>\n<meta property=\"og:description\" content=\"Permanentn\u00fd popisova\u010d Odoln\u00fd vo\u010di svetlu, r\u00fdchloschn\u00faci atrament s n\u00edzkym z\u00e1pachom, odoln\u00fd vo\u010di rozmazaniu a vode, hlin\u00edkov\u00e9 puzdro, ide\u00e1lny na ozna\u010dovanie takmer v\u0161etk\u00fdch materi\u00e1lov vr\u00e1tane skla, kovu a plastu, hr\u00fabka p\u00edsma 1,5 &#8211; 3,0 mm\" \/>\n<meta property=\"og:url\" content=\"https:\/\/hundtgroup.com\/sk\/produkt\/edding-plstene-pero-3000-s-okruhlym-hrotom-modre\/\" \/>\n<meta property=\"og:site_name\" content=\"Wilhelm Hundt GmbH\" \/>\n<meta property=\"article:modified_time\" content=\"2025-07-29T10:02:23+00:00\" \/>\n<meta name=\"twitter:card\" content=\"summary_large_image\" \/>\n<script type=\"application\/ld+json\" class=\"yoast-schema-graph\">{\"@context\":\"https:\\\/\\\/schema.org\",\"@graph\":[{\"@type\":\"WebPage\",\"@id\":\"https:\\\/\\\/hundtgroup.com\\\/sk\\\/produkt\\\/edding-plstene-pero-3000-s-okruhlym-hrotom-modre\\\/\",\"url\":\"https:\\\/\\\/hundtgroup.com\\\/sk\\\/produkt\\\/edding-plstene-pero-3000-s-okruhlym-hrotom-modre\\\/\",\"name\":\"Edding plsten\u00e9 pero 3000 s okr\u00fahlym hrotom modr\u00e9 - Wilhelm Hundt GmbH\",\"isPartOf\":{\"@id\":\"https:\\\/\\\/hundtgroup.com\\\/sk\\\/#website\"},\"datePublished\":\"2022-08-23T14:02:13+00:00\",\"dateModified\":\"2025-07-29T10:02:23+00:00\",\"breadcrumb\":{\"@id\":\"https:\\\/\\\/hundtgroup.com\\\/sk\\\/produkt\\\/edding-plstene-pero-3000-s-okruhlym-hrotom-modre\\\/#breadcrumb\"},\"inLanguage\":\"sk-SK\",\"potentialAction\":[{\"@type\":\"ReadAction\",\"target\":[\"https:\\\/\\\/hundtgroup.com\\\/sk\\\/produkt\\\/edding-plstene-pero-3000-s-okruhlym-hrotom-modre\\\/\"]}]},{\"@type\":\"BreadcrumbList\",\"@id\":\"https:\\\/\\\/hundtgroup.com\\\/sk\\\/produkt\\\/edding-plstene-pero-3000-s-okruhlym-hrotom-modre\\\/#breadcrumb\",\"itemListElement\":[{\"@type\":\"ListItem\",\"position\":1,\"name\":\"Startseite\",\"item\":\"https:\\\/\\\/hundtgroup.com\\\/sk\\\/domov-nove\\\/\"},{\"@type\":\"ListItem\",\"position\":2,\"name\":\"Obchod\",\"item\":\"https:\\\/\\\/hundtgroup.com\\\/obchod\\\/\"},{\"@type\":\"ListItem\",\"position\":3,\"name\":\"Edding plsten\u00e9 pero 3000 s okr\u00fahlym hrotom modr\u00e9\"}]},{\"@type\":\"WebSite\",\"@id\":\"https:\\\/\\\/hundtgroup.com\\\/sk\\\/#website\",\"url\":\"https:\\\/\\\/hundtgroup.com\\\/sk\\\/\",\"name\":\"Wilhelm Hundt GmbH\",\"description\":\"V\u00e1\u0161 \u0161pecialista na stroje a n\u00e1stroje na spracovanie plechu\",\"potentialAction\":[{\"@type\":\"SearchAction\",\"target\":{\"@type\":\"EntryPoint\",\"urlTemplate\":\"https:\\\/\\\/hundtgroup.com\\\/sk\\\/?s={search_term_string}\"},\"query-input\":{\"@type\":\"PropertyValueSpecification\",\"valueRequired\":true,\"valueName\":\"search_term_string\"}}],\"inLanguage\":\"sk-SK\"}]}<\/script>\n<!-- \/ Yoast SEO plugin. -->","yoast_head_json":{"title":"Edding plsten\u00e9 pero 3000 s okr\u00fahlym hrotom modr\u00e9 - Wilhelm Hundt GmbH","robots":{"index":"index","follow":"follow","max-snippet":"max-snippet:-1","max-image-preview":"max-image-preview:large","max-video-preview":"max-video-preview:-1"},"canonical":"https:\/\/hundtgroup.com\/sk\/produkt\/edding-plstene-pero-3000-s-okruhlym-hrotom-modre\/","og_locale":"sk_SK","og_type":"article","og_title":"Edding plsten\u00e9 pero 3000 s okr\u00fahlym hrotom modr\u00e9 - Wilhelm Hundt GmbH","og_description":"Permanentn\u00fd popisova\u010d Odoln\u00fd vo\u010di svetlu, r\u00fdchloschn\u00faci atrament s n\u00edzkym z\u00e1pachom, odoln\u00fd vo\u010di rozmazaniu a vode, hlin\u00edkov\u00e9 puzdro, ide\u00e1lny na ozna\u010dovanie takmer v\u0161etk\u00fdch materi\u00e1lov vr\u00e1tane skla, kovu a plastu, hr\u00fabka p\u00edsma 1,5 &#8211; 3,0 mm","og_url":"https:\/\/hundtgroup.com\/sk\/produkt\/edding-plstene-pero-3000-s-okruhlym-hrotom-modre\/","og_site_name":"Wilhelm Hundt GmbH","article_modified_time":"2025-07-29T10:02:23+00:00","twitter_card":"summary_large_image","schema":{"@context":"https:\/\/schema.org","@graph":[{"@type":"WebPage","@id":"https:\/\/hundtgroup.com\/sk\/produkt\/edding-plstene-pero-3000-s-okruhlym-hrotom-modre\/","url":"https:\/\/hundtgroup.com\/sk\/produkt\/edding-plstene-pero-3000-s-okruhlym-hrotom-modre\/","name":"Edding plsten\u00e9 pero 3000 s okr\u00fahlym hrotom modr\u00e9 - Wilhelm Hundt GmbH","isPartOf":{"@id":"https:\/\/hundtgroup.com\/sk\/#website"},"datePublished":"2022-08-23T14:02:13+00:00","dateModified":"2025-07-29T10:02:23+00:00","breadcrumb":{"@id":"https:\/\/hundtgroup.com\/sk\/produkt\/edding-plstene-pero-3000-s-okruhlym-hrotom-modre\/#breadcrumb"},"inLanguage":"sk-SK","potentialAction":[{"@type":"ReadAction","target":["https:\/\/hundtgroup.com\/sk\/produkt\/edding-plstene-pero-3000-s-okruhlym-hrotom-modre\/"]}]},{"@type":"BreadcrumbList","@id":"https:\/\/hundtgroup.com\/sk\/produkt\/edding-plstene-pero-3000-s-okruhlym-hrotom-modre\/#breadcrumb","itemListElement":[{"@type":"ListItem","position":1,"name":"Startseite","item":"https:\/\/hundtgroup.com\/sk\/domov-nove\/"},{"@type":"ListItem","position":2,"name":"Obchod","item":"https:\/\/hundtgroup.com\/obchod\/"},{"@type":"ListItem","position":3,"name":"Edding plsten\u00e9 pero 3000 s okr\u00fahlym hrotom modr\u00e9"}]},{"@type":"WebSite","@id":"https:\/\/hundtgroup.com\/sk\/#website","url":"https:\/\/hundtgroup.com\/sk\/","name":"Wilhelm Hundt GmbH","description":"V\u00e1\u0161 \u0161pecialista na stroje a n\u00e1stroje na spracovanie plechu","potentialAction":[{"@type":"SearchAction","target":{"@type":"EntryPoint","urlTemplate":"https:\/\/hundtgroup.com\/sk\/?s={search_term_string}"},"query-input":{"@type":"PropertyValueSpecification","valueRequired":true,"valueName":"search_term_string"}}],"inLanguage":"sk-SK"}]}},"_links":{"self":[{"href":"https:\/\/hundtgroup.com\/sk\/wp-json\/wp\/v2\/product\/28472","targetHints":{"allow":["GET"]}}],"collection":[{"href":"https:\/\/hundtgroup.com\/sk\/wp-json\/wp\/v2\/product"}],"about":[{"href":"https:\/\/hundtgroup.com\/sk\/wp-json\/wp\/v2\/types\/product"}],"wp:attachment":[{"href":"https:\/\/hundtgroup.com\/sk\/wp-json\/wp\/v2\/media?parent=28472"}],"wp:term":[{"taxonomy":"product_cat","embeddable":true,"href":"https:\/\/hundtgroup.com\/sk\/wp-json\/wp\/v2\/product_cat?post=28472"},{"taxonomy":"product_tag","embeddable":true,"href":"https:\/\/hundtgroup.com\/sk\/wp-json\/wp\/v2\/product_tag?post=28472"}],"curies":[{"name":"wp","href":"https:\/\/api.w.org\/{rel}","templated":true}]}}