{"id":28572,"date":"2022-10-26T15:59:16","date_gmt":"2022-10-26T13:59:16","guid":{"rendered":"https:\/\/hundtgroup.com\/produkt\/rucne-nitovacie-klieste-multi-1\/"},"modified":"2025-07-29T13:01:05","modified_gmt":"2025-07-29T11:01:05","slug":"rucne-nitovacie-klieste-multi-1","status":"publish","type":"product","link":"https:\/\/hundtgroup.com\/sk\/produkt\/rucne-nitovacie-klieste-multi-1\/","title":{"rendered":"Ru\u010dn\u00e9 nitovacie klie\u0161te Multi 1"},"content":{"rendered":"<p>Ru\u010dn\u00fd nitovac\u00ed n\u00e1stroj MULTI 1 na osadzovanie slep\u00fdch nitov, mat\u00edc pre slep\u00e9 nity a z\u00e1vitov\u00fdch svorn\u00edkov pre slep\u00e9 nity.<br \/>\nPlynule nastavite\u013en\u00e1 360\u00b0 oto\u010dn\u00e1 hlava na pr\u00e1cu v \u0165a\u017eko pr\u00edstupn\u00fdch miestach.<\/p>\n","protected":false},"excerpt":{"rendered":"<p>Ru\u010dn\u00fd nitovac\u00ed n\u00e1stroj MULTI 1 na osadzovanie slep\u00fdch nitov, mat\u00edc pre slep\u00e9 nity a z\u00e1vitov\u00fdch svorn\u00edkov pre slep\u00e9 nity. Plynule nastavite\u013en\u00e1 360\u00b0 oto\u010dn\u00e1 hlava na pr\u00e1cu v \u0165a\u017eko pr\u00edstupn\u00fdch miestach.<\/p>\n","protected":false},"featured_media":28573,"template":"","meta":{"_acf_changed":false,"inline_featured_image":false},"product_cat":[2242,2243],"product_tag":[],"class_list":{"0":"post-28572","1":"product","2":"type-product","3":"status-publish","4":"has-post-thumbnail","6":"brand-honsel","7":"product_cat-nastroje-na-nitovanie","8":"product_cat-manualne","10":"first","11":"instock","12":"taxable","13":"shipping-taxable","14":"purchasable","15":"product-type-simple","16":"add-to-wishlist-before_image"},"acf":[],"yoast_head":"<!-- This site is optimized with the Yoast SEO plugin v27.3 - https:\/\/yoast.com\/product\/yoast-seo-wordpress\/ -->\n<title>Ru\u010dn\u00e9 nitovacie klie\u0161te Multi 1 - Wilhelm Hundt GmbH<\/title>\n<meta name=\"robots\" content=\"index, follow, max-snippet:-1, max-image-preview:large, max-video-preview:-1\" \/>\n<link rel=\"canonical\" href=\"https:\/\/hundtgroup.com\/sk\/produkt\/rucne-nitovacie-klieste-multi-1\/\" \/>\n<meta property=\"og:locale\" content=\"sk_SK\" \/>\n<meta property=\"og:type\" content=\"article\" \/>\n<meta property=\"og:title\" content=\"Ru\u010dn\u00e9 nitovacie klie\u0161te Multi 1 - Wilhelm Hundt GmbH\" \/>\n<meta property=\"og:description\" content=\"Ru\u010dn\u00fd nitovac\u00ed n\u00e1stroj MULTI 1 na osadzovanie slep\u00fdch nitov, mat\u00edc pre slep\u00e9 nity a z\u00e1vitov\u00fdch svorn\u00edkov pre slep\u00e9 nity. Plynule nastavite\u013en\u00e1 360\u00b0 oto\u010dn\u00e1 hlava na pr\u00e1cu v \u0165a\u017eko pr\u00edstupn\u00fdch miestach.\" \/>\n<meta property=\"og:url\" content=\"https:\/\/hundtgroup.com\/sk\/produkt\/rucne-nitovacie-klieste-multi-1\/\" \/>\n<meta property=\"og:site_name\" content=\"Wilhelm Hundt GmbH\" \/>\n<meta property=\"article:modified_time\" content=\"2025-07-29T11:01:05+00:00\" \/>\n<meta property=\"og:image\" content=\"https:\/\/hundtgroup.com\/wp-content\/uploads\/500142.jpg\" \/>\n\t<meta property=\"og:image:width\" content=\"1600\" \/>\n\t<meta property=\"og:image:height\" content=\"896\" \/>\n\t<meta property=\"og:image:type\" content=\"image\/jpeg\" \/>\n<meta name=\"twitter:card\" content=\"summary_large_image\" \/>\n<script type=\"application\/ld+json\" class=\"yoast-schema-graph\">{\"@context\":\"https:\\\/\\\/schema.org\",\"@graph\":[{\"@type\":\"WebPage\",\"@id\":\"https:\\\/\\\/hundtgroup.com\\\/sk\\\/produkt\\\/rucne-nitovacie-klieste-multi-1\\\/\",\"url\":\"https:\\\/\\\/hundtgroup.com\\\/sk\\\/produkt\\\/rucne-nitovacie-klieste-multi-1\\\/\",\"name\":\"Ru\u010dn\u00e9 nitovacie klie\u0161te Multi 1 - Wilhelm Hundt GmbH\",\"isPartOf\":{\"@id\":\"https:\\\/\\\/hundtgroup.com\\\/sk\\\/#website\"},\"primaryImageOfPage\":{\"@id\":\"https:\\\/\\\/hundtgroup.com\\\/sk\\\/produkt\\\/rucne-nitovacie-klieste-multi-1\\\/#primaryimage\"},\"image\":{\"@id\":\"https:\\\/\\\/hundtgroup.com\\\/sk\\\/produkt\\\/rucne-nitovacie-klieste-multi-1\\\/#primaryimage\"},\"thumbnailUrl\":\"https:\\\/\\\/hundtgroup.com\\\/wp-content\\\/uploads\\\/500142.jpg\",\"datePublished\":\"2022-10-26T13:59:16+00:00\",\"dateModified\":\"2025-07-29T11:01:05+00:00\",\"breadcrumb\":{\"@id\":\"https:\\\/\\\/hundtgroup.com\\\/sk\\\/produkt\\\/rucne-nitovacie-klieste-multi-1\\\/#breadcrumb\"},\"inLanguage\":\"sk-SK\",\"potentialAction\":[{\"@type\":\"ReadAction\",\"target\":[\"https:\\\/\\\/hundtgroup.com\\\/sk\\\/produkt\\\/rucne-nitovacie-klieste-multi-1\\\/\"]}]},{\"@type\":\"ImageObject\",\"inLanguage\":\"sk-SK\",\"@id\":\"https:\\\/\\\/hundtgroup.com\\\/sk\\\/produkt\\\/rucne-nitovacie-klieste-multi-1\\\/#primaryimage\",\"url\":\"https:\\\/\\\/hundtgroup.com\\\/wp-content\\\/uploads\\\/500142.jpg\",\"contentUrl\":\"https:\\\/\\\/hundtgroup.com\\\/wp-content\\\/uploads\\\/500142.jpg\",\"width\":1600,\"height\":896},{\"@type\":\"BreadcrumbList\",\"@id\":\"https:\\\/\\\/hundtgroup.com\\\/sk\\\/produkt\\\/rucne-nitovacie-klieste-multi-1\\\/#breadcrumb\",\"itemListElement\":[{\"@type\":\"ListItem\",\"position\":1,\"name\":\"Startseite\",\"item\":\"https:\\\/\\\/hundtgroup.com\\\/sk\\\/domov-nove\\\/\"},{\"@type\":\"ListItem\",\"position\":2,\"name\":\"Obchod\",\"item\":\"https:\\\/\\\/hundtgroup.com\\\/obchod\\\/\"},{\"@type\":\"ListItem\",\"position\":3,\"name\":\"Ru\u010dn\u00e9 nitovacie klie\u0161te Multi 1\"}]},{\"@type\":\"WebSite\",\"@id\":\"https:\\\/\\\/hundtgroup.com\\\/sk\\\/#website\",\"url\":\"https:\\\/\\\/hundtgroup.com\\\/sk\\\/\",\"name\":\"Wilhelm Hundt GmbH\",\"description\":\"V\u00e1\u0161 \u0161pecialista na stroje a n\u00e1stroje na spracovanie plechu\",\"potentialAction\":[{\"@type\":\"SearchAction\",\"target\":{\"@type\":\"EntryPoint\",\"urlTemplate\":\"https:\\\/\\\/hundtgroup.com\\\/sk\\\/?s={search_term_string}\"},\"query-input\":{\"@type\":\"PropertyValueSpecification\",\"valueRequired\":true,\"valueName\":\"search_term_string\"}}],\"inLanguage\":\"sk-SK\"}]}<\/script>\n<!-- \/ Yoast SEO plugin. -->","yoast_head_json":{"title":"Ru\u010dn\u00e9 nitovacie klie\u0161te Multi 1 - Wilhelm Hundt GmbH","robots":{"index":"index","follow":"follow","max-snippet":"max-snippet:-1","max-image-preview":"max-image-preview:large","max-video-preview":"max-video-preview:-1"},"canonical":"https:\/\/hundtgroup.com\/sk\/produkt\/rucne-nitovacie-klieste-multi-1\/","og_locale":"sk_SK","og_type":"article","og_title":"Ru\u010dn\u00e9 nitovacie klie\u0161te Multi 1 - Wilhelm Hundt GmbH","og_description":"Ru\u010dn\u00fd nitovac\u00ed n\u00e1stroj MULTI 1 na osadzovanie slep\u00fdch nitov, mat\u00edc pre slep\u00e9 nity a z\u00e1vitov\u00fdch svorn\u00edkov pre slep\u00e9 nity. Plynule nastavite\u013en\u00e1 360\u00b0 oto\u010dn\u00e1 hlava na pr\u00e1cu v \u0165a\u017eko pr\u00edstupn\u00fdch miestach.","og_url":"https:\/\/hundtgroup.com\/sk\/produkt\/rucne-nitovacie-klieste-multi-1\/","og_site_name":"Wilhelm Hundt GmbH","article_modified_time":"2025-07-29T11:01:05+00:00","og_image":[{"width":1600,"height":896,"url":"https:\/\/hundtgroup.com\/wp-content\/uploads\/500142.jpg","type":"image\/jpeg"}],"twitter_card":"summary_large_image","schema":{"@context":"https:\/\/schema.org","@graph":[{"@type":"WebPage","@id":"https:\/\/hundtgroup.com\/sk\/produkt\/rucne-nitovacie-klieste-multi-1\/","url":"https:\/\/hundtgroup.com\/sk\/produkt\/rucne-nitovacie-klieste-multi-1\/","name":"Ru\u010dn\u00e9 nitovacie klie\u0161te Multi 1 - Wilhelm Hundt GmbH","isPartOf":{"@id":"https:\/\/hundtgroup.com\/sk\/#website"},"primaryImageOfPage":{"@id":"https:\/\/hundtgroup.com\/sk\/produkt\/rucne-nitovacie-klieste-multi-1\/#primaryimage"},"image":{"@id":"https:\/\/hundtgroup.com\/sk\/produkt\/rucne-nitovacie-klieste-multi-1\/#primaryimage"},"thumbnailUrl":"https:\/\/hundtgroup.com\/wp-content\/uploads\/500142.jpg","datePublished":"2022-10-26T13:59:16+00:00","dateModified":"2025-07-29T11:01:05+00:00","breadcrumb":{"@id":"https:\/\/hundtgroup.com\/sk\/produkt\/rucne-nitovacie-klieste-multi-1\/#breadcrumb"},"inLanguage":"sk-SK","potentialAction":[{"@type":"ReadAction","target":["https:\/\/hundtgroup.com\/sk\/produkt\/rucne-nitovacie-klieste-multi-1\/"]}]},{"@type":"ImageObject","inLanguage":"sk-SK","@id":"https:\/\/hundtgroup.com\/sk\/produkt\/rucne-nitovacie-klieste-multi-1\/#primaryimage","url":"https:\/\/hundtgroup.com\/wp-content\/uploads\/500142.jpg","contentUrl":"https:\/\/hundtgroup.com\/wp-content\/uploads\/500142.jpg","width":1600,"height":896},{"@type":"BreadcrumbList","@id":"https:\/\/hundtgroup.com\/sk\/produkt\/rucne-nitovacie-klieste-multi-1\/#breadcrumb","itemListElement":[{"@type":"ListItem","position":1,"name":"Startseite","item":"https:\/\/hundtgroup.com\/sk\/domov-nove\/"},{"@type":"ListItem","position":2,"name":"Obchod","item":"https:\/\/hundtgroup.com\/obchod\/"},{"@type":"ListItem","position":3,"name":"Ru\u010dn\u00e9 nitovacie klie\u0161te Multi 1"}]},{"@type":"WebSite","@id":"https:\/\/hundtgroup.com\/sk\/#website","url":"https:\/\/hundtgroup.com\/sk\/","name":"Wilhelm Hundt GmbH","description":"V\u00e1\u0161 \u0161pecialista na stroje a n\u00e1stroje na spracovanie plechu","potentialAction":[{"@type":"SearchAction","target":{"@type":"EntryPoint","urlTemplate":"https:\/\/hundtgroup.com\/sk\/?s={search_term_string}"},"query-input":{"@type":"PropertyValueSpecification","valueRequired":true,"valueName":"search_term_string"}}],"inLanguage":"sk-SK"}]}},"_links":{"self":[{"href":"https:\/\/hundtgroup.com\/sk\/wp-json\/wp\/v2\/product\/28572","targetHints":{"allow":["GET"]}}],"collection":[{"href":"https:\/\/hundtgroup.com\/sk\/wp-json\/wp\/v2\/product"}],"about":[{"href":"https:\/\/hundtgroup.com\/sk\/wp-json\/wp\/v2\/types\/product"}],"wp:featuredmedia":[{"embeddable":true,"href":"https:\/\/hundtgroup.com\/sk\/wp-json\/wp\/v2\/media\/28573"}],"wp:attachment":[{"href":"https:\/\/hundtgroup.com\/sk\/wp-json\/wp\/v2\/media?parent=28572"}],"wp:term":[{"taxonomy":"product_cat","embeddable":true,"href":"https:\/\/hundtgroup.com\/sk\/wp-json\/wp\/v2\/product_cat?post=28572"},{"taxonomy":"product_tag","embeddable":true,"href":"https:\/\/hundtgroup.com\/sk\/wp-json\/wp\/v2\/product_tag?post=28572"}],"curies":[{"name":"wp","href":"https:\/\/api.w.org\/{rel}","templated":true}]}}