{"id":28635,"date":"2022-10-26T15:59:20","date_gmt":"2022-10-26T13:59:20","guid":{"rendered":"https:\/\/hundtgroup.com\/produkt\/hundtov-nastrcny-kluc-s-magnetom-sw-13\/"},"modified":"2025-07-29T13:17:55","modified_gmt":"2025-07-29T11:17:55","slug":"hundtov-nastrcny-kluc-s-magnetom-sw-13","status":"publish","type":"product","link":"https:\/\/hundtgroup.com\/sk\/produkt\/hundtov-nastrcny-kluc-s-magnetom-sw-13\/","title":{"rendered":"Hundtov n\u00e1str\u010dn\u00fd k\u013e\u00fa\u010d s magnetom SW 13"},"content":{"rendered":"<p>1\/4&#8243; n\u00e1hon, tvar E6.3, na priame pripojenie stroja, siln\u00fd permanentn\u00fd magnet upev\u0148uje skrutku, bezpe\u010dn\u00e1 mont\u00e1\u017e jednou rukou, vysok\u00fd prenos<br \/>\nhodn\u00f4t kr\u00fatiaceho momentu<\/p>\n","protected":false},"excerpt":{"rendered":"<p>1\/4&#8243; n\u00e1hon, tvar E6.3, na priame pripojenie stroja, siln\u00fd permanentn\u00fd magnet upev\u0148uje skrutku, bezpe\u010dn\u00e1 mont\u00e1\u017e jednou rukou, vysok\u00fd prenos hodn\u00f4t kr\u00fatiaceho momentu<\/p>\n","protected":false},"featured_media":28614,"template":"","meta":{"_acf_changed":false,"inline_featured_image":false},"product_cat":[2248,2289,2167],"product_tag":[],"class_list":{"0":"post-28635","1":"product","2":"type-product","3":"status-publish","4":"has-post-thumbnail","6":"brand-hundt","7":"product_cat-nasadenia","8":"product_cat-magnet-na-nastrcne-kluce","9":"product_cat-baterie-elektricke-prislusenstvo","11":"first","12":"instock","13":"taxable","14":"shipping-taxable","15":"purchasable","16":"product-type-simple","17":"add-to-wishlist-before_image"},"acf":[],"yoast_head":"<!-- This site is optimized with the Yoast SEO plugin v27.3 - https:\/\/yoast.com\/product\/yoast-seo-wordpress\/ -->\n<title>Hundtov n\u00e1str\u010dn\u00fd k\u013e\u00fa\u010d s magnetom SW 13 - Wilhelm Hundt GmbH<\/title>\n<meta name=\"robots\" content=\"index, follow, max-snippet:-1, max-image-preview:large, max-video-preview:-1\" \/>\n<link rel=\"canonical\" href=\"https:\/\/hundtgroup.com\/sk\/produkt\/hundtov-nastrcny-kluc-s-magnetom-sw-13\/\" \/>\n<meta property=\"og:locale\" content=\"sk_SK\" \/>\n<meta property=\"og:type\" content=\"article\" \/>\n<meta property=\"og:title\" content=\"Hundtov n\u00e1str\u010dn\u00fd k\u013e\u00fa\u010d s magnetom SW 13 - Wilhelm Hundt GmbH\" \/>\n<meta property=\"og:description\" content=\"1\/4&#8243; n\u00e1hon, tvar E6.3, na priame pripojenie stroja, siln\u00fd permanentn\u00fd magnet upev\u0148uje skrutku, bezpe\u010dn\u00e1 mont\u00e1\u017e jednou rukou, vysok\u00fd prenos hodn\u00f4t kr\u00fatiaceho momentu\" \/>\n<meta property=\"og:url\" content=\"https:\/\/hundtgroup.com\/sk\/produkt\/hundtov-nastrcny-kluc-s-magnetom-sw-13\/\" \/>\n<meta property=\"og:site_name\" content=\"Wilhelm Hundt GmbH\" \/>\n<meta property=\"article:modified_time\" content=\"2025-07-29T11:17:55+00:00\" \/>\n<meta property=\"og:image\" content=\"https:\/\/hundtgroup.com\/wp-content\/uploads\/355001.png\" \/>\n\t<meta property=\"og:image:width\" content=\"536\" \/>\n\t<meta property=\"og:image:height\" content=\"191\" \/>\n\t<meta property=\"og:image:type\" content=\"image\/png\" \/>\n<meta name=\"twitter:card\" content=\"summary_large_image\" \/>\n<script type=\"application\/ld+json\" class=\"yoast-schema-graph\">{\"@context\":\"https:\\\/\\\/schema.org\",\"@graph\":[{\"@type\":\"WebPage\",\"@id\":\"https:\\\/\\\/hundtgroup.com\\\/sk\\\/produkt\\\/hundtov-nastrcny-kluc-s-magnetom-sw-13\\\/\",\"url\":\"https:\\\/\\\/hundtgroup.com\\\/sk\\\/produkt\\\/hundtov-nastrcny-kluc-s-magnetom-sw-13\\\/\",\"name\":\"Hundtov n\u00e1str\u010dn\u00fd k\u013e\u00fa\u010d s magnetom SW 13 - Wilhelm Hundt GmbH\",\"isPartOf\":{\"@id\":\"https:\\\/\\\/hundtgroup.com\\\/sk\\\/#website\"},\"primaryImageOfPage\":{\"@id\":\"https:\\\/\\\/hundtgroup.com\\\/sk\\\/produkt\\\/hundtov-nastrcny-kluc-s-magnetom-sw-13\\\/#primaryimage\"},\"image\":{\"@id\":\"https:\\\/\\\/hundtgroup.com\\\/sk\\\/produkt\\\/hundtov-nastrcny-kluc-s-magnetom-sw-13\\\/#primaryimage\"},\"thumbnailUrl\":\"https:\\\/\\\/hundtgroup.com\\\/wp-content\\\/uploads\\\/355001.png\",\"datePublished\":\"2022-10-26T13:59:20+00:00\",\"dateModified\":\"2025-07-29T11:17:55+00:00\",\"breadcrumb\":{\"@id\":\"https:\\\/\\\/hundtgroup.com\\\/sk\\\/produkt\\\/hundtov-nastrcny-kluc-s-magnetom-sw-13\\\/#breadcrumb\"},\"inLanguage\":\"sk-SK\",\"potentialAction\":[{\"@type\":\"ReadAction\",\"target\":[\"https:\\\/\\\/hundtgroup.com\\\/sk\\\/produkt\\\/hundtov-nastrcny-kluc-s-magnetom-sw-13\\\/\"]}]},{\"@type\":\"ImageObject\",\"inLanguage\":\"sk-SK\",\"@id\":\"https:\\\/\\\/hundtgroup.com\\\/sk\\\/produkt\\\/hundtov-nastrcny-kluc-s-magnetom-sw-13\\\/#primaryimage\",\"url\":\"https:\\\/\\\/hundtgroup.com\\\/wp-content\\\/uploads\\\/355001.png\",\"contentUrl\":\"https:\\\/\\\/hundtgroup.com\\\/wp-content\\\/uploads\\\/355001.png\",\"width\":536,\"height\":191},{\"@type\":\"BreadcrumbList\",\"@id\":\"https:\\\/\\\/hundtgroup.com\\\/sk\\\/produkt\\\/hundtov-nastrcny-kluc-s-magnetom-sw-13\\\/#breadcrumb\",\"itemListElement\":[{\"@type\":\"ListItem\",\"position\":1,\"name\":\"Startseite\",\"item\":\"https:\\\/\\\/hundtgroup.com\\\/sk\\\/domov-nove\\\/\"},{\"@type\":\"ListItem\",\"position\":2,\"name\":\"Obchod\",\"item\":\"https:\\\/\\\/hundtgroup.com\\\/obchod\\\/\"},{\"@type\":\"ListItem\",\"position\":3,\"name\":\"Hundtov n\u00e1str\u010dn\u00fd k\u013e\u00fa\u010d s magnetom SW 13\"}]},{\"@type\":\"WebSite\",\"@id\":\"https:\\\/\\\/hundtgroup.com\\\/sk\\\/#website\",\"url\":\"https:\\\/\\\/hundtgroup.com\\\/sk\\\/\",\"name\":\"Wilhelm Hundt GmbH\",\"description\":\"V\u00e1\u0161 \u0161pecialista na stroje a n\u00e1stroje na spracovanie plechu\",\"potentialAction\":[{\"@type\":\"SearchAction\",\"target\":{\"@type\":\"EntryPoint\",\"urlTemplate\":\"https:\\\/\\\/hundtgroup.com\\\/sk\\\/?s={search_term_string}\"},\"query-input\":{\"@type\":\"PropertyValueSpecification\",\"valueRequired\":true,\"valueName\":\"search_term_string\"}}],\"inLanguage\":\"sk-SK\"}]}<\/script>\n<!-- \/ Yoast SEO plugin. -->","yoast_head_json":{"title":"Hundtov n\u00e1str\u010dn\u00fd k\u013e\u00fa\u010d s magnetom SW 13 - Wilhelm Hundt GmbH","robots":{"index":"index","follow":"follow","max-snippet":"max-snippet:-1","max-image-preview":"max-image-preview:large","max-video-preview":"max-video-preview:-1"},"canonical":"https:\/\/hundtgroup.com\/sk\/produkt\/hundtov-nastrcny-kluc-s-magnetom-sw-13\/","og_locale":"sk_SK","og_type":"article","og_title":"Hundtov n\u00e1str\u010dn\u00fd k\u013e\u00fa\u010d s magnetom SW 13 - Wilhelm Hundt GmbH","og_description":"1\/4&#8243; n\u00e1hon, tvar E6.3, na priame pripojenie stroja, siln\u00fd permanentn\u00fd magnet upev\u0148uje skrutku, bezpe\u010dn\u00e1 mont\u00e1\u017e jednou rukou, vysok\u00fd prenos hodn\u00f4t kr\u00fatiaceho momentu","og_url":"https:\/\/hundtgroup.com\/sk\/produkt\/hundtov-nastrcny-kluc-s-magnetom-sw-13\/","og_site_name":"Wilhelm Hundt GmbH","article_modified_time":"2025-07-29T11:17:55+00:00","og_image":[{"width":536,"height":191,"url":"https:\/\/hundtgroup.com\/wp-content\/uploads\/355001.png","type":"image\/png"}],"twitter_card":"summary_large_image","schema":{"@context":"https:\/\/schema.org","@graph":[{"@type":"WebPage","@id":"https:\/\/hundtgroup.com\/sk\/produkt\/hundtov-nastrcny-kluc-s-magnetom-sw-13\/","url":"https:\/\/hundtgroup.com\/sk\/produkt\/hundtov-nastrcny-kluc-s-magnetom-sw-13\/","name":"Hundtov n\u00e1str\u010dn\u00fd k\u013e\u00fa\u010d s magnetom SW 13 - Wilhelm Hundt GmbH","isPartOf":{"@id":"https:\/\/hundtgroup.com\/sk\/#website"},"primaryImageOfPage":{"@id":"https:\/\/hundtgroup.com\/sk\/produkt\/hundtov-nastrcny-kluc-s-magnetom-sw-13\/#primaryimage"},"image":{"@id":"https:\/\/hundtgroup.com\/sk\/produkt\/hundtov-nastrcny-kluc-s-magnetom-sw-13\/#primaryimage"},"thumbnailUrl":"https:\/\/hundtgroup.com\/wp-content\/uploads\/355001.png","datePublished":"2022-10-26T13:59:20+00:00","dateModified":"2025-07-29T11:17:55+00:00","breadcrumb":{"@id":"https:\/\/hundtgroup.com\/sk\/produkt\/hundtov-nastrcny-kluc-s-magnetom-sw-13\/#breadcrumb"},"inLanguage":"sk-SK","potentialAction":[{"@type":"ReadAction","target":["https:\/\/hundtgroup.com\/sk\/produkt\/hundtov-nastrcny-kluc-s-magnetom-sw-13\/"]}]},{"@type":"ImageObject","inLanguage":"sk-SK","@id":"https:\/\/hundtgroup.com\/sk\/produkt\/hundtov-nastrcny-kluc-s-magnetom-sw-13\/#primaryimage","url":"https:\/\/hundtgroup.com\/wp-content\/uploads\/355001.png","contentUrl":"https:\/\/hundtgroup.com\/wp-content\/uploads\/355001.png","width":536,"height":191},{"@type":"BreadcrumbList","@id":"https:\/\/hundtgroup.com\/sk\/produkt\/hundtov-nastrcny-kluc-s-magnetom-sw-13\/#breadcrumb","itemListElement":[{"@type":"ListItem","position":1,"name":"Startseite","item":"https:\/\/hundtgroup.com\/sk\/domov-nove\/"},{"@type":"ListItem","position":2,"name":"Obchod","item":"https:\/\/hundtgroup.com\/obchod\/"},{"@type":"ListItem","position":3,"name":"Hundtov n\u00e1str\u010dn\u00fd k\u013e\u00fa\u010d s magnetom SW 13"}]},{"@type":"WebSite","@id":"https:\/\/hundtgroup.com\/sk\/#website","url":"https:\/\/hundtgroup.com\/sk\/","name":"Wilhelm Hundt GmbH","description":"V\u00e1\u0161 \u0161pecialista na stroje a n\u00e1stroje na spracovanie plechu","potentialAction":[{"@type":"SearchAction","target":{"@type":"EntryPoint","urlTemplate":"https:\/\/hundtgroup.com\/sk\/?s={search_term_string}"},"query-input":{"@type":"PropertyValueSpecification","valueRequired":true,"valueName":"search_term_string"}}],"inLanguage":"sk-SK"}]}},"_links":{"self":[{"href":"https:\/\/hundtgroup.com\/sk\/wp-json\/wp\/v2\/product\/28635","targetHints":{"allow":["GET"]}}],"collection":[{"href":"https:\/\/hundtgroup.com\/sk\/wp-json\/wp\/v2\/product"}],"about":[{"href":"https:\/\/hundtgroup.com\/sk\/wp-json\/wp\/v2\/types\/product"}],"wp:featuredmedia":[{"embeddable":true,"href":"https:\/\/hundtgroup.com\/sk\/wp-json\/wp\/v2\/media\/28614"}],"wp:attachment":[{"href":"https:\/\/hundtgroup.com\/sk\/wp-json\/wp\/v2\/media?parent=28635"}],"wp:term":[{"taxonomy":"product_cat","embeddable":true,"href":"https:\/\/hundtgroup.com\/sk\/wp-json\/wp\/v2\/product_cat?post=28635"},{"taxonomy":"product_tag","embeddable":true,"href":"https:\/\/hundtgroup.com\/sk\/wp-json\/wp\/v2\/product_tag?post=28635"}],"curies":[{"name":"wp","href":"https:\/\/api.w.org\/{rel}","templated":true}]}}