{"id":29443,"date":"2022-08-23T16:00:58","date_gmt":"2022-08-23T14:00:58","guid":{"rendered":"https:\/\/hundtgroup.com\/produkt\/d39ass-idealne-noznice-prave\/"},"modified":"2025-07-29T11:48:16","modified_gmt":"2025-07-29T09:48:16","slug":"d39ass-idealne-noznice-prave","status":"publish","type":"product","link":"https:\/\/hundtgroup.com\/sk\/produkt\/d39ass-idealne-noznice-prave\/","title":{"rendered":"D39ASS Ide\u00e1lne no\u017enice prav\u00e9"},"content":{"rendered":"<p>nepretr\u017eit\u00e9 rovn\u00e9 a figurovan\u00e9 rezy.<br \/>\nZn\u00ed\u017een\u00fd uhol otvorenia rukov\u00e4te.<br \/>\nMimoriadne kompaktn\u00e1 no\u017enicov\u00e1 hlava s \u010diasto\u010dne zapustenou hlavou skrutkov\u00e9ho spoja pre zv\u00fd\u0161en\u00fa man\u00e9vrovate\u013enos\u0165 a presnos\u0165 pri figurovan\u00fdch rezoch.<br \/>\nZ\u00e1vitov\u00fd spoj s \u010dapovou skrutkou, spekanou podlo\u017ekou a bez\u00fadr\u017ebovou pru\u017einou pre maxim\u00e1lnu robustnos\u0165.<br \/>\nCentrick\u00e1 poistn\u00e1 skrutka pre jednoduch\u00e9 ovl\u00e1danie bez nutnosti zmeny \u00fachopu.<\/p>\n","protected":false},"excerpt":{"rendered":"<p>nepretr\u017eit\u00e9 rovn\u00e9 a figurovan\u00e9 rezy. Zn\u00ed\u017een\u00fd uhol otvorenia rukov\u00e4te. Mimoriadne kompaktn\u00e1 no\u017enicov\u00e1 hlava s \u010diasto\u010dne zapustenou hlavou skrutkov\u00e9ho spoja pre zv\u00fd\u0161en\u00fa man\u00e9vrovate\u013enos\u0165 a presnos\u0165 pri figurovan\u00fdch rezoch. Z\u00e1vitov\u00fd spoj s \u010dapovou skrutkou, spekanou podlo\u017ekou a bez\u00fadr\u017ebovou pru\u017einou pre maxim\u00e1lnu robustnos\u0165. Centrick\u00e1 poistn\u00e1 skrutka pre jednoduch\u00e9 ovl\u00e1danie bez nutnosti zmeny \u00fachopu.<\/p>\n","protected":false},"featured_media":29433,"template":"","meta":{"_acf_changed":false,"inline_featured_image":false},"product_cat":[930,2207,2212,2177],"product_tag":[],"class_list":{"0":"post-29443","1":"product","2":"type-product","3":"status-publish","4":"has-post-thumbnail","6":"brand-erdi","7":"product_cat-rucne-naradie","8":"product_cat-idealne-noznice","9":"product_cat-paka-prelozena","10":"product_cat-noznice-na-plech-sk-3","12":"first","13":"instock","14":"taxable","15":"shipping-taxable","16":"purchasable","17":"product-type-simple","18":"add-to-wishlist-before_image"},"acf":[],"yoast_head":"<!-- This site is optimized with the Yoast SEO plugin v27.3 - https:\/\/yoast.com\/product\/yoast-seo-wordpress\/ -->\n<title>D39ASS Ide\u00e1lne no\u017enice prav\u00e9 - Wilhelm Hundt GmbH<\/title>\n<meta name=\"robots\" content=\"index, follow, max-snippet:-1, max-image-preview:large, max-video-preview:-1\" \/>\n<link rel=\"canonical\" href=\"https:\/\/hundtgroup.com\/sk\/produkt\/d39ass-idealne-noznice-prave\/\" \/>\n<meta property=\"og:locale\" content=\"sk_SK\" \/>\n<meta property=\"og:type\" content=\"article\" \/>\n<meta property=\"og:title\" content=\"D39ASS Ide\u00e1lne no\u017enice prav\u00e9 - Wilhelm Hundt GmbH\" \/>\n<meta property=\"og:description\" content=\"nepretr\u017eit\u00e9 rovn\u00e9 a figurovan\u00e9 rezy. Zn\u00ed\u017een\u00fd uhol otvorenia rukov\u00e4te. Mimoriadne kompaktn\u00e1 no\u017enicov\u00e1 hlava s \u010diasto\u010dne zapustenou hlavou skrutkov\u00e9ho spoja pre zv\u00fd\u0161en\u00fa man\u00e9vrovate\u013enos\u0165 a presnos\u0165 pri figurovan\u00fdch rezoch. Z\u00e1vitov\u00fd spoj s \u010dapovou skrutkou, spekanou podlo\u017ekou a bez\u00fadr\u017ebovou pru\u017einou pre maxim\u00e1lnu robustnos\u0165. Centrick\u00e1 poistn\u00e1 skrutka pre jednoduch\u00e9 ovl\u00e1danie bez nutnosti zmeny \u00fachopu.\" \/>\n<meta property=\"og:url\" content=\"https:\/\/hundtgroup.com\/sk\/produkt\/d39ass-idealne-noznice-prave\/\" \/>\n<meta property=\"og:site_name\" content=\"Wilhelm Hundt GmbH\" \/>\n<meta property=\"article:modified_time\" content=\"2025-07-29T09:48:16+00:00\" \/>\n<meta property=\"og:image\" content=\"https:\/\/hundtgroup.com\/wp-content\/uploads\/400167.png\" \/>\n\t<meta property=\"og:image:width\" content=\"686\" \/>\n\t<meta property=\"og:image:height\" content=\"225\" \/>\n\t<meta property=\"og:image:type\" content=\"image\/png\" \/>\n<meta name=\"twitter:card\" content=\"summary_large_image\" \/>\n<script type=\"application\/ld+json\" class=\"yoast-schema-graph\">{\"@context\":\"https:\\\/\\\/schema.org\",\"@graph\":[{\"@type\":\"WebPage\",\"@id\":\"https:\\\/\\\/hundtgroup.com\\\/sk\\\/produkt\\\/d39ass-idealne-noznice-prave\\\/\",\"url\":\"https:\\\/\\\/hundtgroup.com\\\/sk\\\/produkt\\\/d39ass-idealne-noznice-prave\\\/\",\"name\":\"D39ASS Ide\u00e1lne no\u017enice prav\u00e9 - Wilhelm Hundt GmbH\",\"isPartOf\":{\"@id\":\"https:\\\/\\\/hundtgroup.com\\\/sk\\\/#website\"},\"primaryImageOfPage\":{\"@id\":\"https:\\\/\\\/hundtgroup.com\\\/sk\\\/produkt\\\/d39ass-idealne-noznice-prave\\\/#primaryimage\"},\"image\":{\"@id\":\"https:\\\/\\\/hundtgroup.com\\\/sk\\\/produkt\\\/d39ass-idealne-noznice-prave\\\/#primaryimage\"},\"thumbnailUrl\":\"https:\\\/\\\/hundtgroup.com\\\/wp-content\\\/uploads\\\/400167.png\",\"datePublished\":\"2022-08-23T14:00:58+00:00\",\"dateModified\":\"2025-07-29T09:48:16+00:00\",\"breadcrumb\":{\"@id\":\"https:\\\/\\\/hundtgroup.com\\\/sk\\\/produkt\\\/d39ass-idealne-noznice-prave\\\/#breadcrumb\"},\"inLanguage\":\"sk-SK\",\"potentialAction\":[{\"@type\":\"ReadAction\",\"target\":[\"https:\\\/\\\/hundtgroup.com\\\/sk\\\/produkt\\\/d39ass-idealne-noznice-prave\\\/\"]}]},{\"@type\":\"ImageObject\",\"inLanguage\":\"sk-SK\",\"@id\":\"https:\\\/\\\/hundtgroup.com\\\/sk\\\/produkt\\\/d39ass-idealne-noznice-prave\\\/#primaryimage\",\"url\":\"https:\\\/\\\/hundtgroup.com\\\/wp-content\\\/uploads\\\/400167.png\",\"contentUrl\":\"https:\\\/\\\/hundtgroup.com\\\/wp-content\\\/uploads\\\/400167.png\",\"width\":686,\"height\":225},{\"@type\":\"BreadcrumbList\",\"@id\":\"https:\\\/\\\/hundtgroup.com\\\/sk\\\/produkt\\\/d39ass-idealne-noznice-prave\\\/#breadcrumb\",\"itemListElement\":[{\"@type\":\"ListItem\",\"position\":1,\"name\":\"Startseite\",\"item\":\"https:\\\/\\\/hundtgroup.com\\\/sk\\\/domov-nove\\\/\"},{\"@type\":\"ListItem\",\"position\":2,\"name\":\"Obchod\",\"item\":\"https:\\\/\\\/hundtgroup.com\\\/obchod\\\/\"},{\"@type\":\"ListItem\",\"position\":3,\"name\":\"D39ASS Ide\u00e1lne no\u017enice prav\u00e9\"}]},{\"@type\":\"WebSite\",\"@id\":\"https:\\\/\\\/hundtgroup.com\\\/sk\\\/#website\",\"url\":\"https:\\\/\\\/hundtgroup.com\\\/sk\\\/\",\"name\":\"Wilhelm Hundt GmbH\",\"description\":\"V\u00e1\u0161 \u0161pecialista na stroje a n\u00e1stroje na spracovanie plechu\",\"potentialAction\":[{\"@type\":\"SearchAction\",\"target\":{\"@type\":\"EntryPoint\",\"urlTemplate\":\"https:\\\/\\\/hundtgroup.com\\\/sk\\\/?s={search_term_string}\"},\"query-input\":{\"@type\":\"PropertyValueSpecification\",\"valueRequired\":true,\"valueName\":\"search_term_string\"}}],\"inLanguage\":\"sk-SK\"}]}<\/script>\n<!-- \/ Yoast SEO plugin. -->","yoast_head_json":{"title":"D39ASS Ide\u00e1lne no\u017enice prav\u00e9 - Wilhelm Hundt GmbH","robots":{"index":"index","follow":"follow","max-snippet":"max-snippet:-1","max-image-preview":"max-image-preview:large","max-video-preview":"max-video-preview:-1"},"canonical":"https:\/\/hundtgroup.com\/sk\/produkt\/d39ass-idealne-noznice-prave\/","og_locale":"sk_SK","og_type":"article","og_title":"D39ASS Ide\u00e1lne no\u017enice prav\u00e9 - Wilhelm Hundt GmbH","og_description":"nepretr\u017eit\u00e9 rovn\u00e9 a figurovan\u00e9 rezy. Zn\u00ed\u017een\u00fd uhol otvorenia rukov\u00e4te. Mimoriadne kompaktn\u00e1 no\u017enicov\u00e1 hlava s \u010diasto\u010dne zapustenou hlavou skrutkov\u00e9ho spoja pre zv\u00fd\u0161en\u00fa man\u00e9vrovate\u013enos\u0165 a presnos\u0165 pri figurovan\u00fdch rezoch. Z\u00e1vitov\u00fd spoj s \u010dapovou skrutkou, spekanou podlo\u017ekou a bez\u00fadr\u017ebovou pru\u017einou pre maxim\u00e1lnu robustnos\u0165. Centrick\u00e1 poistn\u00e1 skrutka pre jednoduch\u00e9 ovl\u00e1danie bez nutnosti zmeny \u00fachopu.","og_url":"https:\/\/hundtgroup.com\/sk\/produkt\/d39ass-idealne-noznice-prave\/","og_site_name":"Wilhelm Hundt GmbH","article_modified_time":"2025-07-29T09:48:16+00:00","og_image":[{"width":686,"height":225,"url":"https:\/\/hundtgroup.com\/wp-content\/uploads\/400167.png","type":"image\/png"}],"twitter_card":"summary_large_image","schema":{"@context":"https:\/\/schema.org","@graph":[{"@type":"WebPage","@id":"https:\/\/hundtgroup.com\/sk\/produkt\/d39ass-idealne-noznice-prave\/","url":"https:\/\/hundtgroup.com\/sk\/produkt\/d39ass-idealne-noznice-prave\/","name":"D39ASS Ide\u00e1lne no\u017enice prav\u00e9 - Wilhelm Hundt GmbH","isPartOf":{"@id":"https:\/\/hundtgroup.com\/sk\/#website"},"primaryImageOfPage":{"@id":"https:\/\/hundtgroup.com\/sk\/produkt\/d39ass-idealne-noznice-prave\/#primaryimage"},"image":{"@id":"https:\/\/hundtgroup.com\/sk\/produkt\/d39ass-idealne-noznice-prave\/#primaryimage"},"thumbnailUrl":"https:\/\/hundtgroup.com\/wp-content\/uploads\/400167.png","datePublished":"2022-08-23T14:00:58+00:00","dateModified":"2025-07-29T09:48:16+00:00","breadcrumb":{"@id":"https:\/\/hundtgroup.com\/sk\/produkt\/d39ass-idealne-noznice-prave\/#breadcrumb"},"inLanguage":"sk-SK","potentialAction":[{"@type":"ReadAction","target":["https:\/\/hundtgroup.com\/sk\/produkt\/d39ass-idealne-noznice-prave\/"]}]},{"@type":"ImageObject","inLanguage":"sk-SK","@id":"https:\/\/hundtgroup.com\/sk\/produkt\/d39ass-idealne-noznice-prave\/#primaryimage","url":"https:\/\/hundtgroup.com\/wp-content\/uploads\/400167.png","contentUrl":"https:\/\/hundtgroup.com\/wp-content\/uploads\/400167.png","width":686,"height":225},{"@type":"BreadcrumbList","@id":"https:\/\/hundtgroup.com\/sk\/produkt\/d39ass-idealne-noznice-prave\/#breadcrumb","itemListElement":[{"@type":"ListItem","position":1,"name":"Startseite","item":"https:\/\/hundtgroup.com\/sk\/domov-nove\/"},{"@type":"ListItem","position":2,"name":"Obchod","item":"https:\/\/hundtgroup.com\/obchod\/"},{"@type":"ListItem","position":3,"name":"D39ASS Ide\u00e1lne no\u017enice prav\u00e9"}]},{"@type":"WebSite","@id":"https:\/\/hundtgroup.com\/sk\/#website","url":"https:\/\/hundtgroup.com\/sk\/","name":"Wilhelm Hundt GmbH","description":"V\u00e1\u0161 \u0161pecialista na stroje a n\u00e1stroje na spracovanie plechu","potentialAction":[{"@type":"SearchAction","target":{"@type":"EntryPoint","urlTemplate":"https:\/\/hundtgroup.com\/sk\/?s={search_term_string}"},"query-input":{"@type":"PropertyValueSpecification","valueRequired":true,"valueName":"search_term_string"}}],"inLanguage":"sk-SK"}]}},"_links":{"self":[{"href":"https:\/\/hundtgroup.com\/sk\/wp-json\/wp\/v2\/product\/29443","targetHints":{"allow":["GET"]}}],"collection":[{"href":"https:\/\/hundtgroup.com\/sk\/wp-json\/wp\/v2\/product"}],"about":[{"href":"https:\/\/hundtgroup.com\/sk\/wp-json\/wp\/v2\/types\/product"}],"wp:featuredmedia":[{"embeddable":true,"href":"https:\/\/hundtgroup.com\/sk\/wp-json\/wp\/v2\/media\/29433"}],"wp:attachment":[{"href":"https:\/\/hundtgroup.com\/sk\/wp-json\/wp\/v2\/media?parent=29443"}],"wp:term":[{"taxonomy":"product_cat","embeddable":true,"href":"https:\/\/hundtgroup.com\/sk\/wp-json\/wp\/v2\/product_cat?post=29443"},{"taxonomy":"product_tag","embeddable":true,"href":"https:\/\/hundtgroup.com\/sk\/wp-json\/wp\/v2\/product_tag?post=29443"}],"curies":[{"name":"wp","href":"https:\/\/api.w.org\/{rel}","templated":true}]}}