{"id":29608,"date":"2022-08-23T16:01:18","date_gmt":"2022-08-23T14:01:18","guid":{"rendered":"https:\/\/hundtgroup.com\/produkt\/oznacovacia-sablona-tvrdena\/"},"modified":"2025-07-29T11:52:55","modified_gmt":"2025-07-29T09:52:55","slug":"oznacovacia-sablona-tvrdena","status":"publish","type":"product","link":"https:\/\/hundtgroup.com\/sk\/produkt\/oznacovacia-sablona-tvrdena\/","title":{"rendered":"Ozna\u010dovacia \u0161abl\u00f3na, tvrden\u00e1"},"content":{"rendered":"<p>Nerezov\u00e1, kalen\u00e1 nehrdzavej\u00faca oce\u013e<br \/>\nJasne le\u0161ten\u00e1<br \/>\nPresne vyleptan\u00e1 stupnica<br \/>\nOd 5 &#8211; 100 mm, zvy\u0161ovanie ka\u017ed\u00fdch 5 mm<br \/>\nKalen\u00e9 na 48 HRC<br \/>\nU\u017e \u017eiadne oh\u00fdbanie<br \/>\nV\u00fdrazne dlh\u0161ia \u017eivotnos\u0165 hrany<\/p>\n","protected":false},"excerpt":{"rendered":"<p>Nerezov\u00e1, kalen\u00e1 nehrdzavej\u00faca oce\u013e Jasne le\u0161ten\u00e1 Presne vyleptan\u00e1 stupnica Od 5 &#8211; 100 mm, zvy\u0161ovanie ka\u017ed\u00fdch 5 mm Kalen\u00e9 na 48 HRC U\u017e \u017eiadne oh\u00fdbanie V\u00fdrazne dlh\u0161ia \u017eivotnos\u0165 hrany<\/p>\n","protected":false},"featured_media":29610,"template":"","meta":{"_acf_changed":false,"inline_featured_image":false},"product_cat":[930,2308,2178],"product_tag":[],"class_list":{"0":"post-29608","1":"product","2":"type-product","3":"status-publish","4":"has-post-thumbnail","6":"brand-hundt","7":"product_cat-rucne-naradie","8":"product_cat-sablona-na-oznacovanie","9":"product_cat-nastroje-na-oznacovanie","11":"first","12":"instock","13":"taxable","14":"shipping-taxable","15":"purchasable","16":"product-type-simple","17":"add-to-wishlist-before_image"},"acf":[],"yoast_head":"<!-- This site is optimized with the Yoast SEO plugin v27.3 - https:\/\/yoast.com\/product\/yoast-seo-wordpress\/ -->\n<title>Ozna\u010dovacia \u0161abl\u00f3na, tvrden\u00e1 - Wilhelm Hundt GmbH<\/title>\n<meta name=\"robots\" content=\"index, follow, max-snippet:-1, max-image-preview:large, max-video-preview:-1\" \/>\n<link rel=\"canonical\" href=\"https:\/\/hundtgroup.com\/sk\/produkt\/oznacovacia-sablona-tvrdena\/\" \/>\n<meta property=\"og:locale\" content=\"sk_SK\" \/>\n<meta property=\"og:type\" content=\"article\" \/>\n<meta property=\"og:title\" content=\"Ozna\u010dovacia \u0161abl\u00f3na, tvrden\u00e1 - Wilhelm Hundt GmbH\" \/>\n<meta property=\"og:description\" content=\"Nerezov\u00e1, kalen\u00e1 nehrdzavej\u00faca oce\u013e Jasne le\u0161ten\u00e1 Presne vyleptan\u00e1 stupnica Od 5 &#8211; 100 mm, zvy\u0161ovanie ka\u017ed\u00fdch 5 mm Kalen\u00e9 na 48 HRC U\u017e \u017eiadne oh\u00fdbanie V\u00fdrazne dlh\u0161ia \u017eivotnos\u0165 hrany\" \/>\n<meta property=\"og:url\" content=\"https:\/\/hundtgroup.com\/sk\/produkt\/oznacovacia-sablona-tvrdena\/\" \/>\n<meta property=\"og:site_name\" content=\"Wilhelm Hundt GmbH\" \/>\n<meta property=\"article:modified_time\" content=\"2025-07-29T09:52:55+00:00\" \/>\n<meta property=\"og:image\" content=\"https:\/\/hundtgroup.com\/wp-content\/uploads\/420451.png\" \/>\n\t<meta property=\"og:image:width\" content=\"315\" \/>\n\t<meta property=\"og:image:height\" content=\"389\" \/>\n\t<meta property=\"og:image:type\" content=\"image\/png\" \/>\n<meta name=\"twitter:card\" content=\"summary_large_image\" \/>\n<script type=\"application\/ld+json\" class=\"yoast-schema-graph\">{\"@context\":\"https:\\\/\\\/schema.org\",\"@graph\":[{\"@type\":\"WebPage\",\"@id\":\"https:\\\/\\\/hundtgroup.com\\\/sk\\\/produkt\\\/oznacovacia-sablona-tvrdena\\\/\",\"url\":\"https:\\\/\\\/hundtgroup.com\\\/sk\\\/produkt\\\/oznacovacia-sablona-tvrdena\\\/\",\"name\":\"Ozna\u010dovacia \u0161abl\u00f3na, tvrden\u00e1 - Wilhelm Hundt GmbH\",\"isPartOf\":{\"@id\":\"https:\\\/\\\/hundtgroup.com\\\/sk\\\/#website\"},\"primaryImageOfPage\":{\"@id\":\"https:\\\/\\\/hundtgroup.com\\\/sk\\\/produkt\\\/oznacovacia-sablona-tvrdena\\\/#primaryimage\"},\"image\":{\"@id\":\"https:\\\/\\\/hundtgroup.com\\\/sk\\\/produkt\\\/oznacovacia-sablona-tvrdena\\\/#primaryimage\"},\"thumbnailUrl\":\"https:\\\/\\\/hundtgroup.com\\\/wp-content\\\/uploads\\\/420451.png\",\"datePublished\":\"2022-08-23T14:01:18+00:00\",\"dateModified\":\"2025-07-29T09:52:55+00:00\",\"breadcrumb\":{\"@id\":\"https:\\\/\\\/hundtgroup.com\\\/sk\\\/produkt\\\/oznacovacia-sablona-tvrdena\\\/#breadcrumb\"},\"inLanguage\":\"sk-SK\",\"potentialAction\":[{\"@type\":\"ReadAction\",\"target\":[\"https:\\\/\\\/hundtgroup.com\\\/sk\\\/produkt\\\/oznacovacia-sablona-tvrdena\\\/\"]}]},{\"@type\":\"ImageObject\",\"inLanguage\":\"sk-SK\",\"@id\":\"https:\\\/\\\/hundtgroup.com\\\/sk\\\/produkt\\\/oznacovacia-sablona-tvrdena\\\/#primaryimage\",\"url\":\"https:\\\/\\\/hundtgroup.com\\\/wp-content\\\/uploads\\\/420451.png\",\"contentUrl\":\"https:\\\/\\\/hundtgroup.com\\\/wp-content\\\/uploads\\\/420451.png\",\"width\":315,\"height\":389},{\"@type\":\"BreadcrumbList\",\"@id\":\"https:\\\/\\\/hundtgroup.com\\\/sk\\\/produkt\\\/oznacovacia-sablona-tvrdena\\\/#breadcrumb\",\"itemListElement\":[{\"@type\":\"ListItem\",\"position\":1,\"name\":\"Startseite\",\"item\":\"https:\\\/\\\/hundtgroup.com\\\/sk\\\/domov-nove\\\/\"},{\"@type\":\"ListItem\",\"position\":2,\"name\":\"Obchod\",\"item\":\"https:\\\/\\\/hundtgroup.com\\\/obchod\\\/\"},{\"@type\":\"ListItem\",\"position\":3,\"name\":\"Ozna\u010dovacia \u0161abl\u00f3na, tvrden\u00e1\"}]},{\"@type\":\"WebSite\",\"@id\":\"https:\\\/\\\/hundtgroup.com\\\/sk\\\/#website\",\"url\":\"https:\\\/\\\/hundtgroup.com\\\/sk\\\/\",\"name\":\"Wilhelm Hundt GmbH\",\"description\":\"V\u00e1\u0161 \u0161pecialista na stroje a n\u00e1stroje na spracovanie plechu\",\"potentialAction\":[{\"@type\":\"SearchAction\",\"target\":{\"@type\":\"EntryPoint\",\"urlTemplate\":\"https:\\\/\\\/hundtgroup.com\\\/sk\\\/?s={search_term_string}\"},\"query-input\":{\"@type\":\"PropertyValueSpecification\",\"valueRequired\":true,\"valueName\":\"search_term_string\"}}],\"inLanguage\":\"sk-SK\"}]}<\/script>\n<!-- \/ Yoast SEO plugin. -->","yoast_head_json":{"title":"Ozna\u010dovacia \u0161abl\u00f3na, tvrden\u00e1 - Wilhelm Hundt GmbH","robots":{"index":"index","follow":"follow","max-snippet":"max-snippet:-1","max-image-preview":"max-image-preview:large","max-video-preview":"max-video-preview:-1"},"canonical":"https:\/\/hundtgroup.com\/sk\/produkt\/oznacovacia-sablona-tvrdena\/","og_locale":"sk_SK","og_type":"article","og_title":"Ozna\u010dovacia \u0161abl\u00f3na, tvrden\u00e1 - Wilhelm Hundt GmbH","og_description":"Nerezov\u00e1, kalen\u00e1 nehrdzavej\u00faca oce\u013e Jasne le\u0161ten\u00e1 Presne vyleptan\u00e1 stupnica Od 5 &#8211; 100 mm, zvy\u0161ovanie ka\u017ed\u00fdch 5 mm Kalen\u00e9 na 48 HRC U\u017e \u017eiadne oh\u00fdbanie V\u00fdrazne dlh\u0161ia \u017eivotnos\u0165 hrany","og_url":"https:\/\/hundtgroup.com\/sk\/produkt\/oznacovacia-sablona-tvrdena\/","og_site_name":"Wilhelm Hundt GmbH","article_modified_time":"2025-07-29T09:52:55+00:00","og_image":[{"width":315,"height":389,"url":"https:\/\/hundtgroup.com\/wp-content\/uploads\/420451.png","type":"image\/png"}],"twitter_card":"summary_large_image","schema":{"@context":"https:\/\/schema.org","@graph":[{"@type":"WebPage","@id":"https:\/\/hundtgroup.com\/sk\/produkt\/oznacovacia-sablona-tvrdena\/","url":"https:\/\/hundtgroup.com\/sk\/produkt\/oznacovacia-sablona-tvrdena\/","name":"Ozna\u010dovacia \u0161abl\u00f3na, tvrden\u00e1 - Wilhelm Hundt GmbH","isPartOf":{"@id":"https:\/\/hundtgroup.com\/sk\/#website"},"primaryImageOfPage":{"@id":"https:\/\/hundtgroup.com\/sk\/produkt\/oznacovacia-sablona-tvrdena\/#primaryimage"},"image":{"@id":"https:\/\/hundtgroup.com\/sk\/produkt\/oznacovacia-sablona-tvrdena\/#primaryimage"},"thumbnailUrl":"https:\/\/hundtgroup.com\/wp-content\/uploads\/420451.png","datePublished":"2022-08-23T14:01:18+00:00","dateModified":"2025-07-29T09:52:55+00:00","breadcrumb":{"@id":"https:\/\/hundtgroup.com\/sk\/produkt\/oznacovacia-sablona-tvrdena\/#breadcrumb"},"inLanguage":"sk-SK","potentialAction":[{"@type":"ReadAction","target":["https:\/\/hundtgroup.com\/sk\/produkt\/oznacovacia-sablona-tvrdena\/"]}]},{"@type":"ImageObject","inLanguage":"sk-SK","@id":"https:\/\/hundtgroup.com\/sk\/produkt\/oznacovacia-sablona-tvrdena\/#primaryimage","url":"https:\/\/hundtgroup.com\/wp-content\/uploads\/420451.png","contentUrl":"https:\/\/hundtgroup.com\/wp-content\/uploads\/420451.png","width":315,"height":389},{"@type":"BreadcrumbList","@id":"https:\/\/hundtgroup.com\/sk\/produkt\/oznacovacia-sablona-tvrdena\/#breadcrumb","itemListElement":[{"@type":"ListItem","position":1,"name":"Startseite","item":"https:\/\/hundtgroup.com\/sk\/domov-nove\/"},{"@type":"ListItem","position":2,"name":"Obchod","item":"https:\/\/hundtgroup.com\/obchod\/"},{"@type":"ListItem","position":3,"name":"Ozna\u010dovacia \u0161abl\u00f3na, tvrden\u00e1"}]},{"@type":"WebSite","@id":"https:\/\/hundtgroup.com\/sk\/#website","url":"https:\/\/hundtgroup.com\/sk\/","name":"Wilhelm Hundt GmbH","description":"V\u00e1\u0161 \u0161pecialista na stroje a n\u00e1stroje na spracovanie plechu","potentialAction":[{"@type":"SearchAction","target":{"@type":"EntryPoint","urlTemplate":"https:\/\/hundtgroup.com\/sk\/?s={search_term_string}"},"query-input":{"@type":"PropertyValueSpecification","valueRequired":true,"valueName":"search_term_string"}}],"inLanguage":"sk-SK"}]}},"_links":{"self":[{"href":"https:\/\/hundtgroup.com\/sk\/wp-json\/wp\/v2\/product\/29608","targetHints":{"allow":["GET"]}}],"collection":[{"href":"https:\/\/hundtgroup.com\/sk\/wp-json\/wp\/v2\/product"}],"about":[{"href":"https:\/\/hundtgroup.com\/sk\/wp-json\/wp\/v2\/types\/product"}],"wp:featuredmedia":[{"embeddable":true,"href":"https:\/\/hundtgroup.com\/sk\/wp-json\/wp\/v2\/media\/29610"}],"wp:attachment":[{"href":"https:\/\/hundtgroup.com\/sk\/wp-json\/wp\/v2\/media?parent=29608"}],"wp:term":[{"taxonomy":"product_cat","embeddable":true,"href":"https:\/\/hundtgroup.com\/sk\/wp-json\/wp\/v2\/product_cat?post=29608"},{"taxonomy":"product_tag","embeddable":true,"href":"https:\/\/hundtgroup.com\/sk\/wp-json\/wp\/v2\/product_tag?post=29608"}],"curies":[{"name":"wp","href":"https:\/\/api.w.org\/{rel}","templated":true}]}}