{"id":29622,"date":"2022-08-23T16:01:18","date_gmt":"2022-08-23T14:01:18","guid":{"rendered":"https:\/\/hundtgroup.com\/produkt\/sablona-na-oznacovanie\/"},"modified":"2025-07-29T11:53:04","modified_gmt":"2025-07-29T09:53:04","slug":"sablona-na-oznacovanie","status":"publish","type":"product","link":"https:\/\/hundtgroup.com\/sk\/produkt\/sablona-na-oznacovanie\/","title":{"rendered":"\u0160abl\u00f3na na ozna\u010dovanie"},"content":{"rendered":"<p>Robustn\u00e1 zna\u010dkovacia \u0161abl\u00f3na z nehrdzavej\u00facej ocele<br \/>\nJednoduch\u00e1, r\u00fdchla a presn\u00e1 manipul\u00e1cia<br \/>\nS presnou stupnicou od 5 &#8211; 100 mm, zv\u00e4\u010d\u0161uj\u00facou sa o 5 mm<br \/>\nPre \u017eliabky 15 mm pod uhlom 45\u00b0<br \/>\n\u0160abl\u00f3nu mo\u017eno pou\u017ei\u0165 aj na odih\u013eovanie.<\/p>\n","protected":false},"excerpt":{"rendered":"<p>Robustn\u00e1 zna\u010dkovacia \u0161abl\u00f3na z nehrdzavej\u00facej ocele Jednoduch\u00e1, r\u00fdchla a presn\u00e1 manipul\u00e1cia S presnou stupnicou od 5 &#8211; 100 mm, zv\u00e4\u010d\u0161uj\u00facou sa o 5 mm Pre \u017eliabky 15 mm pod uhlom 45\u00b0 \u0160abl\u00f3nu mo\u017eno pou\u017ei\u0165 aj na odih\u013eovanie.<\/p>\n","protected":false},"featured_media":29624,"template":"","meta":{"_acf_changed":false,"inline_featured_image":false},"product_cat":[930,2308,2178],"product_tag":[],"class_list":{"0":"post-29622","1":"product","2":"type-product","3":"status-publish","4":"has-post-thumbnail","6":"brand-hundt","7":"product_cat-rucne-naradie","8":"product_cat-sablona-na-oznacovanie","9":"product_cat-nastroje-na-oznacovanie","11":"first","12":"instock","13":"taxable","14":"shipping-taxable","15":"purchasable","16":"product-type-simple","17":"add-to-wishlist-before_image"},"acf":[],"yoast_head":"<!-- This site is optimized with the Yoast SEO plugin v27.3 - https:\/\/yoast.com\/product\/yoast-seo-wordpress\/ -->\n<title>\u0160abl\u00f3na na ozna\u010dovanie - Wilhelm Hundt GmbH<\/title>\n<meta name=\"robots\" content=\"index, follow, max-snippet:-1, max-image-preview:large, max-video-preview:-1\" \/>\n<link rel=\"canonical\" href=\"https:\/\/hundtgroup.com\/sk\/produkt\/sablona-na-oznacovanie\/\" \/>\n<meta property=\"og:locale\" content=\"sk_SK\" \/>\n<meta property=\"og:type\" content=\"article\" \/>\n<meta property=\"og:title\" content=\"\u0160abl\u00f3na na ozna\u010dovanie - Wilhelm Hundt GmbH\" \/>\n<meta property=\"og:description\" content=\"Robustn\u00e1 zna\u010dkovacia \u0161abl\u00f3na z nehrdzavej\u00facej ocele Jednoduch\u00e1, r\u00fdchla a presn\u00e1 manipul\u00e1cia S presnou stupnicou od 5 &#8211; 100 mm, zv\u00e4\u010d\u0161uj\u00facou sa o 5 mm Pre \u017eliabky 15 mm pod uhlom 45\u00b0 \u0160abl\u00f3nu mo\u017eno pou\u017ei\u0165 aj na odih\u013eovanie.\" \/>\n<meta property=\"og:url\" content=\"https:\/\/hundtgroup.com\/sk\/produkt\/sablona-na-oznacovanie\/\" \/>\n<meta property=\"og:site_name\" content=\"Wilhelm Hundt GmbH\" \/>\n<meta property=\"article:modified_time\" content=\"2025-07-29T09:53:04+00:00\" \/>\n<meta property=\"og:image\" content=\"https:\/\/hundtgroup.com\/wp-content\/uploads\/420450.png\" \/>\n\t<meta property=\"og:image:width\" content=\"306\" \/>\n\t<meta property=\"og:image:height\" content=\"372\" \/>\n\t<meta property=\"og:image:type\" content=\"image\/png\" \/>\n<meta name=\"twitter:card\" content=\"summary_large_image\" \/>\n<script type=\"application\/ld+json\" class=\"yoast-schema-graph\">{\"@context\":\"https:\\\/\\\/schema.org\",\"@graph\":[{\"@type\":\"WebPage\",\"@id\":\"https:\\\/\\\/hundtgroup.com\\\/sk\\\/produkt\\\/sablona-na-oznacovanie\\\/\",\"url\":\"https:\\\/\\\/hundtgroup.com\\\/sk\\\/produkt\\\/sablona-na-oznacovanie\\\/\",\"name\":\"\u0160abl\u00f3na na ozna\u010dovanie - Wilhelm Hundt GmbH\",\"isPartOf\":{\"@id\":\"https:\\\/\\\/hundtgroup.com\\\/sk\\\/#website\"},\"primaryImageOfPage\":{\"@id\":\"https:\\\/\\\/hundtgroup.com\\\/sk\\\/produkt\\\/sablona-na-oznacovanie\\\/#primaryimage\"},\"image\":{\"@id\":\"https:\\\/\\\/hundtgroup.com\\\/sk\\\/produkt\\\/sablona-na-oznacovanie\\\/#primaryimage\"},\"thumbnailUrl\":\"https:\\\/\\\/hundtgroup.com\\\/wp-content\\\/uploads\\\/420450.png\",\"datePublished\":\"2022-08-23T14:01:18+00:00\",\"dateModified\":\"2025-07-29T09:53:04+00:00\",\"breadcrumb\":{\"@id\":\"https:\\\/\\\/hundtgroup.com\\\/sk\\\/produkt\\\/sablona-na-oznacovanie\\\/#breadcrumb\"},\"inLanguage\":\"sk-SK\",\"potentialAction\":[{\"@type\":\"ReadAction\",\"target\":[\"https:\\\/\\\/hundtgroup.com\\\/sk\\\/produkt\\\/sablona-na-oznacovanie\\\/\"]}]},{\"@type\":\"ImageObject\",\"inLanguage\":\"sk-SK\",\"@id\":\"https:\\\/\\\/hundtgroup.com\\\/sk\\\/produkt\\\/sablona-na-oznacovanie\\\/#primaryimage\",\"url\":\"https:\\\/\\\/hundtgroup.com\\\/wp-content\\\/uploads\\\/420450.png\",\"contentUrl\":\"https:\\\/\\\/hundtgroup.com\\\/wp-content\\\/uploads\\\/420450.png\",\"width\":306,\"height\":372},{\"@type\":\"BreadcrumbList\",\"@id\":\"https:\\\/\\\/hundtgroup.com\\\/sk\\\/produkt\\\/sablona-na-oznacovanie\\\/#breadcrumb\",\"itemListElement\":[{\"@type\":\"ListItem\",\"position\":1,\"name\":\"Startseite\",\"item\":\"https:\\\/\\\/hundtgroup.com\\\/sk\\\/domov-nove\\\/\"},{\"@type\":\"ListItem\",\"position\":2,\"name\":\"Obchod\",\"item\":\"https:\\\/\\\/hundtgroup.com\\\/obchod\\\/\"},{\"@type\":\"ListItem\",\"position\":3,\"name\":\"\u0160abl\u00f3na na ozna\u010dovanie\"}]},{\"@type\":\"WebSite\",\"@id\":\"https:\\\/\\\/hundtgroup.com\\\/sk\\\/#website\",\"url\":\"https:\\\/\\\/hundtgroup.com\\\/sk\\\/\",\"name\":\"Wilhelm Hundt GmbH\",\"description\":\"V\u00e1\u0161 \u0161pecialista na stroje a n\u00e1stroje na spracovanie plechu\",\"potentialAction\":[{\"@type\":\"SearchAction\",\"target\":{\"@type\":\"EntryPoint\",\"urlTemplate\":\"https:\\\/\\\/hundtgroup.com\\\/sk\\\/?s={search_term_string}\"},\"query-input\":{\"@type\":\"PropertyValueSpecification\",\"valueRequired\":true,\"valueName\":\"search_term_string\"}}],\"inLanguage\":\"sk-SK\"}]}<\/script>\n<!-- \/ Yoast SEO plugin. -->","yoast_head_json":{"title":"\u0160abl\u00f3na na ozna\u010dovanie - Wilhelm Hundt GmbH","robots":{"index":"index","follow":"follow","max-snippet":"max-snippet:-1","max-image-preview":"max-image-preview:large","max-video-preview":"max-video-preview:-1"},"canonical":"https:\/\/hundtgroup.com\/sk\/produkt\/sablona-na-oznacovanie\/","og_locale":"sk_SK","og_type":"article","og_title":"\u0160abl\u00f3na na ozna\u010dovanie - Wilhelm Hundt GmbH","og_description":"Robustn\u00e1 zna\u010dkovacia \u0161abl\u00f3na z nehrdzavej\u00facej ocele Jednoduch\u00e1, r\u00fdchla a presn\u00e1 manipul\u00e1cia S presnou stupnicou od 5 &#8211; 100 mm, zv\u00e4\u010d\u0161uj\u00facou sa o 5 mm Pre \u017eliabky 15 mm pod uhlom 45\u00b0 \u0160abl\u00f3nu mo\u017eno pou\u017ei\u0165 aj na odih\u013eovanie.","og_url":"https:\/\/hundtgroup.com\/sk\/produkt\/sablona-na-oznacovanie\/","og_site_name":"Wilhelm Hundt GmbH","article_modified_time":"2025-07-29T09:53:04+00:00","og_image":[{"width":306,"height":372,"url":"https:\/\/hundtgroup.com\/wp-content\/uploads\/420450.png","type":"image\/png"}],"twitter_card":"summary_large_image","schema":{"@context":"https:\/\/schema.org","@graph":[{"@type":"WebPage","@id":"https:\/\/hundtgroup.com\/sk\/produkt\/sablona-na-oznacovanie\/","url":"https:\/\/hundtgroup.com\/sk\/produkt\/sablona-na-oznacovanie\/","name":"\u0160abl\u00f3na na ozna\u010dovanie - Wilhelm Hundt GmbH","isPartOf":{"@id":"https:\/\/hundtgroup.com\/sk\/#website"},"primaryImageOfPage":{"@id":"https:\/\/hundtgroup.com\/sk\/produkt\/sablona-na-oznacovanie\/#primaryimage"},"image":{"@id":"https:\/\/hundtgroup.com\/sk\/produkt\/sablona-na-oznacovanie\/#primaryimage"},"thumbnailUrl":"https:\/\/hundtgroup.com\/wp-content\/uploads\/420450.png","datePublished":"2022-08-23T14:01:18+00:00","dateModified":"2025-07-29T09:53:04+00:00","breadcrumb":{"@id":"https:\/\/hundtgroup.com\/sk\/produkt\/sablona-na-oznacovanie\/#breadcrumb"},"inLanguage":"sk-SK","potentialAction":[{"@type":"ReadAction","target":["https:\/\/hundtgroup.com\/sk\/produkt\/sablona-na-oznacovanie\/"]}]},{"@type":"ImageObject","inLanguage":"sk-SK","@id":"https:\/\/hundtgroup.com\/sk\/produkt\/sablona-na-oznacovanie\/#primaryimage","url":"https:\/\/hundtgroup.com\/wp-content\/uploads\/420450.png","contentUrl":"https:\/\/hundtgroup.com\/wp-content\/uploads\/420450.png","width":306,"height":372},{"@type":"BreadcrumbList","@id":"https:\/\/hundtgroup.com\/sk\/produkt\/sablona-na-oznacovanie\/#breadcrumb","itemListElement":[{"@type":"ListItem","position":1,"name":"Startseite","item":"https:\/\/hundtgroup.com\/sk\/domov-nove\/"},{"@type":"ListItem","position":2,"name":"Obchod","item":"https:\/\/hundtgroup.com\/obchod\/"},{"@type":"ListItem","position":3,"name":"\u0160abl\u00f3na na ozna\u010dovanie"}]},{"@type":"WebSite","@id":"https:\/\/hundtgroup.com\/sk\/#website","url":"https:\/\/hundtgroup.com\/sk\/","name":"Wilhelm Hundt GmbH","description":"V\u00e1\u0161 \u0161pecialista na stroje a n\u00e1stroje na spracovanie plechu","potentialAction":[{"@type":"SearchAction","target":{"@type":"EntryPoint","urlTemplate":"https:\/\/hundtgroup.com\/sk\/?s={search_term_string}"},"query-input":{"@type":"PropertyValueSpecification","valueRequired":true,"valueName":"search_term_string"}}],"inLanguage":"sk-SK"}]}},"_links":{"self":[{"href":"https:\/\/hundtgroup.com\/sk\/wp-json\/wp\/v2\/product\/29622","targetHints":{"allow":["GET"]}}],"collection":[{"href":"https:\/\/hundtgroup.com\/sk\/wp-json\/wp\/v2\/product"}],"about":[{"href":"https:\/\/hundtgroup.com\/sk\/wp-json\/wp\/v2\/types\/product"}],"wp:featuredmedia":[{"embeddable":true,"href":"https:\/\/hundtgroup.com\/sk\/wp-json\/wp\/v2\/media\/29624"}],"wp:attachment":[{"href":"https:\/\/hundtgroup.com\/sk\/wp-json\/wp\/v2\/media?parent=29622"}],"wp:term":[{"taxonomy":"product_cat","embeddable":true,"href":"https:\/\/hundtgroup.com\/sk\/wp-json\/wp\/v2\/product_cat?post=29622"},{"taxonomy":"product_tag","embeddable":true,"href":"https:\/\/hundtgroup.com\/sk\/wp-json\/wp\/v2\/product_tag?post=29622"}],"curies":[{"name":"wp","href":"https:\/\/api.w.org\/{rel}","templated":true}]}}