{"id":29689,"date":"2022-08-23T16:01:18","date_gmt":"2022-08-23T14:01:18","guid":{"rendered":"https:\/\/hundtgroup.com\/produkt\/2705-11-kombinovane-noznice-na-plech-280-mm-lave\/"},"modified":"2025-07-29T11:50:19","modified_gmt":"2025-07-29T09:50:19","slug":"2705-11-kombinovane-noznice-na-plech-280-mm-lave","status":"publish","type":"product","link":"https:\/\/hundtgroup.com\/sk\/produkt\/2705-11-kombinovane-noznice-na-plech-280-mm-lave\/","title":{"rendered":"2705 11 Kombinovan\u00e9 no\u017enice na plech 280 mm \u013eav\u00e9"},"content":{"rendered":"<p>\u0160peci\u00e1lne no\u017enice na zakriven\u00e9 rezy a dlh\u00e9 s\u00favisl\u00e9 rezy.<br \/>\nLe\u0161ten\u00e1 hlava.<br \/>\nInduk\u010dne kalen\u00e9 rezn\u00e9 hrany. Rukov\u00e4te izolovan\u00e9 PVC. <\/p>\n","protected":false},"excerpt":{"rendered":"<p>\u0160peci\u00e1lne no\u017enice na zakriven\u00e9 rezy a dlh\u00e9 s\u00favisl\u00e9 rezy. Le\u0161ten\u00e1 hlava. Induk\u010dne kalen\u00e9 rezn\u00e9 hrany. Rukov\u00e4te izolovan\u00e9 PVC.<\/p>\n","protected":false},"featured_media":29691,"template":"","meta":{"_acf_changed":false,"inline_featured_image":false},"product_cat":[930,2216,2177],"product_tag":[],"class_list":{"0":"post-29689","1":"product","2":"type-product","3":"status-publish","4":"has-post-thumbnail","6":"brand-stubai","7":"product_cat-rucne-naradie","8":"product_cat-kombinovane-noznice","9":"product_cat-noznice-na-plech-sk-3","11":"first","12":"instock","13":"taxable","14":"shipping-taxable","15":"purchasable","16":"product-type-simple","17":"add-to-wishlist-before_image"},"acf":[],"yoast_head":"<!-- This site is optimized with the Yoast SEO plugin v27.3 - https:\/\/yoast.com\/product\/yoast-seo-wordpress\/ -->\n<title>2705 11 Kombinovan\u00e9 no\u017enice na plech 280 mm \u013eav\u00e9 - Wilhelm Hundt GmbH<\/title>\n<meta name=\"robots\" content=\"index, follow, max-snippet:-1, max-image-preview:large, max-video-preview:-1\" \/>\n<link rel=\"canonical\" href=\"https:\/\/hundtgroup.com\/sk\/produkt\/2705-11-kombinovane-noznice-na-plech-280-mm-lave\/\" \/>\n<meta property=\"og:locale\" content=\"sk_SK\" \/>\n<meta property=\"og:type\" content=\"article\" \/>\n<meta property=\"og:title\" content=\"2705 11 Kombinovan\u00e9 no\u017enice na plech 280 mm \u013eav\u00e9 - Wilhelm Hundt GmbH\" \/>\n<meta property=\"og:description\" content=\"\u0160peci\u00e1lne no\u017enice na zakriven\u00e9 rezy a dlh\u00e9 s\u00favisl\u00e9 rezy. Le\u0161ten\u00e1 hlava. Induk\u010dne kalen\u00e9 rezn\u00e9 hrany. Rukov\u00e4te izolovan\u00e9 PVC.\" \/>\n<meta property=\"og:url\" content=\"https:\/\/hundtgroup.com\/sk\/produkt\/2705-11-kombinovane-noznice-na-plech-280-mm-lave\/\" \/>\n<meta property=\"og:site_name\" content=\"Wilhelm Hundt GmbH\" \/>\n<meta property=\"article:modified_time\" content=\"2025-07-29T09:50:19+00:00\" \/>\n<meta property=\"og:image\" content=\"https:\/\/hundtgroup.com\/wp-content\/uploads\/400218.png\" \/>\n\t<meta property=\"og:image:width\" content=\"755\" \/>\n\t<meta property=\"og:image:height\" content=\"322\" \/>\n\t<meta property=\"og:image:type\" content=\"image\/png\" \/>\n<meta name=\"twitter:card\" content=\"summary_large_image\" \/>\n<script type=\"application\/ld+json\" class=\"yoast-schema-graph\">{\"@context\":\"https:\\\/\\\/schema.org\",\"@graph\":[{\"@type\":\"WebPage\",\"@id\":\"https:\\\/\\\/hundtgroup.com\\\/sk\\\/produkt\\\/2705-11-kombinovane-noznice-na-plech-280-mm-lave\\\/\",\"url\":\"https:\\\/\\\/hundtgroup.com\\\/sk\\\/produkt\\\/2705-11-kombinovane-noznice-na-plech-280-mm-lave\\\/\",\"name\":\"2705 11 Kombinovan\u00e9 no\u017enice na plech 280 mm \u013eav\u00e9 - Wilhelm Hundt GmbH\",\"isPartOf\":{\"@id\":\"https:\\\/\\\/hundtgroup.com\\\/sk\\\/#website\"},\"primaryImageOfPage\":{\"@id\":\"https:\\\/\\\/hundtgroup.com\\\/sk\\\/produkt\\\/2705-11-kombinovane-noznice-na-plech-280-mm-lave\\\/#primaryimage\"},\"image\":{\"@id\":\"https:\\\/\\\/hundtgroup.com\\\/sk\\\/produkt\\\/2705-11-kombinovane-noznice-na-plech-280-mm-lave\\\/#primaryimage\"},\"thumbnailUrl\":\"https:\\\/\\\/hundtgroup.com\\\/wp-content\\\/uploads\\\/400218.png\",\"datePublished\":\"2022-08-23T14:01:18+00:00\",\"dateModified\":\"2025-07-29T09:50:19+00:00\",\"breadcrumb\":{\"@id\":\"https:\\\/\\\/hundtgroup.com\\\/sk\\\/produkt\\\/2705-11-kombinovane-noznice-na-plech-280-mm-lave\\\/#breadcrumb\"},\"inLanguage\":\"sk-SK\",\"potentialAction\":[{\"@type\":\"ReadAction\",\"target\":[\"https:\\\/\\\/hundtgroup.com\\\/sk\\\/produkt\\\/2705-11-kombinovane-noznice-na-plech-280-mm-lave\\\/\"]}]},{\"@type\":\"ImageObject\",\"inLanguage\":\"sk-SK\",\"@id\":\"https:\\\/\\\/hundtgroup.com\\\/sk\\\/produkt\\\/2705-11-kombinovane-noznice-na-plech-280-mm-lave\\\/#primaryimage\",\"url\":\"https:\\\/\\\/hundtgroup.com\\\/wp-content\\\/uploads\\\/400218.png\",\"contentUrl\":\"https:\\\/\\\/hundtgroup.com\\\/wp-content\\\/uploads\\\/400218.png\",\"width\":755,\"height\":322},{\"@type\":\"BreadcrumbList\",\"@id\":\"https:\\\/\\\/hundtgroup.com\\\/sk\\\/produkt\\\/2705-11-kombinovane-noznice-na-plech-280-mm-lave\\\/#breadcrumb\",\"itemListElement\":[{\"@type\":\"ListItem\",\"position\":1,\"name\":\"Startseite\",\"item\":\"https:\\\/\\\/hundtgroup.com\\\/sk\\\/domov-nove\\\/\"},{\"@type\":\"ListItem\",\"position\":2,\"name\":\"Obchod\",\"item\":\"https:\\\/\\\/hundtgroup.com\\\/obchod\\\/\"},{\"@type\":\"ListItem\",\"position\":3,\"name\":\"2705 11 Kombinovan\u00e9 no\u017enice na plech 280 mm \u013eav\u00e9\"}]},{\"@type\":\"WebSite\",\"@id\":\"https:\\\/\\\/hundtgroup.com\\\/sk\\\/#website\",\"url\":\"https:\\\/\\\/hundtgroup.com\\\/sk\\\/\",\"name\":\"Wilhelm Hundt GmbH\",\"description\":\"V\u00e1\u0161 \u0161pecialista na stroje a n\u00e1stroje na spracovanie plechu\",\"potentialAction\":[{\"@type\":\"SearchAction\",\"target\":{\"@type\":\"EntryPoint\",\"urlTemplate\":\"https:\\\/\\\/hundtgroup.com\\\/sk\\\/?s={search_term_string}\"},\"query-input\":{\"@type\":\"PropertyValueSpecification\",\"valueRequired\":true,\"valueName\":\"search_term_string\"}}],\"inLanguage\":\"sk-SK\"}]}<\/script>\n<!-- \/ Yoast SEO plugin. -->","yoast_head_json":{"title":"2705 11 Kombinovan\u00e9 no\u017enice na plech 280 mm \u013eav\u00e9 - Wilhelm Hundt GmbH","robots":{"index":"index","follow":"follow","max-snippet":"max-snippet:-1","max-image-preview":"max-image-preview:large","max-video-preview":"max-video-preview:-1"},"canonical":"https:\/\/hundtgroup.com\/sk\/produkt\/2705-11-kombinovane-noznice-na-plech-280-mm-lave\/","og_locale":"sk_SK","og_type":"article","og_title":"2705 11 Kombinovan\u00e9 no\u017enice na plech 280 mm \u013eav\u00e9 - Wilhelm Hundt GmbH","og_description":"\u0160peci\u00e1lne no\u017enice na zakriven\u00e9 rezy a dlh\u00e9 s\u00favisl\u00e9 rezy. Le\u0161ten\u00e1 hlava. Induk\u010dne kalen\u00e9 rezn\u00e9 hrany. Rukov\u00e4te izolovan\u00e9 PVC.","og_url":"https:\/\/hundtgroup.com\/sk\/produkt\/2705-11-kombinovane-noznice-na-plech-280-mm-lave\/","og_site_name":"Wilhelm Hundt GmbH","article_modified_time":"2025-07-29T09:50:19+00:00","og_image":[{"width":755,"height":322,"url":"https:\/\/hundtgroup.com\/wp-content\/uploads\/400218.png","type":"image\/png"}],"twitter_card":"summary_large_image","schema":{"@context":"https:\/\/schema.org","@graph":[{"@type":"WebPage","@id":"https:\/\/hundtgroup.com\/sk\/produkt\/2705-11-kombinovane-noznice-na-plech-280-mm-lave\/","url":"https:\/\/hundtgroup.com\/sk\/produkt\/2705-11-kombinovane-noznice-na-plech-280-mm-lave\/","name":"2705 11 Kombinovan\u00e9 no\u017enice na plech 280 mm \u013eav\u00e9 - Wilhelm Hundt GmbH","isPartOf":{"@id":"https:\/\/hundtgroup.com\/sk\/#website"},"primaryImageOfPage":{"@id":"https:\/\/hundtgroup.com\/sk\/produkt\/2705-11-kombinovane-noznice-na-plech-280-mm-lave\/#primaryimage"},"image":{"@id":"https:\/\/hundtgroup.com\/sk\/produkt\/2705-11-kombinovane-noznice-na-plech-280-mm-lave\/#primaryimage"},"thumbnailUrl":"https:\/\/hundtgroup.com\/wp-content\/uploads\/400218.png","datePublished":"2022-08-23T14:01:18+00:00","dateModified":"2025-07-29T09:50:19+00:00","breadcrumb":{"@id":"https:\/\/hundtgroup.com\/sk\/produkt\/2705-11-kombinovane-noznice-na-plech-280-mm-lave\/#breadcrumb"},"inLanguage":"sk-SK","potentialAction":[{"@type":"ReadAction","target":["https:\/\/hundtgroup.com\/sk\/produkt\/2705-11-kombinovane-noznice-na-plech-280-mm-lave\/"]}]},{"@type":"ImageObject","inLanguage":"sk-SK","@id":"https:\/\/hundtgroup.com\/sk\/produkt\/2705-11-kombinovane-noznice-na-plech-280-mm-lave\/#primaryimage","url":"https:\/\/hundtgroup.com\/wp-content\/uploads\/400218.png","contentUrl":"https:\/\/hundtgroup.com\/wp-content\/uploads\/400218.png","width":755,"height":322},{"@type":"BreadcrumbList","@id":"https:\/\/hundtgroup.com\/sk\/produkt\/2705-11-kombinovane-noznice-na-plech-280-mm-lave\/#breadcrumb","itemListElement":[{"@type":"ListItem","position":1,"name":"Startseite","item":"https:\/\/hundtgroup.com\/sk\/domov-nove\/"},{"@type":"ListItem","position":2,"name":"Obchod","item":"https:\/\/hundtgroup.com\/obchod\/"},{"@type":"ListItem","position":3,"name":"2705 11 Kombinovan\u00e9 no\u017enice na plech 280 mm \u013eav\u00e9"}]},{"@type":"WebSite","@id":"https:\/\/hundtgroup.com\/sk\/#website","url":"https:\/\/hundtgroup.com\/sk\/","name":"Wilhelm Hundt GmbH","description":"V\u00e1\u0161 \u0161pecialista na stroje a n\u00e1stroje na spracovanie plechu","potentialAction":[{"@type":"SearchAction","target":{"@type":"EntryPoint","urlTemplate":"https:\/\/hundtgroup.com\/sk\/?s={search_term_string}"},"query-input":{"@type":"PropertyValueSpecification","valueRequired":true,"valueName":"search_term_string"}}],"inLanguage":"sk-SK"}]}},"_links":{"self":[{"href":"https:\/\/hundtgroup.com\/sk\/wp-json\/wp\/v2\/product\/29689","targetHints":{"allow":["GET"]}}],"collection":[{"href":"https:\/\/hundtgroup.com\/sk\/wp-json\/wp\/v2\/product"}],"about":[{"href":"https:\/\/hundtgroup.com\/sk\/wp-json\/wp\/v2\/types\/product"}],"wp:featuredmedia":[{"embeddable":true,"href":"https:\/\/hundtgroup.com\/sk\/wp-json\/wp\/v2\/media\/29691"}],"wp:attachment":[{"href":"https:\/\/hundtgroup.com\/sk\/wp-json\/wp\/v2\/media?parent=29689"}],"wp:term":[{"taxonomy":"product_cat","embeddable":true,"href":"https:\/\/hundtgroup.com\/sk\/wp-json\/wp\/v2\/product_cat?post=29689"},{"taxonomy":"product_tag","embeddable":true,"href":"https:\/\/hundtgroup.com\/sk\/wp-json\/wp\/v2\/product_tag?post=29689"}],"curies":[{"name":"wp","href":"https:\/\/api.w.org\/{rel}","templated":true}]}}