{"id":29908,"date":"2022-08-23T16:00:41","date_gmt":"2022-08-23T14:00:41","guid":{"rendered":"https:\/\/hundtgroup.com\/produkt\/d08-idealne-noznice-manevrovatelne-vpravo\/"},"modified":"2025-07-29T11:44:31","modified_gmt":"2025-07-29T09:44:31","slug":"d08-idealne-noznice-manevrovatelne-vpravo","status":"publish","type":"product","link":"https:\/\/hundtgroup.com\/sk\/produkt\/d08-idealne-noznice-manevrovatelne-vpravo\/","title":{"rendered":"D08 Ide\u00e1lne no\u017enice man\u00e9vrovate\u013en\u00e9 vpravo"},"content":{"rendered":"<p>S p\u00e1kov\u00fdm prevodom.<br \/>\nNa s\u00favisl\u00e9 rovn\u00e9 a figurovan\u00e9 rezy.<br \/>\nObzvl\u00e1\u0161\u0165 ploch\u00e1 kon\u0161trukcia no\u017enicovej hlavy umo\u017e\u0148uje strihanie najtesnej\u0161\u00edch polomerov v \u0165a\u017eko pr\u00edstupn\u00fdch miestach.<br \/>\nRezn\u00e1 hrana s mikroser\u00e9ziou na proti\u0161mykov\u00fa pr\u00e1cu.<\/p>\n","protected":false},"excerpt":{"rendered":"<p>S p\u00e1kov\u00fdm prevodom. Na s\u00favisl\u00e9 rovn\u00e9 a figurovan\u00e9 rezy. Obzvl\u00e1\u0161\u0165 ploch\u00e1 kon\u0161trukcia no\u017enicovej hlavy umo\u017e\u0148uje strihanie najtesnej\u0161\u00edch polomerov v \u0165a\u017eko pr\u00edstupn\u00fdch miestach. Rezn\u00e1 hrana s mikroser\u00e9ziou na proti\u0161mykov\u00fa pr\u00e1cu.<\/p>\n","protected":false},"featured_media":29898,"template":"","meta":{"_acf_changed":false,"inline_featured_image":false},"product_cat":[930,2207,2212,2177],"product_tag":[],"class_list":{"0":"post-29908","1":"product","2":"type-product","3":"status-publish","4":"has-post-thumbnail","6":"brand-erdi","7":"product_cat-rucne-naradie","8":"product_cat-idealne-noznice","9":"product_cat-paka-prelozena","10":"product_cat-noznice-na-plech-sk-3","12":"first","13":"instock","14":"taxable","15":"shipping-taxable","16":"purchasable","17":"product-type-simple","18":"add-to-wishlist-before_image"},"acf":[],"yoast_head":"<!-- This site is optimized with the Yoast SEO plugin v27.3 - https:\/\/yoast.com\/product\/yoast-seo-wordpress\/ -->\n<title>D08 Ide\u00e1lne no\u017enice man\u00e9vrovate\u013en\u00e9 vpravo - Wilhelm Hundt GmbH<\/title>\n<meta name=\"robots\" content=\"index, follow, max-snippet:-1, max-image-preview:large, max-video-preview:-1\" \/>\n<link rel=\"canonical\" href=\"https:\/\/hundtgroup.com\/sk\/produkt\/d08-idealne-noznice-manevrovatelne-vpravo\/\" \/>\n<meta property=\"og:locale\" content=\"sk_SK\" \/>\n<meta property=\"og:type\" content=\"article\" \/>\n<meta property=\"og:title\" content=\"D08 Ide\u00e1lne no\u017enice man\u00e9vrovate\u013en\u00e9 vpravo - Wilhelm Hundt GmbH\" \/>\n<meta property=\"og:description\" content=\"S p\u00e1kov\u00fdm prevodom. Na s\u00favisl\u00e9 rovn\u00e9 a figurovan\u00e9 rezy. Obzvl\u00e1\u0161\u0165 ploch\u00e1 kon\u0161trukcia no\u017enicovej hlavy umo\u017e\u0148uje strihanie najtesnej\u0161\u00edch polomerov v \u0165a\u017eko pr\u00edstupn\u00fdch miestach. Rezn\u00e1 hrana s mikroser\u00e9ziou na proti\u0161mykov\u00fa pr\u00e1cu.\" \/>\n<meta property=\"og:url\" content=\"https:\/\/hundtgroup.com\/sk\/produkt\/d08-idealne-noznice-manevrovatelne-vpravo\/\" \/>\n<meta property=\"og:site_name\" content=\"Wilhelm Hundt GmbH\" \/>\n<meta property=\"article:modified_time\" content=\"2025-07-29T09:44:31+00:00\" \/>\n<meta property=\"og:image\" content=\"https:\/\/hundtgroup.com\/wp-content\/uploads\/400130.jpg\" \/>\n\t<meta property=\"og:image:width\" content=\"1182\" \/>\n\t<meta property=\"og:image:height\" content=\"371\" \/>\n\t<meta property=\"og:image:type\" content=\"image\/jpeg\" \/>\n<meta name=\"twitter:card\" content=\"summary_large_image\" \/>\n<script type=\"application\/ld+json\" class=\"yoast-schema-graph\">{\"@context\":\"https:\\\/\\\/schema.org\",\"@graph\":[{\"@type\":\"WebPage\",\"@id\":\"https:\\\/\\\/hundtgroup.com\\\/sk\\\/produkt\\\/d08-idealne-noznice-manevrovatelne-vpravo\\\/\",\"url\":\"https:\\\/\\\/hundtgroup.com\\\/sk\\\/produkt\\\/d08-idealne-noznice-manevrovatelne-vpravo\\\/\",\"name\":\"D08 Ide\u00e1lne no\u017enice man\u00e9vrovate\u013en\u00e9 vpravo - Wilhelm Hundt GmbH\",\"isPartOf\":{\"@id\":\"https:\\\/\\\/hundtgroup.com\\\/sk\\\/#website\"},\"primaryImageOfPage\":{\"@id\":\"https:\\\/\\\/hundtgroup.com\\\/sk\\\/produkt\\\/d08-idealne-noznice-manevrovatelne-vpravo\\\/#primaryimage\"},\"image\":{\"@id\":\"https:\\\/\\\/hundtgroup.com\\\/sk\\\/produkt\\\/d08-idealne-noznice-manevrovatelne-vpravo\\\/#primaryimage\"},\"thumbnailUrl\":\"https:\\\/\\\/hundtgroup.com\\\/wp-content\\\/uploads\\\/400130.jpg\",\"datePublished\":\"2022-08-23T14:00:41+00:00\",\"dateModified\":\"2025-07-29T09:44:31+00:00\",\"breadcrumb\":{\"@id\":\"https:\\\/\\\/hundtgroup.com\\\/sk\\\/produkt\\\/d08-idealne-noznice-manevrovatelne-vpravo\\\/#breadcrumb\"},\"inLanguage\":\"sk-SK\",\"potentialAction\":[{\"@type\":\"ReadAction\",\"target\":[\"https:\\\/\\\/hundtgroup.com\\\/sk\\\/produkt\\\/d08-idealne-noznice-manevrovatelne-vpravo\\\/\"]}]},{\"@type\":\"ImageObject\",\"inLanguage\":\"sk-SK\",\"@id\":\"https:\\\/\\\/hundtgroup.com\\\/sk\\\/produkt\\\/d08-idealne-noznice-manevrovatelne-vpravo\\\/#primaryimage\",\"url\":\"https:\\\/\\\/hundtgroup.com\\\/wp-content\\\/uploads\\\/400130.jpg\",\"contentUrl\":\"https:\\\/\\\/hundtgroup.com\\\/wp-content\\\/uploads\\\/400130.jpg\",\"width\":1182,\"height\":371},{\"@type\":\"BreadcrumbList\",\"@id\":\"https:\\\/\\\/hundtgroup.com\\\/sk\\\/produkt\\\/d08-idealne-noznice-manevrovatelne-vpravo\\\/#breadcrumb\",\"itemListElement\":[{\"@type\":\"ListItem\",\"position\":1,\"name\":\"Startseite\",\"item\":\"https:\\\/\\\/hundtgroup.com\\\/sk\\\/domov-nove\\\/\"},{\"@type\":\"ListItem\",\"position\":2,\"name\":\"Obchod\",\"item\":\"https:\\\/\\\/hundtgroup.com\\\/obchod\\\/\"},{\"@type\":\"ListItem\",\"position\":3,\"name\":\"D08 Ide\u00e1lne no\u017enice man\u00e9vrovate\u013en\u00e9 vpravo\"}]},{\"@type\":\"WebSite\",\"@id\":\"https:\\\/\\\/hundtgroup.com\\\/sk\\\/#website\",\"url\":\"https:\\\/\\\/hundtgroup.com\\\/sk\\\/\",\"name\":\"Wilhelm Hundt GmbH\",\"description\":\"V\u00e1\u0161 \u0161pecialista na stroje a n\u00e1stroje na spracovanie plechu\",\"potentialAction\":[{\"@type\":\"SearchAction\",\"target\":{\"@type\":\"EntryPoint\",\"urlTemplate\":\"https:\\\/\\\/hundtgroup.com\\\/sk\\\/?s={search_term_string}\"},\"query-input\":{\"@type\":\"PropertyValueSpecification\",\"valueRequired\":true,\"valueName\":\"search_term_string\"}}],\"inLanguage\":\"sk-SK\"}]}<\/script>\n<!-- \/ Yoast SEO plugin. -->","yoast_head_json":{"title":"D08 Ide\u00e1lne no\u017enice man\u00e9vrovate\u013en\u00e9 vpravo - Wilhelm Hundt GmbH","robots":{"index":"index","follow":"follow","max-snippet":"max-snippet:-1","max-image-preview":"max-image-preview:large","max-video-preview":"max-video-preview:-1"},"canonical":"https:\/\/hundtgroup.com\/sk\/produkt\/d08-idealne-noznice-manevrovatelne-vpravo\/","og_locale":"sk_SK","og_type":"article","og_title":"D08 Ide\u00e1lne no\u017enice man\u00e9vrovate\u013en\u00e9 vpravo - Wilhelm Hundt GmbH","og_description":"S p\u00e1kov\u00fdm prevodom. Na s\u00favisl\u00e9 rovn\u00e9 a figurovan\u00e9 rezy. Obzvl\u00e1\u0161\u0165 ploch\u00e1 kon\u0161trukcia no\u017enicovej hlavy umo\u017e\u0148uje strihanie najtesnej\u0161\u00edch polomerov v \u0165a\u017eko pr\u00edstupn\u00fdch miestach. Rezn\u00e1 hrana s mikroser\u00e9ziou na proti\u0161mykov\u00fa pr\u00e1cu.","og_url":"https:\/\/hundtgroup.com\/sk\/produkt\/d08-idealne-noznice-manevrovatelne-vpravo\/","og_site_name":"Wilhelm Hundt GmbH","article_modified_time":"2025-07-29T09:44:31+00:00","og_image":[{"width":1182,"height":371,"url":"https:\/\/hundtgroup.com\/wp-content\/uploads\/400130.jpg","type":"image\/jpeg"}],"twitter_card":"summary_large_image","schema":{"@context":"https:\/\/schema.org","@graph":[{"@type":"WebPage","@id":"https:\/\/hundtgroup.com\/sk\/produkt\/d08-idealne-noznice-manevrovatelne-vpravo\/","url":"https:\/\/hundtgroup.com\/sk\/produkt\/d08-idealne-noznice-manevrovatelne-vpravo\/","name":"D08 Ide\u00e1lne no\u017enice man\u00e9vrovate\u013en\u00e9 vpravo - Wilhelm Hundt GmbH","isPartOf":{"@id":"https:\/\/hundtgroup.com\/sk\/#website"},"primaryImageOfPage":{"@id":"https:\/\/hundtgroup.com\/sk\/produkt\/d08-idealne-noznice-manevrovatelne-vpravo\/#primaryimage"},"image":{"@id":"https:\/\/hundtgroup.com\/sk\/produkt\/d08-idealne-noznice-manevrovatelne-vpravo\/#primaryimage"},"thumbnailUrl":"https:\/\/hundtgroup.com\/wp-content\/uploads\/400130.jpg","datePublished":"2022-08-23T14:00:41+00:00","dateModified":"2025-07-29T09:44:31+00:00","breadcrumb":{"@id":"https:\/\/hundtgroup.com\/sk\/produkt\/d08-idealne-noznice-manevrovatelne-vpravo\/#breadcrumb"},"inLanguage":"sk-SK","potentialAction":[{"@type":"ReadAction","target":["https:\/\/hundtgroup.com\/sk\/produkt\/d08-idealne-noznice-manevrovatelne-vpravo\/"]}]},{"@type":"ImageObject","inLanguage":"sk-SK","@id":"https:\/\/hundtgroup.com\/sk\/produkt\/d08-idealne-noznice-manevrovatelne-vpravo\/#primaryimage","url":"https:\/\/hundtgroup.com\/wp-content\/uploads\/400130.jpg","contentUrl":"https:\/\/hundtgroup.com\/wp-content\/uploads\/400130.jpg","width":1182,"height":371},{"@type":"BreadcrumbList","@id":"https:\/\/hundtgroup.com\/sk\/produkt\/d08-idealne-noznice-manevrovatelne-vpravo\/#breadcrumb","itemListElement":[{"@type":"ListItem","position":1,"name":"Startseite","item":"https:\/\/hundtgroup.com\/sk\/domov-nove\/"},{"@type":"ListItem","position":2,"name":"Obchod","item":"https:\/\/hundtgroup.com\/obchod\/"},{"@type":"ListItem","position":3,"name":"D08 Ide\u00e1lne no\u017enice man\u00e9vrovate\u013en\u00e9 vpravo"}]},{"@type":"WebSite","@id":"https:\/\/hundtgroup.com\/sk\/#website","url":"https:\/\/hundtgroup.com\/sk\/","name":"Wilhelm Hundt GmbH","description":"V\u00e1\u0161 \u0161pecialista na stroje a n\u00e1stroje na spracovanie plechu","potentialAction":[{"@type":"SearchAction","target":{"@type":"EntryPoint","urlTemplate":"https:\/\/hundtgroup.com\/sk\/?s={search_term_string}"},"query-input":{"@type":"PropertyValueSpecification","valueRequired":true,"valueName":"search_term_string"}}],"inLanguage":"sk-SK"}]}},"_links":{"self":[{"href":"https:\/\/hundtgroup.com\/sk\/wp-json\/wp\/v2\/product\/29908","targetHints":{"allow":["GET"]}}],"collection":[{"href":"https:\/\/hundtgroup.com\/sk\/wp-json\/wp\/v2\/product"}],"about":[{"href":"https:\/\/hundtgroup.com\/sk\/wp-json\/wp\/v2\/types\/product"}],"wp:featuredmedia":[{"embeddable":true,"href":"https:\/\/hundtgroup.com\/sk\/wp-json\/wp\/v2\/media\/29898"}],"wp:attachment":[{"href":"https:\/\/hundtgroup.com\/sk\/wp-json\/wp\/v2\/media?parent=29908"}],"wp:term":[{"taxonomy":"product_cat","embeddable":true,"href":"https:\/\/hundtgroup.com\/sk\/wp-json\/wp\/v2\/product_cat?post=29908"},{"taxonomy":"product_tag","embeddable":true,"href":"https:\/\/hundtgroup.com\/sk\/wp-json\/wp\/v2\/product_tag?post=29908"}],"curies":[{"name":"wp","href":"https:\/\/api.w.org\/{rel}","templated":true}]}}