{"id":30262,"date":"2022-08-23T16:00:41","date_gmt":"2022-08-23T14:00:41","guid":{"rendered":"https:\/\/hundtgroup.com\/produkt\/d15a-idealne-noznice-male-lave\/"},"modified":"2025-07-29T11:49:31","modified_gmt":"2025-07-29T09:49:31","slug":"d15a-idealne-noznice-male-lave","status":"publish","type":"product","link":"https:\/\/hundtgroup.com\/sk\/produkt\/d15a-idealne-noznice-male-lave\/","title":{"rendered":"D15A Ide\u00e1lne no\u017enice mal\u00e9 \u013eav\u00e9"},"content":{"rendered":"<p>S p\u00e1kov\u00fdm prevodom.<br \/>\nNa s\u00favisl\u00e9 rovn\u00e9 a tvarov\u00e9 rezy.<br \/>\nMimoriadne obratn\u00e9 v\u010faka \u0161peci\u00e1lnej geometrii strihacej hlavy &#8211; ide\u00e1lne na obzvl\u00e1\u0161\u0165 mal\u00e9 polomery a \u0165a\u017eko pr\u00edstupn\u00e9 miesta.<br \/>\nPraktick\u00e1 kombin\u00e1cia z\u00e1padka-stop.<br \/>\nERGO rukov\u00e4\u0165 na pr\u00e1cu bez \u00fanavy.<\/p>\n","protected":false},"excerpt":{"rendered":"<p>S p\u00e1kov\u00fdm prevodom. Na s\u00favisl\u00e9 rovn\u00e9 a tvarov\u00e9 rezy. Mimoriadne obratn\u00e9 v\u010faka \u0161peci\u00e1lnej geometrii strihacej hlavy &#8211; ide\u00e1lne na obzvl\u00e1\u0161\u0165 mal\u00e9 polomery a \u0165a\u017eko pr\u00edstupn\u00e9 miesta. Praktick\u00e1 kombin\u00e1cia z\u00e1padka-stop. ERGO rukov\u00e4\u0165 na pr\u00e1cu bez \u00fanavy.<\/p>\n","protected":false},"featured_media":29884,"template":"","meta":{"_acf_changed":false,"inline_featured_image":false},"product_cat":[930,2207,2212,2177],"product_tag":[],"class_list":{"0":"post-30262","1":"product","2":"type-product","3":"status-publish","4":"has-post-thumbnail","6":"brand-erdi","7":"product_cat-rucne-naradie","8":"product_cat-idealne-noznice","9":"product_cat-paka-prelozena","10":"product_cat-noznice-na-plech-sk-3","12":"first","13":"instock","14":"taxable","15":"shipping-taxable","16":"purchasable","17":"product-type-simple","18":"add-to-wishlist-before_image"},"acf":[],"yoast_head":"<!-- This site is optimized with the Yoast SEO plugin v27.3 - https:\/\/yoast.com\/product\/yoast-seo-wordpress\/ -->\n<title>D15A Ide\u00e1lne no\u017enice mal\u00e9 \u013eav\u00e9 - Wilhelm Hundt GmbH<\/title>\n<meta name=\"robots\" content=\"index, follow, max-snippet:-1, max-image-preview:large, max-video-preview:-1\" \/>\n<link rel=\"canonical\" href=\"https:\/\/hundtgroup.com\/sk\/produkt\/d15a-idealne-noznice-male-lave\/\" \/>\n<meta property=\"og:locale\" content=\"sk_SK\" \/>\n<meta property=\"og:type\" content=\"article\" \/>\n<meta property=\"og:title\" content=\"D15A Ide\u00e1lne no\u017enice mal\u00e9 \u013eav\u00e9 - Wilhelm Hundt GmbH\" \/>\n<meta property=\"og:description\" content=\"S p\u00e1kov\u00fdm prevodom. Na s\u00favisl\u00e9 rovn\u00e9 a tvarov\u00e9 rezy. Mimoriadne obratn\u00e9 v\u010faka \u0161peci\u00e1lnej geometrii strihacej hlavy &#8211; ide\u00e1lne na obzvl\u00e1\u0161\u0165 mal\u00e9 polomery a \u0165a\u017eko pr\u00edstupn\u00e9 miesta. Praktick\u00e1 kombin\u00e1cia z\u00e1padka-stop. ERGO rukov\u00e4\u0165 na pr\u00e1cu bez \u00fanavy.\" \/>\n<meta property=\"og:url\" content=\"https:\/\/hundtgroup.com\/sk\/produkt\/d15a-idealne-noznice-male-lave\/\" \/>\n<meta property=\"og:site_name\" content=\"Wilhelm Hundt GmbH\" \/>\n<meta property=\"article:modified_time\" content=\"2025-07-29T09:49:31+00:00\" \/>\n<meta property=\"og:image\" content=\"https:\/\/hundtgroup.com\/wp-content\/uploads\/400037.png\" \/>\n\t<meta property=\"og:image:width\" content=\"708\" \/>\n\t<meta property=\"og:image:height\" content=\"216\" \/>\n\t<meta property=\"og:image:type\" content=\"image\/png\" \/>\n<meta name=\"twitter:card\" content=\"summary_large_image\" \/>\n<script type=\"application\/ld+json\" class=\"yoast-schema-graph\">{\"@context\":\"https:\\\/\\\/schema.org\",\"@graph\":[{\"@type\":\"WebPage\",\"@id\":\"https:\\\/\\\/hundtgroup.com\\\/sk\\\/produkt\\\/d15a-idealne-noznice-male-lave\\\/\",\"url\":\"https:\\\/\\\/hundtgroup.com\\\/sk\\\/produkt\\\/d15a-idealne-noznice-male-lave\\\/\",\"name\":\"D15A Ide\u00e1lne no\u017enice mal\u00e9 \u013eav\u00e9 - Wilhelm Hundt GmbH\",\"isPartOf\":{\"@id\":\"https:\\\/\\\/hundtgroup.com\\\/sk\\\/#website\"},\"primaryImageOfPage\":{\"@id\":\"https:\\\/\\\/hundtgroup.com\\\/sk\\\/produkt\\\/d15a-idealne-noznice-male-lave\\\/#primaryimage\"},\"image\":{\"@id\":\"https:\\\/\\\/hundtgroup.com\\\/sk\\\/produkt\\\/d15a-idealne-noznice-male-lave\\\/#primaryimage\"},\"thumbnailUrl\":\"https:\\\/\\\/hundtgroup.com\\\/wp-content\\\/uploads\\\/400037.png\",\"datePublished\":\"2022-08-23T14:00:41+00:00\",\"dateModified\":\"2025-07-29T09:49:31+00:00\",\"breadcrumb\":{\"@id\":\"https:\\\/\\\/hundtgroup.com\\\/sk\\\/produkt\\\/d15a-idealne-noznice-male-lave\\\/#breadcrumb\"},\"inLanguage\":\"sk-SK\",\"potentialAction\":[{\"@type\":\"ReadAction\",\"target\":[\"https:\\\/\\\/hundtgroup.com\\\/sk\\\/produkt\\\/d15a-idealne-noznice-male-lave\\\/\"]}]},{\"@type\":\"ImageObject\",\"inLanguage\":\"sk-SK\",\"@id\":\"https:\\\/\\\/hundtgroup.com\\\/sk\\\/produkt\\\/d15a-idealne-noznice-male-lave\\\/#primaryimage\",\"url\":\"https:\\\/\\\/hundtgroup.com\\\/wp-content\\\/uploads\\\/400037.png\",\"contentUrl\":\"https:\\\/\\\/hundtgroup.com\\\/wp-content\\\/uploads\\\/400037.png\",\"width\":708,\"height\":216},{\"@type\":\"BreadcrumbList\",\"@id\":\"https:\\\/\\\/hundtgroup.com\\\/sk\\\/produkt\\\/d15a-idealne-noznice-male-lave\\\/#breadcrumb\",\"itemListElement\":[{\"@type\":\"ListItem\",\"position\":1,\"name\":\"Startseite\",\"item\":\"https:\\\/\\\/hundtgroup.com\\\/sk\\\/domov-nove\\\/\"},{\"@type\":\"ListItem\",\"position\":2,\"name\":\"Obchod\",\"item\":\"https:\\\/\\\/hundtgroup.com\\\/obchod\\\/\"},{\"@type\":\"ListItem\",\"position\":3,\"name\":\"D15A Ide\u00e1lne no\u017enice mal\u00e9 \u013eav\u00e9\"}]},{\"@type\":\"WebSite\",\"@id\":\"https:\\\/\\\/hundtgroup.com\\\/sk\\\/#website\",\"url\":\"https:\\\/\\\/hundtgroup.com\\\/sk\\\/\",\"name\":\"Wilhelm Hundt GmbH\",\"description\":\"V\u00e1\u0161 \u0161pecialista na stroje a n\u00e1stroje na spracovanie plechu\",\"potentialAction\":[{\"@type\":\"SearchAction\",\"target\":{\"@type\":\"EntryPoint\",\"urlTemplate\":\"https:\\\/\\\/hundtgroup.com\\\/sk\\\/?s={search_term_string}\"},\"query-input\":{\"@type\":\"PropertyValueSpecification\",\"valueRequired\":true,\"valueName\":\"search_term_string\"}}],\"inLanguage\":\"sk-SK\"}]}<\/script>\n<!-- \/ Yoast SEO plugin. -->","yoast_head_json":{"title":"D15A Ide\u00e1lne no\u017enice mal\u00e9 \u013eav\u00e9 - Wilhelm Hundt GmbH","robots":{"index":"index","follow":"follow","max-snippet":"max-snippet:-1","max-image-preview":"max-image-preview:large","max-video-preview":"max-video-preview:-1"},"canonical":"https:\/\/hundtgroup.com\/sk\/produkt\/d15a-idealne-noznice-male-lave\/","og_locale":"sk_SK","og_type":"article","og_title":"D15A Ide\u00e1lne no\u017enice mal\u00e9 \u013eav\u00e9 - Wilhelm Hundt GmbH","og_description":"S p\u00e1kov\u00fdm prevodom. Na s\u00favisl\u00e9 rovn\u00e9 a tvarov\u00e9 rezy. Mimoriadne obratn\u00e9 v\u010faka \u0161peci\u00e1lnej geometrii strihacej hlavy &#8211; ide\u00e1lne na obzvl\u00e1\u0161\u0165 mal\u00e9 polomery a \u0165a\u017eko pr\u00edstupn\u00e9 miesta. Praktick\u00e1 kombin\u00e1cia z\u00e1padka-stop. ERGO rukov\u00e4\u0165 na pr\u00e1cu bez \u00fanavy.","og_url":"https:\/\/hundtgroup.com\/sk\/produkt\/d15a-idealne-noznice-male-lave\/","og_site_name":"Wilhelm Hundt GmbH","article_modified_time":"2025-07-29T09:49:31+00:00","og_image":[{"width":708,"height":216,"url":"https:\/\/hundtgroup.com\/wp-content\/uploads\/400037.png","type":"image\/png"}],"twitter_card":"summary_large_image","schema":{"@context":"https:\/\/schema.org","@graph":[{"@type":"WebPage","@id":"https:\/\/hundtgroup.com\/sk\/produkt\/d15a-idealne-noznice-male-lave\/","url":"https:\/\/hundtgroup.com\/sk\/produkt\/d15a-idealne-noznice-male-lave\/","name":"D15A Ide\u00e1lne no\u017enice mal\u00e9 \u013eav\u00e9 - Wilhelm Hundt GmbH","isPartOf":{"@id":"https:\/\/hundtgroup.com\/sk\/#website"},"primaryImageOfPage":{"@id":"https:\/\/hundtgroup.com\/sk\/produkt\/d15a-idealne-noznice-male-lave\/#primaryimage"},"image":{"@id":"https:\/\/hundtgroup.com\/sk\/produkt\/d15a-idealne-noznice-male-lave\/#primaryimage"},"thumbnailUrl":"https:\/\/hundtgroup.com\/wp-content\/uploads\/400037.png","datePublished":"2022-08-23T14:00:41+00:00","dateModified":"2025-07-29T09:49:31+00:00","breadcrumb":{"@id":"https:\/\/hundtgroup.com\/sk\/produkt\/d15a-idealne-noznice-male-lave\/#breadcrumb"},"inLanguage":"sk-SK","potentialAction":[{"@type":"ReadAction","target":["https:\/\/hundtgroup.com\/sk\/produkt\/d15a-idealne-noznice-male-lave\/"]}]},{"@type":"ImageObject","inLanguage":"sk-SK","@id":"https:\/\/hundtgroup.com\/sk\/produkt\/d15a-idealne-noznice-male-lave\/#primaryimage","url":"https:\/\/hundtgroup.com\/wp-content\/uploads\/400037.png","contentUrl":"https:\/\/hundtgroup.com\/wp-content\/uploads\/400037.png","width":708,"height":216},{"@type":"BreadcrumbList","@id":"https:\/\/hundtgroup.com\/sk\/produkt\/d15a-idealne-noznice-male-lave\/#breadcrumb","itemListElement":[{"@type":"ListItem","position":1,"name":"Startseite","item":"https:\/\/hundtgroup.com\/sk\/domov-nove\/"},{"@type":"ListItem","position":2,"name":"Obchod","item":"https:\/\/hundtgroup.com\/obchod\/"},{"@type":"ListItem","position":3,"name":"D15A Ide\u00e1lne no\u017enice mal\u00e9 \u013eav\u00e9"}]},{"@type":"WebSite","@id":"https:\/\/hundtgroup.com\/sk\/#website","url":"https:\/\/hundtgroup.com\/sk\/","name":"Wilhelm Hundt GmbH","description":"V\u00e1\u0161 \u0161pecialista na stroje a n\u00e1stroje na spracovanie plechu","potentialAction":[{"@type":"SearchAction","target":{"@type":"EntryPoint","urlTemplate":"https:\/\/hundtgroup.com\/sk\/?s={search_term_string}"},"query-input":{"@type":"PropertyValueSpecification","valueRequired":true,"valueName":"search_term_string"}}],"inLanguage":"sk-SK"}]}},"_links":{"self":[{"href":"https:\/\/hundtgroup.com\/sk\/wp-json\/wp\/v2\/product\/30262","targetHints":{"allow":["GET"]}}],"collection":[{"href":"https:\/\/hundtgroup.com\/sk\/wp-json\/wp\/v2\/product"}],"about":[{"href":"https:\/\/hundtgroup.com\/sk\/wp-json\/wp\/v2\/types\/product"}],"wp:featuredmedia":[{"embeddable":true,"href":"https:\/\/hundtgroup.com\/sk\/wp-json\/wp\/v2\/media\/29884"}],"wp:attachment":[{"href":"https:\/\/hundtgroup.com\/sk\/wp-json\/wp\/v2\/media?parent=30262"}],"wp:term":[{"taxonomy":"product_cat","embeddable":true,"href":"https:\/\/hundtgroup.com\/sk\/wp-json\/wp\/v2\/product_cat?post=30262"},{"taxonomy":"product_tag","embeddable":true,"href":"https:\/\/hundtgroup.com\/sk\/wp-json\/wp\/v2\/product_tag?post=30262"}],"curies":[{"name":"wp","href":"https:\/\/api.w.org\/{rel}","templated":true}]}}