{"id":31148,"date":"2022-08-23T15:59:42","date_gmt":"2022-08-23T13:59:42","guid":{"rendered":"https:\/\/hundtgroup.com\/produkt\/mazivo-trumpf-s1-250-g-tuba-pre-trutool-nibblery\/"},"modified":"2025-07-29T11:35:52","modified_gmt":"2025-07-29T09:35:52","slug":"mazivo-trumpf-s1-250-g-tuba-pre-trutool-nibblery","status":"publish","type":"product","link":"https:\/\/hundtgroup.com\/sk\/produkt\/mazivo-trumpf-s1-250-g-tuba-pre-trutool-nibblery\/","title":{"rendered":"Mazivo Trumpf S1 250 g tuba pre TruTool nibblery"},"content":{"rendered":"<p>Mazacia trubica na mazanie ramena a vedenia razn\u00edka pre ve\u013ek\u00e9 vykrajova\u010de TRUMPF.<\/p>\n","protected":false},"excerpt":{"rendered":"<p>Mazacia trubica na mazanie ramena a vedenia razn\u00edka pre ve\u013ek\u00e9 vykrajova\u010de TRUMPF.<\/p>\n","protected":false},"featured_media":0,"template":"","meta":{"_acf_changed":false,"inline_featured_image":false},"product_cat":[2196,2195,2194,2193,2192,2167,2191,2190,2189,2169],"product_tag":[],"class_list":{"0":"post-31148","1":"product","2":"type-product","3":"status-publish","5":"brand-trumpf","6":"product_cat-trutool-n-1000-sk","7":"product_cat-trutool-n-700-sk","8":"product_cat-trutool-n-500-sk","9":"product_cat-trutool-n-350-sk","10":"product_cat-trutool-pn-201-sk","11":"product_cat-baterie-elektricke-prislusenstvo","12":"product_cat-trutool-pn-200-sk","13":"product_cat-trutool-n-200-sk","14":"product_cat-trutool-n-160-sk","15":"product_cat-nibbler-sk-2","17":"first","18":"instock","19":"taxable","20":"shipping-taxable","21":"purchasable","22":"product-type-simple","23":"add-to-wishlist-before_image"},"acf":[],"yoast_head":"<!-- This site is optimized with the Yoast SEO plugin v27.3 - https:\/\/yoast.com\/product\/yoast-seo-wordpress\/ -->\n<title>Mazivo Trumpf S1 250 g tuba pre TruTool nibblery - Wilhelm Hundt GmbH<\/title>\n<meta name=\"robots\" content=\"index, follow, max-snippet:-1, max-image-preview:large, max-video-preview:-1\" \/>\n<link rel=\"canonical\" href=\"https:\/\/hundtgroup.com\/sk\/produkt\/mazivo-trumpf-s1-250-g-tuba-pre-trutool-nibblery\/\" \/>\n<meta property=\"og:locale\" content=\"sk_SK\" \/>\n<meta property=\"og:type\" content=\"article\" \/>\n<meta property=\"og:title\" content=\"Mazivo Trumpf S1 250 g tuba pre TruTool nibblery - Wilhelm Hundt GmbH\" \/>\n<meta property=\"og:description\" content=\"Mazacia trubica na mazanie ramena a vedenia razn\u00edka pre ve\u013ek\u00e9 vykrajova\u010de TRUMPF.\" \/>\n<meta property=\"og:url\" content=\"https:\/\/hundtgroup.com\/sk\/produkt\/mazivo-trumpf-s1-250-g-tuba-pre-trutool-nibblery\/\" \/>\n<meta property=\"og:site_name\" content=\"Wilhelm Hundt GmbH\" \/>\n<meta property=\"article:modified_time\" content=\"2025-07-29T09:35:52+00:00\" \/>\n<meta name=\"twitter:card\" content=\"summary_large_image\" \/>\n<script type=\"application\/ld+json\" class=\"yoast-schema-graph\">{\"@context\":\"https:\\\/\\\/schema.org\",\"@graph\":[{\"@type\":\"WebPage\",\"@id\":\"https:\\\/\\\/hundtgroup.com\\\/sk\\\/produkt\\\/mazivo-trumpf-s1-250-g-tuba-pre-trutool-nibblery\\\/\",\"url\":\"https:\\\/\\\/hundtgroup.com\\\/sk\\\/produkt\\\/mazivo-trumpf-s1-250-g-tuba-pre-trutool-nibblery\\\/\",\"name\":\"Mazivo Trumpf S1 250 g tuba pre TruTool nibblery - Wilhelm Hundt GmbH\",\"isPartOf\":{\"@id\":\"https:\\\/\\\/hundtgroup.com\\\/sk\\\/#website\"},\"datePublished\":\"2022-08-23T13:59:42+00:00\",\"dateModified\":\"2025-07-29T09:35:52+00:00\",\"breadcrumb\":{\"@id\":\"https:\\\/\\\/hundtgroup.com\\\/sk\\\/produkt\\\/mazivo-trumpf-s1-250-g-tuba-pre-trutool-nibblery\\\/#breadcrumb\"},\"inLanguage\":\"sk-SK\",\"potentialAction\":[{\"@type\":\"ReadAction\",\"target\":[\"https:\\\/\\\/hundtgroup.com\\\/sk\\\/produkt\\\/mazivo-trumpf-s1-250-g-tuba-pre-trutool-nibblery\\\/\"]}]},{\"@type\":\"BreadcrumbList\",\"@id\":\"https:\\\/\\\/hundtgroup.com\\\/sk\\\/produkt\\\/mazivo-trumpf-s1-250-g-tuba-pre-trutool-nibblery\\\/#breadcrumb\",\"itemListElement\":[{\"@type\":\"ListItem\",\"position\":1,\"name\":\"Startseite\",\"item\":\"https:\\\/\\\/hundtgroup.com\\\/sk\\\/domov-nove\\\/\"},{\"@type\":\"ListItem\",\"position\":2,\"name\":\"Obchod\",\"item\":\"https:\\\/\\\/hundtgroup.com\\\/obchod\\\/\"},{\"@type\":\"ListItem\",\"position\":3,\"name\":\"Mazivo Trumpf S1 250 g tuba pre TruTool nibblery\"}]},{\"@type\":\"WebSite\",\"@id\":\"https:\\\/\\\/hundtgroup.com\\\/sk\\\/#website\",\"url\":\"https:\\\/\\\/hundtgroup.com\\\/sk\\\/\",\"name\":\"Wilhelm Hundt GmbH\",\"description\":\"V\u00e1\u0161 \u0161pecialista na stroje a n\u00e1stroje na spracovanie plechu\",\"potentialAction\":[{\"@type\":\"SearchAction\",\"target\":{\"@type\":\"EntryPoint\",\"urlTemplate\":\"https:\\\/\\\/hundtgroup.com\\\/sk\\\/?s={search_term_string}\"},\"query-input\":{\"@type\":\"PropertyValueSpecification\",\"valueRequired\":true,\"valueName\":\"search_term_string\"}}],\"inLanguage\":\"sk-SK\"}]}<\/script>\n<!-- \/ Yoast SEO plugin. -->","yoast_head_json":{"title":"Mazivo Trumpf S1 250 g tuba pre TruTool nibblery - Wilhelm Hundt GmbH","robots":{"index":"index","follow":"follow","max-snippet":"max-snippet:-1","max-image-preview":"max-image-preview:large","max-video-preview":"max-video-preview:-1"},"canonical":"https:\/\/hundtgroup.com\/sk\/produkt\/mazivo-trumpf-s1-250-g-tuba-pre-trutool-nibblery\/","og_locale":"sk_SK","og_type":"article","og_title":"Mazivo Trumpf S1 250 g tuba pre TruTool nibblery - Wilhelm Hundt GmbH","og_description":"Mazacia trubica na mazanie ramena a vedenia razn\u00edka pre ve\u013ek\u00e9 vykrajova\u010de TRUMPF.","og_url":"https:\/\/hundtgroup.com\/sk\/produkt\/mazivo-trumpf-s1-250-g-tuba-pre-trutool-nibblery\/","og_site_name":"Wilhelm Hundt GmbH","article_modified_time":"2025-07-29T09:35:52+00:00","twitter_card":"summary_large_image","schema":{"@context":"https:\/\/schema.org","@graph":[{"@type":"WebPage","@id":"https:\/\/hundtgroup.com\/sk\/produkt\/mazivo-trumpf-s1-250-g-tuba-pre-trutool-nibblery\/","url":"https:\/\/hundtgroup.com\/sk\/produkt\/mazivo-trumpf-s1-250-g-tuba-pre-trutool-nibblery\/","name":"Mazivo Trumpf S1 250 g tuba pre TruTool nibblery - Wilhelm Hundt GmbH","isPartOf":{"@id":"https:\/\/hundtgroup.com\/sk\/#website"},"datePublished":"2022-08-23T13:59:42+00:00","dateModified":"2025-07-29T09:35:52+00:00","breadcrumb":{"@id":"https:\/\/hundtgroup.com\/sk\/produkt\/mazivo-trumpf-s1-250-g-tuba-pre-trutool-nibblery\/#breadcrumb"},"inLanguage":"sk-SK","potentialAction":[{"@type":"ReadAction","target":["https:\/\/hundtgroup.com\/sk\/produkt\/mazivo-trumpf-s1-250-g-tuba-pre-trutool-nibblery\/"]}]},{"@type":"BreadcrumbList","@id":"https:\/\/hundtgroup.com\/sk\/produkt\/mazivo-trumpf-s1-250-g-tuba-pre-trutool-nibblery\/#breadcrumb","itemListElement":[{"@type":"ListItem","position":1,"name":"Startseite","item":"https:\/\/hundtgroup.com\/sk\/domov-nove\/"},{"@type":"ListItem","position":2,"name":"Obchod","item":"https:\/\/hundtgroup.com\/obchod\/"},{"@type":"ListItem","position":3,"name":"Mazivo Trumpf S1 250 g tuba pre TruTool nibblery"}]},{"@type":"WebSite","@id":"https:\/\/hundtgroup.com\/sk\/#website","url":"https:\/\/hundtgroup.com\/sk\/","name":"Wilhelm Hundt GmbH","description":"V\u00e1\u0161 \u0161pecialista na stroje a n\u00e1stroje na spracovanie plechu","potentialAction":[{"@type":"SearchAction","target":{"@type":"EntryPoint","urlTemplate":"https:\/\/hundtgroup.com\/sk\/?s={search_term_string}"},"query-input":{"@type":"PropertyValueSpecification","valueRequired":true,"valueName":"search_term_string"}}],"inLanguage":"sk-SK"}]}},"_links":{"self":[{"href":"https:\/\/hundtgroup.com\/sk\/wp-json\/wp\/v2\/product\/31148","targetHints":{"allow":["GET"]}}],"collection":[{"href":"https:\/\/hundtgroup.com\/sk\/wp-json\/wp\/v2\/product"}],"about":[{"href":"https:\/\/hundtgroup.com\/sk\/wp-json\/wp\/v2\/types\/product"}],"wp:attachment":[{"href":"https:\/\/hundtgroup.com\/sk\/wp-json\/wp\/v2\/media?parent=31148"}],"wp:term":[{"taxonomy":"product_cat","embeddable":true,"href":"https:\/\/hundtgroup.com\/sk\/wp-json\/wp\/v2\/product_cat?post=31148"},{"taxonomy":"product_tag","embeddable":true,"href":"https:\/\/hundtgroup.com\/sk\/wp-json\/wp\/v2\/product_tag?post=31148"}],"curies":[{"name":"wp","href":"https:\/\/api.w.org\/{rel}","templated":true}]}}