{"id":35959,"date":"2022-08-23T15:56:03","date_gmt":"2022-08-23T13:56:03","guid":{"rendered":"https:\/\/hundtgroup.com\/produkt\/trutool-tka-1500-freza-na-hrany-s-nastrojom-45\/"},"modified":"2025-07-29T10:27:03","modified_gmt":"2025-07-29T08:27:03","slug":"trutool-tka-1500-freza-na-hrany-s-nastrojom-45","status":"publish","type":"product","link":"https:\/\/hundtgroup.com\/sk\/produkt\/trutool-tka-1500-freza-na-hrany-s-nastrojom-45\/","title":{"rendered":"TruTool TKA 1500 fr\u00e9za na hrany s n\u00e1strojom 45\u00b0"},"content":{"rendered":"<p>Robustn\u00fd n\u00e1stroj TruTool TKA 1500 vytv\u00e1ra presne padn\u00face skosenia s d\u013a\u017ekou do 15 mm pod uhlami 30\u00b0, 45\u00b0 a 60\u00b0. Po\u017eadovan\u00fa d\u013a\u017eku skosenia m\u00f4\u017eete nastavi\u0165 plynulo a bez pou\u017eitia n\u00e1radia. Okam\u017eite dosiahnete vysokokvalitn\u00e9, opakovate\u013en\u00e9 hrany bez nutnosti op\u00e4tovn\u00e9ho opracovania. Pomocou TruTool TKA 1500 m\u00f4\u017eete vytv\u00e1ra\u0165 \u010dist\u00e9 vidite\u013en\u00e9 hrany, l\u00e1ma\u0165 ostr\u00e9 hrany, aplikova\u0165 r\u00e1dius alebo pripravova\u0165 zvarov\u00fd spoj. Efekt\u00edvny proces fr\u00e9zovania je a\u017e p\u00e4\u0165kr\u00e1t r\u00fdchlej\u0161\u00ed ako konkuren\u010dn\u00e9 procesy. Zabra\u0148uje sa akejko\u013evek oxid\u00e1cii alebo deform\u00e1cii materi\u00e1lu. V\u010faka ergonomick\u00e9mu vedeniu a motorizovanej rukov\u00e4ti sa stroj bezkonkuren\u010dne \u013eahko ovl\u00e1da.      <\/p>\n","protected":false},"excerpt":{"rendered":"<p>Robustn\u00fd n\u00e1stroj TruTool TKA 1500 vytv\u00e1ra presne padn\u00face skosenia s d\u013a\u017ekou do 15 mm pod uhlami 30\u00b0, 45\u00b0 a 60\u00b0. Po\u017eadovan\u00fa d\u013a\u017eku skosenia m\u00f4\u017eete nastavi\u0165 plynulo a bez pou\u017eitia n\u00e1radia. Okam\u017eite dosiahnete vysokokvalitn\u00e9, opakovate\u013en\u00e9 hrany bez nutnosti op\u00e4tovn\u00e9ho opracovania. Pomocou TruTool TKA 1500 m\u00f4\u017eete vytv\u00e1ra\u0165 \u010dist\u00e9 vidite\u013en\u00e9 hrany, l\u00e1ma\u0165 ostr\u00e9 hrany, aplikova\u0165 r\u00e1dius alebo pripravova\u0165 [&hellip;]<\/p>\n","protected":false},"featured_media":33614,"template":"","meta":{"_acf_changed":false,"inline_featured_image":false},"product_cat":[2278,656],"product_tag":[],"class_list":{"0":"post-35959","1":"product","2":"type-product","3":"status-publish","4":"has-post-thumbnail","6":"brand-trumpf","7":"product_cat-hranicny-smerovac","8":"product_cat-elektricke-naradie","10":"first","11":"instock","12":"sale","13":"taxable","14":"shipping-taxable","15":"purchasable","16":"product-type-simple","17":"add-to-wishlist-before_image"},"acf":[],"yoast_head":"<!-- This site is optimized with the Yoast SEO plugin v27.3 - https:\/\/yoast.com\/product\/yoast-seo-wordpress\/ -->\n<title>TruTool TKA 1500 fr\u00e9za na hrany s n\u00e1strojom 45\u00b0 - Wilhelm Hundt GmbH<\/title>\n<meta name=\"robots\" content=\"index, follow, max-snippet:-1, max-image-preview:large, max-video-preview:-1\" \/>\n<link rel=\"canonical\" href=\"https:\/\/hundtgroup.com\/sk\/produkt\/trutool-tka-1500-freza-na-hrany-s-nastrojom-45\/\" \/>\n<meta property=\"og:locale\" content=\"sk_SK\" \/>\n<meta property=\"og:type\" content=\"article\" \/>\n<meta property=\"og:title\" content=\"TruTool TKA 1500 fr\u00e9za na hrany s n\u00e1strojom 45\u00b0 - Wilhelm Hundt GmbH\" \/>\n<meta property=\"og:description\" content=\"Robustn\u00fd n\u00e1stroj TruTool TKA 1500 vytv\u00e1ra presne padn\u00face skosenia s d\u013a\u017ekou do 15 mm pod uhlami 30\u00b0, 45\u00b0 a 60\u00b0. Po\u017eadovan\u00fa d\u013a\u017eku skosenia m\u00f4\u017eete nastavi\u0165 plynulo a bez pou\u017eitia n\u00e1radia. Okam\u017eite dosiahnete vysokokvalitn\u00e9, opakovate\u013en\u00e9 hrany bez nutnosti op\u00e4tovn\u00e9ho opracovania. Pomocou TruTool TKA 1500 m\u00f4\u017eete vytv\u00e1ra\u0165 \u010dist\u00e9 vidite\u013en\u00e9 hrany, l\u00e1ma\u0165 ostr\u00e9 hrany, aplikova\u0165 r\u00e1dius alebo pripravova\u0165 [&hellip;]\" \/>\n<meta property=\"og:url\" content=\"https:\/\/hundtgroup.com\/sk\/produkt\/trutool-tka-1500-freza-na-hrany-s-nastrojom-45\/\" \/>\n<meta property=\"og:site_name\" content=\"Wilhelm Hundt GmbH\" \/>\n<meta property=\"article:modified_time\" content=\"2025-07-29T08:27:03+00:00\" \/>\n<meta property=\"og:image\" content=\"https:\/\/hundtgroup.com\/wp-content\/uploads\/345262-scaled.jpg\" \/>\n\t<meta property=\"og:image:width\" content=\"2560\" \/>\n\t<meta property=\"og:image:height\" content=\"1463\" \/>\n\t<meta property=\"og:image:type\" content=\"image\/jpeg\" \/>\n<meta name=\"twitter:card\" content=\"summary_large_image\" \/>\n<meta name=\"twitter:label1\" content=\"Predpokladan\u00fd \u010das \u010d\u00edtania\" \/>\n\t<meta name=\"twitter:data1\" content=\"1 min\u00fata\" \/>\n<script type=\"application\/ld+json\" class=\"yoast-schema-graph\">{\"@context\":\"https:\\\/\\\/schema.org\",\"@graph\":[{\"@type\":\"WebPage\",\"@id\":\"https:\\\/\\\/hundtgroup.com\\\/sk\\\/produkt\\\/trutool-tka-1500-freza-na-hrany-s-nastrojom-45\\\/\",\"url\":\"https:\\\/\\\/hundtgroup.com\\\/sk\\\/produkt\\\/trutool-tka-1500-freza-na-hrany-s-nastrojom-45\\\/\",\"name\":\"TruTool TKA 1500 fr\u00e9za na hrany s n\u00e1strojom 45\u00b0 - Wilhelm Hundt GmbH\",\"isPartOf\":{\"@id\":\"https:\\\/\\\/hundtgroup.com\\\/sk\\\/#website\"},\"primaryImageOfPage\":{\"@id\":\"https:\\\/\\\/hundtgroup.com\\\/sk\\\/produkt\\\/trutool-tka-1500-freza-na-hrany-s-nastrojom-45\\\/#primaryimage\"},\"image\":{\"@id\":\"https:\\\/\\\/hundtgroup.com\\\/sk\\\/produkt\\\/trutool-tka-1500-freza-na-hrany-s-nastrojom-45\\\/#primaryimage\"},\"thumbnailUrl\":\"https:\\\/\\\/hundtgroup.com\\\/wp-content\\\/uploads\\\/345262-scaled.jpg\",\"datePublished\":\"2022-08-23T13:56:03+00:00\",\"dateModified\":\"2025-07-29T08:27:03+00:00\",\"breadcrumb\":{\"@id\":\"https:\\\/\\\/hundtgroup.com\\\/sk\\\/produkt\\\/trutool-tka-1500-freza-na-hrany-s-nastrojom-45\\\/#breadcrumb\"},\"inLanguage\":\"sk-SK\",\"potentialAction\":[{\"@type\":\"ReadAction\",\"target\":[\"https:\\\/\\\/hundtgroup.com\\\/sk\\\/produkt\\\/trutool-tka-1500-freza-na-hrany-s-nastrojom-45\\\/\"]}]},{\"@type\":\"ImageObject\",\"inLanguage\":\"sk-SK\",\"@id\":\"https:\\\/\\\/hundtgroup.com\\\/sk\\\/produkt\\\/trutool-tka-1500-freza-na-hrany-s-nastrojom-45\\\/#primaryimage\",\"url\":\"https:\\\/\\\/hundtgroup.com\\\/wp-content\\\/uploads\\\/345262-scaled.jpg\",\"contentUrl\":\"https:\\\/\\\/hundtgroup.com\\\/wp-content\\\/uploads\\\/345262-scaled.jpg\",\"width\":2560,\"height\":1463},{\"@type\":\"BreadcrumbList\",\"@id\":\"https:\\\/\\\/hundtgroup.com\\\/sk\\\/produkt\\\/trutool-tka-1500-freza-na-hrany-s-nastrojom-45\\\/#breadcrumb\",\"itemListElement\":[{\"@type\":\"ListItem\",\"position\":1,\"name\":\"Startseite\",\"item\":\"https:\\\/\\\/hundtgroup.com\\\/sk\\\/domov-nove\\\/\"},{\"@type\":\"ListItem\",\"position\":2,\"name\":\"Obchod\",\"item\":\"https:\\\/\\\/hundtgroup.com\\\/obchod\\\/\"},{\"@type\":\"ListItem\",\"position\":3,\"name\":\"TruTool TKA 1500 fr\u00e9za na hrany s n\u00e1strojom 45\u00b0\"}]},{\"@type\":\"WebSite\",\"@id\":\"https:\\\/\\\/hundtgroup.com\\\/sk\\\/#website\",\"url\":\"https:\\\/\\\/hundtgroup.com\\\/sk\\\/\",\"name\":\"Wilhelm Hundt GmbH\",\"description\":\"V\u00e1\u0161 \u0161pecialista na stroje a n\u00e1stroje na spracovanie plechu\",\"potentialAction\":[{\"@type\":\"SearchAction\",\"target\":{\"@type\":\"EntryPoint\",\"urlTemplate\":\"https:\\\/\\\/hundtgroup.com\\\/sk\\\/?s={search_term_string}\"},\"query-input\":{\"@type\":\"PropertyValueSpecification\",\"valueRequired\":true,\"valueName\":\"search_term_string\"}}],\"inLanguage\":\"sk-SK\"}]}<\/script>\n<!-- \/ Yoast SEO plugin. -->","yoast_head_json":{"title":"TruTool TKA 1500 fr\u00e9za na hrany s n\u00e1strojom 45\u00b0 - Wilhelm Hundt GmbH","robots":{"index":"index","follow":"follow","max-snippet":"max-snippet:-1","max-image-preview":"max-image-preview:large","max-video-preview":"max-video-preview:-1"},"canonical":"https:\/\/hundtgroup.com\/sk\/produkt\/trutool-tka-1500-freza-na-hrany-s-nastrojom-45\/","og_locale":"sk_SK","og_type":"article","og_title":"TruTool TKA 1500 fr\u00e9za na hrany s n\u00e1strojom 45\u00b0 - Wilhelm Hundt GmbH","og_description":"Robustn\u00fd n\u00e1stroj TruTool TKA 1500 vytv\u00e1ra presne padn\u00face skosenia s d\u013a\u017ekou do 15 mm pod uhlami 30\u00b0, 45\u00b0 a 60\u00b0. Po\u017eadovan\u00fa d\u013a\u017eku skosenia m\u00f4\u017eete nastavi\u0165 plynulo a bez pou\u017eitia n\u00e1radia. Okam\u017eite dosiahnete vysokokvalitn\u00e9, opakovate\u013en\u00e9 hrany bez nutnosti op\u00e4tovn\u00e9ho opracovania. Pomocou TruTool TKA 1500 m\u00f4\u017eete vytv\u00e1ra\u0165 \u010dist\u00e9 vidite\u013en\u00e9 hrany, l\u00e1ma\u0165 ostr\u00e9 hrany, aplikova\u0165 r\u00e1dius alebo pripravova\u0165 [&hellip;]","og_url":"https:\/\/hundtgroup.com\/sk\/produkt\/trutool-tka-1500-freza-na-hrany-s-nastrojom-45\/","og_site_name":"Wilhelm Hundt GmbH","article_modified_time":"2025-07-29T08:27:03+00:00","og_image":[{"width":2560,"height":1463,"url":"https:\/\/hundtgroup.com\/wp-content\/uploads\/345262-scaled.jpg","type":"image\/jpeg"}],"twitter_card":"summary_large_image","twitter_misc":{"Predpokladan\u00fd \u010das \u010d\u00edtania":"1 min\u00fata"},"schema":{"@context":"https:\/\/schema.org","@graph":[{"@type":"WebPage","@id":"https:\/\/hundtgroup.com\/sk\/produkt\/trutool-tka-1500-freza-na-hrany-s-nastrojom-45\/","url":"https:\/\/hundtgroup.com\/sk\/produkt\/trutool-tka-1500-freza-na-hrany-s-nastrojom-45\/","name":"TruTool TKA 1500 fr\u00e9za na hrany s n\u00e1strojom 45\u00b0 - Wilhelm Hundt GmbH","isPartOf":{"@id":"https:\/\/hundtgroup.com\/sk\/#website"},"primaryImageOfPage":{"@id":"https:\/\/hundtgroup.com\/sk\/produkt\/trutool-tka-1500-freza-na-hrany-s-nastrojom-45\/#primaryimage"},"image":{"@id":"https:\/\/hundtgroup.com\/sk\/produkt\/trutool-tka-1500-freza-na-hrany-s-nastrojom-45\/#primaryimage"},"thumbnailUrl":"https:\/\/hundtgroup.com\/wp-content\/uploads\/345262-scaled.jpg","datePublished":"2022-08-23T13:56:03+00:00","dateModified":"2025-07-29T08:27:03+00:00","breadcrumb":{"@id":"https:\/\/hundtgroup.com\/sk\/produkt\/trutool-tka-1500-freza-na-hrany-s-nastrojom-45\/#breadcrumb"},"inLanguage":"sk-SK","potentialAction":[{"@type":"ReadAction","target":["https:\/\/hundtgroup.com\/sk\/produkt\/trutool-tka-1500-freza-na-hrany-s-nastrojom-45\/"]}]},{"@type":"ImageObject","inLanguage":"sk-SK","@id":"https:\/\/hundtgroup.com\/sk\/produkt\/trutool-tka-1500-freza-na-hrany-s-nastrojom-45\/#primaryimage","url":"https:\/\/hundtgroup.com\/wp-content\/uploads\/345262-scaled.jpg","contentUrl":"https:\/\/hundtgroup.com\/wp-content\/uploads\/345262-scaled.jpg","width":2560,"height":1463},{"@type":"BreadcrumbList","@id":"https:\/\/hundtgroup.com\/sk\/produkt\/trutool-tka-1500-freza-na-hrany-s-nastrojom-45\/#breadcrumb","itemListElement":[{"@type":"ListItem","position":1,"name":"Startseite","item":"https:\/\/hundtgroup.com\/sk\/domov-nove\/"},{"@type":"ListItem","position":2,"name":"Obchod","item":"https:\/\/hundtgroup.com\/obchod\/"},{"@type":"ListItem","position":3,"name":"TruTool TKA 1500 fr\u00e9za na hrany s n\u00e1strojom 45\u00b0"}]},{"@type":"WebSite","@id":"https:\/\/hundtgroup.com\/sk\/#website","url":"https:\/\/hundtgroup.com\/sk\/","name":"Wilhelm Hundt GmbH","description":"V\u00e1\u0161 \u0161pecialista na stroje a n\u00e1stroje na spracovanie plechu","potentialAction":[{"@type":"SearchAction","target":{"@type":"EntryPoint","urlTemplate":"https:\/\/hundtgroup.com\/sk\/?s={search_term_string}"},"query-input":{"@type":"PropertyValueSpecification","valueRequired":true,"valueName":"search_term_string"}}],"inLanguage":"sk-SK"}]}},"_links":{"self":[{"href":"https:\/\/hundtgroup.com\/sk\/wp-json\/wp\/v2\/product\/35959","targetHints":{"allow":["GET"]}}],"collection":[{"href":"https:\/\/hundtgroup.com\/sk\/wp-json\/wp\/v2\/product"}],"about":[{"href":"https:\/\/hundtgroup.com\/sk\/wp-json\/wp\/v2\/types\/product"}],"wp:featuredmedia":[{"embeddable":true,"href":"https:\/\/hundtgroup.com\/sk\/wp-json\/wp\/v2\/media\/33614"}],"wp:attachment":[{"href":"https:\/\/hundtgroup.com\/sk\/wp-json\/wp\/v2\/media?parent=35959"}],"wp:term":[{"taxonomy":"product_cat","embeddable":true,"href":"https:\/\/hundtgroup.com\/sk\/wp-json\/wp\/v2\/product_cat?post=35959"},{"taxonomy":"product_tag","embeddable":true,"href":"https:\/\/hundtgroup.com\/sk\/wp-json\/wp\/v2\/product_tag?post=35959"}],"curies":[{"name":"wp","href":"https:\/\/api.w.org\/{rel}","templated":true}]}}