{"id":35967,"date":"2022-08-23T15:56:29","date_gmt":"2022-08-23T13:56:29","guid":{"rendered":"https:\/\/hundtgroup.com\/produkt\/trutool-tsc-100-cistic-podpornych-pasov\/"},"modified":"2025-07-29T10:16:59","modified_gmt":"2025-07-29T08:16:59","slug":"trutool-tsc-100-cistic-podpornych-pasov","status":"publish","type":"product","link":"https:\/\/hundtgroup.com\/sk\/produkt\/trutool-tsc-100-cistic-podpornych-pasov\/","title":{"rendered":"TruTool TSC 100 \u010disti\u010d podporn\u00fdch p\u00e1sov"},"content":{"rendered":"<p>N\u00e1radie TruTool TSC 100 v\u00e1m umo\u017en\u00ed r\u00fdchlo a bez n\u00e1mahy vy\u010disti\u0165 nosn\u00e9 li\u0161ty. To zaru\u010duje spo\u013eahliv\u00fa a kvalitn\u00fa v\u00fdrobu laserom vyrez\u00e1van\u00fdch komponentov. P\u00e1sy sa na \u010distenie nemusia vybera\u0165. Je to praktick\u00e9 a \u0161etr\u00ed to v\u00e1\u0161 \u010das. \u010cas \u010distenia kompletnej palety v \u0161tandardnej ve\u013ekosti 1500 mm x 3000 mm je pribli\u017ene 30 min\u00fat.    <\/p>\n","protected":false},"excerpt":{"rendered":"<p>N\u00e1radie TruTool TSC 100 v\u00e1m umo\u017en\u00ed r\u00fdchlo a bez n\u00e1mahy vy\u010disti\u0165 nosn\u00e9 li\u0161ty. To zaru\u010duje spo\u013eahliv\u00fa a kvalitn\u00fa v\u00fdrobu laserom vyrez\u00e1van\u00fdch komponentov. P\u00e1sy sa na \u010distenie nemusia vybera\u0165. Je to praktick\u00e9 a \u0161etr\u00ed to v\u00e1\u0161 \u010das. \u010cas \u010distenia kompletnej palety v \u0161tandardnej ve\u013ekosti 1500 mm x 3000 mm je pribli\u017ene 30 min\u00fat.<\/p>\n","protected":false},"featured_media":32674,"template":"","meta":{"_acf_changed":false,"inline_featured_image":false},"product_cat":[656,2280],"product_tag":[],"class_list":{"0":"post-35967","1":"product","2":"type-product","3":"status-publish","4":"has-post-thumbnail","6":"brand-trumpf","7":"product_cat-elektricke-naradie","8":"product_cat-specialne-nastroje","10":"first","11":"instock","12":"sale","13":"taxable","14":"shipping-taxable","15":"purchasable","16":"product-type-simple","17":"add-to-wishlist-before_image"},"acf":[],"yoast_head":"<!-- This site is optimized with the Yoast SEO plugin v27.3 - https:\/\/yoast.com\/product\/yoast-seo-wordpress\/ -->\n<title>TruTool TSC 100 \u010disti\u010d podporn\u00fdch p\u00e1sov - Wilhelm Hundt GmbH<\/title>\n<meta name=\"robots\" content=\"index, follow, max-snippet:-1, max-image-preview:large, max-video-preview:-1\" \/>\n<link rel=\"canonical\" href=\"https:\/\/hundtgroup.com\/sk\/produkt\/trutool-tsc-100-cistic-podpornych-pasov\/\" \/>\n<meta property=\"og:locale\" content=\"sk_SK\" \/>\n<meta property=\"og:type\" content=\"article\" \/>\n<meta property=\"og:title\" content=\"TruTool TSC 100 \u010disti\u010d podporn\u00fdch p\u00e1sov - Wilhelm Hundt GmbH\" \/>\n<meta property=\"og:description\" content=\"N\u00e1radie TruTool TSC 100 v\u00e1m umo\u017en\u00ed r\u00fdchlo a bez n\u00e1mahy vy\u010disti\u0165 nosn\u00e9 li\u0161ty. To zaru\u010duje spo\u013eahliv\u00fa a kvalitn\u00fa v\u00fdrobu laserom vyrez\u00e1van\u00fdch komponentov. P\u00e1sy sa na \u010distenie nemusia vybera\u0165. Je to praktick\u00e9 a \u0161etr\u00ed to v\u00e1\u0161 \u010das. \u010cas \u010distenia kompletnej palety v \u0161tandardnej ve\u013ekosti 1500 mm x 3000 mm je pribli\u017ene 30 min\u00fat.\" \/>\n<meta property=\"og:url\" content=\"https:\/\/hundtgroup.com\/sk\/produkt\/trutool-tsc-100-cistic-podpornych-pasov\/\" \/>\n<meta property=\"og:site_name\" content=\"Wilhelm Hundt GmbH\" \/>\n<meta property=\"article:modified_time\" content=\"2025-07-29T08:16:59+00:00\" \/>\n<meta property=\"og:image\" content=\"https:\/\/hundtgroup.com\/wp-content\/uploads\/hundt_produkt_trumpf_auflagenleisten-reiniger-TruTool-TSC-100.jpg\" \/>\n\t<meta property=\"og:image:width\" content=\"680\" \/>\n\t<meta property=\"og:image:height\" content=\"580\" \/>\n\t<meta property=\"og:image:type\" content=\"image\/jpeg\" \/>\n<meta name=\"twitter:card\" content=\"summary_large_image\" \/>\n<script type=\"application\/ld+json\" class=\"yoast-schema-graph\">{\"@context\":\"https:\\\/\\\/schema.org\",\"@graph\":[{\"@type\":\"WebPage\",\"@id\":\"https:\\\/\\\/hundtgroup.com\\\/sk\\\/produkt\\\/trutool-tsc-100-cistic-podpornych-pasov\\\/\",\"url\":\"https:\\\/\\\/hundtgroup.com\\\/sk\\\/produkt\\\/trutool-tsc-100-cistic-podpornych-pasov\\\/\",\"name\":\"TruTool TSC 100 \u010disti\u010d podporn\u00fdch p\u00e1sov - Wilhelm Hundt GmbH\",\"isPartOf\":{\"@id\":\"https:\\\/\\\/hundtgroup.com\\\/sk\\\/#website\"},\"primaryImageOfPage\":{\"@id\":\"https:\\\/\\\/hundtgroup.com\\\/sk\\\/produkt\\\/trutool-tsc-100-cistic-podpornych-pasov\\\/#primaryimage\"},\"image\":{\"@id\":\"https:\\\/\\\/hundtgroup.com\\\/sk\\\/produkt\\\/trutool-tsc-100-cistic-podpornych-pasov\\\/#primaryimage\"},\"thumbnailUrl\":\"https:\\\/\\\/hundtgroup.com\\\/wp-content\\\/uploads\\\/hundt_produkt_trumpf_auflagenleisten-reiniger-TruTool-TSC-100.jpg\",\"datePublished\":\"2022-08-23T13:56:29+00:00\",\"dateModified\":\"2025-07-29T08:16:59+00:00\",\"breadcrumb\":{\"@id\":\"https:\\\/\\\/hundtgroup.com\\\/sk\\\/produkt\\\/trutool-tsc-100-cistic-podpornych-pasov\\\/#breadcrumb\"},\"inLanguage\":\"sk-SK\",\"potentialAction\":[{\"@type\":\"ReadAction\",\"target\":[\"https:\\\/\\\/hundtgroup.com\\\/sk\\\/produkt\\\/trutool-tsc-100-cistic-podpornych-pasov\\\/\"]}]},{\"@type\":\"ImageObject\",\"inLanguage\":\"sk-SK\",\"@id\":\"https:\\\/\\\/hundtgroup.com\\\/sk\\\/produkt\\\/trutool-tsc-100-cistic-podpornych-pasov\\\/#primaryimage\",\"url\":\"https:\\\/\\\/hundtgroup.com\\\/wp-content\\\/uploads\\\/hundt_produkt_trumpf_auflagenleisten-reiniger-TruTool-TSC-100.jpg\",\"contentUrl\":\"https:\\\/\\\/hundtgroup.com\\\/wp-content\\\/uploads\\\/hundt_produkt_trumpf_auflagenleisten-reiniger-TruTool-TSC-100.jpg\",\"width\":680,\"height\":580},{\"@type\":\"BreadcrumbList\",\"@id\":\"https:\\\/\\\/hundtgroup.com\\\/sk\\\/produkt\\\/trutool-tsc-100-cistic-podpornych-pasov\\\/#breadcrumb\",\"itemListElement\":[{\"@type\":\"ListItem\",\"position\":1,\"name\":\"Startseite\",\"item\":\"https:\\\/\\\/hundtgroup.com\\\/sk\\\/domov-nove\\\/\"},{\"@type\":\"ListItem\",\"position\":2,\"name\":\"Obchod\",\"item\":\"https:\\\/\\\/hundtgroup.com\\\/obchod\\\/\"},{\"@type\":\"ListItem\",\"position\":3,\"name\":\"TruTool TSC 100 \u010disti\u010d podporn\u00fdch p\u00e1sov\"}]},{\"@type\":\"WebSite\",\"@id\":\"https:\\\/\\\/hundtgroup.com\\\/sk\\\/#website\",\"url\":\"https:\\\/\\\/hundtgroup.com\\\/sk\\\/\",\"name\":\"Wilhelm Hundt GmbH\",\"description\":\"V\u00e1\u0161 \u0161pecialista na stroje a n\u00e1stroje na spracovanie plechu\",\"potentialAction\":[{\"@type\":\"SearchAction\",\"target\":{\"@type\":\"EntryPoint\",\"urlTemplate\":\"https:\\\/\\\/hundtgroup.com\\\/sk\\\/?s={search_term_string}\"},\"query-input\":{\"@type\":\"PropertyValueSpecification\",\"valueRequired\":true,\"valueName\":\"search_term_string\"}}],\"inLanguage\":\"sk-SK\"}]}<\/script>\n<!-- \/ Yoast SEO plugin. -->","yoast_head_json":{"title":"TruTool TSC 100 \u010disti\u010d podporn\u00fdch p\u00e1sov - Wilhelm Hundt GmbH","robots":{"index":"index","follow":"follow","max-snippet":"max-snippet:-1","max-image-preview":"max-image-preview:large","max-video-preview":"max-video-preview:-1"},"canonical":"https:\/\/hundtgroup.com\/sk\/produkt\/trutool-tsc-100-cistic-podpornych-pasov\/","og_locale":"sk_SK","og_type":"article","og_title":"TruTool TSC 100 \u010disti\u010d podporn\u00fdch p\u00e1sov - Wilhelm Hundt GmbH","og_description":"N\u00e1radie TruTool TSC 100 v\u00e1m umo\u017en\u00ed r\u00fdchlo a bez n\u00e1mahy vy\u010disti\u0165 nosn\u00e9 li\u0161ty. To zaru\u010duje spo\u013eahliv\u00fa a kvalitn\u00fa v\u00fdrobu laserom vyrez\u00e1van\u00fdch komponentov. P\u00e1sy sa na \u010distenie nemusia vybera\u0165. Je to praktick\u00e9 a \u0161etr\u00ed to v\u00e1\u0161 \u010das. \u010cas \u010distenia kompletnej palety v \u0161tandardnej ve\u013ekosti 1500 mm x 3000 mm je pribli\u017ene 30 min\u00fat.","og_url":"https:\/\/hundtgroup.com\/sk\/produkt\/trutool-tsc-100-cistic-podpornych-pasov\/","og_site_name":"Wilhelm Hundt GmbH","article_modified_time":"2025-07-29T08:16:59+00:00","og_image":[{"width":680,"height":580,"url":"https:\/\/hundtgroup.com\/wp-content\/uploads\/hundt_produkt_trumpf_auflagenleisten-reiniger-TruTool-TSC-100.jpg","type":"image\/jpeg"}],"twitter_card":"summary_large_image","schema":{"@context":"https:\/\/schema.org","@graph":[{"@type":"WebPage","@id":"https:\/\/hundtgroup.com\/sk\/produkt\/trutool-tsc-100-cistic-podpornych-pasov\/","url":"https:\/\/hundtgroup.com\/sk\/produkt\/trutool-tsc-100-cistic-podpornych-pasov\/","name":"TruTool TSC 100 \u010disti\u010d podporn\u00fdch p\u00e1sov - Wilhelm Hundt GmbH","isPartOf":{"@id":"https:\/\/hundtgroup.com\/sk\/#website"},"primaryImageOfPage":{"@id":"https:\/\/hundtgroup.com\/sk\/produkt\/trutool-tsc-100-cistic-podpornych-pasov\/#primaryimage"},"image":{"@id":"https:\/\/hundtgroup.com\/sk\/produkt\/trutool-tsc-100-cistic-podpornych-pasov\/#primaryimage"},"thumbnailUrl":"https:\/\/hundtgroup.com\/wp-content\/uploads\/hundt_produkt_trumpf_auflagenleisten-reiniger-TruTool-TSC-100.jpg","datePublished":"2022-08-23T13:56:29+00:00","dateModified":"2025-07-29T08:16:59+00:00","breadcrumb":{"@id":"https:\/\/hundtgroup.com\/sk\/produkt\/trutool-tsc-100-cistic-podpornych-pasov\/#breadcrumb"},"inLanguage":"sk-SK","potentialAction":[{"@type":"ReadAction","target":["https:\/\/hundtgroup.com\/sk\/produkt\/trutool-tsc-100-cistic-podpornych-pasov\/"]}]},{"@type":"ImageObject","inLanguage":"sk-SK","@id":"https:\/\/hundtgroup.com\/sk\/produkt\/trutool-tsc-100-cistic-podpornych-pasov\/#primaryimage","url":"https:\/\/hundtgroup.com\/wp-content\/uploads\/hundt_produkt_trumpf_auflagenleisten-reiniger-TruTool-TSC-100.jpg","contentUrl":"https:\/\/hundtgroup.com\/wp-content\/uploads\/hundt_produkt_trumpf_auflagenleisten-reiniger-TruTool-TSC-100.jpg","width":680,"height":580},{"@type":"BreadcrumbList","@id":"https:\/\/hundtgroup.com\/sk\/produkt\/trutool-tsc-100-cistic-podpornych-pasov\/#breadcrumb","itemListElement":[{"@type":"ListItem","position":1,"name":"Startseite","item":"https:\/\/hundtgroup.com\/sk\/domov-nove\/"},{"@type":"ListItem","position":2,"name":"Obchod","item":"https:\/\/hundtgroup.com\/obchod\/"},{"@type":"ListItem","position":3,"name":"TruTool TSC 100 \u010disti\u010d podporn\u00fdch p\u00e1sov"}]},{"@type":"WebSite","@id":"https:\/\/hundtgroup.com\/sk\/#website","url":"https:\/\/hundtgroup.com\/sk\/","name":"Wilhelm Hundt GmbH","description":"V\u00e1\u0161 \u0161pecialista na stroje a n\u00e1stroje na spracovanie plechu","potentialAction":[{"@type":"SearchAction","target":{"@type":"EntryPoint","urlTemplate":"https:\/\/hundtgroup.com\/sk\/?s={search_term_string}"},"query-input":{"@type":"PropertyValueSpecification","valueRequired":true,"valueName":"search_term_string"}}],"inLanguage":"sk-SK"}]}},"_links":{"self":[{"href":"https:\/\/hundtgroup.com\/sk\/wp-json\/wp\/v2\/product\/35967","targetHints":{"allow":["GET"]}}],"collection":[{"href":"https:\/\/hundtgroup.com\/sk\/wp-json\/wp\/v2\/product"}],"about":[{"href":"https:\/\/hundtgroup.com\/sk\/wp-json\/wp\/v2\/types\/product"}],"wp:featuredmedia":[{"embeddable":true,"href":"https:\/\/hundtgroup.com\/sk\/wp-json\/wp\/v2\/media\/32674"}],"wp:attachment":[{"href":"https:\/\/hundtgroup.com\/sk\/wp-json\/wp\/v2\/media?parent=35967"}],"wp:term":[{"taxonomy":"product_cat","embeddable":true,"href":"https:\/\/hundtgroup.com\/sk\/wp-json\/wp\/v2\/product_cat?post=35967"},{"taxonomy":"product_tag","embeddable":true,"href":"https:\/\/hundtgroup.com\/sk\/wp-json\/wp\/v2\/product_tag?post=35967"}],"curies":[{"name":"wp","href":"https:\/\/api.w.org\/{rel}","templated":true}]}}