{"id":35980,"date":"2022-08-23T15:56:03","date_gmt":"2022-08-23T13:56:03","guid":{"rendered":"https:\/\/hundtgroup.com\/produkt\/trumpf-trutool-tpc-165-rezacka-panelov\/"},"modified":"2025-07-29T10:20:07","modified_gmt":"2025-07-29T08:20:07","slug":"trumpf-trutool-tpc-165-rezacka-panelov","status":"publish","type":"product","link":"https:\/\/hundtgroup.com\/sk\/produkt\/trumpf-trutool-tpc-165-rezacka-panelov\/","title":{"rendered":"TRUMPF TruTool TPC 165 reza\u010dka panelov"},"content":{"rendered":"<p>S novou reza\u010dkou na panely od spolo\u010dnosti TRUMPF sa daj\u00fa sendvi\u010dov\u00e9 panely (polyuret\u00e1nov\u00e9 a polyizokyanur\u00e1tov\u00e9 sendvi\u010dov\u00e9 panely) do hr\u00fabky 165 mm reza\u0165 \u010disto a bez op\u00e4tovn\u00e9ho opracovania v jednej oper\u00e1cii.<br \/>\nTo nez\u00e1vis\u00ed od toho, \u010di je povrch panelov rovn\u00fd, trap\u00e9zov\u00fd alebo vlnit\u00fd.<br \/>\nStroj sa d\u00e1 pou\u017ei\u0165 na \u0161irok\u00fa \u0161k\u00e1lu aplik\u00e1ci\u00ed, od rezania na d\u013a\u017eku a pravouhl\u00fdch rezov a\u017e po vn\u00fatorn\u00e9 v\u00fdrezy a z\u00e1rezy.<br \/>\nDokonca aj u\u017e zmontovan\u00e9 panely sa daj\u00fa \u013eahko a presne reza\u0165 pomocou nov\u00e9ho TruTool TPC 165<br \/>\nPonorn\u00fd mechanizmus umo\u017e\u0148uje vn\u00fatorn\u00e9 v\u00fdrezy a z\u00e1rezy bez potreby v\u0155tania \u0161tartovacieho otvoru<\/p>\n","protected":false},"excerpt":{"rendered":"<p>S novou reza\u010dkou na panely od spolo\u010dnosti TRUMPF sa daj\u00fa sendvi\u010dov\u00e9 panely (polyuret\u00e1nov\u00e9 a polyizokyanur\u00e1tov\u00e9 sendvi\u010dov\u00e9 panely) do hr\u00fabky 165 mm reza\u0165 \u010disto a bez op\u00e4tovn\u00e9ho opracovania v jednej oper\u00e1cii. To nez\u00e1vis\u00ed od toho, \u010di je povrch panelov rovn\u00fd, trap\u00e9zov\u00fd alebo vlnit\u00fd. Stroj sa d\u00e1 pou\u017ei\u0165 na \u0161irok\u00fa \u0161k\u00e1lu aplik\u00e1ci\u00ed, od rezania na d\u013a\u017eku a [&hellip;]<\/p>\n","protected":false},"featured_media":33628,"template":"","meta":{"_acf_changed":false,"inline_featured_image":false},"product_cat":[656,2274],"product_tag":[],"class_list":{"0":"post-35980","1":"product","2":"type-product","3":"status-publish","4":"has-post-thumbnail","6":"brand-trumpf","7":"product_cat-elektricke-naradie","8":"product_cat-retazova-pila","10":"first","11":"instock","12":"sale","13":"taxable","14":"shipping-taxable","15":"purchasable","16":"product-type-simple","17":"add-to-wishlist-before_image"},"acf":[],"yoast_head":"<!-- This site is optimized with the Yoast SEO plugin v27.3 - https:\/\/yoast.com\/product\/yoast-seo-wordpress\/ -->\n<title>TRUMPF TruTool TPC 165 reza\u010dka panelov - Wilhelm Hundt GmbH<\/title>\n<meta name=\"robots\" content=\"index, follow, max-snippet:-1, max-image-preview:large, max-video-preview:-1\" \/>\n<link rel=\"canonical\" href=\"https:\/\/hundtgroup.com\/sk\/produkt\/trumpf-trutool-tpc-165-rezacka-panelov\/\" \/>\n<meta property=\"og:locale\" content=\"sk_SK\" \/>\n<meta property=\"og:type\" content=\"article\" \/>\n<meta property=\"og:title\" content=\"TRUMPF TruTool TPC 165 reza\u010dka panelov - Wilhelm Hundt GmbH\" \/>\n<meta property=\"og:description\" content=\"S novou reza\u010dkou na panely od spolo\u010dnosti TRUMPF sa daj\u00fa sendvi\u010dov\u00e9 panely (polyuret\u00e1nov\u00e9 a polyizokyanur\u00e1tov\u00e9 sendvi\u010dov\u00e9 panely) do hr\u00fabky 165 mm reza\u0165 \u010disto a bez op\u00e4tovn\u00e9ho opracovania v jednej oper\u00e1cii. To nez\u00e1vis\u00ed od toho, \u010di je povrch panelov rovn\u00fd, trap\u00e9zov\u00fd alebo vlnit\u00fd. Stroj sa d\u00e1 pou\u017ei\u0165 na \u0161irok\u00fa \u0161k\u00e1lu aplik\u00e1ci\u00ed, od rezania na d\u013a\u017eku a [&hellip;]\" \/>\n<meta property=\"og:url\" content=\"https:\/\/hundtgroup.com\/sk\/produkt\/trumpf-trutool-tpc-165-rezacka-panelov\/\" \/>\n<meta property=\"og:site_name\" content=\"Wilhelm Hundt GmbH\" \/>\n<meta property=\"article:modified_time\" content=\"2025-07-29T08:20:07+00:00\" \/>\n<meta property=\"og:image\" content=\"https:\/\/hundtgroup.com\/wp-content\/uploads\/351006-scaled.jpg\" \/>\n\t<meta property=\"og:image:width\" content=\"2560\" \/>\n\t<meta property=\"og:image:height\" content=\"1396\" \/>\n\t<meta property=\"og:image:type\" content=\"image\/jpeg\" \/>\n<meta name=\"twitter:card\" content=\"summary_large_image\" \/>\n<meta name=\"twitter:label1\" content=\"Predpokladan\u00fd \u010das \u010d\u00edtania\" \/>\n\t<meta name=\"twitter:data1\" content=\"1 min\u00fata\" \/>\n<script type=\"application\/ld+json\" class=\"yoast-schema-graph\">{\"@context\":\"https:\\\/\\\/schema.org\",\"@graph\":[{\"@type\":\"WebPage\",\"@id\":\"https:\\\/\\\/hundtgroup.com\\\/sk\\\/produkt\\\/trumpf-trutool-tpc-165-rezacka-panelov\\\/\",\"url\":\"https:\\\/\\\/hundtgroup.com\\\/sk\\\/produkt\\\/trumpf-trutool-tpc-165-rezacka-panelov\\\/\",\"name\":\"TRUMPF TruTool TPC 165 reza\u010dka panelov - Wilhelm Hundt GmbH\",\"isPartOf\":{\"@id\":\"https:\\\/\\\/hundtgroup.com\\\/sk\\\/#website\"},\"primaryImageOfPage\":{\"@id\":\"https:\\\/\\\/hundtgroup.com\\\/sk\\\/produkt\\\/trumpf-trutool-tpc-165-rezacka-panelov\\\/#primaryimage\"},\"image\":{\"@id\":\"https:\\\/\\\/hundtgroup.com\\\/sk\\\/produkt\\\/trumpf-trutool-tpc-165-rezacka-panelov\\\/#primaryimage\"},\"thumbnailUrl\":\"https:\\\/\\\/hundtgroup.com\\\/wp-content\\\/uploads\\\/351006-scaled.jpg\",\"datePublished\":\"2022-08-23T13:56:03+00:00\",\"dateModified\":\"2025-07-29T08:20:07+00:00\",\"breadcrumb\":{\"@id\":\"https:\\\/\\\/hundtgroup.com\\\/sk\\\/produkt\\\/trumpf-trutool-tpc-165-rezacka-panelov\\\/#breadcrumb\"},\"inLanguage\":\"sk-SK\",\"potentialAction\":[{\"@type\":\"ReadAction\",\"target\":[\"https:\\\/\\\/hundtgroup.com\\\/sk\\\/produkt\\\/trumpf-trutool-tpc-165-rezacka-panelov\\\/\"]}]},{\"@type\":\"ImageObject\",\"inLanguage\":\"sk-SK\",\"@id\":\"https:\\\/\\\/hundtgroup.com\\\/sk\\\/produkt\\\/trumpf-trutool-tpc-165-rezacka-panelov\\\/#primaryimage\",\"url\":\"https:\\\/\\\/hundtgroup.com\\\/wp-content\\\/uploads\\\/351006-scaled.jpg\",\"contentUrl\":\"https:\\\/\\\/hundtgroup.com\\\/wp-content\\\/uploads\\\/351006-scaled.jpg\",\"width\":2560,\"height\":1396},{\"@type\":\"BreadcrumbList\",\"@id\":\"https:\\\/\\\/hundtgroup.com\\\/sk\\\/produkt\\\/trumpf-trutool-tpc-165-rezacka-panelov\\\/#breadcrumb\",\"itemListElement\":[{\"@type\":\"ListItem\",\"position\":1,\"name\":\"Startseite\",\"item\":\"https:\\\/\\\/hundtgroup.com\\\/sk\\\/domov-nove\\\/\"},{\"@type\":\"ListItem\",\"position\":2,\"name\":\"Obchod\",\"item\":\"https:\\\/\\\/hundtgroup.com\\\/obchod\\\/\"},{\"@type\":\"ListItem\",\"position\":3,\"name\":\"TRUMPF TruTool TPC 165 reza\u010dka panelov\"}]},{\"@type\":\"WebSite\",\"@id\":\"https:\\\/\\\/hundtgroup.com\\\/sk\\\/#website\",\"url\":\"https:\\\/\\\/hundtgroup.com\\\/sk\\\/\",\"name\":\"Wilhelm Hundt GmbH\",\"description\":\"V\u00e1\u0161 \u0161pecialista na stroje a n\u00e1stroje na spracovanie plechu\",\"potentialAction\":[{\"@type\":\"SearchAction\",\"target\":{\"@type\":\"EntryPoint\",\"urlTemplate\":\"https:\\\/\\\/hundtgroup.com\\\/sk\\\/?s={search_term_string}\"},\"query-input\":{\"@type\":\"PropertyValueSpecification\",\"valueRequired\":true,\"valueName\":\"search_term_string\"}}],\"inLanguage\":\"sk-SK\"}]}<\/script>\n<!-- \/ Yoast SEO plugin. -->","yoast_head_json":{"title":"TRUMPF TruTool TPC 165 reza\u010dka panelov - Wilhelm Hundt GmbH","robots":{"index":"index","follow":"follow","max-snippet":"max-snippet:-1","max-image-preview":"max-image-preview:large","max-video-preview":"max-video-preview:-1"},"canonical":"https:\/\/hundtgroup.com\/sk\/produkt\/trumpf-trutool-tpc-165-rezacka-panelov\/","og_locale":"sk_SK","og_type":"article","og_title":"TRUMPF TruTool TPC 165 reza\u010dka panelov - Wilhelm Hundt GmbH","og_description":"S novou reza\u010dkou na panely od spolo\u010dnosti TRUMPF sa daj\u00fa sendvi\u010dov\u00e9 panely (polyuret\u00e1nov\u00e9 a polyizokyanur\u00e1tov\u00e9 sendvi\u010dov\u00e9 panely) do hr\u00fabky 165 mm reza\u0165 \u010disto a bez op\u00e4tovn\u00e9ho opracovania v jednej oper\u00e1cii. To nez\u00e1vis\u00ed od toho, \u010di je povrch panelov rovn\u00fd, trap\u00e9zov\u00fd alebo vlnit\u00fd. Stroj sa d\u00e1 pou\u017ei\u0165 na \u0161irok\u00fa \u0161k\u00e1lu aplik\u00e1ci\u00ed, od rezania na d\u013a\u017eku a [&hellip;]","og_url":"https:\/\/hundtgroup.com\/sk\/produkt\/trumpf-trutool-tpc-165-rezacka-panelov\/","og_site_name":"Wilhelm Hundt GmbH","article_modified_time":"2025-07-29T08:20:07+00:00","og_image":[{"width":2560,"height":1396,"url":"https:\/\/hundtgroup.com\/wp-content\/uploads\/351006-scaled.jpg","type":"image\/jpeg"}],"twitter_card":"summary_large_image","twitter_misc":{"Predpokladan\u00fd \u010das \u010d\u00edtania":"1 min\u00fata"},"schema":{"@context":"https:\/\/schema.org","@graph":[{"@type":"WebPage","@id":"https:\/\/hundtgroup.com\/sk\/produkt\/trumpf-trutool-tpc-165-rezacka-panelov\/","url":"https:\/\/hundtgroup.com\/sk\/produkt\/trumpf-trutool-tpc-165-rezacka-panelov\/","name":"TRUMPF TruTool TPC 165 reza\u010dka panelov - Wilhelm Hundt GmbH","isPartOf":{"@id":"https:\/\/hundtgroup.com\/sk\/#website"},"primaryImageOfPage":{"@id":"https:\/\/hundtgroup.com\/sk\/produkt\/trumpf-trutool-tpc-165-rezacka-panelov\/#primaryimage"},"image":{"@id":"https:\/\/hundtgroup.com\/sk\/produkt\/trumpf-trutool-tpc-165-rezacka-panelov\/#primaryimage"},"thumbnailUrl":"https:\/\/hundtgroup.com\/wp-content\/uploads\/351006-scaled.jpg","datePublished":"2022-08-23T13:56:03+00:00","dateModified":"2025-07-29T08:20:07+00:00","breadcrumb":{"@id":"https:\/\/hundtgroup.com\/sk\/produkt\/trumpf-trutool-tpc-165-rezacka-panelov\/#breadcrumb"},"inLanguage":"sk-SK","potentialAction":[{"@type":"ReadAction","target":["https:\/\/hundtgroup.com\/sk\/produkt\/trumpf-trutool-tpc-165-rezacka-panelov\/"]}]},{"@type":"ImageObject","inLanguage":"sk-SK","@id":"https:\/\/hundtgroup.com\/sk\/produkt\/trumpf-trutool-tpc-165-rezacka-panelov\/#primaryimage","url":"https:\/\/hundtgroup.com\/wp-content\/uploads\/351006-scaled.jpg","contentUrl":"https:\/\/hundtgroup.com\/wp-content\/uploads\/351006-scaled.jpg","width":2560,"height":1396},{"@type":"BreadcrumbList","@id":"https:\/\/hundtgroup.com\/sk\/produkt\/trumpf-trutool-tpc-165-rezacka-panelov\/#breadcrumb","itemListElement":[{"@type":"ListItem","position":1,"name":"Startseite","item":"https:\/\/hundtgroup.com\/sk\/domov-nove\/"},{"@type":"ListItem","position":2,"name":"Obchod","item":"https:\/\/hundtgroup.com\/obchod\/"},{"@type":"ListItem","position":3,"name":"TRUMPF TruTool TPC 165 reza\u010dka panelov"}]},{"@type":"WebSite","@id":"https:\/\/hundtgroup.com\/sk\/#website","url":"https:\/\/hundtgroup.com\/sk\/","name":"Wilhelm Hundt GmbH","description":"V\u00e1\u0161 \u0161pecialista na stroje a n\u00e1stroje na spracovanie plechu","potentialAction":[{"@type":"SearchAction","target":{"@type":"EntryPoint","urlTemplate":"https:\/\/hundtgroup.com\/sk\/?s={search_term_string}"},"query-input":{"@type":"PropertyValueSpecification","valueRequired":true,"valueName":"search_term_string"}}],"inLanguage":"sk-SK"}]}},"_links":{"self":[{"href":"https:\/\/hundtgroup.com\/sk\/wp-json\/wp\/v2\/product\/35980","targetHints":{"allow":["GET"]}}],"collection":[{"href":"https:\/\/hundtgroup.com\/sk\/wp-json\/wp\/v2\/product"}],"about":[{"href":"https:\/\/hundtgroup.com\/sk\/wp-json\/wp\/v2\/types\/product"}],"wp:featuredmedia":[{"embeddable":true,"href":"https:\/\/hundtgroup.com\/sk\/wp-json\/wp\/v2\/media\/33628"}],"wp:attachment":[{"href":"https:\/\/hundtgroup.com\/sk\/wp-json\/wp\/v2\/media?parent=35980"}],"wp:term":[{"taxonomy":"product_cat","embeddable":true,"href":"https:\/\/hundtgroup.com\/sk\/wp-json\/wp\/v2\/product_cat?post=35980"},{"taxonomy":"product_tag","embeddable":true,"href":"https:\/\/hundtgroup.com\/sk\/wp-json\/wp\/v2\/product_tag?post=35980"}],"curies":[{"name":"wp","href":"https:\/\/api.w.org\/{rel}","templated":true}]}}