{"id":36260,"date":"2022-08-23T15:59:42","date_gmt":"2022-08-23T13:59:42","guid":{"rendered":"https:\/\/hundtgroup.com\/produkt\/rukovat-trumpf-kompletna-s-adapterom\/"},"modified":"2025-07-29T11:35:41","modified_gmt":"2025-07-29T09:35:41","slug":"rukovat-trumpf-kompletna-s-adapterom","status":"publish","type":"product","link":"https:\/\/hundtgroup.com\/sk\/produkt\/rukovat-trumpf-kompletna-s-adapterom\/","title":{"rendered":"Rukov\u00e4\u0165 TRUMPF kompletn\u00e1 s adapt\u00e9rom"},"content":{"rendered":"<p>Rukov\u00e4\u0165 TRUMPF kompletn\u00e1 s adapt\u00e9rom pre \u010disti\u010d podporn\u00fdch p\u00e1sov TSC 100. <\/p>\n","protected":false},"excerpt":{"rendered":"<p>Rukov\u00e4\u0165 TRUMPF kompletn\u00e1 s adapt\u00e9rom pre \u010disti\u010d podporn\u00fdch p\u00e1sov TSC 100.<\/p>\n","protected":false},"featured_media":0,"template":"","meta":{"_acf_changed":false,"inline_featured_image":false},"product_cat":[2206,2167,2174],"product_tag":[],"class_list":{"0":"post-36260","1":"product","2":"type-product","3":"status-publish","5":"brand-trumpf","6":"product_cat-tsc-100-sk","7":"product_cat-baterie-elektricke-prislusenstvo","8":"product_cat-podporny-cistiaci-pas","10":"first","11":"instock","12":"taxable","13":"shipping-taxable","14":"purchasable","15":"product-type-simple","16":"add-to-wishlist-before_image"},"acf":[],"yoast_head":"<!-- This site is optimized with the Yoast SEO plugin v27.3 - https:\/\/yoast.com\/product\/yoast-seo-wordpress\/ -->\n<title>Rukov\u00e4\u0165 TRUMPF kompletn\u00e1 s adapt\u00e9rom - Wilhelm Hundt GmbH<\/title>\n<meta name=\"robots\" content=\"index, follow, max-snippet:-1, max-image-preview:large, max-video-preview:-1\" \/>\n<link rel=\"canonical\" href=\"https:\/\/hundtgroup.com\/sk\/produkt\/rukovat-trumpf-kompletna-s-adapterom\/\" \/>\n<meta property=\"og:locale\" content=\"sk_SK\" \/>\n<meta property=\"og:type\" content=\"article\" \/>\n<meta property=\"og:title\" content=\"Rukov\u00e4\u0165 TRUMPF kompletn\u00e1 s adapt\u00e9rom - Wilhelm Hundt GmbH\" \/>\n<meta property=\"og:description\" content=\"Rukov\u00e4\u0165 TRUMPF kompletn\u00e1 s adapt\u00e9rom pre \u010disti\u010d podporn\u00fdch p\u00e1sov TSC 100.\" \/>\n<meta property=\"og:url\" content=\"https:\/\/hundtgroup.com\/sk\/produkt\/rukovat-trumpf-kompletna-s-adapterom\/\" \/>\n<meta property=\"og:site_name\" content=\"Wilhelm Hundt GmbH\" \/>\n<meta property=\"article:modified_time\" content=\"2025-07-29T09:35:41+00:00\" \/>\n<meta name=\"twitter:card\" content=\"summary_large_image\" \/>\n<script type=\"application\/ld+json\" class=\"yoast-schema-graph\">{\"@context\":\"https:\\\/\\\/schema.org\",\"@graph\":[{\"@type\":\"WebPage\",\"@id\":\"https:\\\/\\\/hundtgroup.com\\\/sk\\\/produkt\\\/rukovat-trumpf-kompletna-s-adapterom\\\/\",\"url\":\"https:\\\/\\\/hundtgroup.com\\\/sk\\\/produkt\\\/rukovat-trumpf-kompletna-s-adapterom\\\/\",\"name\":\"Rukov\u00e4\u0165 TRUMPF kompletn\u00e1 s adapt\u00e9rom - Wilhelm Hundt GmbH\",\"isPartOf\":{\"@id\":\"https:\\\/\\\/hundtgroup.com\\\/sk\\\/#website\"},\"datePublished\":\"2022-08-23T13:59:42+00:00\",\"dateModified\":\"2025-07-29T09:35:41+00:00\",\"breadcrumb\":{\"@id\":\"https:\\\/\\\/hundtgroup.com\\\/sk\\\/produkt\\\/rukovat-trumpf-kompletna-s-adapterom\\\/#breadcrumb\"},\"inLanguage\":\"sk-SK\",\"potentialAction\":[{\"@type\":\"ReadAction\",\"target\":[\"https:\\\/\\\/hundtgroup.com\\\/sk\\\/produkt\\\/rukovat-trumpf-kompletna-s-adapterom\\\/\"]}]},{\"@type\":\"BreadcrumbList\",\"@id\":\"https:\\\/\\\/hundtgroup.com\\\/sk\\\/produkt\\\/rukovat-trumpf-kompletna-s-adapterom\\\/#breadcrumb\",\"itemListElement\":[{\"@type\":\"ListItem\",\"position\":1,\"name\":\"Startseite\",\"item\":\"https:\\\/\\\/hundtgroup.com\\\/sk\\\/domov-nove\\\/\"},{\"@type\":\"ListItem\",\"position\":2,\"name\":\"Obchod\",\"item\":\"https:\\\/\\\/hundtgroup.com\\\/obchod\\\/\"},{\"@type\":\"ListItem\",\"position\":3,\"name\":\"Rukov\u00e4\u0165 TRUMPF kompletn\u00e1 s adapt\u00e9rom\"}]},{\"@type\":\"WebSite\",\"@id\":\"https:\\\/\\\/hundtgroup.com\\\/sk\\\/#website\",\"url\":\"https:\\\/\\\/hundtgroup.com\\\/sk\\\/\",\"name\":\"Wilhelm Hundt GmbH\",\"description\":\"V\u00e1\u0161 \u0161pecialista na stroje a n\u00e1stroje na spracovanie plechu\",\"potentialAction\":[{\"@type\":\"SearchAction\",\"target\":{\"@type\":\"EntryPoint\",\"urlTemplate\":\"https:\\\/\\\/hundtgroup.com\\\/sk\\\/?s={search_term_string}\"},\"query-input\":{\"@type\":\"PropertyValueSpecification\",\"valueRequired\":true,\"valueName\":\"search_term_string\"}}],\"inLanguage\":\"sk-SK\"}]}<\/script>\n<!-- \/ Yoast SEO plugin. -->","yoast_head_json":{"title":"Rukov\u00e4\u0165 TRUMPF kompletn\u00e1 s adapt\u00e9rom - Wilhelm Hundt GmbH","robots":{"index":"index","follow":"follow","max-snippet":"max-snippet:-1","max-image-preview":"max-image-preview:large","max-video-preview":"max-video-preview:-1"},"canonical":"https:\/\/hundtgroup.com\/sk\/produkt\/rukovat-trumpf-kompletna-s-adapterom\/","og_locale":"sk_SK","og_type":"article","og_title":"Rukov\u00e4\u0165 TRUMPF kompletn\u00e1 s adapt\u00e9rom - Wilhelm Hundt GmbH","og_description":"Rukov\u00e4\u0165 TRUMPF kompletn\u00e1 s adapt\u00e9rom pre \u010disti\u010d podporn\u00fdch p\u00e1sov TSC 100.","og_url":"https:\/\/hundtgroup.com\/sk\/produkt\/rukovat-trumpf-kompletna-s-adapterom\/","og_site_name":"Wilhelm Hundt GmbH","article_modified_time":"2025-07-29T09:35:41+00:00","twitter_card":"summary_large_image","schema":{"@context":"https:\/\/schema.org","@graph":[{"@type":"WebPage","@id":"https:\/\/hundtgroup.com\/sk\/produkt\/rukovat-trumpf-kompletna-s-adapterom\/","url":"https:\/\/hundtgroup.com\/sk\/produkt\/rukovat-trumpf-kompletna-s-adapterom\/","name":"Rukov\u00e4\u0165 TRUMPF kompletn\u00e1 s adapt\u00e9rom - Wilhelm Hundt GmbH","isPartOf":{"@id":"https:\/\/hundtgroup.com\/sk\/#website"},"datePublished":"2022-08-23T13:59:42+00:00","dateModified":"2025-07-29T09:35:41+00:00","breadcrumb":{"@id":"https:\/\/hundtgroup.com\/sk\/produkt\/rukovat-trumpf-kompletna-s-adapterom\/#breadcrumb"},"inLanguage":"sk-SK","potentialAction":[{"@type":"ReadAction","target":["https:\/\/hundtgroup.com\/sk\/produkt\/rukovat-trumpf-kompletna-s-adapterom\/"]}]},{"@type":"BreadcrumbList","@id":"https:\/\/hundtgroup.com\/sk\/produkt\/rukovat-trumpf-kompletna-s-adapterom\/#breadcrumb","itemListElement":[{"@type":"ListItem","position":1,"name":"Startseite","item":"https:\/\/hundtgroup.com\/sk\/domov-nove\/"},{"@type":"ListItem","position":2,"name":"Obchod","item":"https:\/\/hundtgroup.com\/obchod\/"},{"@type":"ListItem","position":3,"name":"Rukov\u00e4\u0165 TRUMPF kompletn\u00e1 s adapt\u00e9rom"}]},{"@type":"WebSite","@id":"https:\/\/hundtgroup.com\/sk\/#website","url":"https:\/\/hundtgroup.com\/sk\/","name":"Wilhelm Hundt GmbH","description":"V\u00e1\u0161 \u0161pecialista na stroje a n\u00e1stroje na spracovanie plechu","potentialAction":[{"@type":"SearchAction","target":{"@type":"EntryPoint","urlTemplate":"https:\/\/hundtgroup.com\/sk\/?s={search_term_string}"},"query-input":{"@type":"PropertyValueSpecification","valueRequired":true,"valueName":"search_term_string"}}],"inLanguage":"sk-SK"}]}},"_links":{"self":[{"href":"https:\/\/hundtgroup.com\/sk\/wp-json\/wp\/v2\/product\/36260","targetHints":{"allow":["GET"]}}],"collection":[{"href":"https:\/\/hundtgroup.com\/sk\/wp-json\/wp\/v2\/product"}],"about":[{"href":"https:\/\/hundtgroup.com\/sk\/wp-json\/wp\/v2\/types\/product"}],"wp:attachment":[{"href":"https:\/\/hundtgroup.com\/sk\/wp-json\/wp\/v2\/media?parent=36260"}],"wp:term":[{"taxonomy":"product_cat","embeddable":true,"href":"https:\/\/hundtgroup.com\/sk\/wp-json\/wp\/v2\/product_cat?post=36260"},{"taxonomy":"product_tag","embeddable":true,"href":"https:\/\/hundtgroup.com\/sk\/wp-json\/wp\/v2\/product_tag?post=36260"}],"curies":[{"name":"wp","href":"https:\/\/api.w.org\/{rel}","templated":true}]}}