{"id":36451,"date":"2022-10-26T15:58:39","date_gmt":"2022-10-26T13:58:39","guid":{"rendered":"https:\/\/hundtgroup.com\/produkt\/uchopove-klieste-137-10\/"},"modified":"2025-07-29T12:31:15","modified_gmt":"2025-07-29T10:31:15","slug":"uchopove-klieste-137-10","status":"publish","type":"product","link":"https:\/\/hundtgroup.com\/sk\/produkt\/uchopove-klieste-137-10\/","title":{"rendered":"\u00dachopov\u00e9 klie\u0161te 137 10"},"content":{"rendered":"<p>\u00dachopov\u00e9 klie\u0161te s nastavovacou skrutkou a modro lakovanou uvo\u013e\u0148ovacou p\u00e1\u010dkou. Kovan\u00e9, temperovan\u00e9 \u010de\u013euste a \u0161peci\u00e1lne \u010de\u013euste na bezpe\u010dn\u00e9 uchopenie, zovretie a dr\u017eanie.<br \/>\nAutomaticky zv\u00e1ran\u00e1 horn\u00e1 \u010de\u013eus\u0165 &#8211; absol\u00fatne pevn\u00e9 spojenie s telom z oce\u013eov\u00e9ho plechu<br \/>\nPremyslen\u00fd tvar \u010de\u013eust\u00ed zaru\u010duje trojbodov\u00fd kontakt s ak\u00fdmko\u013evek prierezom materi\u00e1lu.<br \/>\nZ\u00e1vitov\u00fd otvor navaren\u00fd na spodnej strane, \u017eiadne roz\u0161irovanie pri najv\u00e4\u010d\u0161om za\u0165a\u017een\u00ed.<br \/>\nBezpe\u010dn\u00e9 uvo\u013enenie, uvo\u013e\u0148ovacia p\u00e1ka pod st\u00e1lym tlakom \u0161peci\u00e1lnej pru\u017einy. Poniklovan\u00e9.  <\/p>\n","protected":false},"excerpt":{"rendered":"<p>\u00dachopov\u00e9 klie\u0161te s nastavovacou skrutkou a modro lakovanou uvo\u013e\u0148ovacou p\u00e1\u010dkou. Kovan\u00e9, temperovan\u00e9 \u010de\u013euste a \u0161peci\u00e1lne \u010de\u013euste na bezpe\u010dn\u00e9 uchopenie, zovretie a dr\u017eanie. Automaticky zv\u00e1ran\u00e1 horn\u00e1 \u010de\u013eus\u0165 &#8211; absol\u00fatne pevn\u00e9 spojenie s telom z oce\u013eov\u00e9ho plechu Premyslen\u00fd tvar \u010de\u013eust\u00ed zaru\u010duje trojbodov\u00fd kontakt s ak\u00fdmko\u013evek prierezom materi\u00e1lu. Z\u00e1vitov\u00fd otvor navaren\u00fd na spodnej strane, \u017eiadne roz\u0161irovanie pri najv\u00e4\u010d\u0161om [&hellip;]<\/p>\n","protected":false},"featured_media":34132,"template":"","meta":{"_acf_changed":false,"inline_featured_image":false},"product_cat":[930,2225,2220],"product_tag":[],"class_list":{"0":"post-36451","1":"product","2":"type-product","3":"status-publish","4":"has-post-thumbnail","6":"brand-gedore","7":"product_cat-rucne-naradie","8":"product_cat-uchopove-klieste","9":"product_cat-klieste","11":"first","12":"instock","13":"taxable","14":"shipping-taxable","15":"purchasable","16":"product-type-simple","17":"add-to-wishlist-before_image"},"acf":[],"yoast_head":"<!-- This site is optimized with the Yoast SEO plugin v27.3 - https:\/\/yoast.com\/product\/yoast-seo-wordpress\/ -->\n<title>\u00dachopov\u00e9 klie\u0161te 137 10 - Wilhelm Hundt GmbH<\/title>\n<meta name=\"robots\" content=\"index, follow, max-snippet:-1, max-image-preview:large, max-video-preview:-1\" \/>\n<link rel=\"canonical\" href=\"https:\/\/hundtgroup.com\/sk\/produkt\/uchopove-klieste-137-10\/\" \/>\n<meta property=\"og:locale\" content=\"sk_SK\" \/>\n<meta property=\"og:type\" content=\"article\" \/>\n<meta property=\"og:title\" content=\"\u00dachopov\u00e9 klie\u0161te 137 10 - Wilhelm Hundt GmbH\" \/>\n<meta property=\"og:description\" content=\"\u00dachopov\u00e9 klie\u0161te s nastavovacou skrutkou a modro lakovanou uvo\u013e\u0148ovacou p\u00e1\u010dkou. Kovan\u00e9, temperovan\u00e9 \u010de\u013euste a \u0161peci\u00e1lne \u010de\u013euste na bezpe\u010dn\u00e9 uchopenie, zovretie a dr\u017eanie. Automaticky zv\u00e1ran\u00e1 horn\u00e1 \u010de\u013eus\u0165 &#8211; absol\u00fatne pevn\u00e9 spojenie s telom z oce\u013eov\u00e9ho plechu Premyslen\u00fd tvar \u010de\u013eust\u00ed zaru\u010duje trojbodov\u00fd kontakt s ak\u00fdmko\u013evek prierezom materi\u00e1lu. Z\u00e1vitov\u00fd otvor navaren\u00fd na spodnej strane, \u017eiadne roz\u0161irovanie pri najv\u00e4\u010d\u0161om [&hellip;]\" \/>\n<meta property=\"og:url\" content=\"https:\/\/hundtgroup.com\/sk\/produkt\/uchopove-klieste-137-10\/\" \/>\n<meta property=\"og:site_name\" content=\"Wilhelm Hundt GmbH\" \/>\n<meta property=\"article:modified_time\" content=\"2025-07-29T10:31:15+00:00\" \/>\n<meta property=\"og:image\" content=\"https:\/\/hundtgroup.com\/wp-content\/uploads\/410098.png\" \/>\n\t<meta property=\"og:image:width\" content=\"790\" \/>\n\t<meta property=\"og:image:height\" content=\"363\" \/>\n\t<meta property=\"og:image:type\" content=\"image\/png\" \/>\n<meta name=\"twitter:card\" content=\"summary_large_image\" \/>\n<script type=\"application\/ld+json\" class=\"yoast-schema-graph\">{\"@context\":\"https:\\\/\\\/schema.org\",\"@graph\":[{\"@type\":\"WebPage\",\"@id\":\"https:\\\/\\\/hundtgroup.com\\\/sk\\\/produkt\\\/uchopove-klieste-137-10\\\/\",\"url\":\"https:\\\/\\\/hundtgroup.com\\\/sk\\\/produkt\\\/uchopove-klieste-137-10\\\/\",\"name\":\"\u00dachopov\u00e9 klie\u0161te 137 10 - Wilhelm Hundt GmbH\",\"isPartOf\":{\"@id\":\"https:\\\/\\\/hundtgroup.com\\\/sk\\\/#website\"},\"primaryImageOfPage\":{\"@id\":\"https:\\\/\\\/hundtgroup.com\\\/sk\\\/produkt\\\/uchopove-klieste-137-10\\\/#primaryimage\"},\"image\":{\"@id\":\"https:\\\/\\\/hundtgroup.com\\\/sk\\\/produkt\\\/uchopove-klieste-137-10\\\/#primaryimage\"},\"thumbnailUrl\":\"https:\\\/\\\/hundtgroup.com\\\/wp-content\\\/uploads\\\/410098.png\",\"datePublished\":\"2022-10-26T13:58:39+00:00\",\"dateModified\":\"2025-07-29T10:31:15+00:00\",\"breadcrumb\":{\"@id\":\"https:\\\/\\\/hundtgroup.com\\\/sk\\\/produkt\\\/uchopove-klieste-137-10\\\/#breadcrumb\"},\"inLanguage\":\"sk-SK\",\"potentialAction\":[{\"@type\":\"ReadAction\",\"target\":[\"https:\\\/\\\/hundtgroup.com\\\/sk\\\/produkt\\\/uchopove-klieste-137-10\\\/\"]}]},{\"@type\":\"ImageObject\",\"inLanguage\":\"sk-SK\",\"@id\":\"https:\\\/\\\/hundtgroup.com\\\/sk\\\/produkt\\\/uchopove-klieste-137-10\\\/#primaryimage\",\"url\":\"https:\\\/\\\/hundtgroup.com\\\/wp-content\\\/uploads\\\/410098.png\",\"contentUrl\":\"https:\\\/\\\/hundtgroup.com\\\/wp-content\\\/uploads\\\/410098.png\",\"width\":790,\"height\":363},{\"@type\":\"BreadcrumbList\",\"@id\":\"https:\\\/\\\/hundtgroup.com\\\/sk\\\/produkt\\\/uchopove-klieste-137-10\\\/#breadcrumb\",\"itemListElement\":[{\"@type\":\"ListItem\",\"position\":1,\"name\":\"Startseite\",\"item\":\"https:\\\/\\\/hundtgroup.com\\\/sk\\\/domov-nove\\\/\"},{\"@type\":\"ListItem\",\"position\":2,\"name\":\"Obchod\",\"item\":\"https:\\\/\\\/hundtgroup.com\\\/obchod\\\/\"},{\"@type\":\"ListItem\",\"position\":3,\"name\":\"\u00dachopov\u00e9 klie\u0161te 137 10\"}]},{\"@type\":\"WebSite\",\"@id\":\"https:\\\/\\\/hundtgroup.com\\\/sk\\\/#website\",\"url\":\"https:\\\/\\\/hundtgroup.com\\\/sk\\\/\",\"name\":\"Wilhelm Hundt GmbH\",\"description\":\"V\u00e1\u0161 \u0161pecialista na stroje a n\u00e1stroje na spracovanie plechu\",\"potentialAction\":[{\"@type\":\"SearchAction\",\"target\":{\"@type\":\"EntryPoint\",\"urlTemplate\":\"https:\\\/\\\/hundtgroup.com\\\/sk\\\/?s={search_term_string}\"},\"query-input\":{\"@type\":\"PropertyValueSpecification\",\"valueRequired\":true,\"valueName\":\"search_term_string\"}}],\"inLanguage\":\"sk-SK\"}]}<\/script>\n<!-- \/ Yoast SEO plugin. -->","yoast_head_json":{"title":"\u00dachopov\u00e9 klie\u0161te 137 10 - Wilhelm Hundt GmbH","robots":{"index":"index","follow":"follow","max-snippet":"max-snippet:-1","max-image-preview":"max-image-preview:large","max-video-preview":"max-video-preview:-1"},"canonical":"https:\/\/hundtgroup.com\/sk\/produkt\/uchopove-klieste-137-10\/","og_locale":"sk_SK","og_type":"article","og_title":"\u00dachopov\u00e9 klie\u0161te 137 10 - Wilhelm Hundt GmbH","og_description":"\u00dachopov\u00e9 klie\u0161te s nastavovacou skrutkou a modro lakovanou uvo\u013e\u0148ovacou p\u00e1\u010dkou. Kovan\u00e9, temperovan\u00e9 \u010de\u013euste a \u0161peci\u00e1lne \u010de\u013euste na bezpe\u010dn\u00e9 uchopenie, zovretie a dr\u017eanie. Automaticky zv\u00e1ran\u00e1 horn\u00e1 \u010de\u013eus\u0165 &#8211; absol\u00fatne pevn\u00e9 spojenie s telom z oce\u013eov\u00e9ho plechu Premyslen\u00fd tvar \u010de\u013eust\u00ed zaru\u010duje trojbodov\u00fd kontakt s ak\u00fdmko\u013evek prierezom materi\u00e1lu. Z\u00e1vitov\u00fd otvor navaren\u00fd na spodnej strane, \u017eiadne roz\u0161irovanie pri najv\u00e4\u010d\u0161om [&hellip;]","og_url":"https:\/\/hundtgroup.com\/sk\/produkt\/uchopove-klieste-137-10\/","og_site_name":"Wilhelm Hundt GmbH","article_modified_time":"2025-07-29T10:31:15+00:00","og_image":[{"width":790,"height":363,"url":"https:\/\/hundtgroup.com\/wp-content\/uploads\/410098.png","type":"image\/png"}],"twitter_card":"summary_large_image","schema":{"@context":"https:\/\/schema.org","@graph":[{"@type":"WebPage","@id":"https:\/\/hundtgroup.com\/sk\/produkt\/uchopove-klieste-137-10\/","url":"https:\/\/hundtgroup.com\/sk\/produkt\/uchopove-klieste-137-10\/","name":"\u00dachopov\u00e9 klie\u0161te 137 10 - Wilhelm Hundt GmbH","isPartOf":{"@id":"https:\/\/hundtgroup.com\/sk\/#website"},"primaryImageOfPage":{"@id":"https:\/\/hundtgroup.com\/sk\/produkt\/uchopove-klieste-137-10\/#primaryimage"},"image":{"@id":"https:\/\/hundtgroup.com\/sk\/produkt\/uchopove-klieste-137-10\/#primaryimage"},"thumbnailUrl":"https:\/\/hundtgroup.com\/wp-content\/uploads\/410098.png","datePublished":"2022-10-26T13:58:39+00:00","dateModified":"2025-07-29T10:31:15+00:00","breadcrumb":{"@id":"https:\/\/hundtgroup.com\/sk\/produkt\/uchopove-klieste-137-10\/#breadcrumb"},"inLanguage":"sk-SK","potentialAction":[{"@type":"ReadAction","target":["https:\/\/hundtgroup.com\/sk\/produkt\/uchopove-klieste-137-10\/"]}]},{"@type":"ImageObject","inLanguage":"sk-SK","@id":"https:\/\/hundtgroup.com\/sk\/produkt\/uchopove-klieste-137-10\/#primaryimage","url":"https:\/\/hundtgroup.com\/wp-content\/uploads\/410098.png","contentUrl":"https:\/\/hundtgroup.com\/wp-content\/uploads\/410098.png","width":790,"height":363},{"@type":"BreadcrumbList","@id":"https:\/\/hundtgroup.com\/sk\/produkt\/uchopove-klieste-137-10\/#breadcrumb","itemListElement":[{"@type":"ListItem","position":1,"name":"Startseite","item":"https:\/\/hundtgroup.com\/sk\/domov-nove\/"},{"@type":"ListItem","position":2,"name":"Obchod","item":"https:\/\/hundtgroup.com\/obchod\/"},{"@type":"ListItem","position":3,"name":"\u00dachopov\u00e9 klie\u0161te 137 10"}]},{"@type":"WebSite","@id":"https:\/\/hundtgroup.com\/sk\/#website","url":"https:\/\/hundtgroup.com\/sk\/","name":"Wilhelm Hundt GmbH","description":"V\u00e1\u0161 \u0161pecialista na stroje a n\u00e1stroje na spracovanie plechu","potentialAction":[{"@type":"SearchAction","target":{"@type":"EntryPoint","urlTemplate":"https:\/\/hundtgroup.com\/sk\/?s={search_term_string}"},"query-input":{"@type":"PropertyValueSpecification","valueRequired":true,"valueName":"search_term_string"}}],"inLanguage":"sk-SK"}]}},"_links":{"self":[{"href":"https:\/\/hundtgroup.com\/sk\/wp-json\/wp\/v2\/product\/36451","targetHints":{"allow":["GET"]}}],"collection":[{"href":"https:\/\/hundtgroup.com\/sk\/wp-json\/wp\/v2\/product"}],"about":[{"href":"https:\/\/hundtgroup.com\/sk\/wp-json\/wp\/v2\/types\/product"}],"wp:featuredmedia":[{"embeddable":true,"href":"https:\/\/hundtgroup.com\/sk\/wp-json\/wp\/v2\/media\/34132"}],"wp:attachment":[{"href":"https:\/\/hundtgroup.com\/sk\/wp-json\/wp\/v2\/media?parent=36451"}],"wp:term":[{"taxonomy":"product_cat","embeddable":true,"href":"https:\/\/hundtgroup.com\/sk\/wp-json\/wp\/v2\/product_cat?post=36451"},{"taxonomy":"product_tag","embeddable":true,"href":"https:\/\/hundtgroup.com\/sk\/wp-json\/wp\/v2\/product_tag?post=36451"}],"curies":[{"name":"wp","href":"https:\/\/api.w.org\/{rel}","templated":true}]}}