{"id":36532,"date":"2022-10-26T15:59:00","date_gmt":"2022-10-26T13:59:00","guid":{"rendered":"https:\/\/hundtgroup.com\/produkt\/okruhle-poistne-klieste\/"},"modified":"2025-07-29T12:52:01","modified_gmt":"2025-07-29T10:52:01","slug":"okruhle-poistne-klieste","status":"publish","type":"product","link":"https:\/\/hundtgroup.com\/sk\/produkt\/okruhle-poistne-klieste\/","title":{"rendered":"Okr\u00fahle poistn\u00e9 klie\u0161te"},"content":{"rendered":"<p>Sponkovacie klie\u0161te s okr\u00fahlym z\u00e1mkom (hogringov\u00e9 klie\u0161te) na sp\u00e1janie dr\u00f4tu, zo\u0161\u00edvanie juty alebo inej tkaniny a sp\u00e1janie rovnak\u00fdch materi\u00e1lov do dr\u00f4ten\u00fdch r\u00e1mov.<\/p>\n","protected":false},"excerpt":{"rendered":"<p>Sponkovacie klie\u0161te s okr\u00fahlym z\u00e1mkom (hogringov\u00e9 klie\u0161te) na sp\u00e1janie dr\u00f4tu, zo\u0161\u00edvanie juty alebo inej tkaniny a sp\u00e1janie rovnak\u00fdch materi\u00e1lov do dr\u00f4ten\u00fdch r\u00e1mov.<\/p>\n","protected":false},"featured_media":34481,"template":"","meta":{"_acf_changed":false,"inline_featured_image":false},"product_cat":[930,2235],"product_tag":[],"class_list":{"0":"post-36532","1":"product","2":"type-product","3":"status-publish","4":"has-post-thumbnail","6":"brand-stanley","7":"product_cat-rucne-naradie","8":"product_cat-prislusenstvo-izolatora","10":"first","11":"instock","12":"taxable","13":"shipping-taxable","14":"purchasable","15":"product-type-simple","16":"add-to-wishlist-before_image"},"acf":[],"yoast_head":"<!-- This site is optimized with the Yoast SEO plugin v27.3 - https:\/\/yoast.com\/product\/yoast-seo-wordpress\/ -->\n<title>Okr\u00fahle poistn\u00e9 klie\u0161te - Wilhelm Hundt GmbH<\/title>\n<meta name=\"robots\" content=\"index, follow, max-snippet:-1, max-image-preview:large, max-video-preview:-1\" \/>\n<link rel=\"canonical\" href=\"https:\/\/hundtgroup.com\/sk\/produkt\/okruhle-poistne-klieste\/\" \/>\n<meta property=\"og:locale\" content=\"sk_SK\" \/>\n<meta property=\"og:type\" content=\"article\" \/>\n<meta property=\"og:title\" content=\"Okr\u00fahle poistn\u00e9 klie\u0161te - Wilhelm Hundt GmbH\" \/>\n<meta property=\"og:description\" content=\"Sponkovacie klie\u0161te s okr\u00fahlym z\u00e1mkom (hogringov\u00e9 klie\u0161te) na sp\u00e1janie dr\u00f4tu, zo\u0161\u00edvanie juty alebo inej tkaniny a sp\u00e1janie rovnak\u00fdch materi\u00e1lov do dr\u00f4ten\u00fdch r\u00e1mov.\" \/>\n<meta property=\"og:url\" content=\"https:\/\/hundtgroup.com\/sk\/produkt\/okruhle-poistne-klieste\/\" \/>\n<meta property=\"og:site_name\" content=\"Wilhelm Hundt GmbH\" \/>\n<meta property=\"article:modified_time\" content=\"2025-07-29T10:52:01+00:00\" \/>\n<meta property=\"og:image\" content=\"https:\/\/hundtgroup.com\/wp-content\/uploads\/470270.png\" \/>\n\t<meta property=\"og:image:width\" content=\"542\" \/>\n\t<meta property=\"og:image:height\" content=\"366\" \/>\n\t<meta property=\"og:image:type\" content=\"image\/png\" \/>\n<meta name=\"twitter:card\" content=\"summary_large_image\" \/>\n<script type=\"application\/ld+json\" class=\"yoast-schema-graph\">{\"@context\":\"https:\\\/\\\/schema.org\",\"@graph\":[{\"@type\":\"WebPage\",\"@id\":\"https:\\\/\\\/hundtgroup.com\\\/sk\\\/produkt\\\/okruhle-poistne-klieste\\\/\",\"url\":\"https:\\\/\\\/hundtgroup.com\\\/sk\\\/produkt\\\/okruhle-poistne-klieste\\\/\",\"name\":\"Okr\u00fahle poistn\u00e9 klie\u0161te - Wilhelm Hundt GmbH\",\"isPartOf\":{\"@id\":\"https:\\\/\\\/hundtgroup.com\\\/sk\\\/#website\"},\"primaryImageOfPage\":{\"@id\":\"https:\\\/\\\/hundtgroup.com\\\/sk\\\/produkt\\\/okruhle-poistne-klieste\\\/#primaryimage\"},\"image\":{\"@id\":\"https:\\\/\\\/hundtgroup.com\\\/sk\\\/produkt\\\/okruhle-poistne-klieste\\\/#primaryimage\"},\"thumbnailUrl\":\"https:\\\/\\\/hundtgroup.com\\\/wp-content\\\/uploads\\\/470270.png\",\"datePublished\":\"2022-10-26T13:59:00+00:00\",\"dateModified\":\"2025-07-29T10:52:01+00:00\",\"breadcrumb\":{\"@id\":\"https:\\\/\\\/hundtgroup.com\\\/sk\\\/produkt\\\/okruhle-poistne-klieste\\\/#breadcrumb\"},\"inLanguage\":\"sk-SK\",\"potentialAction\":[{\"@type\":\"ReadAction\",\"target\":[\"https:\\\/\\\/hundtgroup.com\\\/sk\\\/produkt\\\/okruhle-poistne-klieste\\\/\"]}]},{\"@type\":\"ImageObject\",\"inLanguage\":\"sk-SK\",\"@id\":\"https:\\\/\\\/hundtgroup.com\\\/sk\\\/produkt\\\/okruhle-poistne-klieste\\\/#primaryimage\",\"url\":\"https:\\\/\\\/hundtgroup.com\\\/wp-content\\\/uploads\\\/470270.png\",\"contentUrl\":\"https:\\\/\\\/hundtgroup.com\\\/wp-content\\\/uploads\\\/470270.png\",\"width\":542,\"height\":366},{\"@type\":\"BreadcrumbList\",\"@id\":\"https:\\\/\\\/hundtgroup.com\\\/sk\\\/produkt\\\/okruhle-poistne-klieste\\\/#breadcrumb\",\"itemListElement\":[{\"@type\":\"ListItem\",\"position\":1,\"name\":\"Startseite\",\"item\":\"https:\\\/\\\/hundtgroup.com\\\/sk\\\/domov-nove\\\/\"},{\"@type\":\"ListItem\",\"position\":2,\"name\":\"Obchod\",\"item\":\"https:\\\/\\\/hundtgroup.com\\\/obchod\\\/\"},{\"@type\":\"ListItem\",\"position\":3,\"name\":\"Okr\u00fahle poistn\u00e9 klie\u0161te\"}]},{\"@type\":\"WebSite\",\"@id\":\"https:\\\/\\\/hundtgroup.com\\\/sk\\\/#website\",\"url\":\"https:\\\/\\\/hundtgroup.com\\\/sk\\\/\",\"name\":\"Wilhelm Hundt GmbH\",\"description\":\"V\u00e1\u0161 \u0161pecialista na stroje a n\u00e1stroje na spracovanie plechu\",\"potentialAction\":[{\"@type\":\"SearchAction\",\"target\":{\"@type\":\"EntryPoint\",\"urlTemplate\":\"https:\\\/\\\/hundtgroup.com\\\/sk\\\/?s={search_term_string}\"},\"query-input\":{\"@type\":\"PropertyValueSpecification\",\"valueRequired\":true,\"valueName\":\"search_term_string\"}}],\"inLanguage\":\"sk-SK\"}]}<\/script>\n<!-- \/ Yoast SEO plugin. -->","yoast_head_json":{"title":"Okr\u00fahle poistn\u00e9 klie\u0161te - Wilhelm Hundt GmbH","robots":{"index":"index","follow":"follow","max-snippet":"max-snippet:-1","max-image-preview":"max-image-preview:large","max-video-preview":"max-video-preview:-1"},"canonical":"https:\/\/hundtgroup.com\/sk\/produkt\/okruhle-poistne-klieste\/","og_locale":"sk_SK","og_type":"article","og_title":"Okr\u00fahle poistn\u00e9 klie\u0161te - Wilhelm Hundt GmbH","og_description":"Sponkovacie klie\u0161te s okr\u00fahlym z\u00e1mkom (hogringov\u00e9 klie\u0161te) na sp\u00e1janie dr\u00f4tu, zo\u0161\u00edvanie juty alebo inej tkaniny a sp\u00e1janie rovnak\u00fdch materi\u00e1lov do dr\u00f4ten\u00fdch r\u00e1mov.","og_url":"https:\/\/hundtgroup.com\/sk\/produkt\/okruhle-poistne-klieste\/","og_site_name":"Wilhelm Hundt GmbH","article_modified_time":"2025-07-29T10:52:01+00:00","og_image":[{"width":542,"height":366,"url":"https:\/\/hundtgroup.com\/wp-content\/uploads\/470270.png","type":"image\/png"}],"twitter_card":"summary_large_image","schema":{"@context":"https:\/\/schema.org","@graph":[{"@type":"WebPage","@id":"https:\/\/hundtgroup.com\/sk\/produkt\/okruhle-poistne-klieste\/","url":"https:\/\/hundtgroup.com\/sk\/produkt\/okruhle-poistne-klieste\/","name":"Okr\u00fahle poistn\u00e9 klie\u0161te - Wilhelm Hundt GmbH","isPartOf":{"@id":"https:\/\/hundtgroup.com\/sk\/#website"},"primaryImageOfPage":{"@id":"https:\/\/hundtgroup.com\/sk\/produkt\/okruhle-poistne-klieste\/#primaryimage"},"image":{"@id":"https:\/\/hundtgroup.com\/sk\/produkt\/okruhle-poistne-klieste\/#primaryimage"},"thumbnailUrl":"https:\/\/hundtgroup.com\/wp-content\/uploads\/470270.png","datePublished":"2022-10-26T13:59:00+00:00","dateModified":"2025-07-29T10:52:01+00:00","breadcrumb":{"@id":"https:\/\/hundtgroup.com\/sk\/produkt\/okruhle-poistne-klieste\/#breadcrumb"},"inLanguage":"sk-SK","potentialAction":[{"@type":"ReadAction","target":["https:\/\/hundtgroup.com\/sk\/produkt\/okruhle-poistne-klieste\/"]}]},{"@type":"ImageObject","inLanguage":"sk-SK","@id":"https:\/\/hundtgroup.com\/sk\/produkt\/okruhle-poistne-klieste\/#primaryimage","url":"https:\/\/hundtgroup.com\/wp-content\/uploads\/470270.png","contentUrl":"https:\/\/hundtgroup.com\/wp-content\/uploads\/470270.png","width":542,"height":366},{"@type":"BreadcrumbList","@id":"https:\/\/hundtgroup.com\/sk\/produkt\/okruhle-poistne-klieste\/#breadcrumb","itemListElement":[{"@type":"ListItem","position":1,"name":"Startseite","item":"https:\/\/hundtgroup.com\/sk\/domov-nove\/"},{"@type":"ListItem","position":2,"name":"Obchod","item":"https:\/\/hundtgroup.com\/obchod\/"},{"@type":"ListItem","position":3,"name":"Okr\u00fahle poistn\u00e9 klie\u0161te"}]},{"@type":"WebSite","@id":"https:\/\/hundtgroup.com\/sk\/#website","url":"https:\/\/hundtgroup.com\/sk\/","name":"Wilhelm Hundt GmbH","description":"V\u00e1\u0161 \u0161pecialista na stroje a n\u00e1stroje na spracovanie plechu","potentialAction":[{"@type":"SearchAction","target":{"@type":"EntryPoint","urlTemplate":"https:\/\/hundtgroup.com\/sk\/?s={search_term_string}"},"query-input":{"@type":"PropertyValueSpecification","valueRequired":true,"valueName":"search_term_string"}}],"inLanguage":"sk-SK"}]}},"_links":{"self":[{"href":"https:\/\/hundtgroup.com\/sk\/wp-json\/wp\/v2\/product\/36532","targetHints":{"allow":["GET"]}}],"collection":[{"href":"https:\/\/hundtgroup.com\/sk\/wp-json\/wp\/v2\/product"}],"about":[{"href":"https:\/\/hundtgroup.com\/sk\/wp-json\/wp\/v2\/types\/product"}],"wp:featuredmedia":[{"embeddable":true,"href":"https:\/\/hundtgroup.com\/sk\/wp-json\/wp\/v2\/media\/34481"}],"wp:attachment":[{"href":"https:\/\/hundtgroup.com\/sk\/wp-json\/wp\/v2\/media?parent=36532"}],"wp:term":[{"taxonomy":"product_cat","embeddable":true,"href":"https:\/\/hundtgroup.com\/sk\/wp-json\/wp\/v2\/product_cat?post=36532"},{"taxonomy":"product_tag","embeddable":true,"href":"https:\/\/hundtgroup.com\/sk\/wp-json\/wp\/v2\/product_tag?post=36532"}],"curies":[{"name":"wp","href":"https:\/\/api.w.org\/{rel}","templated":true}]}}