{"id":36593,"date":"2022-10-26T15:59:00","date_gmt":"2022-10-26T13:59:00","guid":{"rendered":"https:\/\/hundtgroup.com\/produkt\/d820-viacucelove-noznice\/"},"modified":"2025-07-29T12:54:06","modified_gmt":"2025-07-29T10:54:06","slug":"d820-viacucelove-noznice","status":"publish","type":"product","link":"https:\/\/hundtgroup.com\/sk\/produkt\/d820-viacucelove-noznice\/","title":{"rendered":"D820 Viac\u00fa\u010delov\u00e9 no\u017enice"},"content":{"rendered":"<p>Viac\u00fa\u010delov\u00e9 no\u017enice<br \/>\n\u010cepele z nehrdzavej\u00facej ocele<br \/>\nPlastov\u00e9 rukov\u00e4te odoln\u00e9 vo\u010di n\u00e1razom<\/p>\n","protected":false},"excerpt":{"rendered":"<p>Viac\u00fa\u010delov\u00e9 no\u017enice \u010cepele z nehrdzavej\u00facej ocele Plastov\u00e9 rukov\u00e4te odoln\u00e9 vo\u010di n\u00e1razom<\/p>\n","protected":false},"featured_media":34097,"template":"","meta":{"_acf_changed":false,"inline_featured_image":false},"product_cat":[930,2303,2234,2296],"product_tag":[],"class_list":{"0":"post-36593","1":"product","2":"type-product","3":"status-publish","4":"has-post-thumbnail","6":"brand-erdi","7":"product_cat-rucne-naradie","8":"product_cat-viacucelove-noznice","9":"product_cat-rezne-nastroje-sk","10":"product_cat-noznice","12":"first","13":"instock","14":"taxable","15":"shipping-taxable","16":"purchasable","17":"product-type-simple","18":"add-to-wishlist-before_image"},"acf":[],"yoast_head":"<!-- This site is optimized with the Yoast SEO plugin v27.3 - https:\/\/yoast.com\/product\/yoast-seo-wordpress\/ -->\n<title>D820 Viac\u00fa\u010delov\u00e9 no\u017enice - Wilhelm Hundt GmbH<\/title>\n<meta name=\"robots\" content=\"index, follow, max-snippet:-1, max-image-preview:large, max-video-preview:-1\" \/>\n<link rel=\"canonical\" href=\"https:\/\/hundtgroup.com\/sk\/produkt\/d820-viacucelove-noznice\/\" \/>\n<meta property=\"og:locale\" content=\"sk_SK\" \/>\n<meta property=\"og:type\" content=\"article\" \/>\n<meta property=\"og:title\" content=\"D820 Viac\u00fa\u010delov\u00e9 no\u017enice - Wilhelm Hundt GmbH\" \/>\n<meta property=\"og:description\" content=\"Viac\u00fa\u010delov\u00e9 no\u017enice \u010cepele z nehrdzavej\u00facej ocele Plastov\u00e9 rukov\u00e4te odoln\u00e9 vo\u010di n\u00e1razom\" \/>\n<meta property=\"og:url\" content=\"https:\/\/hundtgroup.com\/sk\/produkt\/d820-viacucelove-noznice\/\" \/>\n<meta property=\"og:site_name\" content=\"Wilhelm Hundt GmbH\" \/>\n<meta property=\"article:modified_time\" content=\"2025-07-29T10:54:06+00:00\" \/>\n<meta property=\"og:image\" content=\"https:\/\/hundtgroup.com\/wp-content\/uploads\/400217.png\" \/>\n\t<meta property=\"og:image:width\" content=\"703\" \/>\n\t<meta property=\"og:image:height\" content=\"255\" \/>\n\t<meta property=\"og:image:type\" content=\"image\/png\" \/>\n<meta name=\"twitter:card\" content=\"summary_large_image\" \/>\n<script type=\"application\/ld+json\" class=\"yoast-schema-graph\">{\"@context\":\"https:\\\/\\\/schema.org\",\"@graph\":[{\"@type\":\"WebPage\",\"@id\":\"https:\\\/\\\/hundtgroup.com\\\/sk\\\/produkt\\\/d820-viacucelove-noznice\\\/\",\"url\":\"https:\\\/\\\/hundtgroup.com\\\/sk\\\/produkt\\\/d820-viacucelove-noznice\\\/\",\"name\":\"D820 Viac\u00fa\u010delov\u00e9 no\u017enice - Wilhelm Hundt GmbH\",\"isPartOf\":{\"@id\":\"https:\\\/\\\/hundtgroup.com\\\/sk\\\/#website\"},\"primaryImageOfPage\":{\"@id\":\"https:\\\/\\\/hundtgroup.com\\\/sk\\\/produkt\\\/d820-viacucelove-noznice\\\/#primaryimage\"},\"image\":{\"@id\":\"https:\\\/\\\/hundtgroup.com\\\/sk\\\/produkt\\\/d820-viacucelove-noznice\\\/#primaryimage\"},\"thumbnailUrl\":\"https:\\\/\\\/hundtgroup.com\\\/wp-content\\\/uploads\\\/400217.png\",\"datePublished\":\"2022-10-26T13:59:00+00:00\",\"dateModified\":\"2025-07-29T10:54:06+00:00\",\"breadcrumb\":{\"@id\":\"https:\\\/\\\/hundtgroup.com\\\/sk\\\/produkt\\\/d820-viacucelove-noznice\\\/#breadcrumb\"},\"inLanguage\":\"sk-SK\",\"potentialAction\":[{\"@type\":\"ReadAction\",\"target\":[\"https:\\\/\\\/hundtgroup.com\\\/sk\\\/produkt\\\/d820-viacucelove-noznice\\\/\"]}]},{\"@type\":\"ImageObject\",\"inLanguage\":\"sk-SK\",\"@id\":\"https:\\\/\\\/hundtgroup.com\\\/sk\\\/produkt\\\/d820-viacucelove-noznice\\\/#primaryimage\",\"url\":\"https:\\\/\\\/hundtgroup.com\\\/wp-content\\\/uploads\\\/400217.png\",\"contentUrl\":\"https:\\\/\\\/hundtgroup.com\\\/wp-content\\\/uploads\\\/400217.png\",\"width\":703,\"height\":255},{\"@type\":\"BreadcrumbList\",\"@id\":\"https:\\\/\\\/hundtgroup.com\\\/sk\\\/produkt\\\/d820-viacucelove-noznice\\\/#breadcrumb\",\"itemListElement\":[{\"@type\":\"ListItem\",\"position\":1,\"name\":\"Startseite\",\"item\":\"https:\\\/\\\/hundtgroup.com\\\/sk\\\/domov-nove\\\/\"},{\"@type\":\"ListItem\",\"position\":2,\"name\":\"Obchod\",\"item\":\"https:\\\/\\\/hundtgroup.com\\\/obchod\\\/\"},{\"@type\":\"ListItem\",\"position\":3,\"name\":\"D820 Viac\u00fa\u010delov\u00e9 no\u017enice\"}]},{\"@type\":\"WebSite\",\"@id\":\"https:\\\/\\\/hundtgroup.com\\\/sk\\\/#website\",\"url\":\"https:\\\/\\\/hundtgroup.com\\\/sk\\\/\",\"name\":\"Wilhelm Hundt GmbH\",\"description\":\"V\u00e1\u0161 \u0161pecialista na stroje a n\u00e1stroje na spracovanie plechu\",\"potentialAction\":[{\"@type\":\"SearchAction\",\"target\":{\"@type\":\"EntryPoint\",\"urlTemplate\":\"https:\\\/\\\/hundtgroup.com\\\/sk\\\/?s={search_term_string}\"},\"query-input\":{\"@type\":\"PropertyValueSpecification\",\"valueRequired\":true,\"valueName\":\"search_term_string\"}}],\"inLanguage\":\"sk-SK\"}]}<\/script>\n<!-- \/ Yoast SEO plugin. -->","yoast_head_json":{"title":"D820 Viac\u00fa\u010delov\u00e9 no\u017enice - Wilhelm Hundt GmbH","robots":{"index":"index","follow":"follow","max-snippet":"max-snippet:-1","max-image-preview":"max-image-preview:large","max-video-preview":"max-video-preview:-1"},"canonical":"https:\/\/hundtgroup.com\/sk\/produkt\/d820-viacucelove-noznice\/","og_locale":"sk_SK","og_type":"article","og_title":"D820 Viac\u00fa\u010delov\u00e9 no\u017enice - Wilhelm Hundt GmbH","og_description":"Viac\u00fa\u010delov\u00e9 no\u017enice \u010cepele z nehrdzavej\u00facej ocele Plastov\u00e9 rukov\u00e4te odoln\u00e9 vo\u010di n\u00e1razom","og_url":"https:\/\/hundtgroup.com\/sk\/produkt\/d820-viacucelove-noznice\/","og_site_name":"Wilhelm Hundt GmbH","article_modified_time":"2025-07-29T10:54:06+00:00","og_image":[{"width":703,"height":255,"url":"https:\/\/hundtgroup.com\/wp-content\/uploads\/400217.png","type":"image\/png"}],"twitter_card":"summary_large_image","schema":{"@context":"https:\/\/schema.org","@graph":[{"@type":"WebPage","@id":"https:\/\/hundtgroup.com\/sk\/produkt\/d820-viacucelove-noznice\/","url":"https:\/\/hundtgroup.com\/sk\/produkt\/d820-viacucelove-noznice\/","name":"D820 Viac\u00fa\u010delov\u00e9 no\u017enice - Wilhelm Hundt GmbH","isPartOf":{"@id":"https:\/\/hundtgroup.com\/sk\/#website"},"primaryImageOfPage":{"@id":"https:\/\/hundtgroup.com\/sk\/produkt\/d820-viacucelove-noznice\/#primaryimage"},"image":{"@id":"https:\/\/hundtgroup.com\/sk\/produkt\/d820-viacucelove-noznice\/#primaryimage"},"thumbnailUrl":"https:\/\/hundtgroup.com\/wp-content\/uploads\/400217.png","datePublished":"2022-10-26T13:59:00+00:00","dateModified":"2025-07-29T10:54:06+00:00","breadcrumb":{"@id":"https:\/\/hundtgroup.com\/sk\/produkt\/d820-viacucelove-noznice\/#breadcrumb"},"inLanguage":"sk-SK","potentialAction":[{"@type":"ReadAction","target":["https:\/\/hundtgroup.com\/sk\/produkt\/d820-viacucelove-noznice\/"]}]},{"@type":"ImageObject","inLanguage":"sk-SK","@id":"https:\/\/hundtgroup.com\/sk\/produkt\/d820-viacucelove-noznice\/#primaryimage","url":"https:\/\/hundtgroup.com\/wp-content\/uploads\/400217.png","contentUrl":"https:\/\/hundtgroup.com\/wp-content\/uploads\/400217.png","width":703,"height":255},{"@type":"BreadcrumbList","@id":"https:\/\/hundtgroup.com\/sk\/produkt\/d820-viacucelove-noznice\/#breadcrumb","itemListElement":[{"@type":"ListItem","position":1,"name":"Startseite","item":"https:\/\/hundtgroup.com\/sk\/domov-nove\/"},{"@type":"ListItem","position":2,"name":"Obchod","item":"https:\/\/hundtgroup.com\/obchod\/"},{"@type":"ListItem","position":3,"name":"D820 Viac\u00fa\u010delov\u00e9 no\u017enice"}]},{"@type":"WebSite","@id":"https:\/\/hundtgroup.com\/sk\/#website","url":"https:\/\/hundtgroup.com\/sk\/","name":"Wilhelm Hundt GmbH","description":"V\u00e1\u0161 \u0161pecialista na stroje a n\u00e1stroje na spracovanie plechu","potentialAction":[{"@type":"SearchAction","target":{"@type":"EntryPoint","urlTemplate":"https:\/\/hundtgroup.com\/sk\/?s={search_term_string}"},"query-input":{"@type":"PropertyValueSpecification","valueRequired":true,"valueName":"search_term_string"}}],"inLanguage":"sk-SK"}]}},"_links":{"self":[{"href":"https:\/\/hundtgroup.com\/sk\/wp-json\/wp\/v2\/product\/36593","targetHints":{"allow":["GET"]}}],"collection":[{"href":"https:\/\/hundtgroup.com\/sk\/wp-json\/wp\/v2\/product"}],"about":[{"href":"https:\/\/hundtgroup.com\/sk\/wp-json\/wp\/v2\/types\/product"}],"wp:featuredmedia":[{"embeddable":true,"href":"https:\/\/hundtgroup.com\/sk\/wp-json\/wp\/v2\/media\/34097"}],"wp:attachment":[{"href":"https:\/\/hundtgroup.com\/sk\/wp-json\/wp\/v2\/media?parent=36593"}],"wp:term":[{"taxonomy":"product_cat","embeddable":true,"href":"https:\/\/hundtgroup.com\/sk\/wp-json\/wp\/v2\/product_cat?post=36593"},{"taxonomy":"product_tag","embeddable":true,"href":"https:\/\/hundtgroup.com\/sk\/wp-json\/wp\/v2\/product_tag?post=36593"}],"curies":[{"name":"wp","href":"https:\/\/api.w.org\/{rel}","templated":true}]}}