{"id":36662,"date":"2022-10-26T15:59:20","date_gmt":"2022-10-26T13:59:20","guid":{"rendered":"https:\/\/hundtgroup.com\/produkt\/kombinovana-sada-baterii-bosch-gsr-12v-15-gsc-12v-13-12v-20-ah\/"},"modified":"2025-07-29T13:11:43","modified_gmt":"2025-07-29T11:11:43","slug":"kombinovana-sada-baterii-bosch-gsr-12v-15-gsc-12v-13-12v-20-ah","status":"publish","type":"product","link":"https:\/\/hundtgroup.com\/sk\/produkt\/kombinovana-sada-baterii-bosch-gsr-12v-15-gsc-12v-13-12v-20-ah\/","title":{"rendered":"Kombinovan\u00e1 sada bat\u00e9ri\u00ed Bosch GSR 12V-15 + GSC 12V-13 12V 2,0 Ah"},"content":{"rendered":"<p>Akumul\u00e1torov\u00fd v\u0155tac\u00ed skrutkova\u010d Bosch GSR 12 V-15, najkrat\u0161ia kon\u0161trukcia (len 169 mm) s 10 mm sk\u013eu\u010dovadlom Autolock. Profesion\u00e1lny v\u00fdkon: 2-stup\u0148ov\u00e1 prevodovka zaru\u010duje siln\u00fd 30 Nm<br \/>\npri v\u0155tan\u00ed a skrutkovan\u00ed, akumul\u00e1torov\u00e9 no\u017enice na plech Bosch GSC 12 V-13, a\u017e<br \/>\n\u0161tyrikr\u00e1t r\u00fdchlej\u0161ie ako be\u017en\u00e9 ru\u010dn\u00e9 no\u017enice na plech pri rovn\u00fdch a zakriven\u00fdch rezoch, extr\u00e9mne v\u00fdkonn\u00e9: bez n\u00e1mahy re\u017ee do 1,3 mm<br \/>\ndo kovu. <\/p>\n","protected":false},"excerpt":{"rendered":"<p>Akumul\u00e1torov\u00fd v\u0155tac\u00ed skrutkova\u010d Bosch GSR 12 V-15, najkrat\u0161ia kon\u0161trukcia (len 169 mm) s 10 mm sk\u013eu\u010dovadlom Autolock. Profesion\u00e1lny v\u00fdkon: 2-stup\u0148ov\u00e1 prevodovka zaru\u010duje siln\u00fd 30 Nm pri v\u0155tan\u00ed a skrutkovan\u00ed, akumul\u00e1torov\u00e9 no\u017enice na plech Bosch GSC 12 V-13, a\u017e \u0161tyrikr\u00e1t r\u00fdchlej\u0161ie ako be\u017en\u00e9 ru\u010dn\u00e9 no\u017enice na plech pri rovn\u00fdch a zakriven\u00fdch rezoch, extr\u00e9mne v\u00fdkonn\u00e9: bez n\u00e1mahy [&hellip;]<\/p>\n","protected":false},"featured_media":22624,"template":"","meta":{"_acf_changed":false,"inline_featured_image":false},"product_cat":[644,2246],"product_tag":[],"class_list":{"0":"post-36662","1":"product","2":"type-product","3":"status-publish","4":"has-post-thumbnail","6":"brand-bosch","7":"product_cat-nastroje-na-baterie","8":"product_cat-kombinovane-supravy","10":"first","11":"instock","12":"taxable","13":"shipping-taxable","14":"purchasable","15":"product-type-simple","16":"add-to-wishlist-before_image"},"acf":[],"yoast_head":"<!-- This site is optimized with the Yoast SEO plugin v27.3 - https:\/\/yoast.com\/product\/yoast-seo-wordpress\/ -->\n<title>Kombinovan\u00e1 sada bat\u00e9ri\u00ed Bosch GSR 12V-15 + GSC 12V-13 12V 2,0 Ah - Wilhelm Hundt GmbH<\/title>\n<meta name=\"robots\" content=\"index, follow, max-snippet:-1, max-image-preview:large, max-video-preview:-1\" \/>\n<link rel=\"canonical\" href=\"https:\/\/hundtgroup.com\/sk\/produkt\/kombinovana-sada-baterii-bosch-gsr-12v-15-gsc-12v-13-12v-20-ah\/\" \/>\n<meta property=\"og:locale\" content=\"sk_SK\" \/>\n<meta property=\"og:type\" content=\"article\" \/>\n<meta property=\"og:title\" content=\"Kombinovan\u00e1 sada bat\u00e9ri\u00ed Bosch GSR 12V-15 + GSC 12V-13 12V 2,0 Ah - Wilhelm Hundt GmbH\" \/>\n<meta property=\"og:description\" content=\"Akumul\u00e1torov\u00fd v\u0155tac\u00ed skrutkova\u010d Bosch GSR 12 V-15, najkrat\u0161ia kon\u0161trukcia (len 169 mm) s 10 mm sk\u013eu\u010dovadlom Autolock. Profesion\u00e1lny v\u00fdkon: 2-stup\u0148ov\u00e1 prevodovka zaru\u010duje siln\u00fd 30 Nm pri v\u0155tan\u00ed a skrutkovan\u00ed, akumul\u00e1torov\u00e9 no\u017enice na plech Bosch GSC 12 V-13, a\u017e \u0161tyrikr\u00e1t r\u00fdchlej\u0161ie ako be\u017en\u00e9 ru\u010dn\u00e9 no\u017enice na plech pri rovn\u00fdch a zakriven\u00fdch rezoch, extr\u00e9mne v\u00fdkonn\u00e9: bez n\u00e1mahy [&hellip;]\" \/>\n<meta property=\"og:url\" content=\"https:\/\/hundtgroup.com\/sk\/produkt\/kombinovana-sada-baterii-bosch-gsr-12v-15-gsc-12v-13-12v-20-ah\/\" \/>\n<meta property=\"og:site_name\" content=\"Wilhelm Hundt GmbH\" \/>\n<meta property=\"article:modified_time\" content=\"2025-07-29T11:11:43+00:00\" \/>\n<meta property=\"og:image\" content=\"https:\/\/hundtgroup.com\/wp-content\/uploads\/340346-scaled.png\" \/>\n\t<meta property=\"og:image:width\" content=\"2560\" \/>\n\t<meta property=\"og:image:height\" content=\"1707\" \/>\n\t<meta property=\"og:image:type\" content=\"image\/png\" \/>\n<meta name=\"twitter:card\" content=\"summary_large_image\" \/>\n<script type=\"application\/ld+json\" class=\"yoast-schema-graph\">{\"@context\":\"https:\\\/\\\/schema.org\",\"@graph\":[{\"@type\":\"WebPage\",\"@id\":\"https:\\\/\\\/hundtgroup.com\\\/sk\\\/produkt\\\/kombinovana-sada-baterii-bosch-gsr-12v-15-gsc-12v-13-12v-20-ah\\\/\",\"url\":\"https:\\\/\\\/hundtgroup.com\\\/sk\\\/produkt\\\/kombinovana-sada-baterii-bosch-gsr-12v-15-gsc-12v-13-12v-20-ah\\\/\",\"name\":\"Kombinovan\u00e1 sada bat\u00e9ri\u00ed Bosch GSR 12V-15 + GSC 12V-13 12V 2,0 Ah - Wilhelm Hundt GmbH\",\"isPartOf\":{\"@id\":\"https:\\\/\\\/hundtgroup.com\\\/sk\\\/#website\"},\"primaryImageOfPage\":{\"@id\":\"https:\\\/\\\/hundtgroup.com\\\/sk\\\/produkt\\\/kombinovana-sada-baterii-bosch-gsr-12v-15-gsc-12v-13-12v-20-ah\\\/#primaryimage\"},\"image\":{\"@id\":\"https:\\\/\\\/hundtgroup.com\\\/sk\\\/produkt\\\/kombinovana-sada-baterii-bosch-gsr-12v-15-gsc-12v-13-12v-20-ah\\\/#primaryimage\"},\"thumbnailUrl\":\"https:\\\/\\\/hundtgroup.com\\\/wp-content\\\/uploads\\\/340346-scaled.png\",\"datePublished\":\"2022-10-26T13:59:20+00:00\",\"dateModified\":\"2025-07-29T11:11:43+00:00\",\"breadcrumb\":{\"@id\":\"https:\\\/\\\/hundtgroup.com\\\/sk\\\/produkt\\\/kombinovana-sada-baterii-bosch-gsr-12v-15-gsc-12v-13-12v-20-ah\\\/#breadcrumb\"},\"inLanguage\":\"sk-SK\",\"potentialAction\":[{\"@type\":\"ReadAction\",\"target\":[\"https:\\\/\\\/hundtgroup.com\\\/sk\\\/produkt\\\/kombinovana-sada-baterii-bosch-gsr-12v-15-gsc-12v-13-12v-20-ah\\\/\"]}]},{\"@type\":\"ImageObject\",\"inLanguage\":\"sk-SK\",\"@id\":\"https:\\\/\\\/hundtgroup.com\\\/sk\\\/produkt\\\/kombinovana-sada-baterii-bosch-gsr-12v-15-gsc-12v-13-12v-20-ah\\\/#primaryimage\",\"url\":\"https:\\\/\\\/hundtgroup.com\\\/wp-content\\\/uploads\\\/340346-scaled.png\",\"contentUrl\":\"https:\\\/\\\/hundtgroup.com\\\/wp-content\\\/uploads\\\/340346-scaled.png\",\"width\":2560,\"height\":1707},{\"@type\":\"BreadcrumbList\",\"@id\":\"https:\\\/\\\/hundtgroup.com\\\/sk\\\/produkt\\\/kombinovana-sada-baterii-bosch-gsr-12v-15-gsc-12v-13-12v-20-ah\\\/#breadcrumb\",\"itemListElement\":[{\"@type\":\"ListItem\",\"position\":1,\"name\":\"Startseite\",\"item\":\"https:\\\/\\\/hundtgroup.com\\\/sk\\\/domov-nove\\\/\"},{\"@type\":\"ListItem\",\"position\":2,\"name\":\"Obchod\",\"item\":\"https:\\\/\\\/hundtgroup.com\\\/obchod\\\/\"},{\"@type\":\"ListItem\",\"position\":3,\"name\":\"Kombinovan\u00e1 sada bat\u00e9ri\u00ed Bosch GSR 12V-15 + GSC 12V-13 12V 2,0 Ah\"}]},{\"@type\":\"WebSite\",\"@id\":\"https:\\\/\\\/hundtgroup.com\\\/sk\\\/#website\",\"url\":\"https:\\\/\\\/hundtgroup.com\\\/sk\\\/\",\"name\":\"Wilhelm Hundt GmbH\",\"description\":\"V\u00e1\u0161 \u0161pecialista na stroje a n\u00e1stroje na spracovanie plechu\",\"potentialAction\":[{\"@type\":\"SearchAction\",\"target\":{\"@type\":\"EntryPoint\",\"urlTemplate\":\"https:\\\/\\\/hundtgroup.com\\\/sk\\\/?s={search_term_string}\"},\"query-input\":{\"@type\":\"PropertyValueSpecification\",\"valueRequired\":true,\"valueName\":\"search_term_string\"}}],\"inLanguage\":\"sk-SK\"}]}<\/script>\n<!-- \/ Yoast SEO plugin. -->","yoast_head_json":{"title":"Kombinovan\u00e1 sada bat\u00e9ri\u00ed Bosch GSR 12V-15 + GSC 12V-13 12V 2,0 Ah - Wilhelm Hundt GmbH","robots":{"index":"index","follow":"follow","max-snippet":"max-snippet:-1","max-image-preview":"max-image-preview:large","max-video-preview":"max-video-preview:-1"},"canonical":"https:\/\/hundtgroup.com\/sk\/produkt\/kombinovana-sada-baterii-bosch-gsr-12v-15-gsc-12v-13-12v-20-ah\/","og_locale":"sk_SK","og_type":"article","og_title":"Kombinovan\u00e1 sada bat\u00e9ri\u00ed Bosch GSR 12V-15 + GSC 12V-13 12V 2,0 Ah - Wilhelm Hundt GmbH","og_description":"Akumul\u00e1torov\u00fd v\u0155tac\u00ed skrutkova\u010d Bosch GSR 12 V-15, najkrat\u0161ia kon\u0161trukcia (len 169 mm) s 10 mm sk\u013eu\u010dovadlom Autolock. Profesion\u00e1lny v\u00fdkon: 2-stup\u0148ov\u00e1 prevodovka zaru\u010duje siln\u00fd 30 Nm pri v\u0155tan\u00ed a skrutkovan\u00ed, akumul\u00e1torov\u00e9 no\u017enice na plech Bosch GSC 12 V-13, a\u017e \u0161tyrikr\u00e1t r\u00fdchlej\u0161ie ako be\u017en\u00e9 ru\u010dn\u00e9 no\u017enice na plech pri rovn\u00fdch a zakriven\u00fdch rezoch, extr\u00e9mne v\u00fdkonn\u00e9: bez n\u00e1mahy [&hellip;]","og_url":"https:\/\/hundtgroup.com\/sk\/produkt\/kombinovana-sada-baterii-bosch-gsr-12v-15-gsc-12v-13-12v-20-ah\/","og_site_name":"Wilhelm Hundt GmbH","article_modified_time":"2025-07-29T11:11:43+00:00","og_image":[{"width":2560,"height":1707,"url":"https:\/\/hundtgroup.com\/wp-content\/uploads\/340346-scaled.png","type":"image\/png"}],"twitter_card":"summary_large_image","schema":{"@context":"https:\/\/schema.org","@graph":[{"@type":"WebPage","@id":"https:\/\/hundtgroup.com\/sk\/produkt\/kombinovana-sada-baterii-bosch-gsr-12v-15-gsc-12v-13-12v-20-ah\/","url":"https:\/\/hundtgroup.com\/sk\/produkt\/kombinovana-sada-baterii-bosch-gsr-12v-15-gsc-12v-13-12v-20-ah\/","name":"Kombinovan\u00e1 sada bat\u00e9ri\u00ed Bosch GSR 12V-15 + GSC 12V-13 12V 2,0 Ah - Wilhelm Hundt GmbH","isPartOf":{"@id":"https:\/\/hundtgroup.com\/sk\/#website"},"primaryImageOfPage":{"@id":"https:\/\/hundtgroup.com\/sk\/produkt\/kombinovana-sada-baterii-bosch-gsr-12v-15-gsc-12v-13-12v-20-ah\/#primaryimage"},"image":{"@id":"https:\/\/hundtgroup.com\/sk\/produkt\/kombinovana-sada-baterii-bosch-gsr-12v-15-gsc-12v-13-12v-20-ah\/#primaryimage"},"thumbnailUrl":"https:\/\/hundtgroup.com\/wp-content\/uploads\/340346-scaled.png","datePublished":"2022-10-26T13:59:20+00:00","dateModified":"2025-07-29T11:11:43+00:00","breadcrumb":{"@id":"https:\/\/hundtgroup.com\/sk\/produkt\/kombinovana-sada-baterii-bosch-gsr-12v-15-gsc-12v-13-12v-20-ah\/#breadcrumb"},"inLanguage":"sk-SK","potentialAction":[{"@type":"ReadAction","target":["https:\/\/hundtgroup.com\/sk\/produkt\/kombinovana-sada-baterii-bosch-gsr-12v-15-gsc-12v-13-12v-20-ah\/"]}]},{"@type":"ImageObject","inLanguage":"sk-SK","@id":"https:\/\/hundtgroup.com\/sk\/produkt\/kombinovana-sada-baterii-bosch-gsr-12v-15-gsc-12v-13-12v-20-ah\/#primaryimage","url":"https:\/\/hundtgroup.com\/wp-content\/uploads\/340346-scaled.png","contentUrl":"https:\/\/hundtgroup.com\/wp-content\/uploads\/340346-scaled.png","width":2560,"height":1707},{"@type":"BreadcrumbList","@id":"https:\/\/hundtgroup.com\/sk\/produkt\/kombinovana-sada-baterii-bosch-gsr-12v-15-gsc-12v-13-12v-20-ah\/#breadcrumb","itemListElement":[{"@type":"ListItem","position":1,"name":"Startseite","item":"https:\/\/hundtgroup.com\/sk\/domov-nove\/"},{"@type":"ListItem","position":2,"name":"Obchod","item":"https:\/\/hundtgroup.com\/obchod\/"},{"@type":"ListItem","position":3,"name":"Kombinovan\u00e1 sada bat\u00e9ri\u00ed Bosch GSR 12V-15 + GSC 12V-13 12V 2,0 Ah"}]},{"@type":"WebSite","@id":"https:\/\/hundtgroup.com\/sk\/#website","url":"https:\/\/hundtgroup.com\/sk\/","name":"Wilhelm Hundt GmbH","description":"V\u00e1\u0161 \u0161pecialista na stroje a n\u00e1stroje na spracovanie plechu","potentialAction":[{"@type":"SearchAction","target":{"@type":"EntryPoint","urlTemplate":"https:\/\/hundtgroup.com\/sk\/?s={search_term_string}"},"query-input":{"@type":"PropertyValueSpecification","valueRequired":true,"valueName":"search_term_string"}}],"inLanguage":"sk-SK"}]}},"_links":{"self":[{"href":"https:\/\/hundtgroup.com\/sk\/wp-json\/wp\/v2\/product\/36662","targetHints":{"allow":["GET"]}}],"collection":[{"href":"https:\/\/hundtgroup.com\/sk\/wp-json\/wp\/v2\/product"}],"about":[{"href":"https:\/\/hundtgroup.com\/sk\/wp-json\/wp\/v2\/types\/product"}],"wp:featuredmedia":[{"embeddable":true,"href":"https:\/\/hundtgroup.com\/sk\/wp-json\/wp\/v2\/media\/22624"}],"wp:attachment":[{"href":"https:\/\/hundtgroup.com\/sk\/wp-json\/wp\/v2\/media?parent=36662"}],"wp:term":[{"taxonomy":"product_cat","embeddable":true,"href":"https:\/\/hundtgroup.com\/sk\/wp-json\/wp\/v2\/product_cat?post=36662"},{"taxonomy":"product_tag","embeddable":true,"href":"https:\/\/hundtgroup.com\/sk\/wp-json\/wp\/v2\/product_tag?post=36662"}],"curies":[{"name":"wp","href":"https:\/\/api.w.org\/{rel}","templated":true}]}}