{"id":36683,"date":"2022-10-26T15:59:16","date_gmt":"2022-10-26T13:59:16","guid":{"rendered":"https:\/\/hundtgroup.com\/produkt\/stojan-pre-bezdrotovy-stroj-na-koralky\/"},"modified":"2025-07-29T13:10:58","modified_gmt":"2025-07-29T11:10:58","slug":"stojan-pre-bezdrotovy-stroj-na-koralky","status":"publish","type":"product","link":"https:\/\/hundtgroup.com\/sk\/produkt\/stojan-pre-bezdrotovy-stroj-na-koralky\/","title":{"rendered":"Stojan pre bezdr\u00f4tov\u00fd stroj na kor\u00e1lky"},"content":{"rendered":"<p>Vhodn\u00e9 pre bezdr\u00f4tov\u00e9 kor\u00e1lkovacie stroje<\/p>\n","protected":false},"excerpt":{"rendered":"<p>Vhodn\u00e9 pre bezdr\u00f4tov\u00e9 kor\u00e1lkovacie stroje<\/p>\n","protected":false},"featured_media":33957,"template":"","meta":{"_acf_changed":false,"inline_featured_image":false},"product_cat":[644,2285],"product_tag":[],"class_list":{"0":"post-36683","1":"product","2":"type-product","3":"status-publish","4":"has-post-thumbnail","6":"product_cat-nastroje-na-baterie","7":"product_cat-koralkovaci-stroj-sk","9":"first","10":"instock","11":"taxable","12":"shipping-taxable","13":"purchasable","14":"product-type-simple","15":"add-to-wishlist-before_image"},"acf":[],"yoast_head":"<!-- This site is optimized with the Yoast SEO plugin v27.3 - https:\/\/yoast.com\/product\/yoast-seo-wordpress\/ -->\n<title>Stojan pre bezdr\u00f4tov\u00fd stroj na kor\u00e1lky - Wilhelm Hundt GmbH<\/title>\n<meta name=\"robots\" content=\"index, follow, max-snippet:-1, max-image-preview:large, max-video-preview:-1\" \/>\n<link rel=\"canonical\" href=\"https:\/\/hundtgroup.com\/sk\/produkt\/stojan-pre-bezdrotovy-stroj-na-koralky\/\" \/>\n<meta property=\"og:locale\" content=\"sk_SK\" \/>\n<meta property=\"og:type\" content=\"article\" \/>\n<meta property=\"og:title\" content=\"Stojan pre bezdr\u00f4tov\u00fd stroj na kor\u00e1lky - Wilhelm Hundt GmbH\" \/>\n<meta property=\"og:description\" content=\"Vhodn\u00e9 pre bezdr\u00f4tov\u00e9 kor\u00e1lkovacie stroje\" \/>\n<meta property=\"og:url\" content=\"https:\/\/hundtgroup.com\/sk\/produkt\/stojan-pre-bezdrotovy-stroj-na-koralky\/\" \/>\n<meta property=\"og:site_name\" content=\"Wilhelm Hundt GmbH\" \/>\n<meta property=\"article:modified_time\" content=\"2025-07-29T11:10:58+00:00\" \/>\n<meta property=\"og:image\" content=\"https:\/\/hundtgroup.com\/wp-content\/uploads\/304301.png\" \/>\n\t<meta property=\"og:image:width\" content=\"508\" \/>\n\t<meta property=\"og:image:height\" content=\"499\" \/>\n\t<meta property=\"og:image:type\" content=\"image\/png\" \/>\n<meta name=\"twitter:card\" content=\"summary_large_image\" \/>\n<script type=\"application\/ld+json\" class=\"yoast-schema-graph\">{\"@context\":\"https:\\\/\\\/schema.org\",\"@graph\":[{\"@type\":\"WebPage\",\"@id\":\"https:\\\/\\\/hundtgroup.com\\\/sk\\\/produkt\\\/stojan-pre-bezdrotovy-stroj-na-koralky\\\/\",\"url\":\"https:\\\/\\\/hundtgroup.com\\\/sk\\\/produkt\\\/stojan-pre-bezdrotovy-stroj-na-koralky\\\/\",\"name\":\"Stojan pre bezdr\u00f4tov\u00fd stroj na kor\u00e1lky - Wilhelm Hundt GmbH\",\"isPartOf\":{\"@id\":\"https:\\\/\\\/hundtgroup.com\\\/sk\\\/#website\"},\"primaryImageOfPage\":{\"@id\":\"https:\\\/\\\/hundtgroup.com\\\/sk\\\/produkt\\\/stojan-pre-bezdrotovy-stroj-na-koralky\\\/#primaryimage\"},\"image\":{\"@id\":\"https:\\\/\\\/hundtgroup.com\\\/sk\\\/produkt\\\/stojan-pre-bezdrotovy-stroj-na-koralky\\\/#primaryimage\"},\"thumbnailUrl\":\"https:\\\/\\\/hundtgroup.com\\\/wp-content\\\/uploads\\\/304301.png\",\"datePublished\":\"2022-10-26T13:59:16+00:00\",\"dateModified\":\"2025-07-29T11:10:58+00:00\",\"breadcrumb\":{\"@id\":\"https:\\\/\\\/hundtgroup.com\\\/sk\\\/produkt\\\/stojan-pre-bezdrotovy-stroj-na-koralky\\\/#breadcrumb\"},\"inLanguage\":\"sk-SK\",\"potentialAction\":[{\"@type\":\"ReadAction\",\"target\":[\"https:\\\/\\\/hundtgroup.com\\\/sk\\\/produkt\\\/stojan-pre-bezdrotovy-stroj-na-koralky\\\/\"]}]},{\"@type\":\"ImageObject\",\"inLanguage\":\"sk-SK\",\"@id\":\"https:\\\/\\\/hundtgroup.com\\\/sk\\\/produkt\\\/stojan-pre-bezdrotovy-stroj-na-koralky\\\/#primaryimage\",\"url\":\"https:\\\/\\\/hundtgroup.com\\\/wp-content\\\/uploads\\\/304301.png\",\"contentUrl\":\"https:\\\/\\\/hundtgroup.com\\\/wp-content\\\/uploads\\\/304301.png\",\"width\":508,\"height\":499},{\"@type\":\"BreadcrumbList\",\"@id\":\"https:\\\/\\\/hundtgroup.com\\\/sk\\\/produkt\\\/stojan-pre-bezdrotovy-stroj-na-koralky\\\/#breadcrumb\",\"itemListElement\":[{\"@type\":\"ListItem\",\"position\":1,\"name\":\"Startseite\",\"item\":\"https:\\\/\\\/hundtgroup.com\\\/sk\\\/domov-nove\\\/\"},{\"@type\":\"ListItem\",\"position\":2,\"name\":\"Obchod\",\"item\":\"https:\\\/\\\/hundtgroup.com\\\/obchod\\\/\"},{\"@type\":\"ListItem\",\"position\":3,\"name\":\"Stojan pre bezdr\u00f4tov\u00fd stroj na kor\u00e1lky\"}]},{\"@type\":\"WebSite\",\"@id\":\"https:\\\/\\\/hundtgroup.com\\\/sk\\\/#website\",\"url\":\"https:\\\/\\\/hundtgroup.com\\\/sk\\\/\",\"name\":\"Wilhelm Hundt GmbH\",\"description\":\"V\u00e1\u0161 \u0161pecialista na stroje a n\u00e1stroje na spracovanie plechu\",\"potentialAction\":[{\"@type\":\"SearchAction\",\"target\":{\"@type\":\"EntryPoint\",\"urlTemplate\":\"https:\\\/\\\/hundtgroup.com\\\/sk\\\/?s={search_term_string}\"},\"query-input\":{\"@type\":\"PropertyValueSpecification\",\"valueRequired\":true,\"valueName\":\"search_term_string\"}}],\"inLanguage\":\"sk-SK\"}]}<\/script>\n<!-- \/ Yoast SEO plugin. -->","yoast_head_json":{"title":"Stojan pre bezdr\u00f4tov\u00fd stroj na kor\u00e1lky - Wilhelm Hundt GmbH","robots":{"index":"index","follow":"follow","max-snippet":"max-snippet:-1","max-image-preview":"max-image-preview:large","max-video-preview":"max-video-preview:-1"},"canonical":"https:\/\/hundtgroup.com\/sk\/produkt\/stojan-pre-bezdrotovy-stroj-na-koralky\/","og_locale":"sk_SK","og_type":"article","og_title":"Stojan pre bezdr\u00f4tov\u00fd stroj na kor\u00e1lky - Wilhelm Hundt GmbH","og_description":"Vhodn\u00e9 pre bezdr\u00f4tov\u00e9 kor\u00e1lkovacie stroje","og_url":"https:\/\/hundtgroup.com\/sk\/produkt\/stojan-pre-bezdrotovy-stroj-na-koralky\/","og_site_name":"Wilhelm Hundt GmbH","article_modified_time":"2025-07-29T11:10:58+00:00","og_image":[{"width":508,"height":499,"url":"https:\/\/hundtgroup.com\/wp-content\/uploads\/304301.png","type":"image\/png"}],"twitter_card":"summary_large_image","schema":{"@context":"https:\/\/schema.org","@graph":[{"@type":"WebPage","@id":"https:\/\/hundtgroup.com\/sk\/produkt\/stojan-pre-bezdrotovy-stroj-na-koralky\/","url":"https:\/\/hundtgroup.com\/sk\/produkt\/stojan-pre-bezdrotovy-stroj-na-koralky\/","name":"Stojan pre bezdr\u00f4tov\u00fd stroj na kor\u00e1lky - Wilhelm Hundt GmbH","isPartOf":{"@id":"https:\/\/hundtgroup.com\/sk\/#website"},"primaryImageOfPage":{"@id":"https:\/\/hundtgroup.com\/sk\/produkt\/stojan-pre-bezdrotovy-stroj-na-koralky\/#primaryimage"},"image":{"@id":"https:\/\/hundtgroup.com\/sk\/produkt\/stojan-pre-bezdrotovy-stroj-na-koralky\/#primaryimage"},"thumbnailUrl":"https:\/\/hundtgroup.com\/wp-content\/uploads\/304301.png","datePublished":"2022-10-26T13:59:16+00:00","dateModified":"2025-07-29T11:10:58+00:00","breadcrumb":{"@id":"https:\/\/hundtgroup.com\/sk\/produkt\/stojan-pre-bezdrotovy-stroj-na-koralky\/#breadcrumb"},"inLanguage":"sk-SK","potentialAction":[{"@type":"ReadAction","target":["https:\/\/hundtgroup.com\/sk\/produkt\/stojan-pre-bezdrotovy-stroj-na-koralky\/"]}]},{"@type":"ImageObject","inLanguage":"sk-SK","@id":"https:\/\/hundtgroup.com\/sk\/produkt\/stojan-pre-bezdrotovy-stroj-na-koralky\/#primaryimage","url":"https:\/\/hundtgroup.com\/wp-content\/uploads\/304301.png","contentUrl":"https:\/\/hundtgroup.com\/wp-content\/uploads\/304301.png","width":508,"height":499},{"@type":"BreadcrumbList","@id":"https:\/\/hundtgroup.com\/sk\/produkt\/stojan-pre-bezdrotovy-stroj-na-koralky\/#breadcrumb","itemListElement":[{"@type":"ListItem","position":1,"name":"Startseite","item":"https:\/\/hundtgroup.com\/sk\/domov-nove\/"},{"@type":"ListItem","position":2,"name":"Obchod","item":"https:\/\/hundtgroup.com\/obchod\/"},{"@type":"ListItem","position":3,"name":"Stojan pre bezdr\u00f4tov\u00fd stroj na kor\u00e1lky"}]},{"@type":"WebSite","@id":"https:\/\/hundtgroup.com\/sk\/#website","url":"https:\/\/hundtgroup.com\/sk\/","name":"Wilhelm Hundt GmbH","description":"V\u00e1\u0161 \u0161pecialista na stroje a n\u00e1stroje na spracovanie plechu","potentialAction":[{"@type":"SearchAction","target":{"@type":"EntryPoint","urlTemplate":"https:\/\/hundtgroup.com\/sk\/?s={search_term_string}"},"query-input":{"@type":"PropertyValueSpecification","valueRequired":true,"valueName":"search_term_string"}}],"inLanguage":"sk-SK"}]}},"_links":{"self":[{"href":"https:\/\/hundtgroup.com\/sk\/wp-json\/wp\/v2\/product\/36683","targetHints":{"allow":["GET"]}}],"collection":[{"href":"https:\/\/hundtgroup.com\/sk\/wp-json\/wp\/v2\/product"}],"about":[{"href":"https:\/\/hundtgroup.com\/sk\/wp-json\/wp\/v2\/types\/product"}],"wp:featuredmedia":[{"embeddable":true,"href":"https:\/\/hundtgroup.com\/sk\/wp-json\/wp\/v2\/media\/33957"}],"wp:attachment":[{"href":"https:\/\/hundtgroup.com\/sk\/wp-json\/wp\/v2\/media?parent=36683"}],"wp:term":[{"taxonomy":"product_cat","embeddable":true,"href":"https:\/\/hundtgroup.com\/sk\/wp-json\/wp\/v2\/product_cat?post=36683"},{"taxonomy":"product_tag","embeddable":true,"href":"https:\/\/hundtgroup.com\/sk\/wp-json\/wp\/v2\/product_tag?post=36683"}],"curies":[{"name":"wp","href":"https:\/\/api.w.org\/{rel}","templated":true}]}}