{"id":36697,"date":"2022-10-26T15:59:16","date_gmt":"2022-10-26T13:59:16","guid":{"rendered":"https:\/\/hundtgroup.com\/produkt\/akumulatorovy-nitovac-accubird-pro\/"},"modified":"2025-08-01T11:56:04","modified_gmt":"2025-08-01T09:56:04","slug":"akumulatorovy-nitovac-accubird-pro","status":"publish","type":"product","link":"https:\/\/hundtgroup.com\/sk\/produkt\/akumulatorovy-nitovac-accubird-pro\/","title":{"rendered":"Akumul\u00e1torov\u00fd nitova\u010d AccuBird Pro"},"content":{"rendered":"<p>A\u017e 4 x r\u00fdchlej\u0161\u00ed ako \u0161tandardn\u00e9 akumul\u00e1torov\u00e9 n\u00e1radie na trhu<br \/>\nV\u00fdkonn\u00fd a odoln\u00fd BLDC motor pre r\u00fdchle pracovn\u00e9 cykly<br \/>\n25 mm zdvihu n\u00e1stroja pre dlh\u00e9 slep\u00e9 nity<br \/>\nNastavovacia sila 13 kN<br \/>\nVariabiln\u00e9 osvetlenie nastavovacieho kr\u00fa\u017eku<br \/>\nVylep\u0161en\u00e1 stabilita v\u010faka v\u00e4\u010d\u0161ej proti\u0161mykovej p\u00e4te, proti\u0161mykovej z\u00e1kladni a ni\u017e\u0161iemu \u0165a\u017eisku<br \/>\nRu\u010dne ovl\u00e1date\u013en\u00fd kryt v\u010faka m\u00e4kkej rukov\u00e4ti<br \/>\nNov\u00e1 posuvn\u00e1 bat\u00e9ria s presn\u00fdm ukazovate\u013eom kapacity<br \/>\nNab\u00edja\u010dka s funkciou r\u00fdchleho nab\u00edjania<br \/>\nOsved\u010den\u00fd syst\u00e9m sk\u013eu\u010dovadiel s\u00e9rie TAURUS\u00ae<br \/>\nSlep\u00e9 nity od \u00d8 2,4 mm hlin\u00edk a\u017e \u00d8 6 mm vo v\u0161etk\u00fdch materi\u00e1loch<br \/>\nSlep\u00e9 nity BULB-TITE\u00ae do \u00d8 4 mm a 5,2 mm hlin\u00edk a oce\u013e<br \/>\nSlep\u00e9 nity G-Bulb do \u00d8 4,8 mm vo v\u0161etk\u00fdch materi\u00e1loch<\/p>\n","protected":false},"excerpt":{"rendered":"<p>A\u017e 4 x r\u00fdchlej\u0161\u00ed ako \u0161tandardn\u00e9 akumul\u00e1torov\u00e9 n\u00e1radie na trhu V\u00fdkonn\u00fd a odoln\u00fd BLDC motor pre r\u00fdchle pracovn\u00e9 cykly 25 mm zdvihu n\u00e1stroja pre dlh\u00e9 slep\u00e9 nity Nastavovacia sila 13 kN Variabiln\u00e9 osvetlenie nastavovacieho kr\u00fa\u017eku Vylep\u0161en\u00e1 stabilita v\u010faka v\u00e4\u010d\u0161ej proti\u0161mykovej p\u00e4te, proti\u0161mykovej z\u00e1kladni a ni\u017e\u0161iemu \u0165a\u017eisku Ru\u010dne ovl\u00e1date\u013en\u00fd kryt v\u010faka m\u00e4kkej rukov\u00e4ti Nov\u00e1 posuvn\u00e1 bat\u00e9ria [&hellip;]<\/p>\n","protected":false},"featured_media":34572,"template":"","meta":{"_acf_changed":false,"inline_featured_image":false},"product_cat":[2850,2242,644,2244],"product_tag":[],"class_list":{"0":"post-36697","1":"product","2":"type-product","3":"status-publish","4":"has-post-thumbnail","6":"brand-gesipa","7":"product_cat-nastroje-na-nitovanie-sk","8":"product_cat-nastroje-na-nitovanie","9":"product_cat-nastroje-na-baterie","10":"product_cat-bateria-sk","12":"first","13":"instock","14":"taxable","15":"shipping-taxable","16":"purchasable","17":"product-type-simple","18":"add-to-wishlist-before_image"},"acf":[],"yoast_head":"<!-- This site is optimized with the Yoast SEO plugin v27.3 - https:\/\/yoast.com\/product\/yoast-seo-wordpress\/ -->\n<title>Akumul\u00e1torov\u00fd nitova\u010d AccuBird Pro - Wilhelm Hundt GmbH<\/title>\n<meta name=\"robots\" content=\"index, follow, max-snippet:-1, max-image-preview:large, max-video-preview:-1\" \/>\n<link rel=\"canonical\" href=\"https:\/\/hundtgroup.com\/sk\/produkt\/akumulatorovy-nitovac-accubird-pro\/\" \/>\n<meta property=\"og:locale\" content=\"sk_SK\" \/>\n<meta property=\"og:type\" content=\"article\" \/>\n<meta property=\"og:title\" content=\"Akumul\u00e1torov\u00fd nitova\u010d AccuBird Pro - Wilhelm Hundt GmbH\" \/>\n<meta property=\"og:description\" content=\"A\u017e 4 x r\u00fdchlej\u0161\u00ed ako \u0161tandardn\u00e9 akumul\u00e1torov\u00e9 n\u00e1radie na trhu V\u00fdkonn\u00fd a odoln\u00fd BLDC motor pre r\u00fdchle pracovn\u00e9 cykly 25 mm zdvihu n\u00e1stroja pre dlh\u00e9 slep\u00e9 nity Nastavovacia sila 13 kN Variabiln\u00e9 osvetlenie nastavovacieho kr\u00fa\u017eku Vylep\u0161en\u00e1 stabilita v\u010faka v\u00e4\u010d\u0161ej proti\u0161mykovej p\u00e4te, proti\u0161mykovej z\u00e1kladni a ni\u017e\u0161iemu \u0165a\u017eisku Ru\u010dne ovl\u00e1date\u013en\u00fd kryt v\u010faka m\u00e4kkej rukov\u00e4ti Nov\u00e1 posuvn\u00e1 bat\u00e9ria [&hellip;]\" \/>\n<meta property=\"og:url\" content=\"https:\/\/hundtgroup.com\/sk\/produkt\/akumulatorovy-nitovac-accubird-pro\/\" \/>\n<meta property=\"og:site_name\" content=\"Wilhelm Hundt GmbH\" \/>\n<meta property=\"article:modified_time\" content=\"2025-08-01T09:56:04+00:00\" \/>\n<meta property=\"og:image\" content=\"https:\/\/hundtgroup.com\/wp-content\/uploads\/500848.png\" \/>\n\t<meta property=\"og:image:width\" content=\"527\" \/>\n\t<meta property=\"og:image:height\" content=\"484\" \/>\n\t<meta property=\"og:image:type\" content=\"image\/png\" \/>\n<meta name=\"twitter:card\" content=\"summary_large_image\" \/>\n<meta name=\"twitter:label1\" content=\"Predpokladan\u00fd \u010das \u010d\u00edtania\" \/>\n\t<meta name=\"twitter:data1\" content=\"1 min\u00fata\" \/>\n<script type=\"application\/ld+json\" class=\"yoast-schema-graph\">{\"@context\":\"https:\\\/\\\/schema.org\",\"@graph\":[{\"@type\":\"WebPage\",\"@id\":\"https:\\\/\\\/hundtgroup.com\\\/sk\\\/produkt\\\/akumulatorovy-nitovac-accubird-pro\\\/\",\"url\":\"https:\\\/\\\/hundtgroup.com\\\/sk\\\/produkt\\\/akumulatorovy-nitovac-accubird-pro\\\/\",\"name\":\"Akumul\u00e1torov\u00fd nitova\u010d AccuBird Pro - Wilhelm Hundt GmbH\",\"isPartOf\":{\"@id\":\"https:\\\/\\\/hundtgroup.com\\\/sk\\\/#website\"},\"primaryImageOfPage\":{\"@id\":\"https:\\\/\\\/hundtgroup.com\\\/sk\\\/produkt\\\/akumulatorovy-nitovac-accubird-pro\\\/#primaryimage\"},\"image\":{\"@id\":\"https:\\\/\\\/hundtgroup.com\\\/sk\\\/produkt\\\/akumulatorovy-nitovac-accubird-pro\\\/#primaryimage\"},\"thumbnailUrl\":\"https:\\\/\\\/hundtgroup.com\\\/wp-content\\\/uploads\\\/500848.png\",\"datePublished\":\"2022-10-26T13:59:16+00:00\",\"dateModified\":\"2025-08-01T09:56:04+00:00\",\"breadcrumb\":{\"@id\":\"https:\\\/\\\/hundtgroup.com\\\/sk\\\/produkt\\\/akumulatorovy-nitovac-accubird-pro\\\/#breadcrumb\"},\"inLanguage\":\"sk-SK\",\"potentialAction\":[{\"@type\":\"ReadAction\",\"target\":[\"https:\\\/\\\/hundtgroup.com\\\/sk\\\/produkt\\\/akumulatorovy-nitovac-accubird-pro\\\/\"]}]},{\"@type\":\"ImageObject\",\"inLanguage\":\"sk-SK\",\"@id\":\"https:\\\/\\\/hundtgroup.com\\\/sk\\\/produkt\\\/akumulatorovy-nitovac-accubird-pro\\\/#primaryimage\",\"url\":\"https:\\\/\\\/hundtgroup.com\\\/wp-content\\\/uploads\\\/500848.png\",\"contentUrl\":\"https:\\\/\\\/hundtgroup.com\\\/wp-content\\\/uploads\\\/500848.png\",\"width\":527,\"height\":484},{\"@type\":\"BreadcrumbList\",\"@id\":\"https:\\\/\\\/hundtgroup.com\\\/sk\\\/produkt\\\/akumulatorovy-nitovac-accubird-pro\\\/#breadcrumb\",\"itemListElement\":[{\"@type\":\"ListItem\",\"position\":1,\"name\":\"Startseite\",\"item\":\"https:\\\/\\\/hundtgroup.com\\\/sk\\\/domov-nove\\\/\"},{\"@type\":\"ListItem\",\"position\":2,\"name\":\"Obchod\",\"item\":\"https:\\\/\\\/hundtgroup.com\\\/obchod\\\/\"},{\"@type\":\"ListItem\",\"position\":3,\"name\":\"Akumul\u00e1torov\u00fd nitova\u010d AccuBird Pro\"}]},{\"@type\":\"WebSite\",\"@id\":\"https:\\\/\\\/hundtgroup.com\\\/sk\\\/#website\",\"url\":\"https:\\\/\\\/hundtgroup.com\\\/sk\\\/\",\"name\":\"Wilhelm Hundt GmbH\",\"description\":\"V\u00e1\u0161 \u0161pecialista na stroje a n\u00e1stroje na spracovanie plechu\",\"potentialAction\":[{\"@type\":\"SearchAction\",\"target\":{\"@type\":\"EntryPoint\",\"urlTemplate\":\"https:\\\/\\\/hundtgroup.com\\\/sk\\\/?s={search_term_string}\"},\"query-input\":{\"@type\":\"PropertyValueSpecification\",\"valueRequired\":true,\"valueName\":\"search_term_string\"}}],\"inLanguage\":\"sk-SK\"}]}<\/script>\n<!-- \/ Yoast SEO plugin. -->","yoast_head_json":{"title":"Akumul\u00e1torov\u00fd nitova\u010d AccuBird Pro - Wilhelm Hundt GmbH","robots":{"index":"index","follow":"follow","max-snippet":"max-snippet:-1","max-image-preview":"max-image-preview:large","max-video-preview":"max-video-preview:-1"},"canonical":"https:\/\/hundtgroup.com\/sk\/produkt\/akumulatorovy-nitovac-accubird-pro\/","og_locale":"sk_SK","og_type":"article","og_title":"Akumul\u00e1torov\u00fd nitova\u010d AccuBird Pro - Wilhelm Hundt GmbH","og_description":"A\u017e 4 x r\u00fdchlej\u0161\u00ed ako \u0161tandardn\u00e9 akumul\u00e1torov\u00e9 n\u00e1radie na trhu V\u00fdkonn\u00fd a odoln\u00fd BLDC motor pre r\u00fdchle pracovn\u00e9 cykly 25 mm zdvihu n\u00e1stroja pre dlh\u00e9 slep\u00e9 nity Nastavovacia sila 13 kN Variabiln\u00e9 osvetlenie nastavovacieho kr\u00fa\u017eku Vylep\u0161en\u00e1 stabilita v\u010faka v\u00e4\u010d\u0161ej proti\u0161mykovej p\u00e4te, proti\u0161mykovej z\u00e1kladni a ni\u017e\u0161iemu \u0165a\u017eisku Ru\u010dne ovl\u00e1date\u013en\u00fd kryt v\u010faka m\u00e4kkej rukov\u00e4ti Nov\u00e1 posuvn\u00e1 bat\u00e9ria [&hellip;]","og_url":"https:\/\/hundtgroup.com\/sk\/produkt\/akumulatorovy-nitovac-accubird-pro\/","og_site_name":"Wilhelm Hundt GmbH","article_modified_time":"2025-08-01T09:56:04+00:00","og_image":[{"width":527,"height":484,"url":"https:\/\/hundtgroup.com\/wp-content\/uploads\/500848.png","type":"image\/png"}],"twitter_card":"summary_large_image","twitter_misc":{"Predpokladan\u00fd \u010das \u010d\u00edtania":"1 min\u00fata"},"schema":{"@context":"https:\/\/schema.org","@graph":[{"@type":"WebPage","@id":"https:\/\/hundtgroup.com\/sk\/produkt\/akumulatorovy-nitovac-accubird-pro\/","url":"https:\/\/hundtgroup.com\/sk\/produkt\/akumulatorovy-nitovac-accubird-pro\/","name":"Akumul\u00e1torov\u00fd nitova\u010d AccuBird Pro - Wilhelm Hundt GmbH","isPartOf":{"@id":"https:\/\/hundtgroup.com\/sk\/#website"},"primaryImageOfPage":{"@id":"https:\/\/hundtgroup.com\/sk\/produkt\/akumulatorovy-nitovac-accubird-pro\/#primaryimage"},"image":{"@id":"https:\/\/hundtgroup.com\/sk\/produkt\/akumulatorovy-nitovac-accubird-pro\/#primaryimage"},"thumbnailUrl":"https:\/\/hundtgroup.com\/wp-content\/uploads\/500848.png","datePublished":"2022-10-26T13:59:16+00:00","dateModified":"2025-08-01T09:56:04+00:00","breadcrumb":{"@id":"https:\/\/hundtgroup.com\/sk\/produkt\/akumulatorovy-nitovac-accubird-pro\/#breadcrumb"},"inLanguage":"sk-SK","potentialAction":[{"@type":"ReadAction","target":["https:\/\/hundtgroup.com\/sk\/produkt\/akumulatorovy-nitovac-accubird-pro\/"]}]},{"@type":"ImageObject","inLanguage":"sk-SK","@id":"https:\/\/hundtgroup.com\/sk\/produkt\/akumulatorovy-nitovac-accubird-pro\/#primaryimage","url":"https:\/\/hundtgroup.com\/wp-content\/uploads\/500848.png","contentUrl":"https:\/\/hundtgroup.com\/wp-content\/uploads\/500848.png","width":527,"height":484},{"@type":"BreadcrumbList","@id":"https:\/\/hundtgroup.com\/sk\/produkt\/akumulatorovy-nitovac-accubird-pro\/#breadcrumb","itemListElement":[{"@type":"ListItem","position":1,"name":"Startseite","item":"https:\/\/hundtgroup.com\/sk\/domov-nove\/"},{"@type":"ListItem","position":2,"name":"Obchod","item":"https:\/\/hundtgroup.com\/obchod\/"},{"@type":"ListItem","position":3,"name":"Akumul\u00e1torov\u00fd nitova\u010d AccuBird Pro"}]},{"@type":"WebSite","@id":"https:\/\/hundtgroup.com\/sk\/#website","url":"https:\/\/hundtgroup.com\/sk\/","name":"Wilhelm Hundt GmbH","description":"V\u00e1\u0161 \u0161pecialista na stroje a n\u00e1stroje na spracovanie plechu","potentialAction":[{"@type":"SearchAction","target":{"@type":"EntryPoint","urlTemplate":"https:\/\/hundtgroup.com\/sk\/?s={search_term_string}"},"query-input":{"@type":"PropertyValueSpecification","valueRequired":true,"valueName":"search_term_string"}}],"inLanguage":"sk-SK"}]}},"_links":{"self":[{"href":"https:\/\/hundtgroup.com\/sk\/wp-json\/wp\/v2\/product\/36697","targetHints":{"allow":["GET"]}}],"collection":[{"href":"https:\/\/hundtgroup.com\/sk\/wp-json\/wp\/v2\/product"}],"about":[{"href":"https:\/\/hundtgroup.com\/sk\/wp-json\/wp\/v2\/types\/product"}],"wp:featuredmedia":[{"embeddable":true,"href":"https:\/\/hundtgroup.com\/sk\/wp-json\/wp\/v2\/media\/34572"}],"wp:attachment":[{"href":"https:\/\/hundtgroup.com\/sk\/wp-json\/wp\/v2\/media?parent=36697"}],"wp:term":[{"taxonomy":"product_cat","embeddable":true,"href":"https:\/\/hundtgroup.com\/sk\/wp-json\/wp\/v2\/product_cat?post=36697"},{"taxonomy":"product_tag","embeddable":true,"href":"https:\/\/hundtgroup.com\/sk\/wp-json\/wp\/v2\/product_tag?post=36697"}],"curies":[{"name":"wp","href":"https:\/\/api.w.org\/{rel}","templated":true}]}}