{"id":36701,"date":"2022-10-26T15:59:16","date_gmt":"2022-10-26T13:59:16","guid":{"rendered":"https:\/\/hundtgroup.com\/produkt\/akumulatorovy-nitovac-accubird\/"},"modified":"2025-08-01T11:54:56","modified_gmt":"2025-08-01T09:54:56","slug":"akumulatorovy-nitovac-accubird","status":"publish","type":"product","link":"https:\/\/hundtgroup.com\/sk\/produkt\/akumulatorovy-nitovac-accubird\/","title":{"rendered":"Akumul\u00e1torov\u00fd nitova\u010d AccuBird"},"content":{"rendered":"<p>Akumul\u00e1torov\u00fd n\u00e1stroj na flexibiln\u00e9 pou\u017eitie v mont\u00e1\u017enej a priemyselnej v\u00fdrobe<br \/>\nVysok\u00e1 nastavovacia sila pre ve\u013ek\u00fd pracovn\u00fd rozsah do priemeru 5 mm vo v\u0161etk\u00fdch materi\u00e1loch<br \/>\nSlep\u00e9 nity BULB-TITE 4; hlin\u00edk a oce\u013e s priemerom 5,2 a 6,3 mm<br \/>\nVysok\u00fd v\u00fdkon na jedno nabitie bat\u00e9rie<br \/>\nVe\u013ek\u00fd zdvih n\u00e1stroja 20 mm<\/p>\n","protected":false},"excerpt":{"rendered":"<p>Akumul\u00e1torov\u00fd n\u00e1stroj na flexibiln\u00e9 pou\u017eitie v mont\u00e1\u017enej a priemyselnej v\u00fdrobe Vysok\u00e1 nastavovacia sila pre ve\u013ek\u00fd pracovn\u00fd rozsah do priemeru 5 mm vo v\u0161etk\u00fdch materi\u00e1loch Slep\u00e9 nity BULB-TITE 4; hlin\u00edk a oce\u013e s priemerom 5,2 a 6,3 mm Vysok\u00fd v\u00fdkon na jedno nabitie bat\u00e9rie Ve\u013ek\u00fd zdvih n\u00e1stroja 20 mm<\/p>\n","protected":false},"featured_media":33537,"template":"","meta":{"_acf_changed":false,"inline_featured_image":false},"product_cat":[2850,2831,2242,2244,644],"product_tag":[],"class_list":{"0":"post-36701","1":"product","2":"type-product","3":"status-publish","4":"has-post-thumbnail","6":"brand-gesipa","7":"product_cat-nastroje-na-nitovanie-sk","8":"product_cat-pruzne-ocelove-pravidlo","9":"product_cat-nastroje-na-nitovanie","10":"product_cat-bateria-sk","11":"product_cat-nastroje-na-baterie","13":"first","14":"instock","15":"taxable","16":"shipping-taxable","17":"purchasable","18":"product-type-simple","19":"add-to-wishlist-before_image"},"acf":[],"yoast_head":"<!-- This site is optimized with the Yoast SEO plugin v27.3 - https:\/\/yoast.com\/product\/yoast-seo-wordpress\/ -->\n<title>Akumul\u00e1torov\u00fd nitova\u010d AccuBird - Wilhelm Hundt GmbH<\/title>\n<meta name=\"robots\" content=\"index, follow, max-snippet:-1, max-image-preview:large, max-video-preview:-1\" \/>\n<link rel=\"canonical\" href=\"https:\/\/hundtgroup.com\/sk\/produkt\/akumulatorovy-nitovac-accubird\/\" \/>\n<meta property=\"og:locale\" content=\"sk_SK\" \/>\n<meta property=\"og:type\" content=\"article\" \/>\n<meta property=\"og:title\" content=\"Akumul\u00e1torov\u00fd nitova\u010d AccuBird - Wilhelm Hundt GmbH\" \/>\n<meta property=\"og:description\" content=\"Akumul\u00e1torov\u00fd n\u00e1stroj na flexibiln\u00e9 pou\u017eitie v mont\u00e1\u017enej a priemyselnej v\u00fdrobe Vysok\u00e1 nastavovacia sila pre ve\u013ek\u00fd pracovn\u00fd rozsah do priemeru 5 mm vo v\u0161etk\u00fdch materi\u00e1loch Slep\u00e9 nity BULB-TITE 4; hlin\u00edk a oce\u013e s priemerom 5,2 a 6,3 mm Vysok\u00fd v\u00fdkon na jedno nabitie bat\u00e9rie Ve\u013ek\u00fd zdvih n\u00e1stroja 20 mm\" \/>\n<meta property=\"og:url\" content=\"https:\/\/hundtgroup.com\/sk\/produkt\/akumulatorovy-nitovac-accubird\/\" \/>\n<meta property=\"og:site_name\" content=\"Wilhelm Hundt GmbH\" \/>\n<meta property=\"article:modified_time\" content=\"2025-08-01T09:54:56+00:00\" \/>\n<meta property=\"og:image\" content=\"https:\/\/hundtgroup.com\/wp-content\/uploads\/500849.png\" \/>\n\t<meta property=\"og:image:width\" content=\"447\" \/>\n\t<meta property=\"og:image:height\" content=\"480\" \/>\n\t<meta property=\"og:image:type\" content=\"image\/png\" \/>\n<meta name=\"twitter:card\" content=\"summary_large_image\" \/>\n<script type=\"application\/ld+json\" class=\"yoast-schema-graph\">{\"@context\":\"https:\\\/\\\/schema.org\",\"@graph\":[{\"@type\":\"WebPage\",\"@id\":\"https:\\\/\\\/hundtgroup.com\\\/sk\\\/produkt\\\/akumulatorovy-nitovac-accubird\\\/\",\"url\":\"https:\\\/\\\/hundtgroup.com\\\/sk\\\/produkt\\\/akumulatorovy-nitovac-accubird\\\/\",\"name\":\"Akumul\u00e1torov\u00fd nitova\u010d AccuBird - Wilhelm Hundt GmbH\",\"isPartOf\":{\"@id\":\"https:\\\/\\\/hundtgroup.com\\\/sk\\\/#website\"},\"primaryImageOfPage\":{\"@id\":\"https:\\\/\\\/hundtgroup.com\\\/sk\\\/produkt\\\/akumulatorovy-nitovac-accubird\\\/#primaryimage\"},\"image\":{\"@id\":\"https:\\\/\\\/hundtgroup.com\\\/sk\\\/produkt\\\/akumulatorovy-nitovac-accubird\\\/#primaryimage\"},\"thumbnailUrl\":\"https:\\\/\\\/hundtgroup.com\\\/wp-content\\\/uploads\\\/500849.png\",\"datePublished\":\"2022-10-26T13:59:16+00:00\",\"dateModified\":\"2025-08-01T09:54:56+00:00\",\"breadcrumb\":{\"@id\":\"https:\\\/\\\/hundtgroup.com\\\/sk\\\/produkt\\\/akumulatorovy-nitovac-accubird\\\/#breadcrumb\"},\"inLanguage\":\"sk-SK\",\"potentialAction\":[{\"@type\":\"ReadAction\",\"target\":[\"https:\\\/\\\/hundtgroup.com\\\/sk\\\/produkt\\\/akumulatorovy-nitovac-accubird\\\/\"]}]},{\"@type\":\"ImageObject\",\"inLanguage\":\"sk-SK\",\"@id\":\"https:\\\/\\\/hundtgroup.com\\\/sk\\\/produkt\\\/akumulatorovy-nitovac-accubird\\\/#primaryimage\",\"url\":\"https:\\\/\\\/hundtgroup.com\\\/wp-content\\\/uploads\\\/500849.png\",\"contentUrl\":\"https:\\\/\\\/hundtgroup.com\\\/wp-content\\\/uploads\\\/500849.png\",\"width\":447,\"height\":480},{\"@type\":\"BreadcrumbList\",\"@id\":\"https:\\\/\\\/hundtgroup.com\\\/sk\\\/produkt\\\/akumulatorovy-nitovac-accubird\\\/#breadcrumb\",\"itemListElement\":[{\"@type\":\"ListItem\",\"position\":1,\"name\":\"Startseite\",\"item\":\"https:\\\/\\\/hundtgroup.com\\\/sk\\\/domov-nove\\\/\"},{\"@type\":\"ListItem\",\"position\":2,\"name\":\"Obchod\",\"item\":\"https:\\\/\\\/hundtgroup.com\\\/obchod\\\/\"},{\"@type\":\"ListItem\",\"position\":3,\"name\":\"Akumul\u00e1torov\u00fd nitova\u010d AccuBird\"}]},{\"@type\":\"WebSite\",\"@id\":\"https:\\\/\\\/hundtgroup.com\\\/sk\\\/#website\",\"url\":\"https:\\\/\\\/hundtgroup.com\\\/sk\\\/\",\"name\":\"Wilhelm Hundt GmbH\",\"description\":\"V\u00e1\u0161 \u0161pecialista na stroje a n\u00e1stroje na spracovanie plechu\",\"potentialAction\":[{\"@type\":\"SearchAction\",\"target\":{\"@type\":\"EntryPoint\",\"urlTemplate\":\"https:\\\/\\\/hundtgroup.com\\\/sk\\\/?s={search_term_string}\"},\"query-input\":{\"@type\":\"PropertyValueSpecification\",\"valueRequired\":true,\"valueName\":\"search_term_string\"}}],\"inLanguage\":\"sk-SK\"}]}<\/script>\n<!-- \/ Yoast SEO plugin. -->","yoast_head_json":{"title":"Akumul\u00e1torov\u00fd nitova\u010d AccuBird - Wilhelm Hundt GmbH","robots":{"index":"index","follow":"follow","max-snippet":"max-snippet:-1","max-image-preview":"max-image-preview:large","max-video-preview":"max-video-preview:-1"},"canonical":"https:\/\/hundtgroup.com\/sk\/produkt\/akumulatorovy-nitovac-accubird\/","og_locale":"sk_SK","og_type":"article","og_title":"Akumul\u00e1torov\u00fd nitova\u010d AccuBird - Wilhelm Hundt GmbH","og_description":"Akumul\u00e1torov\u00fd n\u00e1stroj na flexibiln\u00e9 pou\u017eitie v mont\u00e1\u017enej a priemyselnej v\u00fdrobe Vysok\u00e1 nastavovacia sila pre ve\u013ek\u00fd pracovn\u00fd rozsah do priemeru 5 mm vo v\u0161etk\u00fdch materi\u00e1loch Slep\u00e9 nity BULB-TITE 4; hlin\u00edk a oce\u013e s priemerom 5,2 a 6,3 mm Vysok\u00fd v\u00fdkon na jedno nabitie bat\u00e9rie Ve\u013ek\u00fd zdvih n\u00e1stroja 20 mm","og_url":"https:\/\/hundtgroup.com\/sk\/produkt\/akumulatorovy-nitovac-accubird\/","og_site_name":"Wilhelm Hundt GmbH","article_modified_time":"2025-08-01T09:54:56+00:00","og_image":[{"width":447,"height":480,"url":"https:\/\/hundtgroup.com\/wp-content\/uploads\/500849.png","type":"image\/png"}],"twitter_card":"summary_large_image","schema":{"@context":"https:\/\/schema.org","@graph":[{"@type":"WebPage","@id":"https:\/\/hundtgroup.com\/sk\/produkt\/akumulatorovy-nitovac-accubird\/","url":"https:\/\/hundtgroup.com\/sk\/produkt\/akumulatorovy-nitovac-accubird\/","name":"Akumul\u00e1torov\u00fd nitova\u010d AccuBird - Wilhelm Hundt GmbH","isPartOf":{"@id":"https:\/\/hundtgroup.com\/sk\/#website"},"primaryImageOfPage":{"@id":"https:\/\/hundtgroup.com\/sk\/produkt\/akumulatorovy-nitovac-accubird\/#primaryimage"},"image":{"@id":"https:\/\/hundtgroup.com\/sk\/produkt\/akumulatorovy-nitovac-accubird\/#primaryimage"},"thumbnailUrl":"https:\/\/hundtgroup.com\/wp-content\/uploads\/500849.png","datePublished":"2022-10-26T13:59:16+00:00","dateModified":"2025-08-01T09:54:56+00:00","breadcrumb":{"@id":"https:\/\/hundtgroup.com\/sk\/produkt\/akumulatorovy-nitovac-accubird\/#breadcrumb"},"inLanguage":"sk-SK","potentialAction":[{"@type":"ReadAction","target":["https:\/\/hundtgroup.com\/sk\/produkt\/akumulatorovy-nitovac-accubird\/"]}]},{"@type":"ImageObject","inLanguage":"sk-SK","@id":"https:\/\/hundtgroup.com\/sk\/produkt\/akumulatorovy-nitovac-accubird\/#primaryimage","url":"https:\/\/hundtgroup.com\/wp-content\/uploads\/500849.png","contentUrl":"https:\/\/hundtgroup.com\/wp-content\/uploads\/500849.png","width":447,"height":480},{"@type":"BreadcrumbList","@id":"https:\/\/hundtgroup.com\/sk\/produkt\/akumulatorovy-nitovac-accubird\/#breadcrumb","itemListElement":[{"@type":"ListItem","position":1,"name":"Startseite","item":"https:\/\/hundtgroup.com\/sk\/domov-nove\/"},{"@type":"ListItem","position":2,"name":"Obchod","item":"https:\/\/hundtgroup.com\/obchod\/"},{"@type":"ListItem","position":3,"name":"Akumul\u00e1torov\u00fd nitova\u010d AccuBird"}]},{"@type":"WebSite","@id":"https:\/\/hundtgroup.com\/sk\/#website","url":"https:\/\/hundtgroup.com\/sk\/","name":"Wilhelm Hundt GmbH","description":"V\u00e1\u0161 \u0161pecialista na stroje a n\u00e1stroje na spracovanie plechu","potentialAction":[{"@type":"SearchAction","target":{"@type":"EntryPoint","urlTemplate":"https:\/\/hundtgroup.com\/sk\/?s={search_term_string}"},"query-input":{"@type":"PropertyValueSpecification","valueRequired":true,"valueName":"search_term_string"}}],"inLanguage":"sk-SK"}]}},"_links":{"self":[{"href":"https:\/\/hundtgroup.com\/sk\/wp-json\/wp\/v2\/product\/36701","targetHints":{"allow":["GET"]}}],"collection":[{"href":"https:\/\/hundtgroup.com\/sk\/wp-json\/wp\/v2\/product"}],"about":[{"href":"https:\/\/hundtgroup.com\/sk\/wp-json\/wp\/v2\/types\/product"}],"wp:featuredmedia":[{"embeddable":true,"href":"https:\/\/hundtgroup.com\/sk\/wp-json\/wp\/v2\/media\/33537"}],"wp:attachment":[{"href":"https:\/\/hundtgroup.com\/sk\/wp-json\/wp\/v2\/media?parent=36701"}],"wp:term":[{"taxonomy":"product_cat","embeddable":true,"href":"https:\/\/hundtgroup.com\/sk\/wp-json\/wp\/v2\/product_cat?post=36701"},{"taxonomy":"product_tag","embeddable":true,"href":"https:\/\/hundtgroup.com\/sk\/wp-json\/wp\/v2\/product_tag?post=36701"}],"curies":[{"name":"wp","href":"https:\/\/api.w.org\/{rel}","templated":true}]}}