{"id":36811,"date":"2022-10-26T15:59:50","date_gmt":"2022-10-26T13:59:50","guid":{"rendered":"https:\/\/hundtgroup.com\/produkt\/akumulatorova-kombinovana-suprava-bosch-gsr-18v-55-gws18v-li-125\/"},"modified":"2025-07-29T13:55:45","modified_gmt":"2025-07-29T11:55:45","slug":"akumulatorova-kombinovana-suprava-bosch-gsr-18v-55-gws18v-li-125","status":"publish","type":"product","link":"https:\/\/hundtgroup.com\/sk\/produkt\/akumulatorova-kombinovana-suprava-bosch-gsr-18v-55-gws18v-li-125\/","title":{"rendered":"Akumul\u00e1torov\u00e1 kombinovan\u00e1 s\u00faprava Bosch GSR 18V-55 + GWS18V-LI 125"},"content":{"rendered":"<p>Kompletn\u00e1 akumul\u00e1torov\u00e1 kombinovan\u00e1 s\u00faprava Bosch<\/p>\n<p>GSR 18V-55 Akumul\u00e1torov\u00fd v\u0155tac\u00ed skrutkova\u010d<br \/>\n&#8211; vysok\u00fd v\u00fdkonov\u00fd potenci\u00e1l 55 Nm a 1750 1\/min<br \/>\n&#8211; robustn\u00e9 13 mm kovov\u00e9 sk\u013eu\u010dovadlo Roehm<br \/>\n&#8211; bezkefkov\u00fd motor<\/p>\n<p>GWS 18V-LI 125 Akumul\u00e1torov\u00e1 uhlov\u00e1 br\u00faska<br \/>\n&#8211; najmen\u0161ia a naj\u013eah\u0161ia uhlov\u00e1 br\u00faska v 18V triede Bosch<br \/>\n&#8211; n\u00edzka hmotnos\u0165 2,3 kg a kompaktn\u00fd kryt<\/p>\n","protected":false},"excerpt":{"rendered":"<p>Kompletn\u00e1 akumul\u00e1torov\u00e1 kombinovan\u00e1 s\u00faprava Bosch GSR 18V-55 Akumul\u00e1torov\u00fd v\u0155tac\u00ed skrutkova\u010d &#8211; vysok\u00fd v\u00fdkonov\u00fd potenci\u00e1l 55 Nm a 1750 1\/min &#8211; robustn\u00e9 13 mm kovov\u00e9 sk\u013eu\u010dovadlo Roehm &#8211; bezkefkov\u00fd motor GWS 18V-LI 125 Akumul\u00e1torov\u00e1 uhlov\u00e1 br\u00faska &#8211; najmen\u0161ia a naj\u013eah\u0161ia uhlov\u00e1 br\u00faska v 18V triede Bosch &#8211; n\u00edzka hmotnos\u0165 2,3 kg a kompaktn\u00fd kryt<\/p>\n","protected":false},"featured_media":33607,"template":"","meta":{"_acf_changed":false,"inline_featured_image":false},"product_cat":[644,2246],"product_tag":[],"class_list":{"0":"post-36811","1":"product","2":"type-product","3":"status-publish","4":"has-post-thumbnail","6":"brand-bosch","7":"product_cat-nastroje-na-baterie","8":"product_cat-kombinovane-supravy","10":"first","11":"instock","12":"taxable","13":"shipping-taxable","14":"purchasable","15":"product-type-simple","16":"add-to-wishlist-before_image"},"acf":[],"yoast_head":"<!-- This site is optimized with the Yoast SEO plugin v27.3 - https:\/\/yoast.com\/product\/yoast-seo-wordpress\/ -->\n<title>Akumul\u00e1torov\u00e1 kombinovan\u00e1 s\u00faprava Bosch GSR 18V-55 + GWS18V-LI 125 - Wilhelm Hundt GmbH<\/title>\n<meta name=\"robots\" content=\"index, follow, max-snippet:-1, max-image-preview:large, max-video-preview:-1\" \/>\n<link rel=\"canonical\" href=\"https:\/\/hundtgroup.com\/sk\/produkt\/akumulatorova-kombinovana-suprava-bosch-gsr-18v-55-gws18v-li-125\/\" \/>\n<meta property=\"og:locale\" content=\"sk_SK\" \/>\n<meta property=\"og:type\" content=\"article\" \/>\n<meta property=\"og:title\" content=\"Akumul\u00e1torov\u00e1 kombinovan\u00e1 s\u00faprava Bosch GSR 18V-55 + GWS18V-LI 125 - Wilhelm Hundt GmbH\" \/>\n<meta property=\"og:description\" content=\"Kompletn\u00e1 akumul\u00e1torov\u00e1 kombinovan\u00e1 s\u00faprava Bosch GSR 18V-55 Akumul\u00e1torov\u00fd v\u0155tac\u00ed skrutkova\u010d &#8211; vysok\u00fd v\u00fdkonov\u00fd potenci\u00e1l 55 Nm a 1750 1\/min &#8211; robustn\u00e9 13 mm kovov\u00e9 sk\u013eu\u010dovadlo Roehm &#8211; bezkefkov\u00fd motor GWS 18V-LI 125 Akumul\u00e1torov\u00e1 uhlov\u00e1 br\u00faska &#8211; najmen\u0161ia a naj\u013eah\u0161ia uhlov\u00e1 br\u00faska v 18V triede Bosch &#8211; n\u00edzka hmotnos\u0165 2,3 kg a kompaktn\u00fd kryt\" \/>\n<meta property=\"og:url\" content=\"https:\/\/hundtgroup.com\/sk\/produkt\/akumulatorova-kombinovana-suprava-bosch-gsr-18v-55-gws18v-li-125\/\" \/>\n<meta property=\"og:site_name\" content=\"Wilhelm Hundt GmbH\" \/>\n<meta property=\"article:modified_time\" content=\"2025-07-29T11:55:45+00:00\" \/>\n<meta property=\"og:image\" content=\"https:\/\/hundtgroup.com\/wp-content\/uploads\/340310.jpg\" \/>\n\t<meta property=\"og:image:width\" content=\"450\" \/>\n\t<meta property=\"og:image:height\" content=\"655\" \/>\n\t<meta property=\"og:image:type\" content=\"image\/jpeg\" \/>\n<meta name=\"twitter:card\" content=\"summary_large_image\" \/>\n<script type=\"application\/ld+json\" class=\"yoast-schema-graph\">{\"@context\":\"https:\\\/\\\/schema.org\",\"@graph\":[{\"@type\":\"WebPage\",\"@id\":\"https:\\\/\\\/hundtgroup.com\\\/sk\\\/produkt\\\/akumulatorova-kombinovana-suprava-bosch-gsr-18v-55-gws18v-li-125\\\/\",\"url\":\"https:\\\/\\\/hundtgroup.com\\\/sk\\\/produkt\\\/akumulatorova-kombinovana-suprava-bosch-gsr-18v-55-gws18v-li-125\\\/\",\"name\":\"Akumul\u00e1torov\u00e1 kombinovan\u00e1 s\u00faprava Bosch GSR 18V-55 + GWS18V-LI 125 - Wilhelm Hundt GmbH\",\"isPartOf\":{\"@id\":\"https:\\\/\\\/hundtgroup.com\\\/sk\\\/#website\"},\"primaryImageOfPage\":{\"@id\":\"https:\\\/\\\/hundtgroup.com\\\/sk\\\/produkt\\\/akumulatorova-kombinovana-suprava-bosch-gsr-18v-55-gws18v-li-125\\\/#primaryimage\"},\"image\":{\"@id\":\"https:\\\/\\\/hundtgroup.com\\\/sk\\\/produkt\\\/akumulatorova-kombinovana-suprava-bosch-gsr-18v-55-gws18v-li-125\\\/#primaryimage\"},\"thumbnailUrl\":\"https:\\\/\\\/hundtgroup.com\\\/wp-content\\\/uploads\\\/340310.jpg\",\"datePublished\":\"2022-10-26T13:59:50+00:00\",\"dateModified\":\"2025-07-29T11:55:45+00:00\",\"breadcrumb\":{\"@id\":\"https:\\\/\\\/hundtgroup.com\\\/sk\\\/produkt\\\/akumulatorova-kombinovana-suprava-bosch-gsr-18v-55-gws18v-li-125\\\/#breadcrumb\"},\"inLanguage\":\"sk-SK\",\"potentialAction\":[{\"@type\":\"ReadAction\",\"target\":[\"https:\\\/\\\/hundtgroup.com\\\/sk\\\/produkt\\\/akumulatorova-kombinovana-suprava-bosch-gsr-18v-55-gws18v-li-125\\\/\"]}]},{\"@type\":\"ImageObject\",\"inLanguage\":\"sk-SK\",\"@id\":\"https:\\\/\\\/hundtgroup.com\\\/sk\\\/produkt\\\/akumulatorova-kombinovana-suprava-bosch-gsr-18v-55-gws18v-li-125\\\/#primaryimage\",\"url\":\"https:\\\/\\\/hundtgroup.com\\\/wp-content\\\/uploads\\\/340310.jpg\",\"contentUrl\":\"https:\\\/\\\/hundtgroup.com\\\/wp-content\\\/uploads\\\/340310.jpg\",\"width\":450,\"height\":655},{\"@type\":\"BreadcrumbList\",\"@id\":\"https:\\\/\\\/hundtgroup.com\\\/sk\\\/produkt\\\/akumulatorova-kombinovana-suprava-bosch-gsr-18v-55-gws18v-li-125\\\/#breadcrumb\",\"itemListElement\":[{\"@type\":\"ListItem\",\"position\":1,\"name\":\"Startseite\",\"item\":\"https:\\\/\\\/hundtgroup.com\\\/sk\\\/domov-nove\\\/\"},{\"@type\":\"ListItem\",\"position\":2,\"name\":\"Obchod\",\"item\":\"https:\\\/\\\/hundtgroup.com\\\/obchod\\\/\"},{\"@type\":\"ListItem\",\"position\":3,\"name\":\"Akumul\u00e1torov\u00e1 kombinovan\u00e1 s\u00faprava Bosch GSR 18V-55 + GWS18V-LI 125\"}]},{\"@type\":\"WebSite\",\"@id\":\"https:\\\/\\\/hundtgroup.com\\\/sk\\\/#website\",\"url\":\"https:\\\/\\\/hundtgroup.com\\\/sk\\\/\",\"name\":\"Wilhelm Hundt GmbH\",\"description\":\"V\u00e1\u0161 \u0161pecialista na stroje a n\u00e1stroje na spracovanie plechu\",\"potentialAction\":[{\"@type\":\"SearchAction\",\"target\":{\"@type\":\"EntryPoint\",\"urlTemplate\":\"https:\\\/\\\/hundtgroup.com\\\/sk\\\/?s={search_term_string}\"},\"query-input\":{\"@type\":\"PropertyValueSpecification\",\"valueRequired\":true,\"valueName\":\"search_term_string\"}}],\"inLanguage\":\"sk-SK\"}]}<\/script>\n<!-- \/ Yoast SEO plugin. -->","yoast_head_json":{"title":"Akumul\u00e1torov\u00e1 kombinovan\u00e1 s\u00faprava Bosch GSR 18V-55 + GWS18V-LI 125 - Wilhelm Hundt GmbH","robots":{"index":"index","follow":"follow","max-snippet":"max-snippet:-1","max-image-preview":"max-image-preview:large","max-video-preview":"max-video-preview:-1"},"canonical":"https:\/\/hundtgroup.com\/sk\/produkt\/akumulatorova-kombinovana-suprava-bosch-gsr-18v-55-gws18v-li-125\/","og_locale":"sk_SK","og_type":"article","og_title":"Akumul\u00e1torov\u00e1 kombinovan\u00e1 s\u00faprava Bosch GSR 18V-55 + GWS18V-LI 125 - Wilhelm Hundt GmbH","og_description":"Kompletn\u00e1 akumul\u00e1torov\u00e1 kombinovan\u00e1 s\u00faprava Bosch GSR 18V-55 Akumul\u00e1torov\u00fd v\u0155tac\u00ed skrutkova\u010d &#8211; vysok\u00fd v\u00fdkonov\u00fd potenci\u00e1l 55 Nm a 1750 1\/min &#8211; robustn\u00e9 13 mm kovov\u00e9 sk\u013eu\u010dovadlo Roehm &#8211; bezkefkov\u00fd motor GWS 18V-LI 125 Akumul\u00e1torov\u00e1 uhlov\u00e1 br\u00faska &#8211; najmen\u0161ia a naj\u013eah\u0161ia uhlov\u00e1 br\u00faska v 18V triede Bosch &#8211; n\u00edzka hmotnos\u0165 2,3 kg a kompaktn\u00fd kryt","og_url":"https:\/\/hundtgroup.com\/sk\/produkt\/akumulatorova-kombinovana-suprava-bosch-gsr-18v-55-gws18v-li-125\/","og_site_name":"Wilhelm Hundt GmbH","article_modified_time":"2025-07-29T11:55:45+00:00","og_image":[{"width":450,"height":655,"url":"https:\/\/hundtgroup.com\/wp-content\/uploads\/340310.jpg","type":"image\/jpeg"}],"twitter_card":"summary_large_image","schema":{"@context":"https:\/\/schema.org","@graph":[{"@type":"WebPage","@id":"https:\/\/hundtgroup.com\/sk\/produkt\/akumulatorova-kombinovana-suprava-bosch-gsr-18v-55-gws18v-li-125\/","url":"https:\/\/hundtgroup.com\/sk\/produkt\/akumulatorova-kombinovana-suprava-bosch-gsr-18v-55-gws18v-li-125\/","name":"Akumul\u00e1torov\u00e1 kombinovan\u00e1 s\u00faprava Bosch GSR 18V-55 + GWS18V-LI 125 - Wilhelm Hundt GmbH","isPartOf":{"@id":"https:\/\/hundtgroup.com\/sk\/#website"},"primaryImageOfPage":{"@id":"https:\/\/hundtgroup.com\/sk\/produkt\/akumulatorova-kombinovana-suprava-bosch-gsr-18v-55-gws18v-li-125\/#primaryimage"},"image":{"@id":"https:\/\/hundtgroup.com\/sk\/produkt\/akumulatorova-kombinovana-suprava-bosch-gsr-18v-55-gws18v-li-125\/#primaryimage"},"thumbnailUrl":"https:\/\/hundtgroup.com\/wp-content\/uploads\/340310.jpg","datePublished":"2022-10-26T13:59:50+00:00","dateModified":"2025-07-29T11:55:45+00:00","breadcrumb":{"@id":"https:\/\/hundtgroup.com\/sk\/produkt\/akumulatorova-kombinovana-suprava-bosch-gsr-18v-55-gws18v-li-125\/#breadcrumb"},"inLanguage":"sk-SK","potentialAction":[{"@type":"ReadAction","target":["https:\/\/hundtgroup.com\/sk\/produkt\/akumulatorova-kombinovana-suprava-bosch-gsr-18v-55-gws18v-li-125\/"]}]},{"@type":"ImageObject","inLanguage":"sk-SK","@id":"https:\/\/hundtgroup.com\/sk\/produkt\/akumulatorova-kombinovana-suprava-bosch-gsr-18v-55-gws18v-li-125\/#primaryimage","url":"https:\/\/hundtgroup.com\/wp-content\/uploads\/340310.jpg","contentUrl":"https:\/\/hundtgroup.com\/wp-content\/uploads\/340310.jpg","width":450,"height":655},{"@type":"BreadcrumbList","@id":"https:\/\/hundtgroup.com\/sk\/produkt\/akumulatorova-kombinovana-suprava-bosch-gsr-18v-55-gws18v-li-125\/#breadcrumb","itemListElement":[{"@type":"ListItem","position":1,"name":"Startseite","item":"https:\/\/hundtgroup.com\/sk\/domov-nove\/"},{"@type":"ListItem","position":2,"name":"Obchod","item":"https:\/\/hundtgroup.com\/obchod\/"},{"@type":"ListItem","position":3,"name":"Akumul\u00e1torov\u00e1 kombinovan\u00e1 s\u00faprava Bosch GSR 18V-55 + GWS18V-LI 125"}]},{"@type":"WebSite","@id":"https:\/\/hundtgroup.com\/sk\/#website","url":"https:\/\/hundtgroup.com\/sk\/","name":"Wilhelm Hundt GmbH","description":"V\u00e1\u0161 \u0161pecialista na stroje a n\u00e1stroje na spracovanie plechu","potentialAction":[{"@type":"SearchAction","target":{"@type":"EntryPoint","urlTemplate":"https:\/\/hundtgroup.com\/sk\/?s={search_term_string}"},"query-input":{"@type":"PropertyValueSpecification","valueRequired":true,"valueName":"search_term_string"}}],"inLanguage":"sk-SK"}]}},"_links":{"self":[{"href":"https:\/\/hundtgroup.com\/sk\/wp-json\/wp\/v2\/product\/36811","targetHints":{"allow":["GET"]}}],"collection":[{"href":"https:\/\/hundtgroup.com\/sk\/wp-json\/wp\/v2\/product"}],"about":[{"href":"https:\/\/hundtgroup.com\/sk\/wp-json\/wp\/v2\/types\/product"}],"wp:featuredmedia":[{"embeddable":true,"href":"https:\/\/hundtgroup.com\/sk\/wp-json\/wp\/v2\/media\/33607"}],"wp:attachment":[{"href":"https:\/\/hundtgroup.com\/sk\/wp-json\/wp\/v2\/media?parent=36811"}],"wp:term":[{"taxonomy":"product_cat","embeddable":true,"href":"https:\/\/hundtgroup.com\/sk\/wp-json\/wp\/v2\/product_cat?post=36811"},{"taxonomy":"product_tag","embeddable":true,"href":"https:\/\/hundtgroup.com\/sk\/wp-json\/wp\/v2\/product_tag?post=36811"}],"curies":[{"name":"wp","href":"https:\/\/api.w.org\/{rel}","templated":true}]}}