{"id":36977,"date":"2022-10-26T16:00:00","date_gmt":"2022-10-26T14:00:00","guid":{"rendered":"https:\/\/hundtgroup.com\/produkt\/upinacie-celuste-pre-ebz-2-ebz-3\/"},"modified":"2025-08-06T08:47:59","modified_gmt":"2025-08-06T06:47:59","slug":"upinacie-celuste-pre-ebz-2-ebz-3","status":"publish","type":"product","link":"https:\/\/hundtgroup.com\/sk\/produkt\/upinacie-celuste-pre-ebz-2-ebz-3\/","title":{"rendered":"Up\u00ednacie \u010de\u013euste pre eBZ 2\/ eBZ 3"},"content":{"rendered":"<p>S\u00faprava 3 dielov<\/p>\n<p>vhodn\u00e1 pre zariadenia: BZ121-123,BZ52, RIVDOM TWO, RIVDOM TWO 20V<br \/>\nRivdom eBZ 2 (4,0-6,4), RIVDOM TWO 2,8 20V (V1.2)<br \/>\nRivdom eBZ 3 (V1.2)<\/p>\n","protected":false},"excerpt":{"rendered":"<p>S\u00faprava 3 dielov vhodn\u00e1 pre zariadenia: BZ121-123,BZ52, RIVDOM TWO, RIVDOM TWO 20V Rivdom eBZ 2 (4,0-6,4), RIVDOM TWO 2,8 20V (V1.2) Rivdom eBZ 3 (V1.2)<\/p>\n","protected":false},"featured_media":35149,"template":"","meta":{"_acf_changed":false,"inline_featured_image":false},"product_cat":[2268,2242,2273],"product_tag":[],"class_list":{"0":"post-36977","1":"product","2":"type-product","3":"status-publish","4":"has-post-thumbnail","6":"brand-honsel","7":"product_cat-prislusenstvo","8":"product_cat-nastroje-na-nitovanie","9":"product_cat-upinacie-celuste","11":"first","12":"instock","13":"taxable","14":"shipping-taxable","15":"purchasable","16":"product-type-simple","17":"add-to-wishlist-before_image"},"acf":[],"yoast_head":"<!-- This site is optimized with the Yoast SEO plugin v27.3 - https:\/\/yoast.com\/product\/yoast-seo-wordpress\/ -->\n<title>Up\u00ednacie \u010de\u013euste pre eBZ 2\/ eBZ 3 - Wilhelm Hundt GmbH<\/title>\n<meta name=\"robots\" content=\"index, follow, max-snippet:-1, max-image-preview:large, max-video-preview:-1\" \/>\n<link rel=\"canonical\" href=\"https:\/\/hundtgroup.com\/sk\/produkt\/upinacie-celuste-pre-ebz-2-ebz-3\/\" \/>\n<meta property=\"og:locale\" content=\"sk_SK\" \/>\n<meta property=\"og:type\" content=\"article\" \/>\n<meta property=\"og:title\" content=\"Up\u00ednacie \u010de\u013euste pre eBZ 2\/ eBZ 3 - Wilhelm Hundt GmbH\" \/>\n<meta property=\"og:description\" content=\"S\u00faprava 3 dielov vhodn\u00e1 pre zariadenia: BZ121-123,BZ52, RIVDOM TWO, RIVDOM TWO 20V Rivdom eBZ 2 (4,0-6,4), RIVDOM TWO 2,8 20V (V1.2) Rivdom eBZ 3 (V1.2)\" \/>\n<meta property=\"og:url\" content=\"https:\/\/hundtgroup.com\/sk\/produkt\/upinacie-celuste-pre-ebz-2-ebz-3\/\" \/>\n<meta property=\"og:site_name\" content=\"Wilhelm Hundt GmbH\" \/>\n<meta property=\"article:modified_time\" content=\"2025-08-06T06:47:59+00:00\" \/>\n<meta property=\"og:image\" content=\"https:\/\/hundtgroup.com\/wp-content\/uploads\/500303.png\" \/>\n\t<meta property=\"og:image:width\" content=\"439\" \/>\n\t<meta property=\"og:image:height\" content=\"324\" \/>\n\t<meta property=\"og:image:type\" content=\"image\/png\" \/>\n<meta name=\"twitter:card\" content=\"summary_large_image\" \/>\n<script type=\"application\/ld+json\" class=\"yoast-schema-graph\">{\"@context\":\"https:\\\/\\\/schema.org\",\"@graph\":[{\"@type\":\"WebPage\",\"@id\":\"https:\\\/\\\/hundtgroup.com\\\/sk\\\/produkt\\\/upinacie-celuste-pre-ebz-2-ebz-3\\\/\",\"url\":\"https:\\\/\\\/hundtgroup.com\\\/sk\\\/produkt\\\/upinacie-celuste-pre-ebz-2-ebz-3\\\/\",\"name\":\"Up\u00ednacie \u010de\u013euste pre eBZ 2\\\/ eBZ 3 - Wilhelm Hundt GmbH\",\"isPartOf\":{\"@id\":\"https:\\\/\\\/hundtgroup.com\\\/sk\\\/#website\"},\"primaryImageOfPage\":{\"@id\":\"https:\\\/\\\/hundtgroup.com\\\/sk\\\/produkt\\\/upinacie-celuste-pre-ebz-2-ebz-3\\\/#primaryimage\"},\"image\":{\"@id\":\"https:\\\/\\\/hundtgroup.com\\\/sk\\\/produkt\\\/upinacie-celuste-pre-ebz-2-ebz-3\\\/#primaryimage\"},\"thumbnailUrl\":\"https:\\\/\\\/hundtgroup.com\\\/wp-content\\\/uploads\\\/500303.png\",\"datePublished\":\"2022-10-26T14:00:00+00:00\",\"dateModified\":\"2025-08-06T06:47:59+00:00\",\"breadcrumb\":{\"@id\":\"https:\\\/\\\/hundtgroup.com\\\/sk\\\/produkt\\\/upinacie-celuste-pre-ebz-2-ebz-3\\\/#breadcrumb\"},\"inLanguage\":\"sk-SK\",\"potentialAction\":[{\"@type\":\"ReadAction\",\"target\":[\"https:\\\/\\\/hundtgroup.com\\\/sk\\\/produkt\\\/upinacie-celuste-pre-ebz-2-ebz-3\\\/\"]}]},{\"@type\":\"ImageObject\",\"inLanguage\":\"sk-SK\",\"@id\":\"https:\\\/\\\/hundtgroup.com\\\/sk\\\/produkt\\\/upinacie-celuste-pre-ebz-2-ebz-3\\\/#primaryimage\",\"url\":\"https:\\\/\\\/hundtgroup.com\\\/wp-content\\\/uploads\\\/500303.png\",\"contentUrl\":\"https:\\\/\\\/hundtgroup.com\\\/wp-content\\\/uploads\\\/500303.png\",\"width\":439,\"height\":324},{\"@type\":\"BreadcrumbList\",\"@id\":\"https:\\\/\\\/hundtgroup.com\\\/sk\\\/produkt\\\/upinacie-celuste-pre-ebz-2-ebz-3\\\/#breadcrumb\",\"itemListElement\":[{\"@type\":\"ListItem\",\"position\":1,\"name\":\"Startseite\",\"item\":\"https:\\\/\\\/hundtgroup.com\\\/sk\\\/domov-nove\\\/\"},{\"@type\":\"ListItem\",\"position\":2,\"name\":\"Obchod\",\"item\":\"https:\\\/\\\/hundtgroup.com\\\/obchod\\\/\"},{\"@type\":\"ListItem\",\"position\":3,\"name\":\"Up\u00ednacie \u010de\u013euste pre eBZ 2\\\/ eBZ 3\"}]},{\"@type\":\"WebSite\",\"@id\":\"https:\\\/\\\/hundtgroup.com\\\/sk\\\/#website\",\"url\":\"https:\\\/\\\/hundtgroup.com\\\/sk\\\/\",\"name\":\"Wilhelm Hundt GmbH\",\"description\":\"V\u00e1\u0161 \u0161pecialista na stroje a n\u00e1stroje na spracovanie plechu\",\"potentialAction\":[{\"@type\":\"SearchAction\",\"target\":{\"@type\":\"EntryPoint\",\"urlTemplate\":\"https:\\\/\\\/hundtgroup.com\\\/sk\\\/?s={search_term_string}\"},\"query-input\":{\"@type\":\"PropertyValueSpecification\",\"valueRequired\":true,\"valueName\":\"search_term_string\"}}],\"inLanguage\":\"sk-SK\"}]}<\/script>\n<!-- \/ Yoast SEO plugin. -->","yoast_head_json":{"title":"Up\u00ednacie \u010de\u013euste pre eBZ 2\/ eBZ 3 - Wilhelm Hundt GmbH","robots":{"index":"index","follow":"follow","max-snippet":"max-snippet:-1","max-image-preview":"max-image-preview:large","max-video-preview":"max-video-preview:-1"},"canonical":"https:\/\/hundtgroup.com\/sk\/produkt\/upinacie-celuste-pre-ebz-2-ebz-3\/","og_locale":"sk_SK","og_type":"article","og_title":"Up\u00ednacie \u010de\u013euste pre eBZ 2\/ eBZ 3 - Wilhelm Hundt GmbH","og_description":"S\u00faprava 3 dielov vhodn\u00e1 pre zariadenia: BZ121-123,BZ52, RIVDOM TWO, RIVDOM TWO 20V Rivdom eBZ 2 (4,0-6,4), RIVDOM TWO 2,8 20V (V1.2) Rivdom eBZ 3 (V1.2)","og_url":"https:\/\/hundtgroup.com\/sk\/produkt\/upinacie-celuste-pre-ebz-2-ebz-3\/","og_site_name":"Wilhelm Hundt GmbH","article_modified_time":"2025-08-06T06:47:59+00:00","og_image":[{"width":439,"height":324,"url":"https:\/\/hundtgroup.com\/wp-content\/uploads\/500303.png","type":"image\/png"}],"twitter_card":"summary_large_image","schema":{"@context":"https:\/\/schema.org","@graph":[{"@type":"WebPage","@id":"https:\/\/hundtgroup.com\/sk\/produkt\/upinacie-celuste-pre-ebz-2-ebz-3\/","url":"https:\/\/hundtgroup.com\/sk\/produkt\/upinacie-celuste-pre-ebz-2-ebz-3\/","name":"Up\u00ednacie \u010de\u013euste pre eBZ 2\/ eBZ 3 - Wilhelm Hundt GmbH","isPartOf":{"@id":"https:\/\/hundtgroup.com\/sk\/#website"},"primaryImageOfPage":{"@id":"https:\/\/hundtgroup.com\/sk\/produkt\/upinacie-celuste-pre-ebz-2-ebz-3\/#primaryimage"},"image":{"@id":"https:\/\/hundtgroup.com\/sk\/produkt\/upinacie-celuste-pre-ebz-2-ebz-3\/#primaryimage"},"thumbnailUrl":"https:\/\/hundtgroup.com\/wp-content\/uploads\/500303.png","datePublished":"2022-10-26T14:00:00+00:00","dateModified":"2025-08-06T06:47:59+00:00","breadcrumb":{"@id":"https:\/\/hundtgroup.com\/sk\/produkt\/upinacie-celuste-pre-ebz-2-ebz-3\/#breadcrumb"},"inLanguage":"sk-SK","potentialAction":[{"@type":"ReadAction","target":["https:\/\/hundtgroup.com\/sk\/produkt\/upinacie-celuste-pre-ebz-2-ebz-3\/"]}]},{"@type":"ImageObject","inLanguage":"sk-SK","@id":"https:\/\/hundtgroup.com\/sk\/produkt\/upinacie-celuste-pre-ebz-2-ebz-3\/#primaryimage","url":"https:\/\/hundtgroup.com\/wp-content\/uploads\/500303.png","contentUrl":"https:\/\/hundtgroup.com\/wp-content\/uploads\/500303.png","width":439,"height":324},{"@type":"BreadcrumbList","@id":"https:\/\/hundtgroup.com\/sk\/produkt\/upinacie-celuste-pre-ebz-2-ebz-3\/#breadcrumb","itemListElement":[{"@type":"ListItem","position":1,"name":"Startseite","item":"https:\/\/hundtgroup.com\/sk\/domov-nove\/"},{"@type":"ListItem","position":2,"name":"Obchod","item":"https:\/\/hundtgroup.com\/obchod\/"},{"@type":"ListItem","position":3,"name":"Up\u00ednacie \u010de\u013euste pre eBZ 2\/ eBZ 3"}]},{"@type":"WebSite","@id":"https:\/\/hundtgroup.com\/sk\/#website","url":"https:\/\/hundtgroup.com\/sk\/","name":"Wilhelm Hundt GmbH","description":"V\u00e1\u0161 \u0161pecialista na stroje a n\u00e1stroje na spracovanie plechu","potentialAction":[{"@type":"SearchAction","target":{"@type":"EntryPoint","urlTemplate":"https:\/\/hundtgroup.com\/sk\/?s={search_term_string}"},"query-input":{"@type":"PropertyValueSpecification","valueRequired":true,"valueName":"search_term_string"}}],"inLanguage":"sk-SK"}]}},"_links":{"self":[{"href":"https:\/\/hundtgroup.com\/sk\/wp-json\/wp\/v2\/product\/36977","targetHints":{"allow":["GET"]}}],"collection":[{"href":"https:\/\/hundtgroup.com\/sk\/wp-json\/wp\/v2\/product"}],"about":[{"href":"https:\/\/hundtgroup.com\/sk\/wp-json\/wp\/v2\/types\/product"}],"wp:featuredmedia":[{"embeddable":true,"href":"https:\/\/hundtgroup.com\/sk\/wp-json\/wp\/v2\/media\/35149"}],"wp:attachment":[{"href":"https:\/\/hundtgroup.com\/sk\/wp-json\/wp\/v2\/media?parent=36977"}],"wp:term":[{"taxonomy":"product_cat","embeddable":true,"href":"https:\/\/hundtgroup.com\/sk\/wp-json\/wp\/v2\/product_cat?post=36977"},{"taxonomy":"product_tag","embeddable":true,"href":"https:\/\/hundtgroup.com\/sk\/wp-json\/wp\/v2\/product_tag?post=36977"}],"curies":[{"name":"wp","href":"https:\/\/api.w.org\/{rel}","templated":true}]}}