{"id":37281,"date":"2025-06-18T18:31:33","date_gmt":"2025-06-18T16:31:33","guid":{"rendered":"https:\/\/hundtgroup.com\/produkt\/akumulatorova-priamociara-pila-bosch-gsa-18v-32\/"},"modified":"2025-07-29T14:28:25","modified_gmt":"2025-07-29T12:28:25","slug":"akumulatorova-priamociara-pila-bosch-gsa-18v-32","status":"publish","type":"product","link":"https:\/\/hundtgroup.com\/sk\/produkt\/akumulatorova-priamociara-pila-bosch-gsa-18v-32\/","title":{"rendered":"Akumul\u00e1torov\u00e1 priamo\u010diara p\u00edla Bosch GSA 18V-32"},"content":{"rendered":"<p>Jedine\u010dn\u00fd ergonomick\u00fd tvar rukov\u00e4te a mimoriadne dlh\u00fd sp\u00edna\u010d pre pr\u00e1cu bez \u00fanavy &#8211;<br \/>\naj nad hlavou alebo v stiesnen\u00fdch priestoroch, bezkefkov\u00fd motor, extr\u00e9mne n\u00edzke vibr\u00e1cie, SDS na jednoduch\u00fa a bezpe\u010dn\u00fa v\u00fdmenu p\u00edlov\u00e9ho listu<br \/>\n, variabiln\u00e1 predvo\u013eba reznej r\u00fdchlosti, nastavite\u013en\u00e1 p\u00e4tka na pln\u00e9 vyu\u017eitie p\u00edlov\u00e9ho listu.<\/p>\n","protected":false},"excerpt":{"rendered":"<p>Jedine\u010dn\u00fd ergonomick\u00fd tvar rukov\u00e4te a mimoriadne dlh\u00fd sp\u00edna\u010d pre pr\u00e1cu bez \u00fanavy &#8211; aj nad hlavou alebo v stiesnen\u00fdch priestoroch, bezkefkov\u00fd motor, extr\u00e9mne n\u00edzke vibr\u00e1cie, SDS na jednoduch\u00fa a bezpe\u010dn\u00fa v\u00fdmenu p\u00edlov\u00e9ho listu , variabiln\u00e1 predvo\u013eba reznej r\u00fdchlosti, nastavite\u013en\u00e1 p\u00e4tka na pln\u00e9 vyu\u017eitie p\u00edlov\u00e9ho listu.<\/p>\n","protected":false},"featured_media":35373,"template":"","meta":{"_acf_changed":false,"inline_featured_image":false},"product_cat":[644,2326],"product_tag":[],"class_list":{"0":"post-37281","1":"product","2":"type-product","3":"status-publish","4":"has-post-thumbnail","6":"brand-bosch","7":"product_cat-nastroje-na-baterie","8":"product_cat-razove-pily","10":"first","11":"instock","12":"taxable","13":"shipping-taxable","14":"purchasable","15":"product-type-simple","16":"add-to-wishlist-before_image"},"acf":[],"yoast_head":"<!-- This site is optimized with the Yoast SEO plugin v27.3 - https:\/\/yoast.com\/product\/yoast-seo-wordpress\/ -->\n<title>Akumul\u00e1torov\u00e1 priamo\u010diara p\u00edla Bosch GSA 18V-32 - Wilhelm Hundt GmbH<\/title>\n<meta name=\"robots\" content=\"index, follow, max-snippet:-1, max-image-preview:large, max-video-preview:-1\" \/>\n<link rel=\"canonical\" href=\"https:\/\/hundtgroup.com\/sk\/produkt\/akumulatorova-priamociara-pila-bosch-gsa-18v-32\/\" \/>\n<meta property=\"og:locale\" content=\"sk_SK\" \/>\n<meta property=\"og:type\" content=\"article\" \/>\n<meta property=\"og:title\" content=\"Akumul\u00e1torov\u00e1 priamo\u010diara p\u00edla Bosch GSA 18V-32 - Wilhelm Hundt GmbH\" \/>\n<meta property=\"og:description\" content=\"Jedine\u010dn\u00fd ergonomick\u00fd tvar rukov\u00e4te a mimoriadne dlh\u00fd sp\u00edna\u010d pre pr\u00e1cu bez \u00fanavy &#8211; aj nad hlavou alebo v stiesnen\u00fdch priestoroch, bezkefkov\u00fd motor, extr\u00e9mne n\u00edzke vibr\u00e1cie, SDS na jednoduch\u00fa a bezpe\u010dn\u00fa v\u00fdmenu p\u00edlov\u00e9ho listu , variabiln\u00e1 predvo\u013eba reznej r\u00fdchlosti, nastavite\u013en\u00e1 p\u00e4tka na pln\u00e9 vyu\u017eitie p\u00edlov\u00e9ho listu.\" \/>\n<meta property=\"og:url\" content=\"https:\/\/hundtgroup.com\/sk\/produkt\/akumulatorova-priamociara-pila-bosch-gsa-18v-32\/\" \/>\n<meta property=\"og:site_name\" content=\"Wilhelm Hundt GmbH\" \/>\n<meta property=\"article:modified_time\" content=\"2025-07-29T12:28:25+00:00\" \/>\n<meta property=\"og:image\" content=\"https:\/\/hundtgroup.com\/wp-content\/uploads\/341187.jpg\" \/>\n\t<meta property=\"og:image:width\" content=\"520\" \/>\n\t<meta property=\"og:image:height\" content=\"520\" \/>\n\t<meta property=\"og:image:type\" content=\"image\/jpeg\" \/>\n<meta name=\"twitter:card\" content=\"summary_large_image\" \/>\n<script type=\"application\/ld+json\" class=\"yoast-schema-graph\">{\"@context\":\"https:\\\/\\\/schema.org\",\"@graph\":[{\"@type\":\"WebPage\",\"@id\":\"https:\\\/\\\/hundtgroup.com\\\/sk\\\/produkt\\\/akumulatorova-priamociara-pila-bosch-gsa-18v-32\\\/\",\"url\":\"https:\\\/\\\/hundtgroup.com\\\/sk\\\/produkt\\\/akumulatorova-priamociara-pila-bosch-gsa-18v-32\\\/\",\"name\":\"Akumul\u00e1torov\u00e1 priamo\u010diara p\u00edla Bosch GSA 18V-32 - Wilhelm Hundt GmbH\",\"isPartOf\":{\"@id\":\"https:\\\/\\\/hundtgroup.com\\\/sk\\\/#website\"},\"primaryImageOfPage\":{\"@id\":\"https:\\\/\\\/hundtgroup.com\\\/sk\\\/produkt\\\/akumulatorova-priamociara-pila-bosch-gsa-18v-32\\\/#primaryimage\"},\"image\":{\"@id\":\"https:\\\/\\\/hundtgroup.com\\\/sk\\\/produkt\\\/akumulatorova-priamociara-pila-bosch-gsa-18v-32\\\/#primaryimage\"},\"thumbnailUrl\":\"https:\\\/\\\/hundtgroup.com\\\/wp-content\\\/uploads\\\/341187.jpg\",\"datePublished\":\"2025-06-18T16:31:33+00:00\",\"dateModified\":\"2025-07-29T12:28:25+00:00\",\"breadcrumb\":{\"@id\":\"https:\\\/\\\/hundtgroup.com\\\/sk\\\/produkt\\\/akumulatorova-priamociara-pila-bosch-gsa-18v-32\\\/#breadcrumb\"},\"inLanguage\":\"sk-SK\",\"potentialAction\":[{\"@type\":\"ReadAction\",\"target\":[\"https:\\\/\\\/hundtgroup.com\\\/sk\\\/produkt\\\/akumulatorova-priamociara-pila-bosch-gsa-18v-32\\\/\"]}]},{\"@type\":\"ImageObject\",\"inLanguage\":\"sk-SK\",\"@id\":\"https:\\\/\\\/hundtgroup.com\\\/sk\\\/produkt\\\/akumulatorova-priamociara-pila-bosch-gsa-18v-32\\\/#primaryimage\",\"url\":\"https:\\\/\\\/hundtgroup.com\\\/wp-content\\\/uploads\\\/341187.jpg\",\"contentUrl\":\"https:\\\/\\\/hundtgroup.com\\\/wp-content\\\/uploads\\\/341187.jpg\",\"width\":520,\"height\":520},{\"@type\":\"BreadcrumbList\",\"@id\":\"https:\\\/\\\/hundtgroup.com\\\/sk\\\/produkt\\\/akumulatorova-priamociara-pila-bosch-gsa-18v-32\\\/#breadcrumb\",\"itemListElement\":[{\"@type\":\"ListItem\",\"position\":1,\"name\":\"Startseite\",\"item\":\"https:\\\/\\\/hundtgroup.com\\\/sk\\\/domov-nove\\\/\"},{\"@type\":\"ListItem\",\"position\":2,\"name\":\"Obchod\",\"item\":\"https:\\\/\\\/hundtgroup.com\\\/obchod\\\/\"},{\"@type\":\"ListItem\",\"position\":3,\"name\":\"Akumul\u00e1torov\u00e1 priamo\u010diara p\u00edla Bosch GSA 18V-32\"}]},{\"@type\":\"WebSite\",\"@id\":\"https:\\\/\\\/hundtgroup.com\\\/sk\\\/#website\",\"url\":\"https:\\\/\\\/hundtgroup.com\\\/sk\\\/\",\"name\":\"Wilhelm Hundt GmbH\",\"description\":\"V\u00e1\u0161 \u0161pecialista na stroje a n\u00e1stroje na spracovanie plechu\",\"potentialAction\":[{\"@type\":\"SearchAction\",\"target\":{\"@type\":\"EntryPoint\",\"urlTemplate\":\"https:\\\/\\\/hundtgroup.com\\\/sk\\\/?s={search_term_string}\"},\"query-input\":{\"@type\":\"PropertyValueSpecification\",\"valueRequired\":true,\"valueName\":\"search_term_string\"}}],\"inLanguage\":\"sk-SK\"}]}<\/script>\n<!-- \/ Yoast SEO plugin. -->","yoast_head_json":{"title":"Akumul\u00e1torov\u00e1 priamo\u010diara p\u00edla Bosch GSA 18V-32 - Wilhelm Hundt GmbH","robots":{"index":"index","follow":"follow","max-snippet":"max-snippet:-1","max-image-preview":"max-image-preview:large","max-video-preview":"max-video-preview:-1"},"canonical":"https:\/\/hundtgroup.com\/sk\/produkt\/akumulatorova-priamociara-pila-bosch-gsa-18v-32\/","og_locale":"sk_SK","og_type":"article","og_title":"Akumul\u00e1torov\u00e1 priamo\u010diara p\u00edla Bosch GSA 18V-32 - Wilhelm Hundt GmbH","og_description":"Jedine\u010dn\u00fd ergonomick\u00fd tvar rukov\u00e4te a mimoriadne dlh\u00fd sp\u00edna\u010d pre pr\u00e1cu bez \u00fanavy &#8211; aj nad hlavou alebo v stiesnen\u00fdch priestoroch, bezkefkov\u00fd motor, extr\u00e9mne n\u00edzke vibr\u00e1cie, SDS na jednoduch\u00fa a bezpe\u010dn\u00fa v\u00fdmenu p\u00edlov\u00e9ho listu , variabiln\u00e1 predvo\u013eba reznej r\u00fdchlosti, nastavite\u013en\u00e1 p\u00e4tka na pln\u00e9 vyu\u017eitie p\u00edlov\u00e9ho listu.","og_url":"https:\/\/hundtgroup.com\/sk\/produkt\/akumulatorova-priamociara-pila-bosch-gsa-18v-32\/","og_site_name":"Wilhelm Hundt GmbH","article_modified_time":"2025-07-29T12:28:25+00:00","og_image":[{"width":520,"height":520,"url":"https:\/\/hundtgroup.com\/wp-content\/uploads\/341187.jpg","type":"image\/jpeg"}],"twitter_card":"summary_large_image","schema":{"@context":"https:\/\/schema.org","@graph":[{"@type":"WebPage","@id":"https:\/\/hundtgroup.com\/sk\/produkt\/akumulatorova-priamociara-pila-bosch-gsa-18v-32\/","url":"https:\/\/hundtgroup.com\/sk\/produkt\/akumulatorova-priamociara-pila-bosch-gsa-18v-32\/","name":"Akumul\u00e1torov\u00e1 priamo\u010diara p\u00edla Bosch GSA 18V-32 - Wilhelm Hundt GmbH","isPartOf":{"@id":"https:\/\/hundtgroup.com\/sk\/#website"},"primaryImageOfPage":{"@id":"https:\/\/hundtgroup.com\/sk\/produkt\/akumulatorova-priamociara-pila-bosch-gsa-18v-32\/#primaryimage"},"image":{"@id":"https:\/\/hundtgroup.com\/sk\/produkt\/akumulatorova-priamociara-pila-bosch-gsa-18v-32\/#primaryimage"},"thumbnailUrl":"https:\/\/hundtgroup.com\/wp-content\/uploads\/341187.jpg","datePublished":"2025-06-18T16:31:33+00:00","dateModified":"2025-07-29T12:28:25+00:00","breadcrumb":{"@id":"https:\/\/hundtgroup.com\/sk\/produkt\/akumulatorova-priamociara-pila-bosch-gsa-18v-32\/#breadcrumb"},"inLanguage":"sk-SK","potentialAction":[{"@type":"ReadAction","target":["https:\/\/hundtgroup.com\/sk\/produkt\/akumulatorova-priamociara-pila-bosch-gsa-18v-32\/"]}]},{"@type":"ImageObject","inLanguage":"sk-SK","@id":"https:\/\/hundtgroup.com\/sk\/produkt\/akumulatorova-priamociara-pila-bosch-gsa-18v-32\/#primaryimage","url":"https:\/\/hundtgroup.com\/wp-content\/uploads\/341187.jpg","contentUrl":"https:\/\/hundtgroup.com\/wp-content\/uploads\/341187.jpg","width":520,"height":520},{"@type":"BreadcrumbList","@id":"https:\/\/hundtgroup.com\/sk\/produkt\/akumulatorova-priamociara-pila-bosch-gsa-18v-32\/#breadcrumb","itemListElement":[{"@type":"ListItem","position":1,"name":"Startseite","item":"https:\/\/hundtgroup.com\/sk\/domov-nove\/"},{"@type":"ListItem","position":2,"name":"Obchod","item":"https:\/\/hundtgroup.com\/obchod\/"},{"@type":"ListItem","position":3,"name":"Akumul\u00e1torov\u00e1 priamo\u010diara p\u00edla Bosch GSA 18V-32"}]},{"@type":"WebSite","@id":"https:\/\/hundtgroup.com\/sk\/#website","url":"https:\/\/hundtgroup.com\/sk\/","name":"Wilhelm Hundt GmbH","description":"V\u00e1\u0161 \u0161pecialista na stroje a n\u00e1stroje na spracovanie plechu","potentialAction":[{"@type":"SearchAction","target":{"@type":"EntryPoint","urlTemplate":"https:\/\/hundtgroup.com\/sk\/?s={search_term_string}"},"query-input":{"@type":"PropertyValueSpecification","valueRequired":true,"valueName":"search_term_string"}}],"inLanguage":"sk-SK"}]}},"_links":{"self":[{"href":"https:\/\/hundtgroup.com\/sk\/wp-json\/wp\/v2\/product\/37281","targetHints":{"allow":["GET"]}}],"collection":[{"href":"https:\/\/hundtgroup.com\/sk\/wp-json\/wp\/v2\/product"}],"about":[{"href":"https:\/\/hundtgroup.com\/sk\/wp-json\/wp\/v2\/types\/product"}],"wp:featuredmedia":[{"embeddable":true,"href":"https:\/\/hundtgroup.com\/sk\/wp-json\/wp\/v2\/media\/35373"}],"wp:attachment":[{"href":"https:\/\/hundtgroup.com\/sk\/wp-json\/wp\/v2\/media?parent=37281"}],"wp:term":[{"taxonomy":"product_cat","embeddable":true,"href":"https:\/\/hundtgroup.com\/sk\/wp-json\/wp\/v2\/product_cat?post=37281"},{"taxonomy":"product_tag","embeddable":true,"href":"https:\/\/hundtgroup.com\/sk\/wp-json\/wp\/v2\/product_tag?post=37281"}],"curies":[{"name":"wp","href":"https:\/\/api.w.org\/{rel}","templated":true}]}}