{"id":37330,"date":"2025-06-18T18:31:36","date_gmt":"2025-06-18T16:31:36","guid":{"rendered":"https:\/\/hundtgroup.com\/produkt\/vrtacka-makita-dp2010j\/"},"modified":"2025-07-28T16:43:18","modified_gmt":"2025-07-28T14:43:18","slug":"vrtacka-makita-dp2010j","status":"publish","type":"product","link":"https:\/\/hundtgroup.com\/sk\/produkt\/vrtacka-makita-dp2010j\/","title":{"rendered":"V\u0155ta\u010dka Makita DP2010J"},"content":{"rendered":"<p>Kompaktn\u00e1 vysokor\u00fdchlostn\u00e1 v\u0155ta\u010dka s v\u00fdkonom 370 W. Zariadenie m\u00e1 variabiln\u00e9 ot\u00e1\u010dky od 0 do 4200 ot\/min a je ide\u00e1lne pre mont\u00e1\u017enikov klimatiza\u010dn\u00fdch syst\u00e9mov na v\u0155tanie mal\u00fdch priemerov otvorov, napr. pre slep\u00e9 nity. S prstencov\u00fdm sk\u013eu\u010dovadlom so \u0161\u00edrkou upnutia od 0,5 do 6,5 mm.  <\/p>\n","protected":false},"excerpt":{"rendered":"<p>Kompaktn\u00e1 vysokor\u00fdchlostn\u00e1 v\u0155ta\u010dka s v\u00fdkonom 370 W. Zariadenie m\u00e1 variabiln\u00e9 ot\u00e1\u010dky od 0 do 4200 ot\/min a je ide\u00e1lne pre mont\u00e1\u017enikov klimatiza\u010dn\u00fdch syst\u00e9mov na v\u0155tanie mal\u00fdch priemerov otvorov, napr. pre slep\u00e9 nity. S prstencov\u00fdm sk\u013eu\u010dovadlom so \u0161\u00edrkou upnutia od 0,5 do 6,5 mm.<\/p>\n","protected":false},"featured_media":35317,"template":"","meta":{"_acf_changed":false,"inline_featured_image":false},"product_cat":[656,2330],"product_tag":[],"class_list":{"0":"post-37330","1":"product","2":"type-product","3":"status-publish","4":"has-post-thumbnail","6":"brand-makita","7":"product_cat-elektricke-naradie","8":"product_cat-vrtacka-sk","10":"first","11":"instock","12":"taxable","13":"shipping-taxable","14":"purchasable","15":"product-type-simple","16":"add-to-wishlist-before_image"},"acf":[],"yoast_head":"<!-- This site is optimized with the Yoast SEO plugin v27.3 - https:\/\/yoast.com\/product\/yoast-seo-wordpress\/ -->\n<title>V\u0155ta\u010dka Makita DP2010J - Wilhelm Hundt GmbH<\/title>\n<meta name=\"robots\" content=\"index, follow, max-snippet:-1, max-image-preview:large, max-video-preview:-1\" \/>\n<link rel=\"canonical\" href=\"https:\/\/hundtgroup.com\/sk\/produkt\/vrtacka-makita-dp2010j\/\" \/>\n<meta property=\"og:locale\" content=\"sk_SK\" \/>\n<meta property=\"og:type\" content=\"article\" \/>\n<meta property=\"og:title\" content=\"V\u0155ta\u010dka Makita DP2010J - Wilhelm Hundt GmbH\" \/>\n<meta property=\"og:description\" content=\"Kompaktn\u00e1 vysokor\u00fdchlostn\u00e1 v\u0155ta\u010dka s v\u00fdkonom 370 W. Zariadenie m\u00e1 variabiln\u00e9 ot\u00e1\u010dky od 0 do 4200 ot\/min a je ide\u00e1lne pre mont\u00e1\u017enikov klimatiza\u010dn\u00fdch syst\u00e9mov na v\u0155tanie mal\u00fdch priemerov otvorov, napr. pre slep\u00e9 nity. S prstencov\u00fdm sk\u013eu\u010dovadlom so \u0161\u00edrkou upnutia od 0,5 do 6,5 mm.\" \/>\n<meta property=\"og:url\" content=\"https:\/\/hundtgroup.com\/sk\/produkt\/vrtacka-makita-dp2010j\/\" \/>\n<meta property=\"og:site_name\" content=\"Wilhelm Hundt GmbH\" \/>\n<meta property=\"article:modified_time\" content=\"2025-07-28T14:43:18+00:00\" \/>\n<meta property=\"og:image\" content=\"https:\/\/hundtgroup.com\/wp-content\/uploads\/316501.jpg\" \/>\n\t<meta property=\"og:image:width\" content=\"1000\" \/>\n\t<meta property=\"og:image:height\" content=\"952\" \/>\n\t<meta property=\"og:image:type\" content=\"image\/jpeg\" \/>\n<meta name=\"twitter:card\" content=\"summary_large_image\" \/>\n<script type=\"application\/ld+json\" class=\"yoast-schema-graph\">{\"@context\":\"https:\\\/\\\/schema.org\",\"@graph\":[{\"@type\":\"WebPage\",\"@id\":\"https:\\\/\\\/hundtgroup.com\\\/sk\\\/produkt\\\/vrtacka-makita-dp2010j\\\/\",\"url\":\"https:\\\/\\\/hundtgroup.com\\\/sk\\\/produkt\\\/vrtacka-makita-dp2010j\\\/\",\"name\":\"V\u0155ta\u010dka Makita DP2010J - Wilhelm Hundt GmbH\",\"isPartOf\":{\"@id\":\"https:\\\/\\\/hundtgroup.com\\\/sk\\\/#website\"},\"primaryImageOfPage\":{\"@id\":\"https:\\\/\\\/hundtgroup.com\\\/sk\\\/produkt\\\/vrtacka-makita-dp2010j\\\/#primaryimage\"},\"image\":{\"@id\":\"https:\\\/\\\/hundtgroup.com\\\/sk\\\/produkt\\\/vrtacka-makita-dp2010j\\\/#primaryimage\"},\"thumbnailUrl\":\"https:\\\/\\\/hundtgroup.com\\\/wp-content\\\/uploads\\\/316501.jpg\",\"datePublished\":\"2025-06-18T16:31:36+00:00\",\"dateModified\":\"2025-07-28T14:43:18+00:00\",\"breadcrumb\":{\"@id\":\"https:\\\/\\\/hundtgroup.com\\\/sk\\\/produkt\\\/vrtacka-makita-dp2010j\\\/#breadcrumb\"},\"inLanguage\":\"sk-SK\",\"potentialAction\":[{\"@type\":\"ReadAction\",\"target\":[\"https:\\\/\\\/hundtgroup.com\\\/sk\\\/produkt\\\/vrtacka-makita-dp2010j\\\/\"]}]},{\"@type\":\"ImageObject\",\"inLanguage\":\"sk-SK\",\"@id\":\"https:\\\/\\\/hundtgroup.com\\\/sk\\\/produkt\\\/vrtacka-makita-dp2010j\\\/#primaryimage\",\"url\":\"https:\\\/\\\/hundtgroup.com\\\/wp-content\\\/uploads\\\/316501.jpg\",\"contentUrl\":\"https:\\\/\\\/hundtgroup.com\\\/wp-content\\\/uploads\\\/316501.jpg\",\"width\":1000,\"height\":952},{\"@type\":\"BreadcrumbList\",\"@id\":\"https:\\\/\\\/hundtgroup.com\\\/sk\\\/produkt\\\/vrtacka-makita-dp2010j\\\/#breadcrumb\",\"itemListElement\":[{\"@type\":\"ListItem\",\"position\":1,\"name\":\"Startseite\",\"item\":\"https:\\\/\\\/hundtgroup.com\\\/sk\\\/domov-nove\\\/\"},{\"@type\":\"ListItem\",\"position\":2,\"name\":\"Obchod\",\"item\":\"https:\\\/\\\/hundtgroup.com\\\/obchod\\\/\"},{\"@type\":\"ListItem\",\"position\":3,\"name\":\"V\u0155ta\u010dka Makita DP2010J\"}]},{\"@type\":\"WebSite\",\"@id\":\"https:\\\/\\\/hundtgroup.com\\\/sk\\\/#website\",\"url\":\"https:\\\/\\\/hundtgroup.com\\\/sk\\\/\",\"name\":\"Wilhelm Hundt GmbH\",\"description\":\"V\u00e1\u0161 \u0161pecialista na stroje a n\u00e1stroje na spracovanie plechu\",\"potentialAction\":[{\"@type\":\"SearchAction\",\"target\":{\"@type\":\"EntryPoint\",\"urlTemplate\":\"https:\\\/\\\/hundtgroup.com\\\/sk\\\/?s={search_term_string}\"},\"query-input\":{\"@type\":\"PropertyValueSpecification\",\"valueRequired\":true,\"valueName\":\"search_term_string\"}}],\"inLanguage\":\"sk-SK\"}]}<\/script>\n<!-- \/ Yoast SEO plugin. -->","yoast_head_json":{"title":"V\u0155ta\u010dka Makita DP2010J - Wilhelm Hundt GmbH","robots":{"index":"index","follow":"follow","max-snippet":"max-snippet:-1","max-image-preview":"max-image-preview:large","max-video-preview":"max-video-preview:-1"},"canonical":"https:\/\/hundtgroup.com\/sk\/produkt\/vrtacka-makita-dp2010j\/","og_locale":"sk_SK","og_type":"article","og_title":"V\u0155ta\u010dka Makita DP2010J - Wilhelm Hundt GmbH","og_description":"Kompaktn\u00e1 vysokor\u00fdchlostn\u00e1 v\u0155ta\u010dka s v\u00fdkonom 370 W. Zariadenie m\u00e1 variabiln\u00e9 ot\u00e1\u010dky od 0 do 4200 ot\/min a je ide\u00e1lne pre mont\u00e1\u017enikov klimatiza\u010dn\u00fdch syst\u00e9mov na v\u0155tanie mal\u00fdch priemerov otvorov, napr. pre slep\u00e9 nity. S prstencov\u00fdm sk\u013eu\u010dovadlom so \u0161\u00edrkou upnutia od 0,5 do 6,5 mm.","og_url":"https:\/\/hundtgroup.com\/sk\/produkt\/vrtacka-makita-dp2010j\/","og_site_name":"Wilhelm Hundt GmbH","article_modified_time":"2025-07-28T14:43:18+00:00","og_image":[{"width":1000,"height":952,"url":"https:\/\/hundtgroup.com\/wp-content\/uploads\/316501.jpg","type":"image\/jpeg"}],"twitter_card":"summary_large_image","schema":{"@context":"https:\/\/schema.org","@graph":[{"@type":"WebPage","@id":"https:\/\/hundtgroup.com\/sk\/produkt\/vrtacka-makita-dp2010j\/","url":"https:\/\/hundtgroup.com\/sk\/produkt\/vrtacka-makita-dp2010j\/","name":"V\u0155ta\u010dka Makita DP2010J - Wilhelm Hundt GmbH","isPartOf":{"@id":"https:\/\/hundtgroup.com\/sk\/#website"},"primaryImageOfPage":{"@id":"https:\/\/hundtgroup.com\/sk\/produkt\/vrtacka-makita-dp2010j\/#primaryimage"},"image":{"@id":"https:\/\/hundtgroup.com\/sk\/produkt\/vrtacka-makita-dp2010j\/#primaryimage"},"thumbnailUrl":"https:\/\/hundtgroup.com\/wp-content\/uploads\/316501.jpg","datePublished":"2025-06-18T16:31:36+00:00","dateModified":"2025-07-28T14:43:18+00:00","breadcrumb":{"@id":"https:\/\/hundtgroup.com\/sk\/produkt\/vrtacka-makita-dp2010j\/#breadcrumb"},"inLanguage":"sk-SK","potentialAction":[{"@type":"ReadAction","target":["https:\/\/hundtgroup.com\/sk\/produkt\/vrtacka-makita-dp2010j\/"]}]},{"@type":"ImageObject","inLanguage":"sk-SK","@id":"https:\/\/hundtgroup.com\/sk\/produkt\/vrtacka-makita-dp2010j\/#primaryimage","url":"https:\/\/hundtgroup.com\/wp-content\/uploads\/316501.jpg","contentUrl":"https:\/\/hundtgroup.com\/wp-content\/uploads\/316501.jpg","width":1000,"height":952},{"@type":"BreadcrumbList","@id":"https:\/\/hundtgroup.com\/sk\/produkt\/vrtacka-makita-dp2010j\/#breadcrumb","itemListElement":[{"@type":"ListItem","position":1,"name":"Startseite","item":"https:\/\/hundtgroup.com\/sk\/domov-nove\/"},{"@type":"ListItem","position":2,"name":"Obchod","item":"https:\/\/hundtgroup.com\/obchod\/"},{"@type":"ListItem","position":3,"name":"V\u0155ta\u010dka Makita DP2010J"}]},{"@type":"WebSite","@id":"https:\/\/hundtgroup.com\/sk\/#website","url":"https:\/\/hundtgroup.com\/sk\/","name":"Wilhelm Hundt GmbH","description":"V\u00e1\u0161 \u0161pecialista na stroje a n\u00e1stroje na spracovanie plechu","potentialAction":[{"@type":"SearchAction","target":{"@type":"EntryPoint","urlTemplate":"https:\/\/hundtgroup.com\/sk\/?s={search_term_string}"},"query-input":{"@type":"PropertyValueSpecification","valueRequired":true,"valueName":"search_term_string"}}],"inLanguage":"sk-SK"}]}},"_links":{"self":[{"href":"https:\/\/hundtgroup.com\/sk\/wp-json\/wp\/v2\/product\/37330","targetHints":{"allow":["GET"]}}],"collection":[{"href":"https:\/\/hundtgroup.com\/sk\/wp-json\/wp\/v2\/product"}],"about":[{"href":"https:\/\/hundtgroup.com\/sk\/wp-json\/wp\/v2\/types\/product"}],"wp:featuredmedia":[{"embeddable":true,"href":"https:\/\/hundtgroup.com\/sk\/wp-json\/wp\/v2\/media\/35317"}],"wp:attachment":[{"href":"https:\/\/hundtgroup.com\/sk\/wp-json\/wp\/v2\/media?parent=37330"}],"wp:term":[{"taxonomy":"product_cat","embeddable":true,"href":"https:\/\/hundtgroup.com\/sk\/wp-json\/wp\/v2\/product_cat?post=37330"},{"taxonomy":"product_tag","embeddable":true,"href":"https:\/\/hundtgroup.com\/sk\/wp-json\/wp\/v2\/product_tag?post=37330"}],"curies":[{"name":"wp","href":"https:\/\/api.w.org\/{rel}","templated":true}]}}