{"id":39691,"date":"2025-09-19T21:29:18","date_gmt":"2025-09-19T19:29:18","guid":{"rendered":"https:\/\/hundtgroup.com\/?post_type=product&#038;p=39691"},"modified":"2025-09-19T21:36:40","modified_gmt":"2025-09-19T19:36:40","slug":"akumulatorova-vrtacka-bosch-gsr-12-v-15-20-ah-kopie-2","status":"publish","type":"product","link":"https:\/\/hundtgroup.com\/sk\/produkt\/akumulatorova-vrtacka-bosch-gsr-12-v-15-20-ah-kopie-2\/","title":{"rendered":"Akumul\u00e1torov\u00e1 v\u0155ta\u010dka Bosch GSR 12 V-15 2,0 Ah (Kopie)"},"content":{"rendered":"<p>\u0160ikovn\u00fd agreg\u00e1t: s d\u013a\u017ekou 169 mm, extr\u00e9mne kr\u00e1tka kon\u0161trukcia pre optim\u00e1lnu manipul\u00e1ciu<br \/>\n, najm\u00e4 pri v\u0155tan\u00ed a skrutkovan\u00ed nad hlavou a<br \/>\nv stiesnen\u00fdch priestoroch, pln\u00e9 10 mm sk\u013eu\u010dovadlo Auto-Lock, 2-stup\u0148ov\u00e1 prevodovka pre siln\u00fd kr\u00fatiaci moment pri v\u0155tan\u00ed a skrutkovan\u00ed.<\/p>\n","protected":false},"excerpt":{"rendered":"<p>\u0160ikovn\u00fd agreg\u00e1t: s d\u013a\u017ekou 169 mm, extr\u00e9mne kr\u00e1tka kon\u0161trukcia pre optim\u00e1lnu manipul\u00e1ciu , najm\u00e4 pri v\u0155tan\u00ed a skrutkovan\u00ed nad hlavou a v stiesnen\u00fdch priestoroch, pln\u00e9 10 mm sk\u013eu\u010dovadlo Auto-Lock, 2-stup\u0148ov\u00e1 prevodovka pre siln\u00fd kr\u00fatiaci moment pri v\u0155tan\u00ed a skrutkovan\u00ed.<\/p>\n","protected":false},"featured_media":39700,"template":"","meta":{"_acf_changed":false,"inline_featured_image":false},"product_cat":[2283,644,2247],"product_tag":[],"class_list":{"0":"post-39691","1":"product","2":"type-product","3":"status-publish","4":"has-post-thumbnail","6":"product_cat-novinky-sk","7":"product_cat-nastroje-na-baterie","8":"product_cat-vrtacka","10":"first","11":"instock","12":"taxable","13":"shipping-taxable","14":"purchasable","15":"product-type-simple","16":"add-to-wishlist-before_image"},"acf":[],"yoast_head":"<!-- This site is optimized with the Yoast SEO plugin v27.3 - https:\/\/yoast.com\/product\/yoast-seo-wordpress\/ -->\n<title>Akumul\u00e1torov\u00e1 v\u0155ta\u010dka Bosch GSR 12 V-15 2,0 Ah (Kopie) - Wilhelm Hundt GmbH<\/title>\n<meta name=\"robots\" content=\"index, follow, max-snippet:-1, max-image-preview:large, max-video-preview:-1\" \/>\n<link rel=\"canonical\" href=\"https:\/\/hundtgroup.com\/sk\/produkt\/akumulatorova-vrtacka-bosch-gsr-12-v-15-20-ah-kopie-2\/\" \/>\n<meta property=\"og:locale\" content=\"sk_SK\" \/>\n<meta property=\"og:type\" content=\"article\" \/>\n<meta property=\"og:title\" content=\"Akumul\u00e1torov\u00e1 v\u0155ta\u010dka Bosch GSR 12 V-15 2,0 Ah (Kopie) - Wilhelm Hundt GmbH\" \/>\n<meta property=\"og:description\" content=\"\u0160ikovn\u00fd agreg\u00e1t: s d\u013a\u017ekou 169 mm, extr\u00e9mne kr\u00e1tka kon\u0161trukcia pre optim\u00e1lnu manipul\u00e1ciu , najm\u00e4 pri v\u0155tan\u00ed a skrutkovan\u00ed nad hlavou a v stiesnen\u00fdch priestoroch, pln\u00e9 10 mm sk\u013eu\u010dovadlo Auto-Lock, 2-stup\u0148ov\u00e1 prevodovka pre siln\u00fd kr\u00fatiaci moment pri v\u0155tan\u00ed a skrutkovan\u00ed.\" \/>\n<meta property=\"og:url\" content=\"https:\/\/hundtgroup.com\/sk\/produkt\/akumulatorova-vrtacka-bosch-gsr-12-v-15-20-ah-kopie-2\/\" \/>\n<meta property=\"og:site_name\" content=\"Wilhelm Hundt GmbH\" \/>\n<meta property=\"article:modified_time\" content=\"2025-09-19T19:36:40+00:00\" \/>\n<meta property=\"og:image\" content=\"https:\/\/hundtgroup.com\/wp-content\/uploads\/GSR-12V-32-LA.jpg\" \/>\n\t<meta property=\"og:image:width\" content=\"816\" \/>\n\t<meta property=\"og:image:height\" content=\"764\" \/>\n\t<meta property=\"og:image:type\" content=\"image\/jpeg\" \/>\n<meta name=\"twitter:card\" content=\"summary_large_image\" \/>\n<script type=\"application\/ld+json\" class=\"yoast-schema-graph\">{\"@context\":\"https:\\\/\\\/schema.org\",\"@graph\":[{\"@type\":\"WebPage\",\"@id\":\"https:\\\/\\\/hundtgroup.com\\\/sk\\\/produkt\\\/akumulatorova-vrtacka-bosch-gsr-12-v-15-20-ah-kopie-2\\\/\",\"url\":\"https:\\\/\\\/hundtgroup.com\\\/sk\\\/produkt\\\/akumulatorova-vrtacka-bosch-gsr-12-v-15-20-ah-kopie-2\\\/\",\"name\":\"Akumul\u00e1torov\u00e1 v\u0155ta\u010dka Bosch GSR 12 V-15 2,0 Ah (Kopie) - Wilhelm Hundt GmbH\",\"isPartOf\":{\"@id\":\"https:\\\/\\\/hundtgroup.com\\\/sk\\\/#website\"},\"primaryImageOfPage\":{\"@id\":\"https:\\\/\\\/hundtgroup.com\\\/sk\\\/produkt\\\/akumulatorova-vrtacka-bosch-gsr-12-v-15-20-ah-kopie-2\\\/#primaryimage\"},\"image\":{\"@id\":\"https:\\\/\\\/hundtgroup.com\\\/sk\\\/produkt\\\/akumulatorova-vrtacka-bosch-gsr-12-v-15-20-ah-kopie-2\\\/#primaryimage\"},\"thumbnailUrl\":\"https:\\\/\\\/hundtgroup.com\\\/wp-content\\\/uploads\\\/GSR-12V-32-LA.jpg\",\"datePublished\":\"2025-09-19T19:29:18+00:00\",\"dateModified\":\"2025-09-19T19:36:40+00:00\",\"breadcrumb\":{\"@id\":\"https:\\\/\\\/hundtgroup.com\\\/sk\\\/produkt\\\/akumulatorova-vrtacka-bosch-gsr-12-v-15-20-ah-kopie-2\\\/#breadcrumb\"},\"inLanguage\":\"sk-SK\",\"potentialAction\":[{\"@type\":\"ReadAction\",\"target\":[\"https:\\\/\\\/hundtgroup.com\\\/sk\\\/produkt\\\/akumulatorova-vrtacka-bosch-gsr-12-v-15-20-ah-kopie-2\\\/\"]}]},{\"@type\":\"ImageObject\",\"inLanguage\":\"sk-SK\",\"@id\":\"https:\\\/\\\/hundtgroup.com\\\/sk\\\/produkt\\\/akumulatorova-vrtacka-bosch-gsr-12-v-15-20-ah-kopie-2\\\/#primaryimage\",\"url\":\"https:\\\/\\\/hundtgroup.com\\\/wp-content\\\/uploads\\\/GSR-12V-32-LA.jpg\",\"contentUrl\":\"https:\\\/\\\/hundtgroup.com\\\/wp-content\\\/uploads\\\/GSR-12V-32-LA.jpg\",\"width\":816,\"height\":764},{\"@type\":\"BreadcrumbList\",\"@id\":\"https:\\\/\\\/hundtgroup.com\\\/sk\\\/produkt\\\/akumulatorova-vrtacka-bosch-gsr-12-v-15-20-ah-kopie-2\\\/#breadcrumb\",\"itemListElement\":[{\"@type\":\"ListItem\",\"position\":1,\"name\":\"Startseite\",\"item\":\"https:\\\/\\\/hundtgroup.com\\\/sk\\\/domov-nove\\\/\"},{\"@type\":\"ListItem\",\"position\":2,\"name\":\"Obchod\",\"item\":\"https:\\\/\\\/hundtgroup.com\\\/obchod\\\/\"},{\"@type\":\"ListItem\",\"position\":3,\"name\":\"Akumul\u00e1torov\u00e1 v\u0155ta\u010dka Bosch GSR 12 V-15 2,0 Ah (Kopie)\"}]},{\"@type\":\"WebSite\",\"@id\":\"https:\\\/\\\/hundtgroup.com\\\/sk\\\/#website\",\"url\":\"https:\\\/\\\/hundtgroup.com\\\/sk\\\/\",\"name\":\"Wilhelm Hundt GmbH\",\"description\":\"V\u00e1\u0161 \u0161pecialista na stroje a n\u00e1stroje na spracovanie plechu\",\"potentialAction\":[{\"@type\":\"SearchAction\",\"target\":{\"@type\":\"EntryPoint\",\"urlTemplate\":\"https:\\\/\\\/hundtgroup.com\\\/sk\\\/?s={search_term_string}\"},\"query-input\":{\"@type\":\"PropertyValueSpecification\",\"valueRequired\":true,\"valueName\":\"search_term_string\"}}],\"inLanguage\":\"sk-SK\"}]}<\/script>\n<!-- \/ Yoast SEO plugin. -->","yoast_head_json":{"title":"Akumul\u00e1torov\u00e1 v\u0155ta\u010dka Bosch GSR 12 V-15 2,0 Ah (Kopie) - Wilhelm Hundt GmbH","robots":{"index":"index","follow":"follow","max-snippet":"max-snippet:-1","max-image-preview":"max-image-preview:large","max-video-preview":"max-video-preview:-1"},"canonical":"https:\/\/hundtgroup.com\/sk\/produkt\/akumulatorova-vrtacka-bosch-gsr-12-v-15-20-ah-kopie-2\/","og_locale":"sk_SK","og_type":"article","og_title":"Akumul\u00e1torov\u00e1 v\u0155ta\u010dka Bosch GSR 12 V-15 2,0 Ah (Kopie) - Wilhelm Hundt GmbH","og_description":"\u0160ikovn\u00fd agreg\u00e1t: s d\u013a\u017ekou 169 mm, extr\u00e9mne kr\u00e1tka kon\u0161trukcia pre optim\u00e1lnu manipul\u00e1ciu , najm\u00e4 pri v\u0155tan\u00ed a skrutkovan\u00ed nad hlavou a v stiesnen\u00fdch priestoroch, pln\u00e9 10 mm sk\u013eu\u010dovadlo Auto-Lock, 2-stup\u0148ov\u00e1 prevodovka pre siln\u00fd kr\u00fatiaci moment pri v\u0155tan\u00ed a skrutkovan\u00ed.","og_url":"https:\/\/hundtgroup.com\/sk\/produkt\/akumulatorova-vrtacka-bosch-gsr-12-v-15-20-ah-kopie-2\/","og_site_name":"Wilhelm Hundt GmbH","article_modified_time":"2025-09-19T19:36:40+00:00","og_image":[{"width":816,"height":764,"url":"https:\/\/hundtgroup.com\/wp-content\/uploads\/GSR-12V-32-LA.jpg","type":"image\/jpeg"}],"twitter_card":"summary_large_image","schema":{"@context":"https:\/\/schema.org","@graph":[{"@type":"WebPage","@id":"https:\/\/hundtgroup.com\/sk\/produkt\/akumulatorova-vrtacka-bosch-gsr-12-v-15-20-ah-kopie-2\/","url":"https:\/\/hundtgroup.com\/sk\/produkt\/akumulatorova-vrtacka-bosch-gsr-12-v-15-20-ah-kopie-2\/","name":"Akumul\u00e1torov\u00e1 v\u0155ta\u010dka Bosch GSR 12 V-15 2,0 Ah (Kopie) - Wilhelm Hundt GmbH","isPartOf":{"@id":"https:\/\/hundtgroup.com\/sk\/#website"},"primaryImageOfPage":{"@id":"https:\/\/hundtgroup.com\/sk\/produkt\/akumulatorova-vrtacka-bosch-gsr-12-v-15-20-ah-kopie-2\/#primaryimage"},"image":{"@id":"https:\/\/hundtgroup.com\/sk\/produkt\/akumulatorova-vrtacka-bosch-gsr-12-v-15-20-ah-kopie-2\/#primaryimage"},"thumbnailUrl":"https:\/\/hundtgroup.com\/wp-content\/uploads\/GSR-12V-32-LA.jpg","datePublished":"2025-09-19T19:29:18+00:00","dateModified":"2025-09-19T19:36:40+00:00","breadcrumb":{"@id":"https:\/\/hundtgroup.com\/sk\/produkt\/akumulatorova-vrtacka-bosch-gsr-12-v-15-20-ah-kopie-2\/#breadcrumb"},"inLanguage":"sk-SK","potentialAction":[{"@type":"ReadAction","target":["https:\/\/hundtgroup.com\/sk\/produkt\/akumulatorova-vrtacka-bosch-gsr-12-v-15-20-ah-kopie-2\/"]}]},{"@type":"ImageObject","inLanguage":"sk-SK","@id":"https:\/\/hundtgroup.com\/sk\/produkt\/akumulatorova-vrtacka-bosch-gsr-12-v-15-20-ah-kopie-2\/#primaryimage","url":"https:\/\/hundtgroup.com\/wp-content\/uploads\/GSR-12V-32-LA.jpg","contentUrl":"https:\/\/hundtgroup.com\/wp-content\/uploads\/GSR-12V-32-LA.jpg","width":816,"height":764},{"@type":"BreadcrumbList","@id":"https:\/\/hundtgroup.com\/sk\/produkt\/akumulatorova-vrtacka-bosch-gsr-12-v-15-20-ah-kopie-2\/#breadcrumb","itemListElement":[{"@type":"ListItem","position":1,"name":"Startseite","item":"https:\/\/hundtgroup.com\/sk\/domov-nove\/"},{"@type":"ListItem","position":2,"name":"Obchod","item":"https:\/\/hundtgroup.com\/obchod\/"},{"@type":"ListItem","position":3,"name":"Akumul\u00e1torov\u00e1 v\u0155ta\u010dka Bosch GSR 12 V-15 2,0 Ah (Kopie)"}]},{"@type":"WebSite","@id":"https:\/\/hundtgroup.com\/sk\/#website","url":"https:\/\/hundtgroup.com\/sk\/","name":"Wilhelm Hundt GmbH","description":"V\u00e1\u0161 \u0161pecialista na stroje a n\u00e1stroje na spracovanie plechu","potentialAction":[{"@type":"SearchAction","target":{"@type":"EntryPoint","urlTemplate":"https:\/\/hundtgroup.com\/sk\/?s={search_term_string}"},"query-input":{"@type":"PropertyValueSpecification","valueRequired":true,"valueName":"search_term_string"}}],"inLanguage":"sk-SK"}]}},"_links":{"self":[{"href":"https:\/\/hundtgroup.com\/sk\/wp-json\/wp\/v2\/product\/39691","targetHints":{"allow":["GET"]}}],"collection":[{"href":"https:\/\/hundtgroup.com\/sk\/wp-json\/wp\/v2\/product"}],"about":[{"href":"https:\/\/hundtgroup.com\/sk\/wp-json\/wp\/v2\/types\/product"}],"wp:featuredmedia":[{"embeddable":true,"href":"https:\/\/hundtgroup.com\/sk\/wp-json\/wp\/v2\/media\/39700"}],"wp:attachment":[{"href":"https:\/\/hundtgroup.com\/sk\/wp-json\/wp\/v2\/media?parent=39691"}],"wp:term":[{"taxonomy":"product_cat","embeddable":true,"href":"https:\/\/hundtgroup.com\/sk\/wp-json\/wp\/v2\/product_cat?post=39691"},{"taxonomy":"product_tag","embeddable":true,"href":"https:\/\/hundtgroup.com\/sk\/wp-json\/wp\/v2\/product_tag?post=39691"}],"curies":[{"name":"wp","href":"https:\/\/api.w.org\/{rel}","templated":true}]}}