{"id":40429,"date":"2026-01-28T10:17:44","date_gmt":"2026-01-28T09:17:44","guid":{"rendered":"https:\/\/hundtgroup.com\/produkt\/akumulatorova-priklepova-vrtacka-bosch-exsb18v-90-2x-40-ah\/"},"modified":"2026-01-28T10:17:44","modified_gmt":"2026-01-28T09:17:44","slug":"akumulatorova-priklepova-vrtacka-bosch-exsb18v-90-2x-40-ah","status":"publish","type":"product","link":"https:\/\/hundtgroup.com\/sk\/produkt\/akumulatorova-priklepova-vrtacka-bosch-exsb18v-90-2x-40-ah\/","title":{"rendered":"Akumul\u00e1torov\u00e1 pr\u00edklepov\u00e1 v\u0155ta\u010dka Bosch EXSB18V-90 2x 4,0 Ah"},"content":{"rendered":"<p>Optim\u00e1lna kombin\u00e1cia v\u00fdkonu, kompaktnosti a pokro\u010dilej ochrany\u00b9<br \/>\nV\u00fdkonn\u00fd v\u0161estrann\u00fd motor: V\u00fdkonn\u00fd bezkart\u00e1\u010dov\u00fd motor poskytuje vynikaj\u00faci v\u00fdkon s m\u00e4kk\u00fdm\/tvrd\u00fdm kr\u00fatiacim momentom 36\/65 Nm, 2 100 1\/min a 29.500 ot\/min na r\u00fdchlu a efekt\u00edvnu pr\u00e1cu v murive<br \/>\nKompaktn\u00fd v\u00fdkon: 175 mm dlh\u00e1 hlava a 13 mm kovov\u00e9 sk\u013eu\u010dovadlo pre v\u00e4\u010d\u0161iu robustnos\u0165 a lep\u0161\u00ed prenos kr\u00fatiaceho momentu<br \/>\nPokro\u010dil\u00e1 ochrana pou\u017e\u00edvate\u013ea: KickBack Control (zapnutie\/vypnutie) minimalizuje riziko poranenia t\u00fdm, \u017ee sa vypne, ak sa vrt\u00e1k zasekne<br \/>\nBezkonkuren\u010dn\u00e1 kontrola nad n\u00e1rad\u00edm: Presn\u00e1 spojka (zapnutie\/vypnutie) v pr\u00edpade potreby zastav\u00ed nadmern\u00e9 zablokovanie a d\u00e1va v\u00e1m mo\u017enos\u0165 nastavi\u0165 si n\u00e1radie pod\u013ea svojich po\u017eiadaviek.<\/p>\n","protected":false},"excerpt":{"rendered":"<p>Optim\u00e1lna kombin\u00e1cia v\u00fdkonu, kompaktnosti a pokro\u010dilej ochrany\u00b9 V\u00fdkonn\u00fd v\u0161estrann\u00fd motor: V\u00fdkonn\u00fd bezkart\u00e1\u010dov\u00fd motor poskytuje vynikaj\u00faci v\u00fdkon s m\u00e4kk\u00fdm\/tvrd\u00fdm kr\u00fatiacim momentom 36\/65 Nm, 2 100 1\/min a 29.500 ot\/min na r\u00fdchlu a efekt\u00edvnu pr\u00e1cu v murive Kompaktn\u00fd v\u00fdkon: 175 mm dlh\u00e1 hlava a 13 mm kovov\u00e9 sk\u013eu\u010dovadlo pre v\u00e4\u010d\u0161iu robustnos\u0165 a lep\u0161\u00ed prenos kr\u00fatiaceho momentu Pokro\u010dil\u00e1 [&hellip;]<\/p>\n","protected":false},"featured_media":40430,"template":"","meta":{"_acf_changed":false,"inline_featured_image":false},"product_cat":[3256,644],"product_tag":[],"class_list":{"0":"post-40429","1":"product","2":"type-product","3":"status-publish","4":"has-post-thumbnail","6":"brand-bosch-expert","7":"product_cat-priklepova-vrtacka","8":"product_cat-nastroje-na-baterie","10":"first","11":"instock","12":"taxable","13":"shipping-taxable","14":"purchasable","15":"product-type-simple","16":"add-to-wishlist-before_image"},"acf":[],"yoast_head":"<!-- This site is optimized with the Yoast SEO plugin v27.3 - https:\/\/yoast.com\/product\/yoast-seo-wordpress\/ -->\n<title>Akumul\u00e1torov\u00e1 pr\u00edklepov\u00e1 v\u0155ta\u010dka Bosch EXSB18V-90 2x 4,0 Ah - Wilhelm Hundt GmbH<\/title>\n<meta name=\"robots\" content=\"index, follow, max-snippet:-1, max-image-preview:large, max-video-preview:-1\" \/>\n<link rel=\"canonical\" href=\"https:\/\/hundtgroup.com\/sk\/produkt\/akumulatorova-priklepova-vrtacka-bosch-exsb18v-90-2x-40-ah\/\" \/>\n<meta property=\"og:locale\" content=\"sk_SK\" \/>\n<meta property=\"og:type\" content=\"article\" \/>\n<meta property=\"og:title\" content=\"Akumul\u00e1torov\u00e1 pr\u00edklepov\u00e1 v\u0155ta\u010dka Bosch EXSB18V-90 2x 4,0 Ah - Wilhelm Hundt GmbH\" \/>\n<meta property=\"og:description\" content=\"Optim\u00e1lna kombin\u00e1cia v\u00fdkonu, kompaktnosti a pokro\u010dilej ochrany\u00b9 V\u00fdkonn\u00fd v\u0161estrann\u00fd motor: V\u00fdkonn\u00fd bezkart\u00e1\u010dov\u00fd motor poskytuje vynikaj\u00faci v\u00fdkon s m\u00e4kk\u00fdm\/tvrd\u00fdm kr\u00fatiacim momentom 36\/65 Nm, 2 100 1\/min a 29.500 ot\/min na r\u00fdchlu a efekt\u00edvnu pr\u00e1cu v murive Kompaktn\u00fd v\u00fdkon: 175 mm dlh\u00e1 hlava a 13 mm kovov\u00e9 sk\u013eu\u010dovadlo pre v\u00e4\u010d\u0161iu robustnos\u0165 a lep\u0161\u00ed prenos kr\u00fatiaceho momentu Pokro\u010dil\u00e1 [&hellip;]\" \/>\n<meta property=\"og:url\" content=\"https:\/\/hundtgroup.com\/sk\/produkt\/akumulatorova-priklepova-vrtacka-bosch-exsb18v-90-2x-40-ah\/\" \/>\n<meta property=\"og:site_name\" content=\"Wilhelm Hundt GmbH\" \/>\n<meta property=\"og:image\" content=\"https:\/\/hundtgroup.com\/wp-content\/uploads\/340832.jpg\" \/>\n\t<meta property=\"og:image:width\" content=\"600\" \/>\n\t<meta property=\"og:image:height\" content=\"600\" \/>\n\t<meta property=\"og:image:type\" content=\"image\/jpeg\" \/>\n<meta name=\"twitter:card\" content=\"summary_large_image\" \/>\n<meta name=\"twitter:label1\" content=\"Predpokladan\u00fd \u010das \u010d\u00edtania\" \/>\n\t<meta name=\"twitter:data1\" content=\"1 min\u00fata\" \/>\n<script type=\"application\/ld+json\" class=\"yoast-schema-graph\">{\"@context\":\"https:\\\/\\\/schema.org\",\"@graph\":[{\"@type\":\"WebPage\",\"@id\":\"https:\\\/\\\/hundtgroup.com\\\/sk\\\/produkt\\\/akumulatorova-priklepova-vrtacka-bosch-exsb18v-90-2x-40-ah\\\/\",\"url\":\"https:\\\/\\\/hundtgroup.com\\\/sk\\\/produkt\\\/akumulatorova-priklepova-vrtacka-bosch-exsb18v-90-2x-40-ah\\\/\",\"name\":\"Akumul\u00e1torov\u00e1 pr\u00edklepov\u00e1 v\u0155ta\u010dka Bosch EXSB18V-90 2x 4,0 Ah - Wilhelm Hundt GmbH\",\"isPartOf\":{\"@id\":\"https:\\\/\\\/hundtgroup.com\\\/sk\\\/#website\"},\"primaryImageOfPage\":{\"@id\":\"https:\\\/\\\/hundtgroup.com\\\/sk\\\/produkt\\\/akumulatorova-priklepova-vrtacka-bosch-exsb18v-90-2x-40-ah\\\/#primaryimage\"},\"image\":{\"@id\":\"https:\\\/\\\/hundtgroup.com\\\/sk\\\/produkt\\\/akumulatorova-priklepova-vrtacka-bosch-exsb18v-90-2x-40-ah\\\/#primaryimage\"},\"thumbnailUrl\":\"https:\\\/\\\/hundtgroup.com\\\/wp-content\\\/uploads\\\/340832.jpg\",\"datePublished\":\"2026-01-28T09:17:44+00:00\",\"breadcrumb\":{\"@id\":\"https:\\\/\\\/hundtgroup.com\\\/sk\\\/produkt\\\/akumulatorova-priklepova-vrtacka-bosch-exsb18v-90-2x-40-ah\\\/#breadcrumb\"},\"inLanguage\":\"sk-SK\",\"potentialAction\":[{\"@type\":\"ReadAction\",\"target\":[\"https:\\\/\\\/hundtgroup.com\\\/sk\\\/produkt\\\/akumulatorova-priklepova-vrtacka-bosch-exsb18v-90-2x-40-ah\\\/\"]}]},{\"@type\":\"ImageObject\",\"inLanguage\":\"sk-SK\",\"@id\":\"https:\\\/\\\/hundtgroup.com\\\/sk\\\/produkt\\\/akumulatorova-priklepova-vrtacka-bosch-exsb18v-90-2x-40-ah\\\/#primaryimage\",\"url\":\"https:\\\/\\\/hundtgroup.com\\\/wp-content\\\/uploads\\\/340832.jpg\",\"contentUrl\":\"https:\\\/\\\/hundtgroup.com\\\/wp-content\\\/uploads\\\/340832.jpg\",\"width\":600,\"height\":600},{\"@type\":\"BreadcrumbList\",\"@id\":\"https:\\\/\\\/hundtgroup.com\\\/sk\\\/produkt\\\/akumulatorova-priklepova-vrtacka-bosch-exsb18v-90-2x-40-ah\\\/#breadcrumb\",\"itemListElement\":[{\"@type\":\"ListItem\",\"position\":1,\"name\":\"Startseite\",\"item\":\"https:\\\/\\\/hundtgroup.com\\\/sk\\\/domov-nove\\\/\"},{\"@type\":\"ListItem\",\"position\":2,\"name\":\"Obchod\",\"item\":\"https:\\\/\\\/hundtgroup.com\\\/obchod\\\/\"},{\"@type\":\"ListItem\",\"position\":3,\"name\":\"Akumul\u00e1torov\u00e1 pr\u00edklepov\u00e1 v\u0155ta\u010dka Bosch EXSB18V-90 2x 4,0 Ah\"}]},{\"@type\":\"WebSite\",\"@id\":\"https:\\\/\\\/hundtgroup.com\\\/sk\\\/#website\",\"url\":\"https:\\\/\\\/hundtgroup.com\\\/sk\\\/\",\"name\":\"Wilhelm Hundt GmbH\",\"description\":\"V\u00e1\u0161 \u0161pecialista na stroje a n\u00e1stroje na spracovanie plechu\",\"potentialAction\":[{\"@type\":\"SearchAction\",\"target\":{\"@type\":\"EntryPoint\",\"urlTemplate\":\"https:\\\/\\\/hundtgroup.com\\\/sk\\\/?s={search_term_string}\"},\"query-input\":{\"@type\":\"PropertyValueSpecification\",\"valueRequired\":true,\"valueName\":\"search_term_string\"}}],\"inLanguage\":\"sk-SK\"}]}<\/script>\n<!-- \/ Yoast SEO plugin. -->","yoast_head_json":{"title":"Akumul\u00e1torov\u00e1 pr\u00edklepov\u00e1 v\u0155ta\u010dka Bosch EXSB18V-90 2x 4,0 Ah - Wilhelm Hundt GmbH","robots":{"index":"index","follow":"follow","max-snippet":"max-snippet:-1","max-image-preview":"max-image-preview:large","max-video-preview":"max-video-preview:-1"},"canonical":"https:\/\/hundtgroup.com\/sk\/produkt\/akumulatorova-priklepova-vrtacka-bosch-exsb18v-90-2x-40-ah\/","og_locale":"sk_SK","og_type":"article","og_title":"Akumul\u00e1torov\u00e1 pr\u00edklepov\u00e1 v\u0155ta\u010dka Bosch EXSB18V-90 2x 4,0 Ah - Wilhelm Hundt GmbH","og_description":"Optim\u00e1lna kombin\u00e1cia v\u00fdkonu, kompaktnosti a pokro\u010dilej ochrany\u00b9 V\u00fdkonn\u00fd v\u0161estrann\u00fd motor: V\u00fdkonn\u00fd bezkart\u00e1\u010dov\u00fd motor poskytuje vynikaj\u00faci v\u00fdkon s m\u00e4kk\u00fdm\/tvrd\u00fdm kr\u00fatiacim momentom 36\/65 Nm, 2 100 1\/min a 29.500 ot\/min na r\u00fdchlu a efekt\u00edvnu pr\u00e1cu v murive Kompaktn\u00fd v\u00fdkon: 175 mm dlh\u00e1 hlava a 13 mm kovov\u00e9 sk\u013eu\u010dovadlo pre v\u00e4\u010d\u0161iu robustnos\u0165 a lep\u0161\u00ed prenos kr\u00fatiaceho momentu Pokro\u010dil\u00e1 [&hellip;]","og_url":"https:\/\/hundtgroup.com\/sk\/produkt\/akumulatorova-priklepova-vrtacka-bosch-exsb18v-90-2x-40-ah\/","og_site_name":"Wilhelm Hundt GmbH","og_image":[{"width":600,"height":600,"url":"https:\/\/hundtgroup.com\/wp-content\/uploads\/340832.jpg","type":"image\/jpeg"}],"twitter_card":"summary_large_image","twitter_misc":{"Predpokladan\u00fd \u010das \u010d\u00edtania":"1 min\u00fata"},"schema":{"@context":"https:\/\/schema.org","@graph":[{"@type":"WebPage","@id":"https:\/\/hundtgroup.com\/sk\/produkt\/akumulatorova-priklepova-vrtacka-bosch-exsb18v-90-2x-40-ah\/","url":"https:\/\/hundtgroup.com\/sk\/produkt\/akumulatorova-priklepova-vrtacka-bosch-exsb18v-90-2x-40-ah\/","name":"Akumul\u00e1torov\u00e1 pr\u00edklepov\u00e1 v\u0155ta\u010dka Bosch EXSB18V-90 2x 4,0 Ah - Wilhelm Hundt GmbH","isPartOf":{"@id":"https:\/\/hundtgroup.com\/sk\/#website"},"primaryImageOfPage":{"@id":"https:\/\/hundtgroup.com\/sk\/produkt\/akumulatorova-priklepova-vrtacka-bosch-exsb18v-90-2x-40-ah\/#primaryimage"},"image":{"@id":"https:\/\/hundtgroup.com\/sk\/produkt\/akumulatorova-priklepova-vrtacka-bosch-exsb18v-90-2x-40-ah\/#primaryimage"},"thumbnailUrl":"https:\/\/hundtgroup.com\/wp-content\/uploads\/340832.jpg","datePublished":"2026-01-28T09:17:44+00:00","breadcrumb":{"@id":"https:\/\/hundtgroup.com\/sk\/produkt\/akumulatorova-priklepova-vrtacka-bosch-exsb18v-90-2x-40-ah\/#breadcrumb"},"inLanguage":"sk-SK","potentialAction":[{"@type":"ReadAction","target":["https:\/\/hundtgroup.com\/sk\/produkt\/akumulatorova-priklepova-vrtacka-bosch-exsb18v-90-2x-40-ah\/"]}]},{"@type":"ImageObject","inLanguage":"sk-SK","@id":"https:\/\/hundtgroup.com\/sk\/produkt\/akumulatorova-priklepova-vrtacka-bosch-exsb18v-90-2x-40-ah\/#primaryimage","url":"https:\/\/hundtgroup.com\/wp-content\/uploads\/340832.jpg","contentUrl":"https:\/\/hundtgroup.com\/wp-content\/uploads\/340832.jpg","width":600,"height":600},{"@type":"BreadcrumbList","@id":"https:\/\/hundtgroup.com\/sk\/produkt\/akumulatorova-priklepova-vrtacka-bosch-exsb18v-90-2x-40-ah\/#breadcrumb","itemListElement":[{"@type":"ListItem","position":1,"name":"Startseite","item":"https:\/\/hundtgroup.com\/sk\/domov-nove\/"},{"@type":"ListItem","position":2,"name":"Obchod","item":"https:\/\/hundtgroup.com\/obchod\/"},{"@type":"ListItem","position":3,"name":"Akumul\u00e1torov\u00e1 pr\u00edklepov\u00e1 v\u0155ta\u010dka Bosch EXSB18V-90 2x 4,0 Ah"}]},{"@type":"WebSite","@id":"https:\/\/hundtgroup.com\/sk\/#website","url":"https:\/\/hundtgroup.com\/sk\/","name":"Wilhelm Hundt GmbH","description":"V\u00e1\u0161 \u0161pecialista na stroje a n\u00e1stroje na spracovanie plechu","potentialAction":[{"@type":"SearchAction","target":{"@type":"EntryPoint","urlTemplate":"https:\/\/hundtgroup.com\/sk\/?s={search_term_string}"},"query-input":{"@type":"PropertyValueSpecification","valueRequired":true,"valueName":"search_term_string"}}],"inLanguage":"sk-SK"}]}},"_links":{"self":[{"href":"https:\/\/hundtgroup.com\/sk\/wp-json\/wp\/v2\/product\/40429","targetHints":{"allow":["GET"]}}],"collection":[{"href":"https:\/\/hundtgroup.com\/sk\/wp-json\/wp\/v2\/product"}],"about":[{"href":"https:\/\/hundtgroup.com\/sk\/wp-json\/wp\/v2\/types\/product"}],"wp:featuredmedia":[{"embeddable":true,"href":"https:\/\/hundtgroup.com\/sk\/wp-json\/wp\/v2\/media\/40430"}],"wp:attachment":[{"href":"https:\/\/hundtgroup.com\/sk\/wp-json\/wp\/v2\/media?parent=40429"}],"wp:term":[{"taxonomy":"product_cat","embeddable":true,"href":"https:\/\/hundtgroup.com\/sk\/wp-json\/wp\/v2\/product_cat?post=40429"},{"taxonomy":"product_tag","embeddable":true,"href":"https:\/\/hundtgroup.com\/sk\/wp-json\/wp\/v2\/product_tag?post=40429"}],"curies":[{"name":"wp","href":"https:\/\/api.w.org\/{rel}","templated":true}]}}