{"id":40625,"date":"2026-01-28T10:17:57","date_gmt":"2026-01-28T09:17:57","guid":{"rendered":"https:\/\/hundtgroup.com\/produkt\/nabijacka-bosch-exal18v-160-expert\/"},"modified":"2026-01-28T10:17:57","modified_gmt":"2026-01-28T09:17:57","slug":"nabijacka-bosch-exal18v-160-expert","status":"publish","type":"product","link":"https:\/\/hundtgroup.com\/sk\/produkt\/nabijacka-bosch-exal18v-160-expert\/","title":{"rendered":"Nab\u00edja\u010dka Bosch EXAL18V-160 EXPERT"},"content":{"rendered":"<p>A\u017e 3-kr\u00e1t r\u00fdchlej\u0161\u00ed ako profesion\u00e1lny GAL 18V-40\u00b9<br \/>\nMimoriadne r\u00fdchle nab\u00edjanie: Plne nabije bat\u00e9riu EXBA18V-80 za 39 min\u00fat<br \/>\nUltra Speed Tech: Vysok\u00fd nab\u00edjac\u00ed pr\u00fad 16 A<br \/>\nMenej prestojov: Akt\u00edvne chladenie vzduchom 2.0 chlad\u00ed bat\u00e9rie, zatia\u013e \u010do nab\u00edjanie FlexTemp zvy\u0161uje teplotn\u00fd rozsah nab\u00edjania bat\u00e9ri\u00ed EXPERT<br \/>\n3 re\u017eimy nab\u00edjania: Standard, Power Boost a Long Life<\/p>\n","protected":false},"excerpt":{"rendered":"<p>A\u017e 3-kr\u00e1t r\u00fdchlej\u0161\u00ed ako profesion\u00e1lny GAL 18V-40\u00b9 Mimoriadne r\u00fdchle nab\u00edjanie: Plne nabije bat\u00e9riu EXBA18V-80 za 39 min\u00fat Ultra Speed Tech: Vysok\u00fd nab\u00edjac\u00ed pr\u00fad 16 A Menej prestojov: Akt\u00edvne chladenie vzduchom 2.0 chlad\u00ed bat\u00e9rie, zatia\u013e \u010do nab\u00edjanie FlexTemp zvy\u0161uje teplotn\u00fd rozsah nab\u00edjania bat\u00e9ri\u00ed EXPERT 3 re\u017eimy nab\u00edjania: Standard, Power Boost a Long Life<\/p>\n","protected":false},"featured_media":40627,"template":"","meta":{"_acf_changed":false,"inline_featured_image":false},"product_cat":[2332,2167],"product_tag":[],"class_list":{"0":"post-40625","1":"product","2":"type-product","3":"status-publish","4":"has-post-thumbnail","6":"brand-bosch-expert","7":"product_cat-nabijacka","8":"product_cat-baterie-elektricke-prislusenstvo","10":"first","11":"instock","12":"taxable","13":"shipping-taxable","14":"purchasable","15":"product-type-simple","16":"add-to-wishlist-before_image"},"acf":[],"yoast_head":"<!-- This site is optimized with the Yoast SEO plugin v27.3 - https:\/\/yoast.com\/product\/yoast-seo-wordpress\/ -->\n<title>Nab\u00edja\u010dka Bosch EXAL18V-160 EXPERT - Wilhelm Hundt GmbH<\/title>\n<meta name=\"robots\" content=\"index, follow, max-snippet:-1, max-image-preview:large, max-video-preview:-1\" \/>\n<link rel=\"canonical\" href=\"https:\/\/hundtgroup.com\/sk\/produkt\/nabijacka-bosch-exal18v-160-expert\/\" \/>\n<meta property=\"og:locale\" content=\"sk_SK\" \/>\n<meta property=\"og:type\" content=\"article\" \/>\n<meta property=\"og:title\" content=\"Nab\u00edja\u010dka Bosch EXAL18V-160 EXPERT - Wilhelm Hundt GmbH\" \/>\n<meta property=\"og:description\" content=\"A\u017e 3-kr\u00e1t r\u00fdchlej\u0161\u00ed ako profesion\u00e1lny GAL 18V-40\u00b9 Mimoriadne r\u00fdchle nab\u00edjanie: Plne nabije bat\u00e9riu EXBA18V-80 za 39 min\u00fat Ultra Speed Tech: Vysok\u00fd nab\u00edjac\u00ed pr\u00fad 16 A Menej prestojov: Akt\u00edvne chladenie vzduchom 2.0 chlad\u00ed bat\u00e9rie, zatia\u013e \u010do nab\u00edjanie FlexTemp zvy\u0161uje teplotn\u00fd rozsah nab\u00edjania bat\u00e9ri\u00ed EXPERT 3 re\u017eimy nab\u00edjania: Standard, Power Boost a Long Life\" \/>\n<meta property=\"og:url\" content=\"https:\/\/hundtgroup.com\/sk\/produkt\/nabijacka-bosch-exal18v-160-expert\/\" \/>\n<meta property=\"og:site_name\" content=\"Wilhelm Hundt GmbH\" \/>\n<meta property=\"og:image\" content=\"https:\/\/hundtgroup.com\/wp-content\/uploads\/340868.jpg\" \/>\n\t<meta property=\"og:image:width\" content=\"1188\" \/>\n\t<meta property=\"og:image:height\" content=\"905\" \/>\n\t<meta property=\"og:image:type\" content=\"image\/jpeg\" \/>\n<meta name=\"twitter:card\" content=\"summary_large_image\" \/>\n<script type=\"application\/ld+json\" class=\"yoast-schema-graph\">{\"@context\":\"https:\\\/\\\/schema.org\",\"@graph\":[{\"@type\":\"WebPage\",\"@id\":\"https:\\\/\\\/hundtgroup.com\\\/sk\\\/produkt\\\/nabijacka-bosch-exal18v-160-expert\\\/\",\"url\":\"https:\\\/\\\/hundtgroup.com\\\/sk\\\/produkt\\\/nabijacka-bosch-exal18v-160-expert\\\/\",\"name\":\"Nab\u00edja\u010dka Bosch EXAL18V-160 EXPERT - Wilhelm Hundt GmbH\",\"isPartOf\":{\"@id\":\"https:\\\/\\\/hundtgroup.com\\\/sk\\\/#website\"},\"primaryImageOfPage\":{\"@id\":\"https:\\\/\\\/hundtgroup.com\\\/sk\\\/produkt\\\/nabijacka-bosch-exal18v-160-expert\\\/#primaryimage\"},\"image\":{\"@id\":\"https:\\\/\\\/hundtgroup.com\\\/sk\\\/produkt\\\/nabijacka-bosch-exal18v-160-expert\\\/#primaryimage\"},\"thumbnailUrl\":\"https:\\\/\\\/hundtgroup.com\\\/wp-content\\\/uploads\\\/340868.jpg\",\"datePublished\":\"2026-01-28T09:17:57+00:00\",\"breadcrumb\":{\"@id\":\"https:\\\/\\\/hundtgroup.com\\\/sk\\\/produkt\\\/nabijacka-bosch-exal18v-160-expert\\\/#breadcrumb\"},\"inLanguage\":\"sk-SK\",\"potentialAction\":[{\"@type\":\"ReadAction\",\"target\":[\"https:\\\/\\\/hundtgroup.com\\\/sk\\\/produkt\\\/nabijacka-bosch-exal18v-160-expert\\\/\"]}]},{\"@type\":\"ImageObject\",\"inLanguage\":\"sk-SK\",\"@id\":\"https:\\\/\\\/hundtgroup.com\\\/sk\\\/produkt\\\/nabijacka-bosch-exal18v-160-expert\\\/#primaryimage\",\"url\":\"https:\\\/\\\/hundtgroup.com\\\/wp-content\\\/uploads\\\/340868.jpg\",\"contentUrl\":\"https:\\\/\\\/hundtgroup.com\\\/wp-content\\\/uploads\\\/340868.jpg\",\"width\":1188,\"height\":905},{\"@type\":\"BreadcrumbList\",\"@id\":\"https:\\\/\\\/hundtgroup.com\\\/sk\\\/produkt\\\/nabijacka-bosch-exal18v-160-expert\\\/#breadcrumb\",\"itemListElement\":[{\"@type\":\"ListItem\",\"position\":1,\"name\":\"Startseite\",\"item\":\"https:\\\/\\\/hundtgroup.com\\\/sk\\\/domov-nove\\\/\"},{\"@type\":\"ListItem\",\"position\":2,\"name\":\"Obchod\",\"item\":\"https:\\\/\\\/hundtgroup.com\\\/obchod\\\/\"},{\"@type\":\"ListItem\",\"position\":3,\"name\":\"Nab\u00edja\u010dka Bosch EXAL18V-160 EXPERT\"}]},{\"@type\":\"WebSite\",\"@id\":\"https:\\\/\\\/hundtgroup.com\\\/sk\\\/#website\",\"url\":\"https:\\\/\\\/hundtgroup.com\\\/sk\\\/\",\"name\":\"Wilhelm Hundt GmbH\",\"description\":\"V\u00e1\u0161 \u0161pecialista na stroje a n\u00e1stroje na spracovanie plechu\",\"potentialAction\":[{\"@type\":\"SearchAction\",\"target\":{\"@type\":\"EntryPoint\",\"urlTemplate\":\"https:\\\/\\\/hundtgroup.com\\\/sk\\\/?s={search_term_string}\"},\"query-input\":{\"@type\":\"PropertyValueSpecification\",\"valueRequired\":true,\"valueName\":\"search_term_string\"}}],\"inLanguage\":\"sk-SK\"}]}<\/script>\n<!-- \/ Yoast SEO plugin. -->","yoast_head_json":{"title":"Nab\u00edja\u010dka Bosch EXAL18V-160 EXPERT - Wilhelm Hundt GmbH","robots":{"index":"index","follow":"follow","max-snippet":"max-snippet:-1","max-image-preview":"max-image-preview:large","max-video-preview":"max-video-preview:-1"},"canonical":"https:\/\/hundtgroup.com\/sk\/produkt\/nabijacka-bosch-exal18v-160-expert\/","og_locale":"sk_SK","og_type":"article","og_title":"Nab\u00edja\u010dka Bosch EXAL18V-160 EXPERT - Wilhelm Hundt GmbH","og_description":"A\u017e 3-kr\u00e1t r\u00fdchlej\u0161\u00ed ako profesion\u00e1lny GAL 18V-40\u00b9 Mimoriadne r\u00fdchle nab\u00edjanie: Plne nabije bat\u00e9riu EXBA18V-80 za 39 min\u00fat Ultra Speed Tech: Vysok\u00fd nab\u00edjac\u00ed pr\u00fad 16 A Menej prestojov: Akt\u00edvne chladenie vzduchom 2.0 chlad\u00ed bat\u00e9rie, zatia\u013e \u010do nab\u00edjanie FlexTemp zvy\u0161uje teplotn\u00fd rozsah nab\u00edjania bat\u00e9ri\u00ed EXPERT 3 re\u017eimy nab\u00edjania: Standard, Power Boost a Long Life","og_url":"https:\/\/hundtgroup.com\/sk\/produkt\/nabijacka-bosch-exal18v-160-expert\/","og_site_name":"Wilhelm Hundt GmbH","og_image":[{"width":1188,"height":905,"url":"https:\/\/hundtgroup.com\/wp-content\/uploads\/340868.jpg","type":"image\/jpeg"}],"twitter_card":"summary_large_image","schema":{"@context":"https:\/\/schema.org","@graph":[{"@type":"WebPage","@id":"https:\/\/hundtgroup.com\/sk\/produkt\/nabijacka-bosch-exal18v-160-expert\/","url":"https:\/\/hundtgroup.com\/sk\/produkt\/nabijacka-bosch-exal18v-160-expert\/","name":"Nab\u00edja\u010dka Bosch EXAL18V-160 EXPERT - Wilhelm Hundt GmbH","isPartOf":{"@id":"https:\/\/hundtgroup.com\/sk\/#website"},"primaryImageOfPage":{"@id":"https:\/\/hundtgroup.com\/sk\/produkt\/nabijacka-bosch-exal18v-160-expert\/#primaryimage"},"image":{"@id":"https:\/\/hundtgroup.com\/sk\/produkt\/nabijacka-bosch-exal18v-160-expert\/#primaryimage"},"thumbnailUrl":"https:\/\/hundtgroup.com\/wp-content\/uploads\/340868.jpg","datePublished":"2026-01-28T09:17:57+00:00","breadcrumb":{"@id":"https:\/\/hundtgroup.com\/sk\/produkt\/nabijacka-bosch-exal18v-160-expert\/#breadcrumb"},"inLanguage":"sk-SK","potentialAction":[{"@type":"ReadAction","target":["https:\/\/hundtgroup.com\/sk\/produkt\/nabijacka-bosch-exal18v-160-expert\/"]}]},{"@type":"ImageObject","inLanguage":"sk-SK","@id":"https:\/\/hundtgroup.com\/sk\/produkt\/nabijacka-bosch-exal18v-160-expert\/#primaryimage","url":"https:\/\/hundtgroup.com\/wp-content\/uploads\/340868.jpg","contentUrl":"https:\/\/hundtgroup.com\/wp-content\/uploads\/340868.jpg","width":1188,"height":905},{"@type":"BreadcrumbList","@id":"https:\/\/hundtgroup.com\/sk\/produkt\/nabijacka-bosch-exal18v-160-expert\/#breadcrumb","itemListElement":[{"@type":"ListItem","position":1,"name":"Startseite","item":"https:\/\/hundtgroup.com\/sk\/domov-nove\/"},{"@type":"ListItem","position":2,"name":"Obchod","item":"https:\/\/hundtgroup.com\/obchod\/"},{"@type":"ListItem","position":3,"name":"Nab\u00edja\u010dka Bosch EXAL18V-160 EXPERT"}]},{"@type":"WebSite","@id":"https:\/\/hundtgroup.com\/sk\/#website","url":"https:\/\/hundtgroup.com\/sk\/","name":"Wilhelm Hundt GmbH","description":"V\u00e1\u0161 \u0161pecialista na stroje a n\u00e1stroje na spracovanie plechu","potentialAction":[{"@type":"SearchAction","target":{"@type":"EntryPoint","urlTemplate":"https:\/\/hundtgroup.com\/sk\/?s={search_term_string}"},"query-input":{"@type":"PropertyValueSpecification","valueRequired":true,"valueName":"search_term_string"}}],"inLanguage":"sk-SK"}]}},"_links":{"self":[{"href":"https:\/\/hundtgroup.com\/sk\/wp-json\/wp\/v2\/product\/40625","targetHints":{"allow":["GET"]}}],"collection":[{"href":"https:\/\/hundtgroup.com\/sk\/wp-json\/wp\/v2\/product"}],"about":[{"href":"https:\/\/hundtgroup.com\/sk\/wp-json\/wp\/v2\/types\/product"}],"wp:featuredmedia":[{"embeddable":true,"href":"https:\/\/hundtgroup.com\/sk\/wp-json\/wp\/v2\/media\/40627"}],"wp:attachment":[{"href":"https:\/\/hundtgroup.com\/sk\/wp-json\/wp\/v2\/media?parent=40625"}],"wp:term":[{"taxonomy":"product_cat","embeddable":true,"href":"https:\/\/hundtgroup.com\/sk\/wp-json\/wp\/v2\/product_cat?post=40625"},{"taxonomy":"product_tag","embeddable":true,"href":"https:\/\/hundtgroup.com\/sk\/wp-json\/wp\/v2\/product_tag?post=40625"}],"curies":[{"name":"wp","href":"https:\/\/api.w.org\/{rel}","templated":true}]}}