{"id":40766,"date":"2026-01-28T10:18:01","date_gmt":"2026-01-28T09:18:01","guid":{"rendered":"https:\/\/hundtgroup.com\/produkt\/ciarkovy-laser-bosch-exll18v-120-33cg\/"},"modified":"2026-01-28T10:18:01","modified_gmt":"2026-01-28T09:18:01","slug":"ciarkovy-laser-bosch-exll18v-120-33cg","status":"publish","type":"product","link":"https:\/\/hundtgroup.com\/sk\/produkt\/ciarkovy-laser-bosch-exll18v-120-33cg\/","title":{"rendered":"\u010ciarkov\u00fd laser Bosch EXLL18V-120-33CG"},"content":{"rendered":"<p>18V \u010diarov\u00fd laser s tromi mo\u017enos\u0165ami nap\u00e1jania, kryt\u00edm IP65 a pracovn\u00fdm dosahom 120 m\u00b9<br \/>\nTrojit\u00fd zdroj energie: Jednoduch\u00e1 zmena medzi 18V akumul\u00e1torom, 12 V akumul\u00e1torom a alkalick\u00fdmi bat\u00e9riami typu C<br \/>\nVynikaj\u00faci pracovn\u00fd dosah: 120 m polomer s prij\u00edma\u010dom<br \/>\nVhodn\u00fd na najn\u00e1ro\u010dnej\u0161ie stavenisk\u00e1: Bezpe\u010dn\u00e9 upevnenie a presn\u00e1 pr\u00e1ca: Gumou vystu\u017een\u00fd kryt, laserov\u00e9 okienko a krytie IP65<br \/>\n: Integrovan\u00fd dr\u017eiak so siln\u00fdmi magnetmi a oto\u010dn\u00fdm jemn\u00fdm nastaven\u00edm<\/p>\n","protected":false},"excerpt":{"rendered":"<p>18V \u010diarov\u00fd laser s tromi mo\u017enos\u0165ami nap\u00e1jania, kryt\u00edm IP65 a pracovn\u00fdm dosahom 120 m\u00b9 Trojit\u00fd zdroj energie: Jednoduch\u00e1 zmena medzi 18V akumul\u00e1torom, 12 V akumul\u00e1torom a alkalick\u00fdmi bat\u00e9riami typu C Vynikaj\u00faci pracovn\u00fd dosah: 120 m polomer s prij\u00edma\u010dom Vhodn\u00fd na najn\u00e1ro\u010dnej\u0161ie stavenisk\u00e1: Bezpe\u010dn\u00e9 upevnenie a presn\u00e1 pr\u00e1ca: Gumou vystu\u017een\u00fd kryt, laserov\u00e9 okienko a krytie IP65 [&hellip;]<\/p>\n","protected":false},"featured_media":40768,"template":"","meta":{"_acf_changed":false,"inline_featured_image":false},"product_cat":[3277,644],"product_tag":[],"class_list":{"0":"post-40766","1":"product","2":"type-product","3":"status-publish","4":"has-post-thumbnail","6":"brand-bosch-expert","7":"product_cat-ciarovy-laser","8":"product_cat-nastroje-na-baterie","10":"first","11":"instock","12":"taxable","13":"shipping-taxable","14":"purchasable","15":"product-type-simple","16":"add-to-wishlist-before_image"},"acf":[],"yoast_head":"<!-- This site is optimized with the Yoast SEO plugin v27.3 - https:\/\/yoast.com\/product\/yoast-seo-wordpress\/ -->\n<title>\u010ciarkov\u00fd laser Bosch EXLL18V-120-33CG - Wilhelm Hundt GmbH<\/title>\n<meta name=\"robots\" content=\"index, follow, max-snippet:-1, max-image-preview:large, max-video-preview:-1\" \/>\n<link rel=\"canonical\" href=\"https:\/\/hundtgroup.com\/sk\/produkt\/ciarkovy-laser-bosch-exll18v-120-33cg\/\" \/>\n<meta property=\"og:locale\" content=\"sk_SK\" \/>\n<meta property=\"og:type\" content=\"article\" \/>\n<meta property=\"og:title\" content=\"\u010ciarkov\u00fd laser Bosch EXLL18V-120-33CG - Wilhelm Hundt GmbH\" \/>\n<meta property=\"og:description\" content=\"18V \u010diarov\u00fd laser s tromi mo\u017enos\u0165ami nap\u00e1jania, kryt\u00edm IP65 a pracovn\u00fdm dosahom 120 m\u00b9 Trojit\u00fd zdroj energie: Jednoduch\u00e1 zmena medzi 18V akumul\u00e1torom, 12 V akumul\u00e1torom a alkalick\u00fdmi bat\u00e9riami typu C Vynikaj\u00faci pracovn\u00fd dosah: 120 m polomer s prij\u00edma\u010dom Vhodn\u00fd na najn\u00e1ro\u010dnej\u0161ie stavenisk\u00e1: Bezpe\u010dn\u00e9 upevnenie a presn\u00e1 pr\u00e1ca: Gumou vystu\u017een\u00fd kryt, laserov\u00e9 okienko a krytie IP65 [&hellip;]\" \/>\n<meta property=\"og:url\" content=\"https:\/\/hundtgroup.com\/sk\/produkt\/ciarkovy-laser-bosch-exll18v-120-33cg\/\" \/>\n<meta property=\"og:site_name\" content=\"Wilhelm Hundt GmbH\" \/>\n<meta property=\"og:image\" content=\"https:\/\/hundtgroup.com\/wp-content\/uploads\/340872.jpg\" \/>\n\t<meta property=\"og:image:width\" content=\"1120\" \/>\n\t<meta property=\"og:image:height\" content=\"981\" \/>\n\t<meta property=\"og:image:type\" content=\"image\/jpeg\" \/>\n<meta name=\"twitter:card\" content=\"summary_large_image\" \/>\n<script type=\"application\/ld+json\" class=\"yoast-schema-graph\">{\"@context\":\"https:\\\/\\\/schema.org\",\"@graph\":[{\"@type\":\"WebPage\",\"@id\":\"https:\\\/\\\/hundtgroup.com\\\/sk\\\/produkt\\\/ciarkovy-laser-bosch-exll18v-120-33cg\\\/\",\"url\":\"https:\\\/\\\/hundtgroup.com\\\/sk\\\/produkt\\\/ciarkovy-laser-bosch-exll18v-120-33cg\\\/\",\"name\":\"\u010ciarkov\u00fd laser Bosch EXLL18V-120-33CG - Wilhelm Hundt GmbH\",\"isPartOf\":{\"@id\":\"https:\\\/\\\/hundtgroup.com\\\/sk\\\/#website\"},\"primaryImageOfPage\":{\"@id\":\"https:\\\/\\\/hundtgroup.com\\\/sk\\\/produkt\\\/ciarkovy-laser-bosch-exll18v-120-33cg\\\/#primaryimage\"},\"image\":{\"@id\":\"https:\\\/\\\/hundtgroup.com\\\/sk\\\/produkt\\\/ciarkovy-laser-bosch-exll18v-120-33cg\\\/#primaryimage\"},\"thumbnailUrl\":\"https:\\\/\\\/hundtgroup.com\\\/wp-content\\\/uploads\\\/340872.jpg\",\"datePublished\":\"2026-01-28T09:18:01+00:00\",\"breadcrumb\":{\"@id\":\"https:\\\/\\\/hundtgroup.com\\\/sk\\\/produkt\\\/ciarkovy-laser-bosch-exll18v-120-33cg\\\/#breadcrumb\"},\"inLanguage\":\"sk-SK\",\"potentialAction\":[{\"@type\":\"ReadAction\",\"target\":[\"https:\\\/\\\/hundtgroup.com\\\/sk\\\/produkt\\\/ciarkovy-laser-bosch-exll18v-120-33cg\\\/\"]}]},{\"@type\":\"ImageObject\",\"inLanguage\":\"sk-SK\",\"@id\":\"https:\\\/\\\/hundtgroup.com\\\/sk\\\/produkt\\\/ciarkovy-laser-bosch-exll18v-120-33cg\\\/#primaryimage\",\"url\":\"https:\\\/\\\/hundtgroup.com\\\/wp-content\\\/uploads\\\/340872.jpg\",\"contentUrl\":\"https:\\\/\\\/hundtgroup.com\\\/wp-content\\\/uploads\\\/340872.jpg\",\"width\":1120,\"height\":981},{\"@type\":\"BreadcrumbList\",\"@id\":\"https:\\\/\\\/hundtgroup.com\\\/sk\\\/produkt\\\/ciarkovy-laser-bosch-exll18v-120-33cg\\\/#breadcrumb\",\"itemListElement\":[{\"@type\":\"ListItem\",\"position\":1,\"name\":\"Startseite\",\"item\":\"https:\\\/\\\/hundtgroup.com\\\/sk\\\/domov-nove\\\/\"},{\"@type\":\"ListItem\",\"position\":2,\"name\":\"Obchod\",\"item\":\"https:\\\/\\\/hundtgroup.com\\\/obchod\\\/\"},{\"@type\":\"ListItem\",\"position\":3,\"name\":\"\u010ciarkov\u00fd laser Bosch EXLL18V-120-33CG\"}]},{\"@type\":\"WebSite\",\"@id\":\"https:\\\/\\\/hundtgroup.com\\\/sk\\\/#website\",\"url\":\"https:\\\/\\\/hundtgroup.com\\\/sk\\\/\",\"name\":\"Wilhelm Hundt GmbH\",\"description\":\"V\u00e1\u0161 \u0161pecialista na stroje a n\u00e1stroje na spracovanie plechu\",\"potentialAction\":[{\"@type\":\"SearchAction\",\"target\":{\"@type\":\"EntryPoint\",\"urlTemplate\":\"https:\\\/\\\/hundtgroup.com\\\/sk\\\/?s={search_term_string}\"},\"query-input\":{\"@type\":\"PropertyValueSpecification\",\"valueRequired\":true,\"valueName\":\"search_term_string\"}}],\"inLanguage\":\"sk-SK\"}]}<\/script>\n<!-- \/ Yoast SEO plugin. -->","yoast_head_json":{"title":"\u010ciarkov\u00fd laser Bosch EXLL18V-120-33CG - Wilhelm Hundt GmbH","robots":{"index":"index","follow":"follow","max-snippet":"max-snippet:-1","max-image-preview":"max-image-preview:large","max-video-preview":"max-video-preview:-1"},"canonical":"https:\/\/hundtgroup.com\/sk\/produkt\/ciarkovy-laser-bosch-exll18v-120-33cg\/","og_locale":"sk_SK","og_type":"article","og_title":"\u010ciarkov\u00fd laser Bosch EXLL18V-120-33CG - Wilhelm Hundt GmbH","og_description":"18V \u010diarov\u00fd laser s tromi mo\u017enos\u0165ami nap\u00e1jania, kryt\u00edm IP65 a pracovn\u00fdm dosahom 120 m\u00b9 Trojit\u00fd zdroj energie: Jednoduch\u00e1 zmena medzi 18V akumul\u00e1torom, 12 V akumul\u00e1torom a alkalick\u00fdmi bat\u00e9riami typu C Vynikaj\u00faci pracovn\u00fd dosah: 120 m polomer s prij\u00edma\u010dom Vhodn\u00fd na najn\u00e1ro\u010dnej\u0161ie stavenisk\u00e1: Bezpe\u010dn\u00e9 upevnenie a presn\u00e1 pr\u00e1ca: Gumou vystu\u017een\u00fd kryt, laserov\u00e9 okienko a krytie IP65 [&hellip;]","og_url":"https:\/\/hundtgroup.com\/sk\/produkt\/ciarkovy-laser-bosch-exll18v-120-33cg\/","og_site_name":"Wilhelm Hundt GmbH","og_image":[{"width":1120,"height":981,"url":"https:\/\/hundtgroup.com\/wp-content\/uploads\/340872.jpg","type":"image\/jpeg"}],"twitter_card":"summary_large_image","schema":{"@context":"https:\/\/schema.org","@graph":[{"@type":"WebPage","@id":"https:\/\/hundtgroup.com\/sk\/produkt\/ciarkovy-laser-bosch-exll18v-120-33cg\/","url":"https:\/\/hundtgroup.com\/sk\/produkt\/ciarkovy-laser-bosch-exll18v-120-33cg\/","name":"\u010ciarkov\u00fd laser Bosch EXLL18V-120-33CG - Wilhelm Hundt GmbH","isPartOf":{"@id":"https:\/\/hundtgroup.com\/sk\/#website"},"primaryImageOfPage":{"@id":"https:\/\/hundtgroup.com\/sk\/produkt\/ciarkovy-laser-bosch-exll18v-120-33cg\/#primaryimage"},"image":{"@id":"https:\/\/hundtgroup.com\/sk\/produkt\/ciarkovy-laser-bosch-exll18v-120-33cg\/#primaryimage"},"thumbnailUrl":"https:\/\/hundtgroup.com\/wp-content\/uploads\/340872.jpg","datePublished":"2026-01-28T09:18:01+00:00","breadcrumb":{"@id":"https:\/\/hundtgroup.com\/sk\/produkt\/ciarkovy-laser-bosch-exll18v-120-33cg\/#breadcrumb"},"inLanguage":"sk-SK","potentialAction":[{"@type":"ReadAction","target":["https:\/\/hundtgroup.com\/sk\/produkt\/ciarkovy-laser-bosch-exll18v-120-33cg\/"]}]},{"@type":"ImageObject","inLanguage":"sk-SK","@id":"https:\/\/hundtgroup.com\/sk\/produkt\/ciarkovy-laser-bosch-exll18v-120-33cg\/#primaryimage","url":"https:\/\/hundtgroup.com\/wp-content\/uploads\/340872.jpg","contentUrl":"https:\/\/hundtgroup.com\/wp-content\/uploads\/340872.jpg","width":1120,"height":981},{"@type":"BreadcrumbList","@id":"https:\/\/hundtgroup.com\/sk\/produkt\/ciarkovy-laser-bosch-exll18v-120-33cg\/#breadcrumb","itemListElement":[{"@type":"ListItem","position":1,"name":"Startseite","item":"https:\/\/hundtgroup.com\/sk\/domov-nove\/"},{"@type":"ListItem","position":2,"name":"Obchod","item":"https:\/\/hundtgroup.com\/obchod\/"},{"@type":"ListItem","position":3,"name":"\u010ciarkov\u00fd laser Bosch EXLL18V-120-33CG"}]},{"@type":"WebSite","@id":"https:\/\/hundtgroup.com\/sk\/#website","url":"https:\/\/hundtgroup.com\/sk\/","name":"Wilhelm Hundt GmbH","description":"V\u00e1\u0161 \u0161pecialista na stroje a n\u00e1stroje na spracovanie plechu","potentialAction":[{"@type":"SearchAction","target":{"@type":"EntryPoint","urlTemplate":"https:\/\/hundtgroup.com\/sk\/?s={search_term_string}"},"query-input":{"@type":"PropertyValueSpecification","valueRequired":true,"valueName":"search_term_string"}}],"inLanguage":"sk-SK"}]}},"_links":{"self":[{"href":"https:\/\/hundtgroup.com\/sk\/wp-json\/wp\/v2\/product\/40766","targetHints":{"allow":["GET"]}}],"collection":[{"href":"https:\/\/hundtgroup.com\/sk\/wp-json\/wp\/v2\/product"}],"about":[{"href":"https:\/\/hundtgroup.com\/sk\/wp-json\/wp\/v2\/types\/product"}],"wp:featuredmedia":[{"embeddable":true,"href":"https:\/\/hundtgroup.com\/sk\/wp-json\/wp\/v2\/media\/40768"}],"wp:attachment":[{"href":"https:\/\/hundtgroup.com\/sk\/wp-json\/wp\/v2\/media?parent=40766"}],"wp:term":[{"taxonomy":"product_cat","embeddable":true,"href":"https:\/\/hundtgroup.com\/sk\/wp-json\/wp\/v2\/product_cat?post=40766"},{"taxonomy":"product_tag","embeddable":true,"href":"https:\/\/hundtgroup.com\/sk\/wp-json\/wp\/v2\/product_tag?post=40766"}],"curies":[{"name":"wp","href":"https:\/\/api.w.org\/{rel}","templated":true}]}}