{"id":40905,"date":"2026-01-28T10:18:01","date_gmt":"2026-01-28T09:18:01","guid":{"rendered":"https:\/\/hundtgroup.com\/produkt\/startovacia-sada-bosch-expert-2x55-ah-2x80-ah-18v-320\/"},"modified":"2026-01-28T10:18:01","modified_gmt":"2026-01-28T09:18:01","slug":"startovacia-sada-bosch-expert-2x55-ah-2x80-ah-18v-320","status":"publish","type":"product","link":"https:\/\/hundtgroup.com\/sk\/produkt\/startovacia-sada-bosch-expert-2x55-ah-2x80-ah-18v-320\/","title":{"rendered":"\u0160tartovacia sada Bosch EXPERT 2&#215;5,5 Ah + 2&#215;8,0 Ah 18V-320"},"content":{"rendered":"<p>A\u017e o 120 % dlh\u0161ia doba prev\u00e1dzky ako pri profesion\u00e1lnej bat\u00e9rii GBA 18V 4.0Ah\u00b9<br \/>\nEXBA18V-80 s extr\u00e9mnou dobou chodu a EXBA18V-55 s vysok\u00fdm v\u00fdkonom a\u017e 2000 W (na z\u00e1klade intern\u00e9ho laborat\u00f3rneho testu, okam\u017eit\u00fd maxim\u00e1lny v\u00fdkon, plne nabit\u00e1, nov\u00e1 bat\u00e9ria)<br \/>\nEXBA18V-80 s v\u00fdkonn\u00fdmi beztabu\u013ekov\u00fdmi \u010dl\u00e1nkami pre maxim\u00e1lny v\u00fdkon a\u017e 2400 W (na z\u00e1klade intern\u00e9ho laborat\u00f3rneho testu, okam\u017eit\u00fd maxim\u00e1lny v\u00fdkon, plne nabit\u00e1, nov\u00e1 bat\u00e9ria) a EXBA18V-55 s vysok\u00fdm v\u00fdkonom a vynikaj\u00facou hustotou energie<br \/>\nUltra r\u00fdchle paraleln\u00e9 nab\u00edjanie: 16 A nab\u00edjac\u00ed pr\u00fad na nabitie dvoch akumul\u00e1torov EXBA18V-55 za 31 min\u00fat a dvoch akumul\u00e1torov EXBA18V-80 za 39 min\u00fat<br \/>\nJeden akumul\u00e1tor pre v\u0161etk\u00fdch: Kompatibiln\u00fd so syst\u00e9mom Bosch Professional 18V a alianciou akumul\u00e1torov AMPShare pre r\u00f4zne zna\u010dky<\/p>\n","protected":false},"excerpt":{"rendered":"<p>A\u017e o 120 % dlh\u0161ia doba prev\u00e1dzky ako pri profesion\u00e1lnej bat\u00e9rii GBA 18V 4.0Ah\u00b9 EXBA18V-80 s extr\u00e9mnou dobou chodu a EXBA18V-55 s vysok\u00fdm v\u00fdkonom a\u017e 2000 W (na z\u00e1klade intern\u00e9ho laborat\u00f3rneho testu, okam\u017eit\u00fd maxim\u00e1lny v\u00fdkon, plne nabit\u00e1, nov\u00e1 bat\u00e9ria) EXBA18V-80 s v\u00fdkonn\u00fdmi beztabu\u013ekov\u00fdmi \u010dl\u00e1nkami pre maxim\u00e1lny v\u00fdkon a\u017e 2400 W (na z\u00e1klade intern\u00e9ho laborat\u00f3rneho testu, [&hellip;]<\/p>\n","protected":false},"featured_media":40908,"template":"","meta":{"_acf_changed":false,"inline_featured_image":false},"product_cat":[2331,2167],"product_tag":[],"class_list":{"0":"post-40905","1":"product","2":"type-product","3":"status-publish","4":"has-post-thumbnail","6":"brand-bosch-expert","7":"product_cat-startovacia-sada","8":"product_cat-baterie-elektricke-prislusenstvo","10":"first","11":"instock","12":"taxable","13":"shipping-taxable","14":"purchasable","15":"product-type-simple","16":"add-to-wishlist-before_image"},"acf":[],"yoast_head":"<!-- This site is optimized with the Yoast SEO plugin v27.3 - https:\/\/yoast.com\/product\/yoast-seo-wordpress\/ -->\n<title>\u0160tartovacia sada Bosch EXPERT 2x5,5 Ah + 2x8,0 Ah 18V-320 - Wilhelm Hundt GmbH<\/title>\n<meta name=\"robots\" content=\"index, follow, max-snippet:-1, max-image-preview:large, max-video-preview:-1\" \/>\n<link rel=\"canonical\" href=\"https:\/\/hundtgroup.com\/sk\/produkt\/startovacia-sada-bosch-expert-2x55-ah-2x80-ah-18v-320\/\" \/>\n<meta property=\"og:locale\" content=\"sk_SK\" \/>\n<meta property=\"og:type\" content=\"article\" \/>\n<meta property=\"og:title\" content=\"\u0160tartovacia sada Bosch EXPERT 2x5,5 Ah + 2x8,0 Ah 18V-320 - Wilhelm Hundt GmbH\" \/>\n<meta property=\"og:description\" content=\"A\u017e o 120 % dlh\u0161ia doba prev\u00e1dzky ako pri profesion\u00e1lnej bat\u00e9rii GBA 18V 4.0Ah\u00b9 EXBA18V-80 s extr\u00e9mnou dobou chodu a EXBA18V-55 s vysok\u00fdm v\u00fdkonom a\u017e 2000 W (na z\u00e1klade intern\u00e9ho laborat\u00f3rneho testu, okam\u017eit\u00fd maxim\u00e1lny v\u00fdkon, plne nabit\u00e1, nov\u00e1 bat\u00e9ria) EXBA18V-80 s v\u00fdkonn\u00fdmi beztabu\u013ekov\u00fdmi \u010dl\u00e1nkami pre maxim\u00e1lny v\u00fdkon a\u017e 2400 W (na z\u00e1klade intern\u00e9ho laborat\u00f3rneho testu, [&hellip;]\" \/>\n<meta property=\"og:url\" content=\"https:\/\/hundtgroup.com\/sk\/produkt\/startovacia-sada-bosch-expert-2x55-ah-2x80-ah-18v-320\/\" \/>\n<meta property=\"og:site_name\" content=\"Wilhelm Hundt GmbH\" \/>\n<meta property=\"og:image\" content=\"https:\/\/hundtgroup.com\/wp-content\/uploads\/340870.jpg\" \/>\n\t<meta property=\"og:image:width\" content=\"564\" \/>\n\t<meta property=\"og:image:height\" content=\"541\" \/>\n\t<meta property=\"og:image:type\" content=\"image\/jpeg\" \/>\n<meta name=\"twitter:card\" content=\"summary_large_image\" \/>\n<meta name=\"twitter:label1\" content=\"Predpokladan\u00fd \u010das \u010d\u00edtania\" \/>\n\t<meta name=\"twitter:data1\" content=\"1 min\u00fata\" \/>\n<script type=\"application\/ld+json\" class=\"yoast-schema-graph\">{\"@context\":\"https:\\\/\\\/schema.org\",\"@graph\":[{\"@type\":\"WebPage\",\"@id\":\"https:\\\/\\\/hundtgroup.com\\\/sk\\\/produkt\\\/startovacia-sada-bosch-expert-2x55-ah-2x80-ah-18v-320\\\/\",\"url\":\"https:\\\/\\\/hundtgroup.com\\\/sk\\\/produkt\\\/startovacia-sada-bosch-expert-2x55-ah-2x80-ah-18v-320\\\/\",\"name\":\"\u0160tartovacia sada Bosch EXPERT 2x5,5 Ah + 2x8,0 Ah 18V-320 - Wilhelm Hundt GmbH\",\"isPartOf\":{\"@id\":\"https:\\\/\\\/hundtgroup.com\\\/sk\\\/#website\"},\"primaryImageOfPage\":{\"@id\":\"https:\\\/\\\/hundtgroup.com\\\/sk\\\/produkt\\\/startovacia-sada-bosch-expert-2x55-ah-2x80-ah-18v-320\\\/#primaryimage\"},\"image\":{\"@id\":\"https:\\\/\\\/hundtgroup.com\\\/sk\\\/produkt\\\/startovacia-sada-bosch-expert-2x55-ah-2x80-ah-18v-320\\\/#primaryimage\"},\"thumbnailUrl\":\"https:\\\/\\\/hundtgroup.com\\\/wp-content\\\/uploads\\\/340870.jpg\",\"datePublished\":\"2026-01-28T09:18:01+00:00\",\"breadcrumb\":{\"@id\":\"https:\\\/\\\/hundtgroup.com\\\/sk\\\/produkt\\\/startovacia-sada-bosch-expert-2x55-ah-2x80-ah-18v-320\\\/#breadcrumb\"},\"inLanguage\":\"sk-SK\",\"potentialAction\":[{\"@type\":\"ReadAction\",\"target\":[\"https:\\\/\\\/hundtgroup.com\\\/sk\\\/produkt\\\/startovacia-sada-bosch-expert-2x55-ah-2x80-ah-18v-320\\\/\"]}]},{\"@type\":\"ImageObject\",\"inLanguage\":\"sk-SK\",\"@id\":\"https:\\\/\\\/hundtgroup.com\\\/sk\\\/produkt\\\/startovacia-sada-bosch-expert-2x55-ah-2x80-ah-18v-320\\\/#primaryimage\",\"url\":\"https:\\\/\\\/hundtgroup.com\\\/wp-content\\\/uploads\\\/340870.jpg\",\"contentUrl\":\"https:\\\/\\\/hundtgroup.com\\\/wp-content\\\/uploads\\\/340870.jpg\",\"width\":564,\"height\":541},{\"@type\":\"BreadcrumbList\",\"@id\":\"https:\\\/\\\/hundtgroup.com\\\/sk\\\/produkt\\\/startovacia-sada-bosch-expert-2x55-ah-2x80-ah-18v-320\\\/#breadcrumb\",\"itemListElement\":[{\"@type\":\"ListItem\",\"position\":1,\"name\":\"Startseite\",\"item\":\"https:\\\/\\\/hundtgroup.com\\\/sk\\\/domov-nove\\\/\"},{\"@type\":\"ListItem\",\"position\":2,\"name\":\"Obchod\",\"item\":\"https:\\\/\\\/hundtgroup.com\\\/obchod\\\/\"},{\"@type\":\"ListItem\",\"position\":3,\"name\":\"\u0160tartovacia sada Bosch EXPERT 2&#215;5,5 Ah + 2&#215;8,0 Ah 18V-320\"}]},{\"@type\":\"WebSite\",\"@id\":\"https:\\\/\\\/hundtgroup.com\\\/sk\\\/#website\",\"url\":\"https:\\\/\\\/hundtgroup.com\\\/sk\\\/\",\"name\":\"Wilhelm Hundt GmbH\",\"description\":\"V\u00e1\u0161 \u0161pecialista na stroje a n\u00e1stroje na spracovanie plechu\",\"potentialAction\":[{\"@type\":\"SearchAction\",\"target\":{\"@type\":\"EntryPoint\",\"urlTemplate\":\"https:\\\/\\\/hundtgroup.com\\\/sk\\\/?s={search_term_string}\"},\"query-input\":{\"@type\":\"PropertyValueSpecification\",\"valueRequired\":true,\"valueName\":\"search_term_string\"}}],\"inLanguage\":\"sk-SK\"}]}<\/script>\n<!-- \/ Yoast SEO plugin. -->","yoast_head_json":{"title":"\u0160tartovacia sada Bosch EXPERT 2x5,5 Ah + 2x8,0 Ah 18V-320 - Wilhelm Hundt GmbH","robots":{"index":"index","follow":"follow","max-snippet":"max-snippet:-1","max-image-preview":"max-image-preview:large","max-video-preview":"max-video-preview:-1"},"canonical":"https:\/\/hundtgroup.com\/sk\/produkt\/startovacia-sada-bosch-expert-2x55-ah-2x80-ah-18v-320\/","og_locale":"sk_SK","og_type":"article","og_title":"\u0160tartovacia sada Bosch EXPERT 2x5,5 Ah + 2x8,0 Ah 18V-320 - Wilhelm Hundt GmbH","og_description":"A\u017e o 120 % dlh\u0161ia doba prev\u00e1dzky ako pri profesion\u00e1lnej bat\u00e9rii GBA 18V 4.0Ah\u00b9 EXBA18V-80 s extr\u00e9mnou dobou chodu a EXBA18V-55 s vysok\u00fdm v\u00fdkonom a\u017e 2000 W (na z\u00e1klade intern\u00e9ho laborat\u00f3rneho testu, okam\u017eit\u00fd maxim\u00e1lny v\u00fdkon, plne nabit\u00e1, nov\u00e1 bat\u00e9ria) EXBA18V-80 s v\u00fdkonn\u00fdmi beztabu\u013ekov\u00fdmi \u010dl\u00e1nkami pre maxim\u00e1lny v\u00fdkon a\u017e 2400 W (na z\u00e1klade intern\u00e9ho laborat\u00f3rneho testu, [&hellip;]","og_url":"https:\/\/hundtgroup.com\/sk\/produkt\/startovacia-sada-bosch-expert-2x55-ah-2x80-ah-18v-320\/","og_site_name":"Wilhelm Hundt GmbH","og_image":[{"width":564,"height":541,"url":"https:\/\/hundtgroup.com\/wp-content\/uploads\/340870.jpg","type":"image\/jpeg"}],"twitter_card":"summary_large_image","twitter_misc":{"Predpokladan\u00fd \u010das \u010d\u00edtania":"1 min\u00fata"},"schema":{"@context":"https:\/\/schema.org","@graph":[{"@type":"WebPage","@id":"https:\/\/hundtgroup.com\/sk\/produkt\/startovacia-sada-bosch-expert-2x55-ah-2x80-ah-18v-320\/","url":"https:\/\/hundtgroup.com\/sk\/produkt\/startovacia-sada-bosch-expert-2x55-ah-2x80-ah-18v-320\/","name":"\u0160tartovacia sada Bosch EXPERT 2x5,5 Ah + 2x8,0 Ah 18V-320 - Wilhelm Hundt GmbH","isPartOf":{"@id":"https:\/\/hundtgroup.com\/sk\/#website"},"primaryImageOfPage":{"@id":"https:\/\/hundtgroup.com\/sk\/produkt\/startovacia-sada-bosch-expert-2x55-ah-2x80-ah-18v-320\/#primaryimage"},"image":{"@id":"https:\/\/hundtgroup.com\/sk\/produkt\/startovacia-sada-bosch-expert-2x55-ah-2x80-ah-18v-320\/#primaryimage"},"thumbnailUrl":"https:\/\/hundtgroup.com\/wp-content\/uploads\/340870.jpg","datePublished":"2026-01-28T09:18:01+00:00","breadcrumb":{"@id":"https:\/\/hundtgroup.com\/sk\/produkt\/startovacia-sada-bosch-expert-2x55-ah-2x80-ah-18v-320\/#breadcrumb"},"inLanguage":"sk-SK","potentialAction":[{"@type":"ReadAction","target":["https:\/\/hundtgroup.com\/sk\/produkt\/startovacia-sada-bosch-expert-2x55-ah-2x80-ah-18v-320\/"]}]},{"@type":"ImageObject","inLanguage":"sk-SK","@id":"https:\/\/hundtgroup.com\/sk\/produkt\/startovacia-sada-bosch-expert-2x55-ah-2x80-ah-18v-320\/#primaryimage","url":"https:\/\/hundtgroup.com\/wp-content\/uploads\/340870.jpg","contentUrl":"https:\/\/hundtgroup.com\/wp-content\/uploads\/340870.jpg","width":564,"height":541},{"@type":"BreadcrumbList","@id":"https:\/\/hundtgroup.com\/sk\/produkt\/startovacia-sada-bosch-expert-2x55-ah-2x80-ah-18v-320\/#breadcrumb","itemListElement":[{"@type":"ListItem","position":1,"name":"Startseite","item":"https:\/\/hundtgroup.com\/sk\/domov-nove\/"},{"@type":"ListItem","position":2,"name":"Obchod","item":"https:\/\/hundtgroup.com\/obchod\/"},{"@type":"ListItem","position":3,"name":"\u0160tartovacia sada Bosch EXPERT 2&#215;5,5 Ah + 2&#215;8,0 Ah 18V-320"}]},{"@type":"WebSite","@id":"https:\/\/hundtgroup.com\/sk\/#website","url":"https:\/\/hundtgroup.com\/sk\/","name":"Wilhelm Hundt GmbH","description":"V\u00e1\u0161 \u0161pecialista na stroje a n\u00e1stroje na spracovanie plechu","potentialAction":[{"@type":"SearchAction","target":{"@type":"EntryPoint","urlTemplate":"https:\/\/hundtgroup.com\/sk\/?s={search_term_string}"},"query-input":{"@type":"PropertyValueSpecification","valueRequired":true,"valueName":"search_term_string"}}],"inLanguage":"sk-SK"}]}},"_links":{"self":[{"href":"https:\/\/hundtgroup.com\/sk\/wp-json\/wp\/v2\/product\/40905","targetHints":{"allow":["GET"]}}],"collection":[{"href":"https:\/\/hundtgroup.com\/sk\/wp-json\/wp\/v2\/product"}],"about":[{"href":"https:\/\/hundtgroup.com\/sk\/wp-json\/wp\/v2\/types\/product"}],"wp:featuredmedia":[{"embeddable":true,"href":"https:\/\/hundtgroup.com\/sk\/wp-json\/wp\/v2\/media\/40908"}],"wp:attachment":[{"href":"https:\/\/hundtgroup.com\/sk\/wp-json\/wp\/v2\/media?parent=40905"}],"wp:term":[{"taxonomy":"product_cat","embeddable":true,"href":"https:\/\/hundtgroup.com\/sk\/wp-json\/wp\/v2\/product_cat?post=40905"},{"taxonomy":"product_tag","embeddable":true,"href":"https:\/\/hundtgroup.com\/sk\/wp-json\/wp\/v2\/product_tag?post=40905"}],"curies":[{"name":"wp","href":"https:\/\/api.w.org\/{rel}","templated":true}]}}