{"id":40981,"date":"2026-01-28T10:18:01","date_gmt":"2026-01-28T09:18:01","guid":{"rendered":"https:\/\/hundtgroup.com\/produkt\/bosch-exmc600-17-prudova-svorka\/"},"modified":"2026-01-28T10:18:01","modified_gmt":"2026-01-28T09:18:01","slug":"bosch-exmc600-17-prudova-svorka","status":"publish","type":"product","link":"https:\/\/hundtgroup.com\/sk\/produkt\/bosch-exmc600-17-prudova-svorka\/","title":{"rendered":"Bosch EXMC600-17 Pr\u00fadov\u00e1 svorka"},"content":{"rendered":"<p>Meranie striedav\u00e9ho\/jednosmern\u00e9ho pr\u00fadu True RMS, meranie teploty a du\u00e1lny zdroj energie<br \/>\nZ\u00e1suvn\u00e9 rozhranie typu K: Meria teploty od -40 do +400 \u00b0C<br \/>\nV\u0161estrann\u00e9 funkcie: Meria striedav\u00fd\/jednosmern\u00fd pr\u00fad, n\u00e1behov\u00fd pr\u00fad, frekvenciu, nap\u00e4tie, kapacitu a \u010fal\u0161ie<br \/>\nKompaktn\u00fd dizajn: Jednoduch\u00e9 ovl\u00e1danie jednou rukou a magnetick\u00e9 zavesenie MH 1 Profesion\u00e1lne<br \/>\nVhodn\u00e9 na stavenisk\u00e1: Integrovan\u00fd bezkontaktn\u00fd tester nap\u00e4tia a baterka do zl\u00fdch sveteln\u00fdch podmienok<\/p>\n","protected":false},"excerpt":{"rendered":"<p>Meranie striedav\u00e9ho\/jednosmern\u00e9ho pr\u00fadu True RMS, meranie teploty a du\u00e1lny zdroj energie Z\u00e1suvn\u00e9 rozhranie typu K: Meria teploty od -40 do +400 \u00b0C V\u0161estrann\u00e9 funkcie: Meria striedav\u00fd\/jednosmern\u00fd pr\u00fad, n\u00e1behov\u00fd pr\u00fad, frekvenciu, nap\u00e4tie, kapacitu a \u010fal\u0161ie Kompaktn\u00fd dizajn: Jednoduch\u00e9 ovl\u00e1danie jednou rukou a magnetick\u00e9 zavesenie MH 1 Profesion\u00e1lne Vhodn\u00e9 na stavenisk\u00e1: Integrovan\u00fd bezkontaktn\u00fd tester nap\u00e4tia a baterka [&hellip;]<\/p>\n","protected":false},"featured_media":40982,"template":"","meta":{"_acf_changed":false,"inline_featured_image":false},"product_cat":[3302,656],"product_tag":[],"class_list":{"0":"post-40981","1":"product","2":"type-product","3":"status-publish","4":"has-post-thumbnail","6":"brand-bosch-expert","7":"product_cat-aktualna-svorka","8":"product_cat-elektricke-naradie","10":"first","11":"instock","12":"taxable","13":"shipping-taxable","14":"purchasable","15":"product-type-simple","16":"add-to-wishlist-before_image"},"acf":[],"yoast_head":"<!-- This site is optimized with the Yoast SEO plugin v27.3 - https:\/\/yoast.com\/product\/yoast-seo-wordpress\/ -->\n<title>Bosch EXMC600-17 Pr\u00fadov\u00e1 svorka - Wilhelm Hundt GmbH<\/title>\n<meta name=\"robots\" content=\"index, follow, max-snippet:-1, max-image-preview:large, max-video-preview:-1\" \/>\n<link rel=\"canonical\" href=\"https:\/\/hundtgroup.com\/sk\/produkt\/bosch-exmc600-17-prudova-svorka\/\" \/>\n<meta property=\"og:locale\" content=\"sk_SK\" \/>\n<meta property=\"og:type\" content=\"article\" \/>\n<meta property=\"og:title\" content=\"Bosch EXMC600-17 Pr\u00fadov\u00e1 svorka - Wilhelm Hundt GmbH\" \/>\n<meta property=\"og:description\" content=\"Meranie striedav\u00e9ho\/jednosmern\u00e9ho pr\u00fadu True RMS, meranie teploty a du\u00e1lny zdroj energie Z\u00e1suvn\u00e9 rozhranie typu K: Meria teploty od -40 do +400 \u00b0C V\u0161estrann\u00e9 funkcie: Meria striedav\u00fd\/jednosmern\u00fd pr\u00fad, n\u00e1behov\u00fd pr\u00fad, frekvenciu, nap\u00e4tie, kapacitu a \u010fal\u0161ie Kompaktn\u00fd dizajn: Jednoduch\u00e9 ovl\u00e1danie jednou rukou a magnetick\u00e9 zavesenie MH 1 Profesion\u00e1lne Vhodn\u00e9 na stavenisk\u00e1: Integrovan\u00fd bezkontaktn\u00fd tester nap\u00e4tia a baterka [&hellip;]\" \/>\n<meta property=\"og:url\" content=\"https:\/\/hundtgroup.com\/sk\/produkt\/bosch-exmc600-17-prudova-svorka\/\" \/>\n<meta property=\"og:site_name\" content=\"Wilhelm Hundt GmbH\" \/>\n<meta property=\"og:image\" content=\"https:\/\/hundtgroup.com\/wp-content\/uploads\/340876.jpg\" \/>\n\t<meta property=\"og:image:width\" content=\"1021\" \/>\n\t<meta property=\"og:image:height\" content=\"972\" \/>\n\t<meta property=\"og:image:type\" content=\"image\/jpeg\" \/>\n<meta name=\"twitter:card\" content=\"summary_large_image\" \/>\n<script type=\"application\/ld+json\" class=\"yoast-schema-graph\">{\"@context\":\"https:\\\/\\\/schema.org\",\"@graph\":[{\"@type\":\"WebPage\",\"@id\":\"https:\\\/\\\/hundtgroup.com\\\/sk\\\/produkt\\\/bosch-exmc600-17-prudova-svorka\\\/\",\"url\":\"https:\\\/\\\/hundtgroup.com\\\/sk\\\/produkt\\\/bosch-exmc600-17-prudova-svorka\\\/\",\"name\":\"Bosch EXMC600-17 Pr\u00fadov\u00e1 svorka - Wilhelm Hundt GmbH\",\"isPartOf\":{\"@id\":\"https:\\\/\\\/hundtgroup.com\\\/sk\\\/#website\"},\"primaryImageOfPage\":{\"@id\":\"https:\\\/\\\/hundtgroup.com\\\/sk\\\/produkt\\\/bosch-exmc600-17-prudova-svorka\\\/#primaryimage\"},\"image\":{\"@id\":\"https:\\\/\\\/hundtgroup.com\\\/sk\\\/produkt\\\/bosch-exmc600-17-prudova-svorka\\\/#primaryimage\"},\"thumbnailUrl\":\"https:\\\/\\\/hundtgroup.com\\\/wp-content\\\/uploads\\\/340876.jpg\",\"datePublished\":\"2026-01-28T09:18:01+00:00\",\"breadcrumb\":{\"@id\":\"https:\\\/\\\/hundtgroup.com\\\/sk\\\/produkt\\\/bosch-exmc600-17-prudova-svorka\\\/#breadcrumb\"},\"inLanguage\":\"sk-SK\",\"potentialAction\":[{\"@type\":\"ReadAction\",\"target\":[\"https:\\\/\\\/hundtgroup.com\\\/sk\\\/produkt\\\/bosch-exmc600-17-prudova-svorka\\\/\"]}]},{\"@type\":\"ImageObject\",\"inLanguage\":\"sk-SK\",\"@id\":\"https:\\\/\\\/hundtgroup.com\\\/sk\\\/produkt\\\/bosch-exmc600-17-prudova-svorka\\\/#primaryimage\",\"url\":\"https:\\\/\\\/hundtgroup.com\\\/wp-content\\\/uploads\\\/340876.jpg\",\"contentUrl\":\"https:\\\/\\\/hundtgroup.com\\\/wp-content\\\/uploads\\\/340876.jpg\",\"width\":1021,\"height\":972},{\"@type\":\"BreadcrumbList\",\"@id\":\"https:\\\/\\\/hundtgroup.com\\\/sk\\\/produkt\\\/bosch-exmc600-17-prudova-svorka\\\/#breadcrumb\",\"itemListElement\":[{\"@type\":\"ListItem\",\"position\":1,\"name\":\"Startseite\",\"item\":\"https:\\\/\\\/hundtgroup.com\\\/sk\\\/domov-nove\\\/\"},{\"@type\":\"ListItem\",\"position\":2,\"name\":\"Obchod\",\"item\":\"https:\\\/\\\/hundtgroup.com\\\/obchod\\\/\"},{\"@type\":\"ListItem\",\"position\":3,\"name\":\"Bosch EXMC600-17 Pr\u00fadov\u00e1 svorka\"}]},{\"@type\":\"WebSite\",\"@id\":\"https:\\\/\\\/hundtgroup.com\\\/sk\\\/#website\",\"url\":\"https:\\\/\\\/hundtgroup.com\\\/sk\\\/\",\"name\":\"Wilhelm Hundt GmbH\",\"description\":\"V\u00e1\u0161 \u0161pecialista na stroje a n\u00e1stroje na spracovanie plechu\",\"potentialAction\":[{\"@type\":\"SearchAction\",\"target\":{\"@type\":\"EntryPoint\",\"urlTemplate\":\"https:\\\/\\\/hundtgroup.com\\\/sk\\\/?s={search_term_string}\"},\"query-input\":{\"@type\":\"PropertyValueSpecification\",\"valueRequired\":true,\"valueName\":\"search_term_string\"}}],\"inLanguage\":\"sk-SK\"}]}<\/script>\n<!-- \/ Yoast SEO plugin. -->","yoast_head_json":{"title":"Bosch EXMC600-17 Pr\u00fadov\u00e1 svorka - Wilhelm Hundt GmbH","robots":{"index":"index","follow":"follow","max-snippet":"max-snippet:-1","max-image-preview":"max-image-preview:large","max-video-preview":"max-video-preview:-1"},"canonical":"https:\/\/hundtgroup.com\/sk\/produkt\/bosch-exmc600-17-prudova-svorka\/","og_locale":"sk_SK","og_type":"article","og_title":"Bosch EXMC600-17 Pr\u00fadov\u00e1 svorka - Wilhelm Hundt GmbH","og_description":"Meranie striedav\u00e9ho\/jednosmern\u00e9ho pr\u00fadu True RMS, meranie teploty a du\u00e1lny zdroj energie Z\u00e1suvn\u00e9 rozhranie typu K: Meria teploty od -40 do +400 \u00b0C V\u0161estrann\u00e9 funkcie: Meria striedav\u00fd\/jednosmern\u00fd pr\u00fad, n\u00e1behov\u00fd pr\u00fad, frekvenciu, nap\u00e4tie, kapacitu a \u010fal\u0161ie Kompaktn\u00fd dizajn: Jednoduch\u00e9 ovl\u00e1danie jednou rukou a magnetick\u00e9 zavesenie MH 1 Profesion\u00e1lne Vhodn\u00e9 na stavenisk\u00e1: Integrovan\u00fd bezkontaktn\u00fd tester nap\u00e4tia a baterka [&hellip;]","og_url":"https:\/\/hundtgroup.com\/sk\/produkt\/bosch-exmc600-17-prudova-svorka\/","og_site_name":"Wilhelm Hundt GmbH","og_image":[{"width":1021,"height":972,"url":"https:\/\/hundtgroup.com\/wp-content\/uploads\/340876.jpg","type":"image\/jpeg"}],"twitter_card":"summary_large_image","schema":{"@context":"https:\/\/schema.org","@graph":[{"@type":"WebPage","@id":"https:\/\/hundtgroup.com\/sk\/produkt\/bosch-exmc600-17-prudova-svorka\/","url":"https:\/\/hundtgroup.com\/sk\/produkt\/bosch-exmc600-17-prudova-svorka\/","name":"Bosch EXMC600-17 Pr\u00fadov\u00e1 svorka - Wilhelm Hundt GmbH","isPartOf":{"@id":"https:\/\/hundtgroup.com\/sk\/#website"},"primaryImageOfPage":{"@id":"https:\/\/hundtgroup.com\/sk\/produkt\/bosch-exmc600-17-prudova-svorka\/#primaryimage"},"image":{"@id":"https:\/\/hundtgroup.com\/sk\/produkt\/bosch-exmc600-17-prudova-svorka\/#primaryimage"},"thumbnailUrl":"https:\/\/hundtgroup.com\/wp-content\/uploads\/340876.jpg","datePublished":"2026-01-28T09:18:01+00:00","breadcrumb":{"@id":"https:\/\/hundtgroup.com\/sk\/produkt\/bosch-exmc600-17-prudova-svorka\/#breadcrumb"},"inLanguage":"sk-SK","potentialAction":[{"@type":"ReadAction","target":["https:\/\/hundtgroup.com\/sk\/produkt\/bosch-exmc600-17-prudova-svorka\/"]}]},{"@type":"ImageObject","inLanguage":"sk-SK","@id":"https:\/\/hundtgroup.com\/sk\/produkt\/bosch-exmc600-17-prudova-svorka\/#primaryimage","url":"https:\/\/hundtgroup.com\/wp-content\/uploads\/340876.jpg","contentUrl":"https:\/\/hundtgroup.com\/wp-content\/uploads\/340876.jpg","width":1021,"height":972},{"@type":"BreadcrumbList","@id":"https:\/\/hundtgroup.com\/sk\/produkt\/bosch-exmc600-17-prudova-svorka\/#breadcrumb","itemListElement":[{"@type":"ListItem","position":1,"name":"Startseite","item":"https:\/\/hundtgroup.com\/sk\/domov-nove\/"},{"@type":"ListItem","position":2,"name":"Obchod","item":"https:\/\/hundtgroup.com\/obchod\/"},{"@type":"ListItem","position":3,"name":"Bosch EXMC600-17 Pr\u00fadov\u00e1 svorka"}]},{"@type":"WebSite","@id":"https:\/\/hundtgroup.com\/sk\/#website","url":"https:\/\/hundtgroup.com\/sk\/","name":"Wilhelm Hundt GmbH","description":"V\u00e1\u0161 \u0161pecialista na stroje a n\u00e1stroje na spracovanie plechu","potentialAction":[{"@type":"SearchAction","target":{"@type":"EntryPoint","urlTemplate":"https:\/\/hundtgroup.com\/sk\/?s={search_term_string}"},"query-input":{"@type":"PropertyValueSpecification","valueRequired":true,"valueName":"search_term_string"}}],"inLanguage":"sk-SK"}]}},"_links":{"self":[{"href":"https:\/\/hundtgroup.com\/sk\/wp-json\/wp\/v2\/product\/40981","targetHints":{"allow":["GET"]}}],"collection":[{"href":"https:\/\/hundtgroup.com\/sk\/wp-json\/wp\/v2\/product"}],"about":[{"href":"https:\/\/hundtgroup.com\/sk\/wp-json\/wp\/v2\/types\/product"}],"wp:featuredmedia":[{"embeddable":true,"href":"https:\/\/hundtgroup.com\/sk\/wp-json\/wp\/v2\/media\/40982"}],"wp:attachment":[{"href":"https:\/\/hundtgroup.com\/sk\/wp-json\/wp\/v2\/media?parent=40981"}],"wp:term":[{"taxonomy":"product_cat","embeddable":true,"href":"https:\/\/hundtgroup.com\/sk\/wp-json\/wp\/v2\/product_cat?post=40981"},{"taxonomy":"product_tag","embeddable":true,"href":"https:\/\/hundtgroup.com\/sk\/wp-json\/wp\/v2\/product_tag?post=40981"}],"curies":[{"name":"wp","href":"https:\/\/api.w.org\/{rel}","templated":true}]}}