{"id":41166,"date":"2026-01-28T10:17:35","date_gmt":"2026-01-28T09:17:35","guid":{"rendered":"https:\/\/hundtgroup.com\/produkt\/akumulatorovy-multifunkcny-rezac-bosch-exop18v-40-solo\/"},"modified":"2026-01-28T10:17:35","modified_gmt":"2026-01-28T09:17:35","slug":"akumulatorovy-multifunkcny-rezac-bosch-exop18v-40-solo","status":"publish","type":"product","link":"https:\/\/hundtgroup.com\/sk\/produkt\/akumulatorovy-multifunkcny-rezac-bosch-exop18v-40-solo\/","title":{"rendered":"Akumul\u00e1torov\u00fd multifunk\u010dn\u00fd reza\u010d Bosch EXOP18V-40 solo"},"content":{"rendered":"<p>A\u017e o 20 % vy\u0161\u0161ia r\u00fdchlos\u0165 v porovnan\u00ed s profesion\u00e1lnym n\u00e1rad\u00edm GOP 18V-34\u00b9<br \/>\nVynikaj\u00faci v\u00fdkon a r\u00fdchlos\u0165: Ani naj\u0165a\u017e\u0161ie pr\u00e1ce s ak\u00fdmko\u013evek pr\u00edslu\u0161enstvom Starlock vr\u00e1tane StarlockMax nie s\u00fa probl\u00e9m<br \/>\nV\u00fdkonn\u00fd bezkart\u00e1\u010dov\u00fd motor: Mimoriadne siln\u00e1 oscil\u00e1cia s v\u00fdkonom zodpovedaj\u00facim 550 W k\u00e1blov\u00e9ho n\u00e1radia a uhlom oscil\u00e1cie 4,0\u00b0<br \/>\nJednoduch\u00e9 zacvaknutie: V\u00fdmena pr\u00edslu\u0161enstva za nieko\u013eko sek\u00fand. Nie je potrebn\u00e9 \u017eiadne \u010fal\u0161ie n\u00e1radie a nehroz\u00ed strata upev\u0148ovacej skrutky<br \/>\nMaxim\u00e1lny komfort: Dokonal\u00e1 manipul\u00e1cia v\u010faka funkcii Vibration Control a v\u010faka mal\u00e9mu obvodu rukov\u00e4te len 150 mm <\/p>\n","protected":false},"excerpt":{"rendered":"<p>A\u017e o 20 % vy\u0161\u0161ia r\u00fdchlos\u0165 v porovnan\u00ed s profesion\u00e1lnym n\u00e1rad\u00edm GOP 18V-34\u00b9 Vynikaj\u00faci v\u00fdkon a r\u00fdchlos\u0165: Ani naj\u0165a\u017e\u0161ie pr\u00e1ce s ak\u00fdmko\u013evek pr\u00edslu\u0161enstvom Starlock vr\u00e1tane StarlockMax nie s\u00fa probl\u00e9m V\u00fdkonn\u00fd bezkart\u00e1\u010dov\u00fd motor: Mimoriadne siln\u00e1 oscil\u00e1cia s v\u00fdkonom zodpovedaj\u00facim 550 W k\u00e1blov\u00e9ho n\u00e1radia a uhlom oscil\u00e1cie 4,0\u00b0 Jednoduch\u00e9 zacvaknutie: V\u00fdmena pr\u00edslu\u0161enstva za nieko\u013eko sek\u00fand. Nie je [&hellip;]<\/p>\n","protected":false},"featured_media":41168,"template":"","meta":{"_acf_changed":false,"inline_featured_image":false},"product_cat":[3329,644],"product_tag":[],"class_list":{"0":"post-41166","1":"product","2":"type-product","3":"status-publish","4":"has-post-thumbnail","6":"brand-bosch-expert","7":"product_cat-multi-cutter","8":"product_cat-nastroje-na-baterie","10":"first","11":"instock","12":"taxable","13":"shipping-taxable","14":"purchasable","15":"product-type-simple","16":"add-to-wishlist-before_image"},"acf":[],"yoast_head":"<!-- This site is optimized with the Yoast SEO plugin v27.3 - https:\/\/yoast.com\/product\/yoast-seo-wordpress\/ -->\n<title>Akumul\u00e1torov\u00fd multifunk\u010dn\u00fd reza\u010d Bosch EXOP18V-40 solo - Wilhelm Hundt GmbH<\/title>\n<meta name=\"robots\" content=\"index, follow, max-snippet:-1, max-image-preview:large, max-video-preview:-1\" \/>\n<link rel=\"canonical\" href=\"https:\/\/hundtgroup.com\/sk\/produkt\/akumulatorovy-multifunkcny-rezac-bosch-exop18v-40-solo\/\" \/>\n<meta property=\"og:locale\" content=\"sk_SK\" \/>\n<meta property=\"og:type\" content=\"article\" \/>\n<meta property=\"og:title\" content=\"Akumul\u00e1torov\u00fd multifunk\u010dn\u00fd reza\u010d Bosch EXOP18V-40 solo - Wilhelm Hundt GmbH\" \/>\n<meta property=\"og:description\" content=\"A\u017e o 20 % vy\u0161\u0161ia r\u00fdchlos\u0165 v porovnan\u00ed s profesion\u00e1lnym n\u00e1rad\u00edm GOP 18V-34\u00b9 Vynikaj\u00faci v\u00fdkon a r\u00fdchlos\u0165: Ani naj\u0165a\u017e\u0161ie pr\u00e1ce s ak\u00fdmko\u013evek pr\u00edslu\u0161enstvom Starlock vr\u00e1tane StarlockMax nie s\u00fa probl\u00e9m V\u00fdkonn\u00fd bezkart\u00e1\u010dov\u00fd motor: Mimoriadne siln\u00e1 oscil\u00e1cia s v\u00fdkonom zodpovedaj\u00facim 550 W k\u00e1blov\u00e9ho n\u00e1radia a uhlom oscil\u00e1cie 4,0\u00b0 Jednoduch\u00e9 zacvaknutie: V\u00fdmena pr\u00edslu\u0161enstva za nieko\u013eko sek\u00fand. Nie je [&hellip;]\" \/>\n<meta property=\"og:url\" content=\"https:\/\/hundtgroup.com\/sk\/produkt\/akumulatorovy-multifunkcny-rezac-bosch-exop18v-40-solo\/\" \/>\n<meta property=\"og:site_name\" content=\"Wilhelm Hundt GmbH\" \/>\n<meta property=\"og:image\" content=\"https:\/\/hundtgroup.com\/wp-content\/uploads\/340818.jpg\" \/>\n\t<meta property=\"og:image:width\" content=\"600\" \/>\n\t<meta property=\"og:image:height\" content=\"600\" \/>\n\t<meta property=\"og:image:type\" content=\"image\/jpeg\" \/>\n<meta name=\"twitter:card\" content=\"summary_large_image\" \/>\n<meta name=\"twitter:label1\" content=\"Predpokladan\u00fd \u010das \u010d\u00edtania\" \/>\n\t<meta name=\"twitter:data1\" content=\"1 min\u00fata\" \/>\n<script type=\"application\/ld+json\" class=\"yoast-schema-graph\">{\"@context\":\"https:\\\/\\\/schema.org\",\"@graph\":[{\"@type\":\"WebPage\",\"@id\":\"https:\\\/\\\/hundtgroup.com\\\/sk\\\/produkt\\\/akumulatorovy-multifunkcny-rezac-bosch-exop18v-40-solo\\\/\",\"url\":\"https:\\\/\\\/hundtgroup.com\\\/sk\\\/produkt\\\/akumulatorovy-multifunkcny-rezac-bosch-exop18v-40-solo\\\/\",\"name\":\"Akumul\u00e1torov\u00fd multifunk\u010dn\u00fd reza\u010d Bosch EXOP18V-40 solo - Wilhelm Hundt GmbH\",\"isPartOf\":{\"@id\":\"https:\\\/\\\/hundtgroup.com\\\/sk\\\/#website\"},\"primaryImageOfPage\":{\"@id\":\"https:\\\/\\\/hundtgroup.com\\\/sk\\\/produkt\\\/akumulatorovy-multifunkcny-rezac-bosch-exop18v-40-solo\\\/#primaryimage\"},\"image\":{\"@id\":\"https:\\\/\\\/hundtgroup.com\\\/sk\\\/produkt\\\/akumulatorovy-multifunkcny-rezac-bosch-exop18v-40-solo\\\/#primaryimage\"},\"thumbnailUrl\":\"https:\\\/\\\/hundtgroup.com\\\/wp-content\\\/uploads\\\/340818.jpg\",\"datePublished\":\"2026-01-28T09:17:35+00:00\",\"breadcrumb\":{\"@id\":\"https:\\\/\\\/hundtgroup.com\\\/sk\\\/produkt\\\/akumulatorovy-multifunkcny-rezac-bosch-exop18v-40-solo\\\/#breadcrumb\"},\"inLanguage\":\"sk-SK\",\"potentialAction\":[{\"@type\":\"ReadAction\",\"target\":[\"https:\\\/\\\/hundtgroup.com\\\/sk\\\/produkt\\\/akumulatorovy-multifunkcny-rezac-bosch-exop18v-40-solo\\\/\"]}]},{\"@type\":\"ImageObject\",\"inLanguage\":\"sk-SK\",\"@id\":\"https:\\\/\\\/hundtgroup.com\\\/sk\\\/produkt\\\/akumulatorovy-multifunkcny-rezac-bosch-exop18v-40-solo\\\/#primaryimage\",\"url\":\"https:\\\/\\\/hundtgroup.com\\\/wp-content\\\/uploads\\\/340818.jpg\",\"contentUrl\":\"https:\\\/\\\/hundtgroup.com\\\/wp-content\\\/uploads\\\/340818.jpg\",\"width\":600,\"height\":600},{\"@type\":\"BreadcrumbList\",\"@id\":\"https:\\\/\\\/hundtgroup.com\\\/sk\\\/produkt\\\/akumulatorovy-multifunkcny-rezac-bosch-exop18v-40-solo\\\/#breadcrumb\",\"itemListElement\":[{\"@type\":\"ListItem\",\"position\":1,\"name\":\"Startseite\",\"item\":\"https:\\\/\\\/hundtgroup.com\\\/sk\\\/domov-nove\\\/\"},{\"@type\":\"ListItem\",\"position\":2,\"name\":\"Obchod\",\"item\":\"https:\\\/\\\/hundtgroup.com\\\/obchod\\\/\"},{\"@type\":\"ListItem\",\"position\":3,\"name\":\"Akumul\u00e1torov\u00fd multifunk\u010dn\u00fd reza\u010d Bosch EXOP18V-40 solo\"}]},{\"@type\":\"WebSite\",\"@id\":\"https:\\\/\\\/hundtgroup.com\\\/sk\\\/#website\",\"url\":\"https:\\\/\\\/hundtgroup.com\\\/sk\\\/\",\"name\":\"Wilhelm Hundt GmbH\",\"description\":\"V\u00e1\u0161 \u0161pecialista na stroje a n\u00e1stroje na spracovanie plechu\",\"potentialAction\":[{\"@type\":\"SearchAction\",\"target\":{\"@type\":\"EntryPoint\",\"urlTemplate\":\"https:\\\/\\\/hundtgroup.com\\\/sk\\\/?s={search_term_string}\"},\"query-input\":{\"@type\":\"PropertyValueSpecification\",\"valueRequired\":true,\"valueName\":\"search_term_string\"}}],\"inLanguage\":\"sk-SK\"}]}<\/script>\n<!-- \/ Yoast SEO plugin. -->","yoast_head_json":{"title":"Akumul\u00e1torov\u00fd multifunk\u010dn\u00fd reza\u010d Bosch EXOP18V-40 solo - Wilhelm Hundt GmbH","robots":{"index":"index","follow":"follow","max-snippet":"max-snippet:-1","max-image-preview":"max-image-preview:large","max-video-preview":"max-video-preview:-1"},"canonical":"https:\/\/hundtgroup.com\/sk\/produkt\/akumulatorovy-multifunkcny-rezac-bosch-exop18v-40-solo\/","og_locale":"sk_SK","og_type":"article","og_title":"Akumul\u00e1torov\u00fd multifunk\u010dn\u00fd reza\u010d Bosch EXOP18V-40 solo - Wilhelm Hundt GmbH","og_description":"A\u017e o 20 % vy\u0161\u0161ia r\u00fdchlos\u0165 v porovnan\u00ed s profesion\u00e1lnym n\u00e1rad\u00edm GOP 18V-34\u00b9 Vynikaj\u00faci v\u00fdkon a r\u00fdchlos\u0165: Ani naj\u0165a\u017e\u0161ie pr\u00e1ce s ak\u00fdmko\u013evek pr\u00edslu\u0161enstvom Starlock vr\u00e1tane StarlockMax nie s\u00fa probl\u00e9m V\u00fdkonn\u00fd bezkart\u00e1\u010dov\u00fd motor: Mimoriadne siln\u00e1 oscil\u00e1cia s v\u00fdkonom zodpovedaj\u00facim 550 W k\u00e1blov\u00e9ho n\u00e1radia a uhlom oscil\u00e1cie 4,0\u00b0 Jednoduch\u00e9 zacvaknutie: V\u00fdmena pr\u00edslu\u0161enstva za nieko\u013eko sek\u00fand. Nie je [&hellip;]","og_url":"https:\/\/hundtgroup.com\/sk\/produkt\/akumulatorovy-multifunkcny-rezac-bosch-exop18v-40-solo\/","og_site_name":"Wilhelm Hundt GmbH","og_image":[{"width":600,"height":600,"url":"https:\/\/hundtgroup.com\/wp-content\/uploads\/340818.jpg","type":"image\/jpeg"}],"twitter_card":"summary_large_image","twitter_misc":{"Predpokladan\u00fd \u010das \u010d\u00edtania":"1 min\u00fata"},"schema":{"@context":"https:\/\/schema.org","@graph":[{"@type":"WebPage","@id":"https:\/\/hundtgroup.com\/sk\/produkt\/akumulatorovy-multifunkcny-rezac-bosch-exop18v-40-solo\/","url":"https:\/\/hundtgroup.com\/sk\/produkt\/akumulatorovy-multifunkcny-rezac-bosch-exop18v-40-solo\/","name":"Akumul\u00e1torov\u00fd multifunk\u010dn\u00fd reza\u010d Bosch EXOP18V-40 solo - Wilhelm Hundt GmbH","isPartOf":{"@id":"https:\/\/hundtgroup.com\/sk\/#website"},"primaryImageOfPage":{"@id":"https:\/\/hundtgroup.com\/sk\/produkt\/akumulatorovy-multifunkcny-rezac-bosch-exop18v-40-solo\/#primaryimage"},"image":{"@id":"https:\/\/hundtgroup.com\/sk\/produkt\/akumulatorovy-multifunkcny-rezac-bosch-exop18v-40-solo\/#primaryimage"},"thumbnailUrl":"https:\/\/hundtgroup.com\/wp-content\/uploads\/340818.jpg","datePublished":"2026-01-28T09:17:35+00:00","breadcrumb":{"@id":"https:\/\/hundtgroup.com\/sk\/produkt\/akumulatorovy-multifunkcny-rezac-bosch-exop18v-40-solo\/#breadcrumb"},"inLanguage":"sk-SK","potentialAction":[{"@type":"ReadAction","target":["https:\/\/hundtgroup.com\/sk\/produkt\/akumulatorovy-multifunkcny-rezac-bosch-exop18v-40-solo\/"]}]},{"@type":"ImageObject","inLanguage":"sk-SK","@id":"https:\/\/hundtgroup.com\/sk\/produkt\/akumulatorovy-multifunkcny-rezac-bosch-exop18v-40-solo\/#primaryimage","url":"https:\/\/hundtgroup.com\/wp-content\/uploads\/340818.jpg","contentUrl":"https:\/\/hundtgroup.com\/wp-content\/uploads\/340818.jpg","width":600,"height":600},{"@type":"BreadcrumbList","@id":"https:\/\/hundtgroup.com\/sk\/produkt\/akumulatorovy-multifunkcny-rezac-bosch-exop18v-40-solo\/#breadcrumb","itemListElement":[{"@type":"ListItem","position":1,"name":"Startseite","item":"https:\/\/hundtgroup.com\/sk\/domov-nove\/"},{"@type":"ListItem","position":2,"name":"Obchod","item":"https:\/\/hundtgroup.com\/obchod\/"},{"@type":"ListItem","position":3,"name":"Akumul\u00e1torov\u00fd multifunk\u010dn\u00fd reza\u010d Bosch EXOP18V-40 solo"}]},{"@type":"WebSite","@id":"https:\/\/hundtgroup.com\/sk\/#website","url":"https:\/\/hundtgroup.com\/sk\/","name":"Wilhelm Hundt GmbH","description":"V\u00e1\u0161 \u0161pecialista na stroje a n\u00e1stroje na spracovanie plechu","potentialAction":[{"@type":"SearchAction","target":{"@type":"EntryPoint","urlTemplate":"https:\/\/hundtgroup.com\/sk\/?s={search_term_string}"},"query-input":{"@type":"PropertyValueSpecification","valueRequired":true,"valueName":"search_term_string"}}],"inLanguage":"sk-SK"}]}},"_links":{"self":[{"href":"https:\/\/hundtgroup.com\/sk\/wp-json\/wp\/v2\/product\/41166","targetHints":{"allow":["GET"]}}],"collection":[{"href":"https:\/\/hundtgroup.com\/sk\/wp-json\/wp\/v2\/product"}],"about":[{"href":"https:\/\/hundtgroup.com\/sk\/wp-json\/wp\/v2\/types\/product"}],"wp:featuredmedia":[{"embeddable":true,"href":"https:\/\/hundtgroup.com\/sk\/wp-json\/wp\/v2\/media\/41168"}],"wp:attachment":[{"href":"https:\/\/hundtgroup.com\/sk\/wp-json\/wp\/v2\/media?parent=41166"}],"wp:term":[{"taxonomy":"product_cat","embeddable":true,"href":"https:\/\/hundtgroup.com\/sk\/wp-json\/wp\/v2\/product_cat?post=41166"},{"taxonomy":"product_tag","embeddable":true,"href":"https:\/\/hundtgroup.com\/sk\/wp-json\/wp\/v2\/product_tag?post=41166"}],"curies":[{"name":"wp","href":"https:\/\/api.w.org\/{rel}","templated":true}]}}