{"id":41173,"date":"2026-01-28T10:17:35","date_gmt":"2026-01-28T09:17:35","guid":{"rendered":"https:\/\/hundtgroup.com\/produkt\/akumulatorova-priamociara-pila-bosch-exst18v-155b-solo\/"},"modified":"2026-01-28T10:17:35","modified_gmt":"2026-01-28T09:17:35","slug":"akumulatorova-priamociara-pila-bosch-exst18v-155b-solo","status":"publish","type":"product","link":"https:\/\/hundtgroup.com\/sk\/produkt\/akumulatorova-priamociara-pila-bosch-exst18v-155b-solo\/","title":{"rendered":"Akumul\u00e1torov\u00e1 priamo\u010diara p\u00edla Bosch EXST18V-155B solo"},"content":{"rendered":"<p>A\u017e 4-n\u00e1sobne vy\u0161\u0161ia presnos\u0165 ako pri modeli Professional GST 18V-125\u00b9<br \/>\nMaxim\u00e1lna presnos\u0165: Vedenie p\u00edlov\u00e9ho kot\u00fa\u010da zabra\u0148uje pohybu p\u00edlov\u00e9ho kot\u00fa\u010da aj v \u00fazkych z\u00e1krut\u00e1ch a zabezpe\u010duje dokonal\u00fa presnos\u0165<br \/>\nPresn\u00e9 ovl\u00e1danie: Plocha rukov\u00e4te v hornej \u010dasti a sp\u00edna\u010d plynu zaru\u010duj\u00fa dokonal\u00e9 ovl\u00e1danie n\u00e1stroja a maxim\u00e1lnu presnos\u0165<br \/>\nPokro\u010dil\u00e1 ochrana pou\u017e\u00edvate\u013ea: Syst\u00e9m Drop Control minimalizuje riziko poranenia okam\u017eit\u00fdm vypnut\u00edm n\u00e1stroja pri p\u00e1de<br \/>\nOds\u00e1vanie prachu: Jednoducho pripojite\u013en\u00fd ods\u00e1vac\u00ed adapt\u00e9r s k\u013abom na flexibiln\u00e9 umiestnenie ods\u00e1vacej hadice<\/p>\n","protected":false},"excerpt":{"rendered":"<p>A\u017e 4-n\u00e1sobne vy\u0161\u0161ia presnos\u0165 ako pri modeli Professional GST 18V-125\u00b9 Maxim\u00e1lna presnos\u0165: Vedenie p\u00edlov\u00e9ho kot\u00fa\u010da zabra\u0148uje pohybu p\u00edlov\u00e9ho kot\u00fa\u010da aj v \u00fazkych z\u00e1krut\u00e1ch a zabezpe\u010duje dokonal\u00fa presnos\u0165 Presn\u00e9 ovl\u00e1danie: Plocha rukov\u00e4te v hornej \u010dasti a sp\u00edna\u010d plynu zaru\u010duj\u00fa dokonal\u00e9 ovl\u00e1danie n\u00e1stroja a maxim\u00e1lnu presnos\u0165 Pokro\u010dil\u00e1 ochrana pou\u017e\u00edvate\u013ea: Syst\u00e9m Drop Control minimalizuje riziko poranenia okam\u017eit\u00fdm vypnut\u00edm [&hellip;]<\/p>\n","protected":false},"featured_media":41174,"template":"","meta":{"_acf_changed":false,"inline_featured_image":false},"product_cat":[644,2325],"product_tag":[],"class_list":{"0":"post-41173","1":"product","2":"type-product","3":"status-publish","4":"has-post-thumbnail","6":"brand-bosch-expert","7":"product_cat-nastroje-na-baterie","8":"product_cat-skladacky-sk","10":"first","11":"instock","12":"taxable","13":"shipping-taxable","14":"purchasable","15":"product-type-simple","16":"add-to-wishlist-before_image"},"acf":[],"yoast_head":"<!-- This site is optimized with the Yoast SEO plugin v27.3 - https:\/\/yoast.com\/product\/yoast-seo-wordpress\/ -->\n<title>Akumul\u00e1torov\u00e1 priamo\u010diara p\u00edla Bosch EXST18V-155B solo - Wilhelm Hundt GmbH<\/title>\n<meta name=\"robots\" content=\"index, follow, max-snippet:-1, max-image-preview:large, max-video-preview:-1\" \/>\n<link rel=\"canonical\" href=\"https:\/\/hundtgroup.com\/sk\/produkt\/akumulatorova-priamociara-pila-bosch-exst18v-155b-solo\/\" \/>\n<meta property=\"og:locale\" content=\"sk_SK\" \/>\n<meta property=\"og:type\" content=\"article\" \/>\n<meta property=\"og:title\" content=\"Akumul\u00e1torov\u00e1 priamo\u010diara p\u00edla Bosch EXST18V-155B solo - Wilhelm Hundt GmbH\" \/>\n<meta property=\"og:description\" content=\"A\u017e 4-n\u00e1sobne vy\u0161\u0161ia presnos\u0165 ako pri modeli Professional GST 18V-125\u00b9 Maxim\u00e1lna presnos\u0165: Vedenie p\u00edlov\u00e9ho kot\u00fa\u010da zabra\u0148uje pohybu p\u00edlov\u00e9ho kot\u00fa\u010da aj v \u00fazkych z\u00e1krut\u00e1ch a zabezpe\u010duje dokonal\u00fa presnos\u0165 Presn\u00e9 ovl\u00e1danie: Plocha rukov\u00e4te v hornej \u010dasti a sp\u00edna\u010d plynu zaru\u010duj\u00fa dokonal\u00e9 ovl\u00e1danie n\u00e1stroja a maxim\u00e1lnu presnos\u0165 Pokro\u010dil\u00e1 ochrana pou\u017e\u00edvate\u013ea: Syst\u00e9m Drop Control minimalizuje riziko poranenia okam\u017eit\u00fdm vypnut\u00edm [&hellip;]\" \/>\n<meta property=\"og:url\" content=\"https:\/\/hundtgroup.com\/sk\/produkt\/akumulatorova-priamociara-pila-bosch-exst18v-155b-solo\/\" \/>\n<meta property=\"og:site_name\" content=\"Wilhelm Hundt GmbH\" \/>\n<meta property=\"og:image\" content=\"https:\/\/hundtgroup.com\/wp-content\/uploads\/340816.jpg\" \/>\n\t<meta property=\"og:image:width\" content=\"1062\" \/>\n\t<meta property=\"og:image:height\" content=\"985\" \/>\n\t<meta property=\"og:image:type\" content=\"image\/jpeg\" \/>\n<meta name=\"twitter:card\" content=\"summary_large_image\" \/>\n<meta name=\"twitter:label1\" content=\"Predpokladan\u00fd \u010das \u010d\u00edtania\" \/>\n\t<meta name=\"twitter:data1\" content=\"1 min\u00fata\" \/>\n<script type=\"application\/ld+json\" class=\"yoast-schema-graph\">{\"@context\":\"https:\\\/\\\/schema.org\",\"@graph\":[{\"@type\":\"WebPage\",\"@id\":\"https:\\\/\\\/hundtgroup.com\\\/sk\\\/produkt\\\/akumulatorova-priamociara-pila-bosch-exst18v-155b-solo\\\/\",\"url\":\"https:\\\/\\\/hundtgroup.com\\\/sk\\\/produkt\\\/akumulatorova-priamociara-pila-bosch-exst18v-155b-solo\\\/\",\"name\":\"Akumul\u00e1torov\u00e1 priamo\u010diara p\u00edla Bosch EXST18V-155B solo - Wilhelm Hundt GmbH\",\"isPartOf\":{\"@id\":\"https:\\\/\\\/hundtgroup.com\\\/sk\\\/#website\"},\"primaryImageOfPage\":{\"@id\":\"https:\\\/\\\/hundtgroup.com\\\/sk\\\/produkt\\\/akumulatorova-priamociara-pila-bosch-exst18v-155b-solo\\\/#primaryimage\"},\"image\":{\"@id\":\"https:\\\/\\\/hundtgroup.com\\\/sk\\\/produkt\\\/akumulatorova-priamociara-pila-bosch-exst18v-155b-solo\\\/#primaryimage\"},\"thumbnailUrl\":\"https:\\\/\\\/hundtgroup.com\\\/wp-content\\\/uploads\\\/340816.jpg\",\"datePublished\":\"2026-01-28T09:17:35+00:00\",\"breadcrumb\":{\"@id\":\"https:\\\/\\\/hundtgroup.com\\\/sk\\\/produkt\\\/akumulatorova-priamociara-pila-bosch-exst18v-155b-solo\\\/#breadcrumb\"},\"inLanguage\":\"sk-SK\",\"potentialAction\":[{\"@type\":\"ReadAction\",\"target\":[\"https:\\\/\\\/hundtgroup.com\\\/sk\\\/produkt\\\/akumulatorova-priamociara-pila-bosch-exst18v-155b-solo\\\/\"]}]},{\"@type\":\"ImageObject\",\"inLanguage\":\"sk-SK\",\"@id\":\"https:\\\/\\\/hundtgroup.com\\\/sk\\\/produkt\\\/akumulatorova-priamociara-pila-bosch-exst18v-155b-solo\\\/#primaryimage\",\"url\":\"https:\\\/\\\/hundtgroup.com\\\/wp-content\\\/uploads\\\/340816.jpg\",\"contentUrl\":\"https:\\\/\\\/hundtgroup.com\\\/wp-content\\\/uploads\\\/340816.jpg\",\"width\":1062,\"height\":985},{\"@type\":\"BreadcrumbList\",\"@id\":\"https:\\\/\\\/hundtgroup.com\\\/sk\\\/produkt\\\/akumulatorova-priamociara-pila-bosch-exst18v-155b-solo\\\/#breadcrumb\",\"itemListElement\":[{\"@type\":\"ListItem\",\"position\":1,\"name\":\"Startseite\",\"item\":\"https:\\\/\\\/hundtgroup.com\\\/sk\\\/domov-nove\\\/\"},{\"@type\":\"ListItem\",\"position\":2,\"name\":\"Obchod\",\"item\":\"https:\\\/\\\/hundtgroup.com\\\/obchod\\\/\"},{\"@type\":\"ListItem\",\"position\":3,\"name\":\"Akumul\u00e1torov\u00e1 priamo\u010diara p\u00edla Bosch EXST18V-155B solo\"}]},{\"@type\":\"WebSite\",\"@id\":\"https:\\\/\\\/hundtgroup.com\\\/sk\\\/#website\",\"url\":\"https:\\\/\\\/hundtgroup.com\\\/sk\\\/\",\"name\":\"Wilhelm Hundt GmbH\",\"description\":\"V\u00e1\u0161 \u0161pecialista na stroje a n\u00e1stroje na spracovanie plechu\",\"potentialAction\":[{\"@type\":\"SearchAction\",\"target\":{\"@type\":\"EntryPoint\",\"urlTemplate\":\"https:\\\/\\\/hundtgroup.com\\\/sk\\\/?s={search_term_string}\"},\"query-input\":{\"@type\":\"PropertyValueSpecification\",\"valueRequired\":true,\"valueName\":\"search_term_string\"}}],\"inLanguage\":\"sk-SK\"}]}<\/script>\n<!-- \/ Yoast SEO plugin. -->","yoast_head_json":{"title":"Akumul\u00e1torov\u00e1 priamo\u010diara p\u00edla Bosch EXST18V-155B solo - Wilhelm Hundt GmbH","robots":{"index":"index","follow":"follow","max-snippet":"max-snippet:-1","max-image-preview":"max-image-preview:large","max-video-preview":"max-video-preview:-1"},"canonical":"https:\/\/hundtgroup.com\/sk\/produkt\/akumulatorova-priamociara-pila-bosch-exst18v-155b-solo\/","og_locale":"sk_SK","og_type":"article","og_title":"Akumul\u00e1torov\u00e1 priamo\u010diara p\u00edla Bosch EXST18V-155B solo - Wilhelm Hundt GmbH","og_description":"A\u017e 4-n\u00e1sobne vy\u0161\u0161ia presnos\u0165 ako pri modeli Professional GST 18V-125\u00b9 Maxim\u00e1lna presnos\u0165: Vedenie p\u00edlov\u00e9ho kot\u00fa\u010da zabra\u0148uje pohybu p\u00edlov\u00e9ho kot\u00fa\u010da aj v \u00fazkych z\u00e1krut\u00e1ch a zabezpe\u010duje dokonal\u00fa presnos\u0165 Presn\u00e9 ovl\u00e1danie: Plocha rukov\u00e4te v hornej \u010dasti a sp\u00edna\u010d plynu zaru\u010duj\u00fa dokonal\u00e9 ovl\u00e1danie n\u00e1stroja a maxim\u00e1lnu presnos\u0165 Pokro\u010dil\u00e1 ochrana pou\u017e\u00edvate\u013ea: Syst\u00e9m Drop Control minimalizuje riziko poranenia okam\u017eit\u00fdm vypnut\u00edm [&hellip;]","og_url":"https:\/\/hundtgroup.com\/sk\/produkt\/akumulatorova-priamociara-pila-bosch-exst18v-155b-solo\/","og_site_name":"Wilhelm Hundt GmbH","og_image":[{"width":1062,"height":985,"url":"https:\/\/hundtgroup.com\/wp-content\/uploads\/340816.jpg","type":"image\/jpeg"}],"twitter_card":"summary_large_image","twitter_misc":{"Predpokladan\u00fd \u010das \u010d\u00edtania":"1 min\u00fata"},"schema":{"@context":"https:\/\/schema.org","@graph":[{"@type":"WebPage","@id":"https:\/\/hundtgroup.com\/sk\/produkt\/akumulatorova-priamociara-pila-bosch-exst18v-155b-solo\/","url":"https:\/\/hundtgroup.com\/sk\/produkt\/akumulatorova-priamociara-pila-bosch-exst18v-155b-solo\/","name":"Akumul\u00e1torov\u00e1 priamo\u010diara p\u00edla Bosch EXST18V-155B solo - Wilhelm Hundt GmbH","isPartOf":{"@id":"https:\/\/hundtgroup.com\/sk\/#website"},"primaryImageOfPage":{"@id":"https:\/\/hundtgroup.com\/sk\/produkt\/akumulatorova-priamociara-pila-bosch-exst18v-155b-solo\/#primaryimage"},"image":{"@id":"https:\/\/hundtgroup.com\/sk\/produkt\/akumulatorova-priamociara-pila-bosch-exst18v-155b-solo\/#primaryimage"},"thumbnailUrl":"https:\/\/hundtgroup.com\/wp-content\/uploads\/340816.jpg","datePublished":"2026-01-28T09:17:35+00:00","breadcrumb":{"@id":"https:\/\/hundtgroup.com\/sk\/produkt\/akumulatorova-priamociara-pila-bosch-exst18v-155b-solo\/#breadcrumb"},"inLanguage":"sk-SK","potentialAction":[{"@type":"ReadAction","target":["https:\/\/hundtgroup.com\/sk\/produkt\/akumulatorova-priamociara-pila-bosch-exst18v-155b-solo\/"]}]},{"@type":"ImageObject","inLanguage":"sk-SK","@id":"https:\/\/hundtgroup.com\/sk\/produkt\/akumulatorova-priamociara-pila-bosch-exst18v-155b-solo\/#primaryimage","url":"https:\/\/hundtgroup.com\/wp-content\/uploads\/340816.jpg","contentUrl":"https:\/\/hundtgroup.com\/wp-content\/uploads\/340816.jpg","width":1062,"height":985},{"@type":"BreadcrumbList","@id":"https:\/\/hundtgroup.com\/sk\/produkt\/akumulatorova-priamociara-pila-bosch-exst18v-155b-solo\/#breadcrumb","itemListElement":[{"@type":"ListItem","position":1,"name":"Startseite","item":"https:\/\/hundtgroup.com\/sk\/domov-nove\/"},{"@type":"ListItem","position":2,"name":"Obchod","item":"https:\/\/hundtgroup.com\/obchod\/"},{"@type":"ListItem","position":3,"name":"Akumul\u00e1torov\u00e1 priamo\u010diara p\u00edla Bosch EXST18V-155B solo"}]},{"@type":"WebSite","@id":"https:\/\/hundtgroup.com\/sk\/#website","url":"https:\/\/hundtgroup.com\/sk\/","name":"Wilhelm Hundt GmbH","description":"V\u00e1\u0161 \u0161pecialista na stroje a n\u00e1stroje na spracovanie plechu","potentialAction":[{"@type":"SearchAction","target":{"@type":"EntryPoint","urlTemplate":"https:\/\/hundtgroup.com\/sk\/?s={search_term_string}"},"query-input":{"@type":"PropertyValueSpecification","valueRequired":true,"valueName":"search_term_string"}}],"inLanguage":"sk-SK"}]}},"_links":{"self":[{"href":"https:\/\/hundtgroup.com\/sk\/wp-json\/wp\/v2\/product\/41173","targetHints":{"allow":["GET"]}}],"collection":[{"href":"https:\/\/hundtgroup.com\/sk\/wp-json\/wp\/v2\/product"}],"about":[{"href":"https:\/\/hundtgroup.com\/sk\/wp-json\/wp\/v2\/types\/product"}],"wp:featuredmedia":[{"embeddable":true,"href":"https:\/\/hundtgroup.com\/sk\/wp-json\/wp\/v2\/media\/41174"}],"wp:attachment":[{"href":"https:\/\/hundtgroup.com\/sk\/wp-json\/wp\/v2\/media?parent=41173"}],"wp:term":[{"taxonomy":"product_cat","embeddable":true,"href":"https:\/\/hundtgroup.com\/sk\/wp-json\/wp\/v2\/product_cat?post=41173"},{"taxonomy":"product_tag","embeddable":true,"href":"https:\/\/hundtgroup.com\/sk\/wp-json\/wp\/v2\/product_tag?post=41173"}],"curies":[{"name":"wp","href":"https:\/\/api.w.org\/{rel}","templated":true}]}}