{"id":41358,"date":"2026-01-28T10:17:57","date_gmt":"2026-01-28T09:17:57","guid":{"rendered":"https:\/\/hundtgroup.com\/produkt\/startovacia-suprava-bosch-expert-150-ah-18v-160\/"},"modified":"2026-01-28T10:17:57","modified_gmt":"2026-01-28T09:17:57","slug":"startovacia-suprava-bosch-expert-150-ah-18v-160","status":"publish","type":"product","link":"https:\/\/hundtgroup.com\/sk\/produkt\/startovacia-suprava-bosch-expert-150-ah-18v-160\/","title":{"rendered":"\u0160tartovacia s\u00faprava Bosch EXPERT 15,0 Ah 18V-160"},"content":{"rendered":"<p>A\u017e o 280 % dlh\u0161ia doba chodu ako v pr\u00edpade profesion\u00e1lnej bat\u00e9rie GBA 18V 4,0 Ah\u00b9<br \/>\nMaxim\u00e1lna doba chodu: V\u00fdnimo\u010dn\u00e1 nepretr\u017eit\u00e1 doba chodu v n\u00e1ro\u010dn\u00fdch aplik\u00e1ci\u00e1ch<br \/>\nVysoko v\u00fdkonn\u00e9 \u010dl\u00e1nky: Najnov\u0161\u00ed \u010dl\u00e1nok s kapacitou 5,0 Ah v na\u0161ej trojvrstvovej bat\u00e9rii s maxim\u00e1lnym v\u00fdkonom a\u017e 2400 W (intern\u00fd laborat\u00f3rny test; okam\u017eit\u00fd maxim\u00e1lny v\u00fdkon, plne nabit\u00e1, nov\u00e1 bat\u00e9ria)<br \/>\nMimoriadne r\u00fdchle nab\u00edjanie: V\u010faka vysok\u00e9mu nab\u00edjaciemu pr\u00fadu 16 A sa akumul\u00e1tor EXBA18V-150 \u00faplne nabije za 60 min\u00fat.<br \/>\nJeden akumul\u00e1tor pre v\u0161etk\u00fdch: Kompatibiln\u00fd so syst\u00e9mom Bosch Professional 18V a alianciou akumul\u00e1torov AMPShare pre r\u00f4zne zna\u010dky <\/p>\n","protected":false},"excerpt":{"rendered":"<p>A\u017e o 280 % dlh\u0161ia doba chodu ako v pr\u00edpade profesion\u00e1lnej bat\u00e9rie GBA 18V 4,0 Ah\u00b9 Maxim\u00e1lna doba chodu: V\u00fdnimo\u010dn\u00e1 nepretr\u017eit\u00e1 doba chodu v n\u00e1ro\u010dn\u00fdch aplik\u00e1ci\u00e1ch Vysoko v\u00fdkonn\u00e9 \u010dl\u00e1nky: Najnov\u0161\u00ed \u010dl\u00e1nok s kapacitou 5,0 Ah v na\u0161ej trojvrstvovej bat\u00e9rii s maxim\u00e1lnym v\u00fdkonom a\u017e 2400 W (intern\u00fd laborat\u00f3rny test; okam\u017eit\u00fd maxim\u00e1lny v\u00fdkon, plne nabit\u00e1, nov\u00e1 bat\u00e9ria) [&hellip;]<\/p>\n","protected":false},"featured_media":41360,"template":"","meta":{"_acf_changed":false,"inline_featured_image":false},"product_cat":[2331,2167],"product_tag":[],"class_list":{"0":"post-41358","1":"product","2":"type-product","3":"status-publish","4":"has-post-thumbnail","6":"brand-bosch-expert","7":"product_cat-startovacia-sada","8":"product_cat-baterie-elektricke-prislusenstvo","10":"first","11":"instock","12":"taxable","13":"shipping-taxable","14":"purchasable","15":"product-type-simple","16":"add-to-wishlist-before_image"},"acf":[],"yoast_head":"<!-- This site is optimized with the Yoast SEO plugin v27.3 - https:\/\/yoast.com\/product\/yoast-seo-wordpress\/ -->\n<title>\u0160tartovacia s\u00faprava Bosch EXPERT 15,0 Ah 18V-160 - Wilhelm Hundt GmbH<\/title>\n<meta name=\"robots\" content=\"index, follow, max-snippet:-1, max-image-preview:large, max-video-preview:-1\" \/>\n<link rel=\"canonical\" href=\"https:\/\/hundtgroup.com\/sk\/produkt\/startovacia-suprava-bosch-expert-150-ah-18v-160\/\" \/>\n<meta property=\"og:locale\" content=\"sk_SK\" \/>\n<meta property=\"og:type\" content=\"article\" \/>\n<meta property=\"og:title\" content=\"\u0160tartovacia s\u00faprava Bosch EXPERT 15,0 Ah 18V-160 - Wilhelm Hundt GmbH\" \/>\n<meta property=\"og:description\" content=\"A\u017e o 280 % dlh\u0161ia doba chodu ako v pr\u00edpade profesion\u00e1lnej bat\u00e9rie GBA 18V 4,0 Ah\u00b9 Maxim\u00e1lna doba chodu: V\u00fdnimo\u010dn\u00e1 nepretr\u017eit\u00e1 doba chodu v n\u00e1ro\u010dn\u00fdch aplik\u00e1ci\u00e1ch Vysoko v\u00fdkonn\u00e9 \u010dl\u00e1nky: Najnov\u0161\u00ed \u010dl\u00e1nok s kapacitou 5,0 Ah v na\u0161ej trojvrstvovej bat\u00e9rii s maxim\u00e1lnym v\u00fdkonom a\u017e 2400 W (intern\u00fd laborat\u00f3rny test; okam\u017eit\u00fd maxim\u00e1lny v\u00fdkon, plne nabit\u00e1, nov\u00e1 bat\u00e9ria) [&hellip;]\" \/>\n<meta property=\"og:url\" content=\"https:\/\/hundtgroup.com\/sk\/produkt\/startovacia-suprava-bosch-expert-150-ah-18v-160\/\" \/>\n<meta property=\"og:site_name\" content=\"Wilhelm Hundt GmbH\" \/>\n<meta property=\"og:image\" content=\"https:\/\/hundtgroup.com\/wp-content\/uploads\/340867.jpg\" \/>\n\t<meta property=\"og:image:width\" content=\"1227\" \/>\n\t<meta property=\"og:image:height\" content=\"959\" \/>\n\t<meta property=\"og:image:type\" content=\"image\/jpeg\" \/>\n<meta name=\"twitter:card\" content=\"summary_large_image\" \/>\n<meta name=\"twitter:label1\" content=\"Predpokladan\u00fd \u010das \u010d\u00edtania\" \/>\n\t<meta name=\"twitter:data1\" content=\"1 min\u00fata\" \/>\n<script type=\"application\/ld+json\" class=\"yoast-schema-graph\">{\"@context\":\"https:\\\/\\\/schema.org\",\"@graph\":[{\"@type\":\"WebPage\",\"@id\":\"https:\\\/\\\/hundtgroup.com\\\/sk\\\/produkt\\\/startovacia-suprava-bosch-expert-150-ah-18v-160\\\/\",\"url\":\"https:\\\/\\\/hundtgroup.com\\\/sk\\\/produkt\\\/startovacia-suprava-bosch-expert-150-ah-18v-160\\\/\",\"name\":\"\u0160tartovacia s\u00faprava Bosch EXPERT 15,0 Ah 18V-160 - Wilhelm Hundt GmbH\",\"isPartOf\":{\"@id\":\"https:\\\/\\\/hundtgroup.com\\\/sk\\\/#website\"},\"primaryImageOfPage\":{\"@id\":\"https:\\\/\\\/hundtgroup.com\\\/sk\\\/produkt\\\/startovacia-suprava-bosch-expert-150-ah-18v-160\\\/#primaryimage\"},\"image\":{\"@id\":\"https:\\\/\\\/hundtgroup.com\\\/sk\\\/produkt\\\/startovacia-suprava-bosch-expert-150-ah-18v-160\\\/#primaryimage\"},\"thumbnailUrl\":\"https:\\\/\\\/hundtgroup.com\\\/wp-content\\\/uploads\\\/340867.jpg\",\"datePublished\":\"2026-01-28T09:17:57+00:00\",\"breadcrumb\":{\"@id\":\"https:\\\/\\\/hundtgroup.com\\\/sk\\\/produkt\\\/startovacia-suprava-bosch-expert-150-ah-18v-160\\\/#breadcrumb\"},\"inLanguage\":\"sk-SK\",\"potentialAction\":[{\"@type\":\"ReadAction\",\"target\":[\"https:\\\/\\\/hundtgroup.com\\\/sk\\\/produkt\\\/startovacia-suprava-bosch-expert-150-ah-18v-160\\\/\"]}]},{\"@type\":\"ImageObject\",\"inLanguage\":\"sk-SK\",\"@id\":\"https:\\\/\\\/hundtgroup.com\\\/sk\\\/produkt\\\/startovacia-suprava-bosch-expert-150-ah-18v-160\\\/#primaryimage\",\"url\":\"https:\\\/\\\/hundtgroup.com\\\/wp-content\\\/uploads\\\/340867.jpg\",\"contentUrl\":\"https:\\\/\\\/hundtgroup.com\\\/wp-content\\\/uploads\\\/340867.jpg\",\"width\":1227,\"height\":959},{\"@type\":\"BreadcrumbList\",\"@id\":\"https:\\\/\\\/hundtgroup.com\\\/sk\\\/produkt\\\/startovacia-suprava-bosch-expert-150-ah-18v-160\\\/#breadcrumb\",\"itemListElement\":[{\"@type\":\"ListItem\",\"position\":1,\"name\":\"Startseite\",\"item\":\"https:\\\/\\\/hundtgroup.com\\\/sk\\\/domov-nove\\\/\"},{\"@type\":\"ListItem\",\"position\":2,\"name\":\"Obchod\",\"item\":\"https:\\\/\\\/hundtgroup.com\\\/obchod\\\/\"},{\"@type\":\"ListItem\",\"position\":3,\"name\":\"\u0160tartovacia s\u00faprava Bosch EXPERT 15,0 Ah 18V-160\"}]},{\"@type\":\"WebSite\",\"@id\":\"https:\\\/\\\/hundtgroup.com\\\/sk\\\/#website\",\"url\":\"https:\\\/\\\/hundtgroup.com\\\/sk\\\/\",\"name\":\"Wilhelm Hundt GmbH\",\"description\":\"V\u00e1\u0161 \u0161pecialista na stroje a n\u00e1stroje na spracovanie plechu\",\"potentialAction\":[{\"@type\":\"SearchAction\",\"target\":{\"@type\":\"EntryPoint\",\"urlTemplate\":\"https:\\\/\\\/hundtgroup.com\\\/sk\\\/?s={search_term_string}\"},\"query-input\":{\"@type\":\"PropertyValueSpecification\",\"valueRequired\":true,\"valueName\":\"search_term_string\"}}],\"inLanguage\":\"sk-SK\"}]}<\/script>\n<!-- \/ Yoast SEO plugin. -->","yoast_head_json":{"title":"\u0160tartovacia s\u00faprava Bosch EXPERT 15,0 Ah 18V-160 - Wilhelm Hundt GmbH","robots":{"index":"index","follow":"follow","max-snippet":"max-snippet:-1","max-image-preview":"max-image-preview:large","max-video-preview":"max-video-preview:-1"},"canonical":"https:\/\/hundtgroup.com\/sk\/produkt\/startovacia-suprava-bosch-expert-150-ah-18v-160\/","og_locale":"sk_SK","og_type":"article","og_title":"\u0160tartovacia s\u00faprava Bosch EXPERT 15,0 Ah 18V-160 - Wilhelm Hundt GmbH","og_description":"A\u017e o 280 % dlh\u0161ia doba chodu ako v pr\u00edpade profesion\u00e1lnej bat\u00e9rie GBA 18V 4,0 Ah\u00b9 Maxim\u00e1lna doba chodu: V\u00fdnimo\u010dn\u00e1 nepretr\u017eit\u00e1 doba chodu v n\u00e1ro\u010dn\u00fdch aplik\u00e1ci\u00e1ch Vysoko v\u00fdkonn\u00e9 \u010dl\u00e1nky: Najnov\u0161\u00ed \u010dl\u00e1nok s kapacitou 5,0 Ah v na\u0161ej trojvrstvovej bat\u00e9rii s maxim\u00e1lnym v\u00fdkonom a\u017e 2400 W (intern\u00fd laborat\u00f3rny test; okam\u017eit\u00fd maxim\u00e1lny v\u00fdkon, plne nabit\u00e1, nov\u00e1 bat\u00e9ria) [&hellip;]","og_url":"https:\/\/hundtgroup.com\/sk\/produkt\/startovacia-suprava-bosch-expert-150-ah-18v-160\/","og_site_name":"Wilhelm Hundt GmbH","og_image":[{"width":1227,"height":959,"url":"https:\/\/hundtgroup.com\/wp-content\/uploads\/340867.jpg","type":"image\/jpeg"}],"twitter_card":"summary_large_image","twitter_misc":{"Predpokladan\u00fd \u010das \u010d\u00edtania":"1 min\u00fata"},"schema":{"@context":"https:\/\/schema.org","@graph":[{"@type":"WebPage","@id":"https:\/\/hundtgroup.com\/sk\/produkt\/startovacia-suprava-bosch-expert-150-ah-18v-160\/","url":"https:\/\/hundtgroup.com\/sk\/produkt\/startovacia-suprava-bosch-expert-150-ah-18v-160\/","name":"\u0160tartovacia s\u00faprava Bosch EXPERT 15,0 Ah 18V-160 - Wilhelm Hundt GmbH","isPartOf":{"@id":"https:\/\/hundtgroup.com\/sk\/#website"},"primaryImageOfPage":{"@id":"https:\/\/hundtgroup.com\/sk\/produkt\/startovacia-suprava-bosch-expert-150-ah-18v-160\/#primaryimage"},"image":{"@id":"https:\/\/hundtgroup.com\/sk\/produkt\/startovacia-suprava-bosch-expert-150-ah-18v-160\/#primaryimage"},"thumbnailUrl":"https:\/\/hundtgroup.com\/wp-content\/uploads\/340867.jpg","datePublished":"2026-01-28T09:17:57+00:00","breadcrumb":{"@id":"https:\/\/hundtgroup.com\/sk\/produkt\/startovacia-suprava-bosch-expert-150-ah-18v-160\/#breadcrumb"},"inLanguage":"sk-SK","potentialAction":[{"@type":"ReadAction","target":["https:\/\/hundtgroup.com\/sk\/produkt\/startovacia-suprava-bosch-expert-150-ah-18v-160\/"]}]},{"@type":"ImageObject","inLanguage":"sk-SK","@id":"https:\/\/hundtgroup.com\/sk\/produkt\/startovacia-suprava-bosch-expert-150-ah-18v-160\/#primaryimage","url":"https:\/\/hundtgroup.com\/wp-content\/uploads\/340867.jpg","contentUrl":"https:\/\/hundtgroup.com\/wp-content\/uploads\/340867.jpg","width":1227,"height":959},{"@type":"BreadcrumbList","@id":"https:\/\/hundtgroup.com\/sk\/produkt\/startovacia-suprava-bosch-expert-150-ah-18v-160\/#breadcrumb","itemListElement":[{"@type":"ListItem","position":1,"name":"Startseite","item":"https:\/\/hundtgroup.com\/sk\/domov-nove\/"},{"@type":"ListItem","position":2,"name":"Obchod","item":"https:\/\/hundtgroup.com\/obchod\/"},{"@type":"ListItem","position":3,"name":"\u0160tartovacia s\u00faprava Bosch EXPERT 15,0 Ah 18V-160"}]},{"@type":"WebSite","@id":"https:\/\/hundtgroup.com\/sk\/#website","url":"https:\/\/hundtgroup.com\/sk\/","name":"Wilhelm Hundt GmbH","description":"V\u00e1\u0161 \u0161pecialista na stroje a n\u00e1stroje na spracovanie plechu","potentialAction":[{"@type":"SearchAction","target":{"@type":"EntryPoint","urlTemplate":"https:\/\/hundtgroup.com\/sk\/?s={search_term_string}"},"query-input":{"@type":"PropertyValueSpecification","valueRequired":true,"valueName":"search_term_string"}}],"inLanguage":"sk-SK"}]}},"_links":{"self":[{"href":"https:\/\/hundtgroup.com\/sk\/wp-json\/wp\/v2\/product\/41358","targetHints":{"allow":["GET"]}}],"collection":[{"href":"https:\/\/hundtgroup.com\/sk\/wp-json\/wp\/v2\/product"}],"about":[{"href":"https:\/\/hundtgroup.com\/sk\/wp-json\/wp\/v2\/types\/product"}],"wp:featuredmedia":[{"embeddable":true,"href":"https:\/\/hundtgroup.com\/sk\/wp-json\/wp\/v2\/media\/41360"}],"wp:attachment":[{"href":"https:\/\/hundtgroup.com\/sk\/wp-json\/wp\/v2\/media?parent=41358"}],"wp:term":[{"taxonomy":"product_cat","embeddable":true,"href":"https:\/\/hundtgroup.com\/sk\/wp-json\/wp\/v2\/product_cat?post=41358"},{"taxonomy":"product_tag","embeddable":true,"href":"https:\/\/hundtgroup.com\/sk\/wp-json\/wp\/v2\/product_tag?post=41358"}],"curies":[{"name":"wp","href":"https:\/\/api.w.org\/{rel}","templated":true}]}}