{"id":41439,"date":"2026-01-28T10:17:44","date_gmt":"2026-01-28T09:17:44","guid":{"rendered":"https:\/\/hundtgroup.com\/produkt\/akumulatorova-vrtacka-bosch-exsr18v-90fc-solo\/"},"modified":"2026-01-28T10:17:44","modified_gmt":"2026-01-28T09:17:44","slug":"akumulatorova-vrtacka-bosch-exsr18v-90fc-solo","status":"publish","type":"product","link":"https:\/\/hundtgroup.com\/sk\/produkt\/akumulatorova-vrtacka-bosch-exsr18v-90fc-solo\/","title":{"rendered":"Akumul\u00e1torov\u00e1 v\u0155ta\u010dka Bosch EXSR18V-90FC s\u00f3lo"},"content":{"rendered":"<p>Flexibilita 6 v 1 v\u010faka \u013eahko vymenite\u013en\u00fdm n\u00e1stavcom na v\u0155tanie a skrutkovanie<br \/>\nFlexibilita 6 v 1: V\u0161estrann\u00fd syst\u00e9m pozost\u00e1vaj\u00faci z 18V v\u0155tacieho skrutkova\u010da s FlexiClick a \u013eahko vymenite\u013en\u00fdch n\u00e1stavcov<br \/>\nSyst\u00e9m FlexiClick: Vysokokvalitn\u00e9 n\u00e1stavce na \u0161irok\u00fa \u0161k\u00e1lu v\u0155tac\u00edch a skrutkovac\u00edch aplik\u00e1ci\u00ed do dreva, kovu a dokonca aj bet\u00f3nu<br \/>\nPriekopn\u00edcka technol\u00f3gia: Jedine\u010dn\u00fd n\u00e1stavec GFA 18-H umo\u017e\u0148uje premenu v\u0155tacieho skrutkova\u010da na pr\u00edklepov\u00fa v\u0155ta\u010dku SDS plus<br \/>\nPerfektne vybaven\u00e9: Menej z\u00e1\u0165a\u017ee a st\u00e1le perfektne vybaven\u00fd na profesion\u00e1lnu pr\u00e1cu S FlexiClickom ste dokonale pripraven\u00ed aj na neo\u010dak\u00e1van\u00e9 prekvapenia na stavenisku<\/p>\n","protected":false},"excerpt":{"rendered":"<p>Flexibilita 6 v 1 v\u010faka \u013eahko vymenite\u013en\u00fdm n\u00e1stavcom na v\u0155tanie a skrutkovanie Flexibilita 6 v 1: V\u0161estrann\u00fd syst\u00e9m pozost\u00e1vaj\u00faci z 18V v\u0155tacieho skrutkova\u010da s FlexiClick a \u013eahko vymenite\u013en\u00fdch n\u00e1stavcov Syst\u00e9m FlexiClick: Vysokokvalitn\u00e9 n\u00e1stavce na \u0161irok\u00fa \u0161k\u00e1lu v\u0155tac\u00edch a skrutkovac\u00edch aplik\u00e1ci\u00ed do dreva, kovu a dokonca aj bet\u00f3nu Priekopn\u00edcka technol\u00f3gia: Jedine\u010dn\u00fd n\u00e1stavec GFA 18-H umo\u017e\u0148uje premenu [&hellip;]<\/p>\n","protected":false},"featured_media":41441,"template":"","meta":{"_acf_changed":false,"inline_featured_image":false},"product_cat":[644,2247],"product_tag":[],"class_list":{"0":"post-41439","1":"product","2":"type-product","3":"status-publish","4":"has-post-thumbnail","6":"brand-bosch-expert","7":"product_cat-nastroje-na-baterie","8":"product_cat-vrtacka","10":"first","11":"instock","12":"taxable","13":"shipping-taxable","14":"purchasable","15":"product-type-simple","16":"add-to-wishlist-before_image"},"acf":[],"yoast_head":"<!-- This site is optimized with the Yoast SEO plugin v27.3 - https:\/\/yoast.com\/product\/yoast-seo-wordpress\/ -->\n<title>Akumul\u00e1torov\u00e1 v\u0155ta\u010dka Bosch EXSR18V-90FC s\u00f3lo - Wilhelm Hundt GmbH<\/title>\n<meta name=\"robots\" content=\"index, follow, max-snippet:-1, max-image-preview:large, max-video-preview:-1\" \/>\n<link rel=\"canonical\" href=\"https:\/\/hundtgroup.com\/sk\/produkt\/akumulatorova-vrtacka-bosch-exsr18v-90fc-solo\/\" \/>\n<meta property=\"og:locale\" content=\"sk_SK\" \/>\n<meta property=\"og:type\" content=\"article\" \/>\n<meta property=\"og:title\" content=\"Akumul\u00e1torov\u00e1 v\u0155ta\u010dka Bosch EXSR18V-90FC s\u00f3lo - Wilhelm Hundt GmbH\" \/>\n<meta property=\"og:description\" content=\"Flexibilita 6 v 1 v\u010faka \u013eahko vymenite\u013en\u00fdm n\u00e1stavcom na v\u0155tanie a skrutkovanie Flexibilita 6 v 1: V\u0161estrann\u00fd syst\u00e9m pozost\u00e1vaj\u00faci z 18V v\u0155tacieho skrutkova\u010da s FlexiClick a \u013eahko vymenite\u013en\u00fdch n\u00e1stavcov Syst\u00e9m FlexiClick: Vysokokvalitn\u00e9 n\u00e1stavce na \u0161irok\u00fa \u0161k\u00e1lu v\u0155tac\u00edch a skrutkovac\u00edch aplik\u00e1ci\u00ed do dreva, kovu a dokonca aj bet\u00f3nu Priekopn\u00edcka technol\u00f3gia: Jedine\u010dn\u00fd n\u00e1stavec GFA 18-H umo\u017e\u0148uje premenu [&hellip;]\" \/>\n<meta property=\"og:url\" content=\"https:\/\/hundtgroup.com\/sk\/produkt\/akumulatorova-vrtacka-bosch-exsr18v-90fc-solo\/\" \/>\n<meta property=\"og:site_name\" content=\"Wilhelm Hundt GmbH\" \/>\n<meta property=\"og:image\" content=\"https:\/\/hundtgroup.com\/wp-content\/uploads\/340837.jpg\" \/>\n\t<meta property=\"og:image:width\" content=\"600\" \/>\n\t<meta property=\"og:image:height\" content=\"600\" \/>\n\t<meta property=\"og:image:type\" content=\"image\/jpeg\" \/>\n<meta name=\"twitter:card\" content=\"summary_large_image\" \/>\n<meta name=\"twitter:label1\" content=\"Predpokladan\u00fd \u010das \u010d\u00edtania\" \/>\n\t<meta name=\"twitter:data1\" content=\"1 min\u00fata\" \/>\n<script type=\"application\/ld+json\" class=\"yoast-schema-graph\">{\"@context\":\"https:\\\/\\\/schema.org\",\"@graph\":[{\"@type\":\"WebPage\",\"@id\":\"https:\\\/\\\/hundtgroup.com\\\/sk\\\/produkt\\\/akumulatorova-vrtacka-bosch-exsr18v-90fc-solo\\\/\",\"url\":\"https:\\\/\\\/hundtgroup.com\\\/sk\\\/produkt\\\/akumulatorova-vrtacka-bosch-exsr18v-90fc-solo\\\/\",\"name\":\"Akumul\u00e1torov\u00e1 v\u0155ta\u010dka Bosch EXSR18V-90FC s\u00f3lo - Wilhelm Hundt GmbH\",\"isPartOf\":{\"@id\":\"https:\\\/\\\/hundtgroup.com\\\/sk\\\/#website\"},\"primaryImageOfPage\":{\"@id\":\"https:\\\/\\\/hundtgroup.com\\\/sk\\\/produkt\\\/akumulatorova-vrtacka-bosch-exsr18v-90fc-solo\\\/#primaryimage\"},\"image\":{\"@id\":\"https:\\\/\\\/hundtgroup.com\\\/sk\\\/produkt\\\/akumulatorova-vrtacka-bosch-exsr18v-90fc-solo\\\/#primaryimage\"},\"thumbnailUrl\":\"https:\\\/\\\/hundtgroup.com\\\/wp-content\\\/uploads\\\/340837.jpg\",\"datePublished\":\"2026-01-28T09:17:44+00:00\",\"breadcrumb\":{\"@id\":\"https:\\\/\\\/hundtgroup.com\\\/sk\\\/produkt\\\/akumulatorova-vrtacka-bosch-exsr18v-90fc-solo\\\/#breadcrumb\"},\"inLanguage\":\"sk-SK\",\"potentialAction\":[{\"@type\":\"ReadAction\",\"target\":[\"https:\\\/\\\/hundtgroup.com\\\/sk\\\/produkt\\\/akumulatorova-vrtacka-bosch-exsr18v-90fc-solo\\\/\"]}]},{\"@type\":\"ImageObject\",\"inLanguage\":\"sk-SK\",\"@id\":\"https:\\\/\\\/hundtgroup.com\\\/sk\\\/produkt\\\/akumulatorova-vrtacka-bosch-exsr18v-90fc-solo\\\/#primaryimage\",\"url\":\"https:\\\/\\\/hundtgroup.com\\\/wp-content\\\/uploads\\\/340837.jpg\",\"contentUrl\":\"https:\\\/\\\/hundtgroup.com\\\/wp-content\\\/uploads\\\/340837.jpg\",\"width\":600,\"height\":600},{\"@type\":\"BreadcrumbList\",\"@id\":\"https:\\\/\\\/hundtgroup.com\\\/sk\\\/produkt\\\/akumulatorova-vrtacka-bosch-exsr18v-90fc-solo\\\/#breadcrumb\",\"itemListElement\":[{\"@type\":\"ListItem\",\"position\":1,\"name\":\"Startseite\",\"item\":\"https:\\\/\\\/hundtgroup.com\\\/sk\\\/domov-nove\\\/\"},{\"@type\":\"ListItem\",\"position\":2,\"name\":\"Obchod\",\"item\":\"https:\\\/\\\/hundtgroup.com\\\/obchod\\\/\"},{\"@type\":\"ListItem\",\"position\":3,\"name\":\"Akumul\u00e1torov\u00e1 v\u0155ta\u010dka Bosch EXSR18V-90FC s\u00f3lo\"}]},{\"@type\":\"WebSite\",\"@id\":\"https:\\\/\\\/hundtgroup.com\\\/sk\\\/#website\",\"url\":\"https:\\\/\\\/hundtgroup.com\\\/sk\\\/\",\"name\":\"Wilhelm Hundt GmbH\",\"description\":\"V\u00e1\u0161 \u0161pecialista na stroje a n\u00e1stroje na spracovanie plechu\",\"potentialAction\":[{\"@type\":\"SearchAction\",\"target\":{\"@type\":\"EntryPoint\",\"urlTemplate\":\"https:\\\/\\\/hundtgroup.com\\\/sk\\\/?s={search_term_string}\"},\"query-input\":{\"@type\":\"PropertyValueSpecification\",\"valueRequired\":true,\"valueName\":\"search_term_string\"}}],\"inLanguage\":\"sk-SK\"}]}<\/script>\n<!-- \/ Yoast SEO plugin. -->","yoast_head_json":{"title":"Akumul\u00e1torov\u00e1 v\u0155ta\u010dka Bosch EXSR18V-90FC s\u00f3lo - Wilhelm Hundt GmbH","robots":{"index":"index","follow":"follow","max-snippet":"max-snippet:-1","max-image-preview":"max-image-preview:large","max-video-preview":"max-video-preview:-1"},"canonical":"https:\/\/hundtgroup.com\/sk\/produkt\/akumulatorova-vrtacka-bosch-exsr18v-90fc-solo\/","og_locale":"sk_SK","og_type":"article","og_title":"Akumul\u00e1torov\u00e1 v\u0155ta\u010dka Bosch EXSR18V-90FC s\u00f3lo - Wilhelm Hundt GmbH","og_description":"Flexibilita 6 v 1 v\u010faka \u013eahko vymenite\u013en\u00fdm n\u00e1stavcom na v\u0155tanie a skrutkovanie Flexibilita 6 v 1: V\u0161estrann\u00fd syst\u00e9m pozost\u00e1vaj\u00faci z 18V v\u0155tacieho skrutkova\u010da s FlexiClick a \u013eahko vymenite\u013en\u00fdch n\u00e1stavcov Syst\u00e9m FlexiClick: Vysokokvalitn\u00e9 n\u00e1stavce na \u0161irok\u00fa \u0161k\u00e1lu v\u0155tac\u00edch a skrutkovac\u00edch aplik\u00e1ci\u00ed do dreva, kovu a dokonca aj bet\u00f3nu Priekopn\u00edcka technol\u00f3gia: Jedine\u010dn\u00fd n\u00e1stavec GFA 18-H umo\u017e\u0148uje premenu [&hellip;]","og_url":"https:\/\/hundtgroup.com\/sk\/produkt\/akumulatorova-vrtacka-bosch-exsr18v-90fc-solo\/","og_site_name":"Wilhelm Hundt GmbH","og_image":[{"width":600,"height":600,"url":"https:\/\/hundtgroup.com\/wp-content\/uploads\/340837.jpg","type":"image\/jpeg"}],"twitter_card":"summary_large_image","twitter_misc":{"Predpokladan\u00fd \u010das \u010d\u00edtania":"1 min\u00fata"},"schema":{"@context":"https:\/\/schema.org","@graph":[{"@type":"WebPage","@id":"https:\/\/hundtgroup.com\/sk\/produkt\/akumulatorova-vrtacka-bosch-exsr18v-90fc-solo\/","url":"https:\/\/hundtgroup.com\/sk\/produkt\/akumulatorova-vrtacka-bosch-exsr18v-90fc-solo\/","name":"Akumul\u00e1torov\u00e1 v\u0155ta\u010dka Bosch EXSR18V-90FC s\u00f3lo - Wilhelm Hundt GmbH","isPartOf":{"@id":"https:\/\/hundtgroup.com\/sk\/#website"},"primaryImageOfPage":{"@id":"https:\/\/hundtgroup.com\/sk\/produkt\/akumulatorova-vrtacka-bosch-exsr18v-90fc-solo\/#primaryimage"},"image":{"@id":"https:\/\/hundtgroup.com\/sk\/produkt\/akumulatorova-vrtacka-bosch-exsr18v-90fc-solo\/#primaryimage"},"thumbnailUrl":"https:\/\/hundtgroup.com\/wp-content\/uploads\/340837.jpg","datePublished":"2026-01-28T09:17:44+00:00","breadcrumb":{"@id":"https:\/\/hundtgroup.com\/sk\/produkt\/akumulatorova-vrtacka-bosch-exsr18v-90fc-solo\/#breadcrumb"},"inLanguage":"sk-SK","potentialAction":[{"@type":"ReadAction","target":["https:\/\/hundtgroup.com\/sk\/produkt\/akumulatorova-vrtacka-bosch-exsr18v-90fc-solo\/"]}]},{"@type":"ImageObject","inLanguage":"sk-SK","@id":"https:\/\/hundtgroup.com\/sk\/produkt\/akumulatorova-vrtacka-bosch-exsr18v-90fc-solo\/#primaryimage","url":"https:\/\/hundtgroup.com\/wp-content\/uploads\/340837.jpg","contentUrl":"https:\/\/hundtgroup.com\/wp-content\/uploads\/340837.jpg","width":600,"height":600},{"@type":"BreadcrumbList","@id":"https:\/\/hundtgroup.com\/sk\/produkt\/akumulatorova-vrtacka-bosch-exsr18v-90fc-solo\/#breadcrumb","itemListElement":[{"@type":"ListItem","position":1,"name":"Startseite","item":"https:\/\/hundtgroup.com\/sk\/domov-nove\/"},{"@type":"ListItem","position":2,"name":"Obchod","item":"https:\/\/hundtgroup.com\/obchod\/"},{"@type":"ListItem","position":3,"name":"Akumul\u00e1torov\u00e1 v\u0155ta\u010dka Bosch EXSR18V-90FC s\u00f3lo"}]},{"@type":"WebSite","@id":"https:\/\/hundtgroup.com\/sk\/#website","url":"https:\/\/hundtgroup.com\/sk\/","name":"Wilhelm Hundt GmbH","description":"V\u00e1\u0161 \u0161pecialista na stroje a n\u00e1stroje na spracovanie plechu","potentialAction":[{"@type":"SearchAction","target":{"@type":"EntryPoint","urlTemplate":"https:\/\/hundtgroup.com\/sk\/?s={search_term_string}"},"query-input":{"@type":"PropertyValueSpecification","valueRequired":true,"valueName":"search_term_string"}}],"inLanguage":"sk-SK"}]}},"_links":{"self":[{"href":"https:\/\/hundtgroup.com\/sk\/wp-json\/wp\/v2\/product\/41439","targetHints":{"allow":["GET"]}}],"collection":[{"href":"https:\/\/hundtgroup.com\/sk\/wp-json\/wp\/v2\/product"}],"about":[{"href":"https:\/\/hundtgroup.com\/sk\/wp-json\/wp\/v2\/types\/product"}],"wp:featuredmedia":[{"embeddable":true,"href":"https:\/\/hundtgroup.com\/sk\/wp-json\/wp\/v2\/media\/41441"}],"wp:attachment":[{"href":"https:\/\/hundtgroup.com\/sk\/wp-json\/wp\/v2\/media?parent=41439"}],"wp:term":[{"taxonomy":"product_cat","embeddable":true,"href":"https:\/\/hundtgroup.com\/sk\/wp-json\/wp\/v2\/product_cat?post=41439"},{"taxonomy":"product_tag","embeddable":true,"href":"https:\/\/hundtgroup.com\/sk\/wp-json\/wp\/v2\/product_tag?post=41439"}],"curies":[{"name":"wp","href":"https:\/\/api.w.org\/{rel}","templated":true}]}}