{"id":41514,"date":"2026-01-28T10:17:35","date_gmt":"2026-01-28T09:17:35","guid":{"rendered":"https:\/\/hundtgroup.com\/produkt\/akumulatorova-zosivacka-na-drevo-bosch-exth18v-50m-solo\/"},"modified":"2026-01-28T10:17:35","modified_gmt":"2026-01-28T09:17:35","slug":"akumulatorova-zosivacka-na-drevo-bosch-exth18v-50m-solo","status":"publish","type":"product","link":"https:\/\/hundtgroup.com\/sk\/produkt\/akumulatorova-zosivacka-na-drevo-bosch-exth18v-50m-solo\/","title":{"rendered":"Akumul\u00e1torov\u00e1 zo\u0161\u00edva\u010dka na drevo Bosch EXTH18V-50M solo"},"content":{"rendered":"<p>V\u00fdkon pneumatick\u00e9ho n\u00e1radia: V\u00fdkonn\u00e9 akumul\u00e1torov\u00e9 n\u00e1radie s v\u00fdkonom pneumatick\u00e9ho n\u00e1radia bez probl\u00e9mov s manipul\u00e1ciou s kompresormi, hadicami a plynov\u00fdmi kartu\u0161ami<br \/>\nFull Power Tech: Bez\u0161n\u00farov\u00e1 sloboda s v\u00fdkonom pneumatick\u00e9ho n\u00e1radia<br \/>\nBezplynov\u00e1 zotrva\u010dn\u00edkov\u00e1 technol\u00f3gia: \u0160etrn\u00e1 k va\u0161im k\u013abom v\u010faka n\u00edzkemu sp\u00e4tn\u00e9mu r\u00e1zu, bez drah\u00fdch plynov\u00fdch kartu\u0161\u00ed a \u0161kodliv\u00fdch v\u00fdparov<br \/>\nJednoduch\u00e9 plynul\u00e9 nastavenie h\u013abky: Ergonomick\u00e9 koliesko s palcom a priezor zabezpe\u010duj\u00fa presn\u00e9 a r\u00fdchle nastavenie h\u013abky<\/p>\n","protected":false},"excerpt":{"rendered":"<p>V\u00fdkon pneumatick\u00e9ho n\u00e1radia: V\u00fdkonn\u00e9 akumul\u00e1torov\u00e9 n\u00e1radie s v\u00fdkonom pneumatick\u00e9ho n\u00e1radia bez probl\u00e9mov s manipul\u00e1ciou s kompresormi, hadicami a plynov\u00fdmi kartu\u0161ami Full Power Tech: Bez\u0161n\u00farov\u00e1 sloboda s v\u00fdkonom pneumatick\u00e9ho n\u00e1radia Bezplynov\u00e1 zotrva\u010dn\u00edkov\u00e1 technol\u00f3gia: \u0160etrn\u00e1 k va\u0161im k\u013abom v\u010faka n\u00edzkemu sp\u00e4tn\u00e9mu r\u00e1zu, bez drah\u00fdch plynov\u00fdch kartu\u0161\u00ed a \u0161kodliv\u00fdch v\u00fdparov Jednoduch\u00e9 plynul\u00e9 nastavenie h\u013abky: Ergonomick\u00e9 koliesko s palcom [&hellip;]<\/p>\n","protected":false},"featured_media":41515,"template":"","meta":{"_acf_changed":false,"inline_featured_image":false},"product_cat":[3360,644],"product_tag":[],"class_list":{"0":"post-41514","1":"product","2":"type-product","3":"status-publish","4":"has-post-thumbnail","6":"brand-bosch-expert","7":"product_cat-drevena-zosivacka","8":"product_cat-nastroje-na-baterie","10":"first","11":"instock","12":"taxable","13":"shipping-taxable","14":"purchasable","15":"product-type-simple","16":"add-to-wishlist-before_image"},"acf":[],"yoast_head":"<!-- This site is optimized with the Yoast SEO plugin v27.3 - https:\/\/yoast.com\/product\/yoast-seo-wordpress\/ -->\n<title>Akumul\u00e1torov\u00e1 zo\u0161\u00edva\u010dka na drevo Bosch EXTH18V-50M solo - Wilhelm Hundt GmbH<\/title>\n<meta name=\"robots\" content=\"index, follow, max-snippet:-1, max-image-preview:large, max-video-preview:-1\" \/>\n<link rel=\"canonical\" href=\"https:\/\/hundtgroup.com\/sk\/produkt\/akumulatorova-zosivacka-na-drevo-bosch-exth18v-50m-solo\/\" \/>\n<meta property=\"og:locale\" content=\"sk_SK\" \/>\n<meta property=\"og:type\" content=\"article\" \/>\n<meta property=\"og:title\" content=\"Akumul\u00e1torov\u00e1 zo\u0161\u00edva\u010dka na drevo Bosch EXTH18V-50M solo - Wilhelm Hundt GmbH\" \/>\n<meta property=\"og:description\" content=\"V\u00fdkon pneumatick\u00e9ho n\u00e1radia: V\u00fdkonn\u00e9 akumul\u00e1torov\u00e9 n\u00e1radie s v\u00fdkonom pneumatick\u00e9ho n\u00e1radia bez probl\u00e9mov s manipul\u00e1ciou s kompresormi, hadicami a plynov\u00fdmi kartu\u0161ami Full Power Tech: Bez\u0161n\u00farov\u00e1 sloboda s v\u00fdkonom pneumatick\u00e9ho n\u00e1radia Bezplynov\u00e1 zotrva\u010dn\u00edkov\u00e1 technol\u00f3gia: \u0160etrn\u00e1 k va\u0161im k\u013abom v\u010faka n\u00edzkemu sp\u00e4tn\u00e9mu r\u00e1zu, bez drah\u00fdch plynov\u00fdch kartu\u0161\u00ed a \u0161kodliv\u00fdch v\u00fdparov Jednoduch\u00e9 plynul\u00e9 nastavenie h\u013abky: Ergonomick\u00e9 koliesko s palcom [&hellip;]\" \/>\n<meta property=\"og:url\" content=\"https:\/\/hundtgroup.com\/sk\/produkt\/akumulatorova-zosivacka-na-drevo-bosch-exth18v-50m-solo\/\" \/>\n<meta property=\"og:site_name\" content=\"Wilhelm Hundt GmbH\" \/>\n<meta property=\"og:image\" content=\"https:\/\/hundtgroup.com\/wp-content\/uploads\/340812.jpg\" \/>\n\t<meta property=\"og:image:width\" content=\"800\" \/>\n\t<meta property=\"og:image:height\" content=\"600\" \/>\n\t<meta property=\"og:image:type\" content=\"image\/jpeg\" \/>\n<meta name=\"twitter:card\" content=\"summary_large_image\" \/>\n<script type=\"application\/ld+json\" class=\"yoast-schema-graph\">{\"@context\":\"https:\\\/\\\/schema.org\",\"@graph\":[{\"@type\":\"WebPage\",\"@id\":\"https:\\\/\\\/hundtgroup.com\\\/sk\\\/produkt\\\/akumulatorova-zosivacka-na-drevo-bosch-exth18v-50m-solo\\\/\",\"url\":\"https:\\\/\\\/hundtgroup.com\\\/sk\\\/produkt\\\/akumulatorova-zosivacka-na-drevo-bosch-exth18v-50m-solo\\\/\",\"name\":\"Akumul\u00e1torov\u00e1 zo\u0161\u00edva\u010dka na drevo Bosch EXTH18V-50M solo - Wilhelm Hundt GmbH\",\"isPartOf\":{\"@id\":\"https:\\\/\\\/hundtgroup.com\\\/sk\\\/#website\"},\"primaryImageOfPage\":{\"@id\":\"https:\\\/\\\/hundtgroup.com\\\/sk\\\/produkt\\\/akumulatorova-zosivacka-na-drevo-bosch-exth18v-50m-solo\\\/#primaryimage\"},\"image\":{\"@id\":\"https:\\\/\\\/hundtgroup.com\\\/sk\\\/produkt\\\/akumulatorova-zosivacka-na-drevo-bosch-exth18v-50m-solo\\\/#primaryimage\"},\"thumbnailUrl\":\"https:\\\/\\\/hundtgroup.com\\\/wp-content\\\/uploads\\\/340812.jpg\",\"datePublished\":\"2026-01-28T09:17:35+00:00\",\"breadcrumb\":{\"@id\":\"https:\\\/\\\/hundtgroup.com\\\/sk\\\/produkt\\\/akumulatorova-zosivacka-na-drevo-bosch-exth18v-50m-solo\\\/#breadcrumb\"},\"inLanguage\":\"sk-SK\",\"potentialAction\":[{\"@type\":\"ReadAction\",\"target\":[\"https:\\\/\\\/hundtgroup.com\\\/sk\\\/produkt\\\/akumulatorova-zosivacka-na-drevo-bosch-exth18v-50m-solo\\\/\"]}]},{\"@type\":\"ImageObject\",\"inLanguage\":\"sk-SK\",\"@id\":\"https:\\\/\\\/hundtgroup.com\\\/sk\\\/produkt\\\/akumulatorova-zosivacka-na-drevo-bosch-exth18v-50m-solo\\\/#primaryimage\",\"url\":\"https:\\\/\\\/hundtgroup.com\\\/wp-content\\\/uploads\\\/340812.jpg\",\"contentUrl\":\"https:\\\/\\\/hundtgroup.com\\\/wp-content\\\/uploads\\\/340812.jpg\",\"width\":800,\"height\":600},{\"@type\":\"BreadcrumbList\",\"@id\":\"https:\\\/\\\/hundtgroup.com\\\/sk\\\/produkt\\\/akumulatorova-zosivacka-na-drevo-bosch-exth18v-50m-solo\\\/#breadcrumb\",\"itemListElement\":[{\"@type\":\"ListItem\",\"position\":1,\"name\":\"Startseite\",\"item\":\"https:\\\/\\\/hundtgroup.com\\\/sk\\\/domov-nove\\\/\"},{\"@type\":\"ListItem\",\"position\":2,\"name\":\"Obchod\",\"item\":\"https:\\\/\\\/hundtgroup.com\\\/obchod\\\/\"},{\"@type\":\"ListItem\",\"position\":3,\"name\":\"Akumul\u00e1torov\u00e1 zo\u0161\u00edva\u010dka na drevo Bosch EXTH18V-50M solo\"}]},{\"@type\":\"WebSite\",\"@id\":\"https:\\\/\\\/hundtgroup.com\\\/sk\\\/#website\",\"url\":\"https:\\\/\\\/hundtgroup.com\\\/sk\\\/\",\"name\":\"Wilhelm Hundt GmbH\",\"description\":\"V\u00e1\u0161 \u0161pecialista na stroje a n\u00e1stroje na spracovanie plechu\",\"potentialAction\":[{\"@type\":\"SearchAction\",\"target\":{\"@type\":\"EntryPoint\",\"urlTemplate\":\"https:\\\/\\\/hundtgroup.com\\\/sk\\\/?s={search_term_string}\"},\"query-input\":{\"@type\":\"PropertyValueSpecification\",\"valueRequired\":true,\"valueName\":\"search_term_string\"}}],\"inLanguage\":\"sk-SK\"}]}<\/script>\n<!-- \/ Yoast SEO plugin. -->","yoast_head_json":{"title":"Akumul\u00e1torov\u00e1 zo\u0161\u00edva\u010dka na drevo Bosch EXTH18V-50M solo - Wilhelm Hundt GmbH","robots":{"index":"index","follow":"follow","max-snippet":"max-snippet:-1","max-image-preview":"max-image-preview:large","max-video-preview":"max-video-preview:-1"},"canonical":"https:\/\/hundtgroup.com\/sk\/produkt\/akumulatorova-zosivacka-na-drevo-bosch-exth18v-50m-solo\/","og_locale":"sk_SK","og_type":"article","og_title":"Akumul\u00e1torov\u00e1 zo\u0161\u00edva\u010dka na drevo Bosch EXTH18V-50M solo - Wilhelm Hundt GmbH","og_description":"V\u00fdkon pneumatick\u00e9ho n\u00e1radia: V\u00fdkonn\u00e9 akumul\u00e1torov\u00e9 n\u00e1radie s v\u00fdkonom pneumatick\u00e9ho n\u00e1radia bez probl\u00e9mov s manipul\u00e1ciou s kompresormi, hadicami a plynov\u00fdmi kartu\u0161ami Full Power Tech: Bez\u0161n\u00farov\u00e1 sloboda s v\u00fdkonom pneumatick\u00e9ho n\u00e1radia Bezplynov\u00e1 zotrva\u010dn\u00edkov\u00e1 technol\u00f3gia: \u0160etrn\u00e1 k va\u0161im k\u013abom v\u010faka n\u00edzkemu sp\u00e4tn\u00e9mu r\u00e1zu, bez drah\u00fdch plynov\u00fdch kartu\u0161\u00ed a \u0161kodliv\u00fdch v\u00fdparov Jednoduch\u00e9 plynul\u00e9 nastavenie h\u013abky: Ergonomick\u00e9 koliesko s palcom [&hellip;]","og_url":"https:\/\/hundtgroup.com\/sk\/produkt\/akumulatorova-zosivacka-na-drevo-bosch-exth18v-50m-solo\/","og_site_name":"Wilhelm Hundt GmbH","og_image":[{"width":800,"height":600,"url":"https:\/\/hundtgroup.com\/wp-content\/uploads\/340812.jpg","type":"image\/jpeg"}],"twitter_card":"summary_large_image","schema":{"@context":"https:\/\/schema.org","@graph":[{"@type":"WebPage","@id":"https:\/\/hundtgroup.com\/sk\/produkt\/akumulatorova-zosivacka-na-drevo-bosch-exth18v-50m-solo\/","url":"https:\/\/hundtgroup.com\/sk\/produkt\/akumulatorova-zosivacka-na-drevo-bosch-exth18v-50m-solo\/","name":"Akumul\u00e1torov\u00e1 zo\u0161\u00edva\u010dka na drevo Bosch EXTH18V-50M solo - Wilhelm Hundt GmbH","isPartOf":{"@id":"https:\/\/hundtgroup.com\/sk\/#website"},"primaryImageOfPage":{"@id":"https:\/\/hundtgroup.com\/sk\/produkt\/akumulatorova-zosivacka-na-drevo-bosch-exth18v-50m-solo\/#primaryimage"},"image":{"@id":"https:\/\/hundtgroup.com\/sk\/produkt\/akumulatorova-zosivacka-na-drevo-bosch-exth18v-50m-solo\/#primaryimage"},"thumbnailUrl":"https:\/\/hundtgroup.com\/wp-content\/uploads\/340812.jpg","datePublished":"2026-01-28T09:17:35+00:00","breadcrumb":{"@id":"https:\/\/hundtgroup.com\/sk\/produkt\/akumulatorova-zosivacka-na-drevo-bosch-exth18v-50m-solo\/#breadcrumb"},"inLanguage":"sk-SK","potentialAction":[{"@type":"ReadAction","target":["https:\/\/hundtgroup.com\/sk\/produkt\/akumulatorova-zosivacka-na-drevo-bosch-exth18v-50m-solo\/"]}]},{"@type":"ImageObject","inLanguage":"sk-SK","@id":"https:\/\/hundtgroup.com\/sk\/produkt\/akumulatorova-zosivacka-na-drevo-bosch-exth18v-50m-solo\/#primaryimage","url":"https:\/\/hundtgroup.com\/wp-content\/uploads\/340812.jpg","contentUrl":"https:\/\/hundtgroup.com\/wp-content\/uploads\/340812.jpg","width":800,"height":600},{"@type":"BreadcrumbList","@id":"https:\/\/hundtgroup.com\/sk\/produkt\/akumulatorova-zosivacka-na-drevo-bosch-exth18v-50m-solo\/#breadcrumb","itemListElement":[{"@type":"ListItem","position":1,"name":"Startseite","item":"https:\/\/hundtgroup.com\/sk\/domov-nove\/"},{"@type":"ListItem","position":2,"name":"Obchod","item":"https:\/\/hundtgroup.com\/obchod\/"},{"@type":"ListItem","position":3,"name":"Akumul\u00e1torov\u00e1 zo\u0161\u00edva\u010dka na drevo Bosch EXTH18V-50M solo"}]},{"@type":"WebSite","@id":"https:\/\/hundtgroup.com\/sk\/#website","url":"https:\/\/hundtgroup.com\/sk\/","name":"Wilhelm Hundt GmbH","description":"V\u00e1\u0161 \u0161pecialista na stroje a n\u00e1stroje na spracovanie plechu","potentialAction":[{"@type":"SearchAction","target":{"@type":"EntryPoint","urlTemplate":"https:\/\/hundtgroup.com\/sk\/?s={search_term_string}"},"query-input":{"@type":"PropertyValueSpecification","valueRequired":true,"valueName":"search_term_string"}}],"inLanguage":"sk-SK"}]}},"_links":{"self":[{"href":"https:\/\/hundtgroup.com\/sk\/wp-json\/wp\/v2\/product\/41514","targetHints":{"allow":["GET"]}}],"collection":[{"href":"https:\/\/hundtgroup.com\/sk\/wp-json\/wp\/v2\/product"}],"about":[{"href":"https:\/\/hundtgroup.com\/sk\/wp-json\/wp\/v2\/types\/product"}],"wp:featuredmedia":[{"embeddable":true,"href":"https:\/\/hundtgroup.com\/sk\/wp-json\/wp\/v2\/media\/41515"}],"wp:attachment":[{"href":"https:\/\/hundtgroup.com\/sk\/wp-json\/wp\/v2\/media?parent=41514"}],"wp:term":[{"taxonomy":"product_cat","embeddable":true,"href":"https:\/\/hundtgroup.com\/sk\/wp-json\/wp\/v2\/product_cat?post=41514"},{"taxonomy":"product_tag","embeddable":true,"href":"https:\/\/hundtgroup.com\/sk\/wp-json\/wp\/v2\/product_tag?post=41514"}],"curies":[{"name":"wp","href":"https:\/\/api.w.org\/{rel}","templated":true}]}}