{"id":41604,"date":"2026-01-28T10:17:35","date_gmt":"2026-01-28T09:17:35","guid":{"rendered":"https:\/\/hundtgroup.com\/produkt\/akumulatorova-ponorna-pila-bosch-exkt18v-52g-solo\/"},"modified":"2026-01-28T10:17:35","modified_gmt":"2026-01-28T09:17:35","slug":"akumulatorova-ponorna-pila-bosch-exkt18v-52g-solo","status":"publish","type":"product","link":"https:\/\/hundtgroup.com\/sk\/produkt\/akumulatorova-ponorna-pila-bosch-exkt18v-52g-solo\/","title":{"rendered":"Akumul\u00e1torov\u00e1 ponorn\u00e1 p\u00edla Bosch EXKT18V-52G s\u00f3lo"},"content":{"rendered":"<p>P\u00edli do vzdialenosti 10 mm od steny: P\u00f4sobivo kompaktn\u00e1 kon\u0161trukcia umo\u017e\u0148uje minim\u00e1lnu vzdialenos\u0165 od steny, re\u017ee do vzdialenosti 10 mm od steny<br \/>\nBITURBO BRUSHLESS: Vysoko v\u00fdkonn\u00fd motor a pohonn\u00fd syst\u00e9m, navrhnut\u00fd pre extr\u00e9mny v\u00fdkon akumul\u00e1torov EXPERT<br \/>\nVynikaj\u00faca mobilita: Jedine\u010dne kompaktn\u00e1 kon\u0161trukcia umo\u017e\u0148uje prev\u00e1dzku len s jedn\u00fdm akumul\u00e1torom<br \/>\nIntegrovan\u00fd adapt\u00e9r Click&amp;Clean: Vyvinut\u00fd pre prachov\u00e9 vreck\u00e1 alebo rie\u0161enia ods\u00e1vania Bosch. \u013dahko sa s n\u00edm man\u00e9vruje a d\u00e1 sa ot\u00e1\u010da\u0165 o 360 stup\u0148ov <\/p>\n","protected":false},"excerpt":{"rendered":"<p>P\u00edli do vzdialenosti 10 mm od steny: P\u00f4sobivo kompaktn\u00e1 kon\u0161trukcia umo\u017e\u0148uje minim\u00e1lnu vzdialenos\u0165 od steny, re\u017ee do vzdialenosti 10 mm od steny BITURBO BRUSHLESS: Vysoko v\u00fdkonn\u00fd motor a pohonn\u00fd syst\u00e9m, navrhnut\u00fd pre extr\u00e9mny v\u00fdkon akumul\u00e1torov EXPERT Vynikaj\u00faca mobilita: Jedine\u010dne kompaktn\u00e1 kon\u0161trukcia umo\u017e\u0148uje prev\u00e1dzku len s jedn\u00fdm akumul\u00e1torom Integrovan\u00fd adapt\u00e9r Click&amp;Clean: Vyvinut\u00fd pre prachov\u00e9 vreck\u00e1 alebo [&hellip;]<\/p>\n","protected":false},"featured_media":41606,"template":"","meta":{"_acf_changed":false,"inline_featured_image":false},"product_cat":[3386,644],"product_tag":[],"class_list":{"0":"post-41604","1":"product","2":"type-product","3":"status-publish","4":"has-post-thumbnail","6":"brand-bosch-expert","7":"product_cat-ponorne-pily","8":"product_cat-nastroje-na-baterie","10":"first","11":"instock","12":"taxable","13":"shipping-taxable","14":"purchasable","15":"product-type-simple","16":"add-to-wishlist-before_image"},"acf":[],"yoast_head":"<!-- This site is optimized with the Yoast SEO plugin v27.3 - https:\/\/yoast.com\/product\/yoast-seo-wordpress\/ -->\n<title>Akumul\u00e1torov\u00e1 ponorn\u00e1 p\u00edla Bosch EXKT18V-52G s\u00f3lo - Wilhelm Hundt GmbH<\/title>\n<meta name=\"robots\" content=\"index, follow, max-snippet:-1, max-image-preview:large, max-video-preview:-1\" \/>\n<link rel=\"canonical\" href=\"https:\/\/hundtgroup.com\/sk\/produkt\/akumulatorova-ponorna-pila-bosch-exkt18v-52g-solo\/\" \/>\n<meta property=\"og:locale\" content=\"sk_SK\" \/>\n<meta property=\"og:type\" content=\"article\" \/>\n<meta property=\"og:title\" content=\"Akumul\u00e1torov\u00e1 ponorn\u00e1 p\u00edla Bosch EXKT18V-52G s\u00f3lo - Wilhelm Hundt GmbH\" \/>\n<meta property=\"og:description\" content=\"P\u00edli do vzdialenosti 10 mm od steny: P\u00f4sobivo kompaktn\u00e1 kon\u0161trukcia umo\u017e\u0148uje minim\u00e1lnu vzdialenos\u0165 od steny, re\u017ee do vzdialenosti 10 mm od steny BITURBO BRUSHLESS: Vysoko v\u00fdkonn\u00fd motor a pohonn\u00fd syst\u00e9m, navrhnut\u00fd pre extr\u00e9mny v\u00fdkon akumul\u00e1torov EXPERT Vynikaj\u00faca mobilita: Jedine\u010dne kompaktn\u00e1 kon\u0161trukcia umo\u017e\u0148uje prev\u00e1dzku len s jedn\u00fdm akumul\u00e1torom Integrovan\u00fd adapt\u00e9r Click&amp;Clean: Vyvinut\u00fd pre prachov\u00e9 vreck\u00e1 alebo [&hellip;]\" \/>\n<meta property=\"og:url\" content=\"https:\/\/hundtgroup.com\/sk\/produkt\/akumulatorova-ponorna-pila-bosch-exkt18v-52g-solo\/\" \/>\n<meta property=\"og:site_name\" content=\"Wilhelm Hundt GmbH\" \/>\n<meta property=\"og:image\" content=\"https:\/\/hundtgroup.com\/wp-content\/uploads\/340815.jpg\" \/>\n\t<meta property=\"og:image:width\" content=\"800\" \/>\n\t<meta property=\"og:image:height\" content=\"800\" \/>\n\t<meta property=\"og:image:type\" content=\"image\/jpeg\" \/>\n<meta name=\"twitter:card\" content=\"summary_large_image\" \/>\n<script type=\"application\/ld+json\" class=\"yoast-schema-graph\">{\"@context\":\"https:\\\/\\\/schema.org\",\"@graph\":[{\"@type\":\"WebPage\",\"@id\":\"https:\\\/\\\/hundtgroup.com\\\/sk\\\/produkt\\\/akumulatorova-ponorna-pila-bosch-exkt18v-52g-solo\\\/\",\"url\":\"https:\\\/\\\/hundtgroup.com\\\/sk\\\/produkt\\\/akumulatorova-ponorna-pila-bosch-exkt18v-52g-solo\\\/\",\"name\":\"Akumul\u00e1torov\u00e1 ponorn\u00e1 p\u00edla Bosch EXKT18V-52G s\u00f3lo - Wilhelm Hundt GmbH\",\"isPartOf\":{\"@id\":\"https:\\\/\\\/hundtgroup.com\\\/sk\\\/#website\"},\"primaryImageOfPage\":{\"@id\":\"https:\\\/\\\/hundtgroup.com\\\/sk\\\/produkt\\\/akumulatorova-ponorna-pila-bosch-exkt18v-52g-solo\\\/#primaryimage\"},\"image\":{\"@id\":\"https:\\\/\\\/hundtgroup.com\\\/sk\\\/produkt\\\/akumulatorova-ponorna-pila-bosch-exkt18v-52g-solo\\\/#primaryimage\"},\"thumbnailUrl\":\"https:\\\/\\\/hundtgroup.com\\\/wp-content\\\/uploads\\\/340815.jpg\",\"datePublished\":\"2026-01-28T09:17:35+00:00\",\"breadcrumb\":{\"@id\":\"https:\\\/\\\/hundtgroup.com\\\/sk\\\/produkt\\\/akumulatorova-ponorna-pila-bosch-exkt18v-52g-solo\\\/#breadcrumb\"},\"inLanguage\":\"sk-SK\",\"potentialAction\":[{\"@type\":\"ReadAction\",\"target\":[\"https:\\\/\\\/hundtgroup.com\\\/sk\\\/produkt\\\/akumulatorova-ponorna-pila-bosch-exkt18v-52g-solo\\\/\"]}]},{\"@type\":\"ImageObject\",\"inLanguage\":\"sk-SK\",\"@id\":\"https:\\\/\\\/hundtgroup.com\\\/sk\\\/produkt\\\/akumulatorova-ponorna-pila-bosch-exkt18v-52g-solo\\\/#primaryimage\",\"url\":\"https:\\\/\\\/hundtgroup.com\\\/wp-content\\\/uploads\\\/340815.jpg\",\"contentUrl\":\"https:\\\/\\\/hundtgroup.com\\\/wp-content\\\/uploads\\\/340815.jpg\",\"width\":800,\"height\":800},{\"@type\":\"BreadcrumbList\",\"@id\":\"https:\\\/\\\/hundtgroup.com\\\/sk\\\/produkt\\\/akumulatorova-ponorna-pila-bosch-exkt18v-52g-solo\\\/#breadcrumb\",\"itemListElement\":[{\"@type\":\"ListItem\",\"position\":1,\"name\":\"Startseite\",\"item\":\"https:\\\/\\\/hundtgroup.com\\\/sk\\\/domov-nove\\\/\"},{\"@type\":\"ListItem\",\"position\":2,\"name\":\"Obchod\",\"item\":\"https:\\\/\\\/hundtgroup.com\\\/obchod\\\/\"},{\"@type\":\"ListItem\",\"position\":3,\"name\":\"Akumul\u00e1torov\u00e1 ponorn\u00e1 p\u00edla Bosch EXKT18V-52G s\u00f3lo\"}]},{\"@type\":\"WebSite\",\"@id\":\"https:\\\/\\\/hundtgroup.com\\\/sk\\\/#website\",\"url\":\"https:\\\/\\\/hundtgroup.com\\\/sk\\\/\",\"name\":\"Wilhelm Hundt GmbH\",\"description\":\"V\u00e1\u0161 \u0161pecialista na stroje a n\u00e1stroje na spracovanie plechu\",\"potentialAction\":[{\"@type\":\"SearchAction\",\"target\":{\"@type\":\"EntryPoint\",\"urlTemplate\":\"https:\\\/\\\/hundtgroup.com\\\/sk\\\/?s={search_term_string}\"},\"query-input\":{\"@type\":\"PropertyValueSpecification\",\"valueRequired\":true,\"valueName\":\"search_term_string\"}}],\"inLanguage\":\"sk-SK\"}]}<\/script>\n<!-- \/ Yoast SEO plugin. -->","yoast_head_json":{"title":"Akumul\u00e1torov\u00e1 ponorn\u00e1 p\u00edla Bosch EXKT18V-52G s\u00f3lo - Wilhelm Hundt GmbH","robots":{"index":"index","follow":"follow","max-snippet":"max-snippet:-1","max-image-preview":"max-image-preview:large","max-video-preview":"max-video-preview:-1"},"canonical":"https:\/\/hundtgroup.com\/sk\/produkt\/akumulatorova-ponorna-pila-bosch-exkt18v-52g-solo\/","og_locale":"sk_SK","og_type":"article","og_title":"Akumul\u00e1torov\u00e1 ponorn\u00e1 p\u00edla Bosch EXKT18V-52G s\u00f3lo - Wilhelm Hundt GmbH","og_description":"P\u00edli do vzdialenosti 10 mm od steny: P\u00f4sobivo kompaktn\u00e1 kon\u0161trukcia umo\u017e\u0148uje minim\u00e1lnu vzdialenos\u0165 od steny, re\u017ee do vzdialenosti 10 mm od steny BITURBO BRUSHLESS: Vysoko v\u00fdkonn\u00fd motor a pohonn\u00fd syst\u00e9m, navrhnut\u00fd pre extr\u00e9mny v\u00fdkon akumul\u00e1torov EXPERT Vynikaj\u00faca mobilita: Jedine\u010dne kompaktn\u00e1 kon\u0161trukcia umo\u017e\u0148uje prev\u00e1dzku len s jedn\u00fdm akumul\u00e1torom Integrovan\u00fd adapt\u00e9r Click&amp;Clean: Vyvinut\u00fd pre prachov\u00e9 vreck\u00e1 alebo [&hellip;]","og_url":"https:\/\/hundtgroup.com\/sk\/produkt\/akumulatorova-ponorna-pila-bosch-exkt18v-52g-solo\/","og_site_name":"Wilhelm Hundt GmbH","og_image":[{"width":800,"height":800,"url":"https:\/\/hundtgroup.com\/wp-content\/uploads\/340815.jpg","type":"image\/jpeg"}],"twitter_card":"summary_large_image","schema":{"@context":"https:\/\/schema.org","@graph":[{"@type":"WebPage","@id":"https:\/\/hundtgroup.com\/sk\/produkt\/akumulatorova-ponorna-pila-bosch-exkt18v-52g-solo\/","url":"https:\/\/hundtgroup.com\/sk\/produkt\/akumulatorova-ponorna-pila-bosch-exkt18v-52g-solo\/","name":"Akumul\u00e1torov\u00e1 ponorn\u00e1 p\u00edla Bosch EXKT18V-52G s\u00f3lo - Wilhelm Hundt GmbH","isPartOf":{"@id":"https:\/\/hundtgroup.com\/sk\/#website"},"primaryImageOfPage":{"@id":"https:\/\/hundtgroup.com\/sk\/produkt\/akumulatorova-ponorna-pila-bosch-exkt18v-52g-solo\/#primaryimage"},"image":{"@id":"https:\/\/hundtgroup.com\/sk\/produkt\/akumulatorova-ponorna-pila-bosch-exkt18v-52g-solo\/#primaryimage"},"thumbnailUrl":"https:\/\/hundtgroup.com\/wp-content\/uploads\/340815.jpg","datePublished":"2026-01-28T09:17:35+00:00","breadcrumb":{"@id":"https:\/\/hundtgroup.com\/sk\/produkt\/akumulatorova-ponorna-pila-bosch-exkt18v-52g-solo\/#breadcrumb"},"inLanguage":"sk-SK","potentialAction":[{"@type":"ReadAction","target":["https:\/\/hundtgroup.com\/sk\/produkt\/akumulatorova-ponorna-pila-bosch-exkt18v-52g-solo\/"]}]},{"@type":"ImageObject","inLanguage":"sk-SK","@id":"https:\/\/hundtgroup.com\/sk\/produkt\/akumulatorova-ponorna-pila-bosch-exkt18v-52g-solo\/#primaryimage","url":"https:\/\/hundtgroup.com\/wp-content\/uploads\/340815.jpg","contentUrl":"https:\/\/hundtgroup.com\/wp-content\/uploads\/340815.jpg","width":800,"height":800},{"@type":"BreadcrumbList","@id":"https:\/\/hundtgroup.com\/sk\/produkt\/akumulatorova-ponorna-pila-bosch-exkt18v-52g-solo\/#breadcrumb","itemListElement":[{"@type":"ListItem","position":1,"name":"Startseite","item":"https:\/\/hundtgroup.com\/sk\/domov-nove\/"},{"@type":"ListItem","position":2,"name":"Obchod","item":"https:\/\/hundtgroup.com\/obchod\/"},{"@type":"ListItem","position":3,"name":"Akumul\u00e1torov\u00e1 ponorn\u00e1 p\u00edla Bosch EXKT18V-52G s\u00f3lo"}]},{"@type":"WebSite","@id":"https:\/\/hundtgroup.com\/sk\/#website","url":"https:\/\/hundtgroup.com\/sk\/","name":"Wilhelm Hundt GmbH","description":"V\u00e1\u0161 \u0161pecialista na stroje a n\u00e1stroje na spracovanie plechu","potentialAction":[{"@type":"SearchAction","target":{"@type":"EntryPoint","urlTemplate":"https:\/\/hundtgroup.com\/sk\/?s={search_term_string}"},"query-input":{"@type":"PropertyValueSpecification","valueRequired":true,"valueName":"search_term_string"}}],"inLanguage":"sk-SK"}]}},"_links":{"self":[{"href":"https:\/\/hundtgroup.com\/sk\/wp-json\/wp\/v2\/product\/41604","targetHints":{"allow":["GET"]}}],"collection":[{"href":"https:\/\/hundtgroup.com\/sk\/wp-json\/wp\/v2\/product"}],"about":[{"href":"https:\/\/hundtgroup.com\/sk\/wp-json\/wp\/v2\/types\/product"}],"wp:featuredmedia":[{"embeddable":true,"href":"https:\/\/hundtgroup.com\/sk\/wp-json\/wp\/v2\/media\/41606"}],"wp:attachment":[{"href":"https:\/\/hundtgroup.com\/sk\/wp-json\/wp\/v2\/media?parent=41604"}],"wp:term":[{"taxonomy":"product_cat","embeddable":true,"href":"https:\/\/hundtgroup.com\/sk\/wp-json\/wp\/v2\/product_cat?post=41604"},{"taxonomy":"product_tag","embeddable":true,"href":"https:\/\/hundtgroup.com\/sk\/wp-json\/wp\/v2\/product_tag?post=41604"}],"curies":[{"name":"wp","href":"https:\/\/api.w.org\/{rel}","templated":true}]}}