{"id":41970,"date":"2026-04-01T12:37:51","date_gmt":"2026-04-01T10:37:51","guid":{"rendered":"https:\/\/hundtgroup.com\/?post_type=product&#038;p=41970"},"modified":"2026-04-01T12:46:35","modified_gmt":"2026-04-01T10:46:35","slug":"batoh-na-naradie-hundt-kopie","status":"publish","type":"product","link":"https:\/\/hundtgroup.com\/sk\/produkt\/batoh-na-naradie-hundt-kopie\/","title":{"rendered":"Batoh na n\u00e1radie Hundt PRO"},"content":{"rendered":"<p>Voz\u00edk na n\u00e1radie z tkaniny odolnej proti opotrebovaniu a roztrhnutiu s uzamykate\u013en\u00fdm zipsom. S integrovan\u00fdm voz\u00edkom, ochrann\u00fdm krytom kolies, 2 polstrovan\u00fdmi ramenn\u00fdmi popruhmi a rukov\u00e4\u0165ou na pren\u00e1\u0161anie. Vo vn\u00fatri sa nach\u00e1dza polstrovan\u00e1 priehradka na notebook do ve\u013ekosti 15&#8243; a 2 odn\u00edmate\u013en\u00e9 obojstrann\u00e9 dosky na n\u00e1radie s vreckami.  <\/p>\n","protected":false},"excerpt":{"rendered":"<p>Voz\u00edk na n\u00e1radie z tkaniny odolnej proti opotrebovaniu a roztrhnutiu s uzamykate\u013en\u00fdm zipsom. S integrovan\u00fdm voz\u00edkom, ochrann\u00fdm krytom kolies, 2 polstrovan\u00fdmi ramenn\u00fdmi popruhmi a rukov\u00e4\u0165ou na pren\u00e1\u0161anie. Vo vn\u00fatri sa nach\u00e1dza polstrovan\u00e1 priehradka na notebook do ve\u013ekosti 15&#8243; a 2 odn\u00edmate\u013en\u00e9 obojstrann\u00e9 dosky na n\u00e1radie s vreckami.<\/p>\n","protected":false},"featured_media":41907,"template":"","meta":{"_acf_changed":false,"inline_featured_image":false},"product_cat":[2253,2180],"product_tag":[],"class_list":{"0":"post-41970","1":"product","2":"type-product","3":"status-publish","4":"has-post-thumbnail","6":"product_cat-doprava-sk","7":"product_cat-zariadenie-staveniska","9":"first","10":"instock","11":"taxable","12":"shipping-taxable","13":"purchasable","14":"product-type-simple","15":"add-to-wishlist-before_image"},"acf":[],"yoast_head":"<!-- This site is optimized with the Yoast SEO plugin v27.3 - https:\/\/yoast.com\/product\/yoast-seo-wordpress\/ -->\n<title>Batoh na n\u00e1radie Hundt PRO - Wilhelm Hundt GmbH<\/title>\n<meta name=\"robots\" content=\"index, follow, max-snippet:-1, max-image-preview:large, max-video-preview:-1\" \/>\n<link rel=\"canonical\" href=\"https:\/\/hundtgroup.com\/sk\/produkt\/batoh-na-naradie-hundt-kopie\/\" \/>\n<meta property=\"og:locale\" content=\"sk_SK\" \/>\n<meta property=\"og:type\" content=\"article\" \/>\n<meta property=\"og:title\" content=\"Batoh na n\u00e1radie Hundt PRO - Wilhelm Hundt GmbH\" \/>\n<meta property=\"og:description\" content=\"Voz\u00edk na n\u00e1radie z tkaniny odolnej proti opotrebovaniu a roztrhnutiu s uzamykate\u013en\u00fdm zipsom. S integrovan\u00fdm voz\u00edkom, ochrann\u00fdm krytom kolies, 2 polstrovan\u00fdmi ramenn\u00fdmi popruhmi a rukov\u00e4\u0165ou na pren\u00e1\u0161anie. Vo vn\u00fatri sa nach\u00e1dza polstrovan\u00e1 priehradka na notebook do ve\u013ekosti 15&#8243; a 2 odn\u00edmate\u013en\u00e9 obojstrann\u00e9 dosky na n\u00e1radie s vreckami.\" \/>\n<meta property=\"og:url\" content=\"https:\/\/hundtgroup.com\/sk\/produkt\/batoh-na-naradie-hundt-kopie\/\" \/>\n<meta property=\"og:site_name\" content=\"Wilhelm Hundt GmbH\" \/>\n<meta property=\"article:modified_time\" content=\"2026-04-01T10:46:35+00:00\" \/>\n<meta property=\"og:image\" content=\"https:\/\/hundtgroup.com\/wp-content\/uploads\/GTLine-2.png\" \/>\n\t<meta property=\"og:image:width\" content=\"299\" \/>\n\t<meta property=\"og:image:height\" content=\"463\" \/>\n\t<meta property=\"og:image:type\" content=\"image\/png\" \/>\n<meta name=\"twitter:card\" content=\"summary_large_image\" \/>\n<script type=\"application\/ld+json\" class=\"yoast-schema-graph\">{\"@context\":\"https:\\\/\\\/schema.org\",\"@graph\":[{\"@type\":\"WebPage\",\"@id\":\"https:\\\/\\\/hundtgroup.com\\\/sk\\\/produkt\\\/batoh-na-naradie-hundt-kopie\\\/\",\"url\":\"https:\\\/\\\/hundtgroup.com\\\/sk\\\/produkt\\\/batoh-na-naradie-hundt-kopie\\\/\",\"name\":\"Batoh na n\u00e1radie Hundt PRO - Wilhelm Hundt GmbH\",\"isPartOf\":{\"@id\":\"https:\\\/\\\/hundtgroup.com\\\/sk\\\/#website\"},\"primaryImageOfPage\":{\"@id\":\"https:\\\/\\\/hundtgroup.com\\\/sk\\\/produkt\\\/batoh-na-naradie-hundt-kopie\\\/#primaryimage\"},\"image\":{\"@id\":\"https:\\\/\\\/hundtgroup.com\\\/sk\\\/produkt\\\/batoh-na-naradie-hundt-kopie\\\/#primaryimage\"},\"thumbnailUrl\":\"https:\\\/\\\/hundtgroup.com\\\/wp-content\\\/uploads\\\/GTLine-2.png\",\"datePublished\":\"2026-04-01T10:37:51+00:00\",\"dateModified\":\"2026-04-01T10:46:35+00:00\",\"breadcrumb\":{\"@id\":\"https:\\\/\\\/hundtgroup.com\\\/sk\\\/produkt\\\/batoh-na-naradie-hundt-kopie\\\/#breadcrumb\"},\"inLanguage\":\"sk-SK\",\"potentialAction\":[{\"@type\":\"ReadAction\",\"target\":[\"https:\\\/\\\/hundtgroup.com\\\/sk\\\/produkt\\\/batoh-na-naradie-hundt-kopie\\\/\"]}]},{\"@type\":\"ImageObject\",\"inLanguage\":\"sk-SK\",\"@id\":\"https:\\\/\\\/hundtgroup.com\\\/sk\\\/produkt\\\/batoh-na-naradie-hundt-kopie\\\/#primaryimage\",\"url\":\"https:\\\/\\\/hundtgroup.com\\\/wp-content\\\/uploads\\\/GTLine-2.png\",\"contentUrl\":\"https:\\\/\\\/hundtgroup.com\\\/wp-content\\\/uploads\\\/GTLine-2.png\",\"width\":299,\"height\":463},{\"@type\":\"BreadcrumbList\",\"@id\":\"https:\\\/\\\/hundtgroup.com\\\/sk\\\/produkt\\\/batoh-na-naradie-hundt-kopie\\\/#breadcrumb\",\"itemListElement\":[{\"@type\":\"ListItem\",\"position\":1,\"name\":\"Startseite\",\"item\":\"https:\\\/\\\/hundtgroup.com\\\/sk\\\/domov-nove\\\/\"},{\"@type\":\"ListItem\",\"position\":2,\"name\":\"Obchod\",\"item\":\"https:\\\/\\\/hundtgroup.com\\\/obchod\\\/\"},{\"@type\":\"ListItem\",\"position\":3,\"name\":\"Batoh na n\u00e1radie Hundt PRO\"}]},{\"@type\":\"WebSite\",\"@id\":\"https:\\\/\\\/hundtgroup.com\\\/sk\\\/#website\",\"url\":\"https:\\\/\\\/hundtgroup.com\\\/sk\\\/\",\"name\":\"Wilhelm Hundt GmbH\",\"description\":\"V\u00e1\u0161 \u0161pecialista na stroje a n\u00e1stroje na spracovanie plechu\",\"potentialAction\":[{\"@type\":\"SearchAction\",\"target\":{\"@type\":\"EntryPoint\",\"urlTemplate\":\"https:\\\/\\\/hundtgroup.com\\\/sk\\\/?s={search_term_string}\"},\"query-input\":{\"@type\":\"PropertyValueSpecification\",\"valueRequired\":true,\"valueName\":\"search_term_string\"}}],\"inLanguage\":\"sk-SK\"}]}<\/script>\n<!-- \/ Yoast SEO plugin. -->","yoast_head_json":{"title":"Batoh na n\u00e1radie Hundt PRO - Wilhelm Hundt GmbH","robots":{"index":"index","follow":"follow","max-snippet":"max-snippet:-1","max-image-preview":"max-image-preview:large","max-video-preview":"max-video-preview:-1"},"canonical":"https:\/\/hundtgroup.com\/sk\/produkt\/batoh-na-naradie-hundt-kopie\/","og_locale":"sk_SK","og_type":"article","og_title":"Batoh na n\u00e1radie Hundt PRO - Wilhelm Hundt GmbH","og_description":"Voz\u00edk na n\u00e1radie z tkaniny odolnej proti opotrebovaniu a roztrhnutiu s uzamykate\u013en\u00fdm zipsom. S integrovan\u00fdm voz\u00edkom, ochrann\u00fdm krytom kolies, 2 polstrovan\u00fdmi ramenn\u00fdmi popruhmi a rukov\u00e4\u0165ou na pren\u00e1\u0161anie. Vo vn\u00fatri sa nach\u00e1dza polstrovan\u00e1 priehradka na notebook do ve\u013ekosti 15&#8243; a 2 odn\u00edmate\u013en\u00e9 obojstrann\u00e9 dosky na n\u00e1radie s vreckami.","og_url":"https:\/\/hundtgroup.com\/sk\/produkt\/batoh-na-naradie-hundt-kopie\/","og_site_name":"Wilhelm Hundt GmbH","article_modified_time":"2026-04-01T10:46:35+00:00","og_image":[{"width":299,"height":463,"url":"https:\/\/hundtgroup.com\/wp-content\/uploads\/GTLine-2.png","type":"image\/png"}],"twitter_card":"summary_large_image","schema":{"@context":"https:\/\/schema.org","@graph":[{"@type":"WebPage","@id":"https:\/\/hundtgroup.com\/sk\/produkt\/batoh-na-naradie-hundt-kopie\/","url":"https:\/\/hundtgroup.com\/sk\/produkt\/batoh-na-naradie-hundt-kopie\/","name":"Batoh na n\u00e1radie Hundt PRO - Wilhelm Hundt GmbH","isPartOf":{"@id":"https:\/\/hundtgroup.com\/sk\/#website"},"primaryImageOfPage":{"@id":"https:\/\/hundtgroup.com\/sk\/produkt\/batoh-na-naradie-hundt-kopie\/#primaryimage"},"image":{"@id":"https:\/\/hundtgroup.com\/sk\/produkt\/batoh-na-naradie-hundt-kopie\/#primaryimage"},"thumbnailUrl":"https:\/\/hundtgroup.com\/wp-content\/uploads\/GTLine-2.png","datePublished":"2026-04-01T10:37:51+00:00","dateModified":"2026-04-01T10:46:35+00:00","breadcrumb":{"@id":"https:\/\/hundtgroup.com\/sk\/produkt\/batoh-na-naradie-hundt-kopie\/#breadcrumb"},"inLanguage":"sk-SK","potentialAction":[{"@type":"ReadAction","target":["https:\/\/hundtgroup.com\/sk\/produkt\/batoh-na-naradie-hundt-kopie\/"]}]},{"@type":"ImageObject","inLanguage":"sk-SK","@id":"https:\/\/hundtgroup.com\/sk\/produkt\/batoh-na-naradie-hundt-kopie\/#primaryimage","url":"https:\/\/hundtgroup.com\/wp-content\/uploads\/GTLine-2.png","contentUrl":"https:\/\/hundtgroup.com\/wp-content\/uploads\/GTLine-2.png","width":299,"height":463},{"@type":"BreadcrumbList","@id":"https:\/\/hundtgroup.com\/sk\/produkt\/batoh-na-naradie-hundt-kopie\/#breadcrumb","itemListElement":[{"@type":"ListItem","position":1,"name":"Startseite","item":"https:\/\/hundtgroup.com\/sk\/domov-nove\/"},{"@type":"ListItem","position":2,"name":"Obchod","item":"https:\/\/hundtgroup.com\/obchod\/"},{"@type":"ListItem","position":3,"name":"Batoh na n\u00e1radie Hundt PRO"}]},{"@type":"WebSite","@id":"https:\/\/hundtgroup.com\/sk\/#website","url":"https:\/\/hundtgroup.com\/sk\/","name":"Wilhelm Hundt GmbH","description":"V\u00e1\u0161 \u0161pecialista na stroje a n\u00e1stroje na spracovanie plechu","potentialAction":[{"@type":"SearchAction","target":{"@type":"EntryPoint","urlTemplate":"https:\/\/hundtgroup.com\/sk\/?s={search_term_string}"},"query-input":{"@type":"PropertyValueSpecification","valueRequired":true,"valueName":"search_term_string"}}],"inLanguage":"sk-SK"}]}},"_links":{"self":[{"href":"https:\/\/hundtgroup.com\/sk\/wp-json\/wp\/v2\/product\/41970","targetHints":{"allow":["GET"]}}],"collection":[{"href":"https:\/\/hundtgroup.com\/sk\/wp-json\/wp\/v2\/product"}],"about":[{"href":"https:\/\/hundtgroup.com\/sk\/wp-json\/wp\/v2\/types\/product"}],"wp:featuredmedia":[{"embeddable":true,"href":"https:\/\/hundtgroup.com\/sk\/wp-json\/wp\/v2\/media\/41907"}],"wp:attachment":[{"href":"https:\/\/hundtgroup.com\/sk\/wp-json\/wp\/v2\/media?parent=41970"}],"wp:term":[{"taxonomy":"product_cat","embeddable":true,"href":"https:\/\/hundtgroup.com\/sk\/wp-json\/wp\/v2\/product_cat?post=41970"},{"taxonomy":"product_tag","embeddable":true,"href":"https:\/\/hundtgroup.com\/sk\/wp-json\/wp\/v2\/product_tag?post=41970"}],"curies":[{"name":"wp","href":"https:\/\/api.w.org\/{rel}","templated":true}]}}