{"id":12574,"date":"2022-01-12T13:24:49","date_gmt":"2022-01-12T12:24:49","guid":{"rendered":"https:\/\/hundtgroup.com\/odtis\/"},"modified":"2026-03-09T11:44:56","modified_gmt":"2026-03-09T10:44:56","slug":"odtis","status":"publish","type":"page","link":"https:\/\/hundtgroup.com\/sl\/odtis\/","title":{"rendered":"Odtis"},"content":{"rendered":"<div id='av_section_1'  class='avia-section av-2pdom-4d54d6115f624e781df8c822ab0805b5 main_color avia-section-default avia-no-border-styling  avia-builder-el-0  avia-builder-el-no-sibling  avia-bg-style-scroll container_wrap fullsize'  ><div class='container av-section-cont-open' ><main  role=\"main\" itemprop=\"mainContentOfPage\"  class='template-page content  av-content-full alpha units'><div class='post-entry post-entry-type-page post-entry-12574'><div class='entry-content-wrapper clearfix'>\n<div  class='flex_column av-1yzzq-79b7dbdb201c3fba310c1bec065b8309 av_one_full  avia-builder-el-1  el_before_av_one_third  avia-builder-el-first  first av-break-at-tablet flex_column_div  '     ><div class=\"pxl-headline pxl-hl hl-wrap | hl-sub--off hl--align-left hl--no-margin   \">\n    <div class=\"hl-inner\">\n            <h1 class=\"hl-main hl-line |  hl_main--default  \">Odtis<\/h1>\n            <div class=\"overline lightgrey\">\n              \n              <span class=\"overline-slant\"><\/span>\n            <\/div>\n    <\/div>\n<\/div><\/div><div  class='flex_column av-1q3gu-de69cde9496513c1f988bc8698058253 av_one_third  avia-builder-el-3  el_after_av_one_full  el_before_av_two_third  first av-break-at-tablet flex_column_div  column-top-margin'     ><section  class='av_textblock_section av-kyllbexa-97fec898083ace43742066cbd8a872fc '   itemscope=\"itemscope\" itemtype=\"https:\/\/schema.org\/CreativeWork\" ><div class='avia_textblock'  itemprop=\"text\" ><p>Wilhelm Hundt GmbH<br \/>\nSchwabhausen 25<br \/>\n42349 Wuppertal<\/p>\n<p>Poslovni register: HRB 9042<br \/>\nRegistrsko sodi\u0161\u010de: lokalno sodi\u0161\u010de v Wuppertalu<\/p>\n<p><strong>Zastopajo ga direktorji<\/strong>:<br \/>\nWilhelm Hundt, Silke Droste, Markus Larssen.<\/p>\n<p><strong>Kontakt<\/strong><br \/>\nTelefon: <a href=\"tel:0202%20430448-0\">+49 202 430448-0<\/a><br \/>\nFaks: +49 202 430448-20<br \/>\nE-naslov: <a href=\"mailto:info@hundt.de\">info@hundt.de<\/a><\/p>\n<p><strong>Davek na dodano vrednost<\/strong><br \/>\nIdentifikacijska \u0161tevilka davka na dodano vrednost:<br \/>\nDE184046058<\/p>\n<p><strong>Odgovorni za vsebino<\/strong><br \/>\nWilhelm Hundt GmbH<br \/>\nSchwabhausen 25<br \/>\n42349 Wuppertal<\/p>\n<p><strong>Koncept, oblikovanje in programiranje<\/strong><br \/>\nPixelProdukcija<br \/>\nAgencija s celovitimi storitvami za MSP<br \/>\n<a href=\"http:\/\/www.pixelproduction.de\" target=\"_blank\" rel=\"noopener\">www.pixelproduction.de<\/a><\/p>\n<\/div><\/section><\/div><div  class='flex_column av-2kpy-bc1d0561cbc1a871538ada7456750cce av_two_third  avia-builder-el-5  el_after_av_one_third  el_before_av_one_full  av-break-at-tablet flex_column_div  column-top-margin'     ><section  class='av_textblock_section av-kyllct0k-fb23679b936d5608d5b577dc0fcec8b4 '   itemscope=\"itemscope\" itemtype=\"https:\/\/schema.org\/CreativeWork\" ><div class='avia_textblock'  itemprop=\"text\" ><p><strong>Odgovornost za povezave<\/strong><br \/>\nNa\u0161e spletno mesto vsebuje povezave do zunanjih spletnih mest tretjih oseb, na katerih vsebino nimamo vpliva. Zato ne moremo prevzeti nikakr\u0161ne odgovornosti za to vsebino tretjih oseb. Za vsebino povezanih strani je vedno odgovoren zadevni ponudnik ali upravljavec strani. Povezane strani so bile v \u010dasu povezovanja preverjene glede morebitnih pravnih kr\u0161itev. V \u010dasu povezovanja nezakonite vsebine niso bile prepoznane.    <\/p>\n<p>Vendar pa stalno spremljanje vsebine povezanih strani ni smiselno, \u010de ni konkretnih dokazov o kr\u0161itvi. \u010ce bomo izvedeli za kakr\u0161ne koli pravne kr\u0161itve, bomo take povezave nemudoma odstranili. <\/p>\n<p><strong>Avtorske pravice<\/strong><br \/>\nZa vsebino in dela, ki jih ustvarijo upravljavci spletnega mesta na teh straneh, velja nem\u0161ko avtorsko pravo. Za razmno\u017eevanje, urejanje, distribucijo in kakr\u0161no koli uporabo zunaj meja zakona o avtorskih pravicah je potrebno pisno soglasje zadevnega avtorja ali ustvarjalca. Prenosi in kopije te strani so dovoljeni le za zasebno, nekomercialno uporabo.  <\/p>\n<p>\u010ce vsebine na tem spletnem mestu ni ustvaril upravljavec, se spo\u0161tujejo avtorske pravice tretjih oseb. Zlasti vsebine tretjih oseb so ozna\u010dene kot take. \u010ce kljub temu opazite kr\u0161itev avtorskih pravic, nas o tem ustrezno obvestite. \u010ce bomo izvedeli za kakr\u0161no koli kr\u0161itev, bomo tak\u0161no vsebino nemudoma odstranili.<\/p>\n<\/div><\/section><\/div><div  class='flex_column av-4td4om-c75621792286bc0907b0ba131e3eed67 av_one_full  avia-builder-el-7  el_after_av_two_third  el_before_av_one_full  first av-break-at-tablet flex_column_div  column-top-margin'     ><div class=\"pxl-headline pxl-hl hl-wrap | hl-sub--off hl--align-left hl--no-margin   \">\n    <div class=\"hl-inner\">\n            <h2 class=\"hl-main hl-line |  hl_main--default  \">Slikovni krediti<\/h2>\n            <div class=\"overline lightgrey\">\n              \n              <span class=\"overline-slant\"><\/span>\n            <\/div>\n    <\/div>\n<\/div><\/div><div  class='flex_column av-4sq422-3348fa49c2c5bdc61932a482b5b932e4 av_one_full  avia-builder-el-9  el_after_av_one_full  avia-builder-el-last  first flex_column_div  column-top-margin'     ><div class='avia-data-table-wrap av-4s7d4u-f0de9b79a1de0e23c0375469e71b4663 avia_responsive_table avia-table-1'><table  class='avia-table avia-data-table avia_pricing_minimal  avia-builder-el-10  avia-builder-el-no-sibling '  itemscope=\"itemscope\" itemtype=\"https:\/\/schema.org\/Table\" ><tbody><tr class='avia-heading-row'><th class=''>Prikaz strani<\/th><th class=''>Umestitev<\/th><th class=''>Motiv<\/th><th class=''>Vir:<br \/>\n<\/th><th class=''>\u0160tevilka slike<br \/>\n<\/th><\/tr><tr class=''><td class=''>Doma\u010da stran<br \/>\n<\/td><td class=''>Vodja<br \/>\n<\/td><td class=''>Perforirana plo\u0161\u010da<\/td><td class=''>Adobe Stock<br \/>\n<\/td><td class=''>452926646<br \/>\n<\/td><\/tr><tr class=''><td class=''>Doma\u010da stran<br \/>\n<\/td><td class=''>Stroji + storitve<br \/>\n<\/td><td class=''>Jeklena plo\u010devina<br \/>\n<\/td><td class=''>Adobe Stock<br \/>\n<\/td><td class=''>33337544<br \/>\n<\/td><\/tr><tr class=''><td class=''>Pregled strojev<br \/>\n<\/td><td class=''>Vodja<br \/>\n<\/td><td class=''>Perforirana plo\u010devina<br \/>\n<\/td><td class=''>Adobe Stock<br \/>\n<\/td><td class=''>127055083<br \/>\n<\/td><\/tr><tr class=''><td class=''>Pregled strojev<br \/>\n<\/td><td class=''>Izolacijski stroji<br \/>\n<\/td><td class=''>Jeklena plo\u010devina<br \/>\n<\/td><td class=''>Adobe Stock<br \/>\n<\/td><td class=''>33337544<br \/>\n<\/td><\/tr><tr class=''><td class=''>Stroji za izdelavo biserov\/obeskov<br \/>\n<\/td><td class=''>Vodja<br \/>\n<\/td><td class=''>Perforirana plo\u010devina<br \/>\n<\/td><td class=''>Adobe Stock<br \/>\n<\/td><td class=''>127055083<br \/>\n<\/td><\/tr><tr class=''><td class=''>Stroji za izdelavo biserov\/obeskov<br \/>\n<\/td><td class=''>Stroji za izdelavo biserov\/obeskov<br \/>\n<\/td><td class=''>Jeklena plo\u010devina<br \/>\n<\/td><td class=''>Adobe Stock<br \/>\n<\/td><td class=''>33337544<br \/>\n<\/td><\/tr><tr class=''><td class=''>Stroji za okroglo krivljenje<br \/>\n<\/td><td class=''>Vodja<br \/>\n<\/td><td class=''>Perforirana plo\u010devina<br \/>\n<\/td><td class=''>Adobe Stock<br \/>\n<\/td><td class=''>127055083<br \/>\n<\/td><\/tr><tr class=''><td class=''>Stroji za okroglo krivljenje<br \/>\n<\/td><td class=''>Stroji za okroglo krivljenje<br \/>\n<\/td><td class=''>Jeklena plo\u010devina<br \/>\n<\/td><td class=''>Adobe Stock<br \/>\n<\/td><td class=''>33337544<br \/>\n<\/td><\/tr><tr class=''><td class=''>\u0160karje<br \/>\n<\/td><td class=''>Vodja<br \/>\n<\/td><td class=''>Perforirana plo\u010devina<br \/>\n<\/td><td class=''>Adobe Stock<br \/>\n<\/td><td class=''>127055083<br \/>\n<\/td><\/tr><tr class=''><td class=''>\u0160karje<br \/>\n<\/td><td class=''>\u0160karje<br \/>\n<\/td><td class=''>Jeklena plo\u010devina<br \/>\n<\/td><td class=''>Adobe Stock<br \/>\n<\/td><td class=''>33337544<br \/>\n<\/td><\/tr><tr class=''><td class=''>Stroji za upogibanje z vrtljivim mehanizmom<br \/>\n<\/td><td class=''>Vodja<br \/>\n<\/td><td class=''>Perforirana plo\u010devina<br \/>\n<\/td><td class=''>Adobe Stock<br \/>\n<\/td><td class=''>127055083<br \/>\n<\/td><\/tr><tr class=''><td class=''>Stroji za upogibanje z vrtljivim mehanizmom<br \/>\n<\/td><td class=''>Stroji za upogibanje z vrtljivim mehanizmom<br \/>\n<\/td><td class=''>Jeklena plo\u010devina<br \/>\n<\/td><td class=''>Adobe Stock<br \/>\n<\/td><td class=''>33337544<br \/>\n<\/td><\/tr><tr class=''><td class=''>Stroji za luknjanje in zarezovanje<br \/>\n<\/td><td class=''>Vodja<br \/>\n<\/td><td class=''>Perforirana plo\u010devina<br \/>\n<\/td><td class=''>Adobe Stock<br \/>\n<\/td><td class=''>127055083<br \/>\n<\/td><\/tr><tr class=''><td class=''>Stroji za luknjanje in zarezovanje<br \/>\n<\/td><td class=''>Stroji za luknjanje in zarezovanje<br \/>\n<\/td><td class=''>Jeklena plo\u010devina<br \/>\n<\/td><td class=''>Adobe Stock<br \/>\n<\/td><td class=''>33337544<br \/>\n<\/td><\/tr><tr class=''><td class=''>Naprave za odvijanje<br \/>\n<\/td><td class=''>Vodja<br \/>\n<\/td><td class=''>Perforirana plo\u010devina<br \/>\n<\/td><td class=''>Adobe Stock<br \/>\n<\/td><td class=''>127055083<br \/>\n<\/td><\/tr><tr class=''><td class=''>Naprave za odvijanje<br \/>\n<\/td><td class=''>Naprave za odvijanje<br \/>\n<\/td><td class=''>Jeklena plo\u010devina<br \/>\n<\/td><td class=''>Adobe Stock<br \/>\n<\/td><td class=''>33337544<br \/>\n<\/td><\/tr><tr class=''><td class=''>Oprema za varjenje<br \/>\n<\/td><td class=''>Vodja<br \/>\n<\/td><td class=''>Perforirana plo\u010devina<br \/>\n<\/td><td class=''>Adobe Stock<br \/>\n<\/td><td class=''>127055083<br \/>\n<\/td><\/tr><tr class=''><td class=''>Oprema za varjenje<br \/>\n<\/td><td class=''>Oprema za varjenje<br \/>\n<\/td><td class=''>Jeklena plo\u010devina<br \/>\n<\/td><td class=''>Adobe Stock<br \/>\n<\/td><td class=''>33337544<br \/>\n<\/td><\/tr><tr class=''><td class=''>Rabljeni stroji<br \/>\n<\/td><td class=''>Vodja<br \/>\n<\/td><td class=''>Perforirana plo\u010devina<br \/>\n<\/td><td class=''>Adobe Stock<br \/>\n<\/td><td class=''>127055083<br \/>\n<\/td><\/tr><tr class=''><td class=''>Rabljeni stroji<br \/>\n<\/td><td class=''>Rabljeni stroji<br \/>\n<\/td><td class=''>Jeklena plo\u010devina<br \/>\n<\/td><td class=''>Adobe Stock<br \/>\n<\/td><td class=''>33337544<br \/>\n<\/td><\/tr><tr class=''><td class=''>Najem strojev<br \/>\n<\/td><td class=''>Vodja<br \/>\n<\/td><td class=''>Perforirana plo\u010devina<br \/>\n<\/td><td class=''>Adobe Stock<br \/>\n<\/td><td class=''>127055083<br \/>\n<\/td><\/tr><tr class=''><td class=''>Najem strojev<br \/>\n<\/td><td class=''>Najem strojev<br \/>\n<\/td><td class=''>Jeklena plo\u010devina<br \/>\n<\/td><td class=''>Adobe Stock<br \/>\n<\/td><td class=''>33337544<br \/>\n<\/td><\/tr><tr class=''><td class=''>Orodja<br \/>\n<\/td><td class=''>Vodja<br \/>\n<\/td><td class=''>upognjena plo\u010devina<br \/>\n<\/td><td class=''>Adobe Stock<br \/>\n<\/td><td class=''>470925436<br \/>\n<\/td><\/tr><tr class=''><td class=''>Pregled zahtev za izolacijo<br \/>\n<\/td><td class=''>Vodja<br \/>\n<\/td><td class=''>Jeklena plo\u010devina<br \/>\n<\/td><td class=''>Adobe Stock<br \/>\n<\/td><td class=''>198019364<br \/>\n<\/td><\/tr><tr class=''><td class=''>Pregled zahtev za izolacijo<br \/>\n<\/td><td class=''>Slepe zakovice<br \/>\n<\/td><td class=''>Zakovice<br \/>\n<\/td><td class=''>Adobe Stock<br \/>\n<\/td><td class=''>257825519<br \/>\n<\/td><\/tr><tr class=''><td class=''>Pregled zahtev za izolacijo<br \/>\n<\/td><td class=''>Napenjalni trakovi<br \/>\n<\/td><td class=''>Napenjalni trakovi<br \/>\n<\/td><td class=''>Adobe Stock<br \/>\n<\/td><td class=''>135354999<br \/>\n<\/td><\/tr><tr class=''><td class=''>Samorezni vijaki<br \/>\n<\/td><td class=''>Vodja<br \/>\n<\/td><td class=''>Jeklena plo\u010devina<br \/>\n<\/td><td class=''>Adobe Stock<br \/>\n<\/td><td class=''>198019364<br \/>\n<\/td><\/tr><tr class=''><td class=''>Slepe zakovice<br \/>\n<\/td><td class=''>Vodja<br \/>\n<\/td><td class=''>Jeklena plo\u010devina<br \/>\n<\/td><td class=''>Adobe Stock<br \/>\n<\/td><td class=''>198019364<br \/>\n<\/td><\/tr><tr class=''><td class=''>Slepe zakovice<br \/>\n<\/td><td class=''>Slepe zakovice<br \/>\n<\/td><td class=''>Zakovice<br \/>\n<\/td><td class=''>Adobe Stock<br \/>\n<\/td><td class=''>257825519<br \/>\n<\/td><\/tr><tr class=''><td class=''>Kljuke, tulci, zaponke<br \/>\n<\/td><td class=''>Vodja<br \/>\n<\/td><td class=''>Jeklena plo\u010devina<br \/>\n<\/td><td class=''>Adobe Stock<br \/>\n<\/td><td class=''>198019364<br \/>\n<\/td><\/tr><tr class=''><td class=''>Pritrdilni elementi za pokrov\u010dke<br \/>\n<\/td><td class=''>Vodja<br \/>\n<\/td><td class=''>Jeklena plo\u010devina<br \/>\n<\/td><td class=''>Adobe Stock<br \/>\n<\/td><td class=''>198019364<br \/>\n<\/td><\/tr><tr class=''><td class=''>Napenjalni trakovi<br \/>\n<\/td><td class=''>Vodja<br \/>\n<\/td><td class=''>Jeklena plo\u010devina<br \/>\n<\/td><td class=''>Adobe Stock<br \/>\n<\/td><td class=''>198019364<br \/>\n<\/td><\/tr><tr class=''><td class=''>Napenjalni trakovi<br \/>\n<\/td><td class=''>Napenjalni trakovi<br \/>\n<\/td><td class=''>Napenjalni trakovi<br \/>\n<\/td><td class=''>Adobe Stock<br \/>\n<\/td><td class=''>135354999<br \/>\n<\/td><\/tr><tr class=''><td class=''>Dobavila za delavnico<br \/>\n<\/td><td class=''>Vodja<br \/>\n<\/td><td class=''>Plo\u010devinasti trakovi<br \/>\n<\/td><td class=''>Adobe Stock<br \/>\n<\/td><td class=''>256516437<br \/>\n<\/td><\/tr><tr class=''><td class=''>Izdelki TRUMPF<br \/>\n<\/td><td class=''>Vodja<br \/>\n<\/td><td class=''>Robovi plo\u010devine<br \/>\n<\/td><td class=''>Adobe Stock<br \/>\n<\/td><td class=''>167289987<br \/>\n<\/td><\/tr><tr class=''><td class=''>Storitev<br \/>\n<\/td><td class=''>Vodja<br \/>\n<\/td><td class=''>Portretiranec<br \/>\n<\/td><td class=''>Adobe Stock<br \/>\n<\/td><td class=''>269092425<br \/>\n<\/td><\/tr><tr class=''><td class=''>Storitev<br \/>\n<\/td><td class=''>Storitve &#8211; Vzdr\u017eevanje\/opravila<br \/>\n<\/td><td class=''>Roka<br \/>\n<\/td><td class=''>Adobe Stock<br \/>\n<\/td><td class=''>29474853<br \/>\n<\/td><\/tr><tr class=''><td class=''>Storitev<br \/>\n<\/td><td class=''>Storitve &#8211; Rezervni deli<br \/>\n<\/td><td class=''>Skladi\u0161\u010de s policami<br \/>\n<\/td><td class=''>Adobe Stock<br \/>\n<\/td><td class=''>176145628<br \/>\n<\/td><\/tr><tr class=''><td class=''>Storitev<br \/>\n<\/td><td class=''>Storitve &#8211; Dodatki<br \/>\n<\/td><td class=''>Kovinski deli<br \/>\n<\/td><td class=''>Adobe Stock<br \/>\n<\/td><td class=''>112309031<br \/>\n<\/td><\/tr><tr class=''><td class=''>Ekipa<br \/>\n<\/td><td class=''>Vodja<br \/>\n<\/td><td class=''>Perforirana plo\u010devina<br \/>\n<\/td><td class=''>Adobe Stock<br \/>\n<\/td><td class=''>366770915<br \/>\n<\/td><\/tr><tr class=''><td class=''>Ekipa<br \/>\n<\/td><td class=''>Vodja<br \/>\n<\/td><td class=''>Dva mo\u0161ka<br \/>\n<\/td><td class=''>Adobe Stock<br \/>\n<\/td><td class=''>331579794<br \/>\n<\/td><\/tr><tr class=''><td class=''>Najnovej\u0161e novice<br \/>\n<\/td><td class=''>Vodja<br \/>\n<\/td><td class=''>Perforirana plo\u010devina<br \/>\n<\/td><td class=''>Adobe Stock<br \/>\n<\/td><td class=''>366770915<br \/>\n<\/td><\/tr><tr class=''><td class=''>Najnovej\u0161e novice<br \/>\n<\/td><td class=''>Vodja<br \/>\n<\/td><td class=''>Hashtag<br \/>\n<\/td><td class=''>Adobe Stock<br \/>\n<\/td><td class=''>251127556<br \/>\n<\/td><\/tr><tr class=''><td class=''>Kariera<br \/>\n<\/td><td class=''>Vodja<br \/>\n<\/td><td class=''>Dva mo\u0161ka<br \/>\n<\/td><td class=''>Adobe Stock<br \/>\n<\/td><td class=''>331579794<br \/>\n<\/td><\/tr><tr class=''><td class=''>Kariera<br \/>\n<\/td><td class=''>Prednosti<br \/>\n<\/td><td class=''>Jeklena plo\u010devina<br \/>\n<\/td><td class=''>Adobe Stock<br \/>\n<\/td><td class=''>33337544<br \/>\n<\/td><\/tr><tr class=''><td class=''>Sredi\u0161\u010de za medije<br \/>\n<\/td><td class=''>Vodja<br \/>\n<\/td><td class=''>Ukrivljeni listi<br \/>\n<\/td><td class=''>Adobe Stock<br \/>\n<\/td><td class=''>293173747<br \/>\n<\/td><\/tr><tr class=''><td class=''>Sredi\u0161\u010de za medije<br \/>\n<\/td><td class=''>Vodja<br \/>\n<\/td><td class=''>Knjiga<br \/>\n<\/td><td class=''>Adobe Stock<br \/>\n<\/td><td class=''>317613837<br \/>\n<\/td><\/tr><\/tbody><\/table><\/div><style type='text\/css'>.avia-table-1 td:nth-of-type(1):before { content: 'Prikaz strani'; } .avia-table-1 td:nth-of-type(2):before { content: 'Umestitev'; } .avia-table-1 td:nth-of-type(3):before { content: 'Motiv'; } .avia-table-1 td:nth-of-type(4):before { content: 'Vir:\n'; } .avia-table-1 td:nth-of-type(5):before { content: '\u0160tevilka slike\n'; } <\/style><\/div>\n","protected":false},"excerpt":{"rendered":"","protected":false},"author":1,"featured_media":0,"parent":0,"menu_order":13,"comment_status":"closed","ping_status":"closed","template":"","meta":{"_acf_changed":false,"inline_featured_image":false,"footnotes":""},"class_list":["post-12574","page","type-page","status-publish","hentry"],"acf":[],"yoast_head":"<!-- This site is optimized with the Yoast SEO plugin v27.3 - https:\/\/yoast.com\/product\/yoast-seo-wordpress\/ -->\n<title>Odtis | Wilhelm Hundt GmbH<\/title>\n<meta name=\"description\" content=\"Wilhelm Hundt GmbH: Odtis\" \/>\n<meta name=\"robots\" content=\"index, follow, max-snippet:-1, max-image-preview:large, max-video-preview:-1\" \/>\n<link rel=\"canonical\" href=\"https:\/\/hundtgroup.com\/sl\/odtis\/\" \/>\n<meta property=\"og:locale\" content=\"sl_SI\" \/>\n<meta property=\"og:type\" content=\"article\" \/>\n<meta property=\"og:title\" content=\"Odtis | Wilhelm Hundt GmbH\" \/>\n<meta property=\"og:description\" content=\"Wilhelm Hundt GmbH: Odtis\" \/>\n<meta property=\"og:url\" content=\"https:\/\/hundtgroup.com\/sl\/odtis\/\" \/>\n<meta property=\"og:site_name\" content=\"Wilhelm Hundt GmbH\" \/>\n<meta property=\"article:modified_time\" content=\"2026-03-09T10:44:56+00:00\" \/>\n<meta name=\"twitter:card\" content=\"summary_large_image\" \/>\n<meta name=\"twitter:label1\" content=\"Est. reading time\" \/>\n\t<meta name=\"twitter:data1\" content=\"5 minuta\" \/>\n<script type=\"application\/ld+json\" class=\"yoast-schema-graph\">{\"@context\":\"https:\\\/\\\/schema.org\",\"@graph\":[{\"@type\":\"WebPage\",\"@id\":\"https:\\\/\\\/hundtgroup.com\\\/sl\\\/odtis\\\/\",\"url\":\"https:\\\/\\\/hundtgroup.com\\\/sl\\\/odtis\\\/\",\"name\":\"Odtis | Wilhelm Hundt GmbH\",\"isPartOf\":{\"@id\":\"https:\\\/\\\/hundtgroup.com\\\/sl\\\/#website\"},\"datePublished\":\"2022-01-12T12:24:49+00:00\",\"dateModified\":\"2026-03-09T10:44:56+00:00\",\"description\":\"Wilhelm Hundt GmbH: Odtis\",\"breadcrumb\":{\"@id\":\"https:\\\/\\\/hundtgroup.com\\\/sl\\\/odtis\\\/#breadcrumb\"},\"inLanguage\":\"sl-SI\",\"potentialAction\":[{\"@type\":\"ReadAction\",\"target\":[\"https:\\\/\\\/hundtgroup.com\\\/sl\\\/odtis\\\/\"]}]},{\"@type\":\"BreadcrumbList\",\"@id\":\"https:\\\/\\\/hundtgroup.com\\\/sl\\\/odtis\\\/#breadcrumb\",\"itemListElement\":[{\"@type\":\"ListItem\",\"position\":1,\"name\":\"Startseite\",\"item\":\"https:\\\/\\\/hundtgroup.com\\\/sl\\\/domov-novo\\\/\"},{\"@type\":\"ListItem\",\"position\":2,\"name\":\"Odtis\"}]},{\"@type\":\"WebSite\",\"@id\":\"https:\\\/\\\/hundtgroup.com\\\/sl\\\/#website\",\"url\":\"https:\\\/\\\/hundtgroup.com\\\/sl\\\/\",\"name\":\"Wilhelm Hundt GmbH\",\"description\":\"Va\u0161 specialist za stroje in orodja za obdelavo plo\u010devine\",\"potentialAction\":[{\"@type\":\"SearchAction\",\"target\":{\"@type\":\"EntryPoint\",\"urlTemplate\":\"https:\\\/\\\/hundtgroup.com\\\/sl\\\/?s={search_term_string}\"},\"query-input\":{\"@type\":\"PropertyValueSpecification\",\"valueRequired\":true,\"valueName\":\"search_term_string\"}}],\"inLanguage\":\"sl-SI\"}]}<\/script>\n<!-- \/ Yoast SEO plugin. -->","yoast_head_json":{"title":"Odtis | Wilhelm Hundt GmbH","description":"Wilhelm Hundt GmbH: Odtis","robots":{"index":"index","follow":"follow","max-snippet":"max-snippet:-1","max-image-preview":"max-image-preview:large","max-video-preview":"max-video-preview:-1"},"canonical":"https:\/\/hundtgroup.com\/sl\/odtis\/","og_locale":"sl_SI","og_type":"article","og_title":"Odtis | Wilhelm Hundt GmbH","og_description":"Wilhelm Hundt GmbH: Odtis","og_url":"https:\/\/hundtgroup.com\/sl\/odtis\/","og_site_name":"Wilhelm Hundt GmbH","article_modified_time":"2026-03-09T10:44:56+00:00","twitter_card":"summary_large_image","twitter_misc":{"Est. reading time":"5 minuta"},"schema":{"@context":"https:\/\/schema.org","@graph":[{"@type":"WebPage","@id":"https:\/\/hundtgroup.com\/sl\/odtis\/","url":"https:\/\/hundtgroup.com\/sl\/odtis\/","name":"Odtis | Wilhelm Hundt GmbH","isPartOf":{"@id":"https:\/\/hundtgroup.com\/sl\/#website"},"datePublished":"2022-01-12T12:24:49+00:00","dateModified":"2026-03-09T10:44:56+00:00","description":"Wilhelm Hundt GmbH: Odtis","breadcrumb":{"@id":"https:\/\/hundtgroup.com\/sl\/odtis\/#breadcrumb"},"inLanguage":"sl-SI","potentialAction":[{"@type":"ReadAction","target":["https:\/\/hundtgroup.com\/sl\/odtis\/"]}]},{"@type":"BreadcrumbList","@id":"https:\/\/hundtgroup.com\/sl\/odtis\/#breadcrumb","itemListElement":[{"@type":"ListItem","position":1,"name":"Startseite","item":"https:\/\/hundtgroup.com\/sl\/domov-novo\/"},{"@type":"ListItem","position":2,"name":"Odtis"}]},{"@type":"WebSite","@id":"https:\/\/hundtgroup.com\/sl\/#website","url":"https:\/\/hundtgroup.com\/sl\/","name":"Wilhelm Hundt GmbH","description":"Va\u0161 specialist za stroje in orodja za obdelavo plo\u010devine","potentialAction":[{"@type":"SearchAction","target":{"@type":"EntryPoint","urlTemplate":"https:\/\/hundtgroup.com\/sl\/?s={search_term_string}"},"query-input":{"@type":"PropertyValueSpecification","valueRequired":true,"valueName":"search_term_string"}}],"inLanguage":"sl-SI"}]}},"_links":{"self":[{"href":"https:\/\/hundtgroup.com\/sl\/wp-json\/wp\/v2\/pages\/12574","targetHints":{"allow":["GET"]}}],"collection":[{"href":"https:\/\/hundtgroup.com\/sl\/wp-json\/wp\/v2\/pages"}],"about":[{"href":"https:\/\/hundtgroup.com\/sl\/wp-json\/wp\/v2\/types\/page"}],"author":[{"embeddable":true,"href":"https:\/\/hundtgroup.com\/sl\/wp-json\/wp\/v2\/users\/1"}],"replies":[{"embeddable":true,"href":"https:\/\/hundtgroup.com\/sl\/wp-json\/wp\/v2\/comments?post=12574"}],"version-history":[{"count":8,"href":"https:\/\/hundtgroup.com\/sl\/wp-json\/wp\/v2\/pages\/12574\/revisions"}],"predecessor-version":[{"id":41768,"href":"https:\/\/hundtgroup.com\/sl\/wp-json\/wp\/v2\/pages\/12574\/revisions\/41768"}],"wp:attachment":[{"href":"https:\/\/hundtgroup.com\/sl\/wp-json\/wp\/v2\/media?parent=12574"}],"curies":[{"name":"wp","href":"https:\/\/api.w.org\/{rel}","templated":true}]}}