{"id":12806,"date":"2022-01-17T15:13:39","date_gmt":"2022-01-17T14:13:39","guid":{"rendered":"https:\/\/hundtgroup.com\/kariera\/"},"modified":"2025-06-26T12:08:05","modified_gmt":"2025-06-26T10:08:05","slug":"kariera","status":"publish","type":"page","link":"https:\/\/hundtgroup.com\/sl\/o-nas\/kariera\/","title":{"rendered":"Kariera"},"content":{"rendered":"<div id='av_section_1'  class='avia-section av-7k2xh-ff5a1b8c55739fe29c49a5b988ca468b main_color avia-section-default avia-no-border-styling  avia-builder-el-0  el_before_av_section  avia-builder-el-first  section-no-padding-bottom avia-bg-style-scroll container_wrap fullsize'  ><div class='container av-section-cont-open' ><main  role=\"main\" itemprop=\"mainContentOfPage\"  class='template-page content  av-content-full alpha units'><div class='post-entry post-entry-type-page post-entry-12806'><div class='entry-content-wrapper clearfix'>\n<div  class='flex_column av-kyirpm96-a90b33f083ca7e815b92472bd1d3d5f8 av_one_full  avia-builder-el-1  avia-builder-el-no-sibling  max-width-three-fourth first flex_column_div  '     ><section  class='av_textblock_section av-kyirp8mp-5026a82b04e8424b85b9f1f86d7c14af '   itemscope=\"itemscope\" itemtype=\"https:\/\/schema.org\/CreativeWork\" ><div class='avia_textblock'  itemprop=\"text\" ><p>\u017de 50 let smo trdno zasidrani na trgu kot strokovnjaki za obdelavo plo\u010devine in orodja &#8211; postanite del te zgodbe o uspehu! Kot dinami\u010dno rasto\u010de podjetje vedno i\u0161\u010demo nove, predane sodelavce. Ponujamo vam zanimive in raznolike naloge, po\u0161teno pla\u010dilo in prijetno delovno vzdu\u0161je v dru\u017einskem podjetju, ki ga vodi lastnik.<\/p>\n<\/div><\/section><\/div>\n\n<\/div><\/div><\/main><!-- close content main element --><\/div><\/div><div id='av_section_2'  class='avia-section av-esv1p-3ee1199b615e894f539766df8c524f84 main_color avia-section-default avia-no-border-styling  avia-builder-el-3  el_after_av_section  el_before_av_section  avia-bg-style-scroll container_wrap fullsize'  ><div class='container av-section-cont-open' ><div class='template-page content  av-content-full alpha units'><div class='post-entry post-entry-type-page post-entry-12806'><div class='entry-content-wrapper clearfix'>\n<div  class='flex_column av-kyisucmu-9885f5334ed90f6c7faafba57b7ddae2 av_one_full  avia-builder-el-4  el_before_av_one_full  avia-builder-el-first  max-width-four-fifth first flex_column_div  '     ><p><div class=\"pxl-headline pxl-hl hl-wrap | hl-sub--top hl--align-left hl--large-margin   \">\n    <div class=\"hl-inner\">\n            <h2 class=\"hl-main hl-line |  hl_main--default  \">Na\u0161a trenutna <span>prosta delovna mesta<\/span><\/h2>\n            <div class=\"overline lightgrey\">\n              <span class=\"hl-sub hl-line |  hl_sub--default  \">Prijavite se zdaj<\/span>\n              <span class=\"overline-slant\"><\/span>\n            <\/div>\n    <\/div>\n<\/div>\n<br \/>\n<section  class='av_textblock_section av-6mqb9-f433746f831ff1f8533e557d10332d3b '   itemscope=\"itemscope\" itemtype=\"https:\/\/schema.org\/CreativeWork\" ><div class='avia_textblock'  itemprop=\"text\" ><p>Tukaj najdete pregled na\u0161ih prostih delovnih mest. Veselimo se va\u0161e podrobne prijave! Ne najdete, kar i\u0161\u010dete? Vra\u010dajte se, saj to poglavje redno posodabljamo.<\/p>\n<\/div><\/section><\/p><\/div><div  class='flex_column av-feq31-5f5be21c17ea82a4698c3c611d9055e7 av_one_full  avia-builder-el-7  el_after_av_one_full  avia-builder-el-last  first flex_column_div  column-top-margin'     ><div class=\"grid grid-jobs\">\n\t<a id=\"jobs\" class=\"anchor\"><\/a>\n\t<div class=\"grid-items grid-inner\">\n\t\t\t\t\t<div class=\"job-card av_one_third flex_column first \">\n\t<div class=\"card-content\">\n\t\t\t\t<a href=\"https:\/\/hundtgroup.com\/sl\/ueber-uns\/karriere\/skladiscni-referent-polni-delovni-cas\/\"><h3>Skladi\u0161\u010dni referent (polni delovni \u010das)<\/h3><\/a>\n\t\t<span class=\"gender\">(m\/\u017e\/d)<\/span>\n\t\t\t\t<\/div>\n\t\t<div class=\"card-action\">\n\t\t\t<div class=\"avia-button-wrap white\">\n\t\t\t\t<a href=\"https:\/\/hundtgroup.com\/sl\/ueber-uns\/karriere\/skladiscni-referent-polni-delovni-cas\/\" class=\"avia-button avia-color-theme-color avia-icon_select-no avia-size-medium avia-position-left\"><span>Preberite ve\u010d<\/span><\/a>\n\t\t\t<\/div>\n\t\t<\/div>\n<\/div>\n\t\t\t<\/div>\n<\/div><\/div>\n\n<\/div><\/div><\/div><!-- close content main div --><\/div><\/div>\n<style type=\"text\/css\" data-created_by=\"avia_inline_auto\" id=\"style-css-av-kyirs700-08cbab76013bc746cb5e42dfcf382aa5\">\n.avia-section.av-kyirs700-08cbab76013bc746cb5e42dfcf382aa5{\nbackground-repeat:no-repeat;\nbackground-image:url(https:\/\/hundtgroup.com\/wp-content\/uploads\/hundt_background_metall.jpg);\nbackground-position:50% 50%;\nbackground-attachment:scroll;\n}\n<\/style>\n<div id='av_section_3'  class='avia-section av-kyirs700-08cbab76013bc746cb5e42dfcf382aa5 main_color avia-section-default avia-no-border-styling  avia-builder-el-9  el_after_av_section  avia-builder-el-last  avia-full-stretch avia-bg-style-scroll container_wrap fullsize'  data-section-bg-repeat='stretch'><div class='container av-section-cont-open' ><div class='template-page content  av-content-full alpha units'><div class='post-entry post-entry-type-page post-entry-12806'><div class='entry-content-wrapper clearfix'>\n<div  class='flex_column av-8ibyd-7f6592657a8d92922cad4a09c653f4f3 av_one_full  avia-builder-el-10  el_before_av_one_third  avia-builder-el-first  first flex_column_div  '     ><div class=\"pxl-headline pxl-hl hl-wrap | hl-sub--top hl--align-left hl--big-margin   \">\n    <div class=\"hl-inner\">\n            <h2 class=\"hl-main hl-line |  hl_main--default  \">Nekatere od na\u0161ih <span>ugodnosti<\/span>.<\/h2>\n            <div class=\"overline darkgrey\">\n              <span class=\"hl-sub hl-line |  hl_sub--default  \">Kaj vam lahko ponudimo<\/span>\n              <span class=\"overline-slant\"><\/span>\n            <\/div>\n    <\/div>\n<\/div><\/div><div  class='flex_column av-grulp-f219df64774b7cd6407d45c712913850 av_one_third  avia-builder-el-12  el_after_av_one_full  el_before_av_one_third  first flex_column_div  column-top-margin'     ><div class=\"pixel-iconbox-wrap has-icon \">\n\n    \n    <div class=\"left-col \">\n\n            <div class=\"pixel-iconbox-icon-number-wrap\">\n        <img decoding=\"async\" src=\"https:\/\/hundtgroup.com\/wp-content\/uploads\/hundt-icon-checkmark.svg\" alt=\"https:\/\/hundtgroup.com\/wp-content\/uploads\/hundt-icon-checkmark.svg\" \/>\n      <\/div>\n      \n      \n    <\/div>\n\n    \n    \n    <div class=\"right-col\">\n\n      <div class=\"pixel-iconbox-content-wrap\">\n\n        <div class=\"pxl-headline pxl-hl hl-wrap | hl--align-left hl--no-margin\">\n          <div class=\"hl-inner\">\n            <h3 class=\"hl-main hl-line |  hl_main--default\">Pravi\u010dno pla\u010dilo<\/h3>\n          <\/div>\n        <\/div>\n\n                <p>Dobro delo mora biti koristno. Zato dajemo velik pomen pravi\u010dnemu pla\u010dilu. <\/p>\n        \n      <\/div>\n\n      \n          <\/div>\n<\/div><\/div><div  class='flex_column av-ri25h-26b53f614047b635f46a4291d2bd19f0 av_one_third  avia-builder-el-14  el_after_av_one_third  el_before_av_one_third  flex_column_div  column-top-margin'     ><div class=\"pixel-iconbox-wrap has-icon \">\n\n    \n    <div class=\"left-col \">\n\n            <div class=\"pixel-iconbox-icon-number-wrap\">\n        <img decoding=\"async\" src=\"https:\/\/hundtgroup.com\/wp-content\/uploads\/hundt-icon-checkmark.svg\" alt=\"https:\/\/hundtgroup.com\/wp-content\/uploads\/hundt-icon-checkmark.svg\" \/>\n      <\/div>\n      \n      \n    <\/div>\n\n    \n    \n    <div class=\"right-col\">\n\n      <div class=\"pixel-iconbox-content-wrap\">\n\n        <div class=\"pxl-headline pxl-hl hl-wrap | hl--align-left hl--no-margin\">\n          <div class=\"hl-inner\">\n            <h3 class=\"hl-main hl-line |  hl_main--default\">Vznemirljive naloge<\/h3>\n          <\/div>\n        <\/div>\n\n                <p>Noben projekt ni enak. Razburljivost in raznolikost sta del na\u0161ega vsakdanjega dela. <\/p>\n        \n      <\/div>\n\n      \n          <\/div>\n<\/div><\/div><div  class='flex_column av-g7bel-f0d6c04f2fd1b558566f4a5d561ec3e7 av_one_third  avia-builder-el-16  el_after_av_one_third  el_before_av_one_third  flex_column_div  column-top-margin'     ><div class=\"pixel-iconbox-wrap has-icon \">\n\n    \n    <div class=\"left-col \">\n\n            <div class=\"pixel-iconbox-icon-number-wrap\">\n        <img decoding=\"async\" src=\"https:\/\/hundtgroup.com\/wp-content\/uploads\/hundt-icon-checkmark.svg\" alt=\"https:\/\/hundtgroup.com\/wp-content\/uploads\/hundt-icon-checkmark.svg\" \/>\n      <\/div>\n      \n      \n    <\/div>\n\n    \n    \n    <div class=\"right-col\">\n\n      <div class=\"pixel-iconbox-content-wrap\">\n\n        <div class=\"pxl-headline pxl-hl hl-wrap | hl--align-left hl--no-margin\">\n          <div class=\"hl-inner\">\n            <h3 class=\"hl-main hl-line |  hl_main--default\">Cenitev<\/h3>\n          <\/div>\n        <\/div>\n\n                <p>Cenimo uspe\u0161nost svojih zaposlenih, saj so klju\u010d do na\u0161ega uspeha.<\/p>\n        \n      <\/div>\n\n      \n          <\/div>\n<\/div><\/div><div  class='flex_column av-2a6id-d05d515416c68a53e1fc65d316336e80 av_one_third  avia-builder-el-18  el_after_av_one_third  el_before_av_one_third  first flex_column_div  column-top-margin'     ><div class=\"pixel-iconbox-wrap has-icon \">\n\n    \n    <div class=\"left-col \">\n\n            <div class=\"pixel-iconbox-icon-number-wrap\">\n        <img decoding=\"async\" src=\"https:\/\/hundtgroup.com\/wp-content\/uploads\/hundt-icon-checkmark.svg\" alt=\"https:\/\/hundtgroup.com\/wp-content\/uploads\/hundt-icon-checkmark.svg\" \/>\n      <\/div>\n      \n      \n    <\/div>\n\n    \n    \n    <div class=\"right-col\">\n\n      <div class=\"pixel-iconbox-content-wrap\">\n\n        <div class=\"pxl-headline pxl-hl hl-wrap | hl--align-left hl--no-margin\">\n          <div class=\"hl-inner\">\n            <h3 class=\"hl-main hl-line |  hl_main--default\">Osebna odgovornost<\/h3>\n          <\/div>\n        <\/div>\n\n                <p>Ste strokovnjak na svojem podro\u010dju in u\u017eivate visoko stopnjo osebne odgovornosti.<\/p>\n        \n      <\/div>\n\n      \n          <\/div>\n<\/div><\/div><div  class='flex_column av-ehi3h-451046005684609ba08aa6f280ad8524 av_one_third  avia-builder-el-20  el_after_av_one_third  el_before_av_one_third  flex_column_div  column-top-margin'     ><div class=\"pixel-iconbox-wrap has-icon \">\n\n    \n    <div class=\"left-col \">\n\n            <div class=\"pixel-iconbox-icon-number-wrap\">\n        <img decoding=\"async\" src=\"https:\/\/hundtgroup.com\/wp-content\/uploads\/hundt-icon-checkmark.svg\" alt=\"https:\/\/hundtgroup.com\/wp-content\/uploads\/hundt-icon-checkmark.svg\" \/>\n      <\/div>\n      \n      \n    <\/div>\n\n    \n    \n    <div class=\"right-col\">\n\n      <div class=\"pixel-iconbox-content-wrap\">\n\n        <div class=\"pxl-headline pxl-hl hl-wrap | hl--align-left hl--no-margin\">\n          <div class=\"hl-inner\">\n            <h3 class=\"hl-main hl-line |  hl_main--default\">Ravne hierarhije<\/h3>\n          <\/div>\n        <\/div>\n\n                <p>Enostavne hierarhije namesto zapletenih odobritev nam olaj\u0161ajo organizacijo dela.<\/p>\n        \n      <\/div>\n\n      \n          <\/div>\n<\/div><\/div><div  class='flex_column av-bq4xp-de87c65db392d4a81e22ff500903ff93 av_one_third  avia-builder-el-22  el_after_av_one_third  avia-builder-el-last  flex_column_div  column-top-margin'     ><div class=\"pixel-iconbox-wrap has-icon \">\n\n    \n    <div class=\"left-col \">\n\n            <div class=\"pixel-iconbox-icon-number-wrap\">\n        <img decoding=\"async\" src=\"https:\/\/hundtgroup.com\/wp-content\/uploads\/hundt-icon-checkmark.svg\" alt=\"https:\/\/hundtgroup.com\/wp-content\/uploads\/hundt-icon-checkmark.svg\" \/>\n      <\/div>\n      \n      \n    <\/div>\n\n    \n    \n    <div class=\"right-col\">\n\n      <div class=\"pixel-iconbox-content-wrap\">\n\n        <div class=\"pxl-headline pxl-hl hl-wrap | hl--align-left hl--no-margin\">\n          <div class=\"hl-inner\">\n            <h3 class=\"hl-main hl-line |  hl_main--default\">Ekipni duh<\/h3>\n          <\/div>\n        <\/div>\n\n                <p>Eden za vse, vsi za enega - smo dobro uigrana ekipa in vedno dr\u017eimo skupaj.<\/p>\n        \n      <\/div>\n\n      \n          <\/div>\n<\/div><\/div>\n\n","protected":false},"excerpt":{"rendered":"","protected":false},"author":1,"featured_media":0,"parent":13086,"menu_order":2,"comment_status":"closed","ping_status":"closed","template":"","meta":{"_acf_changed":false,"inline_featured_image":false,"footnotes":""},"class_list":["post-12806","page","type-page","status-publish","hentry"],"acf":[],"yoast_head":"<!-- This site is optimized with the Yoast SEO plugin v27.3 - https:\/\/yoast.com\/product\/yoast-seo-wordpress\/ -->\n<title>Kariera - Odprta delovna mesta v podjetju Hundt<\/title>\n<meta name=\"description\" content=\"Za\u010dnite svojo kariero v skupini Hundt in postanite del na\u0161e uspe\u0161ne ekipe. \u25baPoznajte ve\u010d zdaj!\" \/>\n<meta name=\"robots\" content=\"index, follow, max-snippet:-1, max-image-preview:large, max-video-preview:-1\" \/>\n<link rel=\"canonical\" href=\"https:\/\/hundtgroup.com\/sl\/o-nas\/kariera\/\" \/>\n<meta property=\"og:locale\" content=\"sl_SI\" \/>\n<meta property=\"og:type\" content=\"article\" \/>\n<meta property=\"og:title\" content=\"Kariera - Odprta delovna mesta v podjetju Hundt\" \/>\n<meta property=\"og:description\" content=\"Za\u010dnite svojo kariero v skupini Hundt in postanite del na\u0161e uspe\u0161ne ekipe. \u25baPoznajte ve\u010d zdaj!\" \/>\n<meta property=\"og:url\" content=\"https:\/\/hundtgroup.com\/sl\/o-nas\/kariera\/\" \/>\n<meta property=\"og:site_name\" content=\"Wilhelm Hundt GmbH\" \/>\n<meta property=\"article:modified_time\" content=\"2025-06-26T10:08:05+00:00\" \/>\n<meta name=\"twitter:card\" content=\"summary_large_image\" \/>\n<meta name=\"twitter:label1\" content=\"Est. reading time\" \/>\n\t<meta name=\"twitter:data1\" content=\"19 minuta\" \/>\n<script type=\"application\/ld+json\" class=\"yoast-schema-graph\">{\"@context\":\"https:\\\/\\\/schema.org\",\"@graph\":[{\"@type\":\"WebPage\",\"@id\":\"https:\\\/\\\/hundtgroup.com\\\/sl\\\/o-nas\\\/kariera\\\/\",\"url\":\"https:\\\/\\\/hundtgroup.com\\\/sl\\\/o-nas\\\/kariera\\\/\",\"name\":\"Kariera - Odprta delovna mesta v podjetju Hundt\",\"isPartOf\":{\"@id\":\"https:\\\/\\\/hundtgroup.com\\\/sl\\\/#website\"},\"datePublished\":\"2022-01-17T14:13:39+00:00\",\"dateModified\":\"2025-06-26T10:08:05+00:00\",\"description\":\"Za\u010dnite svojo kariero v skupini Hundt in postanite del na\u0161e uspe\u0161ne ekipe. \u25baPoznajte ve\u010d zdaj!\",\"breadcrumb\":{\"@id\":\"https:\\\/\\\/hundtgroup.com\\\/sl\\\/o-nas\\\/kariera\\\/#breadcrumb\"},\"inLanguage\":\"sl-SI\",\"potentialAction\":[{\"@type\":\"ReadAction\",\"target\":[\"https:\\\/\\\/hundtgroup.com\\\/sl\\\/o-nas\\\/kariera\\\/\"]}]},{\"@type\":\"BreadcrumbList\",\"@id\":\"https:\\\/\\\/hundtgroup.com\\\/sl\\\/o-nas\\\/kariera\\\/#breadcrumb\",\"itemListElement\":[{\"@type\":\"ListItem\",\"position\":1,\"name\":\"Startseite\",\"item\":\"https:\\\/\\\/hundtgroup.com\\\/sl\\\/domov-novo\\\/\"},{\"@type\":\"ListItem\",\"position\":2,\"name\":\"O nas\",\"item\":\"https:\\\/\\\/hundtgroup.com\\\/sl\\\/o-nas\\\/\"},{\"@type\":\"ListItem\",\"position\":3,\"name\":\"Kariera\"}]},{\"@type\":\"WebSite\",\"@id\":\"https:\\\/\\\/hundtgroup.com\\\/sl\\\/#website\",\"url\":\"https:\\\/\\\/hundtgroup.com\\\/sl\\\/\",\"name\":\"Wilhelm Hundt GmbH\",\"description\":\"Va\u0161 specialist za stroje in orodja za obdelavo plo\u010devine\",\"potentialAction\":[{\"@type\":\"SearchAction\",\"target\":{\"@type\":\"EntryPoint\",\"urlTemplate\":\"https:\\\/\\\/hundtgroup.com\\\/sl\\\/?s={search_term_string}\"},\"query-input\":{\"@type\":\"PropertyValueSpecification\",\"valueRequired\":true,\"valueName\":\"search_term_string\"}}],\"inLanguage\":\"sl-SI\"}]}<\/script>\n<!-- \/ Yoast SEO plugin. -->","yoast_head_json":{"title":"Kariera - Odprta delovna mesta v podjetju Hundt","description":"Za\u010dnite svojo kariero v skupini Hundt in postanite del na\u0161e uspe\u0161ne ekipe. \u25baPoznajte ve\u010d zdaj!","robots":{"index":"index","follow":"follow","max-snippet":"max-snippet:-1","max-image-preview":"max-image-preview:large","max-video-preview":"max-video-preview:-1"},"canonical":"https:\/\/hundtgroup.com\/sl\/o-nas\/kariera\/","og_locale":"sl_SI","og_type":"article","og_title":"Kariera - Odprta delovna mesta v podjetju Hundt","og_description":"Za\u010dnite svojo kariero v skupini Hundt in postanite del na\u0161e uspe\u0161ne ekipe. \u25baPoznajte ve\u010d zdaj!","og_url":"https:\/\/hundtgroup.com\/sl\/o-nas\/kariera\/","og_site_name":"Wilhelm Hundt GmbH","article_modified_time":"2025-06-26T10:08:05+00:00","twitter_card":"summary_large_image","twitter_misc":{"Est. reading time":"19 minuta"},"schema":{"@context":"https:\/\/schema.org","@graph":[{"@type":"WebPage","@id":"https:\/\/hundtgroup.com\/sl\/o-nas\/kariera\/","url":"https:\/\/hundtgroup.com\/sl\/o-nas\/kariera\/","name":"Kariera - Odprta delovna mesta v podjetju Hundt","isPartOf":{"@id":"https:\/\/hundtgroup.com\/sl\/#website"},"datePublished":"2022-01-17T14:13:39+00:00","dateModified":"2025-06-26T10:08:05+00:00","description":"Za\u010dnite svojo kariero v skupini Hundt in postanite del na\u0161e uspe\u0161ne ekipe. \u25baPoznajte ve\u010d zdaj!","breadcrumb":{"@id":"https:\/\/hundtgroup.com\/sl\/o-nas\/kariera\/#breadcrumb"},"inLanguage":"sl-SI","potentialAction":[{"@type":"ReadAction","target":["https:\/\/hundtgroup.com\/sl\/o-nas\/kariera\/"]}]},{"@type":"BreadcrumbList","@id":"https:\/\/hundtgroup.com\/sl\/o-nas\/kariera\/#breadcrumb","itemListElement":[{"@type":"ListItem","position":1,"name":"Startseite","item":"https:\/\/hundtgroup.com\/sl\/domov-novo\/"},{"@type":"ListItem","position":2,"name":"O nas","item":"https:\/\/hundtgroup.com\/sl\/o-nas\/"},{"@type":"ListItem","position":3,"name":"Kariera"}]},{"@type":"WebSite","@id":"https:\/\/hundtgroup.com\/sl\/#website","url":"https:\/\/hundtgroup.com\/sl\/","name":"Wilhelm Hundt GmbH","description":"Va\u0161 specialist za stroje in orodja za obdelavo plo\u010devine","potentialAction":[{"@type":"SearchAction","target":{"@type":"EntryPoint","urlTemplate":"https:\/\/hundtgroup.com\/sl\/?s={search_term_string}"},"query-input":{"@type":"PropertyValueSpecification","valueRequired":true,"valueName":"search_term_string"}}],"inLanguage":"sl-SI"}]}},"_links":{"self":[{"href":"https:\/\/hundtgroup.com\/sl\/wp-json\/wp\/v2\/pages\/12806","targetHints":{"allow":["GET"]}}],"collection":[{"href":"https:\/\/hundtgroup.com\/sl\/wp-json\/wp\/v2\/pages"}],"about":[{"href":"https:\/\/hundtgroup.com\/sl\/wp-json\/wp\/v2\/types\/page"}],"author":[{"embeddable":true,"href":"https:\/\/hundtgroup.com\/sl\/wp-json\/wp\/v2\/users\/1"}],"replies":[{"embeddable":true,"href":"https:\/\/hundtgroup.com\/sl\/wp-json\/wp\/v2\/comments?post=12806"}],"version-history":[{"count":0,"href":"https:\/\/hundtgroup.com\/sl\/wp-json\/wp\/v2\/pages\/12806\/revisions"}],"up":[{"embeddable":true,"href":"https:\/\/hundtgroup.com\/sl\/wp-json\/wp\/v2\/pages\/13086"}],"wp:attachment":[{"href":"https:\/\/hundtgroup.com\/sl\/wp-json\/wp\/v2\/media?parent=12806"}],"curies":[{"name":"wp","href":"https:\/\/api.w.org\/{rel}","templated":true}]}}