{"id":13083,"date":"2022-03-16T11:55:46","date_gmt":"2022-03-16T10:55:46","guid":{"rendered":"https:\/\/hundtgroup.com\/pravilnik-o-odpovedi\/"},"modified":"2025-06-26T12:09:18","modified_gmt":"2025-06-26T10:09:18","slug":"pravilnik-o-odpovedi","status":"publish","type":"page","link":"https:\/\/hundtgroup.com\/sl\/trgovina\/pravilnik-o-odpovedi\/","title":{"rendered":"Pravilnik o odpovedi"},"content":{"rendered":"<div id='av_section_1'  class='avia-section av-2sl9s-ce1ce7ae9fb18ca1bfd02c768aeff783 main_color avia-section-default avia-no-border-styling  avia-builder-el-0  avia-builder-el-no-sibling  avia-bg-style-scroll container_wrap fullsize'  ><div class='container av-section-cont-open' ><main  role=\"main\" itemprop=\"mainContentOfPage\"  class='template-page content  av-content-full alpha units'><div class='post-entry post-entry-type-page post-entry-13083'><div class='entry-content-wrapper clearfix'>\n<div  class='flex_column av-2bm5s-12e59aa6892b139d7db93fa9c175de19 av_one_full  avia-builder-el-1  el_before_av_one_half  avia-builder-el-first  first av-break-at-tablet flex_column_div  '     ><div class=\"pxl-headline pxl-hl hl-wrap | hl-sub--off hl--align-left hl--no-margin   \">\n    <div class=\"hl-inner\">\n            <h1 class=\"hl-main hl-line |  hl_main--default  \">Pravica do preklica<\/h1>\n            <div class=\"overline lightgrey\">\n              \n              <span class=\"overline-slant\"><\/span>\n            <\/div>\n    <\/div>\n<\/div><\/div><div  class='flex_column av-19duk-203c71f2b7316c109b6c9028b2bb783c av_one_half  avia-builder-el-3  el_after_av_one_full  el_before_av_one_half  first av-break-at-tablet flex_column_div  column-top-margin'     ><section  class='av_textblock_section av-kyllgorp-ab49c557e96d149ccd0bdfb148880aa9 '   itemscope=\"itemscope\" itemtype=\"https:\/\/schema.org\/CreativeWork\" ><div class='avia_textblock'  itemprop=\"text\" ><h3>Pravica do preklica<\/h3>\n<p>V \u0161tirinajstih dneh imate pravico odpovedati pogodbo brez navedbe razloga.<\/p>\n<p>U\u010dinkovita pogodba z nami je sklenjena, ko prejmete na\u0161o potrditev naro\u010dila.<\/p>\n<p>Rok za odpoved je \u0161tirinajst dni od dneva, ko ste vi ali tretja oseba, ki ste jo navedli in ni prevoznik, prevzeli blago.<\/p>\n<p>\u010ce \u017eelite uveljavljati pravico do odstopa od pogodbe, nas morate o svoji odlo\u010ditvi, da odstopite od pogodbe, obvestiti, Wilhelm Hundt GmbH, Schwabhausen 25, 42349 Wuppertal, tel.: 0202\/430448-0\/ Fax: 0202\/430448-20, e-po\u0161ta: info@hundt.de, z jasno izjavo (npr. dopis, poslan po po\u0161ti, telefaksu ali e-po\u0161ti). Uporabite lahko prilo\u017eeni vzorec obrazca za odpoved pogodbe, vendar to ni obvezno.<\/p>\n<p>Izpolnite vzorec obrazca za odpoved ali drugo jasno izjavo in nam jo po\u0161ljite z zgornjimi podatki. Za upo\u0161tevanje roka za preklic zadostuje, da obvestilo o uveljavljanju pravice do preklica po\u0161ljete pred iztekom roka za preklic. <\/p>\n<h3>Posledice preklica<\/h3>\n<p>\u010ce odstopite od pogodbe, vam brez nepotrebnega odla\u0161anja in v vsakem primeru najpozneje v 14 dneh od dneva, ko smo bili obve\u0161\u010deni o va\u0161i odlo\u010ditvi za odstop od pogodbe, povrnemo vsa pla\u010dila, ki smo jih prejeli od vas, vklju\u010dno s stro\u0161ki dostave (razen dodatnih stro\u0161kov zaradi va\u0161e izbire vrste dostave, ki ni najcenej\u0161a vrsta standardne dostave, ki smo jo ponudili). Za to povra\u010dilo bomo uporabili isto pla\u010dilno sredstvo, kot ste ga uporabili pri prvotni transakciji, razen \u010de se z vami izrecno dogovorimo druga\u010de; v nobenem primeru vam za to povra\u010dilo ne bomo zara\u010dunali nobenih stro\u0161kov. <\/p>\n<p>Neposredne stro\u0161ke vra\u010dila blaga nosite vi.<\/p>\n<p>Povra\u010dilo vam lahko zavrnemo, dokler ne prejmemo blaga nazaj ali dokler ne predlo\u017eite dokazila, da ste blago vrnili, karkoli se zgodi prej.<\/p>\n<\/div><\/section><\/div><div  class='flex_column av-rl3w-f06583f4044d095245411ef6c8430cfc av_one_half  avia-builder-el-5  el_after_av_one_half  avia-builder-el-last  av-break-at-tablet flex_column_div  column-top-margin'     ><section  class='av_textblock_section av-kyllqexe-41b8fbccf53431dd941cd32608e1feca '   itemscope=\"itemscope\" itemtype=\"https:\/\/schema.org\/CreativeWork\" ><div class='avia_textblock'  itemprop=\"text\" ><h3>Vzorec obrazca za preklic<\/h3>\n<p>\u010ce \u017eelite odpovedati pogodbo, izpolnite ta obrazec in nam ga vrnite:<br \/>\nWilhelm Hundt GmbH, Schwabhausen 25, 42349 Wuppertal, Fax 0202\/430448-20, info@hundt.de<\/p>\n<ul>\n<li>Odstopam od pogodbe, ki sem jo sklenil\/-a (*) za nakup<\/li>\n<li>naslednjega blaga (*)\/izvedbe naslednje storitve (*):<br \/>\nNaro\u010deno dne (*)\/prejeto dne (*):<\/li>\n<li>Ime potro\u0161nika(-ov):<\/li>\n<li>Naslov potro\u0161nika(-ov):<\/li>\n<li>Podpis potro\u0161nika(-ov) (samo za obvestilo na papirju):<br \/>\nDatum:<\/li>\n<\/ul>\n<p>(*) Neustrezno \u010drtajte<\/p>\n<\/div><\/section><\/div>\n","protected":false},"excerpt":{"rendered":"","protected":false},"author":1,"featured_media":0,"parent":13337,"menu_order":4,"comment_status":"closed","ping_status":"closed","template":"","meta":{"_acf_changed":false,"inline_featured_image":false,"footnotes":""},"class_list":["post-13083","page","type-page","status-publish","hentry"],"acf":[],"yoast_head":"<!-- This site is optimized with the Yoast SEO plugin v27.3 - https:\/\/yoast.com\/product\/yoast-seo-wordpress\/ -->\n<title>Politika odpovedi pri podjetju Hundt - va\u0161e pravice na kratko<\/title>\n<meta name=\"description\" content=\"Preberite ve\u010d o svojih pravicah kot stranka dru\u017ebe Hundt.\" \/>\n<meta name=\"robots\" content=\"index, follow, max-snippet:-1, max-image-preview:large, max-video-preview:-1\" \/>\n<link rel=\"canonical\" href=\"https:\/\/hundtgroup.com\/sl\/trgovina\/pravilnik-o-odpovedi\/\" \/>\n<meta property=\"og:locale\" content=\"sl_SI\" \/>\n<meta property=\"og:type\" content=\"article\" \/>\n<meta property=\"og:title\" content=\"Politika odpovedi pri podjetju Hundt - va\u0161e pravice na kratko\" \/>\n<meta property=\"og:description\" content=\"Preberite ve\u010d o svojih pravicah kot stranka dru\u017ebe Hundt.\" \/>\n<meta property=\"og:url\" content=\"https:\/\/hundtgroup.com\/sl\/trgovina\/pravilnik-o-odpovedi\/\" \/>\n<meta property=\"og:site_name\" content=\"Wilhelm Hundt GmbH\" \/>\n<meta property=\"article:modified_time\" content=\"2025-06-26T10:09:18+00:00\" \/>\n<meta name=\"twitter:card\" content=\"summary_large_image\" \/>\n<meta name=\"twitter:label1\" content=\"Est. reading time\" \/>\n\t<meta name=\"twitter:data1\" content=\"7 minuta\" \/>\n<script type=\"application\/ld+json\" class=\"yoast-schema-graph\">{\"@context\":\"https:\\\/\\\/schema.org\",\"@graph\":[{\"@type\":\"WebPage\",\"@id\":\"https:\\\/\\\/hundtgroup.com\\\/sl\\\/trgovina\\\/pravilnik-o-odpovedi\\\/\",\"url\":\"https:\\\/\\\/hundtgroup.com\\\/sl\\\/trgovina\\\/pravilnik-o-odpovedi\\\/\",\"name\":\"Politika odpovedi pri podjetju Hundt - va\u0161e pravice na kratko\",\"isPartOf\":{\"@id\":\"https:\\\/\\\/hundtgroup.com\\\/sl\\\/#website\"},\"datePublished\":\"2022-03-16T10:55:46+00:00\",\"dateModified\":\"2025-06-26T10:09:18+00:00\",\"description\":\"Preberite ve\u010d o svojih pravicah kot stranka dru\u017ebe Hundt.\",\"breadcrumb\":{\"@id\":\"https:\\\/\\\/hundtgroup.com\\\/sl\\\/trgovina\\\/pravilnik-o-odpovedi\\\/#breadcrumb\"},\"inLanguage\":\"sl-SI\",\"potentialAction\":[{\"@type\":\"ReadAction\",\"target\":[\"https:\\\/\\\/hundtgroup.com\\\/sl\\\/trgovina\\\/pravilnik-o-odpovedi\\\/\"]}]},{\"@type\":\"BreadcrumbList\",\"@id\":\"https:\\\/\\\/hundtgroup.com\\\/sl\\\/trgovina\\\/pravilnik-o-odpovedi\\\/#breadcrumb\",\"itemListElement\":[{\"@type\":\"ListItem\",\"position\":1,\"name\":\"Startseite\",\"item\":\"https:\\\/\\\/hundtgroup.com\\\/sl\\\/domov-novo\\\/\"},{\"@type\":\"ListItem\",\"position\":2,\"name\":\"Trgovina\",\"item\":\"https:\\\/\\\/hundtgroup.com\\\/sl\\\/trgovina\\\/\"},{\"@type\":\"ListItem\",\"position\":3,\"name\":\"Pravilnik o odpovedi\"}]},{\"@type\":\"WebSite\",\"@id\":\"https:\\\/\\\/hundtgroup.com\\\/sl\\\/#website\",\"url\":\"https:\\\/\\\/hundtgroup.com\\\/sl\\\/\",\"name\":\"Wilhelm Hundt GmbH\",\"description\":\"Va\u0161 specialist za stroje in orodja za obdelavo plo\u010devine\",\"potentialAction\":[{\"@type\":\"SearchAction\",\"target\":{\"@type\":\"EntryPoint\",\"urlTemplate\":\"https:\\\/\\\/hundtgroup.com\\\/sl\\\/?s={search_term_string}\"},\"query-input\":{\"@type\":\"PropertyValueSpecification\",\"valueRequired\":true,\"valueName\":\"search_term_string\"}}],\"inLanguage\":\"sl-SI\"}]}<\/script>\n<!-- \/ Yoast SEO plugin. -->","yoast_head_json":{"title":"Politika odpovedi pri podjetju Hundt - va\u0161e pravice na kratko","description":"Preberite ve\u010d o svojih pravicah kot stranka dru\u017ebe Hundt.","robots":{"index":"index","follow":"follow","max-snippet":"max-snippet:-1","max-image-preview":"max-image-preview:large","max-video-preview":"max-video-preview:-1"},"canonical":"https:\/\/hundtgroup.com\/sl\/trgovina\/pravilnik-o-odpovedi\/","og_locale":"sl_SI","og_type":"article","og_title":"Politika odpovedi pri podjetju Hundt - va\u0161e pravice na kratko","og_description":"Preberite ve\u010d o svojih pravicah kot stranka dru\u017ebe Hundt.","og_url":"https:\/\/hundtgroup.com\/sl\/trgovina\/pravilnik-o-odpovedi\/","og_site_name":"Wilhelm Hundt GmbH","article_modified_time":"2025-06-26T10:09:18+00:00","twitter_card":"summary_large_image","twitter_misc":{"Est. reading time":"7 minuta"},"schema":{"@context":"https:\/\/schema.org","@graph":[{"@type":"WebPage","@id":"https:\/\/hundtgroup.com\/sl\/trgovina\/pravilnik-o-odpovedi\/","url":"https:\/\/hundtgroup.com\/sl\/trgovina\/pravilnik-o-odpovedi\/","name":"Politika odpovedi pri podjetju Hundt - va\u0161e pravice na kratko","isPartOf":{"@id":"https:\/\/hundtgroup.com\/sl\/#website"},"datePublished":"2022-03-16T10:55:46+00:00","dateModified":"2025-06-26T10:09:18+00:00","description":"Preberite ve\u010d o svojih pravicah kot stranka dru\u017ebe Hundt.","breadcrumb":{"@id":"https:\/\/hundtgroup.com\/sl\/trgovina\/pravilnik-o-odpovedi\/#breadcrumb"},"inLanguage":"sl-SI","potentialAction":[{"@type":"ReadAction","target":["https:\/\/hundtgroup.com\/sl\/trgovina\/pravilnik-o-odpovedi\/"]}]},{"@type":"BreadcrumbList","@id":"https:\/\/hundtgroup.com\/sl\/trgovina\/pravilnik-o-odpovedi\/#breadcrumb","itemListElement":[{"@type":"ListItem","position":1,"name":"Startseite","item":"https:\/\/hundtgroup.com\/sl\/domov-novo\/"},{"@type":"ListItem","position":2,"name":"Trgovina","item":"https:\/\/hundtgroup.com\/sl\/trgovina\/"},{"@type":"ListItem","position":3,"name":"Pravilnik o odpovedi"}]},{"@type":"WebSite","@id":"https:\/\/hundtgroup.com\/sl\/#website","url":"https:\/\/hundtgroup.com\/sl\/","name":"Wilhelm Hundt GmbH","description":"Va\u0161 specialist za stroje in orodja za obdelavo plo\u010devine","potentialAction":[{"@type":"SearchAction","target":{"@type":"EntryPoint","urlTemplate":"https:\/\/hundtgroup.com\/sl\/?s={search_term_string}"},"query-input":{"@type":"PropertyValueSpecification","valueRequired":true,"valueName":"search_term_string"}}],"inLanguage":"sl-SI"}]}},"_links":{"self":[{"href":"https:\/\/hundtgroup.com\/sl\/wp-json\/wp\/v2\/pages\/13083","targetHints":{"allow":["GET"]}}],"collection":[{"href":"https:\/\/hundtgroup.com\/sl\/wp-json\/wp\/v2\/pages"}],"about":[{"href":"https:\/\/hundtgroup.com\/sl\/wp-json\/wp\/v2\/types\/page"}],"author":[{"embeddable":true,"href":"https:\/\/hundtgroup.com\/sl\/wp-json\/wp\/v2\/users\/1"}],"replies":[{"embeddable":true,"href":"https:\/\/hundtgroup.com\/sl\/wp-json\/wp\/v2\/comments?post=13083"}],"version-history":[{"count":0,"href":"https:\/\/hundtgroup.com\/sl\/wp-json\/wp\/v2\/pages\/13083\/revisions"}],"up":[{"embeddable":true,"href":"https:\/\/hundtgroup.com\/sl\/wp-json\/wp\/v2\/pages\/13337"}],"wp:attachment":[{"href":"https:\/\/hundtgroup.com\/sl\/wp-json\/wp\/v2\/media?parent=13083"}],"curies":[{"name":"wp","href":"https:\/\/api.w.org\/{rel}","templated":true}]}}