{"id":13086,"date":"2022-01-12T12:31:26","date_gmt":"2022-01-12T11:31:26","guid":{"rendered":"https:\/\/hundtgroup.com\/o-nas\/"},"modified":"2025-06-26T12:08:06","modified_gmt":"2025-06-26T10:08:06","slug":"o-nas","status":"publish","type":"page","link":"https:\/\/hundtgroup.com\/sl\/o-nas\/","title":{"rendered":"O nas"},"content":{"rendered":"<div id='av_section_1'  class='avia-section av-gl9o3-425af46ea03858fa49a438b9f349d8f3 main_color avia-section-default avia-no-border-styling  avia-builder-el-0  el_before_av_section  avia-builder-el-first  avia-bg-style-scroll container_wrap fullsize'  ><div class='container av-section-cont-open' ><main  role=\"main\" itemprop=\"mainContentOfPage\"  class='template-page content  av-content-full alpha units'><div class='post-entry post-entry-type-page post-entry-13086'><div class='entry-content-wrapper clearfix'>\n<div  class='flex_column av-kyilu3c2-e2911f97e8c4ff0d1127785feeb546d5 av_one_full  avia-builder-el-1  avia-builder-el-no-sibling  max-width-three-fourth first flex_column_div  '     ><section  class='av_textblock_section av-kyilsobd-6fab9c6f6e6ab38388d31b0eda83217d '   itemscope=\"itemscope\" itemtype=\"https:\/\/schema.org\/CreativeWork\" ><div class='avia_textblock'  itemprop=\"text\" ><p>Na\u0161e delo temelji na ve\u010d kot 50 letih izku\u0161enj. Kot specialist za stroje za obdelavo plo\u010devine in strokovnjak za orodja smo z lastnimi izdelki in na\u0161o trgovino uveljavljen partner \u0161tevilnim industrijam. Vedno dr\u017eimo prst na utripu, da vam lahko ponudimo le najbolj\u0161e re\u0161itve. Pri tem so za nas samoumevne tudi celovite poprodajne storitve, saj: Ne prodajamo le strojev in orodij. Prodajamo re\u0161itve, prilagojene va\u0161im zahtevam.<\/p>\n<\/div><\/section><\/div>\n\n<\/div><\/div><\/main><!-- close content main element --><\/div><\/div><div id='av_section_2'  class='avia-section av-kyilydx5-6025958b2cd3a3893bc42f7b82f13bb4 alternate_color avia-section-default avia-no-border-styling  avia-builder-el-3  el_after_av_section  avia-builder-el-last  avia-bg-style-scroll container_wrap fullsize'  ><div class='container av-section-cont-open' ><div class='template-page content  av-content-full alpha units'><div class='post-entry post-entry-type-page post-entry-13086'><div class='entry-content-wrapper clearfix'>\n<div  class='flex_column av-75uj7-983a81e7e753c7c47ec0386e281c0652 av_one_full  avia-builder-el-4  el_before_av_one_full  avia-builder-el-first  first flex_column_div  '     ><div class=\"pxl-headline pxl-hl hl-wrap | hl-sub--top hl--align-left hl--no-margin   \">\n    <div class=\"hl-inner\">\n            <h2 class=\"hl-main hl-line |  hl_main--default  \">Zgodba o na\u0161em uspehu<\/h2>\n            <div class=\"overline grey\">\n              <span class=\"hl-sub hl-line |  hl_sub--default  \">Zavezani tradiciji<\/span>\n              <span class=\"overline-slant\"><\/span>\n            <\/div>\n    <\/div>\n<\/div><\/div><div  class='flex_column av-9rkrf-2467f6028caf0d3c3a315c025b99539b av_one_full  avia-builder-el-6  el_after_av_one_full  el_before_av_codeblock  first flex_column_div  column-top-margin'     ><div class=\"pixel-quote-wrap\">\n  <div class=\"left-col\" style=\"background-image: url('https:\/\/hundtgroup.com\/wp-content\/uploads\/hundt_content_geschichte.jpg')\">\n  <\/div>\n  <div class=\"right-col\">\n    <div class=\"pixel-quote-content-wrap\">\n      <div class=\"pxl-headline pxl-hl hl-wrap | hl-sub--top hl--align-left hl--no-margin\">\n        <div class=\"hl-inner\">\n          <h2 class=\"hl-main hl-line |  hl_main--default\">&quot;Tradicija s prihodnostjo.&quot;<\/h2>\n        <\/div>\n      <\/div>\n      <span><br \/>\nEva Larssen, 4. generacija<br \/>\n<\/span>\n    <\/div>\n  <\/div>\n<\/div><\/div><div  class='flex_column av-12gyx7-e50acb5f09fa2691ece1df76f4f47159 av_one_third  avia-builder-el-9  el_after_av_codeblock  el_before_av_one_third  first flex_column_div  '     ><div class=\"pixel-history-wrap\">\n\n    \n    <div class=\"pixel-history-content\">\n\n            <div class=\"pxl-headline pxl-hl hl-wrap | hl--align-left hl--no-margin\">\n        <div class=\"hl-inner\">\n          <h3 class=\"hl-main hl-line |  hl_main--default\">1950<\/h3>\n          <span class=\"hl-sub hl-line |  hl_sub--default\">Leto ustanovitve<\/span>\n        <\/div>\n      <\/div>\n      \n            <p><br \/>\nPodjetje Hundt je bilo ustanovljeno leta 1950 kot trgovec z orodjem na drobno.<br \/>\n<\/p>\n      \n        <\/div>\n<\/div><\/div><div  class='flex_column av-38bmj-c742f52df299520d30ce8ef4cfd9dcab av_one_third  avia-builder-el-11  el_after_av_one_third  el_before_av_one_third  flex_column_div  '     ><div class=\"pixel-history-wrap\">\n\n    \n    <div class=\"pixel-history-content\">\n\n            <div class=\"pxl-headline pxl-hl hl-wrap | hl--align-left hl--no-margin\">\n        <div class=\"hl-inner\">\n          <h3 class=\"hl-main hl-line |  hl_main--default\">60s<\/h3>\n          <span class=\"hl-sub hl-line |  hl_sub--default\">Specializacija<\/span>\n        <\/div>\n      <\/div>\n      \n            <p><br \/>\nV \u0161estdesetih letih prej\u0161njega stoletja se je podjetje specializiralo za povpra\u0161evanje po izolatorjih WKS in strojih za ro\u010dno obdelavo drobne in tanke plo\u010devine.<br \/>\n<\/p>\n      \n        <\/div>\n<\/div><\/div><div  class='flex_column av-tl6kr-771df90745890ca6c880cd8e905da628 av_one_third  avia-builder-el-13  el_after_av_one_third  el_before_av_one_third  flex_column_div  '     ><div class=\"pixel-history-wrap\">\n\n    \n    <div class=\"pixel-history-content\">\n\n            <div class=\"pxl-headline pxl-hl hl-wrap | hl--align-left hl--no-margin\">\n        <div class=\"hl-inner\">\n          <h3 class=\"hl-main hl-line |  hl_main--default\">70s<\/h3>\n          <span class=\"hl-sub hl-line |  hl_sub--default\">Nadaljnji razvoj<\/span>\n        <\/div>\n      <\/div>\n      \n            <p><br \/>\nZasnovan in izdelan je prvi stroj za izdelavo perlic. Od takrat nenehno \u0161irimo proizvodnjo in vzdr\u017eevanje strojev za obdelavo plo\u010devine.<br \/>\n<\/p>\n      \n        <\/div>\n<\/div><\/div><div  class='flex_column av-n5t3n-dd8572d0a5e0092eb04a6fe331ec07a9 av_one_third  avia-builder-el-15  el_after_av_one_third  el_before_av_one_third  first flex_column_div  column-top-margin'     ><div class=\"pixel-history-wrap\">\n\n    \n    <div class=\"pixel-history-content\">\n\n            <div class=\"pxl-headline pxl-hl hl-wrap | hl--align-left hl--no-margin\">\n        <div class=\"hl-inner\">\n          <h3 class=\"hl-main hl-line |  hl_main--default\">1997<\/h3>\n          <span class=\"hl-sub hl-line |  hl_sub--default\">Odhod<\/span>\n        <\/div>\n      <\/div>\n      \n            <p><br \/>\nPodjetje deluje kot GmbH. Direktorja Wilhelm Hundt in Silke Droste sta \u017ee tretja generacija, ki vodi podjetje.<br \/>\n<\/p>\n      \n        <\/div>\n<\/div><\/div><div  class='flex_column av-dq7sj-1017f55bb7e3af77e27dbcca11c3f5b2 av_one_third  avia-builder-el-17  el_after_av_one_third  el_before_av_one_third  flex_column_div  column-top-margin'     ><div class=\"pixel-history-wrap\">\n\n    \n    <div class=\"pixel-history-content\">\n\n            <div class=\"pxl-headline pxl-hl hl-wrap | hl--align-left hl--no-margin\">\n        <div class=\"hl-inner\">\n          <h3 class=\"hl-main hl-line |  hl_main--default\">1999<\/h3>\n          <span class=\"hl-sub hl-line |  hl_sub--default\">Digitalizacija<\/span>\n        <\/div>\n      <\/div>\n      \n            <p><br \/>\nSpletna trgovina HUNDT DIREKT &#8211; oddelek podjetja Wilhelm Hundt GmbH &#8211; zdaj podjetjem in obrtnikom ponuja mo\u017enost, da po ugodnih cenah prek spleta naro\u010dijo visokokakovostna elektri\u010dna in ro\u010dna orodja znanih blagovnih znamk.<br \/>\n<\/p>\n      \n        <\/div>\n<\/div><\/div><div  class='flex_column av-6lbc3-07b10d36ca74d1601a2a1baa6ba1e7ed av_one_third  avia-builder-el-19  el_after_av_one_third  el_before_av_codeblock  flex_column_div  column-top-margin'     ><div class=\"pixel-history-wrap\">\n\n    \n    <div class=\"pixel-history-content\">\n\n            <div class=\"pxl-headline pxl-hl hl-wrap | hl--align-left hl--no-margin\">\n        <div class=\"hl-inner\">\n          <h3 class=\"hl-main hl-line |  hl_main--default\">2022<\/h3>\n          <span class=\"hl-sub hl-line |  hl_sub--default\">Tradicija<\/span>\n        <\/div>\n      <\/div>\n      \n            <p><br \/>\nDolgoletne izku\u0161nje in strokovno znanje z uporabo sodobnih orodij in metod.<br \/>\n<\/p>\n      \n        <\/div>\n<\/div><\/div>\n\n","protected":false},"excerpt":{"rendered":"","protected":false},"author":1,"featured_media":0,"parent":0,"menu_order":12,"comment_status":"closed","ping_status":"closed","template":"","meta":{"_acf_changed":false,"inline_featured_image":false,"footnotes":""},"class_list":["post-13086","page","type-page","status-publish","hentry"],"acf":[],"yoast_head":"<!-- This site is optimized with the Yoast SEO plugin v27.3 - https:\/\/yoast.com\/product\/yoast-seo-wordpress\/ -->\n<title>O nas - Wilhelm Hundt GmbH<\/title>\n<meta name=\"robots\" content=\"index, follow, max-snippet:-1, max-image-preview:large, max-video-preview:-1\" \/>\n<link rel=\"canonical\" href=\"https:\/\/hundtgroup.com\/sl\/o-nas\/\" \/>\n<meta property=\"og:locale\" content=\"sl_SI\" \/>\n<meta property=\"og:type\" content=\"article\" \/>\n<meta property=\"og:title\" content=\"O nas - Wilhelm Hundt GmbH\" \/>\n<meta property=\"og:url\" content=\"https:\/\/hundtgroup.com\/sl\/o-nas\/\" \/>\n<meta property=\"og:site_name\" content=\"Wilhelm Hundt GmbH\" \/>\n<meta property=\"article:modified_time\" content=\"2025-06-26T10:08:06+00:00\" \/>\n<meta name=\"twitter:card\" content=\"summary_large_image\" \/>\n<meta name=\"twitter:label1\" content=\"Est. reading time\" \/>\n\t<meta name=\"twitter:data1\" content=\"17 minuta\" \/>\n<script type=\"application\/ld+json\" class=\"yoast-schema-graph\">{\"@context\":\"https:\\\/\\\/schema.org\",\"@graph\":[{\"@type\":\"WebPage\",\"@id\":\"https:\\\/\\\/hundtgroup.com\\\/sl\\\/o-nas\\\/\",\"url\":\"https:\\\/\\\/hundtgroup.com\\\/sl\\\/o-nas\\\/\",\"name\":\"O nas - Wilhelm Hundt GmbH\",\"isPartOf\":{\"@id\":\"https:\\\/\\\/hundtgroup.com\\\/sl\\\/#website\"},\"datePublished\":\"2022-01-12T11:31:26+00:00\",\"dateModified\":\"2025-06-26T10:08:06+00:00\",\"breadcrumb\":{\"@id\":\"https:\\\/\\\/hundtgroup.com\\\/sl\\\/o-nas\\\/#breadcrumb\"},\"inLanguage\":\"sl-SI\",\"potentialAction\":[{\"@type\":\"ReadAction\",\"target\":[\"https:\\\/\\\/hundtgroup.com\\\/sl\\\/o-nas\\\/\"]}]},{\"@type\":\"BreadcrumbList\",\"@id\":\"https:\\\/\\\/hundtgroup.com\\\/sl\\\/o-nas\\\/#breadcrumb\",\"itemListElement\":[{\"@type\":\"ListItem\",\"position\":1,\"name\":\"Startseite\",\"item\":\"https:\\\/\\\/hundtgroup.com\\\/sl\\\/domov-novo\\\/\"},{\"@type\":\"ListItem\",\"position\":2,\"name\":\"O nas\"}]},{\"@type\":\"WebSite\",\"@id\":\"https:\\\/\\\/hundtgroup.com\\\/sl\\\/#website\",\"url\":\"https:\\\/\\\/hundtgroup.com\\\/sl\\\/\",\"name\":\"Wilhelm Hundt GmbH\",\"description\":\"Va\u0161 specialist za stroje in orodja za obdelavo plo\u010devine\",\"potentialAction\":[{\"@type\":\"SearchAction\",\"target\":{\"@type\":\"EntryPoint\",\"urlTemplate\":\"https:\\\/\\\/hundtgroup.com\\\/sl\\\/?s={search_term_string}\"},\"query-input\":{\"@type\":\"PropertyValueSpecification\",\"valueRequired\":true,\"valueName\":\"search_term_string\"}}],\"inLanguage\":\"sl-SI\"}]}<\/script>\n<!-- \/ Yoast SEO plugin. -->","yoast_head_json":{"title":"O nas - Wilhelm Hundt GmbH","robots":{"index":"index","follow":"follow","max-snippet":"max-snippet:-1","max-image-preview":"max-image-preview:large","max-video-preview":"max-video-preview:-1"},"canonical":"https:\/\/hundtgroup.com\/sl\/o-nas\/","og_locale":"sl_SI","og_type":"article","og_title":"O nas - Wilhelm Hundt GmbH","og_url":"https:\/\/hundtgroup.com\/sl\/o-nas\/","og_site_name":"Wilhelm Hundt GmbH","article_modified_time":"2025-06-26T10:08:06+00:00","twitter_card":"summary_large_image","twitter_misc":{"Est. reading time":"17 minuta"},"schema":{"@context":"https:\/\/schema.org","@graph":[{"@type":"WebPage","@id":"https:\/\/hundtgroup.com\/sl\/o-nas\/","url":"https:\/\/hundtgroup.com\/sl\/o-nas\/","name":"O nas - Wilhelm Hundt GmbH","isPartOf":{"@id":"https:\/\/hundtgroup.com\/sl\/#website"},"datePublished":"2022-01-12T11:31:26+00:00","dateModified":"2025-06-26T10:08:06+00:00","breadcrumb":{"@id":"https:\/\/hundtgroup.com\/sl\/o-nas\/#breadcrumb"},"inLanguage":"sl-SI","potentialAction":[{"@type":"ReadAction","target":["https:\/\/hundtgroup.com\/sl\/o-nas\/"]}]},{"@type":"BreadcrumbList","@id":"https:\/\/hundtgroup.com\/sl\/o-nas\/#breadcrumb","itemListElement":[{"@type":"ListItem","position":1,"name":"Startseite","item":"https:\/\/hundtgroup.com\/sl\/domov-novo\/"},{"@type":"ListItem","position":2,"name":"O nas"}]},{"@type":"WebSite","@id":"https:\/\/hundtgroup.com\/sl\/#website","url":"https:\/\/hundtgroup.com\/sl\/","name":"Wilhelm Hundt GmbH","description":"Va\u0161 specialist za stroje in orodja za obdelavo plo\u010devine","potentialAction":[{"@type":"SearchAction","target":{"@type":"EntryPoint","urlTemplate":"https:\/\/hundtgroup.com\/sl\/?s={search_term_string}"},"query-input":{"@type":"PropertyValueSpecification","valueRequired":true,"valueName":"search_term_string"}}],"inLanguage":"sl-SI"}]}},"_links":{"self":[{"href":"https:\/\/hundtgroup.com\/sl\/wp-json\/wp\/v2\/pages\/13086","targetHints":{"allow":["GET"]}}],"collection":[{"href":"https:\/\/hundtgroup.com\/sl\/wp-json\/wp\/v2\/pages"}],"about":[{"href":"https:\/\/hundtgroup.com\/sl\/wp-json\/wp\/v2\/types\/page"}],"author":[{"embeddable":true,"href":"https:\/\/hundtgroup.com\/sl\/wp-json\/wp\/v2\/users\/1"}],"replies":[{"embeddable":true,"href":"https:\/\/hundtgroup.com\/sl\/wp-json\/wp\/v2\/comments?post=13086"}],"version-history":[{"count":0,"href":"https:\/\/hundtgroup.com\/sl\/wp-json\/wp\/v2\/pages\/13086\/revisions"}],"wp:attachment":[{"href":"https:\/\/hundtgroup.com\/sl\/wp-json\/wp\/v2\/media?parent=13086"}],"curies":[{"name":"wp","href":"https:\/\/api.w.org\/{rel}","templated":true}]}}