{"id":13104,"date":"2022-03-11T14:29:02","date_gmt":"2022-03-11T13:29:02","guid":{"rendered":"https:\/\/hundtgroup.com\/moj-racun\/"},"modified":"2025-06-26T12:09:18","modified_gmt":"2025-06-26T10:09:18","slug":"moj-racun","status":"publish","type":"page","link":"https:\/\/hundtgroup.com\/sl\/trgovina\/moj-racun\/","title":{"rendered":"Moj ra\u010dun"},"content":{"rendered":"<div class=\"woocommerce\"><\/div>\n","protected":false},"excerpt":{"rendered":"","protected":false},"author":1,"featured_media":0,"parent":13337,"menu_order":1,"comment_status":"closed","ping_status":"closed","template":"","meta":{"_acf_changed":false,"inline_featured_image":false,"footnotes":""},"class_list":["post-13104","page","type-page","status-publish","hentry"],"acf":[],"yoast_head":"<!-- This site is optimized with the Yoast SEO plugin v27.3 - https:\/\/yoast.com\/product\/yoast-seo-wordpress\/ -->\n<title>Moj ra\u010dun Hundt - dostop do naro\u010dil, naslovov in \u0161e veliko ve\u010d.<\/title>\n<meta name=\"description\" content=\"Prijavite se v svoj ra\u010dun Hundt ter preprosto in priro\u010dno upravljajte s svojimi naro\u010dili, naslovi in nastavitvami.\" \/>\n<meta name=\"robots\" content=\"index, follow, max-snippet:-1, max-image-preview:large, max-video-preview:-1\" \/>\n<link rel=\"canonical\" href=\"https:\/\/hundtgroup.com\/sl\/trgovina\/moj-racun\/\" \/>\n<meta property=\"og:locale\" content=\"sl_SI\" \/>\n<meta property=\"og:type\" content=\"article\" \/>\n<meta property=\"og:title\" content=\"Moj ra\u010dun Hundt - dostop do naro\u010dil, naslovov in \u0161e veliko ve\u010d.\" \/>\n<meta property=\"og:description\" content=\"Prijavite se v svoj ra\u010dun Hundt ter preprosto in priro\u010dno upravljajte s svojimi naro\u010dili, naslovi in nastavitvami.\" \/>\n<meta property=\"og:url\" content=\"https:\/\/hundtgroup.com\/sl\/trgovina\/moj-racun\/\" \/>\n<meta property=\"og:site_name\" content=\"Wilhelm Hundt GmbH\" \/>\n<meta property=\"article:modified_time\" content=\"2025-06-26T10:09:18+00:00\" \/>\n<meta name=\"twitter:card\" content=\"summary_large_image\" \/>\n<script type=\"application\/ld+json\" class=\"yoast-schema-graph\">{\"@context\":\"https:\\\/\\\/schema.org\",\"@graph\":[{\"@type\":\"WebPage\",\"@id\":\"https:\\\/\\\/hundtgroup.com\\\/sl\\\/trgovina\\\/moj-racun\\\/\",\"url\":\"https:\\\/\\\/hundtgroup.com\\\/sl\\\/trgovina\\\/moj-racun\\\/\",\"name\":\"Moj ra\u010dun Hundt - dostop do naro\u010dil, naslovov in \u0161e veliko ve\u010d.\",\"isPartOf\":{\"@id\":\"https:\\\/\\\/hundtgroup.com\\\/sl\\\/#website\"},\"datePublished\":\"2022-03-11T13:29:02+00:00\",\"dateModified\":\"2025-06-26T10:09:18+00:00\",\"description\":\"Prijavite se v svoj ra\u010dun Hundt ter preprosto in priro\u010dno upravljajte s svojimi naro\u010dili, naslovi in nastavitvami.\",\"breadcrumb\":{\"@id\":\"https:\\\/\\\/hundtgroup.com\\\/sl\\\/trgovina\\\/moj-racun\\\/#breadcrumb\"},\"inLanguage\":\"sl-SI\",\"potentialAction\":[{\"@type\":\"ReadAction\",\"target\":[\"https:\\\/\\\/hundtgroup.com\\\/sl\\\/trgovina\\\/moj-racun\\\/\"]}]},{\"@type\":\"BreadcrumbList\",\"@id\":\"https:\\\/\\\/hundtgroup.com\\\/sl\\\/trgovina\\\/moj-racun\\\/#breadcrumb\",\"itemListElement\":[{\"@type\":\"ListItem\",\"position\":1,\"name\":\"Startseite\",\"item\":\"https:\\\/\\\/hundtgroup.com\\\/sl\\\/domov-novo\\\/\"},{\"@type\":\"ListItem\",\"position\":2,\"name\":\"Trgovina\",\"item\":\"https:\\\/\\\/hundtgroup.com\\\/sl\\\/trgovina\\\/\"},{\"@type\":\"ListItem\",\"position\":3,\"name\":\"Moj ra\u010dun\"}]},{\"@type\":\"WebSite\",\"@id\":\"https:\\\/\\\/hundtgroup.com\\\/sl\\\/#website\",\"url\":\"https:\\\/\\\/hundtgroup.com\\\/sl\\\/\",\"name\":\"Wilhelm Hundt GmbH\",\"description\":\"Va\u0161 specialist za stroje in orodja za obdelavo plo\u010devine\",\"potentialAction\":[{\"@type\":\"SearchAction\",\"target\":{\"@type\":\"EntryPoint\",\"urlTemplate\":\"https:\\\/\\\/hundtgroup.com\\\/sl\\\/?s={search_term_string}\"},\"query-input\":{\"@type\":\"PropertyValueSpecification\",\"valueRequired\":true,\"valueName\":\"search_term_string\"}}],\"inLanguage\":\"sl-SI\"}]}<\/script>\n<!-- \/ Yoast SEO plugin. -->","yoast_head_json":{"title":"Moj ra\u010dun Hundt - dostop do naro\u010dil, naslovov in \u0161e veliko ve\u010d.","description":"Prijavite se v svoj ra\u010dun Hundt ter preprosto in priro\u010dno upravljajte s svojimi naro\u010dili, naslovi in nastavitvami.","robots":{"index":"index","follow":"follow","max-snippet":"max-snippet:-1","max-image-preview":"max-image-preview:large","max-video-preview":"max-video-preview:-1"},"canonical":"https:\/\/hundtgroup.com\/sl\/trgovina\/moj-racun\/","og_locale":"sl_SI","og_type":"article","og_title":"Moj ra\u010dun Hundt - dostop do naro\u010dil, naslovov in \u0161e veliko ve\u010d.","og_description":"Prijavite se v svoj ra\u010dun Hundt ter preprosto in priro\u010dno upravljajte s svojimi naro\u010dili, naslovi in nastavitvami.","og_url":"https:\/\/hundtgroup.com\/sl\/trgovina\/moj-racun\/","og_site_name":"Wilhelm Hundt GmbH","article_modified_time":"2025-06-26T10:09:18+00:00","twitter_card":"summary_large_image","schema":{"@context":"https:\/\/schema.org","@graph":[{"@type":"WebPage","@id":"https:\/\/hundtgroup.com\/sl\/trgovina\/moj-racun\/","url":"https:\/\/hundtgroup.com\/sl\/trgovina\/moj-racun\/","name":"Moj ra\u010dun Hundt - dostop do naro\u010dil, naslovov in \u0161e veliko ve\u010d.","isPartOf":{"@id":"https:\/\/hundtgroup.com\/sl\/#website"},"datePublished":"2022-03-11T13:29:02+00:00","dateModified":"2025-06-26T10:09:18+00:00","description":"Prijavite se v svoj ra\u010dun Hundt ter preprosto in priro\u010dno upravljajte s svojimi naro\u010dili, naslovi in nastavitvami.","breadcrumb":{"@id":"https:\/\/hundtgroup.com\/sl\/trgovina\/moj-racun\/#breadcrumb"},"inLanguage":"sl-SI","potentialAction":[{"@type":"ReadAction","target":["https:\/\/hundtgroup.com\/sl\/trgovina\/moj-racun\/"]}]},{"@type":"BreadcrumbList","@id":"https:\/\/hundtgroup.com\/sl\/trgovina\/moj-racun\/#breadcrumb","itemListElement":[{"@type":"ListItem","position":1,"name":"Startseite","item":"https:\/\/hundtgroup.com\/sl\/domov-novo\/"},{"@type":"ListItem","position":2,"name":"Trgovina","item":"https:\/\/hundtgroup.com\/sl\/trgovina\/"},{"@type":"ListItem","position":3,"name":"Moj ra\u010dun"}]},{"@type":"WebSite","@id":"https:\/\/hundtgroup.com\/sl\/#website","url":"https:\/\/hundtgroup.com\/sl\/","name":"Wilhelm Hundt GmbH","description":"Va\u0161 specialist za stroje in orodja za obdelavo plo\u010devine","potentialAction":[{"@type":"SearchAction","target":{"@type":"EntryPoint","urlTemplate":"https:\/\/hundtgroup.com\/sl\/?s={search_term_string}"},"query-input":{"@type":"PropertyValueSpecification","valueRequired":true,"valueName":"search_term_string"}}],"inLanguage":"sl-SI"}]}},"_links":{"self":[{"href":"https:\/\/hundtgroup.com\/sl\/wp-json\/wp\/v2\/pages\/13104","targetHints":{"allow":["GET"]}}],"collection":[{"href":"https:\/\/hundtgroup.com\/sl\/wp-json\/wp\/v2\/pages"}],"about":[{"href":"https:\/\/hundtgroup.com\/sl\/wp-json\/wp\/v2\/types\/page"}],"author":[{"embeddable":true,"href":"https:\/\/hundtgroup.com\/sl\/wp-json\/wp\/v2\/users\/1"}],"replies":[{"embeddable":true,"href":"https:\/\/hundtgroup.com\/sl\/wp-json\/wp\/v2\/comments?post=13104"}],"version-history":[{"count":0,"href":"https:\/\/hundtgroup.com\/sl\/wp-json\/wp\/v2\/pages\/13104\/revisions"}],"up":[{"embeddable":true,"href":"https:\/\/hundtgroup.com\/sl\/wp-json\/wp\/v2\/pages\/13337"}],"wp:attachment":[{"href":"https:\/\/hundtgroup.com\/sl\/wp-json\/wp\/v2\/media?parent=13104"}],"curies":[{"name":"wp","href":"https:\/\/api.w.org\/{rel}","templated":true}]}}