{"id":13589,"date":"2022-11-02T15:44:27","date_gmt":"2022-11-02T14:44:27","guid":{"rendered":"https:\/\/hundtgroup.com\/trgovina\/gtc\/"},"modified":"2025-06-27T10:38:00","modified_gmt":"2025-06-27T08:38:00","slug":"gtc","status":"publish","type":"page","link":"https:\/\/hundtgroup.com\/sl\/trgovina\/gtc\/","title":{"rendered":"GTC"},"content":{"rendered":"<div id='av_section_1'  class='avia-section av-2sl9s-ce1ce7ae9fb18ca1bfd02c768aeff783 main_color avia-section-default avia-no-border-styling  avia-builder-el-0  avia-builder-el-no-sibling  avia-bg-style-scroll container_wrap fullsize'  ><div class='container av-section-cont-open' ><main  role=\"main\" itemprop=\"mainContentOfPage\"  class='template-page content  av-content-full alpha units'><div class='post-entry post-entry-type-page post-entry-13589'><div class='entry-content-wrapper clearfix'>\n<div  class='flex_column av-2bm5s-12e59aa6892b139d7db93fa9c175de19 av_one_full  avia-builder-el-1  el_before_av_one_half  avia-builder-el-first  first av-break-at-tablet flex_column_div  '     ><div class=\"pxl-headline pxl-hl hl-wrap | hl-sub--off hl--align-left hl--no-margin   \">\n    <div class=\"hl-inner\">\n            <h1 class=\"hl-main hl-line |  hl_main--default  \">Splo\u0161ni pogoji in dolo\u010dila<\/h1>\n            <div class=\"overline lightgrey\">\n              \n              <span class=\"overline-slant\"><\/span>\n            <\/div>\n    <\/div>\n<\/div><\/div><div  class='flex_column av-19duk-203c71f2b7316c109b6c9028b2bb783c av_one_half  avia-builder-el-3  el_after_av_one_full  el_before_av_one_half  first av-break-at-tablet flex_column_div  column-top-margin'     ><section  class='av_textblock_section av-kyllgorp-ab49c557e96d149ccd0bdfb148880aa9 '   itemscope=\"itemscope\" itemtype=\"https:\/\/schema.org\/CreativeWork\" ><div class='avia_textblock'  itemprop=\"text\" ><p>Wilhelm Hundt GmbH<br \/>\nStatus: oktober 2022<\/p>\n<h3>\u00a7 1 Podro\u010dje uporabe, obrazec<\/h3>\n<p>(1) Ti splo\u0161ni pogoji poslovanja (&#8220;SPP&#8221;) veljajo za vse na\u0161e poslovne odnose s strankami (&#8220;kupec&#8221;).<\/p>\n<p>(2) Izdelki, ki jih ponuja na\u0161a spletna trgovina, so namenjeni izklju\u010dno podjetnikom.<br \/>\nZa namene teh splo\u0161nih pogojev je &#8220;podjetnik&#8221; fizi\u010dna ali pravna oseba ali poslovna dru\u017eba s pravno sposobnostjo, ki ob sklenitvi pogodbe opravlja svojo gospodarsko ali samostojno poklicno dejavnost (\u010dlen 14(1) BGB).<\/p>\n<p>(3) Splo\u0161ni pogoji poslovanja se uporabljajo zlasti za pogodbe o prodaji in\/ali dobavi premi\u010dnin (&#8220;blago&#8221;), ne glede na to, ali blago izdelujemo sami ali ga kupujemo od dobaviteljev. \u010ce ni druga\u010de dogovorjeno, se VOP v razli\u010dici, ki je veljala v \u010dasu kup\u010devega naro\u010dila, ali v vsakem primeru v razli\u010dici, ki mu je bila nazadnje sporo\u010dena v besedilni obliki, uporabljajo kot okvirni sporazum tudi za podobne prihodnje pogodbe, ne da bi se nam bilo treba v vsakem posameznem primeru znova sklicevati nanje. <\/p>\n<p>(4) Pogoji stranke se ne uporabljajo, tudi \u010de v posameznih primerih posebej ne nasprotujemo njihovi veljavnosti.<\/p>\n<p>(5) Posamezni dogovori, sklenjeni s kupcem v posameznih primerih (vklju\u010dno z dodatnimi dogovori, dopolnitvami in spremembami), zlasti nekatera jamstva za lastnosti ali priporo\u010dila za uporabo na\u0161ega blaga ter informacije o \u010dasu in rokih popravila, zahtevajo na\u0161o izrecno pisno potrditev, da bi bili pravno veljavni. Za oddajo naro\u010dil so poobla\u0161\u010deni na\u0161i prodajni zastopniki. Naro\u010dilo se \u0161teje za sprejeto \u0161ele, ko ga na\u0161e podjetje pisno potrdi.  <\/p>\n<p>(6) Pravno pomembne izjave in obvestila kupca v zvezi s pogodbo (npr. dolo\u010ditev roka, obvestilo o napakah, odpoved ali zmanj\u0161anje) morajo biti podane pisno, tj. v pisni ali besedilni obliki (npr. pismo, e-po\u0161ta, faks). Zakonske formalne zahteve in dodatna dokazila, zlasti v primeru dvomov o legitimnosti stranke, ki je podala izjavo, ostanejo nespremenjene. <\/p>\n<p>(7) Sklicevanje na veljavnost zakonskih dolo\u010db je namenjeno le pojasnjevanju. Tudi brez tak\u0161nega pojasnila torej veljajo zakonske dolo\u010dbe, razen \u010de so neposredno spremenjene ali izrecno izklju\u010dene v teh splo\u0161nih pogojih poslovanja. <\/p>\n<h3>\u00a7 2 Sklenitev pogodbe<\/h3>\n<p>(1) Na\u0161e ponudbe se lahko spremenijo in niso zavezujo\u010de. To velja tudi, \u010de smo kupcu posredovali kataloge, tehni\u010dno dokumentacijo (npr. risbe, na\u010drte, izra\u010dune, kalkulacije stro\u0161kov, sklicevanja na standarde DIN), druge opise izdelkov ali dokumente &#8211; tudi v elektronski obliki -, za katere si pridr\u017eujemo lastni\u0161ke in avtorske pravice; brez na\u0161ega izrecnega pisnega soglasja jih ni dovoljeno reproducirati ali dati na voljo tretjim osebam. <\/p>\n<p>(2) Kup\u010devo naro\u010dilo blaga se \u0161teje za zavezujo\u010do pogodbeno ponudbo. \u010ce v naro\u010dilu ni navedeno druga\u010de, smo upravi\u010deni sprejeti to pogodbeno ponudbo v dveh (2) tednih od njenega prejema pri nas. Naro\u010dila so vedno zavezujo\u010da. Blago, dobavljeno brez napak, lahko prevzamemo nazaj le v znak dobre volje in na podlagi posebnega dogovora v posameznih primerih. Izdelkov, izdelanih po meri, ne sprejemamo nazaj.    <\/p>\n<p>(3) Sprejem se lahko izjavi pisno (npr. s potrditvijo naro\u010dila) ali z dostavo blaga kupcu.<\/p>\n<p>(4) Naro\u010dilo v spletni trgovini na www.hundt.de, www.hundtgroup.com predstavlja ponudbo za sklenitev kupoprodajne pogodbe. Po oddaji naro\u010dila podjetje hundtgroup.com po elektronski po\u0161ti po\u0161lje potrdilo o prejemu naro\u010dila. Ta potrditev naro\u010dila zgolj potrjuje prejem naro\u010dila in ne pomeni sprejetja naro\u010dila. Kupoprodajna pogodba se sklene s po\u0161iljanjem lo\u010dene potrditve naro\u010dila po elektronski po\u0161ti. Zavezujo\u010da pogodba se lahko sklene pred tem, \u010de je stranka izbrala na\u010din pla\u010dila PayPal. V tem primeru je pogodba sklenjena v trenutku, ko kupec potrdi pla\u010dilno navodilo sistemu PayPal.     <\/p>\n<h3>\u00a7 3 Rok dobave in zamuda pri dobavi<\/h3>\n<p>(1) Navedeni \u010dasi dostave in raztovarjanja so vedno nezavezujo\u010di, razen \u010de ni izrecno pisno dogovorjeno druga\u010de. Za\u010detek dobavnega roka je odvisen od prejema vseh dokumentov, ki jih mora predlo\u017eiti kupec, kot je izpolnjevanje dogovorjenih pla\u010dilnih pogojev in drugih obveznosti, pa tudi od dogovora o vseh tehni\u010dnih vpra\u0161anjih, za katera sta si stranki pridr\u017eali pravico, da jih pojasnita ob sklenitvi pogodbe. \u010ce ti pogoji niso izpolnjeni pravo\u010dasno, se rok dobave ustrezno podalj\u0161a.  <\/p>\n<p>(2) \u010ce iz razlogov, za katere nismo odgovorni (nerazpolo\u017eljivost storitve), ne moremo upo\u0161tevati zavezujo\u010dih rokov dobave, bomo kupca o tem nemudoma obvestili in mu hkrati sporo\u010dili predvideni novi rok dobave. \u010ce storitev tudi v novem dobavnem roku ni na voljo, imamo pravico v celoti ali delno odstopiti od pogodbe; kupcu nemudoma povrnemo \u017ee pla\u010dano nadomestilo. Za primer nerazpolo\u017eljivosti storitve v tem smislu se \u0161teje zlasti to, da nam na\u0161 dobavitelj ni pravo\u010dasno dobavil, \u010de smo sklenili skladen posel varovanja pred tveganji, ne mi ne na\u0161 dobavitelj nista kriva ali nismo dol\u017eni naro\u010diti v posameznem primeru.  <\/p>\n<p>(3) Pravice kupca v skladu z 8. \u010dlenom teh splo\u0161nih pogojev poslovanja in na\u0161e zakonske pravice, zlasti v primeru izklju\u010ditve obveznosti izpolnitve (npr. zaradi nezmo\u017enosti ali nerazumnosti izpolnitve in\/ali naknadne izpolnitve), ostanejo nedotaknjene. <\/p>\n<h3>\u00a7 4 Dostava, prenos tveganja, prevzem, neizpolnitev prevzema<\/h3>\n<p>(1) Dostava se opravi iz skladi\u0161\u010da, ki je tudi kraj izpolnitve za dobavo in vsako nadaljnjo izpolnitev. Na zahtevo in stro\u0161ke kupca se blago odpo\u0161lje v drug namembni kraj (prodaja v namembni kraj). \u010ce ni druga\u010de dogovorjeno, smo upravi\u010deni sami dolo\u010diti vrsto odpreme (zlasti prevozno podjetje, pot odpreme, embala\u017eo). Prevozno zavarovanje se sklene le na izrecno zahtevo kupca. Vse stro\u0161ke, ki nastanejo zaradi tega, nosi izklju\u010dno kupec (\u010dlen 448 BGB).    <\/p>\n<p>(2) Nevarnost naklju\u010dne izgube in naklju\u010dnega poslab\u0161anja blaga preide na kupca najkasneje ob izro\u010ditvi. Pri prodaji z odpremo pa nevarnost naklju\u010dne izgube in naklju\u010dnega poslab\u0161anja blaga ter nevarnost zamude preide na kupca z izro\u010ditvijo blaga \u0161pediterju, prevozniku ali drugi osebi ali instituciji, ki je dolo\u010dena za izvedbo odpreme. \u010ce je bil dogovorjen sprejem, je to odlo\u010dilno za prenos tveganja.  <\/p>\n<h3>\u00a7 5 Cene in pla\u010dilni pogoji<\/h3>\n<p>(1) \u010ce v posameznih primerih ni druga\u010de dogovorjeno, veljajo na\u0161e veljavne cene v \u010dasu sklenitve pogodbe, franko skladi\u0161\u010de, pove\u010dane za zakonsko dolo\u010den DDV. Te cene ne vklju\u010dujejo stro\u0161kov namestitve, zagona in monta\u017ee ter stro\u0161kov pakiranja, prevoza, po\u0161tnine in zavarovanja. \u010ce med sklenitvijo pogodbe in dobavo zaradi sprememb pravnih norm nastanejo dodatni ali vi\u0161ji stro\u0161ki &#8211; zlasti carine, dajatve, izravnava valut -, smo upravi\u010deni do ustreznega povi\u0161anja dogovorjene nakupne cene. Enako velja za stro\u0161ke pregleda.<br \/>\n\u010ce se po sklenitvi pogodbe, vendar pred dobavo blaga, za nas ali na\u0161e dobavitelje pojavijo izredna, znatna povi\u0161anja stro\u0161kov surovin, energije ali prevoza in \u010de to povzro\u010di znatno povi\u0161anje na\u0161ih nabavnih in stro\u0161kovnih cen, imamo pravico zahtevati takoj\u0161nja pogajanja s stranko o prilagoditvi cen. \u010ce se o vi\u0161ini cene ne moremo dogovoriti v 14 dneh po prejemu zahteve za povi\u0161anje cene, imata obe stranki pravico odpovedati pogodbo brez odpovednega roka za del pogodbe, ki \u0161e ni bil izveden z dobavo, pri \u010demer stranka, ki odpoveduje pogodbo, ni odgovorna za zamudo pri izpolnjevanju ali neizpolnjevanje svojih obveznosti.     <\/p>\n<p>(2) V primeru prodaje v namembni kraj (v skladu s prvim odstavkom 4. \u010dlena teh splo\u0161nih pogojev poslovanja) kupec krije stro\u0161ke prevoza iz skladi\u0161\u010da in stro\u0161ke morebitnega zavarovanja prevoza, ki ga zahteva kupec. Vse carinske dajatve, pristojbine, davke in druge javne dajatve krije kupec. <\/p>\n<p>(3) S sprejetjem na\u0161e potrditve naro\u010dila se \u0161teje, da je dogovorjeno, da so izpolnjene zakonsko dolo\u010dene zahteve za obra\u010dun.<\/p>\n<p>(4) Kupnina zapade v pla\u010dilo ob potrditvi pla\u010dilnih pogojev v skladu s potrditvijo naro\u010dila.<br \/>\nKupec lahko v spletni trgovini naro\u010di s predpla\u010dilom, z uporabo storitve PayPal ali z nakupom na ra\u010dun. V primeru naro\u010dil z zelo visokimi vrednostmi naro\u010dila ali nezadostnim preverjanjem kreditne sposobnosti si pridr\u017eujemo pravico, da jih dostavimo le proti predpla\u010dilu.<br \/>\nPri naro\u010danju v spletni trgovini nakup na ra\u010dun poteka prek registracije, ki si pridr\u017euje pravico, da opravi preverjanje kreditne sposobnosti. Dodatne informacije o preverjanju kreditne sposobnosti so na voljo v informacijah o varstvu podatkov.  <\/p>\n<p>Pridr\u017eujemo si pravico, da v posameznih primerih uporabimo druga\u010dne pogoje (predpla\u010dilo, pla\u010dilo s strani tretje osebe, akreditiv ali podobno). Pri dobavah v tujino lahko zahtevamo odprtje nepreklicnega in potrjenega akreditiva, pla\u010dljivega pri banki, ki jo dolo\u010dimo, ali drugih enakovrednih zavarovanj. <\/p>\n<p>Ra\u010dune po\u0161iljamo po po\u0161ti ali elektronsko po e-po\u0161ti. Vendar smo kadar koli, tudi v okviru teko\u010dega poslovnega odnosa, poobla\u0161\u010deni, da dobavo v celoti ali delno opravimo samo proti predpla\u010dilu. Ustrezno rezervacijo prijavimo najpozneje s potrditvijo naro\u010dila.  <\/p>\n<p>(5) Kupec zamuja s pla\u010dilom po izteku zgoraj navedenega pla\u010dilnega roka. V obdobju zamude se na kupnino obra\u010dunajo obresti po veljavni zakonski obrestni meri zamudnih obresti. Pridr\u017eujemo si pravico, da zahtevamo dodatno od\u0161kodnino za \u0161kodo, ki je nastala zaradi neizpolnitve obveznosti. Na\u0161a terjatev do komercialnih obresti na zapadlost do trgovcev ostaja nedotaknjena.   <\/p>\n<p>(6) Kupec je upravi\u010den do pravice do pobota ali zadr\u017eanja le, \u010de je njegova terjatev zakonito ugotovljena ali nesporna. V primeru napak pri dobavi ostanejo kup\u010deve nasprotne pravice nedotaknjene. <\/p>\n<p>(7) \u010ce se po sklenitvi pogodbe izka\u017ee (npr. na podlagi predloga za za\u010detek ste\u010dajnega postopka), da je na\u0161a terjatev do kupnine ogro\u017eena zaradi kup\u010deve nezmo\u017enosti pla\u010dila, imamo pravico zavrniti izpolnitev v skladu z zakonskimi dolo\u010dbami in &#8211; \u010de je potrebno, po dolo\u010ditvi roka &#8211; odstopiti od pogodbe. Pri pogodbah za izdelavo negibljivega blaga (izdelki po meri) lahko odstop od pogodbe izjavimo takoj; zakonske dolo\u010dbe o nespo\u0161tljivosti dolo\u010ditve roka ostanejo nespremenjene. <\/p>\n<p>(8) Naro\u010dilo prek spletne trgovine mora dose\u010di minimalno vrednost naro\u010dila 50,00 EUR. Za obstoje\u010de stranke se to lahko opusti.<\/p>\n<\/div><\/section><\/div><div  class='flex_column av-rl3w-f06583f4044d095245411ef6c8430cfc av_one_half  avia-builder-el-5  el_after_av_one_half  avia-builder-el-last  av-break-at-tablet flex_column_div  column-top-margin'     ><section  class='av_textblock_section av-kyllqexe-41b8fbccf53431dd941cd32608e1feca '   itemscope=\"itemscope\" itemtype=\"https:\/\/schema.org\/CreativeWork\" ><div class='avia_textblock'  itemprop=\"text\" ><h3>\u00a7 6 Ohranitev lastninske pravice<\/h3>\n<p>(1) Lastninsko pravico na prodanem blagu si pridr\u017eujemo do popolnega pla\u010dila vseh na\u0161ih sedanjih in prihodnjih terjatev, ki izhajajo iz kupoprodajne pogodbe in teko\u010dega poslovnega razmerja (zavarovane terjatve).<\/p>\n<p>(2) Blago, ki je predmet pridr\u017eka lastninske pravice, se ne sme dati v zastavo tretjim osebam ali odstopiti v zavarovanje pred popolnim pla\u010dilom zavarovanih terjatev. Kupec nas mora nemudoma pisno obvestiti, \u010de je vlo\u017een predlog za za\u010detek ste\u010dajnega postopka ali \u010de imajo tretje osebe dostop do blaga, ki nam pripada (npr. zaseg). <\/p>\n<p>(3) V primeru kup\u010deve kr\u0161itve pogodbe, zlasti nepla\u010dila zapadle kupnine, imamo pravico odstopiti od pogodbe v skladu z zakonskimi dolo\u010dbami in\/ali zahtevati vrnitev blaga na podlagi pridr\u017eka lastninske pravice. Zahteva za vrnitev blaga ne vklju\u010duje hkrati izjave o odstopu od pogodbe; upravi\u010deni smo zahtevati le vrnitev blaga in si pridr\u017eati pravico do odstopa od pogodbe. \u010ce kupec ne pla\u010da zapadle kupnine, lahko te pravice uveljavljamo le, \u010de smo kupcu predhodno neuspe\u0161no dolo\u010dili razumen rok za pla\u010dilo ali \u010de je dolo\u010ditev takega roka v skladu z zakonskimi dolo\u010dbami odve\u010d.  <\/p>\n<h3>\u00a7 7 Garancija<\/h3>\n<p>Za ponujene predmete veljajo zakonske garancijske pravice.<br \/>\nGarancijski rok za izdelke, dobavljene podjetnikom, je dvanajst mesecev.<\/p>\n<h3>\u00a7 8 Zahtevki iz naslova kup\u010devih napak<\/h3>\n<p>(1) Za kup\u010deve pravice v primeru stvarnih in lastni\u0161kih napak se uporabljajo zakonske dolo\u010dbe, razen \u010de je v nadaljevanju dolo\u010deno druga\u010de.<\/p>\n<p>(2) \u010ce kakovost ni dogovorjena, se v skladu z zakonskimi dolo\u010dbami oceni, ali napaka obstaja ali ne. Vendar ne prevzemamo nobene odgovornosti za javne izjave proizvajalca ali drugih tretjih oseb (npr. ogla\u0161evalske izjave). <\/p>\n<p>(3) Kup\u010devi zahtevki zaradi napak predpostavljajo, da je kupec izpolnil svoje zakonske obveznosti pregleda in obvestila o napakah. \u010ce se napaka poka\u017ee ob dobavi, pregledu ali kadar koli pozneje, nas mora o tem nemudoma pisno obvestiti. V vsakem primeru je treba o\u010ditne napake pisno sporo\u010diti v petih (5) delovnih dneh po dostavi, napake, ki jih med pregledom ni bilo mogo\u010de prepoznati, pa v istem roku od odkritja. \u010ce kupec ne opravi ustreznega pregleda in\/ali ne prijavi napak, je na\u0161a odgovornost za nepravo\u010dasno ali nepravilno prijavljeno napako izklju\u010dena v skladu z zakonskimi dolo\u010dbami.   <\/p>\n<p>(4) \u010ce ima dobavljeni predmet napako, lahko najprej izberemo, ali bomo zagotovili naknadno izpolnitev z odpravo napake (naknadna izbolj\u0161ava) ali z dobavo predmeta brez napake (nadomestna dobava). Na\u0161a pravica do zavrnitve naknadne izpolnitve v skladu z zakonskimi pogoji ostaja nespremenjena. <\/p>\n<p>(5) Upravi\u010deni smo, da naknadno izpolnitev obveznosti pogojujemo s pla\u010dilom kupnine s strani kupca.<\/p>\n<p>(6) Kupec nam mora dati \u010das in mo\u017enost, ki sta potrebna za naknadno izpolnitev obveznosti, zlasti za izro\u010ditev zavrnjenega blaga v pregled. V primeru nadomestne dobave nam mora kupec vrniti okvarjeno blago v skladu z zakonskimi dolo\u010dbami. Naknadna izpolnitev ne vklju\u010duje odstranitve predmeta z napako ali njegove ponovne namestitve, \u010de ga prvotno nismo bili dol\u017eni namestiti.  <\/p>\n<p>(7) \u010ce napaka dejansko obstaja, krijemo stro\u0161ke, potrebne za pregled in poznej\u0161o izvedbo, zlasti stro\u0161ke prevoza, potovanja, dela in materiala (ne: stro\u0161ke odstranitve in namestitve). V nasprotnem primeru lahko od kupca zahtevamo nadomestilo za stro\u0161ke, ki so nastali zaradi neupravi\u010dene zahteve za odpravo napake (zlasti stro\u0161ke pregleda in prevoza), razen \u010de kupec ni mogel prepoznati pomanjkljivosti. <\/p>\n<p>(8) \u010ce naknadna izpolnitev ni uspela ali \u010de je razumni rok, ki ga je kupec dolo\u010dil za naknadno izpolnitev, potekel brez uspeha ali je v skladu z zakonskimi dolo\u010dbami nepotreben, lahko kupec odstopi od kupoprodajne pogodbe. V primeru nepomembne napake pa pravica do odstopa od pogodbe ne obstaja. <\/p>\n<p>(9) Kup\u010devi zahtevki za od\u0161kodnino ali povra\u010dilo nepotrebnih stro\u0161kov obstajajo samo v skladu s \u010dlenom 8, tudi v primeru napak, sicer pa so izklju\u010deni.<\/p>\n<h3>\u00a7 9 Druge obveznosti<\/h3>\n<p>(1) \u010ce v teh splo\u0161nih pogojih poslovanja, vklju\u010dno z naslednjimi dolo\u010dbami, ni dolo\u010deno druga\u010de, smo v primeru kr\u0161itve pogodbenih in nepogodbenih obveznosti odgovorni v skladu z zakonskimi dolo\u010dbami.<\/p>\n<p>(2) Odgovornost dobavitelja za malomarno kr\u0161itev dol\u017enosti ter za posredno \u0161kodo in posledi\u010dno \u0161kodo, kot je izguba dobi\u010dka zaradi prekinitve poslovanja, je izklju\u010dena. Te omejitve odgovornosti ne veljajo, \u010de je bila \u0161koda povzro\u010dena namerno ali iz hude malomarnosti ali za po\u0161kodbe \u017eivljenja, telesa ali zdravja. <\/p>\n<p>(3) Kupec lahko odstopi od pogodbe ali jo razdre zaradi kr\u0161itve dol\u017enosti, ki ne pomeni napake, le, \u010de smo za kr\u0161itev dol\u017enosti odgovorni mi. Prosta pravica do odstopa od pogodbe s strani kupca je izklju\u010dena. V nasprotnem primeru veljajo zakonske zahteve in pravne posledice.  <\/p>\n<h3>\u00a7 10 Jezik pogodbe<\/h3>\n<p>Jezik, ki je na voljo za sklenitev pogodbe, je nem\u0161\u010dina.<\/p>\n<h3>\u00a7 11 Obvestilo o varstvu podatkov<\/h3>\n<p>Oglejte si:<br \/>\nV okviru prito\u017eb bo morda treba dobaviteljem posredovati osebne podatke. To se izvaja na podlagi \u010dlena 6(1)(b) Splo\u0161ne uredbe o varstvu podatkov. Podatki, ki se posredujejo v tem primeru, se nana\u0161ajo izklju\u010dno na naslovne podatke za po\u0161iljanje nadomestnih predmetov ali podobno naknadno pogodbeno izpolnitev.    <\/p>\n<h3>\u00a7 12 Kon\u010dne dolo\u010dbe<\/h3>\n<p>(1) Za te splo\u0161ne pogoje in pogodbeno razmerje med nami in kupcem velja pravo Zvezne republike Nem\u010dije z izklju\u010ditvijo enotnega mednarodnega prava, zlasti Konvencije ZN o pogodbah o mednarodni prodaji blaga.<\/p>\n<p>(2) \u010ce je kupec trgovec, pravna oseba javnega prava ali posebni sklad javnega prava, je za vse spore, ki neposredno ali posredno izhajajo iz pogodbenega razmerja, izklju\u010dno &#8211; tudi mednarodno &#8211; pristojen na\u0161 sede\u017e v Wuppertalu. V vseh primerih pa smo upravi\u010deni vlo\u017eiti to\u017ebo tudi v kraju izpolnitve obveznosti dobave v skladu s temi splo\u0161nimi pogoji poslovanja ali nadrejenim individualnim sporazumom ali v kraju splo\u0161ne pristojnosti kupca. Nadrejene zakonske dolo\u010dbe, zlasti glede izklju\u010dne pristojnosti, ostanejo nespremenjene.  <\/p>\n<p>(3) Prenos pogodbenih pravic in obveznosti na tretje osebe s strani kupca je mogo\u010d le z na\u0161im pisnim soglasjem.<\/p>\n<p>(4) Neveljavnost posameznih dolo\u010db teh splo\u0161nih prodajnih pogojev ne vpliva na veljavnost preostalih dolo\u010db. \u0160teje se, da so neveljavne dolo\u010dbe nadome\u0161\u010dene s tak\u0161nimi u\u010dinkovitimi dolo\u010dbami, ki so primerne za uresni\u010ditev gospodarskega namena izpu\u0161\u010dene dolo\u010dbe, kolikor je to mogo\u010de.<\/p>\n<\/div><\/section><\/div>\n","protected":false},"excerpt":{"rendered":"","protected":false},"author":1,"featured_media":0,"parent":13337,"menu_order":5,"comment_status":"closed","ping_status":"closed","template":"","meta":{"_acf_changed":false,"inline_featured_image":false,"footnotes":""},"class_list":["post-13589","page","type-page","status-publish","hentry"],"acf":[],"yoast_head":"<!-- This site is optimized with the Yoast SEO plugin v27.3 - https:\/\/yoast.com\/product\/yoast-seo-wordpress\/ -->\n<title>Splo\u0161ni pogoji | Wilhelm Hundt GmbH<\/title>\n<meta name=\"description\" content=\"Wilhelm Hundt GmbH: AGB\" \/>\n<meta name=\"robots\" content=\"index, follow, max-snippet:-1, max-image-preview:large, max-video-preview:-1\" \/>\n<link rel=\"canonical\" href=\"https:\/\/hundtgroup.com\/sl\/trgovina\/gtc\/\" \/>\n<meta property=\"og:locale\" content=\"sl_SI\" \/>\n<meta property=\"og:type\" content=\"article\" \/>\n<meta property=\"og:title\" content=\"Splo\u0161ni pogoji | Wilhelm Hundt GmbH\" \/>\n<meta property=\"og:description\" content=\"Wilhelm Hundt GmbH: AGB\" \/>\n<meta property=\"og:url\" content=\"https:\/\/hundtgroup.com\/sl\/trgovina\/gtc\/\" \/>\n<meta property=\"og:site_name\" content=\"Wilhelm Hundt GmbH\" \/>\n<meta property=\"article:modified_time\" content=\"2025-06-27T08:38:00+00:00\" \/>\n<meta name=\"twitter:card\" content=\"summary_large_image\" \/>\n<meta name=\"twitter:label1\" content=\"Est. reading time\" \/>\n\t<meta name=\"twitter:data1\" content=\"19 minuta\" \/>\n<script type=\"application\/ld+json\" class=\"yoast-schema-graph\">{\"@context\":\"https:\\\/\\\/schema.org\",\"@graph\":[{\"@type\":\"WebPage\",\"@id\":\"https:\\\/\\\/hundtgroup.com\\\/sl\\\/trgovina\\\/gtc\\\/\",\"url\":\"https:\\\/\\\/hundtgroup.com\\\/sl\\\/trgovina\\\/gtc\\\/\",\"name\":\"Splo\u0161ni pogoji | Wilhelm Hundt GmbH\",\"isPartOf\":{\"@id\":\"https:\\\/\\\/hundtgroup.com\\\/sl\\\/#website\"},\"datePublished\":\"2022-11-02T14:44:27+00:00\",\"dateModified\":\"2025-06-27T08:38:00+00:00\",\"description\":\"Wilhelm Hundt GmbH: AGB\",\"breadcrumb\":{\"@id\":\"https:\\\/\\\/hundtgroup.com\\\/sl\\\/trgovina\\\/gtc\\\/#breadcrumb\"},\"inLanguage\":\"sl-SI\",\"potentialAction\":[{\"@type\":\"ReadAction\",\"target\":[\"https:\\\/\\\/hundtgroup.com\\\/sl\\\/trgovina\\\/gtc\\\/\"]}]},{\"@type\":\"BreadcrumbList\",\"@id\":\"https:\\\/\\\/hundtgroup.com\\\/sl\\\/trgovina\\\/gtc\\\/#breadcrumb\",\"itemListElement\":[{\"@type\":\"ListItem\",\"position\":1,\"name\":\"Startseite\",\"item\":\"https:\\\/\\\/hundtgroup.com\\\/sl\\\/domov-novo\\\/\"},{\"@type\":\"ListItem\",\"position\":2,\"name\":\"Trgovina\",\"item\":\"https:\\\/\\\/hundtgroup.com\\\/sl\\\/trgovina\\\/\"},{\"@type\":\"ListItem\",\"position\":3,\"name\":\"GTC\"}]},{\"@type\":\"WebSite\",\"@id\":\"https:\\\/\\\/hundtgroup.com\\\/sl\\\/#website\",\"url\":\"https:\\\/\\\/hundtgroup.com\\\/sl\\\/\",\"name\":\"Wilhelm Hundt GmbH\",\"description\":\"Va\u0161 specialist za stroje in orodja za obdelavo plo\u010devine\",\"potentialAction\":[{\"@type\":\"SearchAction\",\"target\":{\"@type\":\"EntryPoint\",\"urlTemplate\":\"https:\\\/\\\/hundtgroup.com\\\/sl\\\/?s={search_term_string}\"},\"query-input\":{\"@type\":\"PropertyValueSpecification\",\"valueRequired\":true,\"valueName\":\"search_term_string\"}}],\"inLanguage\":\"sl-SI\"}]}<\/script>\n<!-- \/ Yoast SEO plugin. -->","yoast_head_json":{"title":"Splo\u0161ni pogoji | Wilhelm Hundt GmbH","description":"Wilhelm Hundt GmbH: AGB","robots":{"index":"index","follow":"follow","max-snippet":"max-snippet:-1","max-image-preview":"max-image-preview:large","max-video-preview":"max-video-preview:-1"},"canonical":"https:\/\/hundtgroup.com\/sl\/trgovina\/gtc\/","og_locale":"sl_SI","og_type":"article","og_title":"Splo\u0161ni pogoji | Wilhelm Hundt GmbH","og_description":"Wilhelm Hundt GmbH: AGB","og_url":"https:\/\/hundtgroup.com\/sl\/trgovina\/gtc\/","og_site_name":"Wilhelm Hundt GmbH","article_modified_time":"2025-06-27T08:38:00+00:00","twitter_card":"summary_large_image","twitter_misc":{"Est. reading time":"19 minuta"},"schema":{"@context":"https:\/\/schema.org","@graph":[{"@type":"WebPage","@id":"https:\/\/hundtgroup.com\/sl\/trgovina\/gtc\/","url":"https:\/\/hundtgroup.com\/sl\/trgovina\/gtc\/","name":"Splo\u0161ni pogoji | Wilhelm Hundt GmbH","isPartOf":{"@id":"https:\/\/hundtgroup.com\/sl\/#website"},"datePublished":"2022-11-02T14:44:27+00:00","dateModified":"2025-06-27T08:38:00+00:00","description":"Wilhelm Hundt GmbH: AGB","breadcrumb":{"@id":"https:\/\/hundtgroup.com\/sl\/trgovina\/gtc\/#breadcrumb"},"inLanguage":"sl-SI","potentialAction":[{"@type":"ReadAction","target":["https:\/\/hundtgroup.com\/sl\/trgovina\/gtc\/"]}]},{"@type":"BreadcrumbList","@id":"https:\/\/hundtgroup.com\/sl\/trgovina\/gtc\/#breadcrumb","itemListElement":[{"@type":"ListItem","position":1,"name":"Startseite","item":"https:\/\/hundtgroup.com\/sl\/domov-novo\/"},{"@type":"ListItem","position":2,"name":"Trgovina","item":"https:\/\/hundtgroup.com\/sl\/trgovina\/"},{"@type":"ListItem","position":3,"name":"GTC"}]},{"@type":"WebSite","@id":"https:\/\/hundtgroup.com\/sl\/#website","url":"https:\/\/hundtgroup.com\/sl\/","name":"Wilhelm Hundt GmbH","description":"Va\u0161 specialist za stroje in orodja za obdelavo plo\u010devine","potentialAction":[{"@type":"SearchAction","target":{"@type":"EntryPoint","urlTemplate":"https:\/\/hundtgroup.com\/sl\/?s={search_term_string}"},"query-input":{"@type":"PropertyValueSpecification","valueRequired":true,"valueName":"search_term_string"}}],"inLanguage":"sl-SI"}]}},"_links":{"self":[{"href":"https:\/\/hundtgroup.com\/sl\/wp-json\/wp\/v2\/pages\/13589","targetHints":{"allow":["GET"]}}],"collection":[{"href":"https:\/\/hundtgroup.com\/sl\/wp-json\/wp\/v2\/pages"}],"about":[{"href":"https:\/\/hundtgroup.com\/sl\/wp-json\/wp\/v2\/types\/page"}],"author":[{"embeddable":true,"href":"https:\/\/hundtgroup.com\/sl\/wp-json\/wp\/v2\/users\/1"}],"replies":[{"embeddable":true,"href":"https:\/\/hundtgroup.com\/sl\/wp-json\/wp\/v2\/comments?post=13589"}],"version-history":[{"count":0,"href":"https:\/\/hundtgroup.com\/sl\/wp-json\/wp\/v2\/pages\/13589\/revisions"}],"up":[{"embeddable":true,"href":"https:\/\/hundtgroup.com\/sl\/wp-json\/wp\/v2\/pages\/13337"}],"wp:attachment":[{"href":"https:\/\/hundtgroup.com\/sl\/wp-json\/wp\/v2\/media?parent=13589"}],"curies":[{"name":"wp","href":"https:\/\/api.w.org\/{rel}","templated":true}]}}