{"id":13840,"date":"2023-02-07T15:24:12","date_gmt":"2023-02-07T14:24:12","guid":{"rendered":"https:\/\/hundtgroup.com\/trgovina\/stroski-posiljanja\/"},"modified":"2026-03-09T11:42:53","modified_gmt":"2026-03-09T10:42:53","slug":"stroski-posiljanja","status":"publish","type":"page","link":"https:\/\/hundtgroup.com\/sl\/trgovina\/stroski-posiljanja\/","title":{"rendered":"Stro\u0161ki po\u0161iljanja"},"content":{"rendered":"<div id='av_section_1'  class='avia-section av-2sl9s-ce1ce7ae9fb18ca1bfd02c768aeff783 main_color avia-section-default avia-no-border-styling  avia-builder-el-0  avia-builder-el-no-sibling  avia-bg-style-scroll container_wrap fullsize'  ><div class='container av-section-cont-open' ><main  role=\"main\" itemprop=\"mainContentOfPage\"  class='template-page content  av-content-full alpha units'><div class='post-entry post-entry-type-page post-entry-13840'><div class='entry-content-wrapper clearfix'>\n<div  class='flex_column av-26tywa-9f015e1114c31c05d4acc0e727ac11ca av_one_full  avia-builder-el-1  el_before_av_one_full  avia-builder-el-first  first flex_column_div  '     ><section  class='av_textblock_section av-ldvmfxjm-655ad1f31e3569818342aa9953ef1e2e '   itemscope=\"itemscope\" itemtype=\"https:\/\/schema.org\/CreativeWork\" ><div class='avia_textblock'  itemprop=\"text\" ><h1>Stro\u0161ki po\u0161iljanja<\/h1>\n<\/div><\/section><\/div><div  class='flex_column av-19duk-c439aaf3e1b54d5eee86c009efbb1f82 av_one_full  avia-builder-el-3  el_after_av_one_full  avia-builder-el-last  first av-break-at-tablet flex_column_div  column-top-margin'     ><p><section  class='av_textblock_section av-lduecz4t-e72d62fd59569a5b53867a745071dca5 '   itemscope=\"itemscope\" itemtype=\"https:\/\/schema.org\/CreativeWork\" ><div class='avia_textblock'  itemprop=\"text\" ><p><span style=\"font-weight: 300; font-size: 15px;\">Stro\u0161ki po\u0161iljanja 10,95 \u20ac (Nem\u010dija)<\/span><br \/>\n<span style=\"font-weight: 300; font-size: 15px;\">Brezpla\u010dna dostava od 300 \u20ac neto vrednosti blaga (Nem\u010dija)<br \/>\nDostava v tujino, upo\u0161tevajte seznam stro\u0161kov prevoza<br \/>\n<\/span><\/p>\n<\/div><\/section><br \/>\n\n<style type=\"text\/css\" data-created_by=\"avia_inline_auto\" id=\"style-css-av-ldueh37h-dd1dbf5d0a6615db5f950ebceb2f762f\">\n#top .hr.hr-invisible.av-ldueh37h-dd1dbf5d0a6615db5f950ebceb2f762f{\nheight:50px;\n}\n<\/style>\n<div  class='hr av-ldueh37h-dd1dbf5d0a6615db5f950ebceb2f762f hr-invisible  avia-builder-el-5  el_after_av_textblock  el_before_av_table '><span class='hr-inner '><span class=\"hr-inner-style\"><\/span><\/span><\/div><br \/>\n<div class='avia-data-table-wrap av-z1iwyi-ccd9a6c96cb599466d31ecd98d9d6e67 avia_responsive_table avia-table-1'><table  id=\"shipping-price-table\"  class='avia-table avia-data-table avia_pricing_default  avia-builder-el-6  el_after_av_hr  avia-builder-el-last '  itemscope=\"itemscope\" itemtype=\"https:\/\/schema.org\/Table\" ><tbody><tr class=''><td class=''>Obmo\u010dje A <\/td><td class=''>Nem\u010dija<\/td><td class=''>10,95 EUR neto<\/td><\/tr><tr class=''><td class=''>Obmo\u010dje B<\/td><td class=''>(Belgija, Danska, Luksemburg, Nizozemska, \u010ce\u0161ka, Slova\u0161ka, Slova\u0161ka)<\/td><td class=''>28,95 EUR neto<\/td><\/tr><tr class=''><td class=''>Obmo\u010dje C<\/td><td class=''>Finska, Francija, Italija, Hrva\u0161ka, Avstrija, Poljska, \u0160vedska, Slova\u0161ka, Slovenija<\/td><td class=''>32,95 EUR neto<\/td><\/tr><tr class=''><td class=''>Obmo\u010dje D<\/td><td class=''>Gr\u010dija, Irska, Severna Irska, Portugalska, \u0160panija, Bolgarija, Estonija, Latvija, Litva, Romunija, Mad\u017earska<\/td><td class=''>37,95 EUR neto<\/td><\/tr><tr class=''><td class=''>Obmo\u010dje E<\/td><td class=''>Norve\u0161ka, \u0160vica in Anglija<\/td><td class=''>49,95 EUR neto<\/td><\/tr><\/tbody><\/table><\/div><\/p><\/div>\n","protected":false},"excerpt":{"rendered":"","protected":false},"author":2,"featured_media":0,"parent":13337,"menu_order":6,"comment_status":"closed","ping_status":"closed","template":"","meta":{"_acf_changed":false,"inline_featured_image":false,"footnotes":""},"class_list":["post-13840","page","type-page","status-publish","hentry"],"acf":[],"yoast_head":"<!-- This site is optimized with the Yoast SEO plugin v27.3 - https:\/\/yoast.com\/product\/yoast-seo-wordpress\/ -->\n<title>Stro\u0161ki dostave | Wilhelm Hundt GmbH<\/title>\n<meta name=\"description\" content=\"Wilhelm Hundt GmbH: Stro\u0161ki dostave\" \/>\n<meta name=\"robots\" content=\"index, follow, max-snippet:-1, max-image-preview:large, max-video-preview:-1\" \/>\n<link rel=\"canonical\" href=\"https:\/\/hundtgroup.com\/sl\/trgovina\/stroski-posiljanja\/\" \/>\n<meta property=\"og:locale\" content=\"sl_SI\" \/>\n<meta property=\"og:type\" content=\"article\" \/>\n<meta property=\"og:title\" content=\"Stro\u0161ki dostave | Wilhelm Hundt GmbH\" \/>\n<meta property=\"og:description\" content=\"Wilhelm Hundt GmbH: Stro\u0161ki dostave\" \/>\n<meta property=\"og:url\" content=\"https:\/\/hundtgroup.com\/sl\/trgovina\/stroski-posiljanja\/\" \/>\n<meta property=\"og:site_name\" content=\"Wilhelm Hundt GmbH\" \/>\n<meta property=\"article:modified_time\" content=\"2026-03-09T10:42:53+00:00\" \/>\n<meta name=\"twitter:card\" content=\"summary_large_image\" \/>\n<meta name=\"twitter:label1\" content=\"Est. reading time\" \/>\n\t<meta name=\"twitter:data1\" content=\"8 minuta\" \/>\n<script type=\"application\/ld+json\" class=\"yoast-schema-graph\">{\"@context\":\"https:\\\/\\\/schema.org\",\"@graph\":[{\"@type\":\"WebPage\",\"@id\":\"https:\\\/\\\/hundtgroup.com\\\/sl\\\/trgovina\\\/stroski-posiljanja\\\/\",\"url\":\"https:\\\/\\\/hundtgroup.com\\\/sl\\\/trgovina\\\/stroski-posiljanja\\\/\",\"name\":\"Stro\u0161ki dostave | Wilhelm Hundt GmbH\",\"isPartOf\":{\"@id\":\"https:\\\/\\\/hundtgroup.com\\\/sl\\\/#website\"},\"datePublished\":\"2023-02-07T14:24:12+00:00\",\"dateModified\":\"2026-03-09T10:42:53+00:00\",\"description\":\"Wilhelm Hundt GmbH: Stro\u0161ki dostave\",\"breadcrumb\":{\"@id\":\"https:\\\/\\\/hundtgroup.com\\\/sl\\\/trgovina\\\/stroski-posiljanja\\\/#breadcrumb\"},\"inLanguage\":\"sl-SI\",\"potentialAction\":[{\"@type\":\"ReadAction\",\"target\":[\"https:\\\/\\\/hundtgroup.com\\\/sl\\\/trgovina\\\/stroski-posiljanja\\\/\"]}]},{\"@type\":\"BreadcrumbList\",\"@id\":\"https:\\\/\\\/hundtgroup.com\\\/sl\\\/trgovina\\\/stroski-posiljanja\\\/#breadcrumb\",\"itemListElement\":[{\"@type\":\"ListItem\",\"position\":1,\"name\":\"Startseite\",\"item\":\"https:\\\/\\\/hundtgroup.com\\\/sl\\\/domov-novo\\\/\"},{\"@type\":\"ListItem\",\"position\":2,\"name\":\"Trgovina\",\"item\":\"https:\\\/\\\/hundtgroup.com\\\/sl\\\/trgovina\\\/\"},{\"@type\":\"ListItem\",\"position\":3,\"name\":\"Stro\u0161ki po\u0161iljanja\"}]},{\"@type\":\"WebSite\",\"@id\":\"https:\\\/\\\/hundtgroup.com\\\/sl\\\/#website\",\"url\":\"https:\\\/\\\/hundtgroup.com\\\/sl\\\/\",\"name\":\"Wilhelm Hundt GmbH\",\"description\":\"Va\u0161 specialist za stroje in orodja za obdelavo plo\u010devine\",\"potentialAction\":[{\"@type\":\"SearchAction\",\"target\":{\"@type\":\"EntryPoint\",\"urlTemplate\":\"https:\\\/\\\/hundtgroup.com\\\/sl\\\/?s={search_term_string}\"},\"query-input\":{\"@type\":\"PropertyValueSpecification\",\"valueRequired\":true,\"valueName\":\"search_term_string\"}}],\"inLanguage\":\"sl-SI\"}]}<\/script>\n<!-- \/ Yoast SEO plugin. -->","yoast_head_json":{"title":"Stro\u0161ki dostave | Wilhelm Hundt GmbH","description":"Wilhelm Hundt GmbH: Stro\u0161ki dostave","robots":{"index":"index","follow":"follow","max-snippet":"max-snippet:-1","max-image-preview":"max-image-preview:large","max-video-preview":"max-video-preview:-1"},"canonical":"https:\/\/hundtgroup.com\/sl\/trgovina\/stroski-posiljanja\/","og_locale":"sl_SI","og_type":"article","og_title":"Stro\u0161ki dostave | Wilhelm Hundt GmbH","og_description":"Wilhelm Hundt GmbH: Stro\u0161ki dostave","og_url":"https:\/\/hundtgroup.com\/sl\/trgovina\/stroski-posiljanja\/","og_site_name":"Wilhelm Hundt GmbH","article_modified_time":"2026-03-09T10:42:53+00:00","twitter_card":"summary_large_image","twitter_misc":{"Est. reading time":"8 minuta"},"schema":{"@context":"https:\/\/schema.org","@graph":[{"@type":"WebPage","@id":"https:\/\/hundtgroup.com\/sl\/trgovina\/stroski-posiljanja\/","url":"https:\/\/hundtgroup.com\/sl\/trgovina\/stroski-posiljanja\/","name":"Stro\u0161ki dostave | Wilhelm Hundt GmbH","isPartOf":{"@id":"https:\/\/hundtgroup.com\/sl\/#website"},"datePublished":"2023-02-07T14:24:12+00:00","dateModified":"2026-03-09T10:42:53+00:00","description":"Wilhelm Hundt GmbH: Stro\u0161ki dostave","breadcrumb":{"@id":"https:\/\/hundtgroup.com\/sl\/trgovina\/stroski-posiljanja\/#breadcrumb"},"inLanguage":"sl-SI","potentialAction":[{"@type":"ReadAction","target":["https:\/\/hundtgroup.com\/sl\/trgovina\/stroski-posiljanja\/"]}]},{"@type":"BreadcrumbList","@id":"https:\/\/hundtgroup.com\/sl\/trgovina\/stroski-posiljanja\/#breadcrumb","itemListElement":[{"@type":"ListItem","position":1,"name":"Startseite","item":"https:\/\/hundtgroup.com\/sl\/domov-novo\/"},{"@type":"ListItem","position":2,"name":"Trgovina","item":"https:\/\/hundtgroup.com\/sl\/trgovina\/"},{"@type":"ListItem","position":3,"name":"Stro\u0161ki po\u0161iljanja"}]},{"@type":"WebSite","@id":"https:\/\/hundtgroup.com\/sl\/#website","url":"https:\/\/hundtgroup.com\/sl\/","name":"Wilhelm Hundt GmbH","description":"Va\u0161 specialist za stroje in orodja za obdelavo plo\u010devine","potentialAction":[{"@type":"SearchAction","target":{"@type":"EntryPoint","urlTemplate":"https:\/\/hundtgroup.com\/sl\/?s={search_term_string}"},"query-input":{"@type":"PropertyValueSpecification","valueRequired":true,"valueName":"search_term_string"}}],"inLanguage":"sl-SI"}]}},"_links":{"self":[{"href":"https:\/\/hundtgroup.com\/sl\/wp-json\/wp\/v2\/pages\/13840","targetHints":{"allow":["GET"]}}],"collection":[{"href":"https:\/\/hundtgroup.com\/sl\/wp-json\/wp\/v2\/pages"}],"about":[{"href":"https:\/\/hundtgroup.com\/sl\/wp-json\/wp\/v2\/types\/page"}],"author":[{"embeddable":true,"href":"https:\/\/hundtgroup.com\/sl\/wp-json\/wp\/v2\/users\/2"}],"replies":[{"embeddable":true,"href":"https:\/\/hundtgroup.com\/sl\/wp-json\/wp\/v2\/comments?post=13840"}],"version-history":[{"count":3,"href":"https:\/\/hundtgroup.com\/sl\/wp-json\/wp\/v2\/pages\/13840\/revisions"}],"predecessor-version":[{"id":41705,"href":"https:\/\/hundtgroup.com\/sl\/wp-json\/wp\/v2\/pages\/13840\/revisions\/41705"}],"up":[{"embeddable":true,"href":"https:\/\/hundtgroup.com\/sl\/wp-json\/wp\/v2\/pages\/13337"}],"wp:attachment":[{"href":"https:\/\/hundtgroup.com\/sl\/wp-json\/wp\/v2\/media?parent=13840"}],"curies":[{"name":"wp","href":"https:\/\/api.w.org\/{rel}","templated":true}]}}